{"id":3011,"date":"2020-09-29T12:34:36","date_gmt":"2020-09-29T15:34:36","guid":{"rendered":"https:\/\/actbr.com.br\/produto\/cilindros-hidraulicos-mill-type-ch\/"},"modified":"2023-06-30T08:19:49","modified_gmt":"2023-06-30T11:19:49","slug":"cilindro-mill-type-ch","status":"publish","type":"product","link":"https:\/\/actbr.com.br\/es\/producto\/cilindro-mill-type-ch\/","title":{"rendered":"Cilindro Mill Type CH"},"content":{"rendered":"<div id=\"detalhes\" style=\"margin: 0px; padding: 100px 0px 0px; width: 890px; float: left; color: #4f4f4f;\">\n<p><strong>Cilindro Hidr\u00e1ulico Mill Type CH<\/strong><\/p>\n<p>O Cilindro Mill Type CH \u00e9 projetado para atender as mais variadas necessidades e aplica\u00e7\u00f5es industriais com alto desempenho e durabilidade.<\/p>\n<p>Cabe\u00e7a quadrada com contra flanges ISO 6020-2 \u2013 press\u00e3o nominal: 160 bar \u2013 m\u00e1x. 250 bar.<\/p>\n<p><strong>Caracter\u00edsticas dos cilindros:<\/strong><br \/>\nDi\u00e2metros de 63 a 200 mil\u00edmetros (embolo);<br \/>\nAt\u00e9 tr\u00eas di\u00e2metros da haste aplic\u00e1veis a cada categoria de embolo;<br \/>\nCurso de at\u00e9 5.000 mil\u00edmetros;<br \/>\nHaste simples ou dupla;<br \/>\nNove configura\u00e7\u00f5es de montagem dispon\u00edveis;<br \/>\nSeis op\u00e7\u00f5es de veda\u00e7\u00f5es;<br \/>\nTransdutor de posi\u00e7\u00e3o (opcional);<\/p>\n<p><strong>Como solicitar:<\/strong><\/p>\n<p><img decoding=\"async\" src=\"https:\/\/actbr.com.br\/wp-content\/uploads\/2020\/09\/como-solicitar-ch-atos.jpg\" alt=\"\" \/><\/p>\n<div><\/div>\n<\/div>\n","protected":false},"excerpt":{"rendered":"<p>O Cilindro Mill Type CH \u00e9 projetado para atender as mais variadas necessidades e aplica\u00e7\u00f5es industriais com alto desempenho e durabilidade.<\/p>\n","protected":false},"featured_media":7443,"template":"","meta":[],"product_brand":[],"product_cat":[30,31],"product_tag":[],"class_list":{"0":"post-3011","1":"product","2":"type-product","3":"status-publish","4":"has-post-thumbnail","6":"product_cat-cilindros-hidraulicos","7":"product_cat-mill-type","9":"first","10":"instock","11":"virtual","12":"product-type-simple"},"yoast_head":"<!-- This site is optimized with the Yoast SEO plugin v27.2 - https:\/\/yoast.com\/product\/yoast-seo-wordpress\/ -->\n<title>Cilindro Mill Type CH - ACT Sistemas Hidr\u00e1ulicos<\/title>\n<meta name=\"description\" content=\"O Cilindro Mill Type CH \u00e9 projetado para atender as mais variadas necessidades e aplica\u00e7\u00f5es industriais com alto desempenho e durabilidade.\" \/>\n<meta name=\"robots\" content=\"index, follow, max-snippet:-1, max-image-preview:large, max-video-preview:-1\" \/>\n<link rel=\"canonical\" href=\"https:\/\/actbr.com.br\/es\/producto\/cilindro-mill-type-ch\/\" \/>\n<meta property=\"og:locale\" content=\"es_ES\" \/>\n<meta property=\"og:type\" content=\"article\" \/>\n<meta property=\"og:title\" content=\"Cilindro Mill Type CH - ACT Sistemas Hidr\u00e1ulicos\" \/>\n<meta property=\"og:description\" content=\"O Cilindro Mill Type CH \u00e9 projetado para atender as mais variadas necessidades e aplica\u00e7\u00f5es industriais com alto desempenho e durabilidade.\" \/>\n<meta property=\"og:url\" content=\"https:\/\/actbr.com.br\/es\/producto\/cilindro-mill-type-ch\/\" \/>\n<meta property=\"og:site_name\" content=\"ACT Sistemas Hidr\u00e1ulicos\" \/>\n<meta property=\"article:modified_time\" content=\"2023-06-30T11:19:49+00:00\" \/>\n<meta property=\"og:image\" content=\"https:\/\/actbr.com.br\/wp-content\/uploads\/2020\/09\/Cilindro-Hidraulico-tipo-CH-Mill-Type.jpg\" \/>\n\t<meta property=\"og:image:width\" content=\"500\" \/>\n\t<meta property=\"og:image:height\" content=\"375\" \/>\n\t<meta property=\"og:image:type\" content=\"image\/jpeg\" \/>\n<meta name=\"twitter:card\" content=\"summary_large_image\" \/>\n<meta name=\"twitter:label1\" content=\"Tiempo de lectura\" \/>\n\t<meta name=\"twitter:data1\" content=\"1 minuto\" \/>\n<script type=\"application\/ld+json\" class=\"yoast-schema-graph\">{\"@context\":\"https:\/\/schema.org\",\"@graph\":[{\"@type\":\"WebPage\",\"@id\":\"https:\/\/actbr.com.br\/es\/producto\/cilindro-mill-type-ch\/\",\"url\":\"https:\/\/actbr.com.br\/es\/producto\/cilindro-mill-type-ch\/\",\"name\":\"Cilindro Mill Type CH - ACT Sistemas Hidr\u00e1ulicos\",\"isPartOf\":{\"@id\":\"https:\/\/actbr.com.br\/es\/#website\"},\"primaryImageOfPage\":{\"@id\":\"https:\/\/actbr.com.br\/es\/producto\/cilindro-mill-type-ch\/#primaryimage\"},\"image\":{\"@id\":\"https:\/\/actbr.com.br\/es\/producto\/cilindro-mill-type-ch\/#primaryimage\"},\"thumbnailUrl\":\"https:\/\/actbr.com.br\/wp-content\/uploads\/2020\/09\/Cilindro-Hidraulico-tipo-CH-Mill-Type.jpg\",\"datePublished\":\"2020-09-29T15:34:36+00:00\",\"dateModified\":\"2023-06-30T11:19:49+00:00\",\"description\":\"O Cilindro Mill Type CH \u00e9 projetado para atender as mais variadas necessidades e aplica\u00e7\u00f5es industriais com alto desempenho e durabilidade.\",\"breadcrumb\":{\"@id\":\"https:\/\/actbr.com.br\/es\/producto\/cilindro-mill-type-ch\/#breadcrumb\"},\"inLanguage\":\"es\",\"potentialAction\":[{\"@type\":\"ReadAction\",\"target\":[\"https:\/\/actbr.com.br\/es\/producto\/cilindro-mill-type-ch\/\"]}]},{\"@type\":\"ImageObject\",\"inLanguage\":\"es\",\"@id\":\"https:\/\/actbr.com.br\/es\/producto\/cilindro-mill-type-ch\/#primaryimage\",\"url\":\"https:\/\/actbr.com.br\/wp-content\/uploads\/2020\/09\/Cilindro-Hidraulico-tipo-CH-Mill-Type.jpg\",\"contentUrl\":\"https:\/\/actbr.com.br\/wp-content\/uploads\/2020\/09\/Cilindro-Hidraulico-tipo-CH-Mill-Type.jpg\",\"width\":500,\"height\":375,\"caption\":\"Cilindro Hidr\u00e1ulico Mill Type CH\"},{\"@type\":\"BreadcrumbList\",\"@id\":\"https:\/\/actbr.com.br\/es\/producto\/cilindro-mill-type-ch\/#breadcrumb\",\"itemListElement\":[{\"@type\":\"ListItem\",\"position\":1,\"name\":\"Comenzar\",\"item\":\"https:\/\/actbr.com.br\/es\/\"},{\"@type\":\"ListItem\",\"position\":2,\"name\":\"Produtos\",\"item\":\"https:\/\/actbr.com.br\/produtos-act\/\"},{\"@type\":\"ListItem\",\"position\":3,\"name\":\"Cilindros Hidr\u00e1ulicos\",\"item\":\"https:\/\/actbr.com.br\/es\/categoria-produto\/cilindros-hidraulicos\/\"},{\"@type\":\"ListItem\",\"position\":4,\"name\":\"Mill Type\",\"item\":\"https:\/\/actbr.com.br\/es\/categoria-produto\/cilindros-hidraulicos\/mill-type\/\"},{\"@type\":\"ListItem\",\"position\":5,\"name\":\"Cilindro Mill Type CH\"}]},{\"@type\":\"WebSite\",\"@id\":\"https:\/\/actbr.com.br\/es\/#website\",\"url\":\"https:\/\/actbr.com.br\/es\/\",\"name\":\"ACT Sistemas Hidr\u00e1ulicos\",\"description\":\"Fabricaci\u00f3n y mantenimiento de componentes de aceite hidr\u00e1ulico\",\"publisher\":{\"@id\":\"https:\/\/actbr.com.br\/es\/#organization\"},\"potentialAction\":[{\"@type\":\"SearchAction\",\"target\":{\"@type\":\"EntryPoint\",\"urlTemplate\":\"https:\/\/actbr.com.br\/es\/?s={search_term_string}\"},\"query-input\":{\"@type\":\"PropertyValueSpecification\",\"valueRequired\":true,\"valueName\":\"search_term_string\"}}],\"inLanguage\":\"es\"},{\"@type\":\"Organization\",\"@id\":\"https:\/\/actbr.com.br\/es\/#organization\",\"name\":\"ACT Sistemas Hidr\u00e1ulicos\",\"url\":\"https:\/\/actbr.com.br\/es\/\",\"logo\":{\"@type\":\"ImageObject\",\"inLanguage\":\"es\",\"@id\":\"https:\/\/actbr.com.br\/es\/#\/schema\/logo\/image\/\",\"url\":\"https:\/\/actbr.com.br\/wp-content\/uploads\/2025\/02\/cropped-ACT_NEGATIVO-marca-dagua.png\",\"contentUrl\":\"https:\/\/actbr.com.br\/wp-content\/uploads\/2025\/02\/cropped-ACT_NEGATIVO-marca-dagua.png\",\"width\":240,\"height\":146,\"caption\":\"ACT Sistemas Hidr\u00e1ulicos\"},\"image\":{\"@id\":\"https:\/\/actbr.com.br\/es\/#\/schema\/logo\/image\/\"}}]}<\/script>\n<!-- \/ Yoast SEO plugin. -->","yoast_head_json":{"title":"Cilindro Mill Type CH - ACT Sistemas Hidr\u00e1ulicos","description":"O Cilindro Mill Type CH \u00e9 projetado para atender as mais variadas necessidades e aplica\u00e7\u00f5es industriais com alto desempenho e durabilidade.","robots":{"index":"index","follow":"follow","max-snippet":"max-snippet:-1","max-image-preview":"max-image-preview:large","max-video-preview":"max-video-preview:-1"},"canonical":"https:\/\/actbr.com.br\/es\/producto\/cilindro-mill-type-ch\/","og_locale":"es_ES","og_type":"article","og_title":"Cilindro Mill Type CH - ACT Sistemas Hidr\u00e1ulicos","og_description":"O Cilindro Mill Type CH \u00e9 projetado para atender as mais variadas necessidades e aplica\u00e7\u00f5es industriais com alto desempenho e durabilidade.","og_url":"https:\/\/actbr.com.br\/es\/producto\/cilindro-mill-type-ch\/","og_site_name":"ACT Sistemas Hidr\u00e1ulicos","article_modified_time":"2023-06-30T11:19:49+00:00","og_image":[{"width":500,"height":375,"url":"https:\/\/actbr.com.br\/wp-content\/uploads\/2020\/09\/Cilindro-Hidraulico-tipo-CH-Mill-Type.jpg","type":"image\/jpeg"}],"twitter_card":"summary_large_image","twitter_misc":{"Tiempo de lectura":"1 minuto"},"schema":{"@context":"https:\/\/schema.org","@graph":[{"@type":"WebPage","@id":"https:\/\/actbr.com.br\/es\/producto\/cilindro-mill-type-ch\/","url":"https:\/\/actbr.com.br\/es\/producto\/cilindro-mill-type-ch\/","name":"Cilindro Mill Type CH - ACT Sistemas Hidr\u00e1ulicos","isPartOf":{"@id":"https:\/\/actbr.com.br\/es\/#website"},"primaryImageOfPage":{"@id":"https:\/\/actbr.com.br\/es\/producto\/cilindro-mill-type-ch\/#primaryimage"},"image":{"@id":"https:\/\/actbr.com.br\/es\/producto\/cilindro-mill-type-ch\/#primaryimage"},"thumbnailUrl":"https:\/\/actbr.com.br\/wp-content\/uploads\/2020\/09\/Cilindro-Hidraulico-tipo-CH-Mill-Type.jpg","datePublished":"2020-09-29T15:34:36+00:00","dateModified":"2023-06-30T11:19:49+00:00","description":"O Cilindro Mill Type CH \u00e9 projetado para atender as mais variadas necessidades e aplica\u00e7\u00f5es industriais com alto desempenho e durabilidade.","breadcrumb":{"@id":"https:\/\/actbr.com.br\/es\/producto\/cilindro-mill-type-ch\/#breadcrumb"},"inLanguage":"es","potentialAction":[{"@type":"ReadAction","target":["https:\/\/actbr.com.br\/es\/producto\/cilindro-mill-type-ch\/"]}]},{"@type":"ImageObject","inLanguage":"es","@id":"https:\/\/actbr.com.br\/es\/producto\/cilindro-mill-type-ch\/#primaryimage","url":"https:\/\/actbr.com.br\/wp-content\/uploads\/2020\/09\/Cilindro-Hidraulico-tipo-CH-Mill-Type.jpg","contentUrl":"https:\/\/actbr.com.br\/wp-content\/uploads\/2020\/09\/Cilindro-Hidraulico-tipo-CH-Mill-Type.jpg","width":500,"height":375,"caption":"Cilindro Hidr\u00e1ulico Mill Type CH"},{"@type":"BreadcrumbList","@id":"https:\/\/actbr.com.br\/es\/producto\/cilindro-mill-type-ch\/#breadcrumb","itemListElement":[{"@type":"ListItem","position":1,"name":"Comenzar","item":"https:\/\/actbr.com.br\/es\/"},{"@type":"ListItem","position":2,"name":"Produtos","item":"https:\/\/actbr.com.br\/produtos-act\/"},{"@type":"ListItem","position":3,"name":"Cilindros Hidr\u00e1ulicos","item":"https:\/\/actbr.com.br\/es\/categoria-produto\/cilindros-hidraulicos\/"},{"@type":"ListItem","position":4,"name":"Mill Type","item":"https:\/\/actbr.com.br\/es\/categoria-produto\/cilindros-hidraulicos\/mill-type\/"},{"@type":"ListItem","position":5,"name":"Cilindro Mill Type CH"}]},{"@type":"WebSite","@id":"https:\/\/actbr.com.br\/es\/#website","url":"https:\/\/actbr.com.br\/es\/","name":"ACT Sistemas Hidr\u00e1ulicos","description":"Fabricaci\u00f3n y mantenimiento de componentes de aceite hidr\u00e1ulico","publisher":{"@id":"https:\/\/actbr.com.br\/es\/#organization"},"potentialAction":[{"@type":"SearchAction","target":{"@type":"EntryPoint","urlTemplate":"https:\/\/actbr.com.br\/es\/?s={search_term_string}"},"query-input":{"@type":"PropertyValueSpecification","valueRequired":true,"valueName":"search_term_string"}}],"inLanguage":"es"},{"@type":"Organization","@id":"https:\/\/actbr.com.br\/es\/#organization","name":"ACT Sistemas Hidr\u00e1ulicos","url":"https:\/\/actbr.com.br\/es\/","logo":{"@type":"ImageObject","inLanguage":"es","@id":"https:\/\/actbr.com.br\/es\/#\/schema\/logo\/image\/","url":"https:\/\/actbr.com.br\/wp-content\/uploads\/2025\/02\/cropped-ACT_NEGATIVO-marca-dagua.png","contentUrl":"https:\/\/actbr.com.br\/wp-content\/uploads\/2025\/02\/cropped-ACT_NEGATIVO-marca-dagua.png","width":240,"height":146,"caption":"ACT Sistemas Hidr\u00e1ulicos"},"image":{"@id":"https:\/\/actbr.com.br\/es\/#\/schema\/logo\/image\/"}}]}},"_links":{"self":[{"href":"https:\/\/actbr.com.br\/es\/wp-json\/wp\/v2\/product\/3011","targetHints":{"allow":["GET"]}}],"collection":[{"href":"https:\/\/actbr.com.br\/es\/wp-json\/wp\/v2\/product"}],"about":[{"href":"https:\/\/actbr.com.br\/es\/wp-json\/wp\/v2\/types\/product"}],"wp:featuredmedia":[{"embeddable":true,"href":"https:\/\/actbr.com.br\/es\/wp-json\/wp\/v2\/media\/7443"}],"wp:attachment":[{"href":"https:\/\/actbr.com.br\/es\/wp-json\/wp\/v2\/media?parent=3011"}],"wp:term":[{"taxonomy":"product_brand","embeddable":true,"href":"https:\/\/actbr.com.br\/es\/wp-json\/wp\/v2\/product_brand?post=3011"},{"taxonomy":"product_cat","embeddable":true,"href":"https:\/\/actbr.com.br\/es\/wp-json\/wp\/v2\/product_cat?post=3011"},{"taxonomy":"product_tag","embeddable":true,"href":"https:\/\/actbr.com.br\/es\/wp-json\/wp\/v2\/product_tag?post=3011"}],"curies":[{"name":"wp","href":"https:\/\/api.w.org\/{rel}","templated":true}]}}