{"id":3081,"date":"2020-09-29T12:34:36","date_gmt":"2020-09-29T15:34:36","guid":{"rendered":"https:\/\/actbr.com.br\/produto\/bombas-de-engrenagens-act\/"},"modified":"2023-10-05T08:17:49","modified_gmt":"2023-10-05T11:17:49","slug":"bombas-de-engrenagens-act","status":"publish","type":"product","link":"https:\/\/actbr.com.br\/es\/producto\/bombas-de-engrenagens-act\/","title":{"rendered":"Bomba de Engrenagens ACT"},"content":{"rendered":"<p><strong>Bomba de Engrenagens ACT<\/strong><\/p>\n<p>A Bomba de Engrenagens ACT \u00e9 desenvolvida atrav\u00e9s das mais modernas t\u00e9cnicas e processos de fabrica\u00e7\u00e3o utilizados atualmente. Dispon\u00edvel nas s\u00e9ries 1BE, 2BE e 3BE, garantem um funcionamento extremamente silencioso, resistindo a press\u00f5es de at\u00e9 270 bar (310 bar na s\u00e9rie especial AP \u2013 fornecimento sob consulta \u00e0 ACT) . Tamb\u00e9m s\u00e3o fornecidas nas vers\u00f5es dupla ou tripla.<\/p>\n<p>Como solicitar:\u00a0<img decoding=\"async\" src=\"https:\/\/actbr.com.br\/wp-content\/uploads\/2020\/09\/modelos-bombas-act.jpg\" alt=\"\" \/><\/p>\n<p>Caracter\u00edsticas t\u00e9cnicas:<\/p>\n<p><img decoding=\"async\" src=\"https:\/\/actbr.com.br\/wp-content\/uploads\/2020\/09\/bombas-act-engrenagens.jpg\" alt=\"\" \/><br \/>\n<img decoding=\"async\" src=\"https:\/\/actbr.com.br\/wp-content\/uploads\/2020\/09\/caracteristicas-bomba-act.jpg\" alt=\"\" \/><\/p>\n<p>Modelos dispon\u00edveis:<\/p>\n<p>1BE-D-1,2<br \/>\n1BE-D-2,1<br \/>\n1BE-D-2,5<br \/>\n1BE-D-3,3<br \/>\n1BE-D-4,3<br \/>\n2BE-D-5,6<br \/>\n2BE-D-8,1<br \/>\n2BE-D-11,2<br \/>\n2BE-D-14,2<br \/>\n2BE-D-16,3<br \/>\n2BE-D-19,4<br \/>\n2BE-D-27<br \/>\n2BE-D-32,9<br \/>\n3BE-D-22,7<br \/>\n3BE-D-27,7<br \/>\n3BE-D-32,5<br \/>\n3BE-D-37,5<br \/>\n3BE-D-43,4<br \/>\n3BE-D-51,3<br \/>\n3BE-D-62,7<br \/>\n3BE-D-73<br \/>\n3BE-D-83,6<br \/>\n3BE-D-87,6<\/p>\n<p>As bombas de engrenagens ACT s\u00e3o similares as bombas de engrenagens\u00a0Bosch Rexroth, Haldex Barnes, Casappa e Marzocchi:<\/p>\n<table border=\"0\" width=\"756\" cellspacing=\"0\" cellpadding=\"0\">\n<colgroup>\n<col \/>\n<col \/>\n<col \/>\n<col \/><\/colgroup>\n<tbody>\n<tr>\n<td height=\"20\">REXROTH<\/td>\n<td>HALDEX BARNES<\/td>\n<td>CASAPPA<\/td>\n<td>MARZOCCHI<\/td>\n<\/tr>\n<tr>\n<td height=\"20\">AZPF-12-004RQR12MB<\/td>\n<td>WP06A1B040R03CA101N<\/td>\n<td>PLP20-4D0-31S1-LOC\/OC-N<\/td>\n<td>ALP2A-D-6<\/td>\n<\/tr>\n<tr>\n<td height=\"20\">AZPF-12-004RRR12MB<\/td>\n<td>WP06A1B040R03FA101N<\/td>\n<td>PLP20-4D0-03S1-LOC\/OC-N<\/td>\n<td>ALP2A-D-6-S1<\/td>\n<\/tr>\n<tr>\n<td height=\"20\">AZPF-12-005RQR12MB<\/td>\n<td>WP09A1B060R03CA101N<\/td>\n<td>PLP20-6,3D0-31S1-LOC\/OC-N<\/td>\n<td>ALP2A-D-9<\/td>\n<\/tr>\n<tr>\n<td height=\"20\">AZPF-12-005RRR12MB<\/td>\n<td>P09A1B060R03FA101N<\/td>\n<td>PLP20-6,3D0-03S1-LOC\/OC-N<\/td>\n<td>ALP2A-D-9-S1<\/td>\n<\/tr>\n<tr>\n<td height=\"20\">AZPF-12-008RQR12MB<\/td>\n<td>WP09A1B080R03CA102N<\/td>\n<td>PLP20-8D0-31S1-LOC\/OC-N<\/td>\n<td>ALP2A-D-10<\/td>\n<\/tr>\n<tr>\n<td height=\"20\">AZPF-12-008RRR12MB<\/td>\n<td>WP09A1B080R03FA102N<\/td>\n<td>PLP20-8D0-03S1-LOC\/OC-N<\/td>\n<td>ALP2A-D-10-S1<\/td>\n<\/tr>\n<tr>\n<td height=\"20\">AZPF-12-011-RQR12MB<\/td>\n<td>WP09A1B110R03CA102N<\/td>\n<td>PLP20-11,2D0-31S1-LOC\/OC-N<\/td>\n<td>ALP2A-D-16-S1<\/td>\n<\/tr>\n<tr>\n<td height=\"20\">AZPF-12-011-RRR12MB<\/td>\n<td>WP09A1B110R03FA102N<\/td>\n<td>PLP20-11,2D0-03S1-LOC\/OC-N<\/td>\n<td>ALP2A-D-16-S1<\/td>\n<\/tr>\n<tr>\n<td height=\"20\">AZPF-12-014-RQR12MB<\/td>\n<td>WP09A1B140R03CA102N<\/td>\n<td>PLP20-14D0-31S1-LOD\/OC-N<\/td>\n<td>ALP2A-D-20<\/td>\n<\/tr>\n<tr>\n<td height=\"20\">AZPF-12-014-RRR12MB<\/td>\n<td>WP09A1B140R03FA102N<\/td>\n<td>PLP20-14D0-03S1-LOD\/OC-N<\/td>\n<td>ALP2A-D-20-S1<\/td>\n<\/tr>\n<tr>\n<td height=\"20\">AZPF-12-016RQR12MB<\/td>\n<td>WP09A1B160R03CA102N<\/td>\n<td>PLP20-16D0-31S1-LOD\/OC-N<\/td>\n<td>ALP2A-D-22<\/td>\n<\/tr>\n<tr>\n<td height=\"20\">AZPF-12-016RRR12MB<\/td>\n<td>WP09A1B160R03FA102N<\/td>\n<td>PLP20-16D0-03S1-LOD\/OC-N<\/td>\n<td>ALP2A-D-22-S1<\/td>\n<\/tr>\n<tr>\n<td height=\"20\">AZPF-12-019RQR12MB<\/td>\n<td>WP09A1B190R03CA103N<\/td>\n<td>PLP20-20D0-31S1-LOD\/OC-N<\/td>\n<td>ALP2A-D-25<\/td>\n<\/tr>\n<tr>\n<td height=\"20\">AZPF-12-019RRR12MB<\/td>\n<td>WP09A1B190R03FA103N<\/td>\n<td>PLP20-20D0-03S1-LOD\/OC-N<\/td>\n<td>ALP2A-D-25-S1<\/td>\n<\/tr>\n<tr>\n<td height=\"20\">AZPF-12-022RQR12MB<\/td>\n<td>WP09A1B230R03CA103N<\/td>\n<td>PLP20-20D0-31S1-LOD\/OC-N<\/td>\n<td>ALP2A-D-30<\/td>\n<\/tr>\n<tr>\n<td height=\"20\">AZPF-12-022RRR12MB<\/td>\n<td>WP09A1B270R03CA103N<\/td>\n<td>PLP20-25D0-31S1-LOD\/OC-N<\/td>\n<td>ALP2A-D-34<\/td>\n<\/tr>\n<tr>\n<td height=\"20\">AZPF-22-025RRR12MB<\/td>\n<td>WP09A1B270R03FA103N<\/td>\n<td>PLP20-25D0-03S1-LOD\/OC-N<\/td>\n<td>ALP2A-D-34-S1<\/td>\n<\/tr>\n<tr>\n<td height=\"20\">AZPF-22-028RQR12MB<\/td>\n<td>WP09A1B280R03CA103N<\/td>\n<td><\/td>\n<td>ALP2A-D-40<\/td>\n<\/tr>\n<tr>\n<td height=\"20\">AZPF-22-028RRR12MB<\/td>\n<td>WP09A1B280R03FA103N<\/td>\n<td><\/td>\n<td>ALP2A-D-40-S1<\/td>\n<\/tr>\n<tr>\n<td height=\"20\">AZPN-12-020-RDC12MB<\/td>\n<td>WP15A1B190R05KA103N<\/td>\n<td>PLP20-20D0-04S5-LOD\/OC-N<\/td>\n<td>ALP3A-D-30-S1-FA<\/td>\n<\/tr>\n<tr>\n<td height=\"20\">AZPN-12-022-RDC12MB<\/td>\n<td>WP15A1B230R05KA103N<\/td>\n<td>PLP30-22D0-04S5-LOF\/OD-N<\/td>\n<td>ALP3A-D-33-S1-FA<\/td>\n<\/tr>\n<tr>\n<td height=\"20\">AZPN-12-025RDC12MB<\/td>\n<td>WP15A1B250R05KA103N<\/td>\n<td>PLP20-25D0-04S5-LOD\/OC-N<\/td>\n<td>ALP3A-D-40-S1-FA<\/td>\n<\/tr>\n<tr>\n<td height=\"20\">AZPN-12-032RDC12MB-S0040<\/td>\n<td>WP15A1B280R05KA104N<\/td>\n<td>PLP30-27D0-04S5-LOF\/OD-N<\/td>\n<td><\/td>\n<\/tr>\n<tr>\n<td height=\"20\">AZPN-12-032RDC12MB-S0040<\/td>\n<td>WP15A1B330R05KA104N<\/td>\n<td>PLP30-34D0-04S5-LOF\/OD-N<\/td>\n<td>ALP3A-D-50-S1-FA<\/td>\n<\/tr>\n<tr>\n<td height=\"20\">AZPN-12-036RDC12MB-S0040<\/td>\n<td>WP15A1B380R05KA104N<\/td>\n<td>PLP30-38D0-04S5-LOG\/OF-N<\/td>\n<td>ALP3A-D-60-S1-FA<\/td>\n<\/tr>\n<tr>\n<td height=\"20\">AZMF-12-008-UQR12ML-S0022<\/td>\n<td>WM09A1B080B03CA102N<\/td>\n<td>PLM20-8R0-31S1-LOC\/OC-N<\/td>\n<td>ALM2A-R-12-E2<\/td>\n<\/tr>\n<tr>\n<td height=\"20\">AZMF-12-011-UQR12ML-S0022<\/td>\n<td>WM09A1B110B03CA102N<\/td>\n<td>PLM20-11,2R0-31S1-LOC\/OC-N<\/td>\n<td>ALM2A-R-16-E2<\/td>\n<\/tr>\n<tr>\n<td height=\"20\">AZMF-12-014-UQR12ML-S0018<\/td>\n<td>WM09A1B140C03CA102N<\/td>\n<td>PLM20-14B0-31S1-LOC\/OD-N<\/td>\n<td>ALM2A-R-20-E0<\/td>\n<\/tr>\n<tr>\n<td height=\"20\">AZMF-12-016-UQR12ML<\/td>\n<td>WM09A1B160B03CA102N<\/td>\n<td>PLM20-16R0-31S1-LOC\/OD-N<\/td>\n<td>ALM2A-R-25-E2<\/td>\n<\/tr>\n<tr>\n<td height=\"20\">AZMF-12-022-UQR12ML-S0022<\/td>\n<td>WM09A1B230B03CA103N<\/td>\n<td>PLM20-25R0-31S1-LOC\/OD-N<\/td>\n<td>ALM2A-R-34-E2<\/td>\n<\/tr>\n<\/tbody>\n<\/table>\n","protected":false},"excerpt":{"rendered":"<p>A Bomba de Engrenagens ACT \u00e9 desenvolvida atrav\u00e9s das mais modernas t\u00e9cnicas e processos de fabrica\u00e7\u00e3o utilizados atualmente.<\/p>\n","protected":false},"featured_media":8379,"template":"","meta":[],"product_brand":[],"product_cat":[29,28],"product_tag":[],"class_list":{"0":"post-3081","1":"product","2":"type-product","3":"status-publish","4":"has-post-thumbnail","6":"product_cat-engrenagens","7":"product_cat-bombas-hidraulicas","9":"first","10":"instock","11":"virtual","12":"product-type-simple"},"yoast_head":"<!-- This site is optimized with the Yoast SEO plugin v27.2 - https:\/\/yoast.com\/product\/yoast-seo-wordpress\/ -->\n<title>Bomba de Engrenagens ACT - ACT Sistemas Hidr\u00e1ulicos<\/title>\n<meta name=\"description\" content=\"A Bomba de Engrenagens ACT \u00e9 desenvolvida atrav\u00e9s das mais modernas t\u00e9cnicas e processos de fabrica\u00e7\u00e3o utilizados atualmente.\" \/>\n<meta name=\"robots\" content=\"index, follow, max-snippet:-1, max-image-preview:large, max-video-preview:-1\" \/>\n<link rel=\"canonical\" href=\"https:\/\/actbr.com.br\/es\/producto\/bombas-de-engrenagens-act\/\" \/>\n<meta property=\"og:locale\" content=\"es_ES\" \/>\n<meta property=\"og:type\" content=\"article\" \/>\n<meta property=\"og:title\" content=\"Bomba de Engrenagens ACT - ACT Sistemas Hidr\u00e1ulicos\" \/>\n<meta property=\"og:description\" content=\"A Bomba de Engrenagens ACT \u00e9 desenvolvida atrav\u00e9s das mais modernas t\u00e9cnicas e processos de fabrica\u00e7\u00e3o utilizados atualmente.\" \/>\n<meta property=\"og:url\" content=\"https:\/\/actbr.com.br\/es\/producto\/bombas-de-engrenagens-act\/\" \/>\n<meta property=\"og:site_name\" content=\"ACT Sistemas Hidr\u00e1ulicos\" \/>\n<meta property=\"article:modified_time\" content=\"2023-10-05T11:17:49+00:00\" \/>\n<meta property=\"og:image\" content=\"https:\/\/actbr.com.br\/wp-content\/uploads\/2020\/09\/Bombas-de-engrenagens-ACT.jpg\" \/>\n\t<meta property=\"og:image:width\" content=\"600\" \/>\n\t<meta property=\"og:image:height\" content=\"407\" \/>\n\t<meta property=\"og:image:type\" content=\"image\/jpeg\" \/>\n<meta name=\"twitter:card\" content=\"summary_large_image\" \/>\n<meta name=\"twitter:label1\" content=\"Tiempo de lectura\" \/>\n\t<meta name=\"twitter:data1\" content=\"2 minutos\" \/>\n<script type=\"application\/ld+json\" class=\"yoast-schema-graph\">{\"@context\":\"https:\/\/schema.org\",\"@graph\":[{\"@type\":\"WebPage\",\"@id\":\"https:\/\/actbr.com.br\/es\/producto\/bombas-de-engrenagens-act\/\",\"url\":\"https:\/\/actbr.com.br\/es\/producto\/bombas-de-engrenagens-act\/\",\"name\":\"Bomba de Engrenagens ACT - ACT Sistemas Hidr\u00e1ulicos\",\"isPartOf\":{\"@id\":\"https:\/\/actbr.com.br\/es\/#website\"},\"primaryImageOfPage\":{\"@id\":\"https:\/\/actbr.com.br\/es\/producto\/bombas-de-engrenagens-act\/#primaryimage\"},\"image\":{\"@id\":\"https:\/\/actbr.com.br\/es\/producto\/bombas-de-engrenagens-act\/#primaryimage\"},\"thumbnailUrl\":\"https:\/\/actbr.com.br\/wp-content\/uploads\/2020\/09\/Bombas-de-engrenagens-ACT.jpg\",\"datePublished\":\"2020-09-29T15:34:36+00:00\",\"dateModified\":\"2023-10-05T11:17:49+00:00\",\"description\":\"A Bomba de Engrenagens ACT \u00e9 desenvolvida atrav\u00e9s das mais modernas t\u00e9cnicas e processos de fabrica\u00e7\u00e3o utilizados atualmente.\",\"breadcrumb\":{\"@id\":\"https:\/\/actbr.com.br\/es\/producto\/bombas-de-engrenagens-act\/#breadcrumb\"},\"inLanguage\":\"es\",\"potentialAction\":[{\"@type\":\"ReadAction\",\"target\":[\"https:\/\/actbr.com.br\/es\/producto\/bombas-de-engrenagens-act\/\"]}]},{\"@type\":\"ImageObject\",\"inLanguage\":\"es\",\"@id\":\"https:\/\/actbr.com.br\/es\/producto\/bombas-de-engrenagens-act\/#primaryimage\",\"url\":\"https:\/\/actbr.com.br\/wp-content\/uploads\/2020\/09\/Bombas-de-engrenagens-ACT.jpg\",\"contentUrl\":\"https:\/\/actbr.com.br\/wp-content\/uploads\/2020\/09\/Bombas-de-engrenagens-ACT.jpg\",\"width\":600,\"height\":407},{\"@type\":\"BreadcrumbList\",\"@id\":\"https:\/\/actbr.com.br\/es\/producto\/bombas-de-engrenagens-act\/#breadcrumb\",\"itemListElement\":[{\"@type\":\"ListItem\",\"position\":1,\"name\":\"Comenzar\",\"item\":\"https:\/\/actbr.com.br\/es\/\"},{\"@type\":\"ListItem\",\"position\":2,\"name\":\"Produtos\",\"item\":\"https:\/\/actbr.com.br\/produtos-act\/\"},{\"@type\":\"ListItem\",\"position\":3,\"name\":\"Bombas Hidr\u00e1ulicas\",\"item\":\"https:\/\/actbr.com.br\/es\/categoria-produto\/bombas-hidraulicas\/\"},{\"@type\":\"ListItem\",\"position\":4,\"name\":\"Bombas de Engrenagens\",\"item\":\"https:\/\/actbr.com.br\/es\/categoria-produto\/bombas-hidraulicas\/engrenagens\/\"},{\"@type\":\"ListItem\",\"position\":5,\"name\":\"Bomba de Engrenagens ACT\"}]},{\"@type\":\"WebSite\",\"@id\":\"https:\/\/actbr.com.br\/es\/#website\",\"url\":\"https:\/\/actbr.com.br\/es\/\",\"name\":\"ACT Sistemas Hidr\u00e1ulicos\",\"description\":\"Fabricaci\u00f3n y mantenimiento de componentes de aceite hidr\u00e1ulico\",\"publisher\":{\"@id\":\"https:\/\/actbr.com.br\/es\/#organization\"},\"potentialAction\":[{\"@type\":\"SearchAction\",\"target\":{\"@type\":\"EntryPoint\",\"urlTemplate\":\"https:\/\/actbr.com.br\/es\/?s={search_term_string}\"},\"query-input\":{\"@type\":\"PropertyValueSpecification\",\"valueRequired\":true,\"valueName\":\"search_term_string\"}}],\"inLanguage\":\"es\"},{\"@type\":\"Organization\",\"@id\":\"https:\/\/actbr.com.br\/es\/#organization\",\"name\":\"ACT Sistemas Hidr\u00e1ulicos\",\"url\":\"https:\/\/actbr.com.br\/es\/\",\"logo\":{\"@type\":\"ImageObject\",\"inLanguage\":\"es\",\"@id\":\"https:\/\/actbr.com.br\/es\/#\/schema\/logo\/image\/\",\"url\":\"https:\/\/actbr.com.br\/wp-content\/uploads\/2025\/02\/cropped-ACT_NEGATIVO-marca-dagua.png\",\"contentUrl\":\"https:\/\/actbr.com.br\/wp-content\/uploads\/2025\/02\/cropped-ACT_NEGATIVO-marca-dagua.png\",\"width\":240,\"height\":146,\"caption\":\"ACT Sistemas Hidr\u00e1ulicos\"},\"image\":{\"@id\":\"https:\/\/actbr.com.br\/es\/#\/schema\/logo\/image\/\"}}]}<\/script>\n<!-- \/ Yoast SEO plugin. -->","yoast_head_json":{"title":"Bomba de Engrenagens ACT - ACT Sistemas Hidr\u00e1ulicos","description":"A Bomba de Engrenagens ACT \u00e9 desenvolvida atrav\u00e9s das mais modernas t\u00e9cnicas e processos de fabrica\u00e7\u00e3o utilizados atualmente.","robots":{"index":"index","follow":"follow","max-snippet":"max-snippet:-1","max-image-preview":"max-image-preview:large","max-video-preview":"max-video-preview:-1"},"canonical":"https:\/\/actbr.com.br\/es\/producto\/bombas-de-engrenagens-act\/","og_locale":"es_ES","og_type":"article","og_title":"Bomba de Engrenagens ACT - ACT Sistemas Hidr\u00e1ulicos","og_description":"A Bomba de Engrenagens ACT \u00e9 desenvolvida atrav\u00e9s das mais modernas t\u00e9cnicas e processos de fabrica\u00e7\u00e3o utilizados atualmente.","og_url":"https:\/\/actbr.com.br\/es\/producto\/bombas-de-engrenagens-act\/","og_site_name":"ACT Sistemas Hidr\u00e1ulicos","article_modified_time":"2023-10-05T11:17:49+00:00","og_image":[{"width":600,"height":407,"url":"https:\/\/actbr.com.br\/wp-content\/uploads\/2020\/09\/Bombas-de-engrenagens-ACT.jpg","type":"image\/jpeg"}],"twitter_card":"summary_large_image","twitter_misc":{"Tiempo de lectura":"2 minutos"},"schema":{"@context":"https:\/\/schema.org","@graph":[{"@type":"WebPage","@id":"https:\/\/actbr.com.br\/es\/producto\/bombas-de-engrenagens-act\/","url":"https:\/\/actbr.com.br\/es\/producto\/bombas-de-engrenagens-act\/","name":"Bomba de Engrenagens ACT - ACT Sistemas Hidr\u00e1ulicos","isPartOf":{"@id":"https:\/\/actbr.com.br\/es\/#website"},"primaryImageOfPage":{"@id":"https:\/\/actbr.com.br\/es\/producto\/bombas-de-engrenagens-act\/#primaryimage"},"image":{"@id":"https:\/\/actbr.com.br\/es\/producto\/bombas-de-engrenagens-act\/#primaryimage"},"thumbnailUrl":"https:\/\/actbr.com.br\/wp-content\/uploads\/2020\/09\/Bombas-de-engrenagens-ACT.jpg","datePublished":"2020-09-29T15:34:36+00:00","dateModified":"2023-10-05T11:17:49+00:00","description":"A Bomba de Engrenagens ACT \u00e9 desenvolvida atrav\u00e9s das mais modernas t\u00e9cnicas e processos de fabrica\u00e7\u00e3o utilizados atualmente.","breadcrumb":{"@id":"https:\/\/actbr.com.br\/es\/producto\/bombas-de-engrenagens-act\/#breadcrumb"},"inLanguage":"es","potentialAction":[{"@type":"ReadAction","target":["https:\/\/actbr.com.br\/es\/producto\/bombas-de-engrenagens-act\/"]}]},{"@type":"ImageObject","inLanguage":"es","@id":"https:\/\/actbr.com.br\/es\/producto\/bombas-de-engrenagens-act\/#primaryimage","url":"https:\/\/actbr.com.br\/wp-content\/uploads\/2020\/09\/Bombas-de-engrenagens-ACT.jpg","contentUrl":"https:\/\/actbr.com.br\/wp-content\/uploads\/2020\/09\/Bombas-de-engrenagens-ACT.jpg","width":600,"height":407},{"@type":"BreadcrumbList","@id":"https:\/\/actbr.com.br\/es\/producto\/bombas-de-engrenagens-act\/#breadcrumb","itemListElement":[{"@type":"ListItem","position":1,"name":"Comenzar","item":"https:\/\/actbr.com.br\/es\/"},{"@type":"ListItem","position":2,"name":"Produtos","item":"https:\/\/actbr.com.br\/produtos-act\/"},{"@type":"ListItem","position":3,"name":"Bombas Hidr\u00e1ulicas","item":"https:\/\/actbr.com.br\/es\/categoria-produto\/bombas-hidraulicas\/"},{"@type":"ListItem","position":4,"name":"Bombas de Engrenagens","item":"https:\/\/actbr.com.br\/es\/categoria-produto\/bombas-hidraulicas\/engrenagens\/"},{"@type":"ListItem","position":5,"name":"Bomba de Engrenagens ACT"}]},{"@type":"WebSite","@id":"https:\/\/actbr.com.br\/es\/#website","url":"https:\/\/actbr.com.br\/es\/","name":"ACT Sistemas Hidr\u00e1ulicos","description":"Fabricaci\u00f3n y mantenimiento de componentes de aceite hidr\u00e1ulico","publisher":{"@id":"https:\/\/actbr.com.br\/es\/#organization"},"potentialAction":[{"@type":"SearchAction","target":{"@type":"EntryPoint","urlTemplate":"https:\/\/actbr.com.br\/es\/?s={search_term_string}"},"query-input":{"@type":"PropertyValueSpecification","valueRequired":true,"valueName":"search_term_string"}}],"inLanguage":"es"},{"@type":"Organization","@id":"https:\/\/actbr.com.br\/es\/#organization","name":"ACT Sistemas Hidr\u00e1ulicos","url":"https:\/\/actbr.com.br\/es\/","logo":{"@type":"ImageObject","inLanguage":"es","@id":"https:\/\/actbr.com.br\/es\/#\/schema\/logo\/image\/","url":"https:\/\/actbr.com.br\/wp-content\/uploads\/2025\/02\/cropped-ACT_NEGATIVO-marca-dagua.png","contentUrl":"https:\/\/actbr.com.br\/wp-content\/uploads\/2025\/02\/cropped-ACT_NEGATIVO-marca-dagua.png","width":240,"height":146,"caption":"ACT Sistemas Hidr\u00e1ulicos"},"image":{"@id":"https:\/\/actbr.com.br\/es\/#\/schema\/logo\/image\/"}}]}},"_links":{"self":[{"href":"https:\/\/actbr.com.br\/es\/wp-json\/wp\/v2\/product\/3081","targetHints":{"allow":["GET"]}}],"collection":[{"href":"https:\/\/actbr.com.br\/es\/wp-json\/wp\/v2\/product"}],"about":[{"href":"https:\/\/actbr.com.br\/es\/wp-json\/wp\/v2\/types\/product"}],"wp:featuredmedia":[{"embeddable":true,"href":"https:\/\/actbr.com.br\/es\/wp-json\/wp\/v2\/media\/8379"}],"wp:attachment":[{"href":"https:\/\/actbr.com.br\/es\/wp-json\/wp\/v2\/media?parent=3081"}],"wp:term":[{"taxonomy":"product_brand","embeddable":true,"href":"https:\/\/actbr.com.br\/es\/wp-json\/wp\/v2\/product_brand?post=3081"},{"taxonomy":"product_cat","embeddable":true,"href":"https:\/\/actbr.com.br\/es\/wp-json\/wp\/v2\/product_cat?post=3081"},{"taxonomy":"product_tag","embeddable":true,"href":"https:\/\/actbr.com.br\/es\/wp-json\/wp\/v2\/product_tag?post=3081"}],"curies":[{"name":"wp","href":"https:\/\/api.w.org\/{rel}","templated":true}]}}