{"id":3091,"date":"2020-09-29T12:34:36","date_gmt":"2020-09-29T15:34:36","guid":{"rendered":"https:\/\/actbr.com.br\/produto\/kf-6-rf1-d15-kracht\/"},"modified":"2023-10-04T14:12:18","modified_gmt":"2023-10-04T17:12:18","slug":"bomba-de-engrenagens-helicoidais-kracht-kf6-rf1-d15","status":"publish","type":"product","link":"https:\/\/actbr.com.br\/es\/producto\/bomba-de-engrenagens-helicoidais-kracht-kf6-rf1-d15\/","title":{"rendered":"Bomba de engrenagens Helicoidais KRACHT KF6 RF1 D15"},"content":{"rendered":"<p><strong>Bomba de Engrenagens KF6 RF1 D15 KRACHT<\/strong><\/p>\n<p>A Bomba de Engrenagens KF6 RF1 D15 com v\u00e1lvula de al\u00edvio incorporado da KRACHT \u00e9 adequada para diversos campos de atua\u00e7\u00e3o. Atende a processos de sistemas de lubrifica\u00e7\u00e3o, filtragem e refrigera\u00e7\u00e3o para Redutores industriais do Setor de A\u00e7\u00facar e \u00c1lcool, Minera\u00e7\u00e3o, Energia E\u00f3lica, Papel e Celulose, Turbinas e Geradores, Mancais de M\u00e1quinas, entre outros setores.<\/p>\n<p>A ACT \u00e9 distribuidora oficial KRACHT no Brasil.<\/p>\n<p><strong>Caracter\u00edsticas:<\/strong><br \/>\nDeslocamento volum\u00e9trico: 6,38 cc\/revolu\u00e7\u00e3o;<br \/>\nRota\u00e7\u00e3o: Hor\u00e1ria;<br \/>\nFlange: Padr\u00e3o DIN;<br \/>\nVeda\u00e7\u00f5es: Borracha nitr\u00edlica;<br \/>\nV\u00e1lvula de al\u00edvio: de 0 a 15 bar;<br \/>\nPeso bruto: 3,7kg;<br \/>\nDi\u00e2metro do eixo: 14mm;<br \/>\nTipo de eixo: cil\u00edndrico;<br \/>\nVelocidade de rota\u00e7\u00e3o m\u00e1x. 3.600 rpm;<br \/>\nVelocidade de rota\u00e7\u00e3o m\u00edn. 200 rpm;<br \/>\nPress\u00e3o m\u00e1xima: 40bar;<br \/>\nN\u00edvel de ru\u00eddo m\u00e1ximo: 67dB;<br \/>\nFaixa de viscosidade:\u00a012 at\u00e9 20.000 mm\u00b2\/s (cst);<br \/>\nTemperatura de trabalho: \u2013 20 a 80\u00b0C;<br \/>\nBaixa pulsa\u00e7\u00e3o durante funcionamento.<\/p>\n<p>&nbsp;<\/p>\n","protected":false},"excerpt":{"rendered":"<p>A bomba de transfer\u00eancia KRACHT \u2013 V\u00e1lvula de Al\u00edvio opera com baixa emiss\u00e3o de ru\u00eddos, devido ao perfil helicoidal dos dentes de seu engrenamento.<\/p>\n<p>As Bombas KRACHT possuem v\u00e1lvula de al\u00edvio incorporada, portanto, trabalham com fluidos em uma grande faixa de viscosidade: de 12 at\u00e9 20.000 mm\u00b2\/s (cst).<\/p>\n<p>\u00c9 adequada para diversos campos de atua\u00e7\u00e3o: sistemas de lubrifica\u00e7\u00e3o, filtragem e refrigera\u00e7\u00e3o para Redutores industriais do Setor de A\u00e7\u00facar e \u00c1lcool, Minera\u00e7\u00e3o, Energia E\u00f3lica, Papel e Celulose, Turbinas e Geradores, Mancais de M\u00e1quinas, entre outros setores.<\/p>\n<p style=\"text-align: center;\"><a class=\"fasc-button fasc-size-medium fasc-type-flat fasc-rounded-medium\" style=\"background-color: #003668; color: #ffffff;\" target=\"_blank\" rel=\"noopener\" href=\"https:\/\/actbr.com.br\/wp-content\/uploads\/2020\/09\/KRACHT-KF-25_630_BR_01-2022_ACT-ALTA-VISCOSIDADE.pdf\">Cat\u00e1logo<\/a>&nbsp; &nbsp; &nbsp; &nbsp; &nbsp; &nbsp; &nbsp; &nbsp; <a class=\"fasc-button fasc-size-medium fasc-type-flat fasc-rounded-medium\" style=\"background-color: #003668; color: #ffffff;\" target=\"_blank\" rel=\"noopener\" href=\"https:\/\/actbr.com.br\/contato\/\">Solicitar Cota\u00e7\u00e3o<\/a>&nbsp; &nbsp; &nbsp; &nbsp; &nbsp; &nbsp; &nbsp; &nbsp; &nbsp;<\/p>\n","protected":false},"featured_media":7393,"template":"","meta":[],"product_brand":[],"product_cat":[29,28],"product_tag":[],"class_list":{"0":"post-3091","1":"product","2":"type-product","3":"status-publish","4":"has-post-thumbnail","6":"product_cat-engrenagens","7":"product_cat-bombas-hidraulicas","9":"first","10":"instock","11":"virtual","12":"product-type-simple"},"yoast_head":"<!-- This site is optimized with the Yoast SEO plugin v27.2 - https:\/\/yoast.com\/product\/yoast-seo-wordpress\/ -->\n<title>Bomba de engrenagens Helicoidais KRACHT KF6 RF1 D15 - ACT Sistemas Hidr\u00e1ulicos<\/title>\n<meta name=\"description\" content=\"A Bomba de Engrenagens KF6 RF1 D15 com v\u00e1lvula de al\u00edvio incorporado da KRACHT \u00e9 adequada para diversos campos de atua\u00e7\u00e3o.\" \/>\n<meta name=\"robots\" content=\"index, follow, max-snippet:-1, max-image-preview:large, max-video-preview:-1\" \/>\n<link rel=\"canonical\" href=\"https:\/\/actbr.com.br\/es\/producto\/bomba-de-engrenagens-helicoidais-kracht-kf6-rf1-d15\/\" \/>\n<meta property=\"og:locale\" content=\"es_ES\" \/>\n<meta property=\"og:type\" content=\"article\" \/>\n<meta property=\"og:title\" content=\"Bomba de engrenagens Helicoidais KRACHT KF6 RF1 D15 - ACT Sistemas Hidr\u00e1ulicos\" \/>\n<meta property=\"og:description\" content=\"A Bomba de Engrenagens KF6 RF1 D15 com v\u00e1lvula de al\u00edvio incorporado da KRACHT \u00e9 adequada para diversos campos de atua\u00e7\u00e3o.\" \/>\n<meta property=\"og:url\" content=\"https:\/\/actbr.com.br\/es\/producto\/bomba-de-engrenagens-helicoidais-kracht-kf6-rf1-d15\/\" \/>\n<meta property=\"og:site_name\" content=\"ACT Sistemas Hidr\u00e1ulicos\" \/>\n<meta property=\"article:modified_time\" content=\"2023-10-04T17:12:18+00:00\" \/>\n<meta property=\"og:image\" content=\"https:\/\/actbr.com.br\/wp-content\/uploads\/2020\/09\/bomba-kracht-3.jpg\" \/>\n\t<meta property=\"og:image:width\" content=\"600\" \/>\n\t<meta property=\"og:image:height\" content=\"302\" \/>\n\t<meta property=\"og:image:type\" content=\"image\/jpeg\" \/>\n<meta name=\"twitter:card\" content=\"summary_large_image\" \/>\n<meta name=\"twitter:label1\" content=\"Tiempo de lectura\" \/>\n\t<meta name=\"twitter:data1\" content=\"1 minuto\" \/>\n<script type=\"application\/ld+json\" class=\"yoast-schema-graph\">{\"@context\":\"https:\/\/schema.org\",\"@graph\":[{\"@type\":\"WebPage\",\"@id\":\"https:\/\/actbr.com.br\/es\/producto\/bomba-de-engrenagens-helicoidais-kracht-kf6-rf1-d15\/\",\"url\":\"https:\/\/actbr.com.br\/es\/producto\/bomba-de-engrenagens-helicoidais-kracht-kf6-rf1-d15\/\",\"name\":\"Bomba de engrenagens Helicoidais KRACHT KF6 RF1 D15 - ACT Sistemas Hidr\u00e1ulicos\",\"isPartOf\":{\"@id\":\"https:\/\/actbr.com.br\/es\/#website\"},\"primaryImageOfPage\":{\"@id\":\"https:\/\/actbr.com.br\/es\/producto\/bomba-de-engrenagens-helicoidais-kracht-kf6-rf1-d15\/#primaryimage\"},\"image\":{\"@id\":\"https:\/\/actbr.com.br\/es\/producto\/bomba-de-engrenagens-helicoidais-kracht-kf6-rf1-d15\/#primaryimage\"},\"thumbnailUrl\":\"https:\/\/actbr.com.br\/wp-content\/uploads\/2020\/09\/bomba-kracht-3.jpg\",\"datePublished\":\"2020-09-29T15:34:36+00:00\",\"dateModified\":\"2023-10-04T17:12:18+00:00\",\"description\":\"A Bomba de Engrenagens KF6 RF1 D15 com v\u00e1lvula de al\u00edvio incorporado da KRACHT \u00e9 adequada para diversos campos de atua\u00e7\u00e3o.\",\"breadcrumb\":{\"@id\":\"https:\/\/actbr.com.br\/es\/producto\/bomba-de-engrenagens-helicoidais-kracht-kf6-rf1-d15\/#breadcrumb\"},\"inLanguage\":\"es\",\"potentialAction\":[{\"@type\":\"ReadAction\",\"target\":[\"https:\/\/actbr.com.br\/es\/producto\/bomba-de-engrenagens-helicoidais-kracht-kf6-rf1-d15\/\"]}]},{\"@type\":\"ImageObject\",\"inLanguage\":\"es\",\"@id\":\"https:\/\/actbr.com.br\/es\/producto\/bomba-de-engrenagens-helicoidais-kracht-kf6-rf1-d15\/#primaryimage\",\"url\":\"https:\/\/actbr.com.br\/wp-content\/uploads\/2020\/09\/bomba-kracht-3.jpg\",\"contentUrl\":\"https:\/\/actbr.com.br\/wp-content\/uploads\/2020\/09\/bomba-kracht-3.jpg\",\"width\":600,\"height\":302,\"caption\":\"Bomba de Engrenagens KF KRACHT\"},{\"@type\":\"BreadcrumbList\",\"@id\":\"https:\/\/actbr.com.br\/es\/producto\/bomba-de-engrenagens-helicoidais-kracht-kf6-rf1-d15\/#breadcrumb\",\"itemListElement\":[{\"@type\":\"ListItem\",\"position\":1,\"name\":\"Comenzar\",\"item\":\"https:\/\/actbr.com.br\/es\/\"},{\"@type\":\"ListItem\",\"position\":2,\"name\":\"Produtos\",\"item\":\"https:\/\/actbr.com.br\/produtos-act\/\"},{\"@type\":\"ListItem\",\"position\":3,\"name\":\"Bombas Hidr\u00e1ulicas\",\"item\":\"https:\/\/actbr.com.br\/es\/categoria-produto\/bombas-hidraulicas\/\"},{\"@type\":\"ListItem\",\"position\":4,\"name\":\"Bombas de Engrenagens\",\"item\":\"https:\/\/actbr.com.br\/es\/categoria-produto\/bombas-hidraulicas\/engrenagens\/\"},{\"@type\":\"ListItem\",\"position\":5,\"name\":\"Bomba de engrenagens Helicoidais KRACHT KF6 RF1 D15\"}]},{\"@type\":\"WebSite\",\"@id\":\"https:\/\/actbr.com.br\/es\/#website\",\"url\":\"https:\/\/actbr.com.br\/es\/\",\"name\":\"ACT Sistemas Hidr\u00e1ulicos\",\"description\":\"Fabricaci\u00f3n y mantenimiento de componentes de aceite hidr\u00e1ulico\",\"publisher\":{\"@id\":\"https:\/\/actbr.com.br\/es\/#organization\"},\"potentialAction\":[{\"@type\":\"SearchAction\",\"target\":{\"@type\":\"EntryPoint\",\"urlTemplate\":\"https:\/\/actbr.com.br\/es\/?s={search_term_string}\"},\"query-input\":{\"@type\":\"PropertyValueSpecification\",\"valueRequired\":true,\"valueName\":\"search_term_string\"}}],\"inLanguage\":\"es\"},{\"@type\":\"Organization\",\"@id\":\"https:\/\/actbr.com.br\/es\/#organization\",\"name\":\"ACT Sistemas Hidr\u00e1ulicos\",\"url\":\"https:\/\/actbr.com.br\/es\/\",\"logo\":{\"@type\":\"ImageObject\",\"inLanguage\":\"es\",\"@id\":\"https:\/\/actbr.com.br\/es\/#\/schema\/logo\/image\/\",\"url\":\"https:\/\/actbr.com.br\/wp-content\/uploads\/2025\/02\/cropped-ACT_NEGATIVO-marca-dagua.png\",\"contentUrl\":\"https:\/\/actbr.com.br\/wp-content\/uploads\/2025\/02\/cropped-ACT_NEGATIVO-marca-dagua.png\",\"width\":240,\"height\":146,\"caption\":\"ACT Sistemas Hidr\u00e1ulicos\"},\"image\":{\"@id\":\"https:\/\/actbr.com.br\/es\/#\/schema\/logo\/image\/\"}}]}<\/script>\n<!-- \/ Yoast SEO plugin. -->","yoast_head_json":{"title":"Bomba de engrenagens Helicoidais KRACHT KF6 RF1 D15 - ACT Sistemas Hidr\u00e1ulicos","description":"A Bomba de Engrenagens KF6 RF1 D15 com v\u00e1lvula de al\u00edvio incorporado da KRACHT \u00e9 adequada para diversos campos de atua\u00e7\u00e3o.","robots":{"index":"index","follow":"follow","max-snippet":"max-snippet:-1","max-image-preview":"max-image-preview:large","max-video-preview":"max-video-preview:-1"},"canonical":"https:\/\/actbr.com.br\/es\/producto\/bomba-de-engrenagens-helicoidais-kracht-kf6-rf1-d15\/","og_locale":"es_ES","og_type":"article","og_title":"Bomba de engrenagens Helicoidais KRACHT KF6 RF1 D15 - ACT Sistemas Hidr\u00e1ulicos","og_description":"A Bomba de Engrenagens KF6 RF1 D15 com v\u00e1lvula de al\u00edvio incorporado da KRACHT \u00e9 adequada para diversos campos de atua\u00e7\u00e3o.","og_url":"https:\/\/actbr.com.br\/es\/producto\/bomba-de-engrenagens-helicoidais-kracht-kf6-rf1-d15\/","og_site_name":"ACT Sistemas Hidr\u00e1ulicos","article_modified_time":"2023-10-04T17:12:18+00:00","og_image":[{"width":600,"height":302,"url":"https:\/\/actbr.com.br\/wp-content\/uploads\/2020\/09\/bomba-kracht-3.jpg","type":"image\/jpeg"}],"twitter_card":"summary_large_image","twitter_misc":{"Tiempo de lectura":"1 minuto"},"schema":{"@context":"https:\/\/schema.org","@graph":[{"@type":"WebPage","@id":"https:\/\/actbr.com.br\/es\/producto\/bomba-de-engrenagens-helicoidais-kracht-kf6-rf1-d15\/","url":"https:\/\/actbr.com.br\/es\/producto\/bomba-de-engrenagens-helicoidais-kracht-kf6-rf1-d15\/","name":"Bomba de engrenagens Helicoidais KRACHT KF6 RF1 D15 - ACT Sistemas Hidr\u00e1ulicos","isPartOf":{"@id":"https:\/\/actbr.com.br\/es\/#website"},"primaryImageOfPage":{"@id":"https:\/\/actbr.com.br\/es\/producto\/bomba-de-engrenagens-helicoidais-kracht-kf6-rf1-d15\/#primaryimage"},"image":{"@id":"https:\/\/actbr.com.br\/es\/producto\/bomba-de-engrenagens-helicoidais-kracht-kf6-rf1-d15\/#primaryimage"},"thumbnailUrl":"https:\/\/actbr.com.br\/wp-content\/uploads\/2020\/09\/bomba-kracht-3.jpg","datePublished":"2020-09-29T15:34:36+00:00","dateModified":"2023-10-04T17:12:18+00:00","description":"A Bomba de Engrenagens KF6 RF1 D15 com v\u00e1lvula de al\u00edvio incorporado da KRACHT \u00e9 adequada para diversos campos de atua\u00e7\u00e3o.","breadcrumb":{"@id":"https:\/\/actbr.com.br\/es\/producto\/bomba-de-engrenagens-helicoidais-kracht-kf6-rf1-d15\/#breadcrumb"},"inLanguage":"es","potentialAction":[{"@type":"ReadAction","target":["https:\/\/actbr.com.br\/es\/producto\/bomba-de-engrenagens-helicoidais-kracht-kf6-rf1-d15\/"]}]},{"@type":"ImageObject","inLanguage":"es","@id":"https:\/\/actbr.com.br\/es\/producto\/bomba-de-engrenagens-helicoidais-kracht-kf6-rf1-d15\/#primaryimage","url":"https:\/\/actbr.com.br\/wp-content\/uploads\/2020\/09\/bomba-kracht-3.jpg","contentUrl":"https:\/\/actbr.com.br\/wp-content\/uploads\/2020\/09\/bomba-kracht-3.jpg","width":600,"height":302,"caption":"Bomba de Engrenagens KF KRACHT"},{"@type":"BreadcrumbList","@id":"https:\/\/actbr.com.br\/es\/producto\/bomba-de-engrenagens-helicoidais-kracht-kf6-rf1-d15\/#breadcrumb","itemListElement":[{"@type":"ListItem","position":1,"name":"Comenzar","item":"https:\/\/actbr.com.br\/es\/"},{"@type":"ListItem","position":2,"name":"Produtos","item":"https:\/\/actbr.com.br\/produtos-act\/"},{"@type":"ListItem","position":3,"name":"Bombas Hidr\u00e1ulicas","item":"https:\/\/actbr.com.br\/es\/categoria-produto\/bombas-hidraulicas\/"},{"@type":"ListItem","position":4,"name":"Bombas de Engrenagens","item":"https:\/\/actbr.com.br\/es\/categoria-produto\/bombas-hidraulicas\/engrenagens\/"},{"@type":"ListItem","position":5,"name":"Bomba de engrenagens Helicoidais KRACHT KF6 RF1 D15"}]},{"@type":"WebSite","@id":"https:\/\/actbr.com.br\/es\/#website","url":"https:\/\/actbr.com.br\/es\/","name":"ACT Sistemas Hidr\u00e1ulicos","description":"Fabricaci\u00f3n y mantenimiento de componentes de aceite hidr\u00e1ulico","publisher":{"@id":"https:\/\/actbr.com.br\/es\/#organization"},"potentialAction":[{"@type":"SearchAction","target":{"@type":"EntryPoint","urlTemplate":"https:\/\/actbr.com.br\/es\/?s={search_term_string}"},"query-input":{"@type":"PropertyValueSpecification","valueRequired":true,"valueName":"search_term_string"}}],"inLanguage":"es"},{"@type":"Organization","@id":"https:\/\/actbr.com.br\/es\/#organization","name":"ACT Sistemas Hidr\u00e1ulicos","url":"https:\/\/actbr.com.br\/es\/","logo":{"@type":"ImageObject","inLanguage":"es","@id":"https:\/\/actbr.com.br\/es\/#\/schema\/logo\/image\/","url":"https:\/\/actbr.com.br\/wp-content\/uploads\/2025\/02\/cropped-ACT_NEGATIVO-marca-dagua.png","contentUrl":"https:\/\/actbr.com.br\/wp-content\/uploads\/2025\/02\/cropped-ACT_NEGATIVO-marca-dagua.png","width":240,"height":146,"caption":"ACT Sistemas Hidr\u00e1ulicos"},"image":{"@id":"https:\/\/actbr.com.br\/es\/#\/schema\/logo\/image\/"}}]}},"_links":{"self":[{"href":"https:\/\/actbr.com.br\/es\/wp-json\/wp\/v2\/product\/3091","targetHints":{"allow":["GET"]}}],"collection":[{"href":"https:\/\/actbr.com.br\/es\/wp-json\/wp\/v2\/product"}],"about":[{"href":"https:\/\/actbr.com.br\/es\/wp-json\/wp\/v2\/types\/product"}],"wp:featuredmedia":[{"embeddable":true,"href":"https:\/\/actbr.com.br\/es\/wp-json\/wp\/v2\/media\/7393"}],"wp:attachment":[{"href":"https:\/\/actbr.com.br\/es\/wp-json\/wp\/v2\/media?parent=3091"}],"wp:term":[{"taxonomy":"product_brand","embeddable":true,"href":"https:\/\/actbr.com.br\/es\/wp-json\/wp\/v2\/product_brand?post=3091"},{"taxonomy":"product_cat","embeddable":true,"href":"https:\/\/actbr.com.br\/es\/wp-json\/wp\/v2\/product_cat?post=3091"},{"taxonomy":"product_tag","embeddable":true,"href":"https:\/\/actbr.com.br\/es\/wp-json\/wp\/v2\/product_tag?post=3091"}],"curies":[{"name":"wp","href":"https:\/\/api.w.org\/{rel}","templated":true}]}}