{"id":3124,"date":"2020-09-29T12:35:42","date_gmt":"2020-09-29T15:35:42","guid":{"rendered":"https:\/\/actbr.com.br\/produto\/bomba-de-engrenagens-kracht-serie-dt-5\/"},"modified":"2023-10-05T08:18:45","modified_gmt":"2023-10-05T11:18:45","slug":"kracht-serie-dt-5","status":"publish","type":"product","link":"https:\/\/actbr.com.br\/es\/producto\/kracht-serie-dt-5\/","title":{"rendered":"KRACHT \u2013 S\u00e9rie DT 5"},"content":{"rendered":"<div id=\"detalhes\">\n<p>Bomba de Engrenagens KRACHT \u2013 S\u00e9rie DT 5<\/p>\n<p>Bombas de engrenagens desenvolvidas para flu\u00eddos abrasivos e com poucas propriedades lubrificantes. Indicadas para aplica\u00e7\u00f5es consideradas \u00abproblem\u00e1ticas\u00bb.<\/p>\n<p>A KRACHT oferece solu\u00e7\u00f5es confi\u00e1veis, durabilidade, estabilidade de trabalho, al\u00e9m do melhor custo benef\u00edcio do mercado.<\/p>\n<p><strong>Como solicitar:<\/strong><\/p>\n<p><img decoding=\"async\" src=\"https:\/\/actbr.com.br\/wp-content\/uploads\/2020\/09\/dt5-kracht-como-solicitar.jpg\" alt=\"\" \/><\/p>\n<p><strong>Caracter\u00edsticas:<\/strong><\/p>\n<p><img decoding=\"async\" src=\"https:\/\/actbr.com.br\/wp-content\/uploads\/2020\/09\/dt5-kracht-caracteristicas.jpg\" alt=\"\" \/><\/p>\n<p><strong>Modelos Standard:<br \/>\n<\/strong>DT 5\/150 C10K;<br \/>\nDT 5\/150 C20K;<br \/>\nDT 5\/200 C10K;<br \/>\nDT 5\/200 C20K;<br \/>\nDT 5\/250 C10K;<br \/>\nDT 5\/250 C20K.<\/p>\n<\/div>\n<p id=\"relacionados\" style=\"margin: 0px; padding: 100px 0px 0px; float: left; width: 890px; color: #4f4f4f; font-family: 'Trebuchet MS', Arial, Helvetica, sans-serif; font-size: 12px;\">\n","protected":false},"excerpt":{"rendered":"<p>Bombas de engrenagens desenvolvidas para flu\u00eddos abrasivos e com poucas propriedades lubrificantes. Indicadas para aplica\u00e7\u00f5es consideradas \u00abproblem\u00e1ticas\u00bb.<\/p>\n<p>A KRACHT oferece solu\u00e7\u00f5es confi\u00e1veis, durabilidade, estabilidade de trabalho, al\u00e9m do melhor custo benef\u00edcio do mercado.<\/p>\n","protected":false},"featured_media":7413,"template":"","meta":[],"product_brand":[],"product_cat":[29,28],"product_tag":[],"class_list":{"0":"post-3124","1":"product","2":"type-product","3":"status-publish","4":"has-post-thumbnail","6":"product_cat-engrenagens","7":"product_cat-bombas-hidraulicas","9":"first","10":"instock","11":"virtual","12":"product-type-simple"},"yoast_head":"<!-- This site is optimized with the Yoast SEO plugin v27.5 - https:\/\/yoast.com\/product\/yoast-seo-wordpress\/ -->\n<title>KRACHT - S\u00e9rie DT 5 - ACT Sistemas Hidr\u00e1ulicos<\/title>\n<meta name=\"description\" content=\"Bombas de engrenagens desenvolvidas para flu\u00eddos abrasivos e com poucas propriedades lubrificantes. Indicadas para aplica\u00e7\u00f5es consideradas &quot;problem\u00e1ticas&quot;.\" \/>\n<meta name=\"robots\" content=\"index, follow, max-snippet:-1, max-image-preview:large, max-video-preview:-1\" \/>\n<link rel=\"canonical\" href=\"https:\/\/actbr.com.br\/es\/producto\/kracht-serie-dt-5\/\" \/>\n<meta property=\"og:locale\" content=\"es_ES\" \/>\n<meta property=\"og:type\" content=\"article\" \/>\n<meta property=\"og:title\" content=\"KRACHT - S\u00e9rie DT 5 - ACT Sistemas Hidr\u00e1ulicos\" \/>\n<meta property=\"og:description\" content=\"Bombas de engrenagens desenvolvidas para flu\u00eddos abrasivos e com poucas propriedades lubrificantes. Indicadas para aplica\u00e7\u00f5es consideradas &quot;problem\u00e1ticas&quot;.\" \/>\n<meta property=\"og:url\" content=\"https:\/\/actbr.com.br\/es\/producto\/kracht-serie-dt-5\/\" \/>\n<meta property=\"og:site_name\" content=\"ACT Sistemas Hidr\u00e1ulicos\" \/>\n<meta property=\"article:modified_time\" content=\"2023-10-05T11:18:45+00:00\" \/>\n<meta property=\"og:image\" content=\"https:\/\/actbr.com.br\/wp-content\/uploads\/2020\/09\/Bomba-de-Engrenagens-KRACHT-\u2013-Serie-DT-5.jpg\" \/>\n\t<meta property=\"og:image:width\" content=\"600\" \/>\n\t<meta property=\"og:image:height\" content=\"474\" \/>\n\t<meta property=\"og:image:type\" content=\"image\/jpeg\" \/>\n<meta name=\"twitter:card\" content=\"summary_large_image\" \/>\n<meta name=\"twitter:label1\" content=\"Tiempo de lectura\" \/>\n\t<meta name=\"twitter:data1\" content=\"1 minuto\" \/>\n<script type=\"application\/ld+json\" class=\"yoast-schema-graph\">{\"@context\":\"https:\\\/\\\/schema.org\",\"@graph\":[{\"@type\":\"WebPage\",\"@id\":\"https:\\\/\\\/actbr.com.br\\\/es\\\/producto\\\/kracht-serie-dt-5\\\/\",\"url\":\"https:\\\/\\\/actbr.com.br\\\/es\\\/producto\\\/kracht-serie-dt-5\\\/\",\"name\":\"KRACHT - S\u00e9rie DT 5 - ACT Sistemas Hidr\u00e1ulicos\",\"isPartOf\":{\"@id\":\"https:\\\/\\\/actbr.com.br\\\/es\\\/#website\"},\"primaryImageOfPage\":{\"@id\":\"https:\\\/\\\/actbr.com.br\\\/es\\\/producto\\\/kracht-serie-dt-5\\\/#primaryimage\"},\"image\":{\"@id\":\"https:\\\/\\\/actbr.com.br\\\/es\\\/producto\\\/kracht-serie-dt-5\\\/#primaryimage\"},\"thumbnailUrl\":\"https:\\\/\\\/actbr.com.br\\\/wp-content\\\/uploads\\\/2020\\\/09\\\/Bomba-de-Engrenagens-KRACHT-\u2013-Serie-DT-5.jpg\",\"datePublished\":\"2020-09-29T15:35:42+00:00\",\"dateModified\":\"2023-10-05T11:18:45+00:00\",\"description\":\"Bombas de engrenagens desenvolvidas para flu\u00eddos abrasivos e com poucas propriedades lubrificantes. Indicadas para aplica\u00e7\u00f5es consideradas \\\"problem\u00e1ticas\\\".\",\"breadcrumb\":{\"@id\":\"https:\\\/\\\/actbr.com.br\\\/es\\\/producto\\\/kracht-serie-dt-5\\\/#breadcrumb\"},\"inLanguage\":\"es\",\"potentialAction\":[{\"@type\":\"ReadAction\",\"target\":[\"https:\\\/\\\/actbr.com.br\\\/es\\\/producto\\\/kracht-serie-dt-5\\\/\"]}]},{\"@type\":\"ImageObject\",\"inLanguage\":\"es\",\"@id\":\"https:\\\/\\\/actbr.com.br\\\/es\\\/producto\\\/kracht-serie-dt-5\\\/#primaryimage\",\"url\":\"https:\\\/\\\/actbr.com.br\\\/wp-content\\\/uploads\\\/2020\\\/09\\\/Bomba-de-Engrenagens-KRACHT-\u2013-Serie-DT-5.jpg\",\"contentUrl\":\"https:\\\/\\\/actbr.com.br\\\/wp-content\\\/uploads\\\/2020\\\/09\\\/Bomba-de-Engrenagens-KRACHT-\u2013-Serie-DT-5.jpg\",\"width\":600,\"height\":474,\"caption\":\"Bomba de Engrenagens KRACHT \u2013 S\u00e9rie DT 5\"},{\"@type\":\"BreadcrumbList\",\"@id\":\"https:\\\/\\\/actbr.com.br\\\/es\\\/producto\\\/kracht-serie-dt-5\\\/#breadcrumb\",\"itemListElement\":[{\"@type\":\"ListItem\",\"position\":1,\"name\":\"Comenzar\",\"item\":\"https:\\\/\\\/actbr.com.br\\\/es\\\/\"},{\"@type\":\"ListItem\",\"position\":2,\"name\":\"Produtos\",\"item\":\"https:\\\/\\\/actbr.com.br\\\/produtos-act\\\/\"},{\"@type\":\"ListItem\",\"position\":3,\"name\":\"Bombas Hidr\u00e1ulicas\",\"item\":\"https:\\\/\\\/actbr.com.br\\\/es\\\/categoria-produto\\\/bombas-hidraulicas\\\/\"},{\"@type\":\"ListItem\",\"position\":4,\"name\":\"KRACHT &#8211; S\u00e9rie DT 5\"}]},{\"@type\":\"WebSite\",\"@id\":\"https:\\\/\\\/actbr.com.br\\\/es\\\/#website\",\"url\":\"https:\\\/\\\/actbr.com.br\\\/es\\\/\",\"name\":\"ACT Sistemas Hidr\u00e1ulicos\",\"description\":\"Fabricaci\u00f3n y mantenimiento de componentes de aceite hidr\u00e1ulico\",\"publisher\":{\"@id\":\"https:\\\/\\\/actbr.com.br\\\/es\\\/#organization\"},\"potentialAction\":[{\"@type\":\"SearchAction\",\"target\":{\"@type\":\"EntryPoint\",\"urlTemplate\":\"https:\\\/\\\/actbr.com.br\\\/es\\\/?s={search_term_string}\"},\"query-input\":{\"@type\":\"PropertyValueSpecification\",\"valueRequired\":true,\"valueName\":\"search_term_string\"}}],\"inLanguage\":\"es\"},{\"@type\":\"Organization\",\"@id\":\"https:\\\/\\\/actbr.com.br\\\/es\\\/#organization\",\"name\":\"ACT Sistemas Hidr\u00e1ulicos\",\"url\":\"https:\\\/\\\/actbr.com.br\\\/es\\\/\",\"logo\":{\"@type\":\"ImageObject\",\"inLanguage\":\"es\",\"@id\":\"https:\\\/\\\/actbr.com.br\\\/es\\\/#\\\/schema\\\/logo\\\/image\\\/\",\"url\":\"https:\\\/\\\/actbr.com.br\\\/wp-content\\\/uploads\\\/2025\\\/02\\\/cropped-ACT_NEGATIVO-marca-dagua.png\",\"contentUrl\":\"https:\\\/\\\/actbr.com.br\\\/wp-content\\\/uploads\\\/2025\\\/02\\\/cropped-ACT_NEGATIVO-marca-dagua.png\",\"width\":240,\"height\":146,\"caption\":\"ACT Sistemas Hidr\u00e1ulicos\"},\"image\":{\"@id\":\"https:\\\/\\\/actbr.com.br\\\/es\\\/#\\\/schema\\\/logo\\\/image\\\/\"}}]}<\/script>\n<!-- \/ Yoast SEO plugin. -->","yoast_head_json":{"title":"KRACHT - S\u00e9rie DT 5 - ACT Sistemas Hidr\u00e1ulicos","description":"Bombas de engrenagens desenvolvidas para flu\u00eddos abrasivos e com poucas propriedades lubrificantes. Indicadas para aplica\u00e7\u00f5es consideradas \"problem\u00e1ticas\".","robots":{"index":"index","follow":"follow","max-snippet":"max-snippet:-1","max-image-preview":"max-image-preview:large","max-video-preview":"max-video-preview:-1"},"canonical":"https:\/\/actbr.com.br\/es\/producto\/kracht-serie-dt-5\/","og_locale":"es_ES","og_type":"article","og_title":"KRACHT - S\u00e9rie DT 5 - ACT Sistemas Hidr\u00e1ulicos","og_description":"Bombas de engrenagens desenvolvidas para flu\u00eddos abrasivos e com poucas propriedades lubrificantes. Indicadas para aplica\u00e7\u00f5es consideradas \"problem\u00e1ticas\".","og_url":"https:\/\/actbr.com.br\/es\/producto\/kracht-serie-dt-5\/","og_site_name":"ACT Sistemas Hidr\u00e1ulicos","article_modified_time":"2023-10-05T11:18:45+00:00","og_image":[{"width":600,"height":474,"url":"https:\/\/actbr.com.br\/wp-content\/uploads\/2020\/09\/Bomba-de-Engrenagens-KRACHT-\u2013-Serie-DT-5.jpg","type":"image\/jpeg"}],"twitter_card":"summary_large_image","twitter_misc":{"Tiempo de lectura":"1 minuto"},"schema":{"@context":"https:\/\/schema.org","@graph":[{"@type":"WebPage","@id":"https:\/\/actbr.com.br\/es\/producto\/kracht-serie-dt-5\/","url":"https:\/\/actbr.com.br\/es\/producto\/kracht-serie-dt-5\/","name":"KRACHT - S\u00e9rie DT 5 - ACT Sistemas Hidr\u00e1ulicos","isPartOf":{"@id":"https:\/\/actbr.com.br\/es\/#website"},"primaryImageOfPage":{"@id":"https:\/\/actbr.com.br\/es\/producto\/kracht-serie-dt-5\/#primaryimage"},"image":{"@id":"https:\/\/actbr.com.br\/es\/producto\/kracht-serie-dt-5\/#primaryimage"},"thumbnailUrl":"https:\/\/actbr.com.br\/wp-content\/uploads\/2020\/09\/Bomba-de-Engrenagens-KRACHT-\u2013-Serie-DT-5.jpg","datePublished":"2020-09-29T15:35:42+00:00","dateModified":"2023-10-05T11:18:45+00:00","description":"Bombas de engrenagens desenvolvidas para flu\u00eddos abrasivos e com poucas propriedades lubrificantes. Indicadas para aplica\u00e7\u00f5es consideradas \"problem\u00e1ticas\".","breadcrumb":{"@id":"https:\/\/actbr.com.br\/es\/producto\/kracht-serie-dt-5\/#breadcrumb"},"inLanguage":"es","potentialAction":[{"@type":"ReadAction","target":["https:\/\/actbr.com.br\/es\/producto\/kracht-serie-dt-5\/"]}]},{"@type":"ImageObject","inLanguage":"es","@id":"https:\/\/actbr.com.br\/es\/producto\/kracht-serie-dt-5\/#primaryimage","url":"https:\/\/actbr.com.br\/wp-content\/uploads\/2020\/09\/Bomba-de-Engrenagens-KRACHT-\u2013-Serie-DT-5.jpg","contentUrl":"https:\/\/actbr.com.br\/wp-content\/uploads\/2020\/09\/Bomba-de-Engrenagens-KRACHT-\u2013-Serie-DT-5.jpg","width":600,"height":474,"caption":"Bomba de Engrenagens KRACHT \u2013 S\u00e9rie DT 5"},{"@type":"BreadcrumbList","@id":"https:\/\/actbr.com.br\/es\/producto\/kracht-serie-dt-5\/#breadcrumb","itemListElement":[{"@type":"ListItem","position":1,"name":"Comenzar","item":"https:\/\/actbr.com.br\/es\/"},{"@type":"ListItem","position":2,"name":"Produtos","item":"https:\/\/actbr.com.br\/produtos-act\/"},{"@type":"ListItem","position":3,"name":"Bombas Hidr\u00e1ulicas","item":"https:\/\/actbr.com.br\/es\/categoria-produto\/bombas-hidraulicas\/"},{"@type":"ListItem","position":4,"name":"KRACHT &#8211; S\u00e9rie DT 5"}]},{"@type":"WebSite","@id":"https:\/\/actbr.com.br\/es\/#website","url":"https:\/\/actbr.com.br\/es\/","name":"ACT Sistemas Hidr\u00e1ulicos","description":"Fabricaci\u00f3n y mantenimiento de componentes de aceite hidr\u00e1ulico","publisher":{"@id":"https:\/\/actbr.com.br\/es\/#organization"},"potentialAction":[{"@type":"SearchAction","target":{"@type":"EntryPoint","urlTemplate":"https:\/\/actbr.com.br\/es\/?s={search_term_string}"},"query-input":{"@type":"PropertyValueSpecification","valueRequired":true,"valueName":"search_term_string"}}],"inLanguage":"es"},{"@type":"Organization","@id":"https:\/\/actbr.com.br\/es\/#organization","name":"ACT Sistemas Hidr\u00e1ulicos","url":"https:\/\/actbr.com.br\/es\/","logo":{"@type":"ImageObject","inLanguage":"es","@id":"https:\/\/actbr.com.br\/es\/#\/schema\/logo\/image\/","url":"https:\/\/actbr.com.br\/wp-content\/uploads\/2025\/02\/cropped-ACT_NEGATIVO-marca-dagua.png","contentUrl":"https:\/\/actbr.com.br\/wp-content\/uploads\/2025\/02\/cropped-ACT_NEGATIVO-marca-dagua.png","width":240,"height":146,"caption":"ACT Sistemas Hidr\u00e1ulicos"},"image":{"@id":"https:\/\/actbr.com.br\/es\/#\/schema\/logo\/image\/"}}]}},"_links":{"self":[{"href":"https:\/\/actbr.com.br\/es\/wp-json\/wp\/v2\/product\/3124","targetHints":{"allow":["GET"]}}],"collection":[{"href":"https:\/\/actbr.com.br\/es\/wp-json\/wp\/v2\/product"}],"about":[{"href":"https:\/\/actbr.com.br\/es\/wp-json\/wp\/v2\/types\/product"}],"wp:featuredmedia":[{"embeddable":true,"href":"https:\/\/actbr.com.br\/es\/wp-json\/wp\/v2\/media\/7413"}],"wp:attachment":[{"href":"https:\/\/actbr.com.br\/es\/wp-json\/wp\/v2\/media?parent=3124"}],"wp:term":[{"taxonomy":"product_brand","embeddable":true,"href":"https:\/\/actbr.com.br\/es\/wp-json\/wp\/v2\/product_brand?post=3124"},{"taxonomy":"product_cat","embeddable":true,"href":"https:\/\/actbr.com.br\/es\/wp-json\/wp\/v2\/product_cat?post=3124"},{"taxonomy":"product_tag","embeddable":true,"href":"https:\/\/actbr.com.br\/es\/wp-json\/wp\/v2\/product_tag?post=3124"}],"curies":[{"name":"wp","href":"https:\/\/api.w.org\/{rel}","templated":true}]}}