{"id":3129,"date":"2020-09-29T12:35:42","date_gmt":"2020-09-29T15:35:42","guid":{"rendered":"https:\/\/actbr.com.br\/produto\/bomba-de-engrenagens-kracht-serie-kp-1\/"},"modified":"2023-10-05T08:18:59","modified_gmt":"2023-10-05T11:18:59","slug":"kracht-serie-kp-1","status":"publish","type":"product","link":"https:\/\/actbr.com.br\/es\/producto\/kracht-serie-kp-1\/","title":{"rendered":"KRACHT \u2013 S\u00e9rie KP 1"},"content":{"rendered":"<p>Bomba de Engrenagens KRACHT \u2013 S\u00e9rie KP 1<\/p>\n<p>As Bombas de Engrenagens Durotec KP1 s\u00e3o desenvolvidas para trabalhos com flu\u00eddos abrasivos e\/ou flu\u00eddos com reduzidas propriedades lubrificantes.<\/p>\n<p>A principal caracter\u00edstica da bomba KP 1 \u00e9 a durabilidade, se comparada as bombas de engrenagens convencionais, tornando sua aplica\u00e7\u00e3o confi\u00e1vel para as mais dif\u00edceis\u00a0aplica\u00e7\u00f5es.<\/p>\n<p><strong>Como solicitar:<\/strong><br \/>\n<img decoding=\"async\" src=\"https:\/\/actbr.com.br\/wp-content\/uploads\/2020\/09\/durotec-kracht-kp1-como-solicitar.jpg\" alt=\"\" \/><br \/>\n<strong>Caracter\u00edsticas t\u00e9cnicas:<\/strong><br \/>\n<img decoding=\"async\" src=\"https:\/\/actbr.com.br\/wp-content\/uploads\/2020\/09\/kp1-caracteristicas.jpg\" alt=\"\" \/><br \/>\n<strong>Modelos dispon\u00edveis:<\/strong><br \/>\nKP 1\/5.5\/245;<br \/>\nKP 1\/8\/245;<br \/>\nKP 1\/11\/245;<br \/>\nKP 1\/16\/245;<br \/>\nKP 1\/22\/245;<br \/>\nKP 1\/5.5\/297;<br \/>\nKP 1\/8\/297;<br \/>\nKP 1\/11\/297;<br \/>\nKP 1\/16\/297;<br \/>\nKP 1\/22\/297;<br \/>\nKP 1\/5.5\/380;<br \/>\nKP 1\/8\/380;<br \/>\nKP 1\/11\/380;<br \/>\nKP 1\/16\/380;<br \/>\nKP 1\/22\/380;<br \/>\nKP 1\/5.5\/437;<br \/>\nKP 1\/8\/437;<br \/>\nKP 1\/11\/437;<br \/>\nKP 1\/16\/437;<br \/>\nKP 1\/22\/437;<br \/>\nKP 1\/5.5\/439;<br \/>\nKP 1\/8\/439;<br \/>\nKP 1\/11\/439;<br \/>\nKP 1\/16\/439;<br \/>\nKP 1\/22\/439;<br \/>\nKP 1\/5.5\/482;<br \/>\nKP 1\/8\/482;<br \/>\nKP 1\/11\/482;<br \/>\nKP 1\/16\/482;<br \/>\nKP 1\/22\/482.<\/p>\n<p style=\"margin: 0px; padding: 0px;\"><span style=\"font-family: Arial;\">\u00a0<\/span><\/p>\n","protected":false},"excerpt":{"rendered":"<p>As Bombas de Engrenagens Durotec KP1 s\u00e3o desenvolvidas para trabalhos com flu\u00eddos abrasivos e\/ou flu\u00eddos com reduzidas propriedades lubrificantes.<\/p>\n<p>A principal caracter\u00edstica da bomba KP 1 \u00e9 a durabilidade, se comparada as bombas de engrenagens convencionais, tornando sua aplica\u00e7\u00e3o confi\u00e1vel para as mais dif\u00edceis\u00a0aplica\u00e7\u00f5es.<\/p>\n","protected":false},"featured_media":7415,"template":"","meta":[],"product_brand":[],"product_cat":[29,28],"product_tag":[],"class_list":{"0":"post-3129","1":"product","2":"type-product","3":"status-publish","4":"has-post-thumbnail","6":"product_cat-engrenagens","7":"product_cat-bombas-hidraulicas","9":"first","10":"instock","11":"virtual","12":"product-type-simple"},"yoast_head":"<!-- This site is optimized with the Yoast SEO plugin v27.2 - https:\/\/yoast.com\/product\/yoast-seo-wordpress\/ -->\n<title>KRACHT - S\u00e9rie KP 1 - ACT Sistemas Hidr\u00e1ulicos<\/title>\n<meta name=\"description\" content=\"As Bombas de Engrenagens Durotec KP1 s\u00e3o desenvolvidas para trabalhos com flu\u00eddos abrasivos e\/ou flu\u00eddos com reduzidas propriedades lubrificantes.\" \/>\n<meta name=\"robots\" content=\"index, follow, max-snippet:-1, max-image-preview:large, max-video-preview:-1\" \/>\n<link rel=\"canonical\" href=\"https:\/\/actbr.com.br\/es\/producto\/kracht-serie-kp-1\/\" \/>\n<meta property=\"og:locale\" content=\"es_ES\" \/>\n<meta property=\"og:type\" content=\"article\" \/>\n<meta property=\"og:title\" content=\"KRACHT - S\u00e9rie KP 1 - ACT Sistemas Hidr\u00e1ulicos\" \/>\n<meta property=\"og:description\" content=\"As Bombas de Engrenagens Durotec KP1 s\u00e3o desenvolvidas para trabalhos com flu\u00eddos abrasivos e\/ou flu\u00eddos com reduzidas propriedades lubrificantes.\" \/>\n<meta property=\"og:url\" content=\"https:\/\/actbr.com.br\/es\/producto\/kracht-serie-kp-1\/\" \/>\n<meta property=\"og:site_name\" content=\"ACT Sistemas Hidr\u00e1ulicos\" \/>\n<meta property=\"article:modified_time\" content=\"2023-10-05T11:18:59+00:00\" \/>\n<meta property=\"og:image\" content=\"https:\/\/actbr.com.br\/wp-content\/uploads\/2020\/09\/Bomba-de-engrenagens-KRACHT-\u2013-Serie-KP-1.jpg\" \/>\n\t<meta property=\"og:image:width\" content=\"532\" \/>\n\t<meta property=\"og:image:height\" content=\"474\" \/>\n\t<meta property=\"og:image:type\" content=\"image\/jpeg\" \/>\n<meta name=\"twitter:card\" content=\"summary_large_image\" \/>\n<meta name=\"twitter:label1\" content=\"Tiempo de lectura\" \/>\n\t<meta name=\"twitter:data1\" content=\"2 minutos\" \/>\n<script type=\"application\/ld+json\" class=\"yoast-schema-graph\">{\"@context\":\"https:\/\/schema.org\",\"@graph\":[{\"@type\":\"WebPage\",\"@id\":\"https:\/\/actbr.com.br\/es\/producto\/kracht-serie-kp-1\/\",\"url\":\"https:\/\/actbr.com.br\/es\/producto\/kracht-serie-kp-1\/\",\"name\":\"KRACHT - S\u00e9rie KP 1 - ACT Sistemas Hidr\u00e1ulicos\",\"isPartOf\":{\"@id\":\"https:\/\/actbr.com.br\/es\/#website\"},\"primaryImageOfPage\":{\"@id\":\"https:\/\/actbr.com.br\/es\/producto\/kracht-serie-kp-1\/#primaryimage\"},\"image\":{\"@id\":\"https:\/\/actbr.com.br\/es\/producto\/kracht-serie-kp-1\/#primaryimage\"},\"thumbnailUrl\":\"https:\/\/actbr.com.br\/wp-content\/uploads\/2020\/09\/Bomba-de-engrenagens-KRACHT-\u2013-Serie-KP-1.jpg\",\"datePublished\":\"2020-09-29T15:35:42+00:00\",\"dateModified\":\"2023-10-05T11:18:59+00:00\",\"description\":\"As Bombas de Engrenagens Durotec KP1 s\u00e3o desenvolvidas para trabalhos com flu\u00eddos abrasivos e\/ou flu\u00eddos com reduzidas propriedades lubrificantes.\",\"breadcrumb\":{\"@id\":\"https:\/\/actbr.com.br\/es\/producto\/kracht-serie-kp-1\/#breadcrumb\"},\"inLanguage\":\"es\",\"potentialAction\":[{\"@type\":\"ReadAction\",\"target\":[\"https:\/\/actbr.com.br\/es\/producto\/kracht-serie-kp-1\/\"]}]},{\"@type\":\"ImageObject\",\"inLanguage\":\"es\",\"@id\":\"https:\/\/actbr.com.br\/es\/producto\/kracht-serie-kp-1\/#primaryimage\",\"url\":\"https:\/\/actbr.com.br\/wp-content\/uploads\/2020\/09\/Bomba-de-engrenagens-KRACHT-\u2013-Serie-KP-1.jpg\",\"contentUrl\":\"https:\/\/actbr.com.br\/wp-content\/uploads\/2020\/09\/Bomba-de-engrenagens-KRACHT-\u2013-Serie-KP-1.jpg\",\"width\":532,\"height\":474,\"caption\":\"Bomba de engrenagens KRACHT \u2013 S\u00e9rie KP 1\"},{\"@type\":\"BreadcrumbList\",\"@id\":\"https:\/\/actbr.com.br\/es\/producto\/kracht-serie-kp-1\/#breadcrumb\",\"itemListElement\":[{\"@type\":\"ListItem\",\"position\":1,\"name\":\"Comenzar\",\"item\":\"https:\/\/actbr.com.br\/es\/\"},{\"@type\":\"ListItem\",\"position\":2,\"name\":\"Produtos\",\"item\":\"https:\/\/actbr.com.br\/produtos-act\/\"},{\"@type\":\"ListItem\",\"position\":3,\"name\":\"Bombas Hidr\u00e1ulicas\",\"item\":\"https:\/\/actbr.com.br\/es\/categoria-produto\/bombas-hidraulicas\/\"},{\"@type\":\"ListItem\",\"position\":4,\"name\":\"KRACHT &#8211; S\u00e9rie KP 1\"}]},{\"@type\":\"WebSite\",\"@id\":\"https:\/\/actbr.com.br\/es\/#website\",\"url\":\"https:\/\/actbr.com.br\/es\/\",\"name\":\"ACT Sistemas Hidr\u00e1ulicos\",\"description\":\"Fabricaci\u00f3n y mantenimiento de componentes de aceite hidr\u00e1ulico\",\"publisher\":{\"@id\":\"https:\/\/actbr.com.br\/es\/#organization\"},\"potentialAction\":[{\"@type\":\"SearchAction\",\"target\":{\"@type\":\"EntryPoint\",\"urlTemplate\":\"https:\/\/actbr.com.br\/es\/?s={search_term_string}\"},\"query-input\":{\"@type\":\"PropertyValueSpecification\",\"valueRequired\":true,\"valueName\":\"search_term_string\"}}],\"inLanguage\":\"es\"},{\"@type\":\"Organization\",\"@id\":\"https:\/\/actbr.com.br\/es\/#organization\",\"name\":\"ACT Sistemas Hidr\u00e1ulicos\",\"url\":\"https:\/\/actbr.com.br\/es\/\",\"logo\":{\"@type\":\"ImageObject\",\"inLanguage\":\"es\",\"@id\":\"https:\/\/actbr.com.br\/es\/#\/schema\/logo\/image\/\",\"url\":\"https:\/\/actbr.com.br\/wp-content\/uploads\/2025\/02\/cropped-ACT_NEGATIVO-marca-dagua.png\",\"contentUrl\":\"https:\/\/actbr.com.br\/wp-content\/uploads\/2025\/02\/cropped-ACT_NEGATIVO-marca-dagua.png\",\"width\":240,\"height\":146,\"caption\":\"ACT Sistemas Hidr\u00e1ulicos\"},\"image\":{\"@id\":\"https:\/\/actbr.com.br\/es\/#\/schema\/logo\/image\/\"}}]}<\/script>\n<!-- \/ Yoast SEO plugin. -->","yoast_head_json":{"title":"KRACHT - S\u00e9rie KP 1 - ACT Sistemas Hidr\u00e1ulicos","description":"As Bombas de Engrenagens Durotec KP1 s\u00e3o desenvolvidas para trabalhos com flu\u00eddos abrasivos e\/ou flu\u00eddos com reduzidas propriedades lubrificantes.","robots":{"index":"index","follow":"follow","max-snippet":"max-snippet:-1","max-image-preview":"max-image-preview:large","max-video-preview":"max-video-preview:-1"},"canonical":"https:\/\/actbr.com.br\/es\/producto\/kracht-serie-kp-1\/","og_locale":"es_ES","og_type":"article","og_title":"KRACHT - S\u00e9rie KP 1 - ACT Sistemas Hidr\u00e1ulicos","og_description":"As Bombas de Engrenagens Durotec KP1 s\u00e3o desenvolvidas para trabalhos com flu\u00eddos abrasivos e\/ou flu\u00eddos com reduzidas propriedades lubrificantes.","og_url":"https:\/\/actbr.com.br\/es\/producto\/kracht-serie-kp-1\/","og_site_name":"ACT Sistemas Hidr\u00e1ulicos","article_modified_time":"2023-10-05T11:18:59+00:00","og_image":[{"width":532,"height":474,"url":"https:\/\/actbr.com.br\/wp-content\/uploads\/2020\/09\/Bomba-de-engrenagens-KRACHT-\u2013-Serie-KP-1.jpg","type":"image\/jpeg"}],"twitter_card":"summary_large_image","twitter_misc":{"Tiempo de lectura":"2 minutos"},"schema":{"@context":"https:\/\/schema.org","@graph":[{"@type":"WebPage","@id":"https:\/\/actbr.com.br\/es\/producto\/kracht-serie-kp-1\/","url":"https:\/\/actbr.com.br\/es\/producto\/kracht-serie-kp-1\/","name":"KRACHT - S\u00e9rie KP 1 - ACT Sistemas Hidr\u00e1ulicos","isPartOf":{"@id":"https:\/\/actbr.com.br\/es\/#website"},"primaryImageOfPage":{"@id":"https:\/\/actbr.com.br\/es\/producto\/kracht-serie-kp-1\/#primaryimage"},"image":{"@id":"https:\/\/actbr.com.br\/es\/producto\/kracht-serie-kp-1\/#primaryimage"},"thumbnailUrl":"https:\/\/actbr.com.br\/wp-content\/uploads\/2020\/09\/Bomba-de-engrenagens-KRACHT-\u2013-Serie-KP-1.jpg","datePublished":"2020-09-29T15:35:42+00:00","dateModified":"2023-10-05T11:18:59+00:00","description":"As Bombas de Engrenagens Durotec KP1 s\u00e3o desenvolvidas para trabalhos com flu\u00eddos abrasivos e\/ou flu\u00eddos com reduzidas propriedades lubrificantes.","breadcrumb":{"@id":"https:\/\/actbr.com.br\/es\/producto\/kracht-serie-kp-1\/#breadcrumb"},"inLanguage":"es","potentialAction":[{"@type":"ReadAction","target":["https:\/\/actbr.com.br\/es\/producto\/kracht-serie-kp-1\/"]}]},{"@type":"ImageObject","inLanguage":"es","@id":"https:\/\/actbr.com.br\/es\/producto\/kracht-serie-kp-1\/#primaryimage","url":"https:\/\/actbr.com.br\/wp-content\/uploads\/2020\/09\/Bomba-de-engrenagens-KRACHT-\u2013-Serie-KP-1.jpg","contentUrl":"https:\/\/actbr.com.br\/wp-content\/uploads\/2020\/09\/Bomba-de-engrenagens-KRACHT-\u2013-Serie-KP-1.jpg","width":532,"height":474,"caption":"Bomba de engrenagens KRACHT \u2013 S\u00e9rie KP 1"},{"@type":"BreadcrumbList","@id":"https:\/\/actbr.com.br\/es\/producto\/kracht-serie-kp-1\/#breadcrumb","itemListElement":[{"@type":"ListItem","position":1,"name":"Comenzar","item":"https:\/\/actbr.com.br\/es\/"},{"@type":"ListItem","position":2,"name":"Produtos","item":"https:\/\/actbr.com.br\/produtos-act\/"},{"@type":"ListItem","position":3,"name":"Bombas Hidr\u00e1ulicas","item":"https:\/\/actbr.com.br\/es\/categoria-produto\/bombas-hidraulicas\/"},{"@type":"ListItem","position":4,"name":"KRACHT &#8211; S\u00e9rie KP 1"}]},{"@type":"WebSite","@id":"https:\/\/actbr.com.br\/es\/#website","url":"https:\/\/actbr.com.br\/es\/","name":"ACT Sistemas Hidr\u00e1ulicos","description":"Fabricaci\u00f3n y mantenimiento de componentes de aceite hidr\u00e1ulico","publisher":{"@id":"https:\/\/actbr.com.br\/es\/#organization"},"potentialAction":[{"@type":"SearchAction","target":{"@type":"EntryPoint","urlTemplate":"https:\/\/actbr.com.br\/es\/?s={search_term_string}"},"query-input":{"@type":"PropertyValueSpecification","valueRequired":true,"valueName":"search_term_string"}}],"inLanguage":"es"},{"@type":"Organization","@id":"https:\/\/actbr.com.br\/es\/#organization","name":"ACT Sistemas Hidr\u00e1ulicos","url":"https:\/\/actbr.com.br\/es\/","logo":{"@type":"ImageObject","inLanguage":"es","@id":"https:\/\/actbr.com.br\/es\/#\/schema\/logo\/image\/","url":"https:\/\/actbr.com.br\/wp-content\/uploads\/2025\/02\/cropped-ACT_NEGATIVO-marca-dagua.png","contentUrl":"https:\/\/actbr.com.br\/wp-content\/uploads\/2025\/02\/cropped-ACT_NEGATIVO-marca-dagua.png","width":240,"height":146,"caption":"ACT Sistemas Hidr\u00e1ulicos"},"image":{"@id":"https:\/\/actbr.com.br\/es\/#\/schema\/logo\/image\/"}}]}},"_links":{"self":[{"href":"https:\/\/actbr.com.br\/es\/wp-json\/wp\/v2\/product\/3129","targetHints":{"allow":["GET"]}}],"collection":[{"href":"https:\/\/actbr.com.br\/es\/wp-json\/wp\/v2\/product"}],"about":[{"href":"https:\/\/actbr.com.br\/es\/wp-json\/wp\/v2\/types\/product"}],"wp:featuredmedia":[{"embeddable":true,"href":"https:\/\/actbr.com.br\/es\/wp-json\/wp\/v2\/media\/7415"}],"wp:attachment":[{"href":"https:\/\/actbr.com.br\/es\/wp-json\/wp\/v2\/media?parent=3129"}],"wp:term":[{"taxonomy":"product_brand","embeddable":true,"href":"https:\/\/actbr.com.br\/es\/wp-json\/wp\/v2\/product_brand?post=3129"},{"taxonomy":"product_cat","embeddable":true,"href":"https:\/\/actbr.com.br\/es\/wp-json\/wp\/v2\/product_cat?post=3129"},{"taxonomy":"product_tag","embeddable":true,"href":"https:\/\/actbr.com.br\/es\/wp-json\/wp\/v2\/product_tag?post=3129"}],"curies":[{"name":"wp","href":"https:\/\/api.w.org\/{rel}","templated":true}]}}