{"id":3153,"date":"2020-09-29T12:35:42","date_gmt":"2020-09-29T15:35:42","guid":{"rendered":"https:\/\/actbr.com.br\/produto\/bombas-de-pistoes-axiais-pvpc-atos\/"},"modified":"2023-11-01T15:29:20","modified_gmt":"2023-11-01T18:29:20","slug":"bomba-de-pistoes-axiais-atos-pvpc","status":"publish","type":"product","link":"https:\/\/actbr.com.br\/es\/producto\/bomba-de-pistoes-axiais-atos-pvpc\/","title":{"rendered":"Bomba de Pist\u00f5es Axiais  ATOS PVPC"},"content":{"rendered":"<p><strong>Bombas de Pist\u00f5es Axiais ATOS PVPC<\/strong><\/p>\n<p>A Bomba de Pist\u00f5es Axiais ATOS PVPC \u00e9 resistente a altas press\u00f5es e apresenta baixo n\u00edvel de ru\u00eddo, com alta durabilidade.<\/p>\n<p>Uma s\u00e9rie de controles hidr\u00e1ulicos e eletro hidr\u00e1ulicos permitem instala\u00e7\u00f5es com economia de energia at\u00e9 a vers\u00e3o digital PERS, que possibilita o controle proporcional de vaz\u00e3o e press\u00e3o din\u00e2mica, com longa vida operativa.<\/p>\n<p>&nbsp;<\/p>\n<p><strong>Como solicitar:<\/strong><\/p>\n<p><img decoding=\"async\" src=\"https:\/\/actbr.com.br\/wp-content\/uploads\/2020\/09\/pvpc-atos-codigo.jpg\" alt=\"\" \/><\/p>\n<p><strong>Caracter\u00edsticas de opera\u00e7\u00e3o:<\/strong><\/p>\n<p><img decoding=\"async\" src=\"https:\/\/actbr.com.br\/wp-content\/uploads\/2020\/09\/tabela-bombas-de-pistoes-axiais-pvpc-atos.jpg\" alt=\"Tabela Bombas de Pist\u00f5es Axiais PVPC Atos\" \/><\/p>\n<p><strong>Modelos dispon\u00edveis:<\/strong><\/p>\n<p>PVPC-*3029;<br \/>\nPVPC-*-4046;<br \/>\nPVPC-*5073;<br \/>\nPVPC-*-5090.<br \/>\n(*) = Tipo de controle<\/p>\n","protected":false},"excerpt":{"rendered":"<p>A Bomba de Pist\u00f5es Axiais ATOS PVPC \u00e9 resistente a altas press\u00f5es e apresenta baixo n\u00edvel de ru\u00eddo, com alta durabilidade.<\/p>\n<p>&nbsp;<\/p>\n","protected":false},"featured_media":7438,"template":"","meta":[],"product_brand":[],"product_cat":[42],"product_tag":[],"class_list":{"0":"post-3153","1":"product","2":"type-product","3":"status-publish","4":"has-post-thumbnail","6":"product_cat-bomba-de-pistoes","8":"first","9":"instock","10":"virtual","11":"product-type-simple"},"yoast_head":"<!-- This site is optimized with the Yoast SEO plugin v27.5 - https:\/\/yoast.com\/product\/yoast-seo-wordpress\/ -->\n<title>Bomba de Pist\u00f5es Axiais ATOS PVPC - ACT Sistemas Hidr\u00e1ulicos<\/title>\n<meta name=\"description\" content=\"A Bomba de Pist\u00f5es Axiais ATOS PVPC \u00e9 resistente a altas press\u00f5es e apresenta baixo n\u00edvel de ru\u00eddo, com alta durabilidade.\" \/>\n<meta name=\"robots\" content=\"index, follow, max-snippet:-1, max-image-preview:large, max-video-preview:-1\" \/>\n<link rel=\"canonical\" href=\"https:\/\/actbr.com.br\/es\/producto\/bomba-de-pistoes-axiais-atos-pvpc\/\" \/>\n<meta property=\"og:locale\" content=\"es_ES\" \/>\n<meta property=\"og:type\" content=\"article\" \/>\n<meta property=\"og:title\" content=\"Bomba de Pist\u00f5es Axiais ATOS PVPC - ACT Sistemas Hidr\u00e1ulicos\" \/>\n<meta property=\"og:description\" content=\"A Bomba de Pist\u00f5es Axiais ATOS PVPC \u00e9 resistente a altas press\u00f5es e apresenta baixo n\u00edvel de ru\u00eddo, com alta durabilidade.\" \/>\n<meta property=\"og:url\" content=\"https:\/\/actbr.com.br\/es\/producto\/bomba-de-pistoes-axiais-atos-pvpc\/\" \/>\n<meta property=\"og:site_name\" content=\"ACT Sistemas Hidr\u00e1ulicos\" \/>\n<meta property=\"article:modified_time\" content=\"2023-11-01T18:29:20+00:00\" \/>\n<meta property=\"og:image\" content=\"https:\/\/actbr.com.br\/wp-content\/uploads\/2020\/09\/Bombas-de-Pistoes-axiais-PVPC-ATOS.jpg\" \/>\n\t<meta property=\"og:image:width\" content=\"600\" \/>\n\t<meta property=\"og:image:height\" content=\"400\" \/>\n\t<meta property=\"og:image:type\" content=\"image\/jpeg\" \/>\n<meta name=\"twitter:card\" content=\"summary_large_image\" \/>\n<meta name=\"twitter:label1\" content=\"Tiempo de lectura\" \/>\n\t<meta name=\"twitter:data1\" content=\"1 minuto\" \/>\n<script type=\"application\/ld+json\" class=\"yoast-schema-graph\">{\"@context\":\"https:\\\/\\\/schema.org\",\"@graph\":[{\"@type\":\"WebPage\",\"@id\":\"https:\\\/\\\/actbr.com.br\\\/es\\\/producto\\\/bomba-de-pistoes-axiais-atos-pvpc\\\/\",\"url\":\"https:\\\/\\\/actbr.com.br\\\/es\\\/producto\\\/bomba-de-pistoes-axiais-atos-pvpc\\\/\",\"name\":\"Bomba de Pist\u00f5es Axiais ATOS PVPC - ACT Sistemas Hidr\u00e1ulicos\",\"isPartOf\":{\"@id\":\"https:\\\/\\\/actbr.com.br\\\/es\\\/#website\"},\"primaryImageOfPage\":{\"@id\":\"https:\\\/\\\/actbr.com.br\\\/es\\\/producto\\\/bomba-de-pistoes-axiais-atos-pvpc\\\/#primaryimage\"},\"image\":{\"@id\":\"https:\\\/\\\/actbr.com.br\\\/es\\\/producto\\\/bomba-de-pistoes-axiais-atos-pvpc\\\/#primaryimage\"},\"thumbnailUrl\":\"https:\\\/\\\/actbr.com.br\\\/wp-content\\\/uploads\\\/2020\\\/09\\\/Bombas-de-Pistoes-axiais-PVPC-ATOS.jpg\",\"datePublished\":\"2020-09-29T15:35:42+00:00\",\"dateModified\":\"2023-11-01T18:29:20+00:00\",\"description\":\"A Bomba de Pist\u00f5es Axiais ATOS PVPC \u00e9 resistente a altas press\u00f5es e apresenta baixo n\u00edvel de ru\u00eddo, com alta durabilidade.\",\"breadcrumb\":{\"@id\":\"https:\\\/\\\/actbr.com.br\\\/es\\\/producto\\\/bomba-de-pistoes-axiais-atos-pvpc\\\/#breadcrumb\"},\"inLanguage\":\"es\",\"potentialAction\":[{\"@type\":\"ReadAction\",\"target\":[\"https:\\\/\\\/actbr.com.br\\\/es\\\/producto\\\/bomba-de-pistoes-axiais-atos-pvpc\\\/\"]}]},{\"@type\":\"ImageObject\",\"inLanguage\":\"es\",\"@id\":\"https:\\\/\\\/actbr.com.br\\\/es\\\/producto\\\/bomba-de-pistoes-axiais-atos-pvpc\\\/#primaryimage\",\"url\":\"https:\\\/\\\/actbr.com.br\\\/wp-content\\\/uploads\\\/2020\\\/09\\\/Bombas-de-Pistoes-axiais-PVPC-ATOS.jpg\",\"contentUrl\":\"https:\\\/\\\/actbr.com.br\\\/wp-content\\\/uploads\\\/2020\\\/09\\\/Bombas-de-Pistoes-axiais-PVPC-ATOS.jpg\",\"width\":600,\"height\":400,\"caption\":\"Bombas de Pist\u00f5es axiais (PVPC) ATOS\"},{\"@type\":\"BreadcrumbList\",\"@id\":\"https:\\\/\\\/actbr.com.br\\\/es\\\/producto\\\/bomba-de-pistoes-axiais-atos-pvpc\\\/#breadcrumb\",\"itemListElement\":[{\"@type\":\"ListItem\",\"position\":1,\"name\":\"Comenzar\",\"item\":\"https:\\\/\\\/actbr.com.br\\\/es\\\/\"},{\"@type\":\"ListItem\",\"position\":2,\"name\":\"Produtos\",\"item\":\"https:\\\/\\\/actbr.com.br\\\/produtos-act\\\/\"},{\"@type\":\"ListItem\",\"position\":3,\"name\":\"Bombas Hidr\u00e1ulicas\",\"item\":\"https:\\\/\\\/actbr.com.br\\\/es\\\/categoria-produto\\\/bombas-hidraulicas\\\/\"},{\"@type\":\"ListItem\",\"position\":4,\"name\":\"Bomba de Pist\u00f5es\",\"item\":\"https:\\\/\\\/actbr.com.br\\\/es\\\/categoria-produto\\\/bombas-hidraulicas\\\/bomba-de-pistoes\\\/\"},{\"@type\":\"ListItem\",\"position\":5,\"name\":\"Bomba de Pist\u00f5es Axiais ATOS PVPC\"}]},{\"@type\":\"WebSite\",\"@id\":\"https:\\\/\\\/actbr.com.br\\\/es\\\/#website\",\"url\":\"https:\\\/\\\/actbr.com.br\\\/es\\\/\",\"name\":\"ACT Sistemas Hidr\u00e1ulicos\",\"description\":\"Fabricaci\u00f3n y mantenimiento de componentes de aceite hidr\u00e1ulico\",\"publisher\":{\"@id\":\"https:\\\/\\\/actbr.com.br\\\/es\\\/#organization\"},\"potentialAction\":[{\"@type\":\"SearchAction\",\"target\":{\"@type\":\"EntryPoint\",\"urlTemplate\":\"https:\\\/\\\/actbr.com.br\\\/es\\\/?s={search_term_string}\"},\"query-input\":{\"@type\":\"PropertyValueSpecification\",\"valueRequired\":true,\"valueName\":\"search_term_string\"}}],\"inLanguage\":\"es\"},{\"@type\":\"Organization\",\"@id\":\"https:\\\/\\\/actbr.com.br\\\/es\\\/#organization\",\"name\":\"ACT Sistemas Hidr\u00e1ulicos\",\"url\":\"https:\\\/\\\/actbr.com.br\\\/es\\\/\",\"logo\":{\"@type\":\"ImageObject\",\"inLanguage\":\"es\",\"@id\":\"https:\\\/\\\/actbr.com.br\\\/es\\\/#\\\/schema\\\/logo\\\/image\\\/\",\"url\":\"https:\\\/\\\/actbr.com.br\\\/wp-content\\\/uploads\\\/2025\\\/02\\\/cropped-ACT_NEGATIVO-marca-dagua.png\",\"contentUrl\":\"https:\\\/\\\/actbr.com.br\\\/wp-content\\\/uploads\\\/2025\\\/02\\\/cropped-ACT_NEGATIVO-marca-dagua.png\",\"width\":240,\"height\":146,\"caption\":\"ACT Sistemas Hidr\u00e1ulicos\"},\"image\":{\"@id\":\"https:\\\/\\\/actbr.com.br\\\/es\\\/#\\\/schema\\\/logo\\\/image\\\/\"}}]}<\/script>\n<!-- \/ Yoast SEO plugin. -->","yoast_head_json":{"title":"Bomba de Pist\u00f5es Axiais ATOS PVPC - ACT Sistemas Hidr\u00e1ulicos","description":"A Bomba de Pist\u00f5es Axiais ATOS PVPC \u00e9 resistente a altas press\u00f5es e apresenta baixo n\u00edvel de ru\u00eddo, com alta durabilidade.","robots":{"index":"index","follow":"follow","max-snippet":"max-snippet:-1","max-image-preview":"max-image-preview:large","max-video-preview":"max-video-preview:-1"},"canonical":"https:\/\/actbr.com.br\/es\/producto\/bomba-de-pistoes-axiais-atos-pvpc\/","og_locale":"es_ES","og_type":"article","og_title":"Bomba de Pist\u00f5es Axiais ATOS PVPC - ACT Sistemas Hidr\u00e1ulicos","og_description":"A Bomba de Pist\u00f5es Axiais ATOS PVPC \u00e9 resistente a altas press\u00f5es e apresenta baixo n\u00edvel de ru\u00eddo, com alta durabilidade.","og_url":"https:\/\/actbr.com.br\/es\/producto\/bomba-de-pistoes-axiais-atos-pvpc\/","og_site_name":"ACT Sistemas Hidr\u00e1ulicos","article_modified_time":"2023-11-01T18:29:20+00:00","og_image":[{"width":600,"height":400,"url":"https:\/\/actbr.com.br\/wp-content\/uploads\/2020\/09\/Bombas-de-Pistoes-axiais-PVPC-ATOS.jpg","type":"image\/jpeg"}],"twitter_card":"summary_large_image","twitter_misc":{"Tiempo de lectura":"1 minuto"},"schema":{"@context":"https:\/\/schema.org","@graph":[{"@type":"WebPage","@id":"https:\/\/actbr.com.br\/es\/producto\/bomba-de-pistoes-axiais-atos-pvpc\/","url":"https:\/\/actbr.com.br\/es\/producto\/bomba-de-pistoes-axiais-atos-pvpc\/","name":"Bomba de Pist\u00f5es Axiais ATOS PVPC - ACT Sistemas Hidr\u00e1ulicos","isPartOf":{"@id":"https:\/\/actbr.com.br\/es\/#website"},"primaryImageOfPage":{"@id":"https:\/\/actbr.com.br\/es\/producto\/bomba-de-pistoes-axiais-atos-pvpc\/#primaryimage"},"image":{"@id":"https:\/\/actbr.com.br\/es\/producto\/bomba-de-pistoes-axiais-atos-pvpc\/#primaryimage"},"thumbnailUrl":"https:\/\/actbr.com.br\/wp-content\/uploads\/2020\/09\/Bombas-de-Pistoes-axiais-PVPC-ATOS.jpg","datePublished":"2020-09-29T15:35:42+00:00","dateModified":"2023-11-01T18:29:20+00:00","description":"A Bomba de Pist\u00f5es Axiais ATOS PVPC \u00e9 resistente a altas press\u00f5es e apresenta baixo n\u00edvel de ru\u00eddo, com alta durabilidade.","breadcrumb":{"@id":"https:\/\/actbr.com.br\/es\/producto\/bomba-de-pistoes-axiais-atos-pvpc\/#breadcrumb"},"inLanguage":"es","potentialAction":[{"@type":"ReadAction","target":["https:\/\/actbr.com.br\/es\/producto\/bomba-de-pistoes-axiais-atos-pvpc\/"]}]},{"@type":"ImageObject","inLanguage":"es","@id":"https:\/\/actbr.com.br\/es\/producto\/bomba-de-pistoes-axiais-atos-pvpc\/#primaryimage","url":"https:\/\/actbr.com.br\/wp-content\/uploads\/2020\/09\/Bombas-de-Pistoes-axiais-PVPC-ATOS.jpg","contentUrl":"https:\/\/actbr.com.br\/wp-content\/uploads\/2020\/09\/Bombas-de-Pistoes-axiais-PVPC-ATOS.jpg","width":600,"height":400,"caption":"Bombas de Pist\u00f5es axiais (PVPC) ATOS"},{"@type":"BreadcrumbList","@id":"https:\/\/actbr.com.br\/es\/producto\/bomba-de-pistoes-axiais-atos-pvpc\/#breadcrumb","itemListElement":[{"@type":"ListItem","position":1,"name":"Comenzar","item":"https:\/\/actbr.com.br\/es\/"},{"@type":"ListItem","position":2,"name":"Produtos","item":"https:\/\/actbr.com.br\/produtos-act\/"},{"@type":"ListItem","position":3,"name":"Bombas Hidr\u00e1ulicas","item":"https:\/\/actbr.com.br\/es\/categoria-produto\/bombas-hidraulicas\/"},{"@type":"ListItem","position":4,"name":"Bomba de Pist\u00f5es","item":"https:\/\/actbr.com.br\/es\/categoria-produto\/bombas-hidraulicas\/bomba-de-pistoes\/"},{"@type":"ListItem","position":5,"name":"Bomba de Pist\u00f5es Axiais ATOS PVPC"}]},{"@type":"WebSite","@id":"https:\/\/actbr.com.br\/es\/#website","url":"https:\/\/actbr.com.br\/es\/","name":"ACT Sistemas Hidr\u00e1ulicos","description":"Fabricaci\u00f3n y mantenimiento de componentes de aceite hidr\u00e1ulico","publisher":{"@id":"https:\/\/actbr.com.br\/es\/#organization"},"potentialAction":[{"@type":"SearchAction","target":{"@type":"EntryPoint","urlTemplate":"https:\/\/actbr.com.br\/es\/?s={search_term_string}"},"query-input":{"@type":"PropertyValueSpecification","valueRequired":true,"valueName":"search_term_string"}}],"inLanguage":"es"},{"@type":"Organization","@id":"https:\/\/actbr.com.br\/es\/#organization","name":"ACT Sistemas Hidr\u00e1ulicos","url":"https:\/\/actbr.com.br\/es\/","logo":{"@type":"ImageObject","inLanguage":"es","@id":"https:\/\/actbr.com.br\/es\/#\/schema\/logo\/image\/","url":"https:\/\/actbr.com.br\/wp-content\/uploads\/2025\/02\/cropped-ACT_NEGATIVO-marca-dagua.png","contentUrl":"https:\/\/actbr.com.br\/wp-content\/uploads\/2025\/02\/cropped-ACT_NEGATIVO-marca-dagua.png","width":240,"height":146,"caption":"ACT Sistemas Hidr\u00e1ulicos"},"image":{"@id":"https:\/\/actbr.com.br\/es\/#\/schema\/logo\/image\/"}}]}},"_links":{"self":[{"href":"https:\/\/actbr.com.br\/es\/wp-json\/wp\/v2\/product\/3153","targetHints":{"allow":["GET"]}}],"collection":[{"href":"https:\/\/actbr.com.br\/es\/wp-json\/wp\/v2\/product"}],"about":[{"href":"https:\/\/actbr.com.br\/es\/wp-json\/wp\/v2\/types\/product"}],"wp:featuredmedia":[{"embeddable":true,"href":"https:\/\/actbr.com.br\/es\/wp-json\/wp\/v2\/media\/7438"}],"wp:attachment":[{"href":"https:\/\/actbr.com.br\/es\/wp-json\/wp\/v2\/media?parent=3153"}],"wp:term":[{"taxonomy":"product_brand","embeddable":true,"href":"https:\/\/actbr.com.br\/es\/wp-json\/wp\/v2\/product_brand?post=3153"},{"taxonomy":"product_cat","embeddable":true,"href":"https:\/\/actbr.com.br\/es\/wp-json\/wp\/v2\/product_cat?post=3153"},{"taxonomy":"product_tag","embeddable":true,"href":"https:\/\/actbr.com.br\/es\/wp-json\/wp\/v2\/product_tag?post=3153"}],"curies":[{"name":"wp","href":"https:\/\/api.w.org\/{rel}","templated":true}]}}