{"id":3157,"date":"2020-09-29T12:35:42","date_gmt":"2020-09-29T15:35:42","guid":{"rendered":"https:\/\/actbr.com.br\/produto\/bombas-de-pistoes-atos-pfr\/"},"modified":"2023-12-11T16:37:59","modified_gmt":"2023-12-11T19:37:59","slug":"bomba-de-pistoes-radiais-atos-pfr","status":"publish","type":"product","link":"https:\/\/actbr.com.br\/es\/producto\/bomba-de-pistoes-radiais-atos-pfr\/","title":{"rendered":"Bomba de Pist\u00f5es Radiais ATOS \u2013 PFR"},"content":{"rendered":"<div id=\"detalhes\">\n<p><strong>Bomba de Pist\u00f5es ATOS \u2013 PFR\u00a0<\/strong><\/p>\n<p>A Bomba de Pist\u00f5es Radiais ATOS \u2013 PFR \u00e9 espec\u00edfica para altas press\u00f5es e apresenta longa vida operativa em aplica\u00e7\u00f5es pesadas.<\/p>\n<p>S\u00e3o bombas de pist\u00f5es radiais com deslocamento fixo que apresentam o melhor custo benef\u00edcio do mercado, durabilidade e confiabilidade para o sistema hidr\u00e1ulico.<\/p>\n<p><strong>Como solicitar:<\/strong><br \/>\n<img decoding=\"async\" src=\"https:\/\/actbr.com.br\/wp-content\/uploads\/2020\/09\/pfr-atos-modelos.jpg\" alt=\"\" \/><\/p>\n<p><strong>Modelos dispon\u00edveis:<br \/>\n<\/strong>PFR-202;<br \/>\nPFR-203;<br \/>\nPFR-206;<br \/>\nPFR-308;<br \/>\nPFR-311;<br \/>\nPFR-315;<br \/>\nPFR-518;<br \/>\nPFR-522;<br \/>\nPFR-525.<\/p>\n<table border=\"1\">\n<tbody>\n<tr>\n<td style=\"text-align: center;\">Modelos<\/td>\n<td style=\"text-align: center;\">Pot m\u00e1x<\/td>\n<td style=\"text-align: center;\">Vaz\u00e3o a 1.450<br \/>\nrpm e 250 Bar;<\/td>\n<td style=\"text-align: center;\">Pot\u00eancia a 1.450<br \/>\nrpm e pot. m\u00e1x (KW)<\/td>\n<td style=\"text-align: center;\">Velocidade<br \/>\nMax rpm.<\/td>\n<\/tr>\n<tr>\n<td>PFR-202<\/td>\n<td>500<\/td>\n<td>2,5<\/td>\n<td>2,1<\/td>\n<td>1800<\/td>\n<\/tr>\n<tr>\n<td>PFR-203<\/td>\n<td>500<\/td>\n<td>5,0<\/td>\n<td>4,2<\/td>\n<td>1800<\/td>\n<\/tr>\n<tr>\n<td>PFR-206<\/td>\n<td>350<\/td>\n<td>8,3<\/td>\n<td>4,9<\/td>\n<td>1800<\/td>\n<\/tr>\n<tr>\n<td>PFR-308<\/td>\n<td>350<\/td>\n<td>12,5<\/td>\n<td>7,5<\/td>\n<td>1800<\/td>\n<\/tr>\n<tr>\n<td>PFR-311<\/td>\n<td>350<\/td>\n<td>16,5<\/td>\n<td>10<\/td>\n<td>1800<\/td>\n<\/tr>\n<tr>\n<td>PFR-315<\/td>\n<td>350<\/td>\n<td>21,5<\/td>\n<td>12,5<\/td>\n<td>1800<\/td>\n<\/tr>\n<tr>\n<td>PFR-518<\/td>\n<td>350<\/td>\n<td>26<\/td>\n<td>15,2<\/td>\n<td>1800<\/td>\n<\/tr>\n<tr>\n<td>PFR-522<\/td>\n<td>350<\/td>\n<td>31,5<\/td>\n<td>18,4<\/td>\n<td>1800<\/td>\n<\/tr>\n<tr>\n<td>PFR-525<\/td>\n<td>350<\/td>\n<td>37,0<\/td>\n<td>21,6<\/td>\n<td>1800<\/td>\n<\/tr>\n<\/tbody>\n<\/table>\n<\/div>\n<div id=\"relacionados\" style=\"margin: 0px; padding: 100px 0px 0px; float: left; width: 890px; color: #4f4f4f; font-family: 'Trebuchet MS', Arial, Helvetica, sans-serif; font-size: 12px; text-align: center;\"><\/div>\n","protected":false},"excerpt":{"rendered":"<p>A Bomba de Pist\u00f5es Radiais ATOS \u2013 PFR \u00e9 espec\u00edfica para altas press\u00f5es e apresenta longa vida operativa em aplica\u00e7\u00f5es pesadas.<\/p>\n<p style=\"text-align: center;\"><a class=\"fasc-button fasc-size-medium fasc-type-flat fasc-rounded-medium\" style=\"background-color: #003668; color: #ffffff;\" target=\"_blank\" href=\"https:\/\/actbr.com.br\/wp-content\/uploads\/2020\/09\/A045-pfr-atos-bomba-de-pistoes.pdf\" rel=\"noopener\">Cat\u00e1logo<\/a><\/p>\n","protected":false},"featured_media":7432,"template":"","meta":[],"product_brand":[],"product_cat":[42,28],"product_tag":[],"class_list":{"0":"post-3157","1":"product","2":"type-product","3":"status-publish","4":"has-post-thumbnail","6":"product_cat-bomba-de-pistoes","7":"product_cat-bombas-hidraulicas","9":"first","10":"instock","11":"virtual","12":"product-type-simple"},"yoast_head":"<!-- This site is optimized with the Yoast SEO plugin v27.2 - https:\/\/yoast.com\/product\/yoast-seo-wordpress\/ -->\n<title>Bomba de Pist\u00f5es Radiais ATOS - PFR - ACT Sistemas Hidr\u00e1ulicos<\/title>\n<meta name=\"description\" content=\"A Bomba de Pist\u00f5es Radiais ATOS - PFR \u00e9 espec\u00edfica para altas press\u00f5es e apresenta longa vida operativa em aplica\u00e7\u00f5es pesadas.\" \/>\n<meta name=\"robots\" content=\"index, follow, max-snippet:-1, max-image-preview:large, max-video-preview:-1\" \/>\n<link rel=\"canonical\" href=\"https:\/\/actbr.com.br\/es\/producto\/bomba-de-pistoes-radiais-atos-pfr\/\" \/>\n<meta property=\"og:locale\" content=\"es_ES\" \/>\n<meta property=\"og:type\" content=\"article\" \/>\n<meta property=\"og:title\" content=\"Bomba de Pist\u00f5es Radiais ATOS - PFR - ACT Sistemas Hidr\u00e1ulicos\" \/>\n<meta property=\"og:description\" content=\"A Bomba de Pist\u00f5es Radiais ATOS - PFR \u00e9 espec\u00edfica para altas press\u00f5es e apresenta longa vida operativa em aplica\u00e7\u00f5es pesadas.\" \/>\n<meta property=\"og:url\" content=\"https:\/\/actbr.com.br\/es\/producto\/bomba-de-pistoes-radiais-atos-pfr\/\" \/>\n<meta property=\"og:site_name\" content=\"ACT Sistemas Hidr\u00e1ulicos\" \/>\n<meta property=\"article:modified_time\" content=\"2023-12-11T19:37:59+00:00\" \/>\n<meta property=\"og:image\" content=\"https:\/\/actbr.com.br\/wp-content\/uploads\/2020\/09\/pfr-atos-bomba-de-pistoes.jpg\" \/>\n\t<meta property=\"og:image:width\" content=\"800\" \/>\n\t<meta property=\"og:image:height\" content=\"600\" \/>\n\t<meta property=\"og:image:type\" content=\"image\/jpeg\" \/>\n<meta name=\"twitter:card\" content=\"summary_large_image\" \/>\n<meta name=\"twitter:label1\" content=\"Tiempo de lectura\" \/>\n\t<meta name=\"twitter:data1\" content=\"1 minuto\" \/>\n<script type=\"application\/ld+json\" class=\"yoast-schema-graph\">{\"@context\":\"https:\/\/schema.org\",\"@graph\":[{\"@type\":\"WebPage\",\"@id\":\"https:\/\/actbr.com.br\/es\/producto\/bomba-de-pistoes-radiais-atos-pfr\/\",\"url\":\"https:\/\/actbr.com.br\/es\/producto\/bomba-de-pistoes-radiais-atos-pfr\/\",\"name\":\"Bomba de Pist\u00f5es Radiais ATOS - PFR - ACT Sistemas Hidr\u00e1ulicos\",\"isPartOf\":{\"@id\":\"https:\/\/actbr.com.br\/es\/#website\"},\"primaryImageOfPage\":{\"@id\":\"https:\/\/actbr.com.br\/es\/producto\/bomba-de-pistoes-radiais-atos-pfr\/#primaryimage\"},\"image\":{\"@id\":\"https:\/\/actbr.com.br\/es\/producto\/bomba-de-pistoes-radiais-atos-pfr\/#primaryimage\"},\"thumbnailUrl\":\"https:\/\/actbr.com.br\/wp-content\/uploads\/2020\/09\/pfr-atos-bomba-de-pistoes.jpg\",\"datePublished\":\"2020-09-29T15:35:42+00:00\",\"dateModified\":\"2023-12-11T19:37:59+00:00\",\"description\":\"A Bomba de Pist\u00f5es Radiais ATOS - PFR \u00e9 espec\u00edfica para altas press\u00f5es e apresenta longa vida operativa em aplica\u00e7\u00f5es pesadas.\",\"breadcrumb\":{\"@id\":\"https:\/\/actbr.com.br\/es\/producto\/bomba-de-pistoes-radiais-atos-pfr\/#breadcrumb\"},\"inLanguage\":\"es\",\"potentialAction\":[{\"@type\":\"ReadAction\",\"target\":[\"https:\/\/actbr.com.br\/es\/producto\/bomba-de-pistoes-radiais-atos-pfr\/\"]}]},{\"@type\":\"ImageObject\",\"inLanguage\":\"es\",\"@id\":\"https:\/\/actbr.com.br\/es\/producto\/bomba-de-pistoes-radiais-atos-pfr\/#primaryimage\",\"url\":\"https:\/\/actbr.com.br\/wp-content\/uploads\/2020\/09\/pfr-atos-bomba-de-pistoes.jpg\",\"contentUrl\":\"https:\/\/actbr.com.br\/wp-content\/uploads\/2020\/09\/pfr-atos-bomba-de-pistoes.jpg\",\"width\":800,\"height\":600,\"caption\":\"Bombas de Pist\u00f5es ATOS -PFR\"},{\"@type\":\"BreadcrumbList\",\"@id\":\"https:\/\/actbr.com.br\/es\/producto\/bomba-de-pistoes-radiais-atos-pfr\/#breadcrumb\",\"itemListElement\":[{\"@type\":\"ListItem\",\"position\":1,\"name\":\"Comenzar\",\"item\":\"https:\/\/actbr.com.br\/es\/\"},{\"@type\":\"ListItem\",\"position\":2,\"name\":\"Produtos\",\"item\":\"https:\/\/actbr.com.br\/produtos-act\/\"},{\"@type\":\"ListItem\",\"position\":3,\"name\":\"Bombas Hidr\u00e1ulicas\",\"item\":\"https:\/\/actbr.com.br\/es\/categoria-produto\/bombas-hidraulicas\/\"},{\"@type\":\"ListItem\",\"position\":4,\"name\":\"Bomba de Pist\u00f5es Radiais ATOS &#8211; PFR\"}]},{\"@type\":\"WebSite\",\"@id\":\"https:\/\/actbr.com.br\/es\/#website\",\"url\":\"https:\/\/actbr.com.br\/es\/\",\"name\":\"ACT Sistemas Hidr\u00e1ulicos\",\"description\":\"Fabricaci\u00f3n y mantenimiento de componentes de aceite hidr\u00e1ulico\",\"publisher\":{\"@id\":\"https:\/\/actbr.com.br\/es\/#organization\"},\"potentialAction\":[{\"@type\":\"SearchAction\",\"target\":{\"@type\":\"EntryPoint\",\"urlTemplate\":\"https:\/\/actbr.com.br\/es\/?s={search_term_string}\"},\"query-input\":{\"@type\":\"PropertyValueSpecification\",\"valueRequired\":true,\"valueName\":\"search_term_string\"}}],\"inLanguage\":\"es\"},{\"@type\":\"Organization\",\"@id\":\"https:\/\/actbr.com.br\/es\/#organization\",\"name\":\"ACT Sistemas Hidr\u00e1ulicos\",\"url\":\"https:\/\/actbr.com.br\/es\/\",\"logo\":{\"@type\":\"ImageObject\",\"inLanguage\":\"es\",\"@id\":\"https:\/\/actbr.com.br\/es\/#\/schema\/logo\/image\/\",\"url\":\"https:\/\/actbr.com.br\/wp-content\/uploads\/2025\/02\/cropped-ACT_NEGATIVO-marca-dagua.png\",\"contentUrl\":\"https:\/\/actbr.com.br\/wp-content\/uploads\/2025\/02\/cropped-ACT_NEGATIVO-marca-dagua.png\",\"width\":240,\"height\":146,\"caption\":\"ACT Sistemas Hidr\u00e1ulicos\"},\"image\":{\"@id\":\"https:\/\/actbr.com.br\/es\/#\/schema\/logo\/image\/\"}}]}<\/script>\n<!-- \/ Yoast SEO plugin. -->","yoast_head_json":{"title":"Bomba de Pist\u00f5es Radiais ATOS - PFR - ACT Sistemas Hidr\u00e1ulicos","description":"A Bomba de Pist\u00f5es Radiais ATOS - PFR \u00e9 espec\u00edfica para altas press\u00f5es e apresenta longa vida operativa em aplica\u00e7\u00f5es pesadas.","robots":{"index":"index","follow":"follow","max-snippet":"max-snippet:-1","max-image-preview":"max-image-preview:large","max-video-preview":"max-video-preview:-1"},"canonical":"https:\/\/actbr.com.br\/es\/producto\/bomba-de-pistoes-radiais-atos-pfr\/","og_locale":"es_ES","og_type":"article","og_title":"Bomba de Pist\u00f5es Radiais ATOS - PFR - ACT Sistemas Hidr\u00e1ulicos","og_description":"A Bomba de Pist\u00f5es Radiais ATOS - PFR \u00e9 espec\u00edfica para altas press\u00f5es e apresenta longa vida operativa em aplica\u00e7\u00f5es pesadas.","og_url":"https:\/\/actbr.com.br\/es\/producto\/bomba-de-pistoes-radiais-atos-pfr\/","og_site_name":"ACT Sistemas Hidr\u00e1ulicos","article_modified_time":"2023-12-11T19:37:59+00:00","og_image":[{"width":800,"height":600,"url":"https:\/\/actbr.com.br\/wp-content\/uploads\/2020\/09\/pfr-atos-bomba-de-pistoes.jpg","type":"image\/jpeg"}],"twitter_card":"summary_large_image","twitter_misc":{"Tiempo de lectura":"1 minuto"},"schema":{"@context":"https:\/\/schema.org","@graph":[{"@type":"WebPage","@id":"https:\/\/actbr.com.br\/es\/producto\/bomba-de-pistoes-radiais-atos-pfr\/","url":"https:\/\/actbr.com.br\/es\/producto\/bomba-de-pistoes-radiais-atos-pfr\/","name":"Bomba de Pist\u00f5es Radiais ATOS - PFR - ACT Sistemas Hidr\u00e1ulicos","isPartOf":{"@id":"https:\/\/actbr.com.br\/es\/#website"},"primaryImageOfPage":{"@id":"https:\/\/actbr.com.br\/es\/producto\/bomba-de-pistoes-radiais-atos-pfr\/#primaryimage"},"image":{"@id":"https:\/\/actbr.com.br\/es\/producto\/bomba-de-pistoes-radiais-atos-pfr\/#primaryimage"},"thumbnailUrl":"https:\/\/actbr.com.br\/wp-content\/uploads\/2020\/09\/pfr-atos-bomba-de-pistoes.jpg","datePublished":"2020-09-29T15:35:42+00:00","dateModified":"2023-12-11T19:37:59+00:00","description":"A Bomba de Pist\u00f5es Radiais ATOS - PFR \u00e9 espec\u00edfica para altas press\u00f5es e apresenta longa vida operativa em aplica\u00e7\u00f5es pesadas.","breadcrumb":{"@id":"https:\/\/actbr.com.br\/es\/producto\/bomba-de-pistoes-radiais-atos-pfr\/#breadcrumb"},"inLanguage":"es","potentialAction":[{"@type":"ReadAction","target":["https:\/\/actbr.com.br\/es\/producto\/bomba-de-pistoes-radiais-atos-pfr\/"]}]},{"@type":"ImageObject","inLanguage":"es","@id":"https:\/\/actbr.com.br\/es\/producto\/bomba-de-pistoes-radiais-atos-pfr\/#primaryimage","url":"https:\/\/actbr.com.br\/wp-content\/uploads\/2020\/09\/pfr-atos-bomba-de-pistoes.jpg","contentUrl":"https:\/\/actbr.com.br\/wp-content\/uploads\/2020\/09\/pfr-atos-bomba-de-pistoes.jpg","width":800,"height":600,"caption":"Bombas de Pist\u00f5es ATOS -PFR"},{"@type":"BreadcrumbList","@id":"https:\/\/actbr.com.br\/es\/producto\/bomba-de-pistoes-radiais-atos-pfr\/#breadcrumb","itemListElement":[{"@type":"ListItem","position":1,"name":"Comenzar","item":"https:\/\/actbr.com.br\/es\/"},{"@type":"ListItem","position":2,"name":"Produtos","item":"https:\/\/actbr.com.br\/produtos-act\/"},{"@type":"ListItem","position":3,"name":"Bombas Hidr\u00e1ulicas","item":"https:\/\/actbr.com.br\/es\/categoria-produto\/bombas-hidraulicas\/"},{"@type":"ListItem","position":4,"name":"Bomba de Pist\u00f5es Radiais ATOS &#8211; PFR"}]},{"@type":"WebSite","@id":"https:\/\/actbr.com.br\/es\/#website","url":"https:\/\/actbr.com.br\/es\/","name":"ACT Sistemas Hidr\u00e1ulicos","description":"Fabricaci\u00f3n y mantenimiento de componentes de aceite hidr\u00e1ulico","publisher":{"@id":"https:\/\/actbr.com.br\/es\/#organization"},"potentialAction":[{"@type":"SearchAction","target":{"@type":"EntryPoint","urlTemplate":"https:\/\/actbr.com.br\/es\/?s={search_term_string}"},"query-input":{"@type":"PropertyValueSpecification","valueRequired":true,"valueName":"search_term_string"}}],"inLanguage":"es"},{"@type":"Organization","@id":"https:\/\/actbr.com.br\/es\/#organization","name":"ACT Sistemas Hidr\u00e1ulicos","url":"https:\/\/actbr.com.br\/es\/","logo":{"@type":"ImageObject","inLanguage":"es","@id":"https:\/\/actbr.com.br\/es\/#\/schema\/logo\/image\/","url":"https:\/\/actbr.com.br\/wp-content\/uploads\/2025\/02\/cropped-ACT_NEGATIVO-marca-dagua.png","contentUrl":"https:\/\/actbr.com.br\/wp-content\/uploads\/2025\/02\/cropped-ACT_NEGATIVO-marca-dagua.png","width":240,"height":146,"caption":"ACT Sistemas Hidr\u00e1ulicos"},"image":{"@id":"https:\/\/actbr.com.br\/es\/#\/schema\/logo\/image\/"}}]}},"_links":{"self":[{"href":"https:\/\/actbr.com.br\/es\/wp-json\/wp\/v2\/product\/3157","targetHints":{"allow":["GET"]}}],"collection":[{"href":"https:\/\/actbr.com.br\/es\/wp-json\/wp\/v2\/product"}],"about":[{"href":"https:\/\/actbr.com.br\/es\/wp-json\/wp\/v2\/types\/product"}],"wp:featuredmedia":[{"embeddable":true,"href":"https:\/\/actbr.com.br\/es\/wp-json\/wp\/v2\/media\/7432"}],"wp:attachment":[{"href":"https:\/\/actbr.com.br\/es\/wp-json\/wp\/v2\/media?parent=3157"}],"wp:term":[{"taxonomy":"product_brand","embeddable":true,"href":"https:\/\/actbr.com.br\/es\/wp-json\/wp\/v2\/product_brand?post=3157"},{"taxonomy":"product_cat","embeddable":true,"href":"https:\/\/actbr.com.br\/es\/wp-json\/wp\/v2\/product_cat?post=3157"},{"taxonomy":"product_tag","embeddable":true,"href":"https:\/\/actbr.com.br\/es\/wp-json\/wp\/v2\/product_tag?post=3157"}],"curies":[{"name":"wp","href":"https:\/\/api.w.org\/{rel}","templated":true}]}}