{"id":3160,"date":"2020-09-29T12:35:42","date_gmt":"2020-09-29T15:35:42","guid":{"rendered":"https:\/\/actbr.com.br\/produto\/grupo-motobomba-com-bomba-kracht-engrenagens\/"},"modified":"2023-06-30T10:23:24","modified_gmt":"2023-06-30T13:23:24","slug":"grupo-motobomba-bomba-engrenagens","status":"publish","type":"product","link":"https:\/\/actbr.com.br\/es\/producto\/grupo-motobomba-bomba-engrenagens\/","title":{"rendered":"Grupo Motobomba \u2013 Bomba Engrenagens"},"content":{"rendered":"<div id=\"detalhes\"><strong>Grupo Motobomba com Bomba de Engrenagens (KRACHT)<\/strong><\/div>\n<div><\/div>\n<div>A ACT fabrica o Grupo Motobomba \u2013 Bomba Engrenagens Helicoidais KRACHT, destinado a equipamentos de lubrifica\u00e7\u00e3o e refrigera\u00e7\u00e3o onde, por requisitos t\u00e9cnicos e funcionais, se faz necess\u00e1rio a utiliza\u00e7\u00e3o de \u00f3leo de alta viscosidade.<\/div>\n<div><\/div>\n<div>Nosso conjunto motobomba reduz a \u00abpulsa\u00e7\u00e3o\u00bb da aplica\u00e7\u00e3o devido a geometria das engrenagens da bomba, proporciona estabilidade funcional, evita sobrecargas no motor el\u00e9trico e garante o fornecimento do volume adequado do \u00f3leo para o sistema.<\/div>\n<div><\/div>\n<div>Aplica\u00e7\u00e3o: sistemas de lubrifica\u00e7\u00e3o, filtragem e refrigera\u00e7\u00e3o para Redutores industriais.<\/div>\n<div>Setores: A\u00e7\u00facar e \u00c1lcool, Minera\u00e7\u00e3o, Energia E\u00f3lica, Papel e Celulose, Turbinas e Geradores, Mancais de M\u00e1quinas, Equipamentos de usinagem, entre outros.<\/div>\n<div><\/div>\n<div><\/div>\n<div>Flange de liga\u00e7\u00e3o:<\/div>\n<p><img decoding=\"async\" src=\"https:\/\/actbr.com.br\/wp-content\/uploads\/2020\/09\/flange-motobomba-aluminio.jpg\" alt=\"\" \/><\/p>\n<div style=\"margin: 0px; padding: 100px 0px 0px; width: 890px; float: left; color: #4f4f4f; font-family: 'Trebuchet MS', Arial, Helvetica, sans-serif; font-size: 12px;\">\n<p><img decoding=\"async\" src=\"https:\/\/actbr.com.br\/wp-content\/uploads\/2020\/09\/flange-motobomba-aluminio-kracht.jpg\" alt=\"\" \/><\/p>\n<p>&nbsp;<\/p>\n<p>Dimens\u00f5es do conjunto motobomba:<\/p>\n<p style=\"margin-right: 0px; margin-bottom: 1.3em; margin-left: 0px; padding: 0px; font-size: 14px; line-height: 20px;\"><img fetchpriority=\"high\" decoding=\"async\" class=\"alignnone\" src=\"https:\/\/actbr.com.br\/wp-content\/uploads\/2020\/09\/dimensoes-moto-bomba.jpg\" alt=\"Diagrama do grupo motobomba\" width=\"705\" height=\"611\" \/><br \/>\n<img decoding=\"async\" style=\"margin: 0px; padding: 0px; border: 0px; width: 756px; height: 273px;\" src=\"https:\/\/actbr.com.br\/wp-content\/uploads\/2020\/09\/dimensoes-moto-bomba-kf-2_5-25.jpg\" alt=\"\" \/><br \/>\n<img decoding=\"async\" style=\"margin: 0px; padding: 0px; border: 0px; width: 756px; height: 322px;\" src=\"https:\/\/actbr.com.br\/wp-content\/uploads\/2020\/09\/dimensoes-moto-bomba-kf-32-80.jpg\" alt=\"\" \/><br \/>\n<img decoding=\"async\" style=\"margin: 0px; padding: 0px; border: 0px; width: 756px; height: 299px;\" src=\"https:\/\/actbr.com.br\/wp-content\/uploads\/2020\/09\/dimensoes-moto-bomba-kf-100-200.jpg\" alt=\"\" \/><br \/>\n<span style=\"font-family: Arial;\">Informa\u00e7\u00f5es sobre os conjuntos:<br \/>\n<\/span><img decoding=\"async\" class=\"alignnone\" style=\"margin: 0px; padding: 0px; border: 0px; width: 757px; height: 351px;\" src=\"https:\/\/actbr.com.br\/wp-content\/uploads\/2020\/09\/informacoes-moto-bomba-2_5-25kf.jpg\" alt=\"Tabela grupo moto bomba\" width=\"757\" height=\"351\" \/><br \/>\n<img decoding=\"async\" class=\"alignnone\" style=\"margin: 0px; padding: 0px; border: 0px; width: 757px; height: 403px;\" src=\"https:\/\/actbr.com.br\/wp-content\/uploads\/2020\/09\/informacoes-moto-bomba-32-80kf.jpg\" alt=\"Tabela grupo moto bomba\" width=\"757\" height=\"403\" \/><br \/>\n<img decoding=\"async\" style=\"margin: 0px; padding: 0px; border: 0px; width: 757px; height: 385px;\" src=\"https:\/\/actbr.com.br\/wp-content\/uploads\/2020\/09\/informacoes-moto-bomba-100-200kf.jpg\" alt=\"\" \/><\/p>\n<\/div>\n<div id=\"relacionados\" style=\"margin: 0px; padding: 100px 0px 0px; float: left; width: 890px; color: #4f4f4f; font-family: 'Trebuchet MS', Arial, Helvetica, sans-serif; font-size: 12px;\"><\/div>\n","protected":false},"excerpt":{"rendered":"<p>A ACT fabrica o Grupo Motobomba \u2013 Bomba Engrenagens Helicoidais KRACHT, destinado a equipamentos de lubrifica\u00e7\u00e3o e refrigera\u00e7\u00e3o.<\/p>\n","protected":false},"featured_media":7122,"template":"","meta":[],"product_brand":[],"product_cat":[45,44],"product_tag":[],"class_list":{"0":"post-3160","1":"product","2":"type-product","3":"status-publish","4":"has-post-thumbnail","6":"product_cat-grupo-moto-bomba","7":"product_cat-unidades-hidraulica","9":"first","10":"instock","11":"virtual","12":"product-type-simple"},"yoast_head":"<!-- This site is optimized with the Yoast SEO plugin v27.2 - https:\/\/yoast.com\/product\/yoast-seo-wordpress\/ -->\n<title>Grupo Motobomba - Bomba Engrenagens - ACT Sistemas Hidr\u00e1ulicos<\/title>\n<meta name=\"description\" content=\"A ACT fabrica o Grupo Motobomba - Bomba Engrenagens Helicoidais KRACHT, destinado a equipamentos de lubrifica\u00e7\u00e3o e refrigera\u00e7\u00e3o.\" \/>\n<meta name=\"robots\" content=\"index, follow, max-snippet:-1, max-image-preview:large, max-video-preview:-1\" \/>\n<link rel=\"canonical\" href=\"https:\/\/actbr.com.br\/es\/producto\/grupo-motobomba-bomba-engrenagens\/\" \/>\n<meta property=\"og:locale\" content=\"es_ES\" \/>\n<meta property=\"og:type\" content=\"article\" \/>\n<meta property=\"og:title\" content=\"Grupo Motobomba - Bomba Engrenagens - ACT Sistemas Hidr\u00e1ulicos\" \/>\n<meta property=\"og:description\" content=\"A ACT fabrica o Grupo Motobomba - Bomba Engrenagens Helicoidais KRACHT, destinado a equipamentos de lubrifica\u00e7\u00e3o e refrigera\u00e7\u00e3o.\" \/>\n<meta property=\"og:url\" content=\"https:\/\/actbr.com.br\/es\/producto\/grupo-motobomba-bomba-engrenagens\/\" \/>\n<meta property=\"og:site_name\" content=\"ACT Sistemas Hidr\u00e1ulicos\" \/>\n<meta property=\"article:modified_time\" content=\"2023-06-30T13:23:24+00:00\" \/>\n<meta property=\"og:image\" content=\"https:\/\/actbr.com.br\/wp-content\/uploads\/2023\/06\/grupo-moto-bomba.jpg\" \/>\n\t<meta property=\"og:image:width\" content=\"600\" \/>\n\t<meta property=\"og:image:height\" content=\"491\" \/>\n\t<meta property=\"og:image:type\" content=\"image\/jpeg\" \/>\n<meta name=\"twitter:card\" content=\"summary_large_image\" \/>\n<meta name=\"twitter:label1\" content=\"Tiempo de lectura\" \/>\n\t<meta name=\"twitter:data1\" content=\"3 minutos\" \/>\n<script type=\"application\/ld+json\" class=\"yoast-schema-graph\">{\"@context\":\"https:\/\/schema.org\",\"@graph\":[{\"@type\":\"WebPage\",\"@id\":\"https:\/\/actbr.com.br\/es\/producto\/grupo-motobomba-bomba-engrenagens\/\",\"url\":\"https:\/\/actbr.com.br\/es\/producto\/grupo-motobomba-bomba-engrenagens\/\",\"name\":\"Grupo Motobomba - Bomba Engrenagens - ACT Sistemas Hidr\u00e1ulicos\",\"isPartOf\":{\"@id\":\"https:\/\/actbr.com.br\/es\/#website\"},\"primaryImageOfPage\":{\"@id\":\"https:\/\/actbr.com.br\/es\/producto\/grupo-motobomba-bomba-engrenagens\/#primaryimage\"},\"image\":{\"@id\":\"https:\/\/actbr.com.br\/es\/producto\/grupo-motobomba-bomba-engrenagens\/#primaryimage\"},\"thumbnailUrl\":\"https:\/\/actbr.com.br\/wp-content\/uploads\/2023\/06\/grupo-moto-bomba.jpg\",\"datePublished\":\"2020-09-29T15:35:42+00:00\",\"dateModified\":\"2023-06-30T13:23:24+00:00\",\"description\":\"A ACT fabrica o Grupo Motobomba - Bomba Engrenagens Helicoidais KRACHT, destinado a equipamentos de lubrifica\u00e7\u00e3o e refrigera\u00e7\u00e3o.\",\"breadcrumb\":{\"@id\":\"https:\/\/actbr.com.br\/es\/producto\/grupo-motobomba-bomba-engrenagens\/#breadcrumb\"},\"inLanguage\":\"es\",\"potentialAction\":[{\"@type\":\"ReadAction\",\"target\":[\"https:\/\/actbr.com.br\/es\/producto\/grupo-motobomba-bomba-engrenagens\/\"]}]},{\"@type\":\"ImageObject\",\"inLanguage\":\"es\",\"@id\":\"https:\/\/actbr.com.br\/es\/producto\/grupo-motobomba-bomba-engrenagens\/#primaryimage\",\"url\":\"https:\/\/actbr.com.br\/wp-content\/uploads\/2023\/06\/grupo-moto-bomba.jpg\",\"contentUrl\":\"https:\/\/actbr.com.br\/wp-content\/uploads\/2023\/06\/grupo-moto-bomba.jpg\",\"width\":600,\"height\":491,\"caption\":\"Grupo Motobomba com Bomba de Engrenagens\"},{\"@type\":\"BreadcrumbList\",\"@id\":\"https:\/\/actbr.com.br\/es\/producto\/grupo-motobomba-bomba-engrenagens\/#breadcrumb\",\"itemListElement\":[{\"@type\":\"ListItem\",\"position\":1,\"name\":\"Comenzar\",\"item\":\"https:\/\/actbr.com.br\/es\/\"},{\"@type\":\"ListItem\",\"position\":2,\"name\":\"Produtos\",\"item\":\"https:\/\/actbr.com.br\/produtos-act\/\"},{\"@type\":\"ListItem\",\"position\":3,\"name\":\"Unidades hidr\u00e1ulica\",\"item\":\"https:\/\/actbr.com.br\/es\/categoria-produto\/unidades-hidraulica\/\"},{\"@type\":\"ListItem\",\"position\":4,\"name\":\"Grupo Moto-Bomba\",\"item\":\"https:\/\/actbr.com.br\/es\/categoria-produto\/unidades-hidraulica\/grupo-moto-bomba\/\"},{\"@type\":\"ListItem\",\"position\":5,\"name\":\"Grupo Motobomba &#8211; Bomba Engrenagens\"}]},{\"@type\":\"WebSite\",\"@id\":\"https:\/\/actbr.com.br\/es\/#website\",\"url\":\"https:\/\/actbr.com.br\/es\/\",\"name\":\"ACT Sistemas Hidr\u00e1ulicos\",\"description\":\"Fabricaci\u00f3n y mantenimiento de componentes de aceite hidr\u00e1ulico\",\"publisher\":{\"@id\":\"https:\/\/actbr.com.br\/es\/#organization\"},\"potentialAction\":[{\"@type\":\"SearchAction\",\"target\":{\"@type\":\"EntryPoint\",\"urlTemplate\":\"https:\/\/actbr.com.br\/es\/?s={search_term_string}\"},\"query-input\":{\"@type\":\"PropertyValueSpecification\",\"valueRequired\":true,\"valueName\":\"search_term_string\"}}],\"inLanguage\":\"es\"},{\"@type\":\"Organization\",\"@id\":\"https:\/\/actbr.com.br\/es\/#organization\",\"name\":\"ACT Sistemas Hidr\u00e1ulicos\",\"url\":\"https:\/\/actbr.com.br\/es\/\",\"logo\":{\"@type\":\"ImageObject\",\"inLanguage\":\"es\",\"@id\":\"https:\/\/actbr.com.br\/es\/#\/schema\/logo\/image\/\",\"url\":\"https:\/\/actbr.com.br\/wp-content\/uploads\/2025\/02\/cropped-ACT_NEGATIVO-marca-dagua.png\",\"contentUrl\":\"https:\/\/actbr.com.br\/wp-content\/uploads\/2025\/02\/cropped-ACT_NEGATIVO-marca-dagua.png\",\"width\":240,\"height\":146,\"caption\":\"ACT Sistemas Hidr\u00e1ulicos\"},\"image\":{\"@id\":\"https:\/\/actbr.com.br\/es\/#\/schema\/logo\/image\/\"}}]}<\/script>\n<!-- \/ Yoast SEO plugin. -->","yoast_head_json":{"title":"Grupo Motobomba - Bomba Engrenagens - ACT Sistemas Hidr\u00e1ulicos","description":"A ACT fabrica o Grupo Motobomba - Bomba Engrenagens Helicoidais KRACHT, destinado a equipamentos de lubrifica\u00e7\u00e3o e refrigera\u00e7\u00e3o.","robots":{"index":"index","follow":"follow","max-snippet":"max-snippet:-1","max-image-preview":"max-image-preview:large","max-video-preview":"max-video-preview:-1"},"canonical":"https:\/\/actbr.com.br\/es\/producto\/grupo-motobomba-bomba-engrenagens\/","og_locale":"es_ES","og_type":"article","og_title":"Grupo Motobomba - Bomba Engrenagens - ACT Sistemas Hidr\u00e1ulicos","og_description":"A ACT fabrica o Grupo Motobomba - Bomba Engrenagens Helicoidais KRACHT, destinado a equipamentos de lubrifica\u00e7\u00e3o e refrigera\u00e7\u00e3o.","og_url":"https:\/\/actbr.com.br\/es\/producto\/grupo-motobomba-bomba-engrenagens\/","og_site_name":"ACT Sistemas Hidr\u00e1ulicos","article_modified_time":"2023-06-30T13:23:24+00:00","og_image":[{"width":600,"height":491,"url":"https:\/\/actbr.com.br\/wp-content\/uploads\/2023\/06\/grupo-moto-bomba.jpg","type":"image\/jpeg"}],"twitter_card":"summary_large_image","twitter_misc":{"Tiempo de lectura":"3 minutos"},"schema":{"@context":"https:\/\/schema.org","@graph":[{"@type":"WebPage","@id":"https:\/\/actbr.com.br\/es\/producto\/grupo-motobomba-bomba-engrenagens\/","url":"https:\/\/actbr.com.br\/es\/producto\/grupo-motobomba-bomba-engrenagens\/","name":"Grupo Motobomba - Bomba Engrenagens - ACT Sistemas Hidr\u00e1ulicos","isPartOf":{"@id":"https:\/\/actbr.com.br\/es\/#website"},"primaryImageOfPage":{"@id":"https:\/\/actbr.com.br\/es\/producto\/grupo-motobomba-bomba-engrenagens\/#primaryimage"},"image":{"@id":"https:\/\/actbr.com.br\/es\/producto\/grupo-motobomba-bomba-engrenagens\/#primaryimage"},"thumbnailUrl":"https:\/\/actbr.com.br\/wp-content\/uploads\/2023\/06\/grupo-moto-bomba.jpg","datePublished":"2020-09-29T15:35:42+00:00","dateModified":"2023-06-30T13:23:24+00:00","description":"A ACT fabrica o Grupo Motobomba - Bomba Engrenagens Helicoidais KRACHT, destinado a equipamentos de lubrifica\u00e7\u00e3o e refrigera\u00e7\u00e3o.","breadcrumb":{"@id":"https:\/\/actbr.com.br\/es\/producto\/grupo-motobomba-bomba-engrenagens\/#breadcrumb"},"inLanguage":"es","potentialAction":[{"@type":"ReadAction","target":["https:\/\/actbr.com.br\/es\/producto\/grupo-motobomba-bomba-engrenagens\/"]}]},{"@type":"ImageObject","inLanguage":"es","@id":"https:\/\/actbr.com.br\/es\/producto\/grupo-motobomba-bomba-engrenagens\/#primaryimage","url":"https:\/\/actbr.com.br\/wp-content\/uploads\/2023\/06\/grupo-moto-bomba.jpg","contentUrl":"https:\/\/actbr.com.br\/wp-content\/uploads\/2023\/06\/grupo-moto-bomba.jpg","width":600,"height":491,"caption":"Grupo Motobomba com Bomba de Engrenagens"},{"@type":"BreadcrumbList","@id":"https:\/\/actbr.com.br\/es\/producto\/grupo-motobomba-bomba-engrenagens\/#breadcrumb","itemListElement":[{"@type":"ListItem","position":1,"name":"Comenzar","item":"https:\/\/actbr.com.br\/es\/"},{"@type":"ListItem","position":2,"name":"Produtos","item":"https:\/\/actbr.com.br\/produtos-act\/"},{"@type":"ListItem","position":3,"name":"Unidades hidr\u00e1ulica","item":"https:\/\/actbr.com.br\/es\/categoria-produto\/unidades-hidraulica\/"},{"@type":"ListItem","position":4,"name":"Grupo Moto-Bomba","item":"https:\/\/actbr.com.br\/es\/categoria-produto\/unidades-hidraulica\/grupo-moto-bomba\/"},{"@type":"ListItem","position":5,"name":"Grupo Motobomba &#8211; Bomba Engrenagens"}]},{"@type":"WebSite","@id":"https:\/\/actbr.com.br\/es\/#website","url":"https:\/\/actbr.com.br\/es\/","name":"ACT Sistemas Hidr\u00e1ulicos","description":"Fabricaci\u00f3n y mantenimiento de componentes de aceite hidr\u00e1ulico","publisher":{"@id":"https:\/\/actbr.com.br\/es\/#organization"},"potentialAction":[{"@type":"SearchAction","target":{"@type":"EntryPoint","urlTemplate":"https:\/\/actbr.com.br\/es\/?s={search_term_string}"},"query-input":{"@type":"PropertyValueSpecification","valueRequired":true,"valueName":"search_term_string"}}],"inLanguage":"es"},{"@type":"Organization","@id":"https:\/\/actbr.com.br\/es\/#organization","name":"ACT Sistemas Hidr\u00e1ulicos","url":"https:\/\/actbr.com.br\/es\/","logo":{"@type":"ImageObject","inLanguage":"es","@id":"https:\/\/actbr.com.br\/es\/#\/schema\/logo\/image\/","url":"https:\/\/actbr.com.br\/wp-content\/uploads\/2025\/02\/cropped-ACT_NEGATIVO-marca-dagua.png","contentUrl":"https:\/\/actbr.com.br\/wp-content\/uploads\/2025\/02\/cropped-ACT_NEGATIVO-marca-dagua.png","width":240,"height":146,"caption":"ACT Sistemas Hidr\u00e1ulicos"},"image":{"@id":"https:\/\/actbr.com.br\/es\/#\/schema\/logo\/image\/"}}]}},"_links":{"self":[{"href":"https:\/\/actbr.com.br\/es\/wp-json\/wp\/v2\/product\/3160","targetHints":{"allow":["GET"]}}],"collection":[{"href":"https:\/\/actbr.com.br\/es\/wp-json\/wp\/v2\/product"}],"about":[{"href":"https:\/\/actbr.com.br\/es\/wp-json\/wp\/v2\/types\/product"}],"wp:featuredmedia":[{"embeddable":true,"href":"https:\/\/actbr.com.br\/es\/wp-json\/wp\/v2\/media\/7122"}],"wp:attachment":[{"href":"https:\/\/actbr.com.br\/es\/wp-json\/wp\/v2\/media?parent=3160"}],"wp:term":[{"taxonomy":"product_brand","embeddable":true,"href":"https:\/\/actbr.com.br\/es\/wp-json\/wp\/v2\/product_brand?post=3160"},{"taxonomy":"product_cat","embeddable":true,"href":"https:\/\/actbr.com.br\/es\/wp-json\/wp\/v2\/product_cat?post=3160"},{"taxonomy":"product_tag","embeddable":true,"href":"https:\/\/actbr.com.br\/es\/wp-json\/wp\/v2\/product_tag?post=3160"}],"curies":[{"name":"wp","href":"https:\/\/api.w.org\/{rel}","templated":true}]}}