{"id":3211,"date":"2020-09-29T12:35:42","date_gmt":"2020-09-29T15:35:42","guid":{"rendered":"https:\/\/actbr.com.br\/produto\/valvulas-de-retencao-pilotada-atos-%c2%96-adrl\/"},"modified":"2023-10-11T08:36:25","modified_gmt":"2023-10-11T11:36:25","slug":"valvula-de-retencao-pilotada-em-linha-adrl-agrl-agrle","status":"publish","type":"product","link":"https:\/\/actbr.com.br\/es\/producto\/valvula-de-retencao-pilotada-em-linha-adrl-agrl-agrle\/","title":{"rendered":"V\u00e1lvula de Reten\u00e7\u00e3o Pilotada em Linha ADRL AGRL AGRLE"},"content":{"rendered":"<p><strong>V\u00e1lvula de Reten\u00e7\u00e3o Pilotada ADRL AGRL AGRLE<\/strong><\/p>\n<p>Consulte aqui as caracter\u00edsticas e op\u00e7\u00f5es de configura\u00e7\u00e3o da V\u00e1lvula de Reten\u00e7\u00e3o Pilotada ADRL, que \u00e9 fabricada pela ATOS.<\/p>\n<p><strong>Caracter\u00edsticas das v\u00e1lvulas ATOS:<\/strong><\/p>\n<p><img decoding=\"async\" src=\"https:\/\/actbr.com.br\/wp-content\/uploads\/2020\/09\/agrl-adrl-atos.jpg\" alt=\"\" \/><br \/>\n<img decoding=\"async\" src=\"https:\/\/actbr.com.br\/wp-content\/uploads\/2020\/09\/adrl-atos.jpg\" alt=\"\" \/><br \/>\n<img decoding=\"async\" src=\"https:\/\/actbr.com.br\/wp-content\/uploads\/2020\/09\/agrl-atos.jpg\" alt=\"\" \/><br \/>\n<img decoding=\"async\" src=\"https:\/\/actbr.com.br\/wp-content\/uploads\/2020\/09\/agrle-atos.jpg\" alt=\"\" \/><br \/>\nADRL-10<br \/>\nV\u00e1lvula de reten\u00e7\u00e3o pilotada em linha, tamanho G 3\/8\u2033, constru\u00edda sobre a norma ISO 5781;<br \/>\nTtrabalha em vaz\u00f5es de at\u00e9 30 litros por minuto, resistindo a press\u00f5es de at\u00e9 350 bar.<\/p>\n<p>ADRL-20<br \/>\nV\u00e1lvula de reten\u00e7\u00e3o pilotada em linha, tamanho G 1\/2\u2033, constru\u00edda sobre a norma ISO 5781;<br \/>\nTrabalha em vaz\u00f5es de at\u00e9 60 litros por minuto, resistindo a press\u00f5es de at\u00e9 350 bar.<\/p>\n<p>ADRL-30<br \/>\nV\u00e1lvula de reten\u00e7\u00e3o pilotada em linha, tamanho G 3\/4\u2033, constru\u00edda sobre a norma ISO 5781;<br \/>\nTrabalha em vaz\u00f5es de at\u00e9 100 litros por minuto, resistindo a press\u00f5es de at\u00e9 350 bar.<\/p>\n<p>ADRL-32<br \/>\nV\u00e1lvula de reten\u00e7\u00e3o pilotada em linha, tamanho G 1 1\/4\u2033, constru\u00edda sobre a norma ISO 5781;<br \/>\nTrabalha em vaz\u00f5es de at\u00e9 300 litros por minuto, resistindo a press\u00f5es de at\u00e9 350 bar.<\/p>\n<p>AGRL-10<br \/>\nV\u00e1lvula de reten\u00e7\u00e3o pilotada modelo sobre placa, duas vias, tamanho 10 (TN10), constru\u00edda sobre a norma ISO 5781;<br \/>\nTrabalha em vaz\u00f5es de at\u00e9 160 litros por minuto, resistindo em press\u00f5es de at\u00e9 315 bar.<\/p>\n<p>AGRLE-10<br \/>\nV\u00e1lvula de reten\u00e7\u00e3o pilotada modelo sobre placa, tr\u00eas vias (com dreno externo), tamanho 10 (TN10), constru\u00edda sobre a norma ISO 5781;<br \/>\nTrabalha em vaz\u00f5es de at\u00e9 160 litros por minuto, resistindo em press\u00f5es de at\u00e9 315 bar.<\/p>\n<p>AGRL-20<br \/>\nV\u00e1lvula de reten\u00e7\u00e3o pilotada modelo sobre placa, duas vias, tamanho 20 (TN20), constru\u00edda sobre a norma ISO 5781;<br \/>\nTrabalha em vaz\u00f5es de at\u00e9 300 litros por minuto, resistindo em press\u00f5es de at\u00e9 315 bar.<\/p>\n<p>AGRLE-20<br \/>\nV\u00e1lvula de reten\u00e7\u00e3o pilotada modelo sobre placa, tr\u00eas vias (com dreno externo), tamanho 20 (TN20), constru\u00edda sobre a norma ISO 5781;<br \/>\nTrabalha em vaz\u00f5es de at\u00e9 300 litros por minuto, resistindo em press\u00f5es de at\u00e9 315 bar.<\/p>\n<p>AGRL-30<br \/>\nV\u00e1lvula de reten\u00e7\u00e3o pilotada modelo sobre placa, duas vias, tamanho 32 (TN32), constru\u00edda sobre a norma ISO 5781;<br \/>\nTrabalha em vaz\u00f5es de at\u00e9 500 litros por minuto, resistindo em press\u00f5es de at\u00e9 315 bar.<\/p>\n<p>AGRLE-30<br \/>\nV\u00e1lvula de reten\u00e7\u00e3o pilotada modelo sobre placa, tr\u00eas vias (com dreno externo), tamanho 32 (TN32), constru\u00edda sobre a norma ISO 5781;<br \/>\nTrabalha em vaz\u00f5es de at\u00e9 500 litros por minuto, resistindo em press\u00f5es de at\u00e9 315 bar.<\/p>\n","protected":false},"excerpt":{"rendered":"<p>Consulte aqui as caracter\u00edsticas e op\u00e7\u00f5es de configura\u00e7\u00e3o da V\u00e1lvula de Reten\u00e7\u00e3o Pilotada ADRL, que \u00e9 fabricada pela ATOS.<\/p>\n","protected":false},"featured_media":8305,"template":"","meta":[],"product_brand":[],"product_cat":[57,50],"product_tag":[],"class_list":{"0":"post-3211","1":"product","2":"type-product","3":"status-publish","4":"has-post-thumbnail","6":"product_cat-retencao-pilotada-adrl","7":"product_cat-valvulas-em-linha","9":"first","10":"instock","11":"virtual","12":"product-type-simple"},"yoast_head":"<!-- This site is optimized with the Yoast SEO plugin v27.2 - https:\/\/yoast.com\/product\/yoast-seo-wordpress\/ -->\n<title>V\u00e1lvula de Reten\u00e7\u00e3o Pilotada em Linha ADRL AGRL AGRLE - ACT Sistemas Hidr\u00e1ulicos<\/title>\n<meta name=\"description\" content=\"Consulte aqui as caracter\u00edsticas e op\u00e7\u00f5es de configura\u00e7\u00e3o da V\u00e1lvula de Reten\u00e7\u00e3o Pilotada ADRL, AGRL e AGRLE, modelos fabricados pela ATOS.\" \/>\n<meta name=\"robots\" content=\"index, follow, max-snippet:-1, max-image-preview:large, max-video-preview:-1\" \/>\n<link rel=\"canonical\" href=\"https:\/\/actbr.com.br\/es\/producto\/valvula-de-retencao-pilotada-em-linha-adrl-agrl-agrle\/\" \/>\n<meta property=\"og:locale\" content=\"es_ES\" \/>\n<meta property=\"og:type\" content=\"article\" \/>\n<meta property=\"og:title\" content=\"V\u00e1lvula de Reten\u00e7\u00e3o Pilotada em Linha ADRL AGRL AGRLE - ACT Sistemas Hidr\u00e1ulicos\" \/>\n<meta property=\"og:description\" content=\"Consulte aqui as caracter\u00edsticas e op\u00e7\u00f5es de configura\u00e7\u00e3o da V\u00e1lvula de Reten\u00e7\u00e3o Pilotada ADRL, AGRL e AGRLE, modelos fabricados pela ATOS.\" \/>\n<meta property=\"og:url\" content=\"https:\/\/actbr.com.br\/es\/producto\/valvula-de-retencao-pilotada-em-linha-adrl-agrl-agrle\/\" \/>\n<meta property=\"og:site_name\" content=\"ACT Sistemas Hidr\u00e1ulicos\" \/>\n<meta property=\"article:modified_time\" content=\"2023-10-11T11:36:25+00:00\" \/>\n<meta property=\"og:image\" content=\"https:\/\/actbr.com.br\/wp-content\/uploads\/2020\/09\/valvula-de-retencao-pilotada-agrl-1.jpg\" \/>\n\t<meta property=\"og:image:width\" content=\"304\" \/>\n\t<meta property=\"og:image:height\" content=\"200\" \/>\n\t<meta property=\"og:image:type\" content=\"image\/jpeg\" \/>\n<meta name=\"twitter:card\" content=\"summary_large_image\" \/>\n<meta name=\"twitter:label1\" content=\"Tiempo de lectura\" \/>\n\t<meta name=\"twitter:data1\" content=\"3 minutos\" \/>\n<script type=\"application\/ld+json\" class=\"yoast-schema-graph\">{\"@context\":\"https:\/\/schema.org\",\"@graph\":[{\"@type\":\"WebPage\",\"@id\":\"https:\/\/actbr.com.br\/es\/producto\/valvula-de-retencao-pilotada-em-linha-adrl-agrl-agrle\/\",\"url\":\"https:\/\/actbr.com.br\/es\/producto\/valvula-de-retencao-pilotada-em-linha-adrl-agrl-agrle\/\",\"name\":\"V\u00e1lvula de Reten\u00e7\u00e3o Pilotada em Linha ADRL AGRL AGRLE - ACT Sistemas Hidr\u00e1ulicos\",\"isPartOf\":{\"@id\":\"https:\/\/actbr.com.br\/es\/#website\"},\"primaryImageOfPage\":{\"@id\":\"https:\/\/actbr.com.br\/es\/producto\/valvula-de-retencao-pilotada-em-linha-adrl-agrl-agrle\/#primaryimage\"},\"image\":{\"@id\":\"https:\/\/actbr.com.br\/es\/producto\/valvula-de-retencao-pilotada-em-linha-adrl-agrl-agrle\/#primaryimage\"},\"thumbnailUrl\":\"https:\/\/actbr.com.br\/wp-content\/uploads\/2020\/09\/valvula-de-retencao-pilotada-agrl-1.jpg\",\"datePublished\":\"2020-09-29T15:35:42+00:00\",\"dateModified\":\"2023-10-11T11:36:25+00:00\",\"description\":\"Consulte aqui as caracter\u00edsticas e op\u00e7\u00f5es de configura\u00e7\u00e3o da V\u00e1lvula de Reten\u00e7\u00e3o Pilotada ADRL, AGRL e AGRLE, modelos fabricados pela ATOS.\",\"breadcrumb\":{\"@id\":\"https:\/\/actbr.com.br\/es\/producto\/valvula-de-retencao-pilotada-em-linha-adrl-agrl-agrle\/#breadcrumb\"},\"inLanguage\":\"es\",\"potentialAction\":[{\"@type\":\"ReadAction\",\"target\":[\"https:\/\/actbr.com.br\/es\/producto\/valvula-de-retencao-pilotada-em-linha-adrl-agrl-agrle\/\"]}]},{\"@type\":\"ImageObject\",\"inLanguage\":\"es\",\"@id\":\"https:\/\/actbr.com.br\/es\/producto\/valvula-de-retencao-pilotada-em-linha-adrl-agrl-agrle\/#primaryimage\",\"url\":\"https:\/\/actbr.com.br\/wp-content\/uploads\/2020\/09\/valvula-de-retencao-pilotada-agrl-1.jpg\",\"contentUrl\":\"https:\/\/actbr.com.br\/wp-content\/uploads\/2020\/09\/valvula-de-retencao-pilotada-agrl-1.jpg\",\"width\":304,\"height\":200,\"caption\":\"V\u00e1lvula de Reten\u00e7\u00e3o Pilotada ADRL AGRL AGRLE\"},{\"@type\":\"BreadcrumbList\",\"@id\":\"https:\/\/actbr.com.br\/es\/producto\/valvula-de-retencao-pilotada-em-linha-adrl-agrl-agrle\/#breadcrumb\",\"itemListElement\":[{\"@type\":\"ListItem\",\"position\":1,\"name\":\"Comenzar\",\"item\":\"https:\/\/actbr.com.br\/es\/\"},{\"@type\":\"ListItem\",\"position\":2,\"name\":\"Produtos\",\"item\":\"https:\/\/actbr.com.br\/produtos-act\/\"},{\"@type\":\"ListItem\",\"position\":3,\"name\":\"V\u00e1lvulas em Linha\",\"item\":\"https:\/\/actbr.com.br\/es\/categoria-produto\/valvulas-em-linha\/\"},{\"@type\":\"ListItem\",\"position\":4,\"name\":\"Reten\u00e7\u00e3o Pilotada - ADRL\",\"item\":\"https:\/\/actbr.com.br\/es\/categoria-produto\/valvulas-em-linha\/retencao-pilotada-adrl\/\"},{\"@type\":\"ListItem\",\"position\":5,\"name\":\"V\u00e1lvula de Reten\u00e7\u00e3o Pilotada em Linha ADRL AGRL AGRLE\"}]},{\"@type\":\"WebSite\",\"@id\":\"https:\/\/actbr.com.br\/es\/#website\",\"url\":\"https:\/\/actbr.com.br\/es\/\",\"name\":\"ACT Sistemas Hidr\u00e1ulicos\",\"description\":\"Fabricaci\u00f3n y mantenimiento de componentes de aceite hidr\u00e1ulico\",\"publisher\":{\"@id\":\"https:\/\/actbr.com.br\/es\/#organization\"},\"potentialAction\":[{\"@type\":\"SearchAction\",\"target\":{\"@type\":\"EntryPoint\",\"urlTemplate\":\"https:\/\/actbr.com.br\/es\/?s={search_term_string}\"},\"query-input\":{\"@type\":\"PropertyValueSpecification\",\"valueRequired\":true,\"valueName\":\"search_term_string\"}}],\"inLanguage\":\"es\"},{\"@type\":\"Organization\",\"@id\":\"https:\/\/actbr.com.br\/es\/#organization\",\"name\":\"ACT Sistemas Hidr\u00e1ulicos\",\"url\":\"https:\/\/actbr.com.br\/es\/\",\"logo\":{\"@type\":\"ImageObject\",\"inLanguage\":\"es\",\"@id\":\"https:\/\/actbr.com.br\/es\/#\/schema\/logo\/image\/\",\"url\":\"https:\/\/actbr.com.br\/wp-content\/uploads\/2025\/02\/cropped-ACT_NEGATIVO-marca-dagua.png\",\"contentUrl\":\"https:\/\/actbr.com.br\/wp-content\/uploads\/2025\/02\/cropped-ACT_NEGATIVO-marca-dagua.png\",\"width\":240,\"height\":146,\"caption\":\"ACT Sistemas Hidr\u00e1ulicos\"},\"image\":{\"@id\":\"https:\/\/actbr.com.br\/es\/#\/schema\/logo\/image\/\"}}]}<\/script>\n<!-- \/ Yoast SEO plugin. -->","yoast_head_json":{"title":"V\u00e1lvula de Reten\u00e7\u00e3o Pilotada em Linha ADRL AGRL AGRLE - ACT Sistemas Hidr\u00e1ulicos","description":"Consulte aqui as caracter\u00edsticas e op\u00e7\u00f5es de configura\u00e7\u00e3o da V\u00e1lvula de Reten\u00e7\u00e3o Pilotada ADRL, AGRL e AGRLE, modelos fabricados pela ATOS.","robots":{"index":"index","follow":"follow","max-snippet":"max-snippet:-1","max-image-preview":"max-image-preview:large","max-video-preview":"max-video-preview:-1"},"canonical":"https:\/\/actbr.com.br\/es\/producto\/valvula-de-retencao-pilotada-em-linha-adrl-agrl-agrle\/","og_locale":"es_ES","og_type":"article","og_title":"V\u00e1lvula de Reten\u00e7\u00e3o Pilotada em Linha ADRL AGRL AGRLE - ACT Sistemas Hidr\u00e1ulicos","og_description":"Consulte aqui as caracter\u00edsticas e op\u00e7\u00f5es de configura\u00e7\u00e3o da V\u00e1lvula de Reten\u00e7\u00e3o Pilotada ADRL, AGRL e AGRLE, modelos fabricados pela ATOS.","og_url":"https:\/\/actbr.com.br\/es\/producto\/valvula-de-retencao-pilotada-em-linha-adrl-agrl-agrle\/","og_site_name":"ACT Sistemas Hidr\u00e1ulicos","article_modified_time":"2023-10-11T11:36:25+00:00","og_image":[{"width":304,"height":200,"url":"https:\/\/actbr.com.br\/wp-content\/uploads\/2020\/09\/valvula-de-retencao-pilotada-agrl-1.jpg","type":"image\/jpeg"}],"twitter_card":"summary_large_image","twitter_misc":{"Tiempo de lectura":"3 minutos"},"schema":{"@context":"https:\/\/schema.org","@graph":[{"@type":"WebPage","@id":"https:\/\/actbr.com.br\/es\/producto\/valvula-de-retencao-pilotada-em-linha-adrl-agrl-agrle\/","url":"https:\/\/actbr.com.br\/es\/producto\/valvula-de-retencao-pilotada-em-linha-adrl-agrl-agrle\/","name":"V\u00e1lvula de Reten\u00e7\u00e3o Pilotada em Linha ADRL AGRL AGRLE - ACT Sistemas Hidr\u00e1ulicos","isPartOf":{"@id":"https:\/\/actbr.com.br\/es\/#website"},"primaryImageOfPage":{"@id":"https:\/\/actbr.com.br\/es\/producto\/valvula-de-retencao-pilotada-em-linha-adrl-agrl-agrle\/#primaryimage"},"image":{"@id":"https:\/\/actbr.com.br\/es\/producto\/valvula-de-retencao-pilotada-em-linha-adrl-agrl-agrle\/#primaryimage"},"thumbnailUrl":"https:\/\/actbr.com.br\/wp-content\/uploads\/2020\/09\/valvula-de-retencao-pilotada-agrl-1.jpg","datePublished":"2020-09-29T15:35:42+00:00","dateModified":"2023-10-11T11:36:25+00:00","description":"Consulte aqui as caracter\u00edsticas e op\u00e7\u00f5es de configura\u00e7\u00e3o da V\u00e1lvula de Reten\u00e7\u00e3o Pilotada ADRL, AGRL e AGRLE, modelos fabricados pela ATOS.","breadcrumb":{"@id":"https:\/\/actbr.com.br\/es\/producto\/valvula-de-retencao-pilotada-em-linha-adrl-agrl-agrle\/#breadcrumb"},"inLanguage":"es","potentialAction":[{"@type":"ReadAction","target":["https:\/\/actbr.com.br\/es\/producto\/valvula-de-retencao-pilotada-em-linha-adrl-agrl-agrle\/"]}]},{"@type":"ImageObject","inLanguage":"es","@id":"https:\/\/actbr.com.br\/es\/producto\/valvula-de-retencao-pilotada-em-linha-adrl-agrl-agrle\/#primaryimage","url":"https:\/\/actbr.com.br\/wp-content\/uploads\/2020\/09\/valvula-de-retencao-pilotada-agrl-1.jpg","contentUrl":"https:\/\/actbr.com.br\/wp-content\/uploads\/2020\/09\/valvula-de-retencao-pilotada-agrl-1.jpg","width":304,"height":200,"caption":"V\u00e1lvula de Reten\u00e7\u00e3o Pilotada ADRL AGRL AGRLE"},{"@type":"BreadcrumbList","@id":"https:\/\/actbr.com.br\/es\/producto\/valvula-de-retencao-pilotada-em-linha-adrl-agrl-agrle\/#breadcrumb","itemListElement":[{"@type":"ListItem","position":1,"name":"Comenzar","item":"https:\/\/actbr.com.br\/es\/"},{"@type":"ListItem","position":2,"name":"Produtos","item":"https:\/\/actbr.com.br\/produtos-act\/"},{"@type":"ListItem","position":3,"name":"V\u00e1lvulas em Linha","item":"https:\/\/actbr.com.br\/es\/categoria-produto\/valvulas-em-linha\/"},{"@type":"ListItem","position":4,"name":"Reten\u00e7\u00e3o Pilotada - ADRL","item":"https:\/\/actbr.com.br\/es\/categoria-produto\/valvulas-em-linha\/retencao-pilotada-adrl\/"},{"@type":"ListItem","position":5,"name":"V\u00e1lvula de Reten\u00e7\u00e3o Pilotada em Linha ADRL AGRL AGRLE"}]},{"@type":"WebSite","@id":"https:\/\/actbr.com.br\/es\/#website","url":"https:\/\/actbr.com.br\/es\/","name":"ACT Sistemas Hidr\u00e1ulicos","description":"Fabricaci\u00f3n y mantenimiento de componentes de aceite hidr\u00e1ulico","publisher":{"@id":"https:\/\/actbr.com.br\/es\/#organization"},"potentialAction":[{"@type":"SearchAction","target":{"@type":"EntryPoint","urlTemplate":"https:\/\/actbr.com.br\/es\/?s={search_term_string}"},"query-input":{"@type":"PropertyValueSpecification","valueRequired":true,"valueName":"search_term_string"}}],"inLanguage":"es"},{"@type":"Organization","@id":"https:\/\/actbr.com.br\/es\/#organization","name":"ACT Sistemas Hidr\u00e1ulicos","url":"https:\/\/actbr.com.br\/es\/","logo":{"@type":"ImageObject","inLanguage":"es","@id":"https:\/\/actbr.com.br\/es\/#\/schema\/logo\/image\/","url":"https:\/\/actbr.com.br\/wp-content\/uploads\/2025\/02\/cropped-ACT_NEGATIVO-marca-dagua.png","contentUrl":"https:\/\/actbr.com.br\/wp-content\/uploads\/2025\/02\/cropped-ACT_NEGATIVO-marca-dagua.png","width":240,"height":146,"caption":"ACT Sistemas Hidr\u00e1ulicos"},"image":{"@id":"https:\/\/actbr.com.br\/es\/#\/schema\/logo\/image\/"}}]}},"_links":{"self":[{"href":"https:\/\/actbr.com.br\/es\/wp-json\/wp\/v2\/product\/3211","targetHints":{"allow":["GET"]}}],"collection":[{"href":"https:\/\/actbr.com.br\/es\/wp-json\/wp\/v2\/product"}],"about":[{"href":"https:\/\/actbr.com.br\/es\/wp-json\/wp\/v2\/types\/product"}],"wp:featuredmedia":[{"embeddable":true,"href":"https:\/\/actbr.com.br\/es\/wp-json\/wp\/v2\/media\/8305"}],"wp:attachment":[{"href":"https:\/\/actbr.com.br\/es\/wp-json\/wp\/v2\/media?parent=3211"}],"wp:term":[{"taxonomy":"product_brand","embeddable":true,"href":"https:\/\/actbr.com.br\/es\/wp-json\/wp\/v2\/product_brand?post=3211"},{"taxonomy":"product_cat","embeddable":true,"href":"https:\/\/actbr.com.br\/es\/wp-json\/wp\/v2\/product_cat?post=3211"},{"taxonomy":"product_tag","embeddable":true,"href":"https:\/\/actbr.com.br\/es\/wp-json\/wp\/v2\/product_tag?post=3211"}],"curies":[{"name":"wp","href":"https:\/\/api.w.org\/{rel}","templated":true}]}}