{"id":3219,"date":"2020-09-29T12:36:59","date_gmt":"2020-09-29T15:36:59","guid":{"rendered":"https:\/\/actbr.com.br\/produto\/valvulas-reguladora-de-vazao-compensada-%c2%96-qv-06-qv-10-2-qv-20-2-%c2%96-atos\/"},"modified":"2023-06-28T16:52:37","modified_gmt":"2023-06-28T19:52:37","slug":"qv-06-qv-10-2-qv-20-2","status":"publish","type":"product","link":"https:\/\/actbr.com.br\/es\/producto\/qv-06-qv-10-2-qv-20-2\/","title":{"rendered":"QV-06 QV-10\/2 QV-20\/2"},"content":{"rendered":"<p><strong>V\u00e1lvula Reguladora de Vaz\u00e3o Compensada \u2013 QV-06 QV-10\/2 QV-20\/2 \u2013 ATOS<\/strong><\/p>\n<p>Consulte as configura\u00e7\u00f5es dispon\u00edveis para a V\u00e1lvula Reguladora de Vaz\u00e3o Compensada, nos modelos ATOS QV-06 \/ QV-10\/2 \/ QV-20\/2, e como solicitar.<\/p>\n<p><strong>Como solicitar:<\/strong><\/p>\n<p><img decoding=\"async\" src=\"https:\/\/actbr.com.br\/wp-content\/uploads\/2020\/09\/qv-10.jpg\" alt=\"\" \/><br \/>\n<img decoding=\"async\" src=\"https:\/\/actbr.com.br\/wp-content\/uploads\/2020\/09\/qv-06-10-20-atos.jpg\" alt=\"\" \/><\/p>\n<h5>Op\u00e7\u00f5es de configura\u00e7\u00e3o \u2013 QV-06 QV-10\/2 QV-20\/2<\/h5>\n<p>QV-06: v\u00e1lvula compensadora de vaz\u00e3o, duas vias, tamanho 6 (TN6), constru\u00edda sobre a norma ISO 4401, trabalha em vaz\u00f5es de at\u00e9 24 litros por minuto, resistindo em press\u00f5es de at\u00e9 250 bar;<br \/>\nQV-06\/1: faixa de ajuste de vaz\u00e3o = 1,5 litros por minuto;<br \/>\nQV-06\/6: faixa de ajuste de vaz\u00e3o = 6 litros por minuto;<br \/>\nQV-06\/11: faixa de ajuste de vaz\u00e3o = 11 litros por minuto;<br \/>\nQV-06\/16: faixa de ajuste de vaz\u00e3o = 16 litros por minuto;<br \/>\nQV-06\/24: faixa de ajuste de vaz\u00e3o = 24 litros por minuto.<\/p>\n<p>QV-10: v\u00e1lvula compensadora de vaz\u00e3o, duas ou tr\u00eas vias, tamanho 10 (TN10), constru\u00edda sobre a norma ISO 6263, trabalha em vaz\u00f5es de at\u00e9 65 litros por minuto, resistindo em press\u00f5es de at\u00e9 250 bar;<br \/>\nQV-10\/2: v\u00e1lvula duas vias;<br \/>\nQV-10\/3: v\u00e1lvula tr\u00eas vias (dreno).<\/p>\n<p>QV-20: v\u00e1lvula compensadora de vaz\u00e3o, duas ou tr\u00eas vias, tamanho 20 (TN20), constru\u00edda sobre a norma ISO 6263, trabalha em vaz\u00f5es de at\u00e9 160 litros por minuto, resistindo em press\u00f5es de at\u00e9 250 bar;<br \/>\nQV-20\/2: v\u00e1lvula duas vias;<br \/>\nQV-20\/3: v\u00e1lvula tr\u00eas vias (dreno).<\/p>\n<p>&nbsp;<\/p>\n","protected":false},"excerpt":{"rendered":"<p>Consulte as configura\u00e7\u00f5es dispon\u00edveis para a V\u00e1lvula Reguladora de Vaz\u00e3o Compensada \u2013 modelos ATOS QV-06 \/ QV-10\/2 \/ QV-20\/2 e como solicitar.<\/p>\n","protected":false},"featured_media":6906,"template":"","meta":[],"product_brand":[],"product_cat":[59,58],"product_tag":[],"class_list":{"0":"post-3219","1":"product","2":"type-product","3":"status-publish","4":"has-post-thumbnail","6":"product_cat-reguladora-de-pressao-compensada","7":"product_cat-valvulas-modulares","9":"first","10":"instock","11":"virtual","12":"product-type-simple"},"yoast_head":"<!-- This site is optimized with the Yoast SEO plugin v27.2 - https:\/\/yoast.com\/product\/yoast-seo-wordpress\/ -->\n<title>QV-06 QV-10\/2 QV-20\/2 - ACT Sistemas Hidr\u00e1ulicos<\/title>\n<meta name=\"description\" content=\"Consulte as configura\u00e7\u00f5es dispon\u00edveis para a V\u00e1lvula Reguladora de Vaz\u00e3o Compensada, nos modelos ATOS QV-06 \/ QV-10\/2 \/ QV-20\/2, e como solicitar.\" \/>\n<meta name=\"robots\" content=\"index, follow, max-snippet:-1, max-image-preview:large, max-video-preview:-1\" \/>\n<link rel=\"canonical\" href=\"https:\/\/actbr.com.br\/es\/producto\/qv-06-qv-10-2-qv-20-2\/\" \/>\n<meta property=\"og:locale\" content=\"es_ES\" \/>\n<meta property=\"og:type\" content=\"article\" \/>\n<meta property=\"og:title\" content=\"QV-06 QV-10\/2 QV-20\/2 - ACT Sistemas Hidr\u00e1ulicos\" \/>\n<meta property=\"og:description\" content=\"Consulte as configura\u00e7\u00f5es dispon\u00edveis para a V\u00e1lvula Reguladora de Vaz\u00e3o Compensada, nos modelos ATOS QV-06 \/ QV-10\/2 \/ QV-20\/2, e como solicitar.\" \/>\n<meta property=\"og:url\" content=\"https:\/\/actbr.com.br\/es\/producto\/qv-06-qv-10-2-qv-20-2\/\" \/>\n<meta property=\"og:site_name\" content=\"ACT Sistemas Hidr\u00e1ulicos\" \/>\n<meta property=\"article:modified_time\" content=\"2023-06-28T19:52:37+00:00\" \/>\n<meta property=\"og:image\" content=\"https:\/\/actbr.com.br\/wp-content\/uploads\/2020\/09\/Valvulas-Reguladora-de-vazao-compensada-\u0096-QV-06-QV-10-2-QV-20-2-\u0096-ATOS.jpg\" \/>\n\t<meta property=\"og:image:width\" content=\"1600\" \/>\n\t<meta property=\"og:image:height\" content=\"1200\" \/>\n\t<meta property=\"og:image:type\" content=\"image\/jpeg\" \/>\n<meta name=\"twitter:card\" content=\"summary_large_image\" \/>\n<meta name=\"twitter:label1\" content=\"Tiempo de lectura\" \/>\n\t<meta name=\"twitter:data1\" content=\"2 minutos\" \/>\n<script type=\"application\/ld+json\" class=\"yoast-schema-graph\">{\"@context\":\"https:\/\/schema.org\",\"@graph\":[{\"@type\":\"WebPage\",\"@id\":\"https:\/\/actbr.com.br\/es\/producto\/qv-06-qv-10-2-qv-20-2\/\",\"url\":\"https:\/\/actbr.com.br\/es\/producto\/qv-06-qv-10-2-qv-20-2\/\",\"name\":\"QV-06 QV-10\/2 QV-20\/2 - ACT Sistemas Hidr\u00e1ulicos\",\"isPartOf\":{\"@id\":\"https:\/\/actbr.com.br\/es\/#website\"},\"primaryImageOfPage\":{\"@id\":\"https:\/\/actbr.com.br\/es\/producto\/qv-06-qv-10-2-qv-20-2\/#primaryimage\"},\"image\":{\"@id\":\"https:\/\/actbr.com.br\/es\/producto\/qv-06-qv-10-2-qv-20-2\/#primaryimage\"},\"thumbnailUrl\":\"https:\/\/actbr.com.br\/wp-content\/uploads\/2020\/09\/Valvulas-Reguladora-de-vazao-compensada-\u0096-QV-06-QV-10-2-QV-20-2-\u0096-ATOS.jpg\",\"datePublished\":\"2020-09-29T15:36:59+00:00\",\"dateModified\":\"2023-06-28T19:52:37+00:00\",\"description\":\"Consulte as configura\u00e7\u00f5es dispon\u00edveis para a V\u00e1lvula Reguladora de Vaz\u00e3o Compensada, nos modelos ATOS QV-06 \/ QV-10\/2 \/ QV-20\/2, e como solicitar.\",\"breadcrumb\":{\"@id\":\"https:\/\/actbr.com.br\/es\/producto\/qv-06-qv-10-2-qv-20-2\/#breadcrumb\"},\"inLanguage\":\"es\",\"potentialAction\":[{\"@type\":\"ReadAction\",\"target\":[\"https:\/\/actbr.com.br\/es\/producto\/qv-06-qv-10-2-qv-20-2\/\"]}]},{\"@type\":\"ImageObject\",\"inLanguage\":\"es\",\"@id\":\"https:\/\/actbr.com.br\/es\/producto\/qv-06-qv-10-2-qv-20-2\/#primaryimage\",\"url\":\"https:\/\/actbr.com.br\/wp-content\/uploads\/2020\/09\/Valvulas-Reguladora-de-vazao-compensada-\u0096-QV-06-QV-10-2-QV-20-2-\u0096-ATOS.jpg\",\"contentUrl\":\"https:\/\/actbr.com.br\/wp-content\/uploads\/2020\/09\/Valvulas-Reguladora-de-vazao-compensada-\u0096-QV-06-QV-10-2-QV-20-2-\u0096-ATOS.jpg\",\"width\":1600,\"height\":1200,\"caption\":\"V\u00e1lvula Reguladora de Vaz\u00e3o Compensada - QV-06 \/ QV-10\/2 \/ QV-20\/2 - ATOS\"},{\"@type\":\"BreadcrumbList\",\"@id\":\"https:\/\/actbr.com.br\/es\/producto\/qv-06-qv-10-2-qv-20-2\/#breadcrumb\",\"itemListElement\":[{\"@type\":\"ListItem\",\"position\":1,\"name\":\"Comenzar\",\"item\":\"https:\/\/actbr.com.br\/es\/\"},{\"@type\":\"ListItem\",\"position\":2,\"name\":\"Produtos\",\"item\":\"https:\/\/actbr.com.br\/produtos-act\/\"},{\"@type\":\"ListItem\",\"position\":3,\"name\":\"V\u00e1lvulas Modulares\",\"item\":\"https:\/\/actbr.com.br\/es\/categoria-produto\/valvulas-modulares\/\"},{\"@type\":\"ListItem\",\"position\":4,\"name\":\"Reguladora de Press\u00e3o - Compensada\",\"item\":\"https:\/\/actbr.com.br\/es\/categoria-produto\/valvulas-modulares\/reguladora-de-pressao-compensada\/\"},{\"@type\":\"ListItem\",\"position\":5,\"name\":\"QV-06 QV-10\/2 QV-20\/2\"}]},{\"@type\":\"WebSite\",\"@id\":\"https:\/\/actbr.com.br\/es\/#website\",\"url\":\"https:\/\/actbr.com.br\/es\/\",\"name\":\"ACT Sistemas Hidr\u00e1ulicos\",\"description\":\"Fabricaci\u00f3n y mantenimiento de componentes de aceite hidr\u00e1ulico\",\"publisher\":{\"@id\":\"https:\/\/actbr.com.br\/es\/#organization\"},\"potentialAction\":[{\"@type\":\"SearchAction\",\"target\":{\"@type\":\"EntryPoint\",\"urlTemplate\":\"https:\/\/actbr.com.br\/es\/?s={search_term_string}\"},\"query-input\":{\"@type\":\"PropertyValueSpecification\",\"valueRequired\":true,\"valueName\":\"search_term_string\"}}],\"inLanguage\":\"es\"},{\"@type\":\"Organization\",\"@id\":\"https:\/\/actbr.com.br\/es\/#organization\",\"name\":\"ACT Sistemas Hidr\u00e1ulicos\",\"url\":\"https:\/\/actbr.com.br\/es\/\",\"logo\":{\"@type\":\"ImageObject\",\"inLanguage\":\"es\",\"@id\":\"https:\/\/actbr.com.br\/es\/#\/schema\/logo\/image\/\",\"url\":\"https:\/\/actbr.com.br\/wp-content\/uploads\/2025\/02\/cropped-ACT_NEGATIVO-marca-dagua.png\",\"contentUrl\":\"https:\/\/actbr.com.br\/wp-content\/uploads\/2025\/02\/cropped-ACT_NEGATIVO-marca-dagua.png\",\"width\":240,\"height\":146,\"caption\":\"ACT Sistemas Hidr\u00e1ulicos\"},\"image\":{\"@id\":\"https:\/\/actbr.com.br\/es\/#\/schema\/logo\/image\/\"}}]}<\/script>\n<!-- \/ Yoast SEO plugin. -->","yoast_head_json":{"title":"QV-06 QV-10\/2 QV-20\/2 - ACT Sistemas Hidr\u00e1ulicos","description":"Consulte as configura\u00e7\u00f5es dispon\u00edveis para a V\u00e1lvula Reguladora de Vaz\u00e3o Compensada, nos modelos ATOS QV-06 \/ QV-10\/2 \/ QV-20\/2, e como solicitar.","robots":{"index":"index","follow":"follow","max-snippet":"max-snippet:-1","max-image-preview":"max-image-preview:large","max-video-preview":"max-video-preview:-1"},"canonical":"https:\/\/actbr.com.br\/es\/producto\/qv-06-qv-10-2-qv-20-2\/","og_locale":"es_ES","og_type":"article","og_title":"QV-06 QV-10\/2 QV-20\/2 - ACT Sistemas Hidr\u00e1ulicos","og_description":"Consulte as configura\u00e7\u00f5es dispon\u00edveis para a V\u00e1lvula Reguladora de Vaz\u00e3o Compensada, nos modelos ATOS QV-06 \/ QV-10\/2 \/ QV-20\/2, e como solicitar.","og_url":"https:\/\/actbr.com.br\/es\/producto\/qv-06-qv-10-2-qv-20-2\/","og_site_name":"ACT Sistemas Hidr\u00e1ulicos","article_modified_time":"2023-06-28T19:52:37+00:00","og_image":[{"width":1600,"height":1200,"url":"https:\/\/actbr.com.br\/wp-content\/uploads\/2020\/09\/Valvulas-Reguladora-de-vazao-compensada-\u0096-QV-06-QV-10-2-QV-20-2-\u0096-ATOS.jpg","type":"image\/jpeg"}],"twitter_card":"summary_large_image","twitter_misc":{"Tiempo de lectura":"2 minutos"},"schema":{"@context":"https:\/\/schema.org","@graph":[{"@type":"WebPage","@id":"https:\/\/actbr.com.br\/es\/producto\/qv-06-qv-10-2-qv-20-2\/","url":"https:\/\/actbr.com.br\/es\/producto\/qv-06-qv-10-2-qv-20-2\/","name":"QV-06 QV-10\/2 QV-20\/2 - ACT Sistemas Hidr\u00e1ulicos","isPartOf":{"@id":"https:\/\/actbr.com.br\/es\/#website"},"primaryImageOfPage":{"@id":"https:\/\/actbr.com.br\/es\/producto\/qv-06-qv-10-2-qv-20-2\/#primaryimage"},"image":{"@id":"https:\/\/actbr.com.br\/es\/producto\/qv-06-qv-10-2-qv-20-2\/#primaryimage"},"thumbnailUrl":"https:\/\/actbr.com.br\/wp-content\/uploads\/2020\/09\/Valvulas-Reguladora-de-vazao-compensada-\u0096-QV-06-QV-10-2-QV-20-2-\u0096-ATOS.jpg","datePublished":"2020-09-29T15:36:59+00:00","dateModified":"2023-06-28T19:52:37+00:00","description":"Consulte as configura\u00e7\u00f5es dispon\u00edveis para a V\u00e1lvula Reguladora de Vaz\u00e3o Compensada, nos modelos ATOS QV-06 \/ QV-10\/2 \/ QV-20\/2, e como solicitar.","breadcrumb":{"@id":"https:\/\/actbr.com.br\/es\/producto\/qv-06-qv-10-2-qv-20-2\/#breadcrumb"},"inLanguage":"es","potentialAction":[{"@type":"ReadAction","target":["https:\/\/actbr.com.br\/es\/producto\/qv-06-qv-10-2-qv-20-2\/"]}]},{"@type":"ImageObject","inLanguage":"es","@id":"https:\/\/actbr.com.br\/es\/producto\/qv-06-qv-10-2-qv-20-2\/#primaryimage","url":"https:\/\/actbr.com.br\/wp-content\/uploads\/2020\/09\/Valvulas-Reguladora-de-vazao-compensada-\u0096-QV-06-QV-10-2-QV-20-2-\u0096-ATOS.jpg","contentUrl":"https:\/\/actbr.com.br\/wp-content\/uploads\/2020\/09\/Valvulas-Reguladora-de-vazao-compensada-\u0096-QV-06-QV-10-2-QV-20-2-\u0096-ATOS.jpg","width":1600,"height":1200,"caption":"V\u00e1lvula Reguladora de Vaz\u00e3o Compensada - QV-06 \/ QV-10\/2 \/ QV-20\/2 - ATOS"},{"@type":"BreadcrumbList","@id":"https:\/\/actbr.com.br\/es\/producto\/qv-06-qv-10-2-qv-20-2\/#breadcrumb","itemListElement":[{"@type":"ListItem","position":1,"name":"Comenzar","item":"https:\/\/actbr.com.br\/es\/"},{"@type":"ListItem","position":2,"name":"Produtos","item":"https:\/\/actbr.com.br\/produtos-act\/"},{"@type":"ListItem","position":3,"name":"V\u00e1lvulas Modulares","item":"https:\/\/actbr.com.br\/es\/categoria-produto\/valvulas-modulares\/"},{"@type":"ListItem","position":4,"name":"Reguladora de Press\u00e3o - Compensada","item":"https:\/\/actbr.com.br\/es\/categoria-produto\/valvulas-modulares\/reguladora-de-pressao-compensada\/"},{"@type":"ListItem","position":5,"name":"QV-06 QV-10\/2 QV-20\/2"}]},{"@type":"WebSite","@id":"https:\/\/actbr.com.br\/es\/#website","url":"https:\/\/actbr.com.br\/es\/","name":"ACT Sistemas Hidr\u00e1ulicos","description":"Fabricaci\u00f3n y mantenimiento de componentes de aceite hidr\u00e1ulico","publisher":{"@id":"https:\/\/actbr.com.br\/es\/#organization"},"potentialAction":[{"@type":"SearchAction","target":{"@type":"EntryPoint","urlTemplate":"https:\/\/actbr.com.br\/es\/?s={search_term_string}"},"query-input":{"@type":"PropertyValueSpecification","valueRequired":true,"valueName":"search_term_string"}}],"inLanguage":"es"},{"@type":"Organization","@id":"https:\/\/actbr.com.br\/es\/#organization","name":"ACT Sistemas Hidr\u00e1ulicos","url":"https:\/\/actbr.com.br\/es\/","logo":{"@type":"ImageObject","inLanguage":"es","@id":"https:\/\/actbr.com.br\/es\/#\/schema\/logo\/image\/","url":"https:\/\/actbr.com.br\/wp-content\/uploads\/2025\/02\/cropped-ACT_NEGATIVO-marca-dagua.png","contentUrl":"https:\/\/actbr.com.br\/wp-content\/uploads\/2025\/02\/cropped-ACT_NEGATIVO-marca-dagua.png","width":240,"height":146,"caption":"ACT Sistemas Hidr\u00e1ulicos"},"image":{"@id":"https:\/\/actbr.com.br\/es\/#\/schema\/logo\/image\/"}}]}},"_links":{"self":[{"href":"https:\/\/actbr.com.br\/es\/wp-json\/wp\/v2\/product\/3219","targetHints":{"allow":["GET"]}}],"collection":[{"href":"https:\/\/actbr.com.br\/es\/wp-json\/wp\/v2\/product"}],"about":[{"href":"https:\/\/actbr.com.br\/es\/wp-json\/wp\/v2\/types\/product"}],"wp:featuredmedia":[{"embeddable":true,"href":"https:\/\/actbr.com.br\/es\/wp-json\/wp\/v2\/media\/6906"}],"wp:attachment":[{"href":"https:\/\/actbr.com.br\/es\/wp-json\/wp\/v2\/media?parent=3219"}],"wp:term":[{"taxonomy":"product_brand","embeddable":true,"href":"https:\/\/actbr.com.br\/es\/wp-json\/wp\/v2\/product_brand?post=3219"},{"taxonomy":"product_cat","embeddable":true,"href":"https:\/\/actbr.com.br\/es\/wp-json\/wp\/v2\/product_cat?post=3219"},{"taxonomy":"product_tag","embeddable":true,"href":"https:\/\/actbr.com.br\/es\/wp-json\/wp\/v2\/product_tag?post=3219"}],"curies":[{"name":"wp","href":"https:\/\/api.w.org\/{rel}","templated":true}]}}