{"id":3231,"date":"2020-09-29T12:36:59","date_gmt":"2020-09-29T15:36:59","guid":{"rendered":"https:\/\/actbr.com.br\/produto\/valvulas-de-pressao-com-conexao-roscada-atos-are\/"},"modified":"2023-10-06T16:23:21","modified_gmt":"2023-10-06T19:23:21","slug":"valvula-reguladora-de-pressao-tipo-alivio-em-linha-are-atos","status":"publish","type":"product","link":"https:\/\/actbr.com.br\/es\/producto\/valvula-reguladora-de-pressao-tipo-alivio-em-linha-are-atos\/","title":{"rendered":"V\u00e1lvula Reguladora de press\u00e3o tipo al\u00edvio em linha ARE-ATOS"},"content":{"rendered":"<p><strong>V\u00e1lvulas de Press\u00e3o com Conex\u00e3o Roscada ARE-ATOS<\/strong><\/p>\n<p>A v\u00e1lvula limitadora de press\u00e3o com conex\u00e3o roscada ARE \u00e9 fabricada pela ATOS e tem a fun\u00e7\u00e3o de limitar a press\u00e3o do sistema.<\/p>\n<p>&nbsp;<\/p>\n<p><strong>Como solicitar:<\/strong><\/p>\n<p><img decoding=\"async\" src=\"https:\/\/actbr.com.br\/wp-content\/uploads\/2020\/09\/are-codigo.jpg\" alt=\"\" \/><\/p>\n<p><img decoding=\"async\" src=\"https:\/\/actbr.com.br\/wp-content\/uploads\/2020\/09\/are06-are-015.jpg\" alt=\"\" \/><\/p>\n<p><img decoding=\"async\" src=\"https:\/\/actbr.com.br\/wp-content\/uploads\/2020\/09\/are-06-medidas.jpg\" alt=\"\" \/><\/p>\n<p><img decoding=\"async\" src=\"https:\/\/actbr.com.br\/wp-content\/uploads\/2020\/09\/are-15atos.jpg\" alt=\"\" \/><\/p>\n<p>ARE-06:<\/p>\n<p>V\u00e1lvula limitadora de press\u00e3o com conex\u00e3o roscada, dispon\u00edvel no tamanho G \u00bc\u00bb, trabalha em vaz\u00f5es de at\u00e9 40 litros por minuto, resistindo a press\u00f5es de at\u00e9 500 bar.<\/p>\n<p>ARE-06\/50; ARE-06\/100; ARE-06\/210; ARE-06\/350 e ARE-06\/500.<\/p>\n<p>&nbsp;<\/p>\n<p>ARE-15:<\/p>\n<p>V\u00e1lvula limitadora de press\u00e3o com conex\u00e3o roscada, dispon\u00edvel no tamanho G \u00bd\u00bb, trabalha em vaz\u00f5es de at\u00e9 75 litros por minuto, resistindo a press\u00f5es de at\u00e9 420 bar.<\/p>\n<p>ARE-15\/15; ARE-15\/50; ARE-15\/75; ARE-15\/150; ARE-15\/250; ARE-15\/350 e ARE-15\/420.<\/p>\n<p>&nbsp;<\/p>\n","protected":false},"excerpt":{"rendered":"<p>A v\u00e1lvula limitadora de press\u00e3o com conex\u00e3o roscada ARE \u00e9 fabricada pela ATOS e tem a fun\u00e7\u00e3o de limitar a press\u00e3o do sistema.<\/p>\n<p>&nbsp;<\/p>\n","protected":false},"featured_media":8357,"template":"","meta":[],"product_brand":[],"product_cat":[51,50],"product_tag":[],"class_list":{"0":"post-3231","1":"product","2":"type-product","3":"status-publish","4":"has-post-thumbnail","6":"product_cat-linha-reguladora-de-pressao-alivio","7":"product_cat-valvulas-em-linha","9":"first","10":"instock","11":"virtual","12":"product-type-simple"},"yoast_head":"<!-- This site is optimized with the Yoast SEO plugin v27.2 - https:\/\/yoast.com\/product\/yoast-seo-wordpress\/ -->\n<title>V\u00e1lvula Reguladora de press\u00e3o tipo al\u00edvio em linha ARE-ATOS - ACT Sistemas Hidr\u00e1ulicos<\/title>\n<meta name=\"description\" content=\"A v\u00e1lvula limitadora de press\u00e3o com conex\u00e3o roscada ARE \u00e9 fabricada pela ATOS e tem a fun\u00e7\u00e3o de limitar a press\u00e3o do sistema.\" \/>\n<meta name=\"robots\" content=\"index, follow, max-snippet:-1, max-image-preview:large, max-video-preview:-1\" \/>\n<link rel=\"canonical\" href=\"https:\/\/actbr.com.br\/es\/producto\/valvula-reguladora-de-pressao-tipo-alivio-em-linha-are-atos\/\" \/>\n<meta property=\"og:locale\" content=\"es_ES\" \/>\n<meta property=\"og:type\" content=\"article\" \/>\n<meta property=\"og:title\" content=\"V\u00e1lvula Reguladora de press\u00e3o tipo al\u00edvio em linha ARE-ATOS - ACT Sistemas Hidr\u00e1ulicos\" \/>\n<meta property=\"og:description\" content=\"A v\u00e1lvula limitadora de press\u00e3o com conex\u00e3o roscada ARE \u00e9 fabricada pela ATOS e tem a fun\u00e7\u00e3o de limitar a press\u00e3o do sistema.\" \/>\n<meta property=\"og:url\" content=\"https:\/\/actbr.com.br\/es\/producto\/valvula-reguladora-de-pressao-tipo-alivio-em-linha-are-atos\/\" \/>\n<meta property=\"og:site_name\" content=\"ACT Sistemas Hidr\u00e1ulicos\" \/>\n<meta property=\"article:modified_time\" content=\"2023-10-06T19:23:21+00:00\" \/>\n<meta property=\"og:image\" content=\"https:\/\/actbr.com.br\/wp-content\/uploads\/2020\/09\/ARE.jpg\" \/>\n\t<meta property=\"og:image:width\" content=\"600\" \/>\n\t<meta property=\"og:image:height\" content=\"450\" \/>\n\t<meta property=\"og:image:type\" content=\"image\/jpeg\" \/>\n<meta name=\"twitter:card\" content=\"summary_large_image\" \/>\n<meta name=\"twitter:label1\" content=\"Tiempo de lectura\" \/>\n\t<meta name=\"twitter:data1\" content=\"2 minutos\" \/>\n<script type=\"application\/ld+json\" class=\"yoast-schema-graph\">{\"@context\":\"https:\/\/schema.org\",\"@graph\":[{\"@type\":\"WebPage\",\"@id\":\"https:\/\/actbr.com.br\/es\/producto\/valvula-reguladora-de-pressao-tipo-alivio-em-linha-are-atos\/\",\"url\":\"https:\/\/actbr.com.br\/es\/producto\/valvula-reguladora-de-pressao-tipo-alivio-em-linha-are-atos\/\",\"name\":\"V\u00e1lvula Reguladora de press\u00e3o tipo al\u00edvio em linha ARE-ATOS - ACT Sistemas Hidr\u00e1ulicos\",\"isPartOf\":{\"@id\":\"https:\/\/actbr.com.br\/es\/#website\"},\"primaryImageOfPage\":{\"@id\":\"https:\/\/actbr.com.br\/es\/producto\/valvula-reguladora-de-pressao-tipo-alivio-em-linha-are-atos\/#primaryimage\"},\"image\":{\"@id\":\"https:\/\/actbr.com.br\/es\/producto\/valvula-reguladora-de-pressao-tipo-alivio-em-linha-are-atos\/#primaryimage\"},\"thumbnailUrl\":\"https:\/\/actbr.com.br\/wp-content\/uploads\/2020\/09\/ARE.jpg\",\"datePublished\":\"2020-09-29T15:36:59+00:00\",\"dateModified\":\"2023-10-06T19:23:21+00:00\",\"description\":\"A v\u00e1lvula limitadora de press\u00e3o com conex\u00e3o roscada ARE \u00e9 fabricada pela ATOS e tem a fun\u00e7\u00e3o de limitar a press\u00e3o do sistema.\",\"breadcrumb\":{\"@id\":\"https:\/\/actbr.com.br\/es\/producto\/valvula-reguladora-de-pressao-tipo-alivio-em-linha-are-atos\/#breadcrumb\"},\"inLanguage\":\"es\",\"potentialAction\":[{\"@type\":\"ReadAction\",\"target\":[\"https:\/\/actbr.com.br\/es\/producto\/valvula-reguladora-de-pressao-tipo-alivio-em-linha-are-atos\/\"]}]},{\"@type\":\"ImageObject\",\"inLanguage\":\"es\",\"@id\":\"https:\/\/actbr.com.br\/es\/producto\/valvula-reguladora-de-pressao-tipo-alivio-em-linha-are-atos\/#primaryimage\",\"url\":\"https:\/\/actbr.com.br\/wp-content\/uploads\/2020\/09\/ARE.jpg\",\"contentUrl\":\"https:\/\/actbr.com.br\/wp-content\/uploads\/2020\/09\/ARE.jpg\",\"width\":600,\"height\":450,\"caption\":\"V\u00e1lvulas de Press\u00e3o com Conex\u00e3o Roscada ARE-ATOS\"},{\"@type\":\"BreadcrumbList\",\"@id\":\"https:\/\/actbr.com.br\/es\/producto\/valvula-reguladora-de-pressao-tipo-alivio-em-linha-are-atos\/#breadcrumb\",\"itemListElement\":[{\"@type\":\"ListItem\",\"position\":1,\"name\":\"Comenzar\",\"item\":\"https:\/\/actbr.com.br\/es\/\"},{\"@type\":\"ListItem\",\"position\":2,\"name\":\"Produtos\",\"item\":\"https:\/\/actbr.com.br\/produtos-act\/\"},{\"@type\":\"ListItem\",\"position\":3,\"name\":\"V\u00e1lvulas em Linha\",\"item\":\"https:\/\/actbr.com.br\/es\/categoria-produto\/valvulas-em-linha\/\"},{\"@type\":\"ListItem\",\"position\":4,\"name\":\"Reguladora de Press\u00e3o - Al\u00edvio\",\"item\":\"https:\/\/actbr.com.br\/es\/categoria-produto\/valvulas-em-linha\/linha-reguladora-de-pressao-alivio\/\"},{\"@type\":\"ListItem\",\"position\":5,\"name\":\"V\u00e1lvula Reguladora de press\u00e3o tipo al\u00edvio em linha ARE-ATOS\"}]},{\"@type\":\"WebSite\",\"@id\":\"https:\/\/actbr.com.br\/es\/#website\",\"url\":\"https:\/\/actbr.com.br\/es\/\",\"name\":\"ACT Sistemas Hidr\u00e1ulicos\",\"description\":\"Fabricaci\u00f3n y mantenimiento de componentes de aceite hidr\u00e1ulico\",\"publisher\":{\"@id\":\"https:\/\/actbr.com.br\/es\/#organization\"},\"potentialAction\":[{\"@type\":\"SearchAction\",\"target\":{\"@type\":\"EntryPoint\",\"urlTemplate\":\"https:\/\/actbr.com.br\/es\/?s={search_term_string}\"},\"query-input\":{\"@type\":\"PropertyValueSpecification\",\"valueRequired\":true,\"valueName\":\"search_term_string\"}}],\"inLanguage\":\"es\"},{\"@type\":\"Organization\",\"@id\":\"https:\/\/actbr.com.br\/es\/#organization\",\"name\":\"ACT Sistemas Hidr\u00e1ulicos\",\"url\":\"https:\/\/actbr.com.br\/es\/\",\"logo\":{\"@type\":\"ImageObject\",\"inLanguage\":\"es\",\"@id\":\"https:\/\/actbr.com.br\/es\/#\/schema\/logo\/image\/\",\"url\":\"https:\/\/actbr.com.br\/wp-content\/uploads\/2025\/02\/cropped-ACT_NEGATIVO-marca-dagua.png\",\"contentUrl\":\"https:\/\/actbr.com.br\/wp-content\/uploads\/2025\/02\/cropped-ACT_NEGATIVO-marca-dagua.png\",\"width\":240,\"height\":146,\"caption\":\"ACT Sistemas Hidr\u00e1ulicos\"},\"image\":{\"@id\":\"https:\/\/actbr.com.br\/es\/#\/schema\/logo\/image\/\"}}]}<\/script>\n<!-- \/ Yoast SEO plugin. -->","yoast_head_json":{"title":"V\u00e1lvula Reguladora de press\u00e3o tipo al\u00edvio em linha ARE-ATOS - ACT Sistemas Hidr\u00e1ulicos","description":"A v\u00e1lvula limitadora de press\u00e3o com conex\u00e3o roscada ARE \u00e9 fabricada pela ATOS e tem a fun\u00e7\u00e3o de limitar a press\u00e3o do sistema.","robots":{"index":"index","follow":"follow","max-snippet":"max-snippet:-1","max-image-preview":"max-image-preview:large","max-video-preview":"max-video-preview:-1"},"canonical":"https:\/\/actbr.com.br\/es\/producto\/valvula-reguladora-de-pressao-tipo-alivio-em-linha-are-atos\/","og_locale":"es_ES","og_type":"article","og_title":"V\u00e1lvula Reguladora de press\u00e3o tipo al\u00edvio em linha ARE-ATOS - ACT Sistemas Hidr\u00e1ulicos","og_description":"A v\u00e1lvula limitadora de press\u00e3o com conex\u00e3o roscada ARE \u00e9 fabricada pela ATOS e tem a fun\u00e7\u00e3o de limitar a press\u00e3o do sistema.","og_url":"https:\/\/actbr.com.br\/es\/producto\/valvula-reguladora-de-pressao-tipo-alivio-em-linha-are-atos\/","og_site_name":"ACT Sistemas Hidr\u00e1ulicos","article_modified_time":"2023-10-06T19:23:21+00:00","og_image":[{"width":600,"height":450,"url":"https:\/\/actbr.com.br\/wp-content\/uploads\/2020\/09\/ARE.jpg","type":"image\/jpeg"}],"twitter_card":"summary_large_image","twitter_misc":{"Tiempo de lectura":"2 minutos"},"schema":{"@context":"https:\/\/schema.org","@graph":[{"@type":"WebPage","@id":"https:\/\/actbr.com.br\/es\/producto\/valvula-reguladora-de-pressao-tipo-alivio-em-linha-are-atos\/","url":"https:\/\/actbr.com.br\/es\/producto\/valvula-reguladora-de-pressao-tipo-alivio-em-linha-are-atos\/","name":"V\u00e1lvula Reguladora de press\u00e3o tipo al\u00edvio em linha ARE-ATOS - ACT Sistemas Hidr\u00e1ulicos","isPartOf":{"@id":"https:\/\/actbr.com.br\/es\/#website"},"primaryImageOfPage":{"@id":"https:\/\/actbr.com.br\/es\/producto\/valvula-reguladora-de-pressao-tipo-alivio-em-linha-are-atos\/#primaryimage"},"image":{"@id":"https:\/\/actbr.com.br\/es\/producto\/valvula-reguladora-de-pressao-tipo-alivio-em-linha-are-atos\/#primaryimage"},"thumbnailUrl":"https:\/\/actbr.com.br\/wp-content\/uploads\/2020\/09\/ARE.jpg","datePublished":"2020-09-29T15:36:59+00:00","dateModified":"2023-10-06T19:23:21+00:00","description":"A v\u00e1lvula limitadora de press\u00e3o com conex\u00e3o roscada ARE \u00e9 fabricada pela ATOS e tem a fun\u00e7\u00e3o de limitar a press\u00e3o do sistema.","breadcrumb":{"@id":"https:\/\/actbr.com.br\/es\/producto\/valvula-reguladora-de-pressao-tipo-alivio-em-linha-are-atos\/#breadcrumb"},"inLanguage":"es","potentialAction":[{"@type":"ReadAction","target":["https:\/\/actbr.com.br\/es\/producto\/valvula-reguladora-de-pressao-tipo-alivio-em-linha-are-atos\/"]}]},{"@type":"ImageObject","inLanguage":"es","@id":"https:\/\/actbr.com.br\/es\/producto\/valvula-reguladora-de-pressao-tipo-alivio-em-linha-are-atos\/#primaryimage","url":"https:\/\/actbr.com.br\/wp-content\/uploads\/2020\/09\/ARE.jpg","contentUrl":"https:\/\/actbr.com.br\/wp-content\/uploads\/2020\/09\/ARE.jpg","width":600,"height":450,"caption":"V\u00e1lvulas de Press\u00e3o com Conex\u00e3o Roscada ARE-ATOS"},{"@type":"BreadcrumbList","@id":"https:\/\/actbr.com.br\/es\/producto\/valvula-reguladora-de-pressao-tipo-alivio-em-linha-are-atos\/#breadcrumb","itemListElement":[{"@type":"ListItem","position":1,"name":"Comenzar","item":"https:\/\/actbr.com.br\/es\/"},{"@type":"ListItem","position":2,"name":"Produtos","item":"https:\/\/actbr.com.br\/produtos-act\/"},{"@type":"ListItem","position":3,"name":"V\u00e1lvulas em Linha","item":"https:\/\/actbr.com.br\/es\/categoria-produto\/valvulas-em-linha\/"},{"@type":"ListItem","position":4,"name":"Reguladora de Press\u00e3o - Al\u00edvio","item":"https:\/\/actbr.com.br\/es\/categoria-produto\/valvulas-em-linha\/linha-reguladora-de-pressao-alivio\/"},{"@type":"ListItem","position":5,"name":"V\u00e1lvula Reguladora de press\u00e3o tipo al\u00edvio em linha ARE-ATOS"}]},{"@type":"WebSite","@id":"https:\/\/actbr.com.br\/es\/#website","url":"https:\/\/actbr.com.br\/es\/","name":"ACT Sistemas Hidr\u00e1ulicos","description":"Fabricaci\u00f3n y mantenimiento de componentes de aceite hidr\u00e1ulico","publisher":{"@id":"https:\/\/actbr.com.br\/es\/#organization"},"potentialAction":[{"@type":"SearchAction","target":{"@type":"EntryPoint","urlTemplate":"https:\/\/actbr.com.br\/es\/?s={search_term_string}"},"query-input":{"@type":"PropertyValueSpecification","valueRequired":true,"valueName":"search_term_string"}}],"inLanguage":"es"},{"@type":"Organization","@id":"https:\/\/actbr.com.br\/es\/#organization","name":"ACT Sistemas Hidr\u00e1ulicos","url":"https:\/\/actbr.com.br\/es\/","logo":{"@type":"ImageObject","inLanguage":"es","@id":"https:\/\/actbr.com.br\/es\/#\/schema\/logo\/image\/","url":"https:\/\/actbr.com.br\/wp-content\/uploads\/2025\/02\/cropped-ACT_NEGATIVO-marca-dagua.png","contentUrl":"https:\/\/actbr.com.br\/wp-content\/uploads\/2025\/02\/cropped-ACT_NEGATIVO-marca-dagua.png","width":240,"height":146,"caption":"ACT Sistemas Hidr\u00e1ulicos"},"image":{"@id":"https:\/\/actbr.com.br\/es\/#\/schema\/logo\/image\/"}}]}},"_links":{"self":[{"href":"https:\/\/actbr.com.br\/es\/wp-json\/wp\/v2\/product\/3231","targetHints":{"allow":["GET"]}}],"collection":[{"href":"https:\/\/actbr.com.br\/es\/wp-json\/wp\/v2\/product"}],"about":[{"href":"https:\/\/actbr.com.br\/es\/wp-json\/wp\/v2\/types\/product"}],"wp:featuredmedia":[{"embeddable":true,"href":"https:\/\/actbr.com.br\/es\/wp-json\/wp\/v2\/media\/8357"}],"wp:attachment":[{"href":"https:\/\/actbr.com.br\/es\/wp-json\/wp\/v2\/media?parent=3231"}],"wp:term":[{"taxonomy":"product_brand","embeddable":true,"href":"https:\/\/actbr.com.br\/es\/wp-json\/wp\/v2\/product_brand?post=3231"},{"taxonomy":"product_cat","embeddable":true,"href":"https:\/\/actbr.com.br\/es\/wp-json\/wp\/v2\/product_cat?post=3231"},{"taxonomy":"product_tag","embeddable":true,"href":"https:\/\/actbr.com.br\/es\/wp-json\/wp\/v2\/product_tag?post=3231"}],"curies":[{"name":"wp","href":"https:\/\/api.w.org\/{rel}","templated":true}]}}