{"id":3244,"date":"2020-09-29T12:36:59","date_gmt":"2020-09-29T15:36:59","guid":{"rendered":"https:\/\/actbr.com.br\/produto\/valvula-direcional-a-prova-de-explosao-dha-atos-culus\/"},"modified":"2023-06-23T12:08:45","modified_gmt":"2023-06-23T15:08:45","slug":"atos-dha-culus","status":"publish","type":"product","link":"https:\/\/actbr.com.br\/es\/producto\/atos-dha-culus\/","title":{"rendered":"ATOS DHA cULus"},"content":{"rendered":"<p><strong>V\u00e1lvula Direcional \u00e0 Prova de Explos\u00e3o ATOS DHA cULus<\/strong><\/p>\n<p>A V\u00e1lvula Direcional \u00e0 Prova de Explos\u00e3o ATOS DHA cULus \u00e9 uma v\u00e1lvula com solenoides \u00e0 prova de explos\u00e3o, acompanhada pelo certificado cULus.<\/p>\n<p>Possui certificado UL 1002 e 22,2 n\u00ba139-1982 Class Standard I Grupos C e d (Grupos IIA e IIB para NEC 505-7). Constru\u00eddas em conformidade a norma IEC 61508 SIL (Certificado TUV).<\/p>\n<p>O solenoide da v\u00e1lvula \u00e9 projetado para conter a eventual explos\u00e3o que pode ser causada pela presen\u00e7a da mistura de gases no interior do inv\u00f3lucro, evitando assim a propaga\u00e7\u00e3o ao ambiente externo. \u00a0Outra grande fun\u00e7\u00e3o \u00e9 limitar a temperatura externa, de acordo com a mistura explosiva do meio ambiente.<\/p>\n<p><strong>Como solicitar:<\/strong><\/p>\n<p><img decoding=\"async\" src=\"https:\/\/actbr.com.br\/wp-content\/uploads\/2020\/09\/como-solicitar-dha-culus.jpg\" alt=\"\" \/><br \/>\nSimples Solenoide:<br \/>\nTN6 \u2013 DHA-0610 \/ DHA-0611 \/ DHA-0613 \/ DHA-0614 \/ DHA-0630\/2 \/ DHA-0631\/2 \/ DHA-0632\/2<br \/>\nV\u00e1lvula hidr\u00e1ulica solenoide ATOS com duas posi\u00e7\u00f5es e quatro vias, com vaz\u00e3o m\u00e1xima de 70 litros por minuto, resistindo a press\u00f5es de at\u00e9 350 bar.<\/p>\n<p>Duplo Solenoide:<br \/>\nTN6 \u2013 DHA-0710 \/ DHA-0711 \/ DHA-0713 \/ DHA-0714 \/ DHA-0715 \/ DHA-0716 \/ DHA-0717 \/ DHA-0718 \/ DHA-0751\/2<br \/>\nV\u00e1lvula hidr\u00e1ulica solenoide ATOS com duas posi\u00e7\u00f5es e quatro vias, com vaz\u00e3o m\u00e1xima de 70 litros por minuto, resistindo a press\u00f5es de at\u00e9 350 bar.<\/p>\n<p>&nbsp;<\/p>\n<p>Certifica\u00e7\u00f5es dispon\u00edveis:<\/p>\n<p><img decoding=\"async\" src=\"https:\/\/actbr.com.br\/wp-content\/uploads\/2020\/09\/cert-culus-atos.jpg\" alt=\"\" \/><\/p>\n","protected":false},"excerpt":{"rendered":"<p>A V\u00e1lvula Direcional \u00e0 Prova de Explos\u00e3o ATOS DHA cULus \u00e9 uma v\u00e1lvula com solenoides \u00e0 prova de explos\u00e3o, acompanhada pelo certificado cULus.<\/p>\n<p>&nbsp;<\/p>\n","protected":false},"featured_media":8169,"template":"","meta":[],"product_brand":[],"product_cat":[62,46],"product_tag":[],"class_list":{"0":"post-3244","1":"product","2":"type-product","3":"status-publish","4":"has-post-thumbnail","6":"product_cat-valvula-direcional-a-prova-de-explosao","7":"product_cat-valvulas-direcionais","9":"first","10":"instock","11":"virtual","12":"product-type-simple"},"yoast_head":"<!-- This site is optimized with the Yoast SEO plugin v27.2 - https:\/\/yoast.com\/product\/yoast-seo-wordpress\/ -->\n<title>ATOS DHA cULus - ACT Sistemas Hidr\u00e1ulicos<\/title>\n<meta name=\"description\" content=\"A V\u00e1lvula Direcional \u00e0 Prova de Explos\u00e3o ATOS DHA cULus \u00e9 uma v\u00e1lvula com solenoides \u00e0 prova de explos\u00e3o, acompanhada pelo certificado cULus.\" \/>\n<meta name=\"robots\" content=\"index, follow, max-snippet:-1, max-image-preview:large, max-video-preview:-1\" \/>\n<link rel=\"canonical\" href=\"https:\/\/actbr.com.br\/es\/producto\/atos-dha-culus\/\" \/>\n<meta property=\"og:locale\" content=\"es_ES\" \/>\n<meta property=\"og:type\" content=\"article\" \/>\n<meta property=\"og:title\" content=\"ATOS DHA cULus - ACT Sistemas Hidr\u00e1ulicos\" \/>\n<meta property=\"og:description\" content=\"A V\u00e1lvula Direcional \u00e0 Prova de Explos\u00e3o ATOS DHA cULus \u00e9 uma v\u00e1lvula com solenoides \u00e0 prova de explos\u00e3o, acompanhada pelo certificado cULus.\" \/>\n<meta property=\"og:url\" content=\"https:\/\/actbr.com.br\/es\/producto\/atos-dha-culus\/\" \/>\n<meta property=\"og:site_name\" content=\"ACT Sistemas Hidr\u00e1ulicos\" \/>\n<meta property=\"article:modified_time\" content=\"2023-06-23T15:08:45+00:00\" \/>\n<meta property=\"og:image\" content=\"https:\/\/actbr.com.br\/wp-content\/uploads\/2020\/09\/Valvula-direcional-a-prova-de-explosao-DHA-\u2013-ATOS-cULus-1.jpg\" \/>\n\t<meta property=\"og:image:width\" content=\"600\" \/>\n\t<meta property=\"og:image:height\" content=\"363\" \/>\n\t<meta property=\"og:image:type\" content=\"image\/jpeg\" \/>\n<meta name=\"twitter:card\" content=\"summary_large_image\" \/>\n<meta name=\"twitter:label1\" content=\"Tiempo de lectura\" \/>\n\t<meta name=\"twitter:data1\" content=\"2 minutos\" \/>\n<script type=\"application\/ld+json\" class=\"yoast-schema-graph\">{\"@context\":\"https:\/\/schema.org\",\"@graph\":[{\"@type\":\"WebPage\",\"@id\":\"https:\/\/actbr.com.br\/es\/producto\/atos-dha-culus\/\",\"url\":\"https:\/\/actbr.com.br\/es\/producto\/atos-dha-culus\/\",\"name\":\"ATOS DHA cULus - ACT Sistemas Hidr\u00e1ulicos\",\"isPartOf\":{\"@id\":\"https:\/\/actbr.com.br\/es\/#website\"},\"primaryImageOfPage\":{\"@id\":\"https:\/\/actbr.com.br\/es\/producto\/atos-dha-culus\/#primaryimage\"},\"image\":{\"@id\":\"https:\/\/actbr.com.br\/es\/producto\/atos-dha-culus\/#primaryimage\"},\"thumbnailUrl\":\"https:\/\/actbr.com.br\/wp-content\/uploads\/2020\/09\/Valvula-direcional-a-prova-de-explosao-DHA-\u2013-ATOS-cULus-1.jpg\",\"datePublished\":\"2020-09-29T15:36:59+00:00\",\"dateModified\":\"2023-06-23T15:08:45+00:00\",\"description\":\"A V\u00e1lvula Direcional \u00e0 Prova de Explos\u00e3o ATOS DHA cULus \u00e9 uma v\u00e1lvula com solenoides \u00e0 prova de explos\u00e3o, acompanhada pelo certificado cULus.\",\"breadcrumb\":{\"@id\":\"https:\/\/actbr.com.br\/es\/producto\/atos-dha-culus\/#breadcrumb\"},\"inLanguage\":\"es\",\"potentialAction\":[{\"@type\":\"ReadAction\",\"target\":[\"https:\/\/actbr.com.br\/es\/producto\/atos-dha-culus\/\"]}]},{\"@type\":\"ImageObject\",\"inLanguage\":\"es\",\"@id\":\"https:\/\/actbr.com.br\/es\/producto\/atos-dha-culus\/#primaryimage\",\"url\":\"https:\/\/actbr.com.br\/wp-content\/uploads\/2020\/09\/Valvula-direcional-a-prova-de-explosao-DHA-\u2013-ATOS-cULus-1.jpg\",\"contentUrl\":\"https:\/\/actbr.com.br\/wp-content\/uploads\/2020\/09\/Valvula-direcional-a-prova-de-explosao-DHA-\u2013-ATOS-cULus-1.jpg\",\"width\":600,\"height\":363,\"caption\":\"V\u00e1lvula Direcional \u00e0 Prova de Explos\u00e3o ATOS DHA cULus\"},{\"@type\":\"BreadcrumbList\",\"@id\":\"https:\/\/actbr.com.br\/es\/producto\/atos-dha-culus\/#breadcrumb\",\"itemListElement\":[{\"@type\":\"ListItem\",\"position\":1,\"name\":\"Comenzar\",\"item\":\"https:\/\/actbr.com.br\/es\/\"},{\"@type\":\"ListItem\",\"position\":2,\"name\":\"Produtos\",\"item\":\"https:\/\/actbr.com.br\/produtos-act\/\"},{\"@type\":\"ListItem\",\"position\":3,\"name\":\"V\u00e1lvulas Direcionais\",\"item\":\"https:\/\/actbr.com.br\/es\/categoria-produto\/valvulas-direcionais\/\"},{\"@type\":\"ListItem\",\"position\":4,\"name\":\"V\u00e1lvula direcional \u00e0 prova de explos\u00e3o\",\"item\":\"https:\/\/actbr.com.br\/es\/categoria-produto\/valvulas-direcionais\/valvula-direcional-a-prova-de-explosao\/\"},{\"@type\":\"ListItem\",\"position\":5,\"name\":\"ATOS DHA cULus\"}]},{\"@type\":\"WebSite\",\"@id\":\"https:\/\/actbr.com.br\/es\/#website\",\"url\":\"https:\/\/actbr.com.br\/es\/\",\"name\":\"ACT Sistemas Hidr\u00e1ulicos\",\"description\":\"Fabricaci\u00f3n y mantenimiento de componentes de aceite hidr\u00e1ulico\",\"publisher\":{\"@id\":\"https:\/\/actbr.com.br\/es\/#organization\"},\"potentialAction\":[{\"@type\":\"SearchAction\",\"target\":{\"@type\":\"EntryPoint\",\"urlTemplate\":\"https:\/\/actbr.com.br\/es\/?s={search_term_string}\"},\"query-input\":{\"@type\":\"PropertyValueSpecification\",\"valueRequired\":true,\"valueName\":\"search_term_string\"}}],\"inLanguage\":\"es\"},{\"@type\":\"Organization\",\"@id\":\"https:\/\/actbr.com.br\/es\/#organization\",\"name\":\"ACT Sistemas Hidr\u00e1ulicos\",\"url\":\"https:\/\/actbr.com.br\/es\/\",\"logo\":{\"@type\":\"ImageObject\",\"inLanguage\":\"es\",\"@id\":\"https:\/\/actbr.com.br\/es\/#\/schema\/logo\/image\/\",\"url\":\"https:\/\/actbr.com.br\/wp-content\/uploads\/2025\/02\/cropped-ACT_NEGATIVO-marca-dagua.png\",\"contentUrl\":\"https:\/\/actbr.com.br\/wp-content\/uploads\/2025\/02\/cropped-ACT_NEGATIVO-marca-dagua.png\",\"width\":240,\"height\":146,\"caption\":\"ACT Sistemas Hidr\u00e1ulicos\"},\"image\":{\"@id\":\"https:\/\/actbr.com.br\/es\/#\/schema\/logo\/image\/\"}}]}<\/script>\n<!-- \/ Yoast SEO plugin. -->","yoast_head_json":{"title":"ATOS DHA cULus - ACT Sistemas Hidr\u00e1ulicos","description":"A V\u00e1lvula Direcional \u00e0 Prova de Explos\u00e3o ATOS DHA cULus \u00e9 uma v\u00e1lvula com solenoides \u00e0 prova de explos\u00e3o, acompanhada pelo certificado cULus.","robots":{"index":"index","follow":"follow","max-snippet":"max-snippet:-1","max-image-preview":"max-image-preview:large","max-video-preview":"max-video-preview:-1"},"canonical":"https:\/\/actbr.com.br\/es\/producto\/atos-dha-culus\/","og_locale":"es_ES","og_type":"article","og_title":"ATOS DHA cULus - ACT Sistemas Hidr\u00e1ulicos","og_description":"A V\u00e1lvula Direcional \u00e0 Prova de Explos\u00e3o ATOS DHA cULus \u00e9 uma v\u00e1lvula com solenoides \u00e0 prova de explos\u00e3o, acompanhada pelo certificado cULus.","og_url":"https:\/\/actbr.com.br\/es\/producto\/atos-dha-culus\/","og_site_name":"ACT Sistemas Hidr\u00e1ulicos","article_modified_time":"2023-06-23T15:08:45+00:00","og_image":[{"width":600,"height":363,"url":"https:\/\/actbr.com.br\/wp-content\/uploads\/2020\/09\/Valvula-direcional-a-prova-de-explosao-DHA-\u2013-ATOS-cULus-1.jpg","type":"image\/jpeg"}],"twitter_card":"summary_large_image","twitter_misc":{"Tiempo de lectura":"2 minutos"},"schema":{"@context":"https:\/\/schema.org","@graph":[{"@type":"WebPage","@id":"https:\/\/actbr.com.br\/es\/producto\/atos-dha-culus\/","url":"https:\/\/actbr.com.br\/es\/producto\/atos-dha-culus\/","name":"ATOS DHA cULus - ACT Sistemas Hidr\u00e1ulicos","isPartOf":{"@id":"https:\/\/actbr.com.br\/es\/#website"},"primaryImageOfPage":{"@id":"https:\/\/actbr.com.br\/es\/producto\/atos-dha-culus\/#primaryimage"},"image":{"@id":"https:\/\/actbr.com.br\/es\/producto\/atos-dha-culus\/#primaryimage"},"thumbnailUrl":"https:\/\/actbr.com.br\/wp-content\/uploads\/2020\/09\/Valvula-direcional-a-prova-de-explosao-DHA-\u2013-ATOS-cULus-1.jpg","datePublished":"2020-09-29T15:36:59+00:00","dateModified":"2023-06-23T15:08:45+00:00","description":"A V\u00e1lvula Direcional \u00e0 Prova de Explos\u00e3o ATOS DHA cULus \u00e9 uma v\u00e1lvula com solenoides \u00e0 prova de explos\u00e3o, acompanhada pelo certificado cULus.","breadcrumb":{"@id":"https:\/\/actbr.com.br\/es\/producto\/atos-dha-culus\/#breadcrumb"},"inLanguage":"es","potentialAction":[{"@type":"ReadAction","target":["https:\/\/actbr.com.br\/es\/producto\/atos-dha-culus\/"]}]},{"@type":"ImageObject","inLanguage":"es","@id":"https:\/\/actbr.com.br\/es\/producto\/atos-dha-culus\/#primaryimage","url":"https:\/\/actbr.com.br\/wp-content\/uploads\/2020\/09\/Valvula-direcional-a-prova-de-explosao-DHA-\u2013-ATOS-cULus-1.jpg","contentUrl":"https:\/\/actbr.com.br\/wp-content\/uploads\/2020\/09\/Valvula-direcional-a-prova-de-explosao-DHA-\u2013-ATOS-cULus-1.jpg","width":600,"height":363,"caption":"V\u00e1lvula Direcional \u00e0 Prova de Explos\u00e3o ATOS DHA cULus"},{"@type":"BreadcrumbList","@id":"https:\/\/actbr.com.br\/es\/producto\/atos-dha-culus\/#breadcrumb","itemListElement":[{"@type":"ListItem","position":1,"name":"Comenzar","item":"https:\/\/actbr.com.br\/es\/"},{"@type":"ListItem","position":2,"name":"Produtos","item":"https:\/\/actbr.com.br\/produtos-act\/"},{"@type":"ListItem","position":3,"name":"V\u00e1lvulas Direcionais","item":"https:\/\/actbr.com.br\/es\/categoria-produto\/valvulas-direcionais\/"},{"@type":"ListItem","position":4,"name":"V\u00e1lvula direcional \u00e0 prova de explos\u00e3o","item":"https:\/\/actbr.com.br\/es\/categoria-produto\/valvulas-direcionais\/valvula-direcional-a-prova-de-explosao\/"},{"@type":"ListItem","position":5,"name":"ATOS DHA cULus"}]},{"@type":"WebSite","@id":"https:\/\/actbr.com.br\/es\/#website","url":"https:\/\/actbr.com.br\/es\/","name":"ACT Sistemas Hidr\u00e1ulicos","description":"Fabricaci\u00f3n y mantenimiento de componentes de aceite hidr\u00e1ulico","publisher":{"@id":"https:\/\/actbr.com.br\/es\/#organization"},"potentialAction":[{"@type":"SearchAction","target":{"@type":"EntryPoint","urlTemplate":"https:\/\/actbr.com.br\/es\/?s={search_term_string}"},"query-input":{"@type":"PropertyValueSpecification","valueRequired":true,"valueName":"search_term_string"}}],"inLanguage":"es"},{"@type":"Organization","@id":"https:\/\/actbr.com.br\/es\/#organization","name":"ACT Sistemas Hidr\u00e1ulicos","url":"https:\/\/actbr.com.br\/es\/","logo":{"@type":"ImageObject","inLanguage":"es","@id":"https:\/\/actbr.com.br\/es\/#\/schema\/logo\/image\/","url":"https:\/\/actbr.com.br\/wp-content\/uploads\/2025\/02\/cropped-ACT_NEGATIVO-marca-dagua.png","contentUrl":"https:\/\/actbr.com.br\/wp-content\/uploads\/2025\/02\/cropped-ACT_NEGATIVO-marca-dagua.png","width":240,"height":146,"caption":"ACT Sistemas Hidr\u00e1ulicos"},"image":{"@id":"https:\/\/actbr.com.br\/es\/#\/schema\/logo\/image\/"}}]}},"_links":{"self":[{"href":"https:\/\/actbr.com.br\/es\/wp-json\/wp\/v2\/product\/3244","targetHints":{"allow":["GET"]}}],"collection":[{"href":"https:\/\/actbr.com.br\/es\/wp-json\/wp\/v2\/product"}],"about":[{"href":"https:\/\/actbr.com.br\/es\/wp-json\/wp\/v2\/types\/product"}],"wp:featuredmedia":[{"embeddable":true,"href":"https:\/\/actbr.com.br\/es\/wp-json\/wp\/v2\/media\/8169"}],"wp:attachment":[{"href":"https:\/\/actbr.com.br\/es\/wp-json\/wp\/v2\/media?parent=3244"}],"wp:term":[{"taxonomy":"product_brand","embeddable":true,"href":"https:\/\/actbr.com.br\/es\/wp-json\/wp\/v2\/product_brand?post=3244"},{"taxonomy":"product_cat","embeddable":true,"href":"https:\/\/actbr.com.br\/es\/wp-json\/wp\/v2\/product_cat?post=3244"},{"taxonomy":"product_tag","embeddable":true,"href":"https:\/\/actbr.com.br\/es\/wp-json\/wp\/v2\/product_tag?post=3244"}],"curies":[{"name":"wp","href":"https:\/\/api.w.org\/{rel}","templated":true}]}}