{"id":3247,"date":"2020-09-29T12:36:59","date_gmt":"2020-09-29T15:36:59","guid":{"rendered":"https:\/\/actbr.com.br\/produto\/valvula-direcional-pilotada-a-prova-de-explosao-dpha-atos-atex-iecex-rost\/"},"modified":"2023-06-23T12:04:04","modified_gmt":"2023-06-23T15:04:04","slug":"atos-dpha-atex-iecex","status":"publish","type":"product","link":"https:\/\/actbr.com.br\/es\/producto\/atos-dpha-atex-iecex\/","title":{"rendered":"ATOS DPHA ATEX IECEx"},"content":{"rendered":"<div id=\"detalhes\">\n<p><strong>V\u00e1lvula Direcional Pilotada \u00e0 Prova de Explos\u00e3o ATOS DPHA ATEX IECEx<\/strong><\/p>\n<p>A V\u00e1lvula Direcional Pilotada \u00e0 Prova de Explos\u00e3o ATOS DPHA ATEX\u00a0 IECEx \u00e9 constru\u00edda em conformidade a norma IEC 61508 SIL (Certificado TUV).<\/p>\n<p>O solenoide da v\u00e1lvula e projetado para conter a eventual explos\u00e3o que pode ser causada pela presen\u00e7a da mistura de gases no interior do inv\u00f3lucro, evitando assim a propaga\u00e7\u00e3o ao ambiente externo. \u00a0Outra grande fun\u00e7\u00e3o \u00e9 limitar a temperatura externa, de acordo com a mistura explosiva do meio ambiente. V\u00e1lvulas equipadas com solenoides \u00e0 prova de explos\u00e3o para ambientes com exposi\u00e7\u00e3o a g\u00e1s, vapores e poeira ambiente (GRUPO II), ambientes confinados, t\u00faneis e plantas de minera\u00e7\u00e3o (GRUPO I)<\/p>\n<p>&nbsp;<\/p>\n<p>Certifica\u00e7\u00f5es dispon\u00edveis para o Grupo II:<\/p>\n<p>ATEX 94\/9\/EC<br \/>\nEx II 2D Ex td IIIC T85\u00baC\/T 135\u00baC Db;<br \/>\nEx II 2G Ex IIC T6\/T4 Gb;<\/p>\n<p>IECEX wordwide recognized certification<br \/>\nEx d IIC T6\/T4 Gb;<br \/>\nEx tb IIIC T85\u00baC\/T135\u00baC Db;<\/p>\n<p>EAC EurAsian Certification<br \/>\nEx II 2G Exd IIC T6\/T4<\/p>\n<p>&nbsp;<\/p>\n<p>Certifica\u00e7\u00f5es dispon\u00edveis para o Grupo I:<\/p>\n<p>ATEX 94\/9\/EC<br \/>\nEx I M2 Ex d I Mb<\/p>\n<p>IECEx<br \/>\nI M2 Ex d I Mb<\/p>\n<p>&nbsp;<\/p>\n<p>Como solicitar:<\/p>\n<p><img decoding=\"async\" src=\"https:\/\/actbr.com.br\/wp-content\/uploads\/2020\/09\/dpha-atex-como-solicitar.jpg\" alt=\"\" \/><\/p>\n<p>Simples solenoide:<br \/>\nTN10 \u2013 DPHA-1610 \/ DPHA-1611 \/ DPHA-1613 \/ DPHA-1614 \/ DPHA-1630\/2 \/ DPHA-1631\/2 \/ DPHA-1632\/2<br \/>\nV\u00e1lvula hidr\u00e1ulica solenoide Atos com duas posi\u00e7\u00f5es e quatro vias, com vaz\u00e3o m\u00e1xima de 160 litros por minuto eresistente a press\u00f5es de at\u00e9 350 bar.<\/p>\n<p>Duplo solenoide:<br \/>\nTN10 \u2013 DPHA-1710 \/ DPHA-1711 \/ DPHA-1713 \/ DPHA-1714 \/ DPHA-1715 \/ DPHA-1716 \/ DPHA-1717 \/ DPHA-1718 \/ DPHA-1751\/2<br \/>\nV\u00e1lvula hidr\u00e1ulica solenoide Atos com tr\u00eas posi\u00e7\u00f5es e quatro vias;<br \/>\nVaz\u00e3o m\u00e1xima de 160 litros por minuto e resiste a press\u00f5es de at\u00e9 350 bar.<\/p>\n<p>&nbsp;<\/p>\n<p>Simples solenoide:<br \/>\nTN16 \u2013 DPHA-2610 \/ DPHA-2611 \/ DPHA-2613 \/ DPHA-2614 \/ DPHA-2630\/2 \/ DPHA-2631\/2 \/ DPHA-2632\/2 \u2013<br \/>\nV\u00e1lvula hidr\u00e1ulica solenoide ATOS com duas posi\u00e7\u00f5es e quatro vias;<br \/>\nVaz\u00e3o m\u00e1xima de 300 litros por minuto eresistente a press\u00f5es de at\u00e9 350 bar.<\/p>\n<p>Duplo solenoide:<br \/>\nTN16 \u2013 DPHI-2710 \/ DPHI-2711 \/ DPHI-2713 \/ DPHI-2714 \/ DPHI-2715 \/ DPHI-2716 \/ DPHI-2717 \/ DPHI-2718 \/ DPHI-2751\/2<br \/>\nV\u00e1lvula hidr\u00e1ulica solenoide ATOS com tr\u00eas posi\u00e7\u00f5es e quatro vias;<br \/>\nVaz\u00e3o m\u00e1xima de 300 litros por minuto e resiste a press\u00f5es de at\u00e9 350 bar.<\/p>\n<p>&nbsp;<\/p>\n<p>Simples solenoide:<br \/>\nTN25 \u2013 DPHA-4610 \/ DPHA-4611 \/ DPHA-4613 \/ DPHA-4614 \/ DPHA-4630\/2 \/ DPHA-4631\/2 \/ DPHA-4632\/2<br \/>\nV\u00e1lvula hidr\u00e1ulica solenoide ATOS com duas posi\u00e7\u00f5es e quatro vias;<br \/>\nVaz\u00e3o m\u00e1xima de 650 litros por minuto eresiste press\u00f5es de at\u00e9 350 bar.<\/p>\n<p>Duplo solenoide:<br \/>\nTN25 \u2013 DPHA-4710 \/ DPHA-4711 \/ DPHA-4713 \/ DPHA-4714 \/ DPHA-4715 \/ DPHA-4716 \/ DPHA-4717 \/ DPHA-4718 \/ DPHA-4751\/2<br \/>\nV\u00e1lvula hidr\u00e1ulica solenoide ATOS com tr\u00eas posi\u00e7\u00f5es e quatro vias;<br \/>\nVaz\u00e3o m\u00e1xima de 650 litros por minuto e resiste a press\u00f5es de at\u00e9 350 bar.<\/p>\n<p>&nbsp;<\/p>\n<p>Simples solenoide:<br \/>\nTN32 \u2013 DPHA-6610 \/ DPHA-6611 \/ DPHA-6613\/ DPHA-6614\/ DPHA-6630\/2 \/ DPHA-6631\/2 \/ DPHA-6632\/2<br \/>\nV\u00e1lvula hidr\u00e1ulica solenoide ATOS com duas posi\u00e7\u00f5es e quatro vias;<br \/>\nVaz\u00e3o m\u00e1xima de 1000 litros por minuto eresiste press\u00f5es de at\u00e9 350 bar.<\/p>\n<p>Duplo solenoide:<br \/>\nTN32 \u2013 DPHA-6710 \/ DPHA-6711 \/ DPHA-6713 \/ DPHA-6714 \/ DPHA-6715 \/ DPHA-6716 \/ DPHA-6717 \/ DPHA-6718 \/ DPHA-6751\/2<br \/>\nV\u00e1lvula hidr\u00e1ulica solenoide ATOS com tr\u00eas posi\u00e7\u00f5es e quatro vias;<br \/>\nVaz\u00e3o m\u00e1xima de 1000 litros por minuto e resiste a press\u00f5es de at\u00e9 350 bar.<\/p>\n<p>&nbsp;<\/p>\n<p><strong>Certifica\u00e7\u00f5es dispon\u00edveis:<\/strong><br \/>\n<img decoding=\"async\" src=\"https:\/\/actbr.com.br\/wp-content\/uploads\/2020\/09\/certificacoes-atex-atos.jpg\" alt=\"\" \/><br \/>\n<img decoding=\"async\" src=\"https:\/\/actbr.com.br\/wp-content\/uploads\/2020\/09\/certificacoes-dha-atex.jpg\" alt=\"\" \/><\/p>\n<\/div>\n<div id=\"relacionados\" style=\"margin: 0px; padding: 100px 0px 0px; float: left; width: 890px; color: #4f4f4f; font-family: 'Trebuchet MS', Arial, Helvetica, sans-serif; font-size: 12px;\"><\/div>\n","protected":false},"excerpt":{"rendered":"<p>A V\u00e1lvula Direcional Pilotada \u00e0 Prova de Explos\u00e3o ATOS DPHA ATEX\u00a0 IECEx \u00e9 constru\u00edda em conformidade a norma IEC 61508 SIL (Certificado TUV).<\/p>\n","protected":false},"featured_media":8167,"template":"","meta":[],"product_brand":[],"product_cat":[62,46],"product_tag":[],"class_list":{"0":"post-3247","1":"product","2":"type-product","3":"status-publish","4":"has-post-thumbnail","6":"product_cat-valvula-direcional-a-prova-de-explosao","7":"product_cat-valvulas-direcionais","9":"first","10":"instock","11":"virtual","12":"product-type-simple"},"yoast_head":"<!-- This site is optimized with the Yoast SEO plugin v27.5 - https:\/\/yoast.com\/product\/yoast-seo-wordpress\/ -->\n<title>ATOS DPHA ATEX IECEx - ACT Sistemas Hidr\u00e1ulicos<\/title>\n<meta name=\"description\" content=\"A V\u00e1lvula Direcional Pilotada \u00e0 Prova de Explos\u00e3o ATOS DPHA ATEX\u00a0 IECEx \u00e9 constru\u00edda em conformidade a norma IEC 61508 SIL (Certificado TUV).\" \/>\n<meta name=\"robots\" content=\"index, follow, max-snippet:-1, max-image-preview:large, max-video-preview:-1\" \/>\n<link rel=\"canonical\" href=\"https:\/\/actbr.com.br\/es\/producto\/atos-dpha-atex-iecex\/\" \/>\n<meta property=\"og:locale\" content=\"es_ES\" \/>\n<meta property=\"og:type\" content=\"article\" \/>\n<meta property=\"og:title\" content=\"ATOS DPHA ATEX IECEx - ACT Sistemas Hidr\u00e1ulicos\" \/>\n<meta property=\"og:description\" content=\"A V\u00e1lvula Direcional Pilotada \u00e0 Prova de Explos\u00e3o ATOS DPHA ATEX\u00a0 IECEx \u00e9 constru\u00edda em conformidade a norma IEC 61508 SIL (Certificado TUV).\" \/>\n<meta property=\"og:url\" content=\"https:\/\/actbr.com.br\/es\/producto\/atos-dpha-atex-iecex\/\" \/>\n<meta property=\"og:site_name\" content=\"ACT Sistemas Hidr\u00e1ulicos\" \/>\n<meta property=\"article:modified_time\" content=\"2023-06-23T15:04:04+00:00\" \/>\n<meta property=\"og:image\" content=\"https:\/\/actbr.com.br\/wp-content\/uploads\/2020\/09\/Valvula-direcional-pilotada-a-prova-de-explosao-DPHA-\u2013-ATOS-ATEX-\u2013-IECEx-\u2013-Rost.jpg\" \/>\n\t<meta property=\"og:image:width\" content=\"600\" \/>\n\t<meta property=\"og:image:height\" content=\"449\" \/>\n\t<meta property=\"og:image:type\" content=\"image\/jpeg\" \/>\n<meta name=\"twitter:card\" content=\"summary_large_image\" \/>\n<meta name=\"twitter:label1\" content=\"Tiempo de lectura\" \/>\n\t<meta name=\"twitter:data1\" content=\"4 minutos\" \/>\n<script type=\"application\/ld+json\" class=\"yoast-schema-graph\">{\"@context\":\"https:\\\/\\\/schema.org\",\"@graph\":[{\"@type\":\"WebPage\",\"@id\":\"https:\\\/\\\/actbr.com.br\\\/es\\\/producto\\\/atos-dpha-atex-iecex\\\/\",\"url\":\"https:\\\/\\\/actbr.com.br\\\/es\\\/producto\\\/atos-dpha-atex-iecex\\\/\",\"name\":\"ATOS DPHA ATEX IECEx - ACT Sistemas Hidr\u00e1ulicos\",\"isPartOf\":{\"@id\":\"https:\\\/\\\/actbr.com.br\\\/es\\\/#website\"},\"primaryImageOfPage\":{\"@id\":\"https:\\\/\\\/actbr.com.br\\\/es\\\/producto\\\/atos-dpha-atex-iecex\\\/#primaryimage\"},\"image\":{\"@id\":\"https:\\\/\\\/actbr.com.br\\\/es\\\/producto\\\/atos-dpha-atex-iecex\\\/#primaryimage\"},\"thumbnailUrl\":\"https:\\\/\\\/actbr.com.br\\\/wp-content\\\/uploads\\\/2020\\\/09\\\/Valvula-direcional-pilotada-a-prova-de-explosao-DPHA-\u2013-ATOS-ATEX-\u2013-IECEx-\u2013-Rost.jpg\",\"datePublished\":\"2020-09-29T15:36:59+00:00\",\"dateModified\":\"2023-06-23T15:04:04+00:00\",\"description\":\"A V\u00e1lvula Direcional Pilotada \u00e0 Prova de Explos\u00e3o ATOS DPHA ATEX\u00a0 IECEx \u00e9 constru\u00edda em conformidade a norma IEC 61508 SIL (Certificado TUV).\",\"breadcrumb\":{\"@id\":\"https:\\\/\\\/actbr.com.br\\\/es\\\/producto\\\/atos-dpha-atex-iecex\\\/#breadcrumb\"},\"inLanguage\":\"es\",\"potentialAction\":[{\"@type\":\"ReadAction\",\"target\":[\"https:\\\/\\\/actbr.com.br\\\/es\\\/producto\\\/atos-dpha-atex-iecex\\\/\"]}]},{\"@type\":\"ImageObject\",\"inLanguage\":\"es\",\"@id\":\"https:\\\/\\\/actbr.com.br\\\/es\\\/producto\\\/atos-dpha-atex-iecex\\\/#primaryimage\",\"url\":\"https:\\\/\\\/actbr.com.br\\\/wp-content\\\/uploads\\\/2020\\\/09\\\/Valvula-direcional-pilotada-a-prova-de-explosao-DPHA-\u2013-ATOS-ATEX-\u2013-IECEx-\u2013-Rost.jpg\",\"contentUrl\":\"https:\\\/\\\/actbr.com.br\\\/wp-content\\\/uploads\\\/2020\\\/09\\\/Valvula-direcional-pilotada-a-prova-de-explosao-DPHA-\u2013-ATOS-ATEX-\u2013-IECEx-\u2013-Rost.jpg\",\"width\":600,\"height\":449,\"caption\":\"V\u00e1lvula Direcional Pilotada \u00e0 Prova de Explos\u00e3o ATOS DPHA ATEX IECEx\"},{\"@type\":\"BreadcrumbList\",\"@id\":\"https:\\\/\\\/actbr.com.br\\\/es\\\/producto\\\/atos-dpha-atex-iecex\\\/#breadcrumb\",\"itemListElement\":[{\"@type\":\"ListItem\",\"position\":1,\"name\":\"Comenzar\",\"item\":\"https:\\\/\\\/actbr.com.br\\\/es\\\/\"},{\"@type\":\"ListItem\",\"position\":2,\"name\":\"Produtos\",\"item\":\"https:\\\/\\\/actbr.com.br\\\/produtos-act\\\/\"},{\"@type\":\"ListItem\",\"position\":3,\"name\":\"V\u00e1lvulas Direcionais\",\"item\":\"https:\\\/\\\/actbr.com.br\\\/es\\\/categoria-produto\\\/valvulas-direcionais\\\/\"},{\"@type\":\"ListItem\",\"position\":4,\"name\":\"V\u00e1lvula direcional \u00e0 prova de explos\u00e3o\",\"item\":\"https:\\\/\\\/actbr.com.br\\\/es\\\/categoria-produto\\\/valvulas-direcionais\\\/valvula-direcional-a-prova-de-explosao\\\/\"},{\"@type\":\"ListItem\",\"position\":5,\"name\":\"ATOS DPHA ATEX IECEx\"}]},{\"@type\":\"WebSite\",\"@id\":\"https:\\\/\\\/actbr.com.br\\\/es\\\/#website\",\"url\":\"https:\\\/\\\/actbr.com.br\\\/es\\\/\",\"name\":\"ACT Sistemas Hidr\u00e1ulicos\",\"description\":\"Fabricaci\u00f3n y mantenimiento de componentes de aceite hidr\u00e1ulico\",\"publisher\":{\"@id\":\"https:\\\/\\\/actbr.com.br\\\/es\\\/#organization\"},\"potentialAction\":[{\"@type\":\"SearchAction\",\"target\":{\"@type\":\"EntryPoint\",\"urlTemplate\":\"https:\\\/\\\/actbr.com.br\\\/es\\\/?s={search_term_string}\"},\"query-input\":{\"@type\":\"PropertyValueSpecification\",\"valueRequired\":true,\"valueName\":\"search_term_string\"}}],\"inLanguage\":\"es\"},{\"@type\":\"Organization\",\"@id\":\"https:\\\/\\\/actbr.com.br\\\/es\\\/#organization\",\"name\":\"ACT Sistemas Hidr\u00e1ulicos\",\"url\":\"https:\\\/\\\/actbr.com.br\\\/es\\\/\",\"logo\":{\"@type\":\"ImageObject\",\"inLanguage\":\"es\",\"@id\":\"https:\\\/\\\/actbr.com.br\\\/es\\\/#\\\/schema\\\/logo\\\/image\\\/\",\"url\":\"https:\\\/\\\/actbr.com.br\\\/wp-content\\\/uploads\\\/2025\\\/02\\\/cropped-ACT_NEGATIVO-marca-dagua.png\",\"contentUrl\":\"https:\\\/\\\/actbr.com.br\\\/wp-content\\\/uploads\\\/2025\\\/02\\\/cropped-ACT_NEGATIVO-marca-dagua.png\",\"width\":240,\"height\":146,\"caption\":\"ACT Sistemas Hidr\u00e1ulicos\"},\"image\":{\"@id\":\"https:\\\/\\\/actbr.com.br\\\/es\\\/#\\\/schema\\\/logo\\\/image\\\/\"}}]}<\/script>\n<!-- \/ Yoast SEO plugin. -->","yoast_head_json":{"title":"ATOS DPHA ATEX IECEx - ACT Sistemas Hidr\u00e1ulicos","description":"A V\u00e1lvula Direcional Pilotada \u00e0 Prova de Explos\u00e3o ATOS DPHA ATEX\u00a0 IECEx \u00e9 constru\u00edda em conformidade a norma IEC 61508 SIL (Certificado TUV).","robots":{"index":"index","follow":"follow","max-snippet":"max-snippet:-1","max-image-preview":"max-image-preview:large","max-video-preview":"max-video-preview:-1"},"canonical":"https:\/\/actbr.com.br\/es\/producto\/atos-dpha-atex-iecex\/","og_locale":"es_ES","og_type":"article","og_title":"ATOS DPHA ATEX IECEx - ACT Sistemas Hidr\u00e1ulicos","og_description":"A V\u00e1lvula Direcional Pilotada \u00e0 Prova de Explos\u00e3o ATOS DPHA ATEX\u00a0 IECEx \u00e9 constru\u00edda em conformidade a norma IEC 61508 SIL (Certificado TUV).","og_url":"https:\/\/actbr.com.br\/es\/producto\/atos-dpha-atex-iecex\/","og_site_name":"ACT Sistemas Hidr\u00e1ulicos","article_modified_time":"2023-06-23T15:04:04+00:00","og_image":[{"width":600,"height":449,"url":"https:\/\/actbr.com.br\/wp-content\/uploads\/2020\/09\/Valvula-direcional-pilotada-a-prova-de-explosao-DPHA-\u2013-ATOS-ATEX-\u2013-IECEx-\u2013-Rost.jpg","type":"image\/jpeg"}],"twitter_card":"summary_large_image","twitter_misc":{"Tiempo de lectura":"4 minutos"},"schema":{"@context":"https:\/\/schema.org","@graph":[{"@type":"WebPage","@id":"https:\/\/actbr.com.br\/es\/producto\/atos-dpha-atex-iecex\/","url":"https:\/\/actbr.com.br\/es\/producto\/atos-dpha-atex-iecex\/","name":"ATOS DPHA ATEX IECEx - ACT Sistemas Hidr\u00e1ulicos","isPartOf":{"@id":"https:\/\/actbr.com.br\/es\/#website"},"primaryImageOfPage":{"@id":"https:\/\/actbr.com.br\/es\/producto\/atos-dpha-atex-iecex\/#primaryimage"},"image":{"@id":"https:\/\/actbr.com.br\/es\/producto\/atos-dpha-atex-iecex\/#primaryimage"},"thumbnailUrl":"https:\/\/actbr.com.br\/wp-content\/uploads\/2020\/09\/Valvula-direcional-pilotada-a-prova-de-explosao-DPHA-\u2013-ATOS-ATEX-\u2013-IECEx-\u2013-Rost.jpg","datePublished":"2020-09-29T15:36:59+00:00","dateModified":"2023-06-23T15:04:04+00:00","description":"A V\u00e1lvula Direcional Pilotada \u00e0 Prova de Explos\u00e3o ATOS DPHA ATEX\u00a0 IECEx \u00e9 constru\u00edda em conformidade a norma IEC 61508 SIL (Certificado TUV).","breadcrumb":{"@id":"https:\/\/actbr.com.br\/es\/producto\/atos-dpha-atex-iecex\/#breadcrumb"},"inLanguage":"es","potentialAction":[{"@type":"ReadAction","target":["https:\/\/actbr.com.br\/es\/producto\/atos-dpha-atex-iecex\/"]}]},{"@type":"ImageObject","inLanguage":"es","@id":"https:\/\/actbr.com.br\/es\/producto\/atos-dpha-atex-iecex\/#primaryimage","url":"https:\/\/actbr.com.br\/wp-content\/uploads\/2020\/09\/Valvula-direcional-pilotada-a-prova-de-explosao-DPHA-\u2013-ATOS-ATEX-\u2013-IECEx-\u2013-Rost.jpg","contentUrl":"https:\/\/actbr.com.br\/wp-content\/uploads\/2020\/09\/Valvula-direcional-pilotada-a-prova-de-explosao-DPHA-\u2013-ATOS-ATEX-\u2013-IECEx-\u2013-Rost.jpg","width":600,"height":449,"caption":"V\u00e1lvula Direcional Pilotada \u00e0 Prova de Explos\u00e3o ATOS DPHA ATEX IECEx"},{"@type":"BreadcrumbList","@id":"https:\/\/actbr.com.br\/es\/producto\/atos-dpha-atex-iecex\/#breadcrumb","itemListElement":[{"@type":"ListItem","position":1,"name":"Comenzar","item":"https:\/\/actbr.com.br\/es\/"},{"@type":"ListItem","position":2,"name":"Produtos","item":"https:\/\/actbr.com.br\/produtos-act\/"},{"@type":"ListItem","position":3,"name":"V\u00e1lvulas Direcionais","item":"https:\/\/actbr.com.br\/es\/categoria-produto\/valvulas-direcionais\/"},{"@type":"ListItem","position":4,"name":"V\u00e1lvula direcional \u00e0 prova de explos\u00e3o","item":"https:\/\/actbr.com.br\/es\/categoria-produto\/valvulas-direcionais\/valvula-direcional-a-prova-de-explosao\/"},{"@type":"ListItem","position":5,"name":"ATOS DPHA ATEX IECEx"}]},{"@type":"WebSite","@id":"https:\/\/actbr.com.br\/es\/#website","url":"https:\/\/actbr.com.br\/es\/","name":"ACT Sistemas Hidr\u00e1ulicos","description":"Fabricaci\u00f3n y mantenimiento de componentes de aceite hidr\u00e1ulico","publisher":{"@id":"https:\/\/actbr.com.br\/es\/#organization"},"potentialAction":[{"@type":"SearchAction","target":{"@type":"EntryPoint","urlTemplate":"https:\/\/actbr.com.br\/es\/?s={search_term_string}"},"query-input":{"@type":"PropertyValueSpecification","valueRequired":true,"valueName":"search_term_string"}}],"inLanguage":"es"},{"@type":"Organization","@id":"https:\/\/actbr.com.br\/es\/#organization","name":"ACT Sistemas Hidr\u00e1ulicos","url":"https:\/\/actbr.com.br\/es\/","logo":{"@type":"ImageObject","inLanguage":"es","@id":"https:\/\/actbr.com.br\/es\/#\/schema\/logo\/image\/","url":"https:\/\/actbr.com.br\/wp-content\/uploads\/2025\/02\/cropped-ACT_NEGATIVO-marca-dagua.png","contentUrl":"https:\/\/actbr.com.br\/wp-content\/uploads\/2025\/02\/cropped-ACT_NEGATIVO-marca-dagua.png","width":240,"height":146,"caption":"ACT Sistemas Hidr\u00e1ulicos"},"image":{"@id":"https:\/\/actbr.com.br\/es\/#\/schema\/logo\/image\/"}}]}},"_links":{"self":[{"href":"https:\/\/actbr.com.br\/es\/wp-json\/wp\/v2\/product\/3247","targetHints":{"allow":["GET"]}}],"collection":[{"href":"https:\/\/actbr.com.br\/es\/wp-json\/wp\/v2\/product"}],"about":[{"href":"https:\/\/actbr.com.br\/es\/wp-json\/wp\/v2\/types\/product"}],"wp:featuredmedia":[{"embeddable":true,"href":"https:\/\/actbr.com.br\/es\/wp-json\/wp\/v2\/media\/8167"}],"wp:attachment":[{"href":"https:\/\/actbr.com.br\/es\/wp-json\/wp\/v2\/media?parent=3247"}],"wp:term":[{"taxonomy":"product_brand","embeddable":true,"href":"https:\/\/actbr.com.br\/es\/wp-json\/wp\/v2\/product_brand?post=3247"},{"taxonomy":"product_cat","embeddable":true,"href":"https:\/\/actbr.com.br\/es\/wp-json\/wp\/v2\/product_cat?post=3247"},{"taxonomy":"product_tag","embeddable":true,"href":"https:\/\/actbr.com.br\/es\/wp-json\/wp\/v2\/product_tag?post=3247"}],"curies":[{"name":"wp","href":"https:\/\/api.w.org\/{rel}","templated":true}]}}