{"id":3273,"date":"2020-09-29T12:36:59","date_gmt":"2020-09-29T15:36:59","guid":{"rendered":"https:\/\/actbr.com.br\/produto\/elemento-filtrante-pi-13004-rn-mic-10-filtration-group-mahle\/"},"modified":"2023-10-16T13:33:53","modified_gmt":"2023-10-16T16:33:53","slug":"elementos-filtrantes-filtration-group-pi-13004-rn-mic-10","status":"publish","type":"product","link":"https:\/\/actbr.com.br\/es\/producto\/elementos-filtrantes-filtration-group-pi-13004-rn-mic-10\/","title":{"rendered":"Elementos Filtrantes Filtration Group PI 13004 RN Mic 10"},"content":{"rendered":"<p><strong>Elemento Filtrante PI 13004 RN Mic 10 \u2013 Filtration Group (Mahle)<\/strong><\/p>\n<p>Todas as impurezas geradas no sistema e liberadas do sistema hidr\u00e1ulico s\u00e3o coletadas pelo elemento do filtro da linha de retorno, impedindo o desenvolvimento de um ciclo de contamina\u00e7\u00e3o atrav\u00e9s do tanque e da bomba. Elementos Filtrantes s\u00e3o feitos de camadas de celulose ou fibra de vidro com alta capacidade de reten\u00e7\u00e3o de sujeira e baixa resist\u00eancia ao fluxo.<\/p>\n<p>Elementos filtrantes impedem a contamina\u00e7\u00e3o do sistema hidr\u00e1ulico ao filtrar as impurezas geradas pelo sistema.<\/p>\n<p>&nbsp;<\/p>\n<p><strong>Caracter\u00edsticas:<br \/>\n<\/strong>Part number \u2013 77925001;<br \/>\nMeio filtrante: Mic 10 (celulose 10 Microns);<br \/>\nSuperficie de Filtragem: 900 cm\u00b2;<br \/>\nPress\u00e3o diferencial: 10 bar;<br \/>\nElementos com classifica\u00e7\u00e3o beta de acordo com o teste ISO 16889 multipass;<br \/>\nFluido compat\u00edvel: HLP.<\/p>\n<p><strong>Montagem nos seguintes Filtros de Retorno:<\/strong><br \/>\nPI 51004;<br \/>\nPI 50004.<\/p>\n","protected":false},"excerpt":{"rendered":"<p>Todas as impurezas geradas no sistema e liberadas do sistema hidr\u00e1ulico s\u00e3o coletadas pelo elemento do filtro da linha de retorno, impedindo o desenvolvimento de um ciclo de contamina\u00e7\u00e3o atrav\u00e9s do tanque e da bomba. Elementos Filtrantes s\u00e3o feitos de camadas de celulose ou fibra de vidro com alta capacidade de reten\u00e7\u00e3o de sujeira e baixa resist\u00eancia ao fluxo.<\/p>\n","protected":false},"featured_media":7515,"template":"","meta":[],"product_brand":[],"product_cat":[68,67],"product_tag":[],"class_list":{"0":"post-3273","1":"product","2":"type-product","3":"status-publish","4":"has-post-thumbnail","6":"product_cat-filtration-group","7":"product_cat-filtros-e-elementos-filtrante","9":"first","10":"instock","11":"virtual","12":"product-type-simple"},"yoast_head":"<!-- This site is optimized with the Yoast SEO plugin v27.5 - https:\/\/yoast.com\/product\/yoast-seo-wordpress\/ -->\n<title>Elementos Filtrantes Filtration Group PI 13004 RN Mic 10 - ACT Sistemas Hidr\u00e1ulicos<\/title>\n<meta name=\"description\" content=\"Todas as impurezas geradas no sistema no sistema hidr\u00e1ulico s\u00e3o coletadas pelo elemento do filtro da linha de retorno, impedindo a contamina\u00e7\u00e3o do tanque.\" \/>\n<meta name=\"robots\" content=\"index, follow, max-snippet:-1, max-image-preview:large, max-video-preview:-1\" \/>\n<link rel=\"canonical\" href=\"https:\/\/actbr.com.br\/es\/producto\/elementos-filtrantes-filtration-group-pi-13004-rn-mic-10\/\" \/>\n<meta property=\"og:locale\" content=\"es_ES\" \/>\n<meta property=\"og:type\" content=\"article\" \/>\n<meta property=\"og:title\" content=\"Elementos Filtrantes Filtration Group PI 13004 RN Mic 10 - ACT Sistemas Hidr\u00e1ulicos\" \/>\n<meta property=\"og:description\" content=\"Todas as impurezas geradas no sistema no sistema hidr\u00e1ulico s\u00e3o coletadas pelo elemento do filtro da linha de retorno, impedindo a contamina\u00e7\u00e3o do tanque.\" \/>\n<meta property=\"og:url\" content=\"https:\/\/actbr.com.br\/es\/producto\/elementos-filtrantes-filtration-group-pi-13004-rn-mic-10\/\" \/>\n<meta property=\"og:site_name\" content=\"ACT Sistemas Hidr\u00e1ulicos\" \/>\n<meta property=\"article:modified_time\" content=\"2023-10-16T16:33:53+00:00\" \/>\n<meta property=\"og:image\" content=\"https:\/\/actbr.com.br\/wp-content\/uploads\/2020\/09\/Elemento-Filtrante-Pi-13004-RN-Mic-10-\u2013-Filtration-Group-Mahle.jpg\" \/>\n\t<meta property=\"og:image:width\" content=\"1500\" \/>\n\t<meta property=\"og:image:height\" content=\"1500\" \/>\n\t<meta property=\"og:image:type\" content=\"image\/jpeg\" \/>\n<meta name=\"twitter:card\" content=\"summary_large_image\" \/>\n<meta name=\"twitter:label1\" content=\"Tiempo de lectura\" \/>\n\t<meta name=\"twitter:data1\" content=\"1 minuto\" \/>\n<script type=\"application\/ld+json\" class=\"yoast-schema-graph\">{\"@context\":\"https:\\\/\\\/schema.org\",\"@graph\":[{\"@type\":\"WebPage\",\"@id\":\"https:\\\/\\\/actbr.com.br\\\/es\\\/producto\\\/elementos-filtrantes-filtration-group-pi-13004-rn-mic-10\\\/\",\"url\":\"https:\\\/\\\/actbr.com.br\\\/es\\\/producto\\\/elementos-filtrantes-filtration-group-pi-13004-rn-mic-10\\\/\",\"name\":\"Elementos Filtrantes Filtration Group PI 13004 RN Mic 10 - ACT Sistemas Hidr\u00e1ulicos\",\"isPartOf\":{\"@id\":\"https:\\\/\\\/actbr.com.br\\\/es\\\/#website\"},\"primaryImageOfPage\":{\"@id\":\"https:\\\/\\\/actbr.com.br\\\/es\\\/producto\\\/elementos-filtrantes-filtration-group-pi-13004-rn-mic-10\\\/#primaryimage\"},\"image\":{\"@id\":\"https:\\\/\\\/actbr.com.br\\\/es\\\/producto\\\/elementos-filtrantes-filtration-group-pi-13004-rn-mic-10\\\/#primaryimage\"},\"thumbnailUrl\":\"https:\\\/\\\/actbr.com.br\\\/wp-content\\\/uploads\\\/2020\\\/09\\\/Elemento-Filtrante-Pi-13004-RN-Mic-10-\u2013-Filtration-Group-Mahle.jpg\",\"datePublished\":\"2020-09-29T15:36:59+00:00\",\"dateModified\":\"2023-10-16T16:33:53+00:00\",\"description\":\"Todas as impurezas geradas no sistema no sistema hidr\u00e1ulico s\u00e3o coletadas pelo elemento do filtro da linha de retorno, impedindo a contamina\u00e7\u00e3o do tanque.\",\"breadcrumb\":{\"@id\":\"https:\\\/\\\/actbr.com.br\\\/es\\\/producto\\\/elementos-filtrantes-filtration-group-pi-13004-rn-mic-10\\\/#breadcrumb\"},\"inLanguage\":\"es\",\"potentialAction\":[{\"@type\":\"ReadAction\",\"target\":[\"https:\\\/\\\/actbr.com.br\\\/es\\\/producto\\\/elementos-filtrantes-filtration-group-pi-13004-rn-mic-10\\\/\"]}]},{\"@type\":\"ImageObject\",\"inLanguage\":\"es\",\"@id\":\"https:\\\/\\\/actbr.com.br\\\/es\\\/producto\\\/elementos-filtrantes-filtration-group-pi-13004-rn-mic-10\\\/#primaryimage\",\"url\":\"https:\\\/\\\/actbr.com.br\\\/wp-content\\\/uploads\\\/2020\\\/09\\\/Elemento-Filtrante-Pi-13004-RN-Mic-10-\u2013-Filtration-Group-Mahle.jpg\",\"contentUrl\":\"https:\\\/\\\/actbr.com.br\\\/wp-content\\\/uploads\\\/2020\\\/09\\\/Elemento-Filtrante-Pi-13004-RN-Mic-10-\u2013-Filtration-Group-Mahle.jpg\",\"width\":1500,\"height\":1500,\"caption\":\"Elemento Filtrante Pi 13004 RN Mic 10 \u2013 Filtration Group (Mahle)\"},{\"@type\":\"BreadcrumbList\",\"@id\":\"https:\\\/\\\/actbr.com.br\\\/es\\\/producto\\\/elementos-filtrantes-filtration-group-pi-13004-rn-mic-10\\\/#breadcrumb\",\"itemListElement\":[{\"@type\":\"ListItem\",\"position\":1,\"name\":\"Comenzar\",\"item\":\"https:\\\/\\\/actbr.com.br\\\/es\\\/\"},{\"@type\":\"ListItem\",\"position\":2,\"name\":\"Produtos\",\"item\":\"https:\\\/\\\/actbr.com.br\\\/produtos-act\\\/\"},{\"@type\":\"ListItem\",\"position\":3,\"name\":\"Filtros e Elementos Filtrante\",\"item\":\"https:\\\/\\\/actbr.com.br\\\/es\\\/categoria-produto\\\/filtros-e-elementos-filtrante\\\/\"},{\"@type\":\"ListItem\",\"position\":4,\"name\":\"Filtration Group\",\"item\":\"https:\\\/\\\/actbr.com.br\\\/es\\\/categoria-produto\\\/filtros-e-elementos-filtrante\\\/filtration-group\\\/\"},{\"@type\":\"ListItem\",\"position\":5,\"name\":\"Elementos Filtrantes Filtration Group PI 13004 RN Mic 10\"}]},{\"@type\":\"WebSite\",\"@id\":\"https:\\\/\\\/actbr.com.br\\\/es\\\/#website\",\"url\":\"https:\\\/\\\/actbr.com.br\\\/es\\\/\",\"name\":\"ACT Sistemas Hidr\u00e1ulicos\",\"description\":\"Fabricaci\u00f3n y mantenimiento de componentes de aceite hidr\u00e1ulico\",\"publisher\":{\"@id\":\"https:\\\/\\\/actbr.com.br\\\/es\\\/#organization\"},\"potentialAction\":[{\"@type\":\"SearchAction\",\"target\":{\"@type\":\"EntryPoint\",\"urlTemplate\":\"https:\\\/\\\/actbr.com.br\\\/es\\\/?s={search_term_string}\"},\"query-input\":{\"@type\":\"PropertyValueSpecification\",\"valueRequired\":true,\"valueName\":\"search_term_string\"}}],\"inLanguage\":\"es\"},{\"@type\":\"Organization\",\"@id\":\"https:\\\/\\\/actbr.com.br\\\/es\\\/#organization\",\"name\":\"ACT Sistemas Hidr\u00e1ulicos\",\"url\":\"https:\\\/\\\/actbr.com.br\\\/es\\\/\",\"logo\":{\"@type\":\"ImageObject\",\"inLanguage\":\"es\",\"@id\":\"https:\\\/\\\/actbr.com.br\\\/es\\\/#\\\/schema\\\/logo\\\/image\\\/\",\"url\":\"https:\\\/\\\/actbr.com.br\\\/wp-content\\\/uploads\\\/2025\\\/02\\\/cropped-ACT_NEGATIVO-marca-dagua.png\",\"contentUrl\":\"https:\\\/\\\/actbr.com.br\\\/wp-content\\\/uploads\\\/2025\\\/02\\\/cropped-ACT_NEGATIVO-marca-dagua.png\",\"width\":240,\"height\":146,\"caption\":\"ACT Sistemas Hidr\u00e1ulicos\"},\"image\":{\"@id\":\"https:\\\/\\\/actbr.com.br\\\/es\\\/#\\\/schema\\\/logo\\\/image\\\/\"}}]}<\/script>\n<!-- \/ Yoast SEO plugin. -->","yoast_head_json":{"title":"Elementos Filtrantes Filtration Group PI 13004 RN Mic 10 - ACT Sistemas Hidr\u00e1ulicos","description":"Todas as impurezas geradas no sistema no sistema hidr\u00e1ulico s\u00e3o coletadas pelo elemento do filtro da linha de retorno, impedindo a contamina\u00e7\u00e3o do tanque.","robots":{"index":"index","follow":"follow","max-snippet":"max-snippet:-1","max-image-preview":"max-image-preview:large","max-video-preview":"max-video-preview:-1"},"canonical":"https:\/\/actbr.com.br\/es\/producto\/elementos-filtrantes-filtration-group-pi-13004-rn-mic-10\/","og_locale":"es_ES","og_type":"article","og_title":"Elementos Filtrantes Filtration Group PI 13004 RN Mic 10 - ACT Sistemas Hidr\u00e1ulicos","og_description":"Todas as impurezas geradas no sistema no sistema hidr\u00e1ulico s\u00e3o coletadas pelo elemento do filtro da linha de retorno, impedindo a contamina\u00e7\u00e3o do tanque.","og_url":"https:\/\/actbr.com.br\/es\/producto\/elementos-filtrantes-filtration-group-pi-13004-rn-mic-10\/","og_site_name":"ACT Sistemas Hidr\u00e1ulicos","article_modified_time":"2023-10-16T16:33:53+00:00","og_image":[{"width":1500,"height":1500,"url":"https:\/\/actbr.com.br\/wp-content\/uploads\/2020\/09\/Elemento-Filtrante-Pi-13004-RN-Mic-10-\u2013-Filtration-Group-Mahle.jpg","type":"image\/jpeg"}],"twitter_card":"summary_large_image","twitter_misc":{"Tiempo de lectura":"1 minuto"},"schema":{"@context":"https:\/\/schema.org","@graph":[{"@type":"WebPage","@id":"https:\/\/actbr.com.br\/es\/producto\/elementos-filtrantes-filtration-group-pi-13004-rn-mic-10\/","url":"https:\/\/actbr.com.br\/es\/producto\/elementos-filtrantes-filtration-group-pi-13004-rn-mic-10\/","name":"Elementos Filtrantes Filtration Group PI 13004 RN Mic 10 - ACT Sistemas Hidr\u00e1ulicos","isPartOf":{"@id":"https:\/\/actbr.com.br\/es\/#website"},"primaryImageOfPage":{"@id":"https:\/\/actbr.com.br\/es\/producto\/elementos-filtrantes-filtration-group-pi-13004-rn-mic-10\/#primaryimage"},"image":{"@id":"https:\/\/actbr.com.br\/es\/producto\/elementos-filtrantes-filtration-group-pi-13004-rn-mic-10\/#primaryimage"},"thumbnailUrl":"https:\/\/actbr.com.br\/wp-content\/uploads\/2020\/09\/Elemento-Filtrante-Pi-13004-RN-Mic-10-\u2013-Filtration-Group-Mahle.jpg","datePublished":"2020-09-29T15:36:59+00:00","dateModified":"2023-10-16T16:33:53+00:00","description":"Todas as impurezas geradas no sistema no sistema hidr\u00e1ulico s\u00e3o coletadas pelo elemento do filtro da linha de retorno, impedindo a contamina\u00e7\u00e3o do tanque.","breadcrumb":{"@id":"https:\/\/actbr.com.br\/es\/producto\/elementos-filtrantes-filtration-group-pi-13004-rn-mic-10\/#breadcrumb"},"inLanguage":"es","potentialAction":[{"@type":"ReadAction","target":["https:\/\/actbr.com.br\/es\/producto\/elementos-filtrantes-filtration-group-pi-13004-rn-mic-10\/"]}]},{"@type":"ImageObject","inLanguage":"es","@id":"https:\/\/actbr.com.br\/es\/producto\/elementos-filtrantes-filtration-group-pi-13004-rn-mic-10\/#primaryimage","url":"https:\/\/actbr.com.br\/wp-content\/uploads\/2020\/09\/Elemento-Filtrante-Pi-13004-RN-Mic-10-\u2013-Filtration-Group-Mahle.jpg","contentUrl":"https:\/\/actbr.com.br\/wp-content\/uploads\/2020\/09\/Elemento-Filtrante-Pi-13004-RN-Mic-10-\u2013-Filtration-Group-Mahle.jpg","width":1500,"height":1500,"caption":"Elemento Filtrante Pi 13004 RN Mic 10 \u2013 Filtration Group (Mahle)"},{"@type":"BreadcrumbList","@id":"https:\/\/actbr.com.br\/es\/producto\/elementos-filtrantes-filtration-group-pi-13004-rn-mic-10\/#breadcrumb","itemListElement":[{"@type":"ListItem","position":1,"name":"Comenzar","item":"https:\/\/actbr.com.br\/es\/"},{"@type":"ListItem","position":2,"name":"Produtos","item":"https:\/\/actbr.com.br\/produtos-act\/"},{"@type":"ListItem","position":3,"name":"Filtros e Elementos Filtrante","item":"https:\/\/actbr.com.br\/es\/categoria-produto\/filtros-e-elementos-filtrante\/"},{"@type":"ListItem","position":4,"name":"Filtration Group","item":"https:\/\/actbr.com.br\/es\/categoria-produto\/filtros-e-elementos-filtrante\/filtration-group\/"},{"@type":"ListItem","position":5,"name":"Elementos Filtrantes Filtration Group PI 13004 RN Mic 10"}]},{"@type":"WebSite","@id":"https:\/\/actbr.com.br\/es\/#website","url":"https:\/\/actbr.com.br\/es\/","name":"ACT Sistemas Hidr\u00e1ulicos","description":"Fabricaci\u00f3n y mantenimiento de componentes de aceite hidr\u00e1ulico","publisher":{"@id":"https:\/\/actbr.com.br\/es\/#organization"},"potentialAction":[{"@type":"SearchAction","target":{"@type":"EntryPoint","urlTemplate":"https:\/\/actbr.com.br\/es\/?s={search_term_string}"},"query-input":{"@type":"PropertyValueSpecification","valueRequired":true,"valueName":"search_term_string"}}],"inLanguage":"es"},{"@type":"Organization","@id":"https:\/\/actbr.com.br\/es\/#organization","name":"ACT Sistemas Hidr\u00e1ulicos","url":"https:\/\/actbr.com.br\/es\/","logo":{"@type":"ImageObject","inLanguage":"es","@id":"https:\/\/actbr.com.br\/es\/#\/schema\/logo\/image\/","url":"https:\/\/actbr.com.br\/wp-content\/uploads\/2025\/02\/cropped-ACT_NEGATIVO-marca-dagua.png","contentUrl":"https:\/\/actbr.com.br\/wp-content\/uploads\/2025\/02\/cropped-ACT_NEGATIVO-marca-dagua.png","width":240,"height":146,"caption":"ACT Sistemas Hidr\u00e1ulicos"},"image":{"@id":"https:\/\/actbr.com.br\/es\/#\/schema\/logo\/image\/"}}]}},"_links":{"self":[{"href":"https:\/\/actbr.com.br\/es\/wp-json\/wp\/v2\/product\/3273","targetHints":{"allow":["GET"]}}],"collection":[{"href":"https:\/\/actbr.com.br\/es\/wp-json\/wp\/v2\/product"}],"about":[{"href":"https:\/\/actbr.com.br\/es\/wp-json\/wp\/v2\/types\/product"}],"wp:featuredmedia":[{"embeddable":true,"href":"https:\/\/actbr.com.br\/es\/wp-json\/wp\/v2\/media\/7515"}],"wp:attachment":[{"href":"https:\/\/actbr.com.br\/es\/wp-json\/wp\/v2\/media?parent=3273"}],"wp:term":[{"taxonomy":"product_brand","embeddable":true,"href":"https:\/\/actbr.com.br\/es\/wp-json\/wp\/v2\/product_brand?post=3273"},{"taxonomy":"product_cat","embeddable":true,"href":"https:\/\/actbr.com.br\/es\/wp-json\/wp\/v2\/product_cat?post=3273"},{"taxonomy":"product_tag","embeddable":true,"href":"https:\/\/actbr.com.br\/es\/wp-json\/wp\/v2\/product_tag?post=3273"}],"curies":[{"name":"wp","href":"https:\/\/api.w.org\/{rel}","templated":true}]}}