{"id":3347,"date":"2020-09-29T12:38:10","date_gmt":"2020-09-29T15:38:10","guid":{"rendered":"https:\/\/actbr.com.br\/produto\/valvula-reguladora-de-vazao-em-linha-drv\/"},"modified":"2023-10-11T15:20:24","modified_gmt":"2023-10-11T18:20:24","slug":"valvula-reguladora-de-vazao-em-linha-com-retencao-drv","status":"publish","type":"product","link":"https:\/\/actbr.com.br\/es\/producto\/valvula-reguladora-de-vazao-em-linha-com-retencao-drv\/","title":{"rendered":"V\u00e1lvula Reguladora de Vaz\u00e3o em Linha DRV"},"content":{"rendered":"<div id=\"detalhes\">\n<p><strong>V\u00e1lvula Reguladora de Vaz\u00e3o em Linha DRV<\/strong><\/p>\n<p>A V\u00e1lvula Reguladora de Vaz\u00e3o DRV tem como objetivo restringir a passagem de fluxo em uma linha do circuito, diminuindo a velocidade dos atuadores.<\/p>\n<p>A v\u00e1lvula reguladora de vaz\u00e3o DRV, tamb\u00e9m conhecida como V\u00e1lvula de restri\u00e7\u00e3o de fluxo, possui uma v\u00e1lvula de reten\u00e7\u00e3o simples incorporada em by-pass. Isso significa que a v\u00e1lvula regula o fluxo somente em um sentido e no sentido reverso a passagem do fluxo \u00e9 livre. Por ser um modelo para montagem em linha, a v\u00e1lvula possui grande gama de aplica\u00e7\u00e3o na hidr\u00e1ulica industrial e m\u00f3bil.<\/p>\n<p>Sua regulagem \u00e9 feita atrav\u00e9s de uma manopla que abre (sentido anti-hor\u00e1rio) ou fecha (sentido hor\u00e1rio) a passagem interna de \u00f3leo. Al\u00e9m da fun\u00e7\u00e3o de regular a velocidade dos atuadores hidr\u00e1ulicos (cilindros hidr\u00e1ulicos \/ motores hidr\u00e1ulicos), a mesma tamb\u00e9m pode ser utilizada na fun\u00e7\u00e3o de isoladora de man\u00f4metros, a fim de possibilitar a troca do mesmo sem a parada do sistema.<\/p>\n<p>Modelos dispon\u00edveis: DRV-6; DRV-8; DRV-10; DRV-12; DRV-16; DRV-20; DRV-25; DRV-30; DRV-40.<\/p>\n<p><strong>Informa\u00e7\u00f5es T\u00e9cnicas:<\/strong><\/p>\n<table border=\"1\" width=\"900\" cellspacing=\"0\" cellpadding=\"0\">\n<tbody>\n<tr>\n<td nowrap=\"nowrap\">\n<p align=\"center\">\u00a0Tamanho Nominal<\/p>\n<\/td>\n<td nowrap=\"nowrap\">\n<p align=\"center\">DRV-6<\/p>\n<\/td>\n<td nowrap=\"nowrap\">\n<p align=\"center\">DRV-8<\/p>\n<\/td>\n<td nowrap=\"nowrap\">\n<p align=\"center\">DRV-10<\/p>\n<\/td>\n<td nowrap=\"nowrap\">\n<p align=\"center\">DRV-12<\/p>\n<\/td>\n<td nowrap=\"nowrap\">\n<p align=\"center\">DRV-16<\/p>\n<\/td>\n<td nowrap=\"nowrap\">\n<p align=\"center\">DRV-20<\/p>\n<\/td>\n<td nowrap=\"nowrap\">\n<p align=\"center\">DRV-25<\/p>\n<\/td>\n<td nowrap=\"nowrap\">\n<p align=\"center\">DRV-30<\/p>\n<\/td>\n<td nowrap=\"nowrap\">\n<p align=\"center\">DRV-40<\/p>\n<\/td>\n<\/tr>\n<tr>\n<td>\n<p align=\"center\">M\u00e1xima Vaz\u00e3o<br \/>\n(Lpm)<\/p>\n<\/td>\n<td nowrap=\"nowrap\">\n<p align=\"center\">20<\/p>\n<\/td>\n<td nowrap=\"nowrap\">\n<p align=\"center\">60<\/p>\n<\/td>\n<td nowrap=\"nowrap\">\n<p align=\"center\">75<\/p>\n<\/td>\n<td nowrap=\"nowrap\">\n<p align=\"center\">140<\/p>\n<\/td>\n<td nowrap=\"nowrap\">\n<p align=\"center\">175<\/p>\n<\/td>\n<td nowrap=\"nowrap\">\n<p align=\"center\">200<\/p>\n<\/td>\n<td nowrap=\"nowrap\">\n<p align=\"center\">300<\/p>\n<\/td>\n<td nowrap=\"nowrap\">\n<p align=\"center\">400<\/p>\n<\/td>\n<td nowrap=\"nowrap\">\n<p align=\"center\">500<\/p>\n<\/td>\n<\/tr>\n<tr>\n<td>\n<p align=\"center\">Press\u00e3o M\u00e1xima<br \/>\n(Bar)<\/p>\n<\/td>\n<td colspan=\"9\" nowrap=\"nowrap\">\n<p align=\"center\">350<\/p>\n<\/td>\n<\/tr>\n<tr>\n<td>\n<p align=\"center\">Peso<br \/>\n(Kg)<\/p>\n<\/td>\n<td nowrap=\"nowrap\">\n<p align=\"center\">0,13<\/p>\n<\/td>\n<td nowrap=\"nowrap\">\n<p align=\"center\">0,3<\/p>\n<\/td>\n<td nowrap=\"nowrap\">\n<p align=\"center\">0,45<\/p>\n<\/td>\n<td nowrap=\"nowrap\">\n<p align=\"center\">0,8<\/p>\n<\/td>\n<td nowrap=\"nowrap\">\n<p align=\"center\">1,3<\/p>\n<\/td>\n<td nowrap=\"nowrap\">\n<p align=\"center\">2,4<\/p>\n<\/td>\n<td nowrap=\"nowrap\">\n<p align=\"center\">3,5<\/p>\n<\/td>\n<td nowrap=\"nowrap\">\n<p align=\"center\">4,6<\/p>\n<\/td>\n<td nowrap=\"nowrap\">\n<p align=\"center\">7,7<\/p>\n<\/td>\n<\/tr>\n<\/tbody>\n<\/table>\n<p>&nbsp;<\/p>\n<p><strong>Representa\u00e7\u00e3o Hidr\u00e1ulica:<\/strong><br \/>\n<img fetchpriority=\"high\" decoding=\"async\" class=\"\" src=\"https:\/\/actbr.com.br\/wp-content\/uploads\/2020\/09\/drv-3.png\" alt=\"\" width=\"775\" height=\"536\" \/><\/p>\n<p>A V\u00e1lvula Reguladora de Vaz\u00e3o DRV tem como objetivo restringir a passagem de fluxo em uma linha do circuito, diminuindo a velocidade dos atuadores.<\/p>\n<table border=\"1\" width=\"900\" cellspacing=\"0\" cellpadding=\"0\">\n<tbody>\n<tr>\n<td>\n<p align=\"center\">ACT Sistemas Hidr\u00e1ulicos<\/p>\n<\/td>\n<td>\n<p align=\"center\">Hydac<\/p>\n<\/td>\n<td>\n<p align=\"center\">Stauff<\/p>\n<\/td>\n<td>\n<p align=\"center\">F.LLI TOGNELLA<\/p>\n<\/td>\n<td>\n<p align=\"center\">Vista Hydraulics<\/p>\n<\/td>\n<td>\n<p align=\"center\">Parker<\/p>\n<\/td>\n<td>\n<p align=\"center\">Bosch Rexroth<\/p>\n<\/td>\n<td>\n<p align=\"center\">Rosca ACT<\/p>\n<p align=\"center\">F\u00eamea<\/p>\n<\/td>\n<\/tr>\n<tr>\n<td>\n<p align=\"center\">DRV-06-a<\/p>\n<\/td>\n<td>\n<p align=\"center\">DRV-06-01.X\/0<\/p>\n<\/td>\n<td>\n<p align=\"center\">\u2014<\/p>\n<\/td>\n<td>\n<p align=\"center\">FT257\/5-18<\/p>\n<\/td>\n<td>\n<p align=\"center\">VDRV-06-1-1X<\/p>\n<\/td>\n<td>\n<p align=\"center\">F200<\/p>\n<\/td>\n<td>\n<p align=\"center\">DRV-06<\/p>\n<\/td>\n<td>\n<p align=\"center\">1\/8\u2033BSP<\/p>\n<\/td>\n<\/tr>\n<tr>\n<td>\n<p align=\"center\">DRV-08-a<\/p>\n<\/td>\n<td>\n<p align=\"center\">DRV-08-01.X\/0<\/p>\n<\/td>\n<td>\n<p align=\"center\">NDRV-8-X<\/p>\n<\/td>\n<td>\n<p align=\"center\">FT257\/5-14<\/p>\n<\/td>\n<td>\n<p align=\"center\">VDRV-08-1-1X<\/p>\n<\/td>\n<td>\n<p align=\"center\">F400<\/p>\n<\/td>\n<td>\n<p align=\"center\">DRV-08<\/p>\n<\/td>\n<td>\n<p align=\"center\">1\/4\u2033BSP<\/p>\n<\/td>\n<\/tr>\n<tr>\n<td>\n<p align=\"center\">DRV-10-a<\/p>\n<\/td>\n<td>\n<p align=\"center\">DRV-10-01.X\/0<\/p>\n<\/td>\n<td>\n<p align=\"center\">NDRV-10-X<\/p>\n<\/td>\n<td>\n<p align=\"center\">FT257\/5-38<\/p>\n<\/td>\n<td>\n<p align=\"center\">VDRV-10-1-1X<\/p>\n<\/td>\n<td>\n<p align=\"center\">F600<\/p>\n<\/td>\n<td>\n<p align=\"center\">DRV-10<\/p>\n<\/td>\n<td>\n<p align=\"center\">3\/8\u2033BSP<\/p>\n<\/td>\n<\/tr>\n<tr>\n<td>\n<p align=\"center\">DRV-12-a<\/p>\n<\/td>\n<td>\n<p align=\"center\">DRV-12-01.X\/0<\/p>\n<\/td>\n<td>\n<p align=\"center\">NDRV-12-X<\/p>\n<\/td>\n<td>\n<p align=\"center\">FT257\/5-12<\/p>\n<\/td>\n<td>\n<p align=\"center\">VDRV-12-1-1X<\/p>\n<\/td>\n<td>\n<p align=\"center\">F800<\/p>\n<\/td>\n<td>\n<p align=\"center\">DRV-12<\/p>\n<\/td>\n<td>\n<p align=\"center\">1\/2\u2033BSP<\/p>\n<\/td>\n<\/tr>\n<tr>\n<td>\n<p align=\"center\">DRV-16-a<\/p>\n<\/td>\n<td>\n<p align=\"center\">DRV-16-01.X\/0<\/p>\n<\/td>\n<td>\n<p align=\"center\">NDRV-16-X<\/p>\n<\/td>\n<td>\n<p align=\"center\">FT257\/5-34<\/p>\n<\/td>\n<td>\n<p align=\"center\">VDRV-16-1-1X<\/p>\n<\/td>\n<td>\n<p align=\"center\">F1200<\/p>\n<\/td>\n<td>\n<p align=\"center\">DRV-16<\/p>\n<\/td>\n<td>\n<p align=\"center\">3\/4\u2033BSP<\/p>\n<\/td>\n<\/tr>\n<tr>\n<td>\n<p align=\"center\">DRV-20-a<\/p>\n<\/td>\n<td>\n<p align=\"center\">\u2014<\/p>\n<\/td>\n<td>\n<p align=\"center\">NDRV-20-X<\/p>\n<\/td>\n<td>\n<p align=\"center\">FT257\/5-100<\/p>\n<\/td>\n<td>\n<p align=\"center\">VDRV-20-1-1X<\/p>\n<\/td>\n<td>\n<p align=\"center\">F1600<\/p>\n<\/td>\n<td>\n<p align=\"center\">DRV-20<\/p>\n<\/td>\n<td>\n<p align=\"center\">1\u2033BSP<\/p>\n<\/td>\n<\/tr>\n<tr>\n<td>\n<p align=\"center\">DRV-25-a<\/p>\n<\/td>\n<td>\n<p align=\"center\">\u2014<\/p>\n<\/td>\n<td>\n<p align=\"center\">NDRV-25-X<\/p>\n<\/td>\n<td>\n<p align=\"center\">FT257\/5-114<\/p>\n<\/td>\n<td>\n<p align=\"center\">VDRV-25-1-1X<\/p>\n<\/td>\n<td>\n<p align=\"center\">F2000<\/p>\n<\/td>\n<td>\n<p align=\"center\">DRV-25<\/p>\n<\/td>\n<td>\n<p align=\"center\">1.1\/4\u2033BSP<\/p>\n<\/td>\n<\/tr>\n<tr>\n<td>\n<p align=\"center\">DRV-30-a<\/p>\n<\/td>\n<td>\n<p align=\"center\">\u2014<\/p>\n<\/td>\n<td>\n<p align=\"center\">NDRV-30-X<\/p>\n<\/td>\n<td>\n<p align=\"center\">FT257\/5-112<\/p>\n<\/td>\n<td>\n<p align=\"center\">VDRV-30-1-1X<\/p>\n<\/td>\n<td>\n<p align=\"center\">F2400<\/p>\n<\/td>\n<td>\n<p align=\"center\">DRV-30<\/p>\n<\/td>\n<td>\n<p align=\"center\">1.1\/2\u2033BSP<\/p>\n<\/td>\n<\/tr>\n<tr>\n<td>\n<p align=\"center\">DRV-40-a<\/p>\n<\/td>\n<td>\n<p align=\"center\">\u2014<\/p>\n<\/td>\n<td>\n<p align=\"center\">NDRV-40-X<\/p>\n<\/td>\n<td>\n<p align=\"center\">FT257\/5-200<\/p>\n<\/td>\n<td>\n<p align=\"center\">\u2014<\/p>\n<\/td>\n<td>\n<p align=\"center\">F3200<\/p>\n<\/td>\n<td>\n<p align=\"center\">DRV-40<\/p>\n<\/td>\n<td>\n<p align=\"center\">2\u2033BSP<\/p>\n<\/td>\n<\/tr>\n<\/tbody>\n<\/table>\n<\/div>\n","protected":false},"excerpt":{"rendered":"<p>A V\u00e1lvula Reguladora de Vaz\u00e3o em Linha DRV tem como objetivo restringir a passagem de fluxo em uma linha do circuito, diminuindo a velocidade dos atuadores.<\/p>\n","protected":false},"featured_media":8215,"template":"","meta":[],"product_brand":[],"product_cat":[71,50],"product_tag":[],"class_list":{"0":"post-3347","1":"product","2":"type-product","3":"status-publish","4":"has-post-thumbnail","6":"product_cat-reguladora-de-vazao-em-linha-drv","7":"product_cat-valvulas-em-linha","9":"first","10":"instock","11":"virtual","12":"product-type-simple"},"yoast_head":"<!-- This site is optimized with the Yoast SEO plugin v27.2 - https:\/\/yoast.com\/product\/yoast-seo-wordpress\/ -->\n<title>V\u00e1lvula Reguladora de Vaz\u00e3o em Linha DRV - ACT Sistemas Hidr\u00e1ulicos<\/title>\n<meta name=\"description\" content=\"A V\u00e1lvula Reguladora de Vaz\u00e3o em Linha DRV tem como objetivo restringir a passagem de fluxo em uma linha do circuito, diminuindo a velocidade dos atuadores.\" \/>\n<meta name=\"robots\" content=\"index, follow, max-snippet:-1, max-image-preview:large, max-video-preview:-1\" \/>\n<link rel=\"canonical\" href=\"https:\/\/actbr.com.br\/es\/producto\/valvula-reguladora-de-vazao-em-linha-com-retencao-drv\/\" \/>\n<meta property=\"og:locale\" content=\"es_ES\" \/>\n<meta property=\"og:type\" content=\"article\" \/>\n<meta property=\"og:title\" content=\"V\u00e1lvula Reguladora de Vaz\u00e3o em Linha DRV - ACT Sistemas Hidr\u00e1ulicos\" \/>\n<meta property=\"og:description\" content=\"A V\u00e1lvula Reguladora de Vaz\u00e3o em Linha DRV tem como objetivo restringir a passagem de fluxo em uma linha do circuito, diminuindo a velocidade dos atuadores.\" \/>\n<meta property=\"og:url\" content=\"https:\/\/actbr.com.br\/es\/producto\/valvula-reguladora-de-vazao-em-linha-com-retencao-drv\/\" \/>\n<meta property=\"og:site_name\" content=\"ACT Sistemas Hidr\u00e1ulicos\" \/>\n<meta property=\"article:modified_time\" content=\"2023-10-11T18:20:24+00:00\" \/>\n<meta property=\"og:image\" content=\"https:\/\/actbr.com.br\/wp-content\/uploads\/2020\/09\/DRV.jpg\" \/>\n\t<meta property=\"og:image:width\" content=\"552\" \/>\n\t<meta property=\"og:image:height\" content=\"589\" \/>\n\t<meta property=\"og:image:type\" content=\"image\/jpeg\" \/>\n<meta name=\"twitter:card\" content=\"summary_large_image\" \/>\n<meta name=\"twitter:label1\" content=\"Tiempo de lectura\" \/>\n\t<meta name=\"twitter:data1\" content=\"2 minutos\" \/>\n<script type=\"application\/ld+json\" class=\"yoast-schema-graph\">{\"@context\":\"https:\/\/schema.org\",\"@graph\":[{\"@type\":\"WebPage\",\"@id\":\"https:\/\/actbr.com.br\/es\/producto\/valvula-reguladora-de-vazao-em-linha-com-retencao-drv\/\",\"url\":\"https:\/\/actbr.com.br\/es\/producto\/valvula-reguladora-de-vazao-em-linha-com-retencao-drv\/\",\"name\":\"V\u00e1lvula Reguladora de Vaz\u00e3o em Linha DRV - ACT Sistemas Hidr\u00e1ulicos\",\"isPartOf\":{\"@id\":\"https:\/\/actbr.com.br\/es\/#website\"},\"primaryImageOfPage\":{\"@id\":\"https:\/\/actbr.com.br\/es\/producto\/valvula-reguladora-de-vazao-em-linha-com-retencao-drv\/#primaryimage\"},\"image\":{\"@id\":\"https:\/\/actbr.com.br\/es\/producto\/valvula-reguladora-de-vazao-em-linha-com-retencao-drv\/#primaryimage\"},\"thumbnailUrl\":\"https:\/\/actbr.com.br\/wp-content\/uploads\/2020\/09\/DRV.jpg\",\"datePublished\":\"2020-09-29T15:38:10+00:00\",\"dateModified\":\"2023-10-11T18:20:24+00:00\",\"description\":\"A V\u00e1lvula Reguladora de Vaz\u00e3o em Linha DRV tem como objetivo restringir a passagem de fluxo em uma linha do circuito, diminuindo a velocidade dos atuadores.\",\"breadcrumb\":{\"@id\":\"https:\/\/actbr.com.br\/es\/producto\/valvula-reguladora-de-vazao-em-linha-com-retencao-drv\/#breadcrumb\"},\"inLanguage\":\"es\",\"potentialAction\":[{\"@type\":\"ReadAction\",\"target\":[\"https:\/\/actbr.com.br\/es\/producto\/valvula-reguladora-de-vazao-em-linha-com-retencao-drv\/\"]}]},{\"@type\":\"ImageObject\",\"inLanguage\":\"es\",\"@id\":\"https:\/\/actbr.com.br\/es\/producto\/valvula-reguladora-de-vazao-em-linha-com-retencao-drv\/#primaryimage\",\"url\":\"https:\/\/actbr.com.br\/wp-content\/uploads\/2020\/09\/DRV.jpg\",\"contentUrl\":\"https:\/\/actbr.com.br\/wp-content\/uploads\/2020\/09\/DRV.jpg\",\"width\":552,\"height\":589,\"caption\":\"V\u00e1lvula Reguladora de Vaz\u00e3o em Linha com Reten\u00e7\u00e3o Incorporada DRV\"},{\"@type\":\"BreadcrumbList\",\"@id\":\"https:\/\/actbr.com.br\/es\/producto\/valvula-reguladora-de-vazao-em-linha-com-retencao-drv\/#breadcrumb\",\"itemListElement\":[{\"@type\":\"ListItem\",\"position\":1,\"name\":\"Comenzar\",\"item\":\"https:\/\/actbr.com.br\/es\/\"},{\"@type\":\"ListItem\",\"position\":2,\"name\":\"Produtos\",\"item\":\"https:\/\/actbr.com.br\/produtos-act\/\"},{\"@type\":\"ListItem\",\"position\":3,\"name\":\"V\u00e1lvulas em Linha\",\"item\":\"https:\/\/actbr.com.br\/es\/categoria-produto\/valvulas-em-linha\/\"},{\"@type\":\"ListItem\",\"position\":4,\"name\":\"Reguladora de Vaz\u00e3o em Linha - DRV \/ STB\",\"item\":\"https:\/\/actbr.com.br\/es\/categoria-produto\/valvulas-em-linha\/reguladora-de-vazao-em-linha-drv\/\"},{\"@type\":\"ListItem\",\"position\":5,\"name\":\"V\u00e1lvula Reguladora de Vaz\u00e3o em Linha DRV\"}]},{\"@type\":\"WebSite\",\"@id\":\"https:\/\/actbr.com.br\/es\/#website\",\"url\":\"https:\/\/actbr.com.br\/es\/\",\"name\":\"ACT Sistemas Hidr\u00e1ulicos\",\"description\":\"Fabricaci\u00f3n y mantenimiento de componentes de aceite hidr\u00e1ulico\",\"publisher\":{\"@id\":\"https:\/\/actbr.com.br\/es\/#organization\"},\"potentialAction\":[{\"@type\":\"SearchAction\",\"target\":{\"@type\":\"EntryPoint\",\"urlTemplate\":\"https:\/\/actbr.com.br\/es\/?s={search_term_string}\"},\"query-input\":{\"@type\":\"PropertyValueSpecification\",\"valueRequired\":true,\"valueName\":\"search_term_string\"}}],\"inLanguage\":\"es\"},{\"@type\":\"Organization\",\"@id\":\"https:\/\/actbr.com.br\/es\/#organization\",\"name\":\"ACT Sistemas Hidr\u00e1ulicos\",\"url\":\"https:\/\/actbr.com.br\/es\/\",\"logo\":{\"@type\":\"ImageObject\",\"inLanguage\":\"es\",\"@id\":\"https:\/\/actbr.com.br\/es\/#\/schema\/logo\/image\/\",\"url\":\"https:\/\/actbr.com.br\/wp-content\/uploads\/2025\/02\/cropped-ACT_NEGATIVO-marca-dagua.png\",\"contentUrl\":\"https:\/\/actbr.com.br\/wp-content\/uploads\/2025\/02\/cropped-ACT_NEGATIVO-marca-dagua.png\",\"width\":240,\"height\":146,\"caption\":\"ACT Sistemas Hidr\u00e1ulicos\"},\"image\":{\"@id\":\"https:\/\/actbr.com.br\/es\/#\/schema\/logo\/image\/\"}}]}<\/script>\n<!-- \/ Yoast SEO plugin. -->","yoast_head_json":{"title":"V\u00e1lvula Reguladora de Vaz\u00e3o em Linha DRV - ACT Sistemas Hidr\u00e1ulicos","description":"A V\u00e1lvula Reguladora de Vaz\u00e3o em Linha DRV tem como objetivo restringir a passagem de fluxo em uma linha do circuito, diminuindo a velocidade dos atuadores.","robots":{"index":"index","follow":"follow","max-snippet":"max-snippet:-1","max-image-preview":"max-image-preview:large","max-video-preview":"max-video-preview:-1"},"canonical":"https:\/\/actbr.com.br\/es\/producto\/valvula-reguladora-de-vazao-em-linha-com-retencao-drv\/","og_locale":"es_ES","og_type":"article","og_title":"V\u00e1lvula Reguladora de Vaz\u00e3o em Linha DRV - ACT Sistemas Hidr\u00e1ulicos","og_description":"A V\u00e1lvula Reguladora de Vaz\u00e3o em Linha DRV tem como objetivo restringir a passagem de fluxo em uma linha do circuito, diminuindo a velocidade dos atuadores.","og_url":"https:\/\/actbr.com.br\/es\/producto\/valvula-reguladora-de-vazao-em-linha-com-retencao-drv\/","og_site_name":"ACT Sistemas Hidr\u00e1ulicos","article_modified_time":"2023-10-11T18:20:24+00:00","og_image":[{"width":552,"height":589,"url":"https:\/\/actbr.com.br\/wp-content\/uploads\/2020\/09\/DRV.jpg","type":"image\/jpeg"}],"twitter_card":"summary_large_image","twitter_misc":{"Tiempo de lectura":"2 minutos"},"schema":{"@context":"https:\/\/schema.org","@graph":[{"@type":"WebPage","@id":"https:\/\/actbr.com.br\/es\/producto\/valvula-reguladora-de-vazao-em-linha-com-retencao-drv\/","url":"https:\/\/actbr.com.br\/es\/producto\/valvula-reguladora-de-vazao-em-linha-com-retencao-drv\/","name":"V\u00e1lvula Reguladora de Vaz\u00e3o em Linha DRV - ACT Sistemas Hidr\u00e1ulicos","isPartOf":{"@id":"https:\/\/actbr.com.br\/es\/#website"},"primaryImageOfPage":{"@id":"https:\/\/actbr.com.br\/es\/producto\/valvula-reguladora-de-vazao-em-linha-com-retencao-drv\/#primaryimage"},"image":{"@id":"https:\/\/actbr.com.br\/es\/producto\/valvula-reguladora-de-vazao-em-linha-com-retencao-drv\/#primaryimage"},"thumbnailUrl":"https:\/\/actbr.com.br\/wp-content\/uploads\/2020\/09\/DRV.jpg","datePublished":"2020-09-29T15:38:10+00:00","dateModified":"2023-10-11T18:20:24+00:00","description":"A V\u00e1lvula Reguladora de Vaz\u00e3o em Linha DRV tem como objetivo restringir a passagem de fluxo em uma linha do circuito, diminuindo a velocidade dos atuadores.","breadcrumb":{"@id":"https:\/\/actbr.com.br\/es\/producto\/valvula-reguladora-de-vazao-em-linha-com-retencao-drv\/#breadcrumb"},"inLanguage":"es","potentialAction":[{"@type":"ReadAction","target":["https:\/\/actbr.com.br\/es\/producto\/valvula-reguladora-de-vazao-em-linha-com-retencao-drv\/"]}]},{"@type":"ImageObject","inLanguage":"es","@id":"https:\/\/actbr.com.br\/es\/producto\/valvula-reguladora-de-vazao-em-linha-com-retencao-drv\/#primaryimage","url":"https:\/\/actbr.com.br\/wp-content\/uploads\/2020\/09\/DRV.jpg","contentUrl":"https:\/\/actbr.com.br\/wp-content\/uploads\/2020\/09\/DRV.jpg","width":552,"height":589,"caption":"V\u00e1lvula Reguladora de Vaz\u00e3o em Linha com Reten\u00e7\u00e3o Incorporada DRV"},{"@type":"BreadcrumbList","@id":"https:\/\/actbr.com.br\/es\/producto\/valvula-reguladora-de-vazao-em-linha-com-retencao-drv\/#breadcrumb","itemListElement":[{"@type":"ListItem","position":1,"name":"Comenzar","item":"https:\/\/actbr.com.br\/es\/"},{"@type":"ListItem","position":2,"name":"Produtos","item":"https:\/\/actbr.com.br\/produtos-act\/"},{"@type":"ListItem","position":3,"name":"V\u00e1lvulas em Linha","item":"https:\/\/actbr.com.br\/es\/categoria-produto\/valvulas-em-linha\/"},{"@type":"ListItem","position":4,"name":"Reguladora de Vaz\u00e3o em Linha - DRV \/ STB","item":"https:\/\/actbr.com.br\/es\/categoria-produto\/valvulas-em-linha\/reguladora-de-vazao-em-linha-drv\/"},{"@type":"ListItem","position":5,"name":"V\u00e1lvula Reguladora de Vaz\u00e3o em Linha DRV"}]},{"@type":"WebSite","@id":"https:\/\/actbr.com.br\/es\/#website","url":"https:\/\/actbr.com.br\/es\/","name":"ACT Sistemas Hidr\u00e1ulicos","description":"Fabricaci\u00f3n y mantenimiento de componentes de aceite hidr\u00e1ulico","publisher":{"@id":"https:\/\/actbr.com.br\/es\/#organization"},"potentialAction":[{"@type":"SearchAction","target":{"@type":"EntryPoint","urlTemplate":"https:\/\/actbr.com.br\/es\/?s={search_term_string}"},"query-input":{"@type":"PropertyValueSpecification","valueRequired":true,"valueName":"search_term_string"}}],"inLanguage":"es"},{"@type":"Organization","@id":"https:\/\/actbr.com.br\/es\/#organization","name":"ACT Sistemas Hidr\u00e1ulicos","url":"https:\/\/actbr.com.br\/es\/","logo":{"@type":"ImageObject","inLanguage":"es","@id":"https:\/\/actbr.com.br\/es\/#\/schema\/logo\/image\/","url":"https:\/\/actbr.com.br\/wp-content\/uploads\/2025\/02\/cropped-ACT_NEGATIVO-marca-dagua.png","contentUrl":"https:\/\/actbr.com.br\/wp-content\/uploads\/2025\/02\/cropped-ACT_NEGATIVO-marca-dagua.png","width":240,"height":146,"caption":"ACT Sistemas Hidr\u00e1ulicos"},"image":{"@id":"https:\/\/actbr.com.br\/es\/#\/schema\/logo\/image\/"}}]}},"_links":{"self":[{"href":"https:\/\/actbr.com.br\/es\/wp-json\/wp\/v2\/product\/3347","targetHints":{"allow":["GET"]}}],"collection":[{"href":"https:\/\/actbr.com.br\/es\/wp-json\/wp\/v2\/product"}],"about":[{"href":"https:\/\/actbr.com.br\/es\/wp-json\/wp\/v2\/types\/product"}],"wp:featuredmedia":[{"embeddable":true,"href":"https:\/\/actbr.com.br\/es\/wp-json\/wp\/v2\/media\/8215"}],"wp:attachment":[{"href":"https:\/\/actbr.com.br\/es\/wp-json\/wp\/v2\/media?parent=3347"}],"wp:term":[{"taxonomy":"product_brand","embeddable":true,"href":"https:\/\/actbr.com.br\/es\/wp-json\/wp\/v2\/product_brand?post=3347"},{"taxonomy":"product_cat","embeddable":true,"href":"https:\/\/actbr.com.br\/es\/wp-json\/wp\/v2\/product_cat?post=3347"},{"taxonomy":"product_tag","embeddable":true,"href":"https:\/\/actbr.com.br\/es\/wp-json\/wp\/v2\/product_tag?post=3347"}],"curies":[{"name":"wp","href":"https:\/\/api.w.org\/{rel}","templated":true}]}}