{"id":3351,"date":"2020-09-29T12:38:10","date_gmt":"2020-09-29T15:38:10","guid":{"rendered":"https:\/\/actbr.com.br\/produto\/pressostato-act-jc-psd-03-eletro-hidraulico\/"},"modified":"2023-10-06T14:07:06","modified_gmt":"2023-10-06T17:07:06","slug":"pressostato-eletro-hidraulico-act-jc-psd-03","status":"publish","type":"product","link":"https:\/\/actbr.com.br\/es\/producto\/pressostato-eletro-hidraulico-act-jc-psd-03\/","title":{"rendered":"Pressostato Eletro hidr\u00e1ulico ACT-JC-PSD-03"},"content":{"rendered":"<p><strong>Pressostato ACT-JC-PSD-03 (Eletro Hidr\u00e1ulico)<\/strong><\/p>\n<p>O Pressostato ACT-JC-PSD-03 \u00e9 um dispositivo configurado para perceber uma mudan\u00e7a na press\u00e3o e responder por meio de uma liga\u00e7\u00e3o el\u00e9trica. \u00a0A ACT disponibiliza em sua linha de pressostatos atua\u00e7\u00e3o numa janela entre 5 a 600 bar.<\/p>\n<p>&nbsp;<\/p>\n<p><strong>Informa\u00e7\u00f5es t\u00e9cnicas:<\/strong><\/p>\n<p><img decoding=\"async\" src=\"https:\/\/actbr.com.br\/wp-content\/uploads\/2020\/09\/jc-psd-03-act-pressostato-hidraulico.jpg\" alt=\"\" \/><\/p>\n<p><strong>Range de trabalho:<\/strong><\/p>\n<p>JC-PSD-03L = 1 a 20 bar<br \/>\nJC-PSD-03 = \u00a010 a 200bar<br \/>\nJC-PSD-03H = 20 a 300bar<\/p>\n<p><strong>Dimens\u00f5es:<\/strong><\/p>\n<p><img decoding=\"async\" src=\"https:\/\/actbr.com.br\/wp-content\/uploads\/2020\/09\/dimensoes-jc-psd-act-pressostato-hed-8.jpg\" alt=\"\" \/><\/p>\n<h5>Os pressostatos eletro hidr\u00e1ulicos ACT s\u00e3o compat\u00edveis com os principais fabricantes:<\/h5>\n<table border=\"0\" width=\"708\" cellspacing=\"0\" cellpadding=\"0\">\n<colgroup>\n<col \/>\n<col \/>\n<col \/><\/colgroup>\n<tbody>\n<tr>\n<td colspan=\"3\" rowspan=\"2\" height=\"40\">PRESSOSTATOS<\/td>\n<\/tr>\n<tr>\n<td rowspan=\"2\" height=\"40\">REXROTH<\/td>\n<td rowspan=\"2\">ATOS<\/td>\n<td rowspan=\"2\">ACT<\/td>\n<\/tr>\n<tr>\n<td height=\"20\">HED 8 OP-2X\/50K35<\/td>\n<td>MAP-40 ATOS<\/td>\n<td>JC-PSD-03L ACT<\/td>\n<\/tr>\n<tr>\n<td height=\"20\">HED 8 OP-2X\/100K14<\/td>\n<td>MAP-80 ATOS<\/td>\n<td>JC-PSD-03 ACT<\/td>\n<\/tr>\n<tr>\n<td height=\"20\">HED 8 OP-2X\/100K35S<\/td>\n<td>MAP-160 ATOS<\/td>\n<td>JC-PSD-03 ACT<\/td>\n<\/tr>\n<tr>\n<td height=\"20\">HED 8 OP-2X\/200K14<\/td>\n<td>MAP-160 ATOS<\/td>\n<td>JC-PSD-03 ACT<\/td>\n<\/tr>\n<tr>\n<td height=\"20\">HED 8 OP-2X\/350K14S<\/td>\n<td>MAP-320 ATOS<\/td>\n<td>JC-PSD-03H ACT<\/td>\n<\/tr>\n<tr>\n<td height=\"20\">HED 8 OP-2X\/350K35S<\/td>\n<td>MAP-630 ATOS<\/td>\n<td>JC-PS-02 ACT<\/td>\n<\/tr>\n<tr>\n<td height=\"20\">HED 8 OA-2X\/050K14<\/td>\n<td>MAP-40 ATOS<\/td>\n<td>JC-PSD-03L ACT<\/td>\n<\/tr>\n<tr>\n<td height=\"20\">HED 8 OA-2X\/50K14S<\/td>\n<td>MAP-40 ATOS<\/td>\n<td>JC-PSD-03L ACT<\/td>\n<\/tr>\n<tr>\n<td height=\"20\">HED 8 OA-2X\/50K14KS<\/td>\n<td>MAP-40 ATOS<\/td>\n<td>JC-PSD-03L ACT<\/td>\n<\/tr>\n<tr>\n<td height=\"20\">HED 8 OA-2X\/50K14KW<\/td>\n<td>MAP-40 ATOS<\/td>\n<td>JC-PSD-03L ACT<\/td>\n<\/tr>\n<tr>\n<td height=\"20\">HED 8 OA-2X\/100K14<\/td>\n<td>MAP-80 ATOS<\/td>\n<td>JC-PSD-03 ACT<\/td>\n<\/tr>\n<tr>\n<td height=\"20\">HED 8 OA-2X\/100K14S<\/td>\n<td>MAP-80 ATOS<\/td>\n<td>JC-PSD-03 ACT<\/td>\n<\/tr>\n<tr>\n<td height=\"20\">HED 8 OA-2X\/100K35KS<\/td>\n<td>MAP-80 ATOS<\/td>\n<td>JC-PSD-03 ACT<\/td>\n<\/tr>\n<tr>\n<td height=\"20\">HED 8 OA-2X\/100K14KW<\/td>\n<td>MAP-80 ATOS<\/td>\n<td>JC-PSD-03 ACT<\/td>\n<\/tr>\n<tr>\n<td height=\"20\">HED 8 OA-2X\/200K14<\/td>\n<td>MAP-160 ATOS<\/td>\n<td>JC-PSD-03 ACT<\/td>\n<\/tr>\n<tr>\n<td height=\"20\">HED 8 OA-2X\/200K14S<\/td>\n<td>MAP-160 ATOS<\/td>\n<td>JC-PSD-03 ACT<\/td>\n<\/tr>\n<tr>\n<td height=\"20\">HED 8 OA-2X\/350K14<\/td>\n<td>MAP-320 ATOS<\/td>\n<td>JC-PSD-03H ACT<\/td>\n<\/tr>\n<tr>\n<td height=\"20\">HED 8 OA-2X\/350K35<\/td>\n<td>MAP-320 ATOS<\/td>\n<td>JC-PSD-03H ACT<\/td>\n<\/tr>\n<tr>\n<td height=\"20\">HED 8 OA-2X\/350K35A<\/td>\n<td>MAP-320 ATOS<\/td>\n<td>JC-PSD-03H ACT<\/td>\n<\/tr>\n<tr>\n<td height=\"20\">HED 8 OA-2X\/350K35AS<\/td>\n<td>MAP-320 ATOS<\/td>\n<td>JC-PSD-03H ACT<\/td>\n<\/tr>\n<tr>\n<td height=\"20\">HED 8 OA-2X\/350K14S<\/td>\n<td>MAP-630 ATOS<\/td>\n<td>JC-PS-02 ACT<\/td>\n<\/tr>\n<tr>\n<td height=\"20\">HED 8 OA-2X\/350K35S<\/td>\n<td>MAP-630 ATOS<\/td>\n<td>JC-PS-02 ACT<\/td>\n<\/tr>\n<tr>\n<td height=\"20\">HED 8 OA-2X\/350K14AS<\/td>\n<td>MAP-630 ATOS<\/td>\n<td>JC-PS-02 ACT<\/td>\n<\/tr>\n<tr>\n<td height=\"20\">HED 8 OA-2X\/350K14KW<\/td>\n<td>MAP-630 ATOS<\/td>\n<td>JC-PS-02 ACT<\/td>\n<\/tr>\n<tr>\n<td height=\"20\">HED 8 OH-2X\/50K14<\/td>\n<td>MAP-40 ATOS<\/td>\n<td>JC-PSD-03L ACT<\/td>\n<\/tr>\n<tr>\n<td height=\"20\">HED 8 OH-2X\/50K14V<\/td>\n<td>MAP-40 ATOS<\/td>\n<td>JC-PSD-03L ACT<\/td>\n<\/tr>\n<tr>\n<td height=\"20\">HED 8 OH-2X\/50K14S<\/td>\n<td>MAP-40 ATOS<\/td>\n<td>JC-PSD-03L ACT<\/td>\n<\/tr>\n<tr>\n<td height=\"20\">HED 8 OH-2X\/50K14AV<\/td>\n<td>MAP-40 ATOS<\/td>\n<td>JC-PSD-03L ACT<\/td>\n<\/tr>\n<tr>\n<td height=\"20\">HED 8 OH-2X\/50K14KS<\/td>\n<td>MAP-40 ATOS<\/td>\n<td>JC-PSD-03L ACT<\/td>\n<\/tr>\n<tr>\n<td height=\"20\">HED 8 OH-2X\/50K14KSV<\/td>\n<td>MAP-40 ATOS<\/td>\n<td>JC-PSD-03L ACT<\/td>\n<\/tr>\n<tr>\n<td height=\"20\">HED 8 OH-2X\/100K14<\/td>\n<td>MAP-80 ATOS<\/td>\n<td>JC-PSD-03 ACT<\/td>\n<\/tr>\n<tr>\n<td height=\"20\">HED 8 OH-2X\/100K35KS<\/td>\n<td>MAP-80 ATOS<\/td>\n<td>JC-PSD-03 ACT<\/td>\n<\/tr>\n<tr>\n<td height=\"20\">HED 8 OH-2X\/100K14V<\/td>\n<td>MAP-80 ATOS<\/td>\n<td>JC-PSD-03 ACT<\/td>\n<\/tr>\n<tr>\n<td height=\"20\">HED 8 OH-2X\/100K14S<\/td>\n<td>MAP-80 ATOS<\/td>\n<td>JC-PSD-03 ACT<\/td>\n<\/tr>\n<tr>\n<td height=\"20\">HED 8 OH-2X\/100K14AV<\/td>\n<td>MAP-80 ATOS<\/td>\n<td>JC-PSD-03 ACT<\/td>\n<\/tr>\n<tr>\n<td colspan=\"2\" height=\"20\">HED 8 OH-2X\/100K14KSV<\/td>\n<td>JC-PSD-03 ACT<\/td>\n<\/tr>\n<tr>\n<td height=\"20\">HED 8 OH-2X\/200K14<\/td>\n<td>MAP-160 ATOS<\/td>\n<td>JC-PSD-03 ACT<\/td>\n<\/tr>\n<tr>\n<td height=\"20\">HED 8 OH-2X\/200K14V<\/td>\n<td>MAP-160 ATOS<\/td>\n<td>JC-PSD-03 ACT<\/td>\n<\/tr>\n<tr>\n<td height=\"20\">HED 8 OH-2X\/200K14S<\/td>\n<td>MAP-160 ATOS<\/td>\n<td>JC-PSD-03 ACT<\/td>\n<\/tr>\n<tr>\n<td height=\"20\">HED 8 OH-2X\/200K14AV<\/td>\n<td>MAP-160 ATOS<\/td>\n<td>JC-PSD-03 ACT<\/td>\n<\/tr>\n<tr>\n<td height=\"20\">HED 8 OH-2X\/350K14S<\/td>\n<td>MAP-320 ATOS<\/td>\n<td>JC-PSD-03H ACT<\/td>\n<\/tr>\n<tr>\n<td height=\"20\">HED 8 OH-2X\/350K14V<\/td>\n<td>MAP-320 ATOS<\/td>\n<td>JC-PSD-03H ACT<\/td>\n<\/tr>\n<\/tbody>\n<\/table>\n","protected":false},"excerpt":{"rendered":"<p>O Pressostato ACT-JC-PSD-03 \u00e9 um dispositivo configurado para perceber uma mudan\u00e7a na press\u00e3o e responder por meio de uma liga\u00e7\u00e3o el\u00e9trica.<\/p>\n","protected":false},"featured_media":3357,"template":"","meta":[],"product_brand":[],"product_cat":[63,64],"product_tag":[],"class_list":{"0":"post-3351","1":"product","2":"type-product","3":"status-publish","4":"has-post-thumbnail","6":"product_cat-instrumentacao","7":"product_cat-pressao","9":"first","10":"instock","11":"virtual","12":"product-type-simple"},"yoast_head":"<!-- This site is optimized with the Yoast SEO plugin v27.2 - https:\/\/yoast.com\/product\/yoast-seo-wordpress\/ -->\n<title>Pressostato Eletro hidr\u00e1ulico ACT-JC-PSD-03 - ACT Sistemas Hidr\u00e1ulicos<\/title>\n<meta name=\"description\" content=\"O Pressostato ACT-JC-PSD-03 \u00e9 um dispositivo configurado para perceber uma mudan\u00e7a na press\u00e3o e responder por meio de uma liga\u00e7\u00e3o el\u00e9trica.\" \/>\n<meta name=\"robots\" content=\"index, follow, max-snippet:-1, max-image-preview:large, max-video-preview:-1\" \/>\n<link rel=\"canonical\" href=\"https:\/\/actbr.com.br\/es\/producto\/pressostato-eletro-hidraulico-act-jc-psd-03\/\" \/>\n<meta property=\"og:locale\" content=\"es_ES\" \/>\n<meta property=\"og:type\" content=\"article\" \/>\n<meta property=\"og:title\" content=\"Pressostato Eletro hidr\u00e1ulico ACT-JC-PSD-03 - ACT Sistemas Hidr\u00e1ulicos\" \/>\n<meta property=\"og:description\" content=\"O Pressostato ACT-JC-PSD-03 \u00e9 um dispositivo configurado para perceber uma mudan\u00e7a na press\u00e3o e responder por meio de uma liga\u00e7\u00e3o el\u00e9trica.\" \/>\n<meta property=\"og:url\" content=\"https:\/\/actbr.com.br\/es\/producto\/pressostato-eletro-hidraulico-act-jc-psd-03\/\" \/>\n<meta property=\"og:site_name\" content=\"ACT Sistemas Hidr\u00e1ulicos\" \/>\n<meta property=\"article:modified_time\" content=\"2023-10-06T17:07:06+00:00\" \/>\n<meta property=\"og:image\" content=\"https:\/\/actbr.com.br\/wp-content\/uploads\/2020\/09\/pressostato-eletro-hidraulico-act-jc-psd.jpg\" \/>\n\t<meta property=\"og:image:width\" content=\"648\" \/>\n\t<meta property=\"og:image:height\" content=\"421\" \/>\n\t<meta property=\"og:image:type\" content=\"image\/jpeg\" \/>\n<meta name=\"twitter:card\" content=\"summary_large_image\" \/>\n<meta name=\"twitter:label1\" content=\"Tiempo de lectura\" \/>\n\t<meta name=\"twitter:data1\" content=\"3 minutos\" \/>\n<script type=\"application\/ld+json\" class=\"yoast-schema-graph\">{\"@context\":\"https:\/\/schema.org\",\"@graph\":[{\"@type\":\"WebPage\",\"@id\":\"https:\/\/actbr.com.br\/es\/producto\/pressostato-eletro-hidraulico-act-jc-psd-03\/\",\"url\":\"https:\/\/actbr.com.br\/es\/producto\/pressostato-eletro-hidraulico-act-jc-psd-03\/\",\"name\":\"Pressostato Eletro hidr\u00e1ulico ACT-JC-PSD-03 - ACT Sistemas Hidr\u00e1ulicos\",\"isPartOf\":{\"@id\":\"https:\/\/actbr.com.br\/es\/#website\"},\"primaryImageOfPage\":{\"@id\":\"https:\/\/actbr.com.br\/es\/producto\/pressostato-eletro-hidraulico-act-jc-psd-03\/#primaryimage\"},\"image\":{\"@id\":\"https:\/\/actbr.com.br\/es\/producto\/pressostato-eletro-hidraulico-act-jc-psd-03\/#primaryimage\"},\"thumbnailUrl\":\"https:\/\/actbr.com.br\/wp-content\/uploads\/2020\/09\/pressostato-eletro-hidraulico-act-jc-psd.jpg\",\"datePublished\":\"2020-09-29T15:38:10+00:00\",\"dateModified\":\"2023-10-06T17:07:06+00:00\",\"description\":\"O Pressostato ACT-JC-PSD-03 \u00e9 um dispositivo configurado para perceber uma mudan\u00e7a na press\u00e3o e responder por meio de uma liga\u00e7\u00e3o el\u00e9trica.\",\"breadcrumb\":{\"@id\":\"https:\/\/actbr.com.br\/es\/producto\/pressostato-eletro-hidraulico-act-jc-psd-03\/#breadcrumb\"},\"inLanguage\":\"es\",\"potentialAction\":[{\"@type\":\"ReadAction\",\"target\":[\"https:\/\/actbr.com.br\/es\/producto\/pressostato-eletro-hidraulico-act-jc-psd-03\/\"]}]},{\"@type\":\"ImageObject\",\"inLanguage\":\"es\",\"@id\":\"https:\/\/actbr.com.br\/es\/producto\/pressostato-eletro-hidraulico-act-jc-psd-03\/#primaryimage\",\"url\":\"https:\/\/actbr.com.br\/wp-content\/uploads\/2020\/09\/pressostato-eletro-hidraulico-act-jc-psd.jpg\",\"contentUrl\":\"https:\/\/actbr.com.br\/wp-content\/uploads\/2020\/09\/pressostato-eletro-hidraulico-act-jc-psd.jpg\",\"width\":648,\"height\":421,\"caption\":\"Pressostato ACT-JC-PSD-03 (Eletro Hidr\u00e1ulico)\"},{\"@type\":\"BreadcrumbList\",\"@id\":\"https:\/\/actbr.com.br\/es\/producto\/pressostato-eletro-hidraulico-act-jc-psd-03\/#breadcrumb\",\"itemListElement\":[{\"@type\":\"ListItem\",\"position\":1,\"name\":\"Comenzar\",\"item\":\"https:\/\/actbr.com.br\/es\/\"},{\"@type\":\"ListItem\",\"position\":2,\"name\":\"Produtos\",\"item\":\"https:\/\/actbr.com.br\/produtos-act\/\"},{\"@type\":\"ListItem\",\"position\":3,\"name\":\"Instrumenta\u00e7\u00e3o\",\"item\":\"https:\/\/actbr.com.br\/es\/categoria-produto\/instrumentacao\/\"},{\"@type\":\"ListItem\",\"position\":4,\"name\":\"Press\u00e3o\",\"item\":\"https:\/\/actbr.com.br\/es\/categoria-produto\/instrumentacao\/pressao\/\"},{\"@type\":\"ListItem\",\"position\":5,\"name\":\"Pressostato Eletro hidr\u00e1ulico ACT-JC-PSD-03\"}]},{\"@type\":\"WebSite\",\"@id\":\"https:\/\/actbr.com.br\/es\/#website\",\"url\":\"https:\/\/actbr.com.br\/es\/\",\"name\":\"ACT Sistemas Hidr\u00e1ulicos\",\"description\":\"Fabricaci\u00f3n y mantenimiento de componentes de aceite hidr\u00e1ulico\",\"publisher\":{\"@id\":\"https:\/\/actbr.com.br\/es\/#organization\"},\"potentialAction\":[{\"@type\":\"SearchAction\",\"target\":{\"@type\":\"EntryPoint\",\"urlTemplate\":\"https:\/\/actbr.com.br\/es\/?s={search_term_string}\"},\"query-input\":{\"@type\":\"PropertyValueSpecification\",\"valueRequired\":true,\"valueName\":\"search_term_string\"}}],\"inLanguage\":\"es\"},{\"@type\":\"Organization\",\"@id\":\"https:\/\/actbr.com.br\/es\/#organization\",\"name\":\"ACT Sistemas Hidr\u00e1ulicos\",\"url\":\"https:\/\/actbr.com.br\/es\/\",\"logo\":{\"@type\":\"ImageObject\",\"inLanguage\":\"es\",\"@id\":\"https:\/\/actbr.com.br\/es\/#\/schema\/logo\/image\/\",\"url\":\"https:\/\/actbr.com.br\/wp-content\/uploads\/2025\/02\/cropped-ACT_NEGATIVO-marca-dagua.png\",\"contentUrl\":\"https:\/\/actbr.com.br\/wp-content\/uploads\/2025\/02\/cropped-ACT_NEGATIVO-marca-dagua.png\",\"width\":240,\"height\":146,\"caption\":\"ACT Sistemas Hidr\u00e1ulicos\"},\"image\":{\"@id\":\"https:\/\/actbr.com.br\/es\/#\/schema\/logo\/image\/\"}}]}<\/script>\n<!-- \/ Yoast SEO plugin. -->","yoast_head_json":{"title":"Pressostato Eletro hidr\u00e1ulico ACT-JC-PSD-03 - ACT Sistemas Hidr\u00e1ulicos","description":"O Pressostato ACT-JC-PSD-03 \u00e9 um dispositivo configurado para perceber uma mudan\u00e7a na press\u00e3o e responder por meio de uma liga\u00e7\u00e3o el\u00e9trica.","robots":{"index":"index","follow":"follow","max-snippet":"max-snippet:-1","max-image-preview":"max-image-preview:large","max-video-preview":"max-video-preview:-1"},"canonical":"https:\/\/actbr.com.br\/es\/producto\/pressostato-eletro-hidraulico-act-jc-psd-03\/","og_locale":"es_ES","og_type":"article","og_title":"Pressostato Eletro hidr\u00e1ulico ACT-JC-PSD-03 - ACT Sistemas Hidr\u00e1ulicos","og_description":"O Pressostato ACT-JC-PSD-03 \u00e9 um dispositivo configurado para perceber uma mudan\u00e7a na press\u00e3o e responder por meio de uma liga\u00e7\u00e3o el\u00e9trica.","og_url":"https:\/\/actbr.com.br\/es\/producto\/pressostato-eletro-hidraulico-act-jc-psd-03\/","og_site_name":"ACT Sistemas Hidr\u00e1ulicos","article_modified_time":"2023-10-06T17:07:06+00:00","og_image":[{"width":648,"height":421,"url":"https:\/\/actbr.com.br\/wp-content\/uploads\/2020\/09\/pressostato-eletro-hidraulico-act-jc-psd.jpg","type":"image\/jpeg"}],"twitter_card":"summary_large_image","twitter_misc":{"Tiempo de lectura":"3 minutos"},"schema":{"@context":"https:\/\/schema.org","@graph":[{"@type":"WebPage","@id":"https:\/\/actbr.com.br\/es\/producto\/pressostato-eletro-hidraulico-act-jc-psd-03\/","url":"https:\/\/actbr.com.br\/es\/producto\/pressostato-eletro-hidraulico-act-jc-psd-03\/","name":"Pressostato Eletro hidr\u00e1ulico ACT-JC-PSD-03 - ACT Sistemas Hidr\u00e1ulicos","isPartOf":{"@id":"https:\/\/actbr.com.br\/es\/#website"},"primaryImageOfPage":{"@id":"https:\/\/actbr.com.br\/es\/producto\/pressostato-eletro-hidraulico-act-jc-psd-03\/#primaryimage"},"image":{"@id":"https:\/\/actbr.com.br\/es\/producto\/pressostato-eletro-hidraulico-act-jc-psd-03\/#primaryimage"},"thumbnailUrl":"https:\/\/actbr.com.br\/wp-content\/uploads\/2020\/09\/pressostato-eletro-hidraulico-act-jc-psd.jpg","datePublished":"2020-09-29T15:38:10+00:00","dateModified":"2023-10-06T17:07:06+00:00","description":"O Pressostato ACT-JC-PSD-03 \u00e9 um dispositivo configurado para perceber uma mudan\u00e7a na press\u00e3o e responder por meio de uma liga\u00e7\u00e3o el\u00e9trica.","breadcrumb":{"@id":"https:\/\/actbr.com.br\/es\/producto\/pressostato-eletro-hidraulico-act-jc-psd-03\/#breadcrumb"},"inLanguage":"es","potentialAction":[{"@type":"ReadAction","target":["https:\/\/actbr.com.br\/es\/producto\/pressostato-eletro-hidraulico-act-jc-psd-03\/"]}]},{"@type":"ImageObject","inLanguage":"es","@id":"https:\/\/actbr.com.br\/es\/producto\/pressostato-eletro-hidraulico-act-jc-psd-03\/#primaryimage","url":"https:\/\/actbr.com.br\/wp-content\/uploads\/2020\/09\/pressostato-eletro-hidraulico-act-jc-psd.jpg","contentUrl":"https:\/\/actbr.com.br\/wp-content\/uploads\/2020\/09\/pressostato-eletro-hidraulico-act-jc-psd.jpg","width":648,"height":421,"caption":"Pressostato ACT-JC-PSD-03 (Eletro Hidr\u00e1ulico)"},{"@type":"BreadcrumbList","@id":"https:\/\/actbr.com.br\/es\/producto\/pressostato-eletro-hidraulico-act-jc-psd-03\/#breadcrumb","itemListElement":[{"@type":"ListItem","position":1,"name":"Comenzar","item":"https:\/\/actbr.com.br\/es\/"},{"@type":"ListItem","position":2,"name":"Produtos","item":"https:\/\/actbr.com.br\/produtos-act\/"},{"@type":"ListItem","position":3,"name":"Instrumenta\u00e7\u00e3o","item":"https:\/\/actbr.com.br\/es\/categoria-produto\/instrumentacao\/"},{"@type":"ListItem","position":4,"name":"Press\u00e3o","item":"https:\/\/actbr.com.br\/es\/categoria-produto\/instrumentacao\/pressao\/"},{"@type":"ListItem","position":5,"name":"Pressostato Eletro hidr\u00e1ulico ACT-JC-PSD-03"}]},{"@type":"WebSite","@id":"https:\/\/actbr.com.br\/es\/#website","url":"https:\/\/actbr.com.br\/es\/","name":"ACT Sistemas Hidr\u00e1ulicos","description":"Fabricaci\u00f3n y mantenimiento de componentes de aceite hidr\u00e1ulico","publisher":{"@id":"https:\/\/actbr.com.br\/es\/#organization"},"potentialAction":[{"@type":"SearchAction","target":{"@type":"EntryPoint","urlTemplate":"https:\/\/actbr.com.br\/es\/?s={search_term_string}"},"query-input":{"@type":"PropertyValueSpecification","valueRequired":true,"valueName":"search_term_string"}}],"inLanguage":"es"},{"@type":"Organization","@id":"https:\/\/actbr.com.br\/es\/#organization","name":"ACT Sistemas Hidr\u00e1ulicos","url":"https:\/\/actbr.com.br\/es\/","logo":{"@type":"ImageObject","inLanguage":"es","@id":"https:\/\/actbr.com.br\/es\/#\/schema\/logo\/image\/","url":"https:\/\/actbr.com.br\/wp-content\/uploads\/2025\/02\/cropped-ACT_NEGATIVO-marca-dagua.png","contentUrl":"https:\/\/actbr.com.br\/wp-content\/uploads\/2025\/02\/cropped-ACT_NEGATIVO-marca-dagua.png","width":240,"height":146,"caption":"ACT Sistemas Hidr\u00e1ulicos"},"image":{"@id":"https:\/\/actbr.com.br\/es\/#\/schema\/logo\/image\/"}}]}},"_links":{"self":[{"href":"https:\/\/actbr.com.br\/es\/wp-json\/wp\/v2\/product\/3351","targetHints":{"allow":["GET"]}}],"collection":[{"href":"https:\/\/actbr.com.br\/es\/wp-json\/wp\/v2\/product"}],"about":[{"href":"https:\/\/actbr.com.br\/es\/wp-json\/wp\/v2\/types\/product"}],"wp:featuredmedia":[{"embeddable":true,"href":"https:\/\/actbr.com.br\/es\/wp-json\/wp\/v2\/media\/3357"}],"wp:attachment":[{"href":"https:\/\/actbr.com.br\/es\/wp-json\/wp\/v2\/media?parent=3351"}],"wp:term":[{"taxonomy":"product_brand","embeddable":true,"href":"https:\/\/actbr.com.br\/es\/wp-json\/wp\/v2\/product_brand?post=3351"},{"taxonomy":"product_cat","embeddable":true,"href":"https:\/\/actbr.com.br\/es\/wp-json\/wp\/v2\/product_cat?post=3351"},{"taxonomy":"product_tag","embeddable":true,"href":"https:\/\/actbr.com.br\/es\/wp-json\/wp\/v2\/product_tag?post=3351"}],"curies":[{"name":"wp","href":"https:\/\/api.w.org\/{rel}","templated":true}]}}