{"id":3368,"date":"2020-09-29T12:38:10","date_gmt":"2020-09-29T15:38:10","guid":{"rendered":"https:\/\/actbr.com.br\/produto\/valvulas-direcionais-pilotadas-act-%c2%96-4weh\/"},"modified":"2023-10-18T11:51:15","modified_gmt":"2023-10-18T14:51:15","slug":"valvula-direcional-hidraulica-com-acionamento-eletrico-4weh","status":"publish","type":"product","link":"https:\/\/actbr.com.br\/es\/producto\/valvula-direcional-hidraulica-com-acionamento-eletrico-4weh\/","title":{"rendered":"V\u00e1lvula direcional hidr\u00e1ulica com acionamento el\u00e9trico 4WEH"},"content":{"rendered":"<div id=\"detalhes\">\n<p><strong>V\u00e1lvula Direcional Pilotada ACT 4WEH<\/strong><\/p>\n<p>A V\u00e1lvula Direcional Pilotada ACT 4WEH tipo carretel \u00e9 pilotada por v\u00e1lvula solenoide tipo 4WE6. Sua superf\u00edcie de montagem segue conforme a norma ISO 4401, dispon\u00edvel nos tamanhos 10,16,25,32 e m\u00e1ximas vaz\u00f5es de 160, 300, 500 e 1000 litros por minuto respectivamente e resistentes a press\u00f5es de at\u00e9 300 bar.<\/p>\n<p><strong>Modelos dispon\u00edveis:<\/strong><\/p>\n<p>TN10 \u2013 NG10<br \/>\nSimples solenoide:\u00a0 4WEH10HA \/ 4WEH10EA \/ 4WEH10JA \/ 4WEH10GA \/ 4WEH10C \/ 4WEH10D<br \/>\nDuplo solenoide: 4WEH10H \/ 4WEH10E\/ 4WEH10J \/ 4WEH10G \/ 4WEH10F \/ 4WEH10L \/ 4WEH10U \/ 4WEH10P<\/p>\n<p>TN16 \u2013 NG16<br \/>\nSimples solenoide: 4WEH16HA \/ 4WEH16EA \/ 4WEH16JA \/ 4WEH16GA \/ 4WEH16C \/ 4WEH16D<br \/>\nDuplo solenoide: 4WEH16H \/ 4WEH16E\/ 4WEH16J \/ 4WEH16G \/ 4WEH16F \/ 4WEH16L \/ 4WEH16U \/ 4WEH16P<\/p>\n<p>TN25 \u2013 NG25<br \/>\nSimples solenoide: 4WEH25HA \/ 4WEH25EA \/ 4WEH25JA \/ 4WEH25GA \/ 4WEH25C \/ 4WEH10D<br \/>\nDuplo solenoide: 4WEH25H \/ 4WEH25E\/ 4WEH25J \/ 4WEH25G \/ 4WEH25F \/ 4WEH25L \/ 4WEH25U \/ 4WEH25P<\/p>\n<p>TN32 \u2013 NG32<br \/>\nSimples solenoide: 4WEH32HA \/ 4WEH32EA \/ 4WEH32JA \/ 4WEH32GA \/ 4WEH32C \/ 4WEH32D<br \/>\nDuplo solenoide: 4WEH32H \/ 4WEH32E\/ 4WEH32J \/ 4WEH32G \/ 4WEH32F \/ 4WEH32L \/ 4WEH32U \/ 4WEH32P<\/p>\n<p>&nbsp;<\/p>\n<p>Caracter\u00edsticas:<\/p>\n<p><img decoding=\"async\" src=\"https:\/\/actbr.com.br\/wp-content\/uploads\/2020\/09\/direcionais-pilotadas-act-4weh10.jpg\" alt=\"\" \/><br \/>\n<img decoding=\"async\" src=\"https:\/\/actbr.com.br\/wp-content\/uploads\/2020\/09\/4weh16-act.jpg\" alt=\"\" \/><\/p>\n\n<table id=\"tablepress-1\" class=\"tablepress tablepress-id-1 tbody-has-connected-cells\">\n<thead>\n<tr class=\"row-1\">\n\t<th colspan=\"6\" class=\"column-1\"><strong>V\u00e1lvulas de controle direcionais<\/strong><\/th>\n<\/tr>\n<\/thead>\n<tbody class=\"row-striping row-hover\">\n<tr class=\"row-2\">\n\t<td class=\"column-1\"><\/td><td class=\"column-2\"><\/td><td class=\"column-3\"><\/td><td class=\"column-4\"><\/td><td class=\"column-5\"><\/td><td class=\"column-6\"><\/td>\n<\/tr>\n<tr class=\"row-3\">\n\t<td colspan=\"2\" class=\"column-1\"><strong>ATOS<\/strong><\/td><td colspan=\"2\" class=\"column-3\"><strong>BOSCH<\/strong><\/td><td rowspan=\"2\" class=\"column-5\"><strong>ACT<\/strong><\/td><td rowspan=\"2\" class=\"column-6\"><strong>VICKERS<\/strong><\/td>\n<\/tr>\n<tr class=\"row-4\">\n\t<td colspan=\"2\" class=\"column-1\">C\u00d3DIGO DO MODELO<\/td><td class=\"column-3\">24DC<\/td><td class=\"column-4\">230\/50 AC<\/td>\n<\/tr>\n<tr class=\"row-5\">\n\t<td rowspan=\"17\" class=\"column-1\"> DPHE      DPHI         DPHL <\/td><td class=\"column-2\">2630\/2<\/td><td class=\"column-3\">0 810 050 120<\/td><td class=\"column-4\">-<\/td><td class=\"column-5\">4WEH16C <\/td><td class=\"column-6\">DG5V-7-0A<\/td>\n<\/tr>\n<tr class=\"row-6\">\n\t<td class=\"column-2\">2631\/2<\/td><td class=\"column-3\">0 810 050 121<\/td><td class=\"column-4\">  -<\/td><td class=\"column-5\">4WEH16D <\/td><td class=\"column-6\">DG5V-7-2A<\/td>\n<\/tr>\n<tr class=\"row-7\">\n\t<td class=\"column-2\">2610<\/td><td class=\"column-3\">-<\/td><td class=\"column-4\">  -<\/td><td class=\"column-5\">4WEH16HA <\/td><td class=\"column-6\">DG5V-7-0B<\/td>\n<\/tr>\n<tr class=\"row-8\">\n\t<td class=\"column-2\">2611<\/td><td class=\"column-3\">0 810 050 136<\/td><td class=\"column-4\">0 810 050 144<\/td><td class=\"column-5\">4WEH16EA <\/td><td class=\"column-6\">DG5V-7-2B<\/td>\n<\/tr>\n<tr class=\"row-9\">\n\t<td class=\"column-2\">2613<\/td><td class=\"column-3\">-<\/td><td class=\"column-4\">  -<\/td><td class=\"column-5\">4WEH16JA <\/td><td class=\"column-6\">DG5V-7-6B<\/td>\n<\/tr>\n<tr class=\"row-10\">\n\t<td class=\"column-2\">2614<\/td><td class=\"column-3\">-<\/td><td class=\"column-4\">  -<\/td><td class=\"column-5\">4WEH16GA <\/td><td class=\"column-6\">DG5V-7-4BL<\/td>\n<\/tr>\n<tr class=\"row-11\">\n\t<td class=\"column-2\">2710<\/td><td class=\"column-3\">0 810 050 110<\/td><td class=\"column-4\">  -<\/td><td class=\"column-5\">4WEH16H <\/td><td class=\"column-6\">DG5V-7-0C<\/td>\n<\/tr>\n<tr class=\"row-12\">\n\t<td class=\"column-2\">2711<\/td><td class=\"column-3\">0 810 050 113<\/td><td class=\"column-4\">0 810 050 138<\/td><td class=\"column-5\">4WEH16E <\/td><td class=\"column-6\">DG5V-7-2C<\/td>\n<\/tr>\n<tr class=\"row-13\">\n\t<td class=\"column-2\">2713<\/td><td class=\"column-3\">0 810 050 118 <\/td><td class=\"column-4\">0 810 050 140<\/td><td class=\"column-5\">4WEH16J <\/td><td class=\"column-6\">DG5V-7-6C<\/td>\n<\/tr>\n<tr class=\"row-14\">\n\t<td class=\"column-2\">2714<\/td><td class=\"column-3\">0 810 050 116 <\/td><td class=\"column-4\"> 0 810 050 139<\/td><td class=\"column-5\">4WEH16T <\/td><td class=\"column-6\">DG5V-7-4C<\/td>\n<\/tr>\n<tr class=\"row-15\">\n\t<td class=\"column-2\">2715<\/td><td class=\"column-3\">-<\/td><td class=\"column-4\">  -<\/td><td class=\"column-5\">4WEH16F<\/td><td class=\"column-6\">DG5V-7-1C<\/td>\n<\/tr>\n<tr class=\"row-16\">\n\t<td class=\"column-2\">2716<\/td><td class=\"column-3\">0 810 050 130<\/td><td class=\"column-4\">0 810 050 143<\/td><td class=\"column-5\">4WEH16L <\/td><td class=\"column-6\">DG5V-7-3C<\/td>\n<\/tr>\n<tr class=\"row-17\">\n\t<td class=\"column-2\">2717<\/td><td class=\"column-3\">0 810 050 134<\/td><td class=\"column-4\">0 810 010 960<\/td><td class=\"column-5\">4WEH16U <\/td><td class=\"column-6\">DG5V-7-31C<\/td>\n<\/tr>\n<tr class=\"row-18\">\n\t<td class=\"column-2\">2718<\/td><td class=\"column-3\">  -<\/td><td class=\"column-4\">  -<\/td><td class=\"column-5\">4WEH16M <\/td><td class=\"column-6\">  -<\/td>\n<\/tr>\n<tr class=\"row-19\">\n\t<td class=\"column-2\">27119<\/td><td class=\"column-3\">  -<\/td><td class=\"column-4\">  -<\/td><td class=\"column-5\">  -<\/td><td class=\"column-6\">DG5V-7-531C<\/td>\n<\/tr>\n<tr class=\"row-20\">\n\t<td class=\"column-2\">2710\/1<\/td><td class=\"column-3\">  -<\/td><td class=\"column-4\">  -<\/td><td class=\"column-5\">4WEH16V <\/td><td class=\"column-6\">DG5V-7-9C<\/td>\n<\/tr>\n<tr class=\"row-21\">\n\t<td class=\"column-2\">2713\/1<\/td><td class=\"column-3\">0 810 050  125<\/td><td class=\"column-4\">  -<\/td><td class=\"column-5\">4WEH16W <\/td><td class=\"column-6\">DG5V-7-33C<\/td>\n<\/tr>\n<\/tbody>\n<\/table>\n<!-- #tablepress-1 from cache -->\n<\/div>\n","protected":false},"excerpt":{"rendered":"<p>A V\u00e1lvula Direcional Pilotada ACT 4WEH tipo carretel \u00e9 pilotada por v\u00e1lvula solenoide tipo 4WE6. Sua superf\u00edcie de montagem segue conforme a norma ISO 4401.<\/p>\n","protected":false},"featured_media":9759,"template":"","meta":[],"product_brand":[],"product_cat":[78,46],"product_tag":[],"class_list":{"0":"post-3368","1":"product","2":"type-product","3":"status-publish","4":"has-post-thumbnail","6":"product_cat-pilotada","7":"product_cat-valvulas-direcionais","9":"first","10":"instock","11":"virtual","12":"product-type-simple"},"yoast_head":"<!-- This site is optimized with the Yoast SEO plugin v27.5 - https:\/\/yoast.com\/product\/yoast-seo-wordpress\/ -->\n<title>V\u00e1lvula direcional hidr\u00e1ulica com acionamento el\u00e9trico 4WEH - ACT Sistemas Hidr\u00e1ulicos<\/title>\n<meta name=\"description\" content=\"A V\u00e1lvula Direcional Pilotada ACT 4WEH tipo carretel \u00e9 pilotada por v\u00e1lvula solenoide tipo 4WE6. Sua superf\u00edcie de montagem segue conforme a norma ISO 4401.\" \/>\n<meta name=\"robots\" content=\"index, follow, max-snippet:-1, max-image-preview:large, max-video-preview:-1\" \/>\n<link rel=\"canonical\" href=\"https:\/\/actbr.com.br\/es\/producto\/valvula-direcional-hidraulica-com-acionamento-eletrico-4weh\/\" \/>\n<meta property=\"og:locale\" content=\"es_ES\" \/>\n<meta property=\"og:type\" content=\"article\" \/>\n<meta property=\"og:title\" content=\"V\u00e1lvula direcional hidr\u00e1ulica com acionamento el\u00e9trico 4WEH - ACT Sistemas Hidr\u00e1ulicos\" \/>\n<meta property=\"og:description\" content=\"A V\u00e1lvula Direcional Pilotada ACT 4WEH tipo carretel \u00e9 pilotada por v\u00e1lvula solenoide tipo 4WE6. Sua superf\u00edcie de montagem segue conforme a norma ISO 4401.\" \/>\n<meta property=\"og:url\" content=\"https:\/\/actbr.com.br\/es\/producto\/valvula-direcional-hidraulica-com-acionamento-eletrico-4weh\/\" \/>\n<meta property=\"og:site_name\" content=\"ACT Sistemas Hidr\u00e1ulicos\" \/>\n<meta property=\"article:modified_time\" content=\"2023-10-18T14:51:15+00:00\" \/>\n<meta property=\"og:image\" content=\"https:\/\/actbr.com.br\/wp-content\/uploads\/2020\/09\/Valvula-direcional-hidraulica-com-acionamento-eletrico-4WEH.jpg\" \/>\n\t<meta property=\"og:image:width\" content=\"1080\" \/>\n\t<meta property=\"og:image:height\" content=\"1080\" \/>\n\t<meta property=\"og:image:type\" content=\"image\/jpeg\" \/>\n<meta name=\"twitter:card\" content=\"summary_large_image\" \/>\n<meta name=\"twitter:label1\" content=\"Tiempo de lectura\" \/>\n\t<meta name=\"twitter:data1\" content=\"2 minutos\" \/>\n<script type=\"application\/ld+json\" class=\"yoast-schema-graph\">{\"@context\":\"https:\\\/\\\/schema.org\",\"@graph\":[{\"@type\":\"WebPage\",\"@id\":\"https:\\\/\\\/actbr.com.br\\\/es\\\/producto\\\/valvula-direcional-hidraulica-com-acionamento-eletrico-4weh\\\/\",\"url\":\"https:\\\/\\\/actbr.com.br\\\/es\\\/producto\\\/valvula-direcional-hidraulica-com-acionamento-eletrico-4weh\\\/\",\"name\":\"V\u00e1lvula direcional hidr\u00e1ulica com acionamento el\u00e9trico 4WEH - ACT Sistemas Hidr\u00e1ulicos\",\"isPartOf\":{\"@id\":\"https:\\\/\\\/actbr.com.br\\\/es\\\/#website\"},\"primaryImageOfPage\":{\"@id\":\"https:\\\/\\\/actbr.com.br\\\/es\\\/producto\\\/valvula-direcional-hidraulica-com-acionamento-eletrico-4weh\\\/#primaryimage\"},\"image\":{\"@id\":\"https:\\\/\\\/actbr.com.br\\\/es\\\/producto\\\/valvula-direcional-hidraulica-com-acionamento-eletrico-4weh\\\/#primaryimage\"},\"thumbnailUrl\":\"https:\\\/\\\/actbr.com.br\\\/wp-content\\\/uploads\\\/2020\\\/09\\\/Valvula-direcional-hidraulica-com-acionamento-eletrico-4WEH.jpg\",\"datePublished\":\"2020-09-29T15:38:10+00:00\",\"dateModified\":\"2023-10-18T14:51:15+00:00\",\"description\":\"A V\u00e1lvula Direcional Pilotada ACT 4WEH tipo carretel \u00e9 pilotada por v\u00e1lvula solenoide tipo 4WE6. Sua superf\u00edcie de montagem segue conforme a norma ISO 4401.\",\"breadcrumb\":{\"@id\":\"https:\\\/\\\/actbr.com.br\\\/es\\\/producto\\\/valvula-direcional-hidraulica-com-acionamento-eletrico-4weh\\\/#breadcrumb\"},\"inLanguage\":\"es\",\"potentialAction\":[{\"@type\":\"ReadAction\",\"target\":[\"https:\\\/\\\/actbr.com.br\\\/es\\\/producto\\\/valvula-direcional-hidraulica-com-acionamento-eletrico-4weh\\\/\"]}]},{\"@type\":\"ImageObject\",\"inLanguage\":\"es\",\"@id\":\"https:\\\/\\\/actbr.com.br\\\/es\\\/producto\\\/valvula-direcional-hidraulica-com-acionamento-eletrico-4weh\\\/#primaryimage\",\"url\":\"https:\\\/\\\/actbr.com.br\\\/wp-content\\\/uploads\\\/2020\\\/09\\\/Valvula-direcional-hidraulica-com-acionamento-eletrico-4WEH.jpg\",\"contentUrl\":\"https:\\\/\\\/actbr.com.br\\\/wp-content\\\/uploads\\\/2020\\\/09\\\/Valvula-direcional-hidraulica-com-acionamento-eletrico-4WEH.jpg\",\"width\":1080,\"height\":1080},{\"@type\":\"BreadcrumbList\",\"@id\":\"https:\\\/\\\/actbr.com.br\\\/es\\\/producto\\\/valvula-direcional-hidraulica-com-acionamento-eletrico-4weh\\\/#breadcrumb\",\"itemListElement\":[{\"@type\":\"ListItem\",\"position\":1,\"name\":\"Comenzar\",\"item\":\"https:\\\/\\\/actbr.com.br\\\/es\\\/\"},{\"@type\":\"ListItem\",\"position\":2,\"name\":\"Produtos\",\"item\":\"https:\\\/\\\/actbr.com.br\\\/produtos-act\\\/\"},{\"@type\":\"ListItem\",\"position\":3,\"name\":\"V\u00e1lvulas Direcionais\",\"item\":\"https:\\\/\\\/actbr.com.br\\\/es\\\/categoria-produto\\\/valvulas-direcionais\\\/\"},{\"@type\":\"ListItem\",\"position\":4,\"name\":\"V\u00e1lvula direcional hidr\u00e1ulica com acionamento el\u00e9trico 4WEH\"}]},{\"@type\":\"WebSite\",\"@id\":\"https:\\\/\\\/actbr.com.br\\\/es\\\/#website\",\"url\":\"https:\\\/\\\/actbr.com.br\\\/es\\\/\",\"name\":\"ACT Sistemas Hidr\u00e1ulicos\",\"description\":\"Fabricaci\u00f3n y mantenimiento de componentes de aceite hidr\u00e1ulico\",\"publisher\":{\"@id\":\"https:\\\/\\\/actbr.com.br\\\/es\\\/#organization\"},\"potentialAction\":[{\"@type\":\"SearchAction\",\"target\":{\"@type\":\"EntryPoint\",\"urlTemplate\":\"https:\\\/\\\/actbr.com.br\\\/es\\\/?s={search_term_string}\"},\"query-input\":{\"@type\":\"PropertyValueSpecification\",\"valueRequired\":true,\"valueName\":\"search_term_string\"}}],\"inLanguage\":\"es\"},{\"@type\":\"Organization\",\"@id\":\"https:\\\/\\\/actbr.com.br\\\/es\\\/#organization\",\"name\":\"ACT Sistemas Hidr\u00e1ulicos\",\"url\":\"https:\\\/\\\/actbr.com.br\\\/es\\\/\",\"logo\":{\"@type\":\"ImageObject\",\"inLanguage\":\"es\",\"@id\":\"https:\\\/\\\/actbr.com.br\\\/es\\\/#\\\/schema\\\/logo\\\/image\\\/\",\"url\":\"https:\\\/\\\/actbr.com.br\\\/wp-content\\\/uploads\\\/2025\\\/02\\\/cropped-ACT_NEGATIVO-marca-dagua.png\",\"contentUrl\":\"https:\\\/\\\/actbr.com.br\\\/wp-content\\\/uploads\\\/2025\\\/02\\\/cropped-ACT_NEGATIVO-marca-dagua.png\",\"width\":240,\"height\":146,\"caption\":\"ACT Sistemas Hidr\u00e1ulicos\"},\"image\":{\"@id\":\"https:\\\/\\\/actbr.com.br\\\/es\\\/#\\\/schema\\\/logo\\\/image\\\/\"}}]}<\/script>\n<!-- \/ Yoast SEO plugin. -->","yoast_head_json":{"title":"V\u00e1lvula direcional hidr\u00e1ulica com acionamento el\u00e9trico 4WEH - ACT Sistemas Hidr\u00e1ulicos","description":"A V\u00e1lvula Direcional Pilotada ACT 4WEH tipo carretel \u00e9 pilotada por v\u00e1lvula solenoide tipo 4WE6. Sua superf\u00edcie de montagem segue conforme a norma ISO 4401.","robots":{"index":"index","follow":"follow","max-snippet":"max-snippet:-1","max-image-preview":"max-image-preview:large","max-video-preview":"max-video-preview:-1"},"canonical":"https:\/\/actbr.com.br\/es\/producto\/valvula-direcional-hidraulica-com-acionamento-eletrico-4weh\/","og_locale":"es_ES","og_type":"article","og_title":"V\u00e1lvula direcional hidr\u00e1ulica com acionamento el\u00e9trico 4WEH - ACT Sistemas Hidr\u00e1ulicos","og_description":"A V\u00e1lvula Direcional Pilotada ACT 4WEH tipo carretel \u00e9 pilotada por v\u00e1lvula solenoide tipo 4WE6. Sua superf\u00edcie de montagem segue conforme a norma ISO 4401.","og_url":"https:\/\/actbr.com.br\/es\/producto\/valvula-direcional-hidraulica-com-acionamento-eletrico-4weh\/","og_site_name":"ACT Sistemas Hidr\u00e1ulicos","article_modified_time":"2023-10-18T14:51:15+00:00","og_image":[{"width":1080,"height":1080,"url":"https:\/\/actbr.com.br\/wp-content\/uploads\/2020\/09\/Valvula-direcional-hidraulica-com-acionamento-eletrico-4WEH.jpg","type":"image\/jpeg"}],"twitter_card":"summary_large_image","twitter_misc":{"Tiempo de lectura":"2 minutos"},"schema":{"@context":"https:\/\/schema.org","@graph":[{"@type":"WebPage","@id":"https:\/\/actbr.com.br\/es\/producto\/valvula-direcional-hidraulica-com-acionamento-eletrico-4weh\/","url":"https:\/\/actbr.com.br\/es\/producto\/valvula-direcional-hidraulica-com-acionamento-eletrico-4weh\/","name":"V\u00e1lvula direcional hidr\u00e1ulica com acionamento el\u00e9trico 4WEH - ACT Sistemas Hidr\u00e1ulicos","isPartOf":{"@id":"https:\/\/actbr.com.br\/es\/#website"},"primaryImageOfPage":{"@id":"https:\/\/actbr.com.br\/es\/producto\/valvula-direcional-hidraulica-com-acionamento-eletrico-4weh\/#primaryimage"},"image":{"@id":"https:\/\/actbr.com.br\/es\/producto\/valvula-direcional-hidraulica-com-acionamento-eletrico-4weh\/#primaryimage"},"thumbnailUrl":"https:\/\/actbr.com.br\/wp-content\/uploads\/2020\/09\/Valvula-direcional-hidraulica-com-acionamento-eletrico-4WEH.jpg","datePublished":"2020-09-29T15:38:10+00:00","dateModified":"2023-10-18T14:51:15+00:00","description":"A V\u00e1lvula Direcional Pilotada ACT 4WEH tipo carretel \u00e9 pilotada por v\u00e1lvula solenoide tipo 4WE6. Sua superf\u00edcie de montagem segue conforme a norma ISO 4401.","breadcrumb":{"@id":"https:\/\/actbr.com.br\/es\/producto\/valvula-direcional-hidraulica-com-acionamento-eletrico-4weh\/#breadcrumb"},"inLanguage":"es","potentialAction":[{"@type":"ReadAction","target":["https:\/\/actbr.com.br\/es\/producto\/valvula-direcional-hidraulica-com-acionamento-eletrico-4weh\/"]}]},{"@type":"ImageObject","inLanguage":"es","@id":"https:\/\/actbr.com.br\/es\/producto\/valvula-direcional-hidraulica-com-acionamento-eletrico-4weh\/#primaryimage","url":"https:\/\/actbr.com.br\/wp-content\/uploads\/2020\/09\/Valvula-direcional-hidraulica-com-acionamento-eletrico-4WEH.jpg","contentUrl":"https:\/\/actbr.com.br\/wp-content\/uploads\/2020\/09\/Valvula-direcional-hidraulica-com-acionamento-eletrico-4WEH.jpg","width":1080,"height":1080},{"@type":"BreadcrumbList","@id":"https:\/\/actbr.com.br\/es\/producto\/valvula-direcional-hidraulica-com-acionamento-eletrico-4weh\/#breadcrumb","itemListElement":[{"@type":"ListItem","position":1,"name":"Comenzar","item":"https:\/\/actbr.com.br\/es\/"},{"@type":"ListItem","position":2,"name":"Produtos","item":"https:\/\/actbr.com.br\/produtos-act\/"},{"@type":"ListItem","position":3,"name":"V\u00e1lvulas Direcionais","item":"https:\/\/actbr.com.br\/es\/categoria-produto\/valvulas-direcionais\/"},{"@type":"ListItem","position":4,"name":"V\u00e1lvula direcional hidr\u00e1ulica com acionamento el\u00e9trico 4WEH"}]},{"@type":"WebSite","@id":"https:\/\/actbr.com.br\/es\/#website","url":"https:\/\/actbr.com.br\/es\/","name":"ACT Sistemas Hidr\u00e1ulicos","description":"Fabricaci\u00f3n y mantenimiento de componentes de aceite hidr\u00e1ulico","publisher":{"@id":"https:\/\/actbr.com.br\/es\/#organization"},"potentialAction":[{"@type":"SearchAction","target":{"@type":"EntryPoint","urlTemplate":"https:\/\/actbr.com.br\/es\/?s={search_term_string}"},"query-input":{"@type":"PropertyValueSpecification","valueRequired":true,"valueName":"search_term_string"}}],"inLanguage":"es"},{"@type":"Organization","@id":"https:\/\/actbr.com.br\/es\/#organization","name":"ACT Sistemas Hidr\u00e1ulicos","url":"https:\/\/actbr.com.br\/es\/","logo":{"@type":"ImageObject","inLanguage":"es","@id":"https:\/\/actbr.com.br\/es\/#\/schema\/logo\/image\/","url":"https:\/\/actbr.com.br\/wp-content\/uploads\/2025\/02\/cropped-ACT_NEGATIVO-marca-dagua.png","contentUrl":"https:\/\/actbr.com.br\/wp-content\/uploads\/2025\/02\/cropped-ACT_NEGATIVO-marca-dagua.png","width":240,"height":146,"caption":"ACT Sistemas Hidr\u00e1ulicos"},"image":{"@id":"https:\/\/actbr.com.br\/es\/#\/schema\/logo\/image\/"}}]}},"_links":{"self":[{"href":"https:\/\/actbr.com.br\/es\/wp-json\/wp\/v2\/product\/3368","targetHints":{"allow":["GET"]}}],"collection":[{"href":"https:\/\/actbr.com.br\/es\/wp-json\/wp\/v2\/product"}],"about":[{"href":"https:\/\/actbr.com.br\/es\/wp-json\/wp\/v2\/types\/product"}],"wp:featuredmedia":[{"embeddable":true,"href":"https:\/\/actbr.com.br\/es\/wp-json\/wp\/v2\/media\/9759"}],"wp:attachment":[{"href":"https:\/\/actbr.com.br\/es\/wp-json\/wp\/v2\/media?parent=3368"}],"wp:term":[{"taxonomy":"product_brand","embeddable":true,"href":"https:\/\/actbr.com.br\/es\/wp-json\/wp\/v2\/product_brand?post=3368"},{"taxonomy":"product_cat","embeddable":true,"href":"https:\/\/actbr.com.br\/es\/wp-json\/wp\/v2\/product_cat?post=3368"},{"taxonomy":"product_tag","embeddable":true,"href":"https:\/\/actbr.com.br\/es\/wp-json\/wp\/v2\/product_tag?post=3368"}],"curies":[{"name":"wp","href":"https:\/\/api.w.org\/{rel}","templated":true}]}}