{"id":3380,"date":"2020-09-29T12:38:10","date_gmt":"2020-09-29T15:38:10","guid":{"rendered":"https:\/\/actbr.com.br\/produto\/valvulas-modulares-act-alivio-mrv\/"},"modified":"2023-10-19T13:58:51","modified_gmt":"2023-10-19T16:58:51","slug":"valvula-modular-reguladora-de-pressao-tipo-alivio-act-mrv","status":"publish","type":"product","link":"https:\/\/actbr.com.br\/es\/producto\/valvula-modular-reguladora-de-pressao-tipo-alivio-act-mrv\/","title":{"rendered":"V\u00e1lvula Modular Reguladora de Press\u00e3o tipo Al\u00edvio ACT MRV"},"content":{"rendered":"<div id=\"detalhes\">\n<p><strong>V\u00e1lvula Modular Al\u00edvio \u2013 ACT MRV<\/strong><\/p>\n<p>A V\u00e1lvula Modular de Al\u00edvio e Seguran\u00e7a ACT MRV tem duas fun\u00e7\u00f5es: limitar a press\u00e3o de um circuito ou em parte dele, a um n\u00edvel pr\u00e9-selecionado, e proteger o sistema e os diversos equipamentos que o comp\u00f5em contra sobrecarga. Pode de ser de a\u00e7\u00e3o direta ou pilotada. Ela se caracteriza por estar logo ap\u00f3s a bomba e por ter sua sa\u00edda ligada a tanque.<\/p>\n<p><img decoding=\"async\" src=\"https:\/\/actbr.com.br\/wp-content\/uploads\/2020\/09\/valvula-modular-alivio-mrv-hm-hmp-com-eh.jpg\" alt=\"\" \/><\/p>\n<p><strong>Como solicitar:<\/strong><\/p>\n<p><img decoding=\"async\" src=\"https:\/\/actbr.com.br\/wp-content\/uploads\/2020\/09\/alivio-mrv-hm-codigo.jpg\" alt=\"\" \/><\/p>\n<p>Curvas de performance:<\/p>\n<p><img decoding=\"async\" src=\"https:\/\/actbr.com.br\/wp-content\/uploads\/2020\/09\/mrv-alivio-modulas-performance-curvas.jpg\" alt=\"\" \/><br \/>\n<img decoding=\"async\" src=\"https:\/\/actbr.com.br\/wp-content\/uploads\/2020\/09\/mrv-alivio-modulas-performance-curvas-22.jpg\" alt=\"\" \/><\/p>\n<p>Dimens\u00f5es:<\/p>\n<p><img decoding=\"async\" src=\"https:\/\/actbr.com.br\/wp-content\/uploads\/2020\/09\/mrv-alivio-modulas-dimensoes.jpg\" alt=\"\" \/><\/p>\n\n<table id=\"tablepress-10\" class=\"tablepress tablepress-id-10 tbody-has-connected-cells\">\n<thead>\n<tr class=\"row-1\">\n\t<th colspan=\"6\" class=\"column-1\"><strong>V\u00e1lvulas Modulares<\/strong><\/th>\n<\/tr>\n<\/thead>\n<tbody class=\"row-striping row-hover\">\n<tr class=\"row-2\">\n\t<td colspan=\"3\" class=\"column-1\"><strong>ATOS <\/strong><\/td><td rowspan=\"2\" class=\"column-4\"><strong>BOSCH<\/strong><\/td><td rowspan=\"2\" class=\"column-5\"><strong>ACT<\/strong><\/td><td rowspan=\"2\" class=\"column-6\"><strong>VICKERS<\/strong><\/td>\n<\/tr>\n<tr class=\"row-3\">\n\t<td class=\"column-1\"><strong>TAB<\/strong><\/td><td colspan=\"2\" class=\"column-2\"><strong>C\u00f3digo do Modelo<\/strong><\/td>\n<\/tr>\n<tr class=\"row-4\">\n\t<td rowspan=\"5\" class=\"column-1\">D120<\/td><td rowspan=\"5\" class=\"column-2\">HM<\/td><td class=\"column-3\"><span style=\"color:#000000;\"><strong>011<\/strong><\/span><span style=\"color:#000000;\">\/50\/100\/210\/350<\/span><\/td><td class=\"column-4\">0 811 109 122\/123<\/td><td class=\"column-5\">ZDB6VP-4X\/50\/100\/200\/315<\/td><td class=\"column-6\">DGMC-3-PT\/P\/A\/B\/C\/G-W<\/td>\n<\/tr>\n<tr class=\"row-5\">\n\t<td class=\"column-3\"><span style=\"color:#000000;\"><strong>012<\/strong><\/span><span style=\"color:#000000;\">\/50\/100\/210\/350<\/span><\/td><td class=\"column-4\">-<\/td><td class=\"column-5\">ZDB6VC2-4X\/50\/100\/200\/315<\/td><td class=\"column-6\">DGMC2-3-AT*W-BT-*-W<\/td>\n<\/tr>\n<tr class=\"row-6\">\n\t<td class=\"column-3\"><span style=\"color:#000000;\"><strong>013<\/strong><\/span><span style=\"color:#000000;\">\/50\/100\/210\/350<\/span><\/td><td class=\"column-4\">-<\/td><td class=\"column-5\">ZDB6VA2-4X\/50\/100\/200\/315<\/td><td class=\"column-6\">DGMC-3-AT\/P\/A\/B\/C\/G-W<\/td>\n<\/tr>\n<tr class=\"row-7\">\n\t<td class=\"column-3\"><span style=\"color:#000000;\"><strong>014<\/strong><\/span><span style=\"color:#000000;\">\/50\/100\/210\/350<\/span><\/td><td class=\"column-4\">-<\/td><td class=\"column-5\">ZDB6VB2-4X\/50\/100\/200\/350<\/td><td class=\"column-6\">DGMC-3-BT\/P\/A\/B\/C\/G-W<\/td>\n<\/tr>\n<tr class=\"row-8\">\n\t<td class=\"column-3\"><span style=\"color:#000000;\"><strong>015<\/strong><\/span><span style=\"color:#000000;\">\/50\/100\/210\/350<\/span><\/td><td class=\"column-4\">0 811 109 023\/024<\/td><td class=\"column-5\">ZDB6VD2-4X\/50\/100\/200\/315<\/td><td class=\"column-6\">DGMC2-3-AB*W-BA*W<\/td>\n<\/tr>\n<tr class=\"row-9\">\n\t<td rowspan=\"5\" class=\"column-1\">D120<\/td><td rowspan=\"5\" class=\"column-2\">KM<\/td><td class=\"column-3\"><span style=\"color:#000000;\"><strong>011<\/strong><\/span><span style=\"color:#000000;\">\/50\/100\/210\/350<\/span><\/td><td class=\"column-4\">0 811 101 210\/211\/212<\/td><td class=\"column-5\">ZDB6VP2-4X\/50\/100\/200\/315<\/td><td class=\"column-6\">DGMC-5-PT\/A\/B\/F\/G-W<\/td>\n<\/tr>\n<tr class=\"row-10\">\n\t<td class=\"column-3\"><span style=\"color:#000000;\"><strong>012<\/strong><\/span><span style=\"color:#000000;\">\/50\/100\/210\/350<\/span><\/td><td class=\"column-4\">0 811 101 265\/266\/267<\/td><td class=\"column-5\">ZDB6VC2-4X\/50\/100\/200\/315<\/td><td class=\"column-6\">DGMC2-5-AT*W-BT*W<\/td>\n<\/tr>\n<tr class=\"row-11\">\n\t<td class=\"column-3\"><span style=\"color:#000000;\"><strong>013<\/strong><\/span><span style=\"color:#000000;\">\/50\/100\/210\/350<\/span><\/td><td class=\"column-4\">0 811 101 255\/256\/257<\/td><td class=\"column-5\">ZDB6VA2-4X\/50\/100\/200\/315<\/td><td class=\"column-6\">DGCM-5-AT\/A\/B\/F\/G-W<\/td>\n<\/tr>\n<tr class=\"row-12\">\n\t<td class=\"column-3\"><span style=\"color:#000000;\"><strong>014<\/strong><\/span><span style=\"color:#000000;\">\/50\/100\/210\/350<\/span><\/td><td class=\"column-4\">0 811 101 260\/261\/262<\/td><td class=\"column-5\">ZDB6VB2-4X\/50\/100\/200\/315<\/td><td class=\"column-6\">DGCM-5-BT\/A\/B\/F\/G-W<\/td>\n<\/tr>\n<tr class=\"row-13\">\n\t<td class=\"column-3\"><span style=\"color:#000000;\"><strong>015<\/strong><\/span><span style=\"color:#000000;\">\/50\/100\/210\/350<\/span><\/td><td class=\"column-4\">0 811 101 270\/271\/272<\/td><td class=\"column-5\">ZDB6VD2-4X\/50\/100\/200\/315<\/td><td class=\"column-6\">DGMC2-5-AB*W-BA*W<\/td>\n<\/tr>\n<tr class=\"row-14\">\n\t<td rowspan=\"5\" class=\"column-1\">D120<\/td><td rowspan=\"5\" class=\"column-2\">HMP<\/td><td class=\"column-3\"><span style=\"color:#000000;\"><strong>011<\/strong><\/span><span style=\"color:#000000;\">\/50\/100\/210\/350<\/span><\/td><td class=\"column-4\">0 811 109\/*\/131\/132\/133<\/td><td class=\"column-5\">-<\/td><td class=\"column-6\">-<\/td>\n<\/tr>\n<tr class=\"row-15\">\n\t<td class=\"column-3\"><span style=\"color:#000000;\"><strong>012<\/strong><\/span><span style=\"color:#000000;\">\/50\/100\/210\/350<\/span><\/td><td class=\"column-4\">0 811 109\/*\/143\/144\/145<\/td><td class=\"column-5\">-<\/td><td class=\"column-6\">-<\/td>\n<\/tr>\n<tr class=\"row-16\">\n\t<td class=\"column-3\"><span style=\"color:#000000;\"><strong>013<\/strong><\/span><span style=\"color:#000000;\">\/50\/100\/210\/350<\/span><\/td><td class=\"column-4\">0 811 109\/*\/135\/136\/137<\/td><td class=\"column-5\">-<\/td><td class=\"column-6\">-<\/td>\n<\/tr>\n<tr class=\"row-17\">\n\t<td class=\"column-3\"><span style=\"color:#000000;\"><strong>014<\/strong><\/span><span style=\"color:#000000;\">\/50\/100\/210\/350<\/span><\/td><td class=\"column-4\">0 811 109\/*\/139\/140\/141<\/td><td class=\"column-5\">-<\/td><td class=\"column-6\">-<\/td>\n<\/tr>\n<tr class=\"row-18\">\n\t<td class=\"column-3\"><span style=\"color:#000000;\"><strong>015<\/strong><\/span><span style=\"color:#000000;\">\/50\/100\/210\/350<\/span><\/td><td class=\"column-4\">0 811 109\/*\/147\/148\/149<\/td><td class=\"column-5\">-<\/td><td class=\"column-6\">-<\/td>\n<\/tr>\n<tr class=\"row-19\">\n\t<td class=\"column-1\"><\/td><td class=\"column-2\"><\/td><td class=\"column-3\"><\/td><td class=\"column-4\"><\/td><td class=\"column-5\"><\/td><td class=\"column-6\"><\/td>\n<\/tr>\n<\/tbody>\n<\/table>\n<!-- #tablepress-10 from cache -->\n<\/div>\n<p id=\"relacionados\" style=\"margin: 0px; padding: 100px 0px 0px; float: left; width: 890px; color: #4f4f4f; font-family: 'Trebuchet MS', Arial, Helvetica, sans-serif; font-size: 12px;\">\n","protected":false},"excerpt":{"rendered":"<p>A V\u00e1lvula Modular de Al\u00edvio e Seguran\u00e7a ACT MRV tem duas fun\u00e7\u00f5es: limitar a press\u00e3o de um circuito e proteger o sistema contra sobrecarga.<\/p>\n","protected":false},"featured_media":6992,"template":"","meta":[],"product_brand":[],"product_cat":[74,58],"product_tag":[],"class_list":{"0":"post-3380","1":"product","2":"type-product","3":"status-publish","4":"has-post-thumbnail","6":"product_cat-modulares-reguladora-de-pressao-alivio","7":"product_cat-valvulas-modulares","9":"first","10":"instock","11":"virtual","12":"product-type-simple"},"yoast_head":"<!-- This site is optimized with the Yoast SEO plugin v27.5 - https:\/\/yoast.com\/product\/yoast-seo-wordpress\/ -->\n<title>V\u00e1lvula Modular Reguladora de Press\u00e3o tipo Al\u00edvio ACT MRV - ACT Sistemas Hidr\u00e1ulicos<\/title>\n<meta name=\"description\" content=\"A V\u00e1lvula Modular de Al\u00edvio e Seguran\u00e7a ACT MRV tem duas fun\u00e7\u00f5es: limitar a press\u00e3o de um circuito e proteger o sistema contra sobrecarga.\" \/>\n<meta name=\"robots\" content=\"index, follow, max-snippet:-1, max-image-preview:large, max-video-preview:-1\" \/>\n<link rel=\"canonical\" href=\"https:\/\/actbr.com.br\/es\/producto\/valvula-modular-reguladora-de-pressao-tipo-alivio-act-mrv\/\" \/>\n<meta property=\"og:locale\" content=\"es_ES\" \/>\n<meta property=\"og:type\" content=\"article\" \/>\n<meta property=\"og:title\" content=\"V\u00e1lvula Modular Reguladora de Press\u00e3o tipo Al\u00edvio ACT MRV - ACT Sistemas Hidr\u00e1ulicos\" \/>\n<meta property=\"og:description\" content=\"A V\u00e1lvula Modular de Al\u00edvio e Seguran\u00e7a ACT MRV tem duas fun\u00e7\u00f5es: limitar a press\u00e3o de um circuito e proteger o sistema contra sobrecarga.\" \/>\n<meta property=\"og:url\" content=\"https:\/\/actbr.com.br\/es\/producto\/valvula-modular-reguladora-de-pressao-tipo-alivio-act-mrv\/\" \/>\n<meta property=\"og:site_name\" content=\"ACT Sistemas Hidr\u00e1ulicos\" \/>\n<meta property=\"article:modified_time\" content=\"2023-10-19T16:58:51+00:00\" \/>\n<meta property=\"og:image\" content=\"https:\/\/actbr.com.br\/wp-content\/uploads\/2020\/09\/Valvulas-Modulares-ACT-Alivio-MRV.jpg\" \/>\n\t<meta property=\"og:image:width\" content=\"665\" \/>\n\t<meta property=\"og:image:height\" content=\"555\" \/>\n\t<meta property=\"og:image:type\" content=\"image\/jpeg\" \/>\n<meta name=\"twitter:card\" content=\"summary_large_image\" \/>\n<meta name=\"twitter:label1\" content=\"Tiempo de lectura\" \/>\n\t<meta name=\"twitter:data1\" content=\"2 minutos\" \/>\n<script type=\"application\/ld+json\" class=\"yoast-schema-graph\">{\"@context\":\"https:\\\/\\\/schema.org\",\"@graph\":[{\"@type\":\"WebPage\",\"@id\":\"https:\\\/\\\/actbr.com.br\\\/es\\\/producto\\\/valvula-modular-reguladora-de-pressao-tipo-alivio-act-mrv\\\/\",\"url\":\"https:\\\/\\\/actbr.com.br\\\/es\\\/producto\\\/valvula-modular-reguladora-de-pressao-tipo-alivio-act-mrv\\\/\",\"name\":\"V\u00e1lvula Modular Reguladora de Press\u00e3o tipo Al\u00edvio ACT MRV - ACT Sistemas Hidr\u00e1ulicos\",\"isPartOf\":{\"@id\":\"https:\\\/\\\/actbr.com.br\\\/es\\\/#website\"},\"primaryImageOfPage\":{\"@id\":\"https:\\\/\\\/actbr.com.br\\\/es\\\/producto\\\/valvula-modular-reguladora-de-pressao-tipo-alivio-act-mrv\\\/#primaryimage\"},\"image\":{\"@id\":\"https:\\\/\\\/actbr.com.br\\\/es\\\/producto\\\/valvula-modular-reguladora-de-pressao-tipo-alivio-act-mrv\\\/#primaryimage\"},\"thumbnailUrl\":\"https:\\\/\\\/actbr.com.br\\\/wp-content\\\/uploads\\\/2020\\\/09\\\/Valvulas-Modulares-ACT-Alivio-MRV.jpg\",\"datePublished\":\"2020-09-29T15:38:10+00:00\",\"dateModified\":\"2023-10-19T16:58:51+00:00\",\"description\":\"A V\u00e1lvula Modular de Al\u00edvio e Seguran\u00e7a ACT MRV tem duas fun\u00e7\u00f5es: limitar a press\u00e3o de um circuito e proteger o sistema contra sobrecarga.\",\"breadcrumb\":{\"@id\":\"https:\\\/\\\/actbr.com.br\\\/es\\\/producto\\\/valvula-modular-reguladora-de-pressao-tipo-alivio-act-mrv\\\/#breadcrumb\"},\"inLanguage\":\"es\",\"potentialAction\":[{\"@type\":\"ReadAction\",\"target\":[\"https:\\\/\\\/actbr.com.br\\\/es\\\/producto\\\/valvula-modular-reguladora-de-pressao-tipo-alivio-act-mrv\\\/\"]}]},{\"@type\":\"ImageObject\",\"inLanguage\":\"es\",\"@id\":\"https:\\\/\\\/actbr.com.br\\\/es\\\/producto\\\/valvula-modular-reguladora-de-pressao-tipo-alivio-act-mrv\\\/#primaryimage\",\"url\":\"https:\\\/\\\/actbr.com.br\\\/wp-content\\\/uploads\\\/2020\\\/09\\\/Valvulas-Modulares-ACT-Alivio-MRV.jpg\",\"contentUrl\":\"https:\\\/\\\/actbr.com.br\\\/wp-content\\\/uploads\\\/2020\\\/09\\\/Valvulas-Modulares-ACT-Alivio-MRV.jpg\",\"width\":665,\"height\":555,\"caption\":\"V\u00e1lvula Modular Al\u00edvio - ACT MRV\"},{\"@type\":\"BreadcrumbList\",\"@id\":\"https:\\\/\\\/actbr.com.br\\\/es\\\/producto\\\/valvula-modular-reguladora-de-pressao-tipo-alivio-act-mrv\\\/#breadcrumb\",\"itemListElement\":[{\"@type\":\"ListItem\",\"position\":1,\"name\":\"Comenzar\",\"item\":\"https:\\\/\\\/actbr.com.br\\\/es\\\/\"},{\"@type\":\"ListItem\",\"position\":2,\"name\":\"Produtos\",\"item\":\"https:\\\/\\\/actbr.com.br\\\/produtos-act\\\/\"},{\"@type\":\"ListItem\",\"position\":3,\"name\":\"V\u00e1lvulas Modulares\",\"item\":\"https:\\\/\\\/actbr.com.br\\\/es\\\/categoria-produto\\\/valvulas-modulares\\\/\"},{\"@type\":\"ListItem\",\"position\":4,\"name\":\"Reguladora de Press\u00e3o - Al\u00edvio\",\"item\":\"https:\\\/\\\/actbr.com.br\\\/es\\\/categoria-produto\\\/valvulas-modulares\\\/modulares-reguladora-de-pressao-alivio\\\/\"},{\"@type\":\"ListItem\",\"position\":5,\"name\":\"V\u00e1lvula Modular Reguladora de Press\u00e3o tipo Al\u00edvio ACT MRV\"}]},{\"@type\":\"WebSite\",\"@id\":\"https:\\\/\\\/actbr.com.br\\\/es\\\/#website\",\"url\":\"https:\\\/\\\/actbr.com.br\\\/es\\\/\",\"name\":\"ACT Sistemas Hidr\u00e1ulicos\",\"description\":\"Fabricaci\u00f3n y mantenimiento de componentes de aceite hidr\u00e1ulico\",\"publisher\":{\"@id\":\"https:\\\/\\\/actbr.com.br\\\/es\\\/#organization\"},\"potentialAction\":[{\"@type\":\"SearchAction\",\"target\":{\"@type\":\"EntryPoint\",\"urlTemplate\":\"https:\\\/\\\/actbr.com.br\\\/es\\\/?s={search_term_string}\"},\"query-input\":{\"@type\":\"PropertyValueSpecification\",\"valueRequired\":true,\"valueName\":\"search_term_string\"}}],\"inLanguage\":\"es\"},{\"@type\":\"Organization\",\"@id\":\"https:\\\/\\\/actbr.com.br\\\/es\\\/#organization\",\"name\":\"ACT Sistemas Hidr\u00e1ulicos\",\"url\":\"https:\\\/\\\/actbr.com.br\\\/es\\\/\",\"logo\":{\"@type\":\"ImageObject\",\"inLanguage\":\"es\",\"@id\":\"https:\\\/\\\/actbr.com.br\\\/es\\\/#\\\/schema\\\/logo\\\/image\\\/\",\"url\":\"https:\\\/\\\/actbr.com.br\\\/wp-content\\\/uploads\\\/2025\\\/02\\\/cropped-ACT_NEGATIVO-marca-dagua.png\",\"contentUrl\":\"https:\\\/\\\/actbr.com.br\\\/wp-content\\\/uploads\\\/2025\\\/02\\\/cropped-ACT_NEGATIVO-marca-dagua.png\",\"width\":240,\"height\":146,\"caption\":\"ACT Sistemas Hidr\u00e1ulicos\"},\"image\":{\"@id\":\"https:\\\/\\\/actbr.com.br\\\/es\\\/#\\\/schema\\\/logo\\\/image\\\/\"}}]}<\/script>\n<!-- \/ Yoast SEO plugin. -->","yoast_head_json":{"title":"V\u00e1lvula Modular Reguladora de Press\u00e3o tipo Al\u00edvio ACT MRV - ACT Sistemas Hidr\u00e1ulicos","description":"A V\u00e1lvula Modular de Al\u00edvio e Seguran\u00e7a ACT MRV tem duas fun\u00e7\u00f5es: limitar a press\u00e3o de um circuito e proteger o sistema contra sobrecarga.","robots":{"index":"index","follow":"follow","max-snippet":"max-snippet:-1","max-image-preview":"max-image-preview:large","max-video-preview":"max-video-preview:-1"},"canonical":"https:\/\/actbr.com.br\/es\/producto\/valvula-modular-reguladora-de-pressao-tipo-alivio-act-mrv\/","og_locale":"es_ES","og_type":"article","og_title":"V\u00e1lvula Modular Reguladora de Press\u00e3o tipo Al\u00edvio ACT MRV - ACT Sistemas Hidr\u00e1ulicos","og_description":"A V\u00e1lvula Modular de Al\u00edvio e Seguran\u00e7a ACT MRV tem duas fun\u00e7\u00f5es: limitar a press\u00e3o de um circuito e proteger o sistema contra sobrecarga.","og_url":"https:\/\/actbr.com.br\/es\/producto\/valvula-modular-reguladora-de-pressao-tipo-alivio-act-mrv\/","og_site_name":"ACT Sistemas Hidr\u00e1ulicos","article_modified_time":"2023-10-19T16:58:51+00:00","og_image":[{"width":665,"height":555,"url":"https:\/\/actbr.com.br\/wp-content\/uploads\/2020\/09\/Valvulas-Modulares-ACT-Alivio-MRV.jpg","type":"image\/jpeg"}],"twitter_card":"summary_large_image","twitter_misc":{"Tiempo de lectura":"2 minutos"},"schema":{"@context":"https:\/\/schema.org","@graph":[{"@type":"WebPage","@id":"https:\/\/actbr.com.br\/es\/producto\/valvula-modular-reguladora-de-pressao-tipo-alivio-act-mrv\/","url":"https:\/\/actbr.com.br\/es\/producto\/valvula-modular-reguladora-de-pressao-tipo-alivio-act-mrv\/","name":"V\u00e1lvula Modular Reguladora de Press\u00e3o tipo Al\u00edvio ACT MRV - ACT Sistemas Hidr\u00e1ulicos","isPartOf":{"@id":"https:\/\/actbr.com.br\/es\/#website"},"primaryImageOfPage":{"@id":"https:\/\/actbr.com.br\/es\/producto\/valvula-modular-reguladora-de-pressao-tipo-alivio-act-mrv\/#primaryimage"},"image":{"@id":"https:\/\/actbr.com.br\/es\/producto\/valvula-modular-reguladora-de-pressao-tipo-alivio-act-mrv\/#primaryimage"},"thumbnailUrl":"https:\/\/actbr.com.br\/wp-content\/uploads\/2020\/09\/Valvulas-Modulares-ACT-Alivio-MRV.jpg","datePublished":"2020-09-29T15:38:10+00:00","dateModified":"2023-10-19T16:58:51+00:00","description":"A V\u00e1lvula Modular de Al\u00edvio e Seguran\u00e7a ACT MRV tem duas fun\u00e7\u00f5es: limitar a press\u00e3o de um circuito e proteger o sistema contra sobrecarga.","breadcrumb":{"@id":"https:\/\/actbr.com.br\/es\/producto\/valvula-modular-reguladora-de-pressao-tipo-alivio-act-mrv\/#breadcrumb"},"inLanguage":"es","potentialAction":[{"@type":"ReadAction","target":["https:\/\/actbr.com.br\/es\/producto\/valvula-modular-reguladora-de-pressao-tipo-alivio-act-mrv\/"]}]},{"@type":"ImageObject","inLanguage":"es","@id":"https:\/\/actbr.com.br\/es\/producto\/valvula-modular-reguladora-de-pressao-tipo-alivio-act-mrv\/#primaryimage","url":"https:\/\/actbr.com.br\/wp-content\/uploads\/2020\/09\/Valvulas-Modulares-ACT-Alivio-MRV.jpg","contentUrl":"https:\/\/actbr.com.br\/wp-content\/uploads\/2020\/09\/Valvulas-Modulares-ACT-Alivio-MRV.jpg","width":665,"height":555,"caption":"V\u00e1lvula Modular Al\u00edvio - ACT MRV"},{"@type":"BreadcrumbList","@id":"https:\/\/actbr.com.br\/es\/producto\/valvula-modular-reguladora-de-pressao-tipo-alivio-act-mrv\/#breadcrumb","itemListElement":[{"@type":"ListItem","position":1,"name":"Comenzar","item":"https:\/\/actbr.com.br\/es\/"},{"@type":"ListItem","position":2,"name":"Produtos","item":"https:\/\/actbr.com.br\/produtos-act\/"},{"@type":"ListItem","position":3,"name":"V\u00e1lvulas Modulares","item":"https:\/\/actbr.com.br\/es\/categoria-produto\/valvulas-modulares\/"},{"@type":"ListItem","position":4,"name":"Reguladora de Press\u00e3o - Al\u00edvio","item":"https:\/\/actbr.com.br\/es\/categoria-produto\/valvulas-modulares\/modulares-reguladora-de-pressao-alivio\/"},{"@type":"ListItem","position":5,"name":"V\u00e1lvula Modular Reguladora de Press\u00e3o tipo Al\u00edvio ACT MRV"}]},{"@type":"WebSite","@id":"https:\/\/actbr.com.br\/es\/#website","url":"https:\/\/actbr.com.br\/es\/","name":"ACT Sistemas Hidr\u00e1ulicos","description":"Fabricaci\u00f3n y mantenimiento de componentes de aceite hidr\u00e1ulico","publisher":{"@id":"https:\/\/actbr.com.br\/es\/#organization"},"potentialAction":[{"@type":"SearchAction","target":{"@type":"EntryPoint","urlTemplate":"https:\/\/actbr.com.br\/es\/?s={search_term_string}"},"query-input":{"@type":"PropertyValueSpecification","valueRequired":true,"valueName":"search_term_string"}}],"inLanguage":"es"},{"@type":"Organization","@id":"https:\/\/actbr.com.br\/es\/#organization","name":"ACT Sistemas Hidr\u00e1ulicos","url":"https:\/\/actbr.com.br\/es\/","logo":{"@type":"ImageObject","inLanguage":"es","@id":"https:\/\/actbr.com.br\/es\/#\/schema\/logo\/image\/","url":"https:\/\/actbr.com.br\/wp-content\/uploads\/2025\/02\/cropped-ACT_NEGATIVO-marca-dagua.png","contentUrl":"https:\/\/actbr.com.br\/wp-content\/uploads\/2025\/02\/cropped-ACT_NEGATIVO-marca-dagua.png","width":240,"height":146,"caption":"ACT Sistemas Hidr\u00e1ulicos"},"image":{"@id":"https:\/\/actbr.com.br\/es\/#\/schema\/logo\/image\/"}}]}},"_links":{"self":[{"href":"https:\/\/actbr.com.br\/es\/wp-json\/wp\/v2\/product\/3380","targetHints":{"allow":["GET"]}}],"collection":[{"href":"https:\/\/actbr.com.br\/es\/wp-json\/wp\/v2\/product"}],"about":[{"href":"https:\/\/actbr.com.br\/es\/wp-json\/wp\/v2\/types\/product"}],"wp:featuredmedia":[{"embeddable":true,"href":"https:\/\/actbr.com.br\/es\/wp-json\/wp\/v2\/media\/6992"}],"wp:attachment":[{"href":"https:\/\/actbr.com.br\/es\/wp-json\/wp\/v2\/media?parent=3380"}],"wp:term":[{"taxonomy":"product_brand","embeddable":true,"href":"https:\/\/actbr.com.br\/es\/wp-json\/wp\/v2\/product_brand?post=3380"},{"taxonomy":"product_cat","embeddable":true,"href":"https:\/\/actbr.com.br\/es\/wp-json\/wp\/v2\/product_cat?post=3380"},{"taxonomy":"product_tag","embeddable":true,"href":"https:\/\/actbr.com.br\/es\/wp-json\/wp\/v2\/product_tag?post=3380"}],"curies":[{"name":"wp","href":"https:\/\/api.w.org\/{rel}","templated":true}]}}