{"id":3431,"date":"2020-09-29T12:39:28","date_gmt":"2020-09-29T15:39:28","guid":{"rendered":"https:\/\/actbr.com.br\/produto\/valvula-eletro-hidraulica-pilotada-atos-dphi-6-dphe-6\/"},"modified":"2023-10-25T10:21:03","modified_gmt":"2023-10-25T13:21:03","slug":"dphi-6-dphe-6","status":"publish","type":"product","link":"https:\/\/actbr.com.br\/es\/producto\/dphi-6-dphe-6\/","title":{"rendered":"DPHI-6 \/ DPHE-6"},"content":{"rendered":"<div id=\"detalhes\">\n<p><strong>V\u00e1lvula Eletro Hidr\u00e1ulica Pilotada ATOS DPHI-6 \/ DPHE-6<\/strong><\/p>\n<p>A V\u00e1lvula Eletro Hidr\u00e1ulica Pilotada ATOS DPHI-6 \/ DPHE-6 \u00e9 uma v\u00e1lvula direcional pilotada tipo carretel, pilotada por v\u00e1lvula solenoide tipo DHI, DHU ou DHE.<\/p>\n<p>Sua superf\u00edcie de montagem segue conforme a norma ISO 4401, dispon\u00edvel nos tamanhos 10,16,25,32 e m\u00e1ximas vaz\u00f5es de 160, 300, 700 e 1000 litros por minuto respectivamente e resistentes a press\u00f5es de at\u00e9 350 bar. Os modelos dispon\u00edveis Atos s\u00e3o DPHI \/ DPHU (saindo de linha) e o novo modelo DPHE.<\/p>\n<p>&nbsp;<\/p>\n<p><strong>Como solicitar:<\/strong><\/p>\n<p><img decoding=\"async\" src=\"https:\/\/actbr.com.br\/wp-content\/uploads\/2020\/09\/dphi-atos-geral.jpg\" alt=\"\" \/><\/p>\n<p><img decoding=\"async\" src=\"https:\/\/actbr.com.br\/wp-content\/uploads\/2020\/09\/dphi-6-atos.jpg\" alt=\"\" \/><\/p>\n<p>&nbsp;<\/p>\n<p>Simples Solenoide:<br \/>\nDPHI-6610 \/ DPHI-6611 \/ DPHI-6613\/ DPHI-6614\/ DPHI-6630\/2 \/ DPHI-6631\/2 \/ DPHI-6632\/2<\/p>\n<p>V\u00e1lvula hidr\u00e1ulica solenoide ATOS com duas posi\u00e7\u00f5es e quatro vias, com vaz\u00e3o m\u00e1xima de 1000 litros por minuto e resiste press\u00f5es de at\u00e9 350 bar.\u00a0Acompanhadas das bobinas Atos SP-COU e SP-COI, podem ser configuradas com diferentes voltagens em corrente alternada ou cont\u00ednua.<\/p>\n<p>Comumente acompanhadas pelas bobinas:<br \/>\nCorrente cont\u00ednua: SP-COU-6DC; SP-COU-12DC; SP-COU-14DC; SP-COU-24DC; SP-COU-28DC; SP-COU-110DC; SP-COU-125DC; SP-COU-220DC ATOS.<br \/>\nCorrente alternada: SP-COI-24\/50\/60AC; SP-COI-48\/50\/60AC; SP-COI-110\/50\/60AC; SP-COI-120\/60AC; SP-COI-110\/50\/60AC; SP-COI-230\/60AC; SP-COI-230\/50\/60AC; ATOS.<\/p>\n<p>&nbsp;<\/p>\n<p>Duplo solenoide:<br \/>\nDPHI-6710 \/ DPHI-6711 \/ DPHI-6713 \/ DPHI-6714 \/ DPHI-6715 \/ DPHI-6716 \/ DPHI-6717 \/ DPHI-6718 \/ DPHI-6751\/2<\/p>\n<p>V\u00e1lvula hidr\u00e1ulica solenoide ATOS com tr\u00eas posi\u00e7\u00f5es e quatro vias, com vaz\u00e3o m\u00e1xima de 1000 litros por minuto e resiste a press\u00f5es de at\u00e9 350 bar.\u00a0Acompanhadas das bobinas Atos SP-COU e SP-COI, podem ser configuradas com diferentes voltagens em corrente alternada ou cont\u00ednua.<\/p>\n<p>Comumente acompanhadas pelas bobinas:<br \/>\nCorrente cont\u00ednua: SP-COU-6DC; SP-COU-12DC; SP-COU-14DC; SP-COU-24DC; SP-COU-28DC; SP-COU-110DC; SP-COU-125DC; SP-COU-220DC ATOS.<br \/>\nCorrente alternada: SP-COI-24\/50\/60AC; SP-COI-48\/50\/60AC; SP-COI-110\/50\/60AC; SP-COI-120\/60AC; SP-COI-110\/50\/60AC; SP-COI-230\/60AC; SP-COI-230\/50\/60AC; ATOS.<\/p>\n<p>&nbsp;<\/p>\n<p>Simples solenoide:<br \/>\nDPHE-6610 \/ DPHE-6611 \/ DPHE-6613 \/ DPHE-6614 \/ DPHE-6630\/2 \/ DPHE-6631\/2 \/ DPHE-6632\/2<\/p>\n<p>V\u00e1lvula hidr\u00e1ulica solenoide ATOS com duas posi\u00e7\u00f5es e quatro vias, com vaz\u00e3o m\u00e1xima de 1000 litros por minuto e resistente a press\u00f5es de at\u00e9 350 bar. Possui alta performance de trabalho.\u00a0Acompanhadas das bobinas Atos modelo SP-COE, podem ser configuradas com diferentes voltagens em corrente alternada ou cont\u00ednua.<\/p>\n<p>Comumente acompanhadas pelas bobinas:<br \/>\nCorrente cont\u00ednua: SP-COE-12DC; SP-COE-14DC; SP-COE-24DC; SP-COE-28DC; SP-COE-110DC; SP-COE-125DC; SP-COE-220DC ATOS.<br \/>\nCorrente alternada: SP-COE-110\/50\/60AC SP-COE-115\/60AC; SP-COE-230\/60AC; SP-COE-230\/50\/60AC\u00a0 ATOS.<\/p>\n<p>&nbsp;<\/p>\n<p>Duplo solenoide:<br \/>\nDPHE-6710 \/ DPHE-6711 \/ DPHE-6713 \/ DPHE-6714 \/ DPHE-6715 \/ DPHE-6716 \/ DPHE-6717 \/ DPHE-6718 \/ DPHE-6751\/2<\/p>\n<p>V\u00e1lvula hidr\u00e1ulica solenoide ATOS com tr\u00eas posi\u00e7\u00f5es e quatro vias, com vaz\u00e3o m\u00e1xima de 1000 litros por minuto e resistente a press\u00f5es de at\u00e9 350 bar. Possui alta performance de trabalho.\u00a0Acompanhadas das bobinas Atos modelo SP-COE, podem ser configuradas com diferentes voltagens em corrente alternada ou cont\u00ednua.<\/p>\n<p>Comumente acompanhadas pelas bobinas:<br \/>\nCorrente cont\u00ednua: SP-COE-12DC; SP-COE-14DC; SP-COE-24DC; SP-COE-28DC; SP-COE-110DC; SP-COE-125DC; SP-COE-220DC ATOS.<br \/>\nCorrente alternada: SP-COE-110\/50\/60AC SP-COE-115\/60AC; S-230\/60AC; SP-COE-230\/50\/60AC\u00a0 ATOS.<\/p>\n<p>&nbsp;<\/p>\n<p>P-COE<\/p>\n<\/div>\n\n<table id=\"tablepress-1\" class=\"tablepress tablepress-id-1 tbody-has-connected-cells\">\n<thead>\n<tr class=\"row-1\">\n\t<th colspan=\"6\" class=\"column-1\"><strong>V\u00e1lvulas de controle direcionais<\/strong><\/th>\n<\/tr>\n<\/thead>\n<tbody class=\"row-striping row-hover\">\n<tr class=\"row-2\">\n\t<td class=\"column-1\"><\/td><td class=\"column-2\"><\/td><td class=\"column-3\"><\/td><td class=\"column-4\"><\/td><td class=\"column-5\"><\/td><td class=\"column-6\"><\/td>\n<\/tr>\n<tr class=\"row-3\">\n\t<td colspan=\"2\" class=\"column-1\"><strong>ATOS<\/strong><\/td><td colspan=\"2\" class=\"column-3\"><strong>BOSCH<\/strong><\/td><td rowspan=\"2\" class=\"column-5\"><strong>ACT<\/strong><\/td><td rowspan=\"2\" class=\"column-6\"><strong>VICKERS<\/strong><\/td>\n<\/tr>\n<tr class=\"row-4\">\n\t<td colspan=\"2\" class=\"column-1\">C\u00d3DIGO DO MODELO<\/td><td class=\"column-3\">24DC<\/td><td class=\"column-4\">230\/50 AC<\/td>\n<\/tr>\n<tr class=\"row-5\">\n\t<td rowspan=\"17\" class=\"column-1\"> DPHE      DPHI         DPHL <\/td><td class=\"column-2\">2630\/2<\/td><td class=\"column-3\">0 810 050 120<\/td><td class=\"column-4\">-<\/td><td class=\"column-5\">4WEH16C <\/td><td class=\"column-6\">DG5V-7-0A<\/td>\n<\/tr>\n<tr class=\"row-6\">\n\t<td class=\"column-2\">2631\/2<\/td><td class=\"column-3\">0 810 050 121<\/td><td class=\"column-4\">  -<\/td><td class=\"column-5\">4WEH16D <\/td><td class=\"column-6\">DG5V-7-2A<\/td>\n<\/tr>\n<tr class=\"row-7\">\n\t<td class=\"column-2\">2610<\/td><td class=\"column-3\">-<\/td><td class=\"column-4\">  -<\/td><td class=\"column-5\">4WEH16HA <\/td><td class=\"column-6\">DG5V-7-0B<\/td>\n<\/tr>\n<tr class=\"row-8\">\n\t<td class=\"column-2\">2611<\/td><td class=\"column-3\">0 810 050 136<\/td><td class=\"column-4\">0 810 050 144<\/td><td class=\"column-5\">4WEH16EA <\/td><td class=\"column-6\">DG5V-7-2B<\/td>\n<\/tr>\n<tr class=\"row-9\">\n\t<td class=\"column-2\">2613<\/td><td class=\"column-3\">-<\/td><td class=\"column-4\">  -<\/td><td class=\"column-5\">4WEH16JA <\/td><td class=\"column-6\">DG5V-7-6B<\/td>\n<\/tr>\n<tr class=\"row-10\">\n\t<td class=\"column-2\">2614<\/td><td class=\"column-3\">-<\/td><td class=\"column-4\">  -<\/td><td class=\"column-5\">4WEH16GA <\/td><td class=\"column-6\">DG5V-7-4BL<\/td>\n<\/tr>\n<tr class=\"row-11\">\n\t<td class=\"column-2\">2710<\/td><td class=\"column-3\">0 810 050 110<\/td><td class=\"column-4\">  -<\/td><td class=\"column-5\">4WEH16H <\/td><td class=\"column-6\">DG5V-7-0C<\/td>\n<\/tr>\n<tr class=\"row-12\">\n\t<td class=\"column-2\">2711<\/td><td class=\"column-3\">0 810 050 113<\/td><td class=\"column-4\">0 810 050 138<\/td><td class=\"column-5\">4WEH16E <\/td><td class=\"column-6\">DG5V-7-2C<\/td>\n<\/tr>\n<tr class=\"row-13\">\n\t<td class=\"column-2\">2713<\/td><td class=\"column-3\">0 810 050 118 <\/td><td class=\"column-4\">0 810 050 140<\/td><td class=\"column-5\">4WEH16J <\/td><td class=\"column-6\">DG5V-7-6C<\/td>\n<\/tr>\n<tr class=\"row-14\">\n\t<td class=\"column-2\">2714<\/td><td class=\"column-3\">0 810 050 116 <\/td><td class=\"column-4\"> 0 810 050 139<\/td><td class=\"column-5\">4WEH16T <\/td><td class=\"column-6\">DG5V-7-4C<\/td>\n<\/tr>\n<tr class=\"row-15\">\n\t<td class=\"column-2\">2715<\/td><td class=\"column-3\">-<\/td><td class=\"column-4\">  -<\/td><td class=\"column-5\">4WEH16F<\/td><td class=\"column-6\">DG5V-7-1C<\/td>\n<\/tr>\n<tr class=\"row-16\">\n\t<td class=\"column-2\">2716<\/td><td class=\"column-3\">0 810 050 130<\/td><td class=\"column-4\">0 810 050 143<\/td><td class=\"column-5\">4WEH16L <\/td><td class=\"column-6\">DG5V-7-3C<\/td>\n<\/tr>\n<tr class=\"row-17\">\n\t<td class=\"column-2\">2717<\/td><td class=\"column-3\">0 810 050 134<\/td><td class=\"column-4\">0 810 010 960<\/td><td class=\"column-5\">4WEH16U <\/td><td class=\"column-6\">DG5V-7-31C<\/td>\n<\/tr>\n<tr class=\"row-18\">\n\t<td class=\"column-2\">2718<\/td><td class=\"column-3\">  -<\/td><td class=\"column-4\">  -<\/td><td class=\"column-5\">4WEH16M <\/td><td class=\"column-6\">  -<\/td>\n<\/tr>\n<tr class=\"row-19\">\n\t<td class=\"column-2\">27119<\/td><td class=\"column-3\">  -<\/td><td class=\"column-4\">  -<\/td><td class=\"column-5\">  -<\/td><td class=\"column-6\">DG5V-7-531C<\/td>\n<\/tr>\n<tr class=\"row-20\">\n\t<td class=\"column-2\">2710\/1<\/td><td class=\"column-3\">  -<\/td><td class=\"column-4\">  -<\/td><td class=\"column-5\">4WEH16V <\/td><td class=\"column-6\">DG5V-7-9C<\/td>\n<\/tr>\n<tr class=\"row-21\">\n\t<td class=\"column-2\">2713\/1<\/td><td class=\"column-3\">0 810 050  125<\/td><td class=\"column-4\">  -<\/td><td class=\"column-5\">4WEH16W <\/td><td class=\"column-6\">DG5V-7-33C<\/td>\n<\/tr>\n<\/tbody>\n<\/table>\n<!-- #tablepress-1 from cache -->\n","protected":false},"excerpt":{"rendered":"<div>A V\u00e1lvula Eletro Hidr\u00e1ulica Pilotada ATOS DPHI-6 \/ DPHE-6 \u00e9 uma v\u00e1lvula direcional pilotada tipo carretel, pilotada por v\u00e1lvula solenoide.<\/div>\n<div class=\"product_meta\"><\/div>\n","protected":false},"featured_media":8161,"template":"","meta":[],"product_brand":[],"product_cat":[78,46],"product_tag":[],"class_list":{"0":"post-3431","1":"product","2":"type-product","3":"status-publish","4":"has-post-thumbnail","6":"product_cat-pilotada","7":"product_cat-valvulas-direcionais","9":"first","10":"instock","11":"virtual","12":"product-type-simple"},"yoast_head":"<!-- This site is optimized with the Yoast SEO plugin v27.5 - https:\/\/yoast.com\/product\/yoast-seo-wordpress\/ -->\n<title>DPHI-6 \/ DPHE-6 - ACT Sistemas Hidr\u00e1ulicos<\/title>\n<meta name=\"description\" content=\"A V\u00e1lvula Eletro Hidr\u00e1ulica Pilotada ATOS DPHI-6 \/ DPHE-6 \u00e9 uma v\u00e1lvula direcional pilotada tipo carretel, pilotada por v\u00e1lvula solenoide.\" \/>\n<meta name=\"robots\" content=\"index, follow, max-snippet:-1, max-image-preview:large, max-video-preview:-1\" \/>\n<link rel=\"canonical\" href=\"https:\/\/actbr.com.br\/es\/producto\/dphi-6-dphe-6\/\" \/>\n<meta property=\"og:locale\" content=\"es_ES\" \/>\n<meta property=\"og:type\" content=\"article\" \/>\n<meta property=\"og:title\" content=\"DPHI-6 \/ DPHE-6 - ACT Sistemas Hidr\u00e1ulicos\" \/>\n<meta property=\"og:description\" content=\"A V\u00e1lvula Eletro Hidr\u00e1ulica Pilotada ATOS DPHI-6 \/ DPHE-6 \u00e9 uma v\u00e1lvula direcional pilotada tipo carretel, pilotada por v\u00e1lvula solenoide.\" \/>\n<meta property=\"og:url\" content=\"https:\/\/actbr.com.br\/es\/producto\/dphi-6-dphe-6\/\" \/>\n<meta property=\"og:site_name\" content=\"ACT Sistemas Hidr\u00e1ulicos\" \/>\n<meta property=\"article:modified_time\" content=\"2023-10-25T13:21:03+00:00\" \/>\n<meta property=\"og:image\" content=\"https:\/\/actbr.com.br\/wp-content\/uploads\/2020\/09\/Valvula-eletro-hidraulica-pilotada-ATOS-\u2013-DPHI-6-DPHE-6.jpg\" \/>\n\t<meta property=\"og:image:width\" content=\"600\" \/>\n\t<meta property=\"og:image:height\" content=\"775\" \/>\n\t<meta property=\"og:image:type\" content=\"image\/jpeg\" \/>\n<meta name=\"twitter:card\" content=\"summary_large_image\" \/>\n<meta name=\"twitter:label1\" content=\"Tiempo de lectura\" \/>\n\t<meta name=\"twitter:data1\" content=\"3 minutos\" \/>\n<script type=\"application\/ld+json\" class=\"yoast-schema-graph\">{\"@context\":\"https:\\\/\\\/schema.org\",\"@graph\":[{\"@type\":\"WebPage\",\"@id\":\"https:\\\/\\\/actbr.com.br\\\/es\\\/producto\\\/dphi-6-dphe-6\\\/\",\"url\":\"https:\\\/\\\/actbr.com.br\\\/es\\\/producto\\\/dphi-6-dphe-6\\\/\",\"name\":\"DPHI-6 \\\/ DPHE-6 - ACT Sistemas Hidr\u00e1ulicos\",\"isPartOf\":{\"@id\":\"https:\\\/\\\/actbr.com.br\\\/es\\\/#website\"},\"primaryImageOfPage\":{\"@id\":\"https:\\\/\\\/actbr.com.br\\\/es\\\/producto\\\/dphi-6-dphe-6\\\/#primaryimage\"},\"image\":{\"@id\":\"https:\\\/\\\/actbr.com.br\\\/es\\\/producto\\\/dphi-6-dphe-6\\\/#primaryimage\"},\"thumbnailUrl\":\"https:\\\/\\\/actbr.com.br\\\/wp-content\\\/uploads\\\/2020\\\/09\\\/Valvula-eletro-hidraulica-pilotada-ATOS-\u2013-DPHI-6-DPHE-6.jpg\",\"datePublished\":\"2020-09-29T15:39:28+00:00\",\"dateModified\":\"2023-10-25T13:21:03+00:00\",\"description\":\"A V\u00e1lvula Eletro Hidr\u00e1ulica Pilotada ATOS DPHI-6 \\\/ DPHE-6 \u00e9 uma v\u00e1lvula direcional pilotada tipo carretel, pilotada por v\u00e1lvula solenoide.\",\"breadcrumb\":{\"@id\":\"https:\\\/\\\/actbr.com.br\\\/es\\\/producto\\\/dphi-6-dphe-6\\\/#breadcrumb\"},\"inLanguage\":\"es\",\"potentialAction\":[{\"@type\":\"ReadAction\",\"target\":[\"https:\\\/\\\/actbr.com.br\\\/es\\\/producto\\\/dphi-6-dphe-6\\\/\"]}]},{\"@type\":\"ImageObject\",\"inLanguage\":\"es\",\"@id\":\"https:\\\/\\\/actbr.com.br\\\/es\\\/producto\\\/dphi-6-dphe-6\\\/#primaryimage\",\"url\":\"https:\\\/\\\/actbr.com.br\\\/wp-content\\\/uploads\\\/2020\\\/09\\\/Valvula-eletro-hidraulica-pilotada-ATOS-\u2013-DPHI-6-DPHE-6.jpg\",\"contentUrl\":\"https:\\\/\\\/actbr.com.br\\\/wp-content\\\/uploads\\\/2020\\\/09\\\/Valvula-eletro-hidraulica-pilotada-ATOS-\u2013-DPHI-6-DPHE-6.jpg\",\"width\":600,\"height\":775,\"caption\":\"V\u00e1lvula Eletro Hidr\u00e1ulica Pilotada ATOS DPHI-6 DPHE-6\"},{\"@type\":\"BreadcrumbList\",\"@id\":\"https:\\\/\\\/actbr.com.br\\\/es\\\/producto\\\/dphi-6-dphe-6\\\/#breadcrumb\",\"itemListElement\":[{\"@type\":\"ListItem\",\"position\":1,\"name\":\"Comenzar\",\"item\":\"https:\\\/\\\/actbr.com.br\\\/es\\\/\"},{\"@type\":\"ListItem\",\"position\":2,\"name\":\"Produtos\",\"item\":\"https:\\\/\\\/actbr.com.br\\\/produtos-act\\\/\"},{\"@type\":\"ListItem\",\"position\":3,\"name\":\"V\u00e1lvulas Direcionais\",\"item\":\"https:\\\/\\\/actbr.com.br\\\/es\\\/categoria-produto\\\/valvulas-direcionais\\\/\"},{\"@type\":\"ListItem\",\"position\":4,\"name\":\"Direcional Pilotada\",\"item\":\"https:\\\/\\\/actbr.com.br\\\/es\\\/categoria-produto\\\/valvulas-direcionais\\\/pilotada\\\/\"},{\"@type\":\"ListItem\",\"position\":5,\"name\":\"DPHI-6 \\\/ DPHE-6\"}]},{\"@type\":\"WebSite\",\"@id\":\"https:\\\/\\\/actbr.com.br\\\/es\\\/#website\",\"url\":\"https:\\\/\\\/actbr.com.br\\\/es\\\/\",\"name\":\"ACT Sistemas Hidr\u00e1ulicos\",\"description\":\"Fabricaci\u00f3n y mantenimiento de componentes de aceite hidr\u00e1ulico\",\"publisher\":{\"@id\":\"https:\\\/\\\/actbr.com.br\\\/es\\\/#organization\"},\"potentialAction\":[{\"@type\":\"SearchAction\",\"target\":{\"@type\":\"EntryPoint\",\"urlTemplate\":\"https:\\\/\\\/actbr.com.br\\\/es\\\/?s={search_term_string}\"},\"query-input\":{\"@type\":\"PropertyValueSpecification\",\"valueRequired\":true,\"valueName\":\"search_term_string\"}}],\"inLanguage\":\"es\"},{\"@type\":\"Organization\",\"@id\":\"https:\\\/\\\/actbr.com.br\\\/es\\\/#organization\",\"name\":\"ACT Sistemas Hidr\u00e1ulicos\",\"url\":\"https:\\\/\\\/actbr.com.br\\\/es\\\/\",\"logo\":{\"@type\":\"ImageObject\",\"inLanguage\":\"es\",\"@id\":\"https:\\\/\\\/actbr.com.br\\\/es\\\/#\\\/schema\\\/logo\\\/image\\\/\",\"url\":\"https:\\\/\\\/actbr.com.br\\\/wp-content\\\/uploads\\\/2025\\\/02\\\/cropped-ACT_NEGATIVO-marca-dagua.png\",\"contentUrl\":\"https:\\\/\\\/actbr.com.br\\\/wp-content\\\/uploads\\\/2025\\\/02\\\/cropped-ACT_NEGATIVO-marca-dagua.png\",\"width\":240,\"height\":146,\"caption\":\"ACT Sistemas Hidr\u00e1ulicos\"},\"image\":{\"@id\":\"https:\\\/\\\/actbr.com.br\\\/es\\\/#\\\/schema\\\/logo\\\/image\\\/\"}}]}<\/script>\n<!-- \/ Yoast SEO plugin. -->","yoast_head_json":{"title":"DPHI-6 \/ DPHE-6 - ACT Sistemas Hidr\u00e1ulicos","description":"A V\u00e1lvula Eletro Hidr\u00e1ulica Pilotada ATOS DPHI-6 \/ DPHE-6 \u00e9 uma v\u00e1lvula direcional pilotada tipo carretel, pilotada por v\u00e1lvula solenoide.","robots":{"index":"index","follow":"follow","max-snippet":"max-snippet:-1","max-image-preview":"max-image-preview:large","max-video-preview":"max-video-preview:-1"},"canonical":"https:\/\/actbr.com.br\/es\/producto\/dphi-6-dphe-6\/","og_locale":"es_ES","og_type":"article","og_title":"DPHI-6 \/ DPHE-6 - ACT Sistemas Hidr\u00e1ulicos","og_description":"A V\u00e1lvula Eletro Hidr\u00e1ulica Pilotada ATOS DPHI-6 \/ DPHE-6 \u00e9 uma v\u00e1lvula direcional pilotada tipo carretel, pilotada por v\u00e1lvula solenoide.","og_url":"https:\/\/actbr.com.br\/es\/producto\/dphi-6-dphe-6\/","og_site_name":"ACT Sistemas Hidr\u00e1ulicos","article_modified_time":"2023-10-25T13:21:03+00:00","og_image":[{"width":600,"height":775,"url":"https:\/\/actbr.com.br\/wp-content\/uploads\/2020\/09\/Valvula-eletro-hidraulica-pilotada-ATOS-\u2013-DPHI-6-DPHE-6.jpg","type":"image\/jpeg"}],"twitter_card":"summary_large_image","twitter_misc":{"Tiempo de lectura":"3 minutos"},"schema":{"@context":"https:\/\/schema.org","@graph":[{"@type":"WebPage","@id":"https:\/\/actbr.com.br\/es\/producto\/dphi-6-dphe-6\/","url":"https:\/\/actbr.com.br\/es\/producto\/dphi-6-dphe-6\/","name":"DPHI-6 \/ DPHE-6 - ACT Sistemas Hidr\u00e1ulicos","isPartOf":{"@id":"https:\/\/actbr.com.br\/es\/#website"},"primaryImageOfPage":{"@id":"https:\/\/actbr.com.br\/es\/producto\/dphi-6-dphe-6\/#primaryimage"},"image":{"@id":"https:\/\/actbr.com.br\/es\/producto\/dphi-6-dphe-6\/#primaryimage"},"thumbnailUrl":"https:\/\/actbr.com.br\/wp-content\/uploads\/2020\/09\/Valvula-eletro-hidraulica-pilotada-ATOS-\u2013-DPHI-6-DPHE-6.jpg","datePublished":"2020-09-29T15:39:28+00:00","dateModified":"2023-10-25T13:21:03+00:00","description":"A V\u00e1lvula Eletro Hidr\u00e1ulica Pilotada ATOS DPHI-6 \/ DPHE-6 \u00e9 uma v\u00e1lvula direcional pilotada tipo carretel, pilotada por v\u00e1lvula solenoide.","breadcrumb":{"@id":"https:\/\/actbr.com.br\/es\/producto\/dphi-6-dphe-6\/#breadcrumb"},"inLanguage":"es","potentialAction":[{"@type":"ReadAction","target":["https:\/\/actbr.com.br\/es\/producto\/dphi-6-dphe-6\/"]}]},{"@type":"ImageObject","inLanguage":"es","@id":"https:\/\/actbr.com.br\/es\/producto\/dphi-6-dphe-6\/#primaryimage","url":"https:\/\/actbr.com.br\/wp-content\/uploads\/2020\/09\/Valvula-eletro-hidraulica-pilotada-ATOS-\u2013-DPHI-6-DPHE-6.jpg","contentUrl":"https:\/\/actbr.com.br\/wp-content\/uploads\/2020\/09\/Valvula-eletro-hidraulica-pilotada-ATOS-\u2013-DPHI-6-DPHE-6.jpg","width":600,"height":775,"caption":"V\u00e1lvula Eletro Hidr\u00e1ulica Pilotada ATOS DPHI-6 DPHE-6"},{"@type":"BreadcrumbList","@id":"https:\/\/actbr.com.br\/es\/producto\/dphi-6-dphe-6\/#breadcrumb","itemListElement":[{"@type":"ListItem","position":1,"name":"Comenzar","item":"https:\/\/actbr.com.br\/es\/"},{"@type":"ListItem","position":2,"name":"Produtos","item":"https:\/\/actbr.com.br\/produtos-act\/"},{"@type":"ListItem","position":3,"name":"V\u00e1lvulas Direcionais","item":"https:\/\/actbr.com.br\/es\/categoria-produto\/valvulas-direcionais\/"},{"@type":"ListItem","position":4,"name":"Direcional Pilotada","item":"https:\/\/actbr.com.br\/es\/categoria-produto\/valvulas-direcionais\/pilotada\/"},{"@type":"ListItem","position":5,"name":"DPHI-6 \/ DPHE-6"}]},{"@type":"WebSite","@id":"https:\/\/actbr.com.br\/es\/#website","url":"https:\/\/actbr.com.br\/es\/","name":"ACT Sistemas Hidr\u00e1ulicos","description":"Fabricaci\u00f3n y mantenimiento de componentes de aceite hidr\u00e1ulico","publisher":{"@id":"https:\/\/actbr.com.br\/es\/#organization"},"potentialAction":[{"@type":"SearchAction","target":{"@type":"EntryPoint","urlTemplate":"https:\/\/actbr.com.br\/es\/?s={search_term_string}"},"query-input":{"@type":"PropertyValueSpecification","valueRequired":true,"valueName":"search_term_string"}}],"inLanguage":"es"},{"@type":"Organization","@id":"https:\/\/actbr.com.br\/es\/#organization","name":"ACT Sistemas Hidr\u00e1ulicos","url":"https:\/\/actbr.com.br\/es\/","logo":{"@type":"ImageObject","inLanguage":"es","@id":"https:\/\/actbr.com.br\/es\/#\/schema\/logo\/image\/","url":"https:\/\/actbr.com.br\/wp-content\/uploads\/2025\/02\/cropped-ACT_NEGATIVO-marca-dagua.png","contentUrl":"https:\/\/actbr.com.br\/wp-content\/uploads\/2025\/02\/cropped-ACT_NEGATIVO-marca-dagua.png","width":240,"height":146,"caption":"ACT Sistemas Hidr\u00e1ulicos"},"image":{"@id":"https:\/\/actbr.com.br\/es\/#\/schema\/logo\/image\/"}}]}},"_links":{"self":[{"href":"https:\/\/actbr.com.br\/es\/wp-json\/wp\/v2\/product\/3431","targetHints":{"allow":["GET"]}}],"collection":[{"href":"https:\/\/actbr.com.br\/es\/wp-json\/wp\/v2\/product"}],"about":[{"href":"https:\/\/actbr.com.br\/es\/wp-json\/wp\/v2\/types\/product"}],"wp:featuredmedia":[{"embeddable":true,"href":"https:\/\/actbr.com.br\/es\/wp-json\/wp\/v2\/media\/8161"}],"wp:attachment":[{"href":"https:\/\/actbr.com.br\/es\/wp-json\/wp\/v2\/media?parent=3431"}],"wp:term":[{"taxonomy":"product_brand","embeddable":true,"href":"https:\/\/actbr.com.br\/es\/wp-json\/wp\/v2\/product_brand?post=3431"},{"taxonomy":"product_cat","embeddable":true,"href":"https:\/\/actbr.com.br\/es\/wp-json\/wp\/v2\/product_cat?post=3431"},{"taxonomy":"product_tag","embeddable":true,"href":"https:\/\/actbr.com.br\/es\/wp-json\/wp\/v2\/product_tag?post=3431"}],"curies":[{"name":"wp","href":"https:\/\/api.w.org\/{rel}","templated":true}]}}