{"id":3435,"date":"2020-09-29T12:39:28","date_gmt":"2020-09-29T15:39:28","guid":{"rendered":"https:\/\/actbr.com.br\/produto\/valvula-eletro-hidraulica-atos-dloh-dlok\/"},"modified":"2023-10-06T11:01:04","modified_gmt":"2023-10-06T14:01:04","slug":"valvula-direcional-tipo-vazamento-zero-dloh-dlok","status":"publish","type":"product","link":"https:\/\/actbr.com.br\/es\/producto\/valvula-direcional-tipo-vazamento-zero-dloh-dlok\/","title":{"rendered":"V\u00e1lvula Direcional tipo vazamento zero DLOH-DLOK"},"content":{"rendered":"<div id=\"cke_pastebin\"><strong>V\u00e1lvula Eletro Hidr\u00e1ulica ATOS DLOH \u2013 DLOK<\/strong><\/div>\n<div><\/div>\n<div>A V\u00e1lvula Eletro Hidr\u00e1ulica ATOS DLOH \u2013 DLOK \u00e9 uma v\u00e1lvula hidr\u00e1ulica tipo vazamento zero, constru\u00edda com base na superf\u00edcie ISO 4401 (TN6 \u2013 Tamanho 6) permite trabalhos com vaz\u00f5es de at\u00e9 12 a 30 litros por minuto e press\u00f5es m\u00e1ximas de 350 e 315 bar, respectivamente para DLOH e DLOK.<\/div>\n<div><\/div>\n<div><\/div>\n<div><strong>Como solicitar:<\/strong><\/div>\n<div><\/div>\n<div><img decoding=\"async\" src=\"https:\/\/actbr.com.br\/wp-content\/uploads\/2020\/09\/dloh-dlok-atos-como-solicitar.jpg\" alt=\"\" \/><\/div>\n<div><\/div>\n<div>Dimens\u00f5es:<\/div>\n<div><\/div>\n<div><img decoding=\"async\" src=\"https:\/\/actbr.com.br\/wp-content\/uploads\/2020\/09\/dimensoes-dloh-dlok-atos.jpg\" alt=\"\" \/><\/div>\n<div><\/div>\n<div>Bobinas:<\/div>\n<div><\/div>\n<div><img decoding=\"async\" src=\"https:\/\/actbr.com.br\/wp-content\/uploads\/2020\/09\/bobinas-dloh-dlok-atos.jpg\" alt=\"\" \/><\/div>\n<div><\/div>\n<div>Configura\u00e7\u00f5es dispon\u00edveis para DLOH:<br \/>\nDLOH-2A; DLOH-2A\/R; DLOH-2C; DLOH-2C\/R; DLOH-3A\/R; DLOH-3C; DLOH-3C\/R.<\/div>\n<div><\/div>\n<div id=\"cke_pastebin\">Configura\u00e7\u00f5es dispon\u00edveis para DLOK:<br \/>\nDLOK-3A;DLOK-3C<\/div>\n<div id=\"cke_pastebin\"><\/div>\n<div id=\"cke_pastebin\">Bobinas dispon\u00edveis corrente cont\u00ednua:<br \/>\nSP-COU-6DC; SO-COUR-12DC; SP-COUR-24DC;SP-COU-48DC.<\/div>\n<div><\/div>\n<div id=\"cke_pastebin\">Bobinas dispon\u00edveis corrente cont\u00ednua:<br \/>\nSP-COU-110RC; SP-COUR-110RC; SP-COU-230RC;<\/div>\n","protected":false},"excerpt":{"rendered":"<p>A V\u00e1lvula Eletro Hidr\u00e1ulica ATOS DLOH \u2013 DLOK \u00e9 uma v\u00e1lvula tipo vazamento zero, constru\u00edda com base na superf\u00edcie ISO 4401 (TN6 \u2013 Tamanho 6).<\/p>\n","protected":false},"featured_media":7773,"template":"","meta":[],"product_brand":[],"product_cat":[79,46],"product_tag":[],"class_list":{"0":"post-3435","1":"product","2":"type-product","3":"status-publish","4":"has-post-thumbnail","6":"product_cat-assento-ou-vazamento-zero","7":"product_cat-valvulas-direcionais","9":"first","10":"instock","11":"virtual","12":"product-type-simple"},"yoast_head":"<!-- This site is optimized with the Yoast SEO plugin v27.5 - https:\/\/yoast.com\/product\/yoast-seo-wordpress\/ -->\n<title>V\u00e1lvula Direcional tipo vazamento zero DLOH-DLOK - ACT Sistemas Hidr\u00e1ulicos<\/title>\n<meta name=\"description\" content=\"A V\u00e1lvula Eletro Hidr\u00e1ulica ATOS DLOH - DLOK \u00e9 uma v\u00e1lvula tipo vazamento zero, constru\u00edda com base na superf\u00edcie ISO 4401 (TN6 - Tamanho 6).\" \/>\n<meta name=\"robots\" content=\"index, follow, max-snippet:-1, max-image-preview:large, max-video-preview:-1\" \/>\n<link rel=\"canonical\" href=\"https:\/\/actbr.com.br\/es\/producto\/valvula-direcional-tipo-vazamento-zero-dloh-dlok\/\" \/>\n<meta property=\"og:locale\" content=\"es_ES\" \/>\n<meta property=\"og:type\" content=\"article\" \/>\n<meta property=\"og:title\" content=\"V\u00e1lvula Direcional tipo vazamento zero DLOH-DLOK - ACT Sistemas Hidr\u00e1ulicos\" \/>\n<meta property=\"og:description\" content=\"A V\u00e1lvula Eletro Hidr\u00e1ulica ATOS DLOH - DLOK \u00e9 uma v\u00e1lvula tipo vazamento zero, constru\u00edda com base na superf\u00edcie ISO 4401 (TN6 - Tamanho 6).\" \/>\n<meta property=\"og:url\" content=\"https:\/\/actbr.com.br\/es\/producto\/valvula-direcional-tipo-vazamento-zero-dloh-dlok\/\" \/>\n<meta property=\"og:site_name\" content=\"ACT Sistemas Hidr\u00e1ulicos\" \/>\n<meta property=\"article:modified_time\" content=\"2023-10-06T14:01:04+00:00\" \/>\n<meta property=\"og:image\" content=\"https:\/\/actbr.com.br\/wp-content\/uploads\/2020\/09\/Valvula-eletro-hidraulica-ATOS-\u2013-DLOH-DLOK.jpg\" \/>\n\t<meta property=\"og:image:width\" content=\"600\" \/>\n\t<meta property=\"og:image:height\" content=\"450\" \/>\n\t<meta property=\"og:image:type\" content=\"image\/jpeg\" \/>\n<meta name=\"twitter:card\" content=\"summary_large_image\" \/>\n<meta name=\"twitter:label1\" content=\"Tiempo de lectura\" \/>\n\t<meta name=\"twitter:data1\" content=\"2 minutos\" \/>\n<script type=\"application\/ld+json\" class=\"yoast-schema-graph\">{\"@context\":\"https:\\\/\\\/schema.org\",\"@graph\":[{\"@type\":\"WebPage\",\"@id\":\"https:\\\/\\\/actbr.com.br\\\/es\\\/producto\\\/valvula-direcional-tipo-vazamento-zero-dloh-dlok\\\/\",\"url\":\"https:\\\/\\\/actbr.com.br\\\/es\\\/producto\\\/valvula-direcional-tipo-vazamento-zero-dloh-dlok\\\/\",\"name\":\"V\u00e1lvula Direcional tipo vazamento zero DLOH-DLOK - ACT Sistemas Hidr\u00e1ulicos\",\"isPartOf\":{\"@id\":\"https:\\\/\\\/actbr.com.br\\\/es\\\/#website\"},\"primaryImageOfPage\":{\"@id\":\"https:\\\/\\\/actbr.com.br\\\/es\\\/producto\\\/valvula-direcional-tipo-vazamento-zero-dloh-dlok\\\/#primaryimage\"},\"image\":{\"@id\":\"https:\\\/\\\/actbr.com.br\\\/es\\\/producto\\\/valvula-direcional-tipo-vazamento-zero-dloh-dlok\\\/#primaryimage\"},\"thumbnailUrl\":\"https:\\\/\\\/actbr.com.br\\\/wp-content\\\/uploads\\\/2020\\\/09\\\/Valvula-eletro-hidraulica-ATOS-\u2013-DLOH-DLOK.jpg\",\"datePublished\":\"2020-09-29T15:39:28+00:00\",\"dateModified\":\"2023-10-06T14:01:04+00:00\",\"description\":\"A V\u00e1lvula Eletro Hidr\u00e1ulica ATOS DLOH - DLOK \u00e9 uma v\u00e1lvula tipo vazamento zero, constru\u00edda com base na superf\u00edcie ISO 4401 (TN6 - Tamanho 6).\",\"breadcrumb\":{\"@id\":\"https:\\\/\\\/actbr.com.br\\\/es\\\/producto\\\/valvula-direcional-tipo-vazamento-zero-dloh-dlok\\\/#breadcrumb\"},\"inLanguage\":\"es\",\"potentialAction\":[{\"@type\":\"ReadAction\",\"target\":[\"https:\\\/\\\/actbr.com.br\\\/es\\\/producto\\\/valvula-direcional-tipo-vazamento-zero-dloh-dlok\\\/\"]}]},{\"@type\":\"ImageObject\",\"inLanguage\":\"es\",\"@id\":\"https:\\\/\\\/actbr.com.br\\\/es\\\/producto\\\/valvula-direcional-tipo-vazamento-zero-dloh-dlok\\\/#primaryimage\",\"url\":\"https:\\\/\\\/actbr.com.br\\\/wp-content\\\/uploads\\\/2020\\\/09\\\/Valvula-eletro-hidraulica-ATOS-\u2013-DLOH-DLOK.jpg\",\"contentUrl\":\"https:\\\/\\\/actbr.com.br\\\/wp-content\\\/uploads\\\/2020\\\/09\\\/Valvula-eletro-hidraulica-ATOS-\u2013-DLOH-DLOK.jpg\",\"width\":600,\"height\":450,\"caption\":\"V\u00e1lvula Eletro Hidr\u00e1ulica ATOS DLOH - DLOK\"},{\"@type\":\"BreadcrumbList\",\"@id\":\"https:\\\/\\\/actbr.com.br\\\/es\\\/producto\\\/valvula-direcional-tipo-vazamento-zero-dloh-dlok\\\/#breadcrumb\",\"itemListElement\":[{\"@type\":\"ListItem\",\"position\":1,\"name\":\"Comenzar\",\"item\":\"https:\\\/\\\/actbr.com.br\\\/es\\\/\"},{\"@type\":\"ListItem\",\"position\":2,\"name\":\"Produtos\",\"item\":\"https:\\\/\\\/actbr.com.br\\\/produtos-act\\\/\"},{\"@type\":\"ListItem\",\"position\":3,\"name\":\"V\u00e1lvulas Direcionais\",\"item\":\"https:\\\/\\\/actbr.com.br\\\/es\\\/categoria-produto\\\/valvulas-direcionais\\\/\"},{\"@type\":\"ListItem\",\"position\":4,\"name\":\"Assento ou Vazamento Zero\",\"item\":\"https:\\\/\\\/actbr.com.br\\\/es\\\/categoria-produto\\\/valvulas-direcionais\\\/assento-ou-vazamento-zero\\\/\"},{\"@type\":\"ListItem\",\"position\":5,\"name\":\"V\u00e1lvula Direcional tipo vazamento zero DLOH-DLOK\"}]},{\"@type\":\"WebSite\",\"@id\":\"https:\\\/\\\/actbr.com.br\\\/es\\\/#website\",\"url\":\"https:\\\/\\\/actbr.com.br\\\/es\\\/\",\"name\":\"ACT Sistemas Hidr\u00e1ulicos\",\"description\":\"Fabricaci\u00f3n y mantenimiento de componentes de aceite hidr\u00e1ulico\",\"publisher\":{\"@id\":\"https:\\\/\\\/actbr.com.br\\\/es\\\/#organization\"},\"potentialAction\":[{\"@type\":\"SearchAction\",\"target\":{\"@type\":\"EntryPoint\",\"urlTemplate\":\"https:\\\/\\\/actbr.com.br\\\/es\\\/?s={search_term_string}\"},\"query-input\":{\"@type\":\"PropertyValueSpecification\",\"valueRequired\":true,\"valueName\":\"search_term_string\"}}],\"inLanguage\":\"es\"},{\"@type\":\"Organization\",\"@id\":\"https:\\\/\\\/actbr.com.br\\\/es\\\/#organization\",\"name\":\"ACT Sistemas Hidr\u00e1ulicos\",\"url\":\"https:\\\/\\\/actbr.com.br\\\/es\\\/\",\"logo\":{\"@type\":\"ImageObject\",\"inLanguage\":\"es\",\"@id\":\"https:\\\/\\\/actbr.com.br\\\/es\\\/#\\\/schema\\\/logo\\\/image\\\/\",\"url\":\"https:\\\/\\\/actbr.com.br\\\/wp-content\\\/uploads\\\/2025\\\/02\\\/cropped-ACT_NEGATIVO-marca-dagua.png\",\"contentUrl\":\"https:\\\/\\\/actbr.com.br\\\/wp-content\\\/uploads\\\/2025\\\/02\\\/cropped-ACT_NEGATIVO-marca-dagua.png\",\"width\":240,\"height\":146,\"caption\":\"ACT Sistemas Hidr\u00e1ulicos\"},\"image\":{\"@id\":\"https:\\\/\\\/actbr.com.br\\\/es\\\/#\\\/schema\\\/logo\\\/image\\\/\"}}]}<\/script>\n<!-- \/ Yoast SEO plugin. -->","yoast_head_json":{"title":"V\u00e1lvula Direcional tipo vazamento zero DLOH-DLOK - ACT Sistemas Hidr\u00e1ulicos","description":"A V\u00e1lvula Eletro Hidr\u00e1ulica ATOS DLOH - DLOK \u00e9 uma v\u00e1lvula tipo vazamento zero, constru\u00edda com base na superf\u00edcie ISO 4401 (TN6 - Tamanho 6).","robots":{"index":"index","follow":"follow","max-snippet":"max-snippet:-1","max-image-preview":"max-image-preview:large","max-video-preview":"max-video-preview:-1"},"canonical":"https:\/\/actbr.com.br\/es\/producto\/valvula-direcional-tipo-vazamento-zero-dloh-dlok\/","og_locale":"es_ES","og_type":"article","og_title":"V\u00e1lvula Direcional tipo vazamento zero DLOH-DLOK - ACT Sistemas Hidr\u00e1ulicos","og_description":"A V\u00e1lvula Eletro Hidr\u00e1ulica ATOS DLOH - DLOK \u00e9 uma v\u00e1lvula tipo vazamento zero, constru\u00edda com base na superf\u00edcie ISO 4401 (TN6 - Tamanho 6).","og_url":"https:\/\/actbr.com.br\/es\/producto\/valvula-direcional-tipo-vazamento-zero-dloh-dlok\/","og_site_name":"ACT Sistemas Hidr\u00e1ulicos","article_modified_time":"2023-10-06T14:01:04+00:00","og_image":[{"width":600,"height":450,"url":"https:\/\/actbr.com.br\/wp-content\/uploads\/2020\/09\/Valvula-eletro-hidraulica-ATOS-\u2013-DLOH-DLOK.jpg","type":"image\/jpeg"}],"twitter_card":"summary_large_image","twitter_misc":{"Tiempo de lectura":"2 minutos"},"schema":{"@context":"https:\/\/schema.org","@graph":[{"@type":"WebPage","@id":"https:\/\/actbr.com.br\/es\/producto\/valvula-direcional-tipo-vazamento-zero-dloh-dlok\/","url":"https:\/\/actbr.com.br\/es\/producto\/valvula-direcional-tipo-vazamento-zero-dloh-dlok\/","name":"V\u00e1lvula Direcional tipo vazamento zero DLOH-DLOK - ACT Sistemas Hidr\u00e1ulicos","isPartOf":{"@id":"https:\/\/actbr.com.br\/es\/#website"},"primaryImageOfPage":{"@id":"https:\/\/actbr.com.br\/es\/producto\/valvula-direcional-tipo-vazamento-zero-dloh-dlok\/#primaryimage"},"image":{"@id":"https:\/\/actbr.com.br\/es\/producto\/valvula-direcional-tipo-vazamento-zero-dloh-dlok\/#primaryimage"},"thumbnailUrl":"https:\/\/actbr.com.br\/wp-content\/uploads\/2020\/09\/Valvula-eletro-hidraulica-ATOS-\u2013-DLOH-DLOK.jpg","datePublished":"2020-09-29T15:39:28+00:00","dateModified":"2023-10-06T14:01:04+00:00","description":"A V\u00e1lvula Eletro Hidr\u00e1ulica ATOS DLOH - DLOK \u00e9 uma v\u00e1lvula tipo vazamento zero, constru\u00edda com base na superf\u00edcie ISO 4401 (TN6 - Tamanho 6).","breadcrumb":{"@id":"https:\/\/actbr.com.br\/es\/producto\/valvula-direcional-tipo-vazamento-zero-dloh-dlok\/#breadcrumb"},"inLanguage":"es","potentialAction":[{"@type":"ReadAction","target":["https:\/\/actbr.com.br\/es\/producto\/valvula-direcional-tipo-vazamento-zero-dloh-dlok\/"]}]},{"@type":"ImageObject","inLanguage":"es","@id":"https:\/\/actbr.com.br\/es\/producto\/valvula-direcional-tipo-vazamento-zero-dloh-dlok\/#primaryimage","url":"https:\/\/actbr.com.br\/wp-content\/uploads\/2020\/09\/Valvula-eletro-hidraulica-ATOS-\u2013-DLOH-DLOK.jpg","contentUrl":"https:\/\/actbr.com.br\/wp-content\/uploads\/2020\/09\/Valvula-eletro-hidraulica-ATOS-\u2013-DLOH-DLOK.jpg","width":600,"height":450,"caption":"V\u00e1lvula Eletro Hidr\u00e1ulica ATOS DLOH - DLOK"},{"@type":"BreadcrumbList","@id":"https:\/\/actbr.com.br\/es\/producto\/valvula-direcional-tipo-vazamento-zero-dloh-dlok\/#breadcrumb","itemListElement":[{"@type":"ListItem","position":1,"name":"Comenzar","item":"https:\/\/actbr.com.br\/es\/"},{"@type":"ListItem","position":2,"name":"Produtos","item":"https:\/\/actbr.com.br\/produtos-act\/"},{"@type":"ListItem","position":3,"name":"V\u00e1lvulas Direcionais","item":"https:\/\/actbr.com.br\/es\/categoria-produto\/valvulas-direcionais\/"},{"@type":"ListItem","position":4,"name":"Assento ou Vazamento Zero","item":"https:\/\/actbr.com.br\/es\/categoria-produto\/valvulas-direcionais\/assento-ou-vazamento-zero\/"},{"@type":"ListItem","position":5,"name":"V\u00e1lvula Direcional tipo vazamento zero DLOH-DLOK"}]},{"@type":"WebSite","@id":"https:\/\/actbr.com.br\/es\/#website","url":"https:\/\/actbr.com.br\/es\/","name":"ACT Sistemas Hidr\u00e1ulicos","description":"Fabricaci\u00f3n y mantenimiento de componentes de aceite hidr\u00e1ulico","publisher":{"@id":"https:\/\/actbr.com.br\/es\/#organization"},"potentialAction":[{"@type":"SearchAction","target":{"@type":"EntryPoint","urlTemplate":"https:\/\/actbr.com.br\/es\/?s={search_term_string}"},"query-input":{"@type":"PropertyValueSpecification","valueRequired":true,"valueName":"search_term_string"}}],"inLanguage":"es"},{"@type":"Organization","@id":"https:\/\/actbr.com.br\/es\/#organization","name":"ACT Sistemas Hidr\u00e1ulicos","url":"https:\/\/actbr.com.br\/es\/","logo":{"@type":"ImageObject","inLanguage":"es","@id":"https:\/\/actbr.com.br\/es\/#\/schema\/logo\/image\/","url":"https:\/\/actbr.com.br\/wp-content\/uploads\/2025\/02\/cropped-ACT_NEGATIVO-marca-dagua.png","contentUrl":"https:\/\/actbr.com.br\/wp-content\/uploads\/2025\/02\/cropped-ACT_NEGATIVO-marca-dagua.png","width":240,"height":146,"caption":"ACT Sistemas Hidr\u00e1ulicos"},"image":{"@id":"https:\/\/actbr.com.br\/es\/#\/schema\/logo\/image\/"}}]}},"_links":{"self":[{"href":"https:\/\/actbr.com.br\/es\/wp-json\/wp\/v2\/product\/3435","targetHints":{"allow":["GET"]}}],"collection":[{"href":"https:\/\/actbr.com.br\/es\/wp-json\/wp\/v2\/product"}],"about":[{"href":"https:\/\/actbr.com.br\/es\/wp-json\/wp\/v2\/types\/product"}],"wp:featuredmedia":[{"embeddable":true,"href":"https:\/\/actbr.com.br\/es\/wp-json\/wp\/v2\/media\/7773"}],"wp:attachment":[{"href":"https:\/\/actbr.com.br\/es\/wp-json\/wp\/v2\/media?parent=3435"}],"wp:term":[{"taxonomy":"product_brand","embeddable":true,"href":"https:\/\/actbr.com.br\/es\/wp-json\/wp\/v2\/product_brand?post=3435"},{"taxonomy":"product_cat","embeddable":true,"href":"https:\/\/actbr.com.br\/es\/wp-json\/wp\/v2\/product_cat?post=3435"},{"taxonomy":"product_tag","embeddable":true,"href":"https:\/\/actbr.com.br\/es\/wp-json\/wp\/v2\/product_tag?post=3435"}],"curies":[{"name":"wp","href":"https:\/\/api.w.org\/{rel}","templated":true}]}}