{"id":3441,"date":"2020-09-29T12:39:28","date_gmt":"2020-09-29T15:39:28","guid":{"rendered":"https:\/\/actbr.com.br\/produto\/valvula-modular-compensadora-de-pressao-atos-hc-kc-jpc\/"},"modified":"2023-07-03T08:47:24","modified_gmt":"2023-07-03T11:47:24","slug":"valvula-compensadora-de-pressao","status":"publish","type":"product","link":"https:\/\/actbr.com.br\/es\/producto\/valvula-compensadora-de-pressao\/","title":{"rendered":"V\u00e1lvula Compensadora de Press\u00e3o"},"content":{"rendered":"<p><strong>V\u00e1lvula Modular Compensadora de Press\u00e3o ATOS \u2013 HC \/ KC \/ JPC<\/strong><\/p>\n<p>A V\u00e1lvula Compensadora de Press\u00e3o ATOS \u2013 HC \/ KC \/ JPC tem como principal finalidade manter uma press\u00e3o diferencial constante do p\u00f3rtico \u00abP\u00bb para \u00abA\u00bb ou \u00abB\u00bb, controlando a taxa de fluxo e evitando a varia\u00e7\u00e3o indesej\u00e1vel para a aplica\u00e7\u00e3o (diferencial de press\u00e3o).<\/p>\n<p><strong>Como solicitar:<\/strong><\/p>\n<p><img decoding=\"async\" src=\"https:\/\/actbr.com.br\/wp-content\/uploads\/2020\/09\/hc-kc-jpc-codigos.jpg\" alt=\"\" \/><\/p>\n<p><img decoding=\"async\" src=\"https:\/\/actbr.com.br\/wp-content\/uploads\/2020\/09\/compensadoras-atos.jpg\" alt=\"\" \/><\/p>\n<p><strong>Modelos dispon\u00edveis:<\/strong><br \/>\nHC-011\/8;<br \/>\nKC-011\/30;<br \/>\nJPC-211\/30.<\/p>\n","protected":false},"excerpt":{"rendered":"<p>A V\u00e1lvula Compensadora de Press\u00e3o ATOS \u2013 HC \/ KC \/ JPC tem como principal finalidade manter uma press\u00e3o diferencial constante no sistema.<\/p>\n","protected":false},"featured_media":7715,"template":"","meta":[],"product_brand":[],"product_cat":[80,58],"product_tag":[],"class_list":{"0":"post-3441","1":"product","2":"type-product","3":"status-publish","4":"has-post-thumbnail","6":"product_cat-compensadora-de-pressao","7":"product_cat-valvulas-modulares","9":"first","10":"instock","11":"virtual","12":"product-type-simple"},"yoast_head":"<!-- This site is optimized with the Yoast SEO plugin v27.2 - https:\/\/yoast.com\/product\/yoast-seo-wordpress\/ -->\n<title>V\u00e1lvula Compensadora de Press\u00e3o - ACT Sistemas Hidr\u00e1ulicos<\/title>\n<meta name=\"description\" content=\"A V\u00e1lvula Compensadora de Press\u00e3o ATOS - HC \/ KC \/ JPC tem como principal finalidade manter uma press\u00e3o diferencial constante no sistema.\" \/>\n<meta name=\"robots\" content=\"index, follow, max-snippet:-1, max-image-preview:large, max-video-preview:-1\" \/>\n<link rel=\"canonical\" href=\"https:\/\/actbr.com.br\/es\/producto\/valvula-compensadora-de-pressao\/\" \/>\n<meta property=\"og:locale\" content=\"es_ES\" \/>\n<meta property=\"og:type\" content=\"article\" \/>\n<meta property=\"og:title\" content=\"V\u00e1lvula Compensadora de Press\u00e3o - ACT Sistemas Hidr\u00e1ulicos\" \/>\n<meta property=\"og:description\" content=\"A V\u00e1lvula Compensadora de Press\u00e3o ATOS - HC \/ KC \/ JPC tem como principal finalidade manter uma press\u00e3o diferencial constante no sistema.\" \/>\n<meta property=\"og:url\" content=\"https:\/\/actbr.com.br\/es\/producto\/valvula-compensadora-de-pressao\/\" \/>\n<meta property=\"og:site_name\" content=\"ACT Sistemas Hidr\u00e1ulicos\" \/>\n<meta property=\"article:modified_time\" content=\"2023-07-03T11:47:24+00:00\" \/>\n<meta property=\"og:image\" content=\"https:\/\/actbr.com.br\/wp-content\/uploads\/2020\/09\/Valvula-Modular-Compensadora-de-Pressao-ATOS-\u2013-HC-KC-JPC-1.jpg\" \/>\n\t<meta property=\"og:image:width\" content=\"1600\" \/>\n\t<meta property=\"og:image:height\" content=\"1200\" \/>\n\t<meta property=\"og:image:type\" content=\"image\/jpeg\" \/>\n<meta name=\"twitter:card\" content=\"summary_large_image\" \/>\n<meta name=\"twitter:label1\" content=\"Tiempo de lectura\" \/>\n\t<meta name=\"twitter:data1\" content=\"1 minuto\" \/>\n<script type=\"application\/ld+json\" class=\"yoast-schema-graph\">{\"@context\":\"https:\/\/schema.org\",\"@graph\":[{\"@type\":\"WebPage\",\"@id\":\"https:\/\/actbr.com.br\/es\/producto\/valvula-compensadora-de-pressao\/\",\"url\":\"https:\/\/actbr.com.br\/es\/producto\/valvula-compensadora-de-pressao\/\",\"name\":\"V\u00e1lvula Compensadora de Press\u00e3o - ACT Sistemas Hidr\u00e1ulicos\",\"isPartOf\":{\"@id\":\"https:\/\/actbr.com.br\/es\/#website\"},\"primaryImageOfPage\":{\"@id\":\"https:\/\/actbr.com.br\/es\/producto\/valvula-compensadora-de-pressao\/#primaryimage\"},\"image\":{\"@id\":\"https:\/\/actbr.com.br\/es\/producto\/valvula-compensadora-de-pressao\/#primaryimage\"},\"thumbnailUrl\":\"https:\/\/actbr.com.br\/wp-content\/uploads\/2020\/09\/Valvula-Modular-Compensadora-de-Pressao-ATOS-\u2013-HC-KC-JPC-1.jpg\",\"datePublished\":\"2020-09-29T15:39:28+00:00\",\"dateModified\":\"2023-07-03T11:47:24+00:00\",\"description\":\"A V\u00e1lvula Compensadora de Press\u00e3o ATOS - HC \/ KC \/ JPC tem como principal finalidade manter uma press\u00e3o diferencial constante no sistema.\",\"breadcrumb\":{\"@id\":\"https:\/\/actbr.com.br\/es\/producto\/valvula-compensadora-de-pressao\/#breadcrumb\"},\"inLanguage\":\"es\",\"potentialAction\":[{\"@type\":\"ReadAction\",\"target\":[\"https:\/\/actbr.com.br\/es\/producto\/valvula-compensadora-de-pressao\/\"]}]},{\"@type\":\"ImageObject\",\"inLanguage\":\"es\",\"@id\":\"https:\/\/actbr.com.br\/es\/producto\/valvula-compensadora-de-pressao\/#primaryimage\",\"url\":\"https:\/\/actbr.com.br\/wp-content\/uploads\/2020\/09\/Valvula-Modular-Compensadora-de-Pressao-ATOS-\u2013-HC-KC-JPC-1.jpg\",\"contentUrl\":\"https:\/\/actbr.com.br\/wp-content\/uploads\/2020\/09\/Valvula-Modular-Compensadora-de-Pressao-ATOS-\u2013-HC-KC-JPC-1.jpg\",\"width\":1600,\"height\":1200,\"caption\":\"V\u00e1lvula Modular Compensadora de Press\u00e3o ATOS - HC \/ KC \/ JPC\"},{\"@type\":\"BreadcrumbList\",\"@id\":\"https:\/\/actbr.com.br\/es\/producto\/valvula-compensadora-de-pressao\/#breadcrumb\",\"itemListElement\":[{\"@type\":\"ListItem\",\"position\":1,\"name\":\"Comenzar\",\"item\":\"https:\/\/actbr.com.br\/es\/\"},{\"@type\":\"ListItem\",\"position\":2,\"name\":\"Produtos\",\"item\":\"https:\/\/actbr.com.br\/produtos-act\/\"},{\"@type\":\"ListItem\",\"position\":3,\"name\":\"V\u00e1lvulas Modulares\",\"item\":\"https:\/\/actbr.com.br\/es\/categoria-produto\/valvulas-modulares\/\"},{\"@type\":\"ListItem\",\"position\":4,\"name\":\"Compensadora de Press\u00e3o\",\"item\":\"https:\/\/actbr.com.br\/es\/categoria-produto\/valvulas-modulares\/compensadora-de-pressao\/\"},{\"@type\":\"ListItem\",\"position\":5,\"name\":\"V\u00e1lvula Compensadora de Press\u00e3o\"}]},{\"@type\":\"WebSite\",\"@id\":\"https:\/\/actbr.com.br\/es\/#website\",\"url\":\"https:\/\/actbr.com.br\/es\/\",\"name\":\"ACT Sistemas Hidr\u00e1ulicos\",\"description\":\"Fabricaci\u00f3n y mantenimiento de componentes de aceite hidr\u00e1ulico\",\"publisher\":{\"@id\":\"https:\/\/actbr.com.br\/es\/#organization\"},\"potentialAction\":[{\"@type\":\"SearchAction\",\"target\":{\"@type\":\"EntryPoint\",\"urlTemplate\":\"https:\/\/actbr.com.br\/es\/?s={search_term_string}\"},\"query-input\":{\"@type\":\"PropertyValueSpecification\",\"valueRequired\":true,\"valueName\":\"search_term_string\"}}],\"inLanguage\":\"es\"},{\"@type\":\"Organization\",\"@id\":\"https:\/\/actbr.com.br\/es\/#organization\",\"name\":\"ACT Sistemas Hidr\u00e1ulicos\",\"url\":\"https:\/\/actbr.com.br\/es\/\",\"logo\":{\"@type\":\"ImageObject\",\"inLanguage\":\"es\",\"@id\":\"https:\/\/actbr.com.br\/es\/#\/schema\/logo\/image\/\",\"url\":\"https:\/\/actbr.com.br\/wp-content\/uploads\/2025\/02\/cropped-ACT_NEGATIVO-marca-dagua.png\",\"contentUrl\":\"https:\/\/actbr.com.br\/wp-content\/uploads\/2025\/02\/cropped-ACT_NEGATIVO-marca-dagua.png\",\"width\":240,\"height\":146,\"caption\":\"ACT Sistemas Hidr\u00e1ulicos\"},\"image\":{\"@id\":\"https:\/\/actbr.com.br\/es\/#\/schema\/logo\/image\/\"}}]}<\/script>\n<!-- \/ Yoast SEO plugin. -->","yoast_head_json":{"title":"V\u00e1lvula Compensadora de Press\u00e3o - ACT Sistemas Hidr\u00e1ulicos","description":"A V\u00e1lvula Compensadora de Press\u00e3o ATOS - HC \/ KC \/ JPC tem como principal finalidade manter uma press\u00e3o diferencial constante no sistema.","robots":{"index":"index","follow":"follow","max-snippet":"max-snippet:-1","max-image-preview":"max-image-preview:large","max-video-preview":"max-video-preview:-1"},"canonical":"https:\/\/actbr.com.br\/es\/producto\/valvula-compensadora-de-pressao\/","og_locale":"es_ES","og_type":"article","og_title":"V\u00e1lvula Compensadora de Press\u00e3o - ACT Sistemas Hidr\u00e1ulicos","og_description":"A V\u00e1lvula Compensadora de Press\u00e3o ATOS - HC \/ KC \/ JPC tem como principal finalidade manter uma press\u00e3o diferencial constante no sistema.","og_url":"https:\/\/actbr.com.br\/es\/producto\/valvula-compensadora-de-pressao\/","og_site_name":"ACT Sistemas Hidr\u00e1ulicos","article_modified_time":"2023-07-03T11:47:24+00:00","og_image":[{"width":1600,"height":1200,"url":"https:\/\/actbr.com.br\/wp-content\/uploads\/2020\/09\/Valvula-Modular-Compensadora-de-Pressao-ATOS-\u2013-HC-KC-JPC-1.jpg","type":"image\/jpeg"}],"twitter_card":"summary_large_image","twitter_misc":{"Tiempo de lectura":"1 minuto"},"schema":{"@context":"https:\/\/schema.org","@graph":[{"@type":"WebPage","@id":"https:\/\/actbr.com.br\/es\/producto\/valvula-compensadora-de-pressao\/","url":"https:\/\/actbr.com.br\/es\/producto\/valvula-compensadora-de-pressao\/","name":"V\u00e1lvula Compensadora de Press\u00e3o - ACT Sistemas Hidr\u00e1ulicos","isPartOf":{"@id":"https:\/\/actbr.com.br\/es\/#website"},"primaryImageOfPage":{"@id":"https:\/\/actbr.com.br\/es\/producto\/valvula-compensadora-de-pressao\/#primaryimage"},"image":{"@id":"https:\/\/actbr.com.br\/es\/producto\/valvula-compensadora-de-pressao\/#primaryimage"},"thumbnailUrl":"https:\/\/actbr.com.br\/wp-content\/uploads\/2020\/09\/Valvula-Modular-Compensadora-de-Pressao-ATOS-\u2013-HC-KC-JPC-1.jpg","datePublished":"2020-09-29T15:39:28+00:00","dateModified":"2023-07-03T11:47:24+00:00","description":"A V\u00e1lvula Compensadora de Press\u00e3o ATOS - HC \/ KC \/ JPC tem como principal finalidade manter uma press\u00e3o diferencial constante no sistema.","breadcrumb":{"@id":"https:\/\/actbr.com.br\/es\/producto\/valvula-compensadora-de-pressao\/#breadcrumb"},"inLanguage":"es","potentialAction":[{"@type":"ReadAction","target":["https:\/\/actbr.com.br\/es\/producto\/valvula-compensadora-de-pressao\/"]}]},{"@type":"ImageObject","inLanguage":"es","@id":"https:\/\/actbr.com.br\/es\/producto\/valvula-compensadora-de-pressao\/#primaryimage","url":"https:\/\/actbr.com.br\/wp-content\/uploads\/2020\/09\/Valvula-Modular-Compensadora-de-Pressao-ATOS-\u2013-HC-KC-JPC-1.jpg","contentUrl":"https:\/\/actbr.com.br\/wp-content\/uploads\/2020\/09\/Valvula-Modular-Compensadora-de-Pressao-ATOS-\u2013-HC-KC-JPC-1.jpg","width":1600,"height":1200,"caption":"V\u00e1lvula Modular Compensadora de Press\u00e3o ATOS - HC \/ KC \/ JPC"},{"@type":"BreadcrumbList","@id":"https:\/\/actbr.com.br\/es\/producto\/valvula-compensadora-de-pressao\/#breadcrumb","itemListElement":[{"@type":"ListItem","position":1,"name":"Comenzar","item":"https:\/\/actbr.com.br\/es\/"},{"@type":"ListItem","position":2,"name":"Produtos","item":"https:\/\/actbr.com.br\/produtos-act\/"},{"@type":"ListItem","position":3,"name":"V\u00e1lvulas Modulares","item":"https:\/\/actbr.com.br\/es\/categoria-produto\/valvulas-modulares\/"},{"@type":"ListItem","position":4,"name":"Compensadora de Press\u00e3o","item":"https:\/\/actbr.com.br\/es\/categoria-produto\/valvulas-modulares\/compensadora-de-pressao\/"},{"@type":"ListItem","position":5,"name":"V\u00e1lvula Compensadora de Press\u00e3o"}]},{"@type":"WebSite","@id":"https:\/\/actbr.com.br\/es\/#website","url":"https:\/\/actbr.com.br\/es\/","name":"ACT Sistemas Hidr\u00e1ulicos","description":"Fabricaci\u00f3n y mantenimiento de componentes de aceite hidr\u00e1ulico","publisher":{"@id":"https:\/\/actbr.com.br\/es\/#organization"},"potentialAction":[{"@type":"SearchAction","target":{"@type":"EntryPoint","urlTemplate":"https:\/\/actbr.com.br\/es\/?s={search_term_string}"},"query-input":{"@type":"PropertyValueSpecification","valueRequired":true,"valueName":"search_term_string"}}],"inLanguage":"es"},{"@type":"Organization","@id":"https:\/\/actbr.com.br\/es\/#organization","name":"ACT Sistemas Hidr\u00e1ulicos","url":"https:\/\/actbr.com.br\/es\/","logo":{"@type":"ImageObject","inLanguage":"es","@id":"https:\/\/actbr.com.br\/es\/#\/schema\/logo\/image\/","url":"https:\/\/actbr.com.br\/wp-content\/uploads\/2025\/02\/cropped-ACT_NEGATIVO-marca-dagua.png","contentUrl":"https:\/\/actbr.com.br\/wp-content\/uploads\/2025\/02\/cropped-ACT_NEGATIVO-marca-dagua.png","width":240,"height":146,"caption":"ACT Sistemas Hidr\u00e1ulicos"},"image":{"@id":"https:\/\/actbr.com.br\/es\/#\/schema\/logo\/image\/"}}]}},"_links":{"self":[{"href":"https:\/\/actbr.com.br\/es\/wp-json\/wp\/v2\/product\/3441","targetHints":{"allow":["GET"]}}],"collection":[{"href":"https:\/\/actbr.com.br\/es\/wp-json\/wp\/v2\/product"}],"about":[{"href":"https:\/\/actbr.com.br\/es\/wp-json\/wp\/v2\/types\/product"}],"wp:featuredmedia":[{"embeddable":true,"href":"https:\/\/actbr.com.br\/es\/wp-json\/wp\/v2\/media\/7715"}],"wp:attachment":[{"href":"https:\/\/actbr.com.br\/es\/wp-json\/wp\/v2\/media?parent=3441"}],"wp:term":[{"taxonomy":"product_brand","embeddable":true,"href":"https:\/\/actbr.com.br\/es\/wp-json\/wp\/v2\/product_brand?post=3441"},{"taxonomy":"product_cat","embeddable":true,"href":"https:\/\/actbr.com.br\/es\/wp-json\/wp\/v2\/product_cat?post=3441"},{"taxonomy":"product_tag","embeddable":true,"href":"https:\/\/actbr.com.br\/es\/wp-json\/wp\/v2\/product_tag?post=3441"}],"curies":[{"name":"wp","href":"https:\/\/api.w.org\/{rel}","templated":true}]}}