{"id":3456,"date":"2020-09-29T12:39:28","date_gmt":"2020-09-29T15:39:28","guid":{"rendered":"https:\/\/actbr.com.br\/produto\/valvula-modular-atos-reguladora-de-vazao-hq-kq-jpq\/"},"modified":"2023-10-19T09:19:41","modified_gmt":"2023-10-19T12:19:41","slug":"valvula-modular-reguladora-de-vazao-hq-kq-jpq","status":"publish","type":"product","link":"https:\/\/actbr.com.br\/es\/producto\/valvula-modular-reguladora-de-vazao-hq-kq-jpq\/","title":{"rendered":"V\u00e1lvula Modular Reguladora de Vaz\u00e3o HQ \/ KQ \/ JPQ"},"content":{"rendered":"<p><strong>V\u00e1lvula Modular ATOS Reguladora de Vaz\u00e3o \u2013 HQ \/ KQ \/ JPQ<\/strong><\/p>\n<p><strong>Como solicitar:<\/strong><\/p>\n<p><img decoding=\"async\" src=\"https:\/\/actbr.com.br\/wp-content\/uploads\/2020\/09\/hq-kq-jpq-como-solicitar.jpg\" alt=\"\" \/><br \/>\n<img decoding=\"async\" src=\"https:\/\/actbr.com.br\/wp-content\/uploads\/2020\/09\/reguladora-de-vazao-atos.jpg\" alt=\"\" \/><\/p>\n<p><strong>V\u00e1lvulas Modulares Reguladora de Vaz\u00e3o HQ<\/strong><br \/>\nHQ-012; HQ-013; HQ-014 (Meter-out);<br \/>\nHQ-022; HQ-023; HQ-024 (Meter-in);<br \/>\nV\u00e1lvula TN6, trabalha em press\u00f5es de at\u00e9 350 bar e com vaz\u00e3o m\u00e1xima de 80 litros por minuto.<\/p>\n<p><strong>V\u00e1lvulas Modulares Reguladora de Vaz\u00e3o KQ<\/strong><br \/>\nKQ-012; KQ-013; KQ-014 (Meter-out);<br \/>\nKQ-022; KQ-023; KQ-024 (Meter-in)<br \/>\nV\u00e1lvula TN10, trabalha em press\u00f5es de at\u00e9 315 bar e com vaz\u00e3o m\u00e1xima de 160 litros por minuto.<\/p>\n<p><strong>V\u00e1lvulas Modulares Reguladora de Vaz\u00e3o JPQ<\/strong><br \/>\nJPQ-212; JPQ-213; JPQ-214 (Meter-out);<br \/>\nV\u00e1lvula TN16, trabalha em press\u00f5es de at\u00e9 350 bar e com vaz\u00e3o m\u00e1xima de 200 litros por minuto.<\/p>\n<p><strong>V\u00e1lvulas Modulares Reguladora de Vaz\u00e3o JPQ<br \/>\n<\/strong>JPQ-312; JPQ-313; JPQ-314 (Meter-out);<br \/>\nV\u00e1lvula TN25, trabalha em press\u00f5es de at\u00e9 350 bar e com vaz\u00e3o m\u00e1xima de 300 litros por minuto.<\/p>\n\n<table id=\"tablepress-8\" class=\"tablepress tablepress-id-8 tbody-has-connected-cells\">\n<thead>\n<tr class=\"row-1\">\n\t<th colspan=\"6\" class=\"column-1\"><strong>V\u00e1lvulas Modulares<\/strong><\/th><td class=\"column-7\"><\/td>\n<\/tr>\n<\/thead>\n<tbody class=\"row-striping row-hover\">\n<tr class=\"row-2\">\n\t<td colspan=\"3\" class=\"column-1\"><strong>ATOS<\/strong><\/td><td rowspan=\"2\" class=\"column-4\"><strong>BOSCH<\/strong><\/td><td rowspan=\"2\" class=\"column-5\"><strong>ACT<\/strong><\/td><td rowspan=\"2\" class=\"column-6\"><strong>VICKERS<\/strong><\/td><td class=\"column-7\"><\/td>\n<\/tr>\n<tr class=\"row-3\">\n\t<td class=\"column-1\"><strong>TAB<\/strong><\/td><td colspan=\"2\" class=\"column-2\"><strong>C\u00d3DIGO DO MODELO<\/strong><\/td><td class=\"column-7\"><\/td>\n<\/tr>\n<tr class=\"row-4\">\n\t<td rowspan=\"6\" class=\"column-1\">D160<\/td><td rowspan=\"6\" class=\"column-2\">HQ<\/td><td class=\"column-3\">012(\/U)<\/td><td class=\"column-4\">0 811 324 015<\/td><td class=\"column-5\">Z2FS6-2-4X\/2Q(\/1Q)<\/td><td class=\"column-6\">DGMFN-3Y-A2W-B2W<\/td><td class=\"column-7\"><\/td>\n<\/tr>\n<tr class=\"row-5\">\n\t<td class=\"column-3\">013(\/U)<\/td><td class=\"column-4\">-<\/td><td class=\"column-5\">Z2FS6A2-4X\/2Q(\/1Q)<\/td><td class=\"column-6\">DGMFN-3-Y-A2W<\/td><td class=\"column-7\"><\/td>\n<\/tr>\n<tr class=\"row-6\">\n\t<td class=\"column-3\">014(\/U)<\/td><td class=\"column-4\">-<\/td><td class=\"column-5\">Z2FS6B2-4X\/2Q(\/1Q)<\/td><td class=\"column-6\">DGMFN-3Y-B2W<\/td><td class=\"column-7\"><\/td>\n<\/tr>\n<tr class=\"row-7\">\n\t<td class=\"column-3\">022(\/U)<\/td><td class=\"column-4\">0 811 324 016<\/td><td class=\"column-5\">Z2FS6-2-4X\/2Q(\/1Q)<\/td><td class=\"column-6\">DGMFN-3-X-A2W-B2W<\/td><td class=\"column-7\"><\/td>\n<\/tr>\n<tr class=\"row-8\">\n\t<td class=\"column-3\">023(\/U)<\/td><td class=\"column-4\">1 811 324 017<\/td><td class=\"column-5\">Z2FS6A2-4X\/2Q(\/1Q)<\/td><td class=\"column-6\">DGMFN-3-X-A2W<\/td><td class=\"column-7\"><\/td>\n<\/tr>\n<tr class=\"row-9\">\n\t<td class=\"column-3\">024(\/U)<\/td><td class=\"column-4\">-<\/td><td class=\"column-5\">Z2FS6B2-4X\/2Q(\/1Q)<\/td><td class=\"column-6\">DGMFN-3-X-B2W<\/td><td class=\"column-7\"><\/td>\n<\/tr>\n<tr class=\"row-10\">\n\t<td rowspan=\"6\" class=\"column-1\">D160<\/td><td rowspan=\"6\" class=\"column-2\">KQ<\/td><td class=\"column-3\">012<\/td><td class=\"column-4\">0 811 320 025<\/td><td class=\"column-5\">Z2FS10-5-3X<\/td><td class=\"column-6\">DGMFN-5-Y-A2W-B2W<\/td><td class=\"column-7\"><\/td>\n<\/tr>\n<tr class=\"row-11\">\n\t<td class=\"column-3\">013<\/td><td class=\"column-4\">-<\/td><td class=\"column-5\">Z2FS10A-5-3X\/S2<\/td><td class=\"column-6\">DGMFN-5-X-A2W-B2W<\/td><td class=\"column-7\"><\/td>\n<\/tr>\n<tr class=\"row-12\">\n\t<td class=\"column-3\">014<\/td><td class=\"column-4\">-<\/td><td class=\"column-5\">Z2FS10B5-3X\/S2<\/td><td class=\"column-6\">DGMFN-5-Y-A2W<\/td><td class=\"column-7\"><\/td>\n<\/tr>\n<tr class=\"row-13\">\n\t<td class=\"column-3\">022<\/td><td class=\"column-4\">0 811 320 025<\/td><td class=\"column-5\">Z2FS10B5-3X<\/td><td class=\"column-6\">DGMFN-5-Y-B2W<\/td><td class=\"column-7\"><\/td>\n<\/tr>\n<tr class=\"row-14\">\n\t<td class=\"column-3\">023<\/td><td class=\"column-4\">-<\/td><td class=\"column-5\">Z2FS10A5-3X\/S<\/td><td class=\"column-6\">DGMFN-5-X-A2W<\/td><td class=\"column-7\"><\/td>\n<\/tr>\n<tr class=\"row-15\">\n\t<td class=\"column-3\">024<\/td><td class=\"column-4\">-<\/td><td class=\"column-5\">Z2FS10B5-3X\/S<\/td><td class=\"column-6\">DGMFN-5-X-B2W<\/td><td class=\"column-7\"><\/td>\n<\/tr>\n<tr class=\"row-16\">\n\t<td rowspan=\"4\" class=\"column-1\">D160<\/td><td rowspan=\"4\" class=\"column-2\">JPQ<\/td><td class=\"column-3\">212<\/td><td class=\"column-4\">0 811 321 050<\/td><td class=\"column-5\">Z2FS16-3X\/S2<\/td><td class=\"column-6\">DGMFN-7-Y-A2H-B2H<\/td><td class=\"column-7\"><\/td>\n<\/tr>\n<tr class=\"row-17\">\n\t<td class=\"column-3\">213<\/td><td class=\"column-4\">-<\/td><td class=\"column-5\">-<\/td><td class=\"column-6\">DGMFN-7-Y-A2H<\/td><td class=\"column-7\"><\/td>\n<\/tr>\n<tr class=\"row-18\">\n\t<td class=\"column-3\">214<\/td><td class=\"column-4\">-<\/td><td class=\"column-5\">-<\/td><td class=\"column-6\">DGMFN-7-Y-B2H<\/td><td class=\"column-7\"><\/td>\n<\/tr>\n<tr class=\"row-19\">\n\t<td class=\"column-3\">222<\/td><td class=\"column-4\">-<\/td><td class=\"column-5\">Z2FS16-3X\/S<\/td><td class=\"column-6\">-<\/td><td class=\"column-7\"><\/td>\n<\/tr>\n<\/tbody>\n<\/table>\n<!-- #tablepress-8 from cache -->\n","protected":false},"excerpt":{"rendered":"<p>Veja aqui as op\u00e7\u00f5es de configura\u00e7\u00e3o e como fazer a solicita\u00e7\u00e3o da V\u00e1lvula Modular ATOS Reguladora de Vaz\u00e3o \u2013 modelos HQ \/ KQ \/ JPQ.<\/p>\n","protected":false},"featured_media":6943,"template":"","meta":[],"product_brand":[],"product_cat":[75,58],"product_tag":[],"class_list":{"0":"post-3456","1":"product","2":"type-product","3":"status-publish","4":"has-post-thumbnail","6":"product_cat-reguladora-de-vazao","7":"product_cat-valvulas-modulares","9":"first","10":"instock","11":"virtual","12":"product-type-simple"},"yoast_head":"<!-- This site is optimized with the Yoast SEO plugin v27.2 - https:\/\/yoast.com\/product\/yoast-seo-wordpress\/ -->\n<title>V\u00e1lvula Modular Reguladora de Vaz\u00e3o HQ \/ KQ \/ JPQ - ACT Sistemas Hidr\u00e1ulicos<\/title>\n<meta name=\"description\" content=\"Veja aqui as op\u00e7\u00f5es de configura\u00e7\u00e3o e como fazer a solicita\u00e7\u00e3o da V\u00e1lvula Modular ATOS Reguladora de Vaz\u00e3o - modelos HQ \/ KQ \/ JPQ.\" \/>\n<meta name=\"robots\" content=\"index, follow, max-snippet:-1, max-image-preview:large, max-video-preview:-1\" \/>\n<link rel=\"canonical\" href=\"https:\/\/actbr.com.br\/es\/producto\/valvula-modular-reguladora-de-vazao-hq-kq-jpq\/\" \/>\n<meta property=\"og:locale\" content=\"es_ES\" \/>\n<meta property=\"og:type\" content=\"article\" \/>\n<meta property=\"og:title\" content=\"V\u00e1lvula Modular Reguladora de Vaz\u00e3o HQ \/ KQ \/ JPQ - ACT Sistemas Hidr\u00e1ulicos\" \/>\n<meta property=\"og:description\" content=\"Veja aqui as op\u00e7\u00f5es de configura\u00e7\u00e3o e como fazer a solicita\u00e7\u00e3o da V\u00e1lvula Modular ATOS Reguladora de Vaz\u00e3o - modelos HQ \/ KQ \/ JPQ.\" \/>\n<meta property=\"og:url\" content=\"https:\/\/actbr.com.br\/es\/producto\/valvula-modular-reguladora-de-vazao-hq-kq-jpq\/\" \/>\n<meta property=\"og:site_name\" content=\"ACT Sistemas Hidr\u00e1ulicos\" \/>\n<meta property=\"article:modified_time\" content=\"2023-10-19T12:19:41+00:00\" \/>\n<meta property=\"og:image\" content=\"https:\/\/actbr.com.br\/wp-content\/uploads\/2020\/09\/Valvula-Modular-ATOS-Reguladora-de-Vazao-\u2013-HQ-KQ-JPQ.jpg\" \/>\n\t<meta property=\"og:image:width\" content=\"600\" \/>\n\t<meta property=\"og:image:height\" content=\"450\" \/>\n\t<meta property=\"og:image:type\" content=\"image\/jpeg\" \/>\n<meta name=\"twitter:card\" content=\"summary_large_image\" \/>\n<meta name=\"twitter:label1\" content=\"Tiempo de lectura\" \/>\n\t<meta name=\"twitter:data1\" content=\"2 minutos\" \/>\n<script type=\"application\/ld+json\" class=\"yoast-schema-graph\">{\"@context\":\"https:\/\/schema.org\",\"@graph\":[{\"@type\":\"WebPage\",\"@id\":\"https:\/\/actbr.com.br\/es\/producto\/valvula-modular-reguladora-de-vazao-hq-kq-jpq\/\",\"url\":\"https:\/\/actbr.com.br\/es\/producto\/valvula-modular-reguladora-de-vazao-hq-kq-jpq\/\",\"name\":\"V\u00e1lvula Modular Reguladora de Vaz\u00e3o HQ \/ KQ \/ JPQ - ACT Sistemas Hidr\u00e1ulicos\",\"isPartOf\":{\"@id\":\"https:\/\/actbr.com.br\/es\/#website\"},\"primaryImageOfPage\":{\"@id\":\"https:\/\/actbr.com.br\/es\/producto\/valvula-modular-reguladora-de-vazao-hq-kq-jpq\/#primaryimage\"},\"image\":{\"@id\":\"https:\/\/actbr.com.br\/es\/producto\/valvula-modular-reguladora-de-vazao-hq-kq-jpq\/#primaryimage\"},\"thumbnailUrl\":\"https:\/\/actbr.com.br\/wp-content\/uploads\/2020\/09\/Valvula-Modular-ATOS-Reguladora-de-Vazao-\u2013-HQ-KQ-JPQ.jpg\",\"datePublished\":\"2020-09-29T15:39:28+00:00\",\"dateModified\":\"2023-10-19T12:19:41+00:00\",\"description\":\"Veja aqui as op\u00e7\u00f5es de configura\u00e7\u00e3o e como fazer a solicita\u00e7\u00e3o da V\u00e1lvula Modular ATOS Reguladora de Vaz\u00e3o - modelos HQ \/ KQ \/ JPQ.\",\"breadcrumb\":{\"@id\":\"https:\/\/actbr.com.br\/es\/producto\/valvula-modular-reguladora-de-vazao-hq-kq-jpq\/#breadcrumb\"},\"inLanguage\":\"es\",\"potentialAction\":[{\"@type\":\"ReadAction\",\"target\":[\"https:\/\/actbr.com.br\/es\/producto\/valvula-modular-reguladora-de-vazao-hq-kq-jpq\/\"]}]},{\"@type\":\"ImageObject\",\"inLanguage\":\"es\",\"@id\":\"https:\/\/actbr.com.br\/es\/producto\/valvula-modular-reguladora-de-vazao-hq-kq-jpq\/#primaryimage\",\"url\":\"https:\/\/actbr.com.br\/wp-content\/uploads\/2020\/09\/Valvula-Modular-ATOS-Reguladora-de-Vazao-\u2013-HQ-KQ-JPQ.jpg\",\"contentUrl\":\"https:\/\/actbr.com.br\/wp-content\/uploads\/2020\/09\/Valvula-Modular-ATOS-Reguladora-de-Vazao-\u2013-HQ-KQ-JPQ.jpg\",\"width\":600,\"height\":450,\"caption\":\"V\u00e1lvula Modular ATOS Reguladora de Vaz\u00e3o - HQ \/ KQ \/ JPQ\"},{\"@type\":\"BreadcrumbList\",\"@id\":\"https:\/\/actbr.com.br\/es\/producto\/valvula-modular-reguladora-de-vazao-hq-kq-jpq\/#breadcrumb\",\"itemListElement\":[{\"@type\":\"ListItem\",\"position\":1,\"name\":\"Comenzar\",\"item\":\"https:\/\/actbr.com.br\/es\/\"},{\"@type\":\"ListItem\",\"position\":2,\"name\":\"Produtos\",\"item\":\"https:\/\/actbr.com.br\/produtos-act\/\"},{\"@type\":\"ListItem\",\"position\":3,\"name\":\"V\u00e1lvulas Modulares\",\"item\":\"https:\/\/actbr.com.br\/es\/categoria-produto\/valvulas-modulares\/\"},{\"@type\":\"ListItem\",\"position\":4,\"name\":\"Reguladora de Vaz\u00e3o\",\"item\":\"https:\/\/actbr.com.br\/es\/categoria-produto\/valvulas-modulares\/reguladora-de-vazao\/\"},{\"@type\":\"ListItem\",\"position\":5,\"name\":\"V\u00e1lvula Modular Reguladora de Vaz\u00e3o HQ \/ KQ \/ JPQ\"}]},{\"@type\":\"WebSite\",\"@id\":\"https:\/\/actbr.com.br\/es\/#website\",\"url\":\"https:\/\/actbr.com.br\/es\/\",\"name\":\"ACT Sistemas Hidr\u00e1ulicos\",\"description\":\"Fabricaci\u00f3n y mantenimiento de componentes de aceite hidr\u00e1ulico\",\"publisher\":{\"@id\":\"https:\/\/actbr.com.br\/es\/#organization\"},\"potentialAction\":[{\"@type\":\"SearchAction\",\"target\":{\"@type\":\"EntryPoint\",\"urlTemplate\":\"https:\/\/actbr.com.br\/es\/?s={search_term_string}\"},\"query-input\":{\"@type\":\"PropertyValueSpecification\",\"valueRequired\":true,\"valueName\":\"search_term_string\"}}],\"inLanguage\":\"es\"},{\"@type\":\"Organization\",\"@id\":\"https:\/\/actbr.com.br\/es\/#organization\",\"name\":\"ACT Sistemas Hidr\u00e1ulicos\",\"url\":\"https:\/\/actbr.com.br\/es\/\",\"logo\":{\"@type\":\"ImageObject\",\"inLanguage\":\"es\",\"@id\":\"https:\/\/actbr.com.br\/es\/#\/schema\/logo\/image\/\",\"url\":\"https:\/\/actbr.com.br\/wp-content\/uploads\/2025\/02\/cropped-ACT_NEGATIVO-marca-dagua.png\",\"contentUrl\":\"https:\/\/actbr.com.br\/wp-content\/uploads\/2025\/02\/cropped-ACT_NEGATIVO-marca-dagua.png\",\"width\":240,\"height\":146,\"caption\":\"ACT Sistemas Hidr\u00e1ulicos\"},\"image\":{\"@id\":\"https:\/\/actbr.com.br\/es\/#\/schema\/logo\/image\/\"}}]}<\/script>\n<!-- \/ Yoast SEO plugin. -->","yoast_head_json":{"title":"V\u00e1lvula Modular Reguladora de Vaz\u00e3o HQ \/ KQ \/ JPQ - ACT Sistemas Hidr\u00e1ulicos","description":"Veja aqui as op\u00e7\u00f5es de configura\u00e7\u00e3o e como fazer a solicita\u00e7\u00e3o da V\u00e1lvula Modular ATOS Reguladora de Vaz\u00e3o - modelos HQ \/ KQ \/ JPQ.","robots":{"index":"index","follow":"follow","max-snippet":"max-snippet:-1","max-image-preview":"max-image-preview:large","max-video-preview":"max-video-preview:-1"},"canonical":"https:\/\/actbr.com.br\/es\/producto\/valvula-modular-reguladora-de-vazao-hq-kq-jpq\/","og_locale":"es_ES","og_type":"article","og_title":"V\u00e1lvula Modular Reguladora de Vaz\u00e3o HQ \/ KQ \/ JPQ - ACT Sistemas Hidr\u00e1ulicos","og_description":"Veja aqui as op\u00e7\u00f5es de configura\u00e7\u00e3o e como fazer a solicita\u00e7\u00e3o da V\u00e1lvula Modular ATOS Reguladora de Vaz\u00e3o - modelos HQ \/ KQ \/ JPQ.","og_url":"https:\/\/actbr.com.br\/es\/producto\/valvula-modular-reguladora-de-vazao-hq-kq-jpq\/","og_site_name":"ACT Sistemas Hidr\u00e1ulicos","article_modified_time":"2023-10-19T12:19:41+00:00","og_image":[{"width":600,"height":450,"url":"https:\/\/actbr.com.br\/wp-content\/uploads\/2020\/09\/Valvula-Modular-ATOS-Reguladora-de-Vazao-\u2013-HQ-KQ-JPQ.jpg","type":"image\/jpeg"}],"twitter_card":"summary_large_image","twitter_misc":{"Tiempo de lectura":"2 minutos"},"schema":{"@context":"https:\/\/schema.org","@graph":[{"@type":"WebPage","@id":"https:\/\/actbr.com.br\/es\/producto\/valvula-modular-reguladora-de-vazao-hq-kq-jpq\/","url":"https:\/\/actbr.com.br\/es\/producto\/valvula-modular-reguladora-de-vazao-hq-kq-jpq\/","name":"V\u00e1lvula Modular Reguladora de Vaz\u00e3o HQ \/ KQ \/ JPQ - ACT Sistemas Hidr\u00e1ulicos","isPartOf":{"@id":"https:\/\/actbr.com.br\/es\/#website"},"primaryImageOfPage":{"@id":"https:\/\/actbr.com.br\/es\/producto\/valvula-modular-reguladora-de-vazao-hq-kq-jpq\/#primaryimage"},"image":{"@id":"https:\/\/actbr.com.br\/es\/producto\/valvula-modular-reguladora-de-vazao-hq-kq-jpq\/#primaryimage"},"thumbnailUrl":"https:\/\/actbr.com.br\/wp-content\/uploads\/2020\/09\/Valvula-Modular-ATOS-Reguladora-de-Vazao-\u2013-HQ-KQ-JPQ.jpg","datePublished":"2020-09-29T15:39:28+00:00","dateModified":"2023-10-19T12:19:41+00:00","description":"Veja aqui as op\u00e7\u00f5es de configura\u00e7\u00e3o e como fazer a solicita\u00e7\u00e3o da V\u00e1lvula Modular ATOS Reguladora de Vaz\u00e3o - modelos HQ \/ KQ \/ JPQ.","breadcrumb":{"@id":"https:\/\/actbr.com.br\/es\/producto\/valvula-modular-reguladora-de-vazao-hq-kq-jpq\/#breadcrumb"},"inLanguage":"es","potentialAction":[{"@type":"ReadAction","target":["https:\/\/actbr.com.br\/es\/producto\/valvula-modular-reguladora-de-vazao-hq-kq-jpq\/"]}]},{"@type":"ImageObject","inLanguage":"es","@id":"https:\/\/actbr.com.br\/es\/producto\/valvula-modular-reguladora-de-vazao-hq-kq-jpq\/#primaryimage","url":"https:\/\/actbr.com.br\/wp-content\/uploads\/2020\/09\/Valvula-Modular-ATOS-Reguladora-de-Vazao-\u2013-HQ-KQ-JPQ.jpg","contentUrl":"https:\/\/actbr.com.br\/wp-content\/uploads\/2020\/09\/Valvula-Modular-ATOS-Reguladora-de-Vazao-\u2013-HQ-KQ-JPQ.jpg","width":600,"height":450,"caption":"V\u00e1lvula Modular ATOS Reguladora de Vaz\u00e3o - HQ \/ KQ \/ JPQ"},{"@type":"BreadcrumbList","@id":"https:\/\/actbr.com.br\/es\/producto\/valvula-modular-reguladora-de-vazao-hq-kq-jpq\/#breadcrumb","itemListElement":[{"@type":"ListItem","position":1,"name":"Comenzar","item":"https:\/\/actbr.com.br\/es\/"},{"@type":"ListItem","position":2,"name":"Produtos","item":"https:\/\/actbr.com.br\/produtos-act\/"},{"@type":"ListItem","position":3,"name":"V\u00e1lvulas Modulares","item":"https:\/\/actbr.com.br\/es\/categoria-produto\/valvulas-modulares\/"},{"@type":"ListItem","position":4,"name":"Reguladora de Vaz\u00e3o","item":"https:\/\/actbr.com.br\/es\/categoria-produto\/valvulas-modulares\/reguladora-de-vazao\/"},{"@type":"ListItem","position":5,"name":"V\u00e1lvula Modular Reguladora de Vaz\u00e3o HQ \/ KQ \/ JPQ"}]},{"@type":"WebSite","@id":"https:\/\/actbr.com.br\/es\/#website","url":"https:\/\/actbr.com.br\/es\/","name":"ACT Sistemas Hidr\u00e1ulicos","description":"Fabricaci\u00f3n y mantenimiento de componentes de aceite hidr\u00e1ulico","publisher":{"@id":"https:\/\/actbr.com.br\/es\/#organization"},"potentialAction":[{"@type":"SearchAction","target":{"@type":"EntryPoint","urlTemplate":"https:\/\/actbr.com.br\/es\/?s={search_term_string}"},"query-input":{"@type":"PropertyValueSpecification","valueRequired":true,"valueName":"search_term_string"}}],"inLanguage":"es"},{"@type":"Organization","@id":"https:\/\/actbr.com.br\/es\/#organization","name":"ACT Sistemas Hidr\u00e1ulicos","url":"https:\/\/actbr.com.br\/es\/","logo":{"@type":"ImageObject","inLanguage":"es","@id":"https:\/\/actbr.com.br\/es\/#\/schema\/logo\/image\/","url":"https:\/\/actbr.com.br\/wp-content\/uploads\/2025\/02\/cropped-ACT_NEGATIVO-marca-dagua.png","contentUrl":"https:\/\/actbr.com.br\/wp-content\/uploads\/2025\/02\/cropped-ACT_NEGATIVO-marca-dagua.png","width":240,"height":146,"caption":"ACT Sistemas Hidr\u00e1ulicos"},"image":{"@id":"https:\/\/actbr.com.br\/es\/#\/schema\/logo\/image\/"}}]}},"_links":{"self":[{"href":"https:\/\/actbr.com.br\/es\/wp-json\/wp\/v2\/product\/3456","targetHints":{"allow":["GET"]}}],"collection":[{"href":"https:\/\/actbr.com.br\/es\/wp-json\/wp\/v2\/product"}],"about":[{"href":"https:\/\/actbr.com.br\/es\/wp-json\/wp\/v2\/types\/product"}],"wp:featuredmedia":[{"embeddable":true,"href":"https:\/\/actbr.com.br\/es\/wp-json\/wp\/v2\/media\/6943"}],"wp:attachment":[{"href":"https:\/\/actbr.com.br\/es\/wp-json\/wp\/v2\/media?parent=3456"}],"wp:term":[{"taxonomy":"product_brand","embeddable":true,"href":"https:\/\/actbr.com.br\/es\/wp-json\/wp\/v2\/product_brand?post=3456"},{"taxonomy":"product_cat","embeddable":true,"href":"https:\/\/actbr.com.br\/es\/wp-json\/wp\/v2\/product_cat?post=3456"},{"taxonomy":"product_tag","embeddable":true,"href":"https:\/\/actbr.com.br\/es\/wp-json\/wp\/v2\/product_tag?post=3456"}],"curies":[{"name":"wp","href":"https:\/\/api.w.org\/{rel}","templated":true}]}}