{"id":3466,"date":"2020-09-29T12:39:28","date_gmt":"2020-09-29T15:39:28","guid":{"rendered":"https:\/\/actbr.com.br\/produto\/valvula-modular-atos-limitadora-de-pressao-hm-hmp-km\/"},"modified":"2023-10-19T13:59:00","modified_gmt":"2023-10-19T16:59:00","slug":"valvula-modular-reguladora-de-pressao-tipo-alivio-hm-hmp-km","status":"publish","type":"product","link":"https:\/\/actbr.com.br\/es\/producto\/valvula-modular-reguladora-de-pressao-tipo-alivio-hm-hmp-km\/","title":{"rendered":"V\u00e1lvula Modular Reguladora de Press\u00e3o tipo Al\u00edvio HM \/ HMP \/ KM"},"content":{"rendered":"<p><strong>V\u00e1lvula Modular ATOS Limitadora de Press\u00e3o HM \/ HMP \/ KM<\/strong><\/p>\n<p>A V\u00e1lvula Modular ATOS Limitadora de Press\u00e3o HM \/ HMP \/ KM t\u00eam duas fun\u00e7\u00f5es: limitar a press\u00e3o de um circuito ou em parte dele, a um n\u00edvel pr\u00e9-selecionado, e proteger o sistema e os diversos equipamentos que o comp\u00f5em contra sobrecarga. Podem de ser de a\u00e7\u00e3o direta ou pilotada.<\/p>\n<p><strong>Como solicitar:<\/strong><\/p>\n<p><img decoding=\"async\" src=\"https:\/\/actbr.com.br\/wp-content\/uploads\/2020\/09\/hm-hmp-atos.jpg\" alt=\"\" \/><\/p>\n<p><img decoding=\"async\" src=\"https:\/\/actbr.com.br\/wp-content\/uploads\/2020\/09\/hmp-atos-hm.jpg\" alt=\"\" \/><\/p>\n<p><strong>Limitadora de Press\u00e3o \u2013 Tipo Al\u00edvio \u2013 HMP:<\/strong><br \/>\nHMP-011; HMP-012; HMP-013; HMP-014; HMP-015 (Direta);<br \/>\nV\u00e1lvula TN6, trabalha em press\u00f5es de at\u00e9 350 bar e com vaz\u00e3o m\u00e1xima de 35 litros por minuto.<\/p>\n<p><strong>Limitadora de Press\u00e3o \u2013 Tipo Al\u00edvio \u2013 HM:<\/strong><br \/>\nHM-011; HM-012; HM-013; HM-014; HM-015;<br \/>\nV\u00e1lvula TN6, trabalha em press\u00f5es de at\u00e9 350 bar e com vaz\u00e3o m\u00e1xima de 60 litros por minuto.<\/p>\n<p><strong>Limitadora de Press\u00e3o \u2013 Tipo Al\u00edvio \u2013 KM:<\/strong><br \/>\nKM-011; KM-012; KM-013; KM-014; KM-015;<br \/>\nV\u00e1lvula TN10, trabalha em press\u00f5es de at\u00e9 350 bar e com vaz\u00e3o m\u00e1xima de 120 litros por minuto.<\/p>\n\n<table id=\"tablepress-10\" class=\"tablepress tablepress-id-10 tbody-has-connected-cells\">\n<thead>\n<tr class=\"row-1\">\n\t<th colspan=\"6\" class=\"column-1\"><strong>V\u00e1lvulas Modulares<\/strong><\/th>\n<\/tr>\n<\/thead>\n<tbody class=\"row-striping row-hover\">\n<tr class=\"row-2\">\n\t<td colspan=\"3\" class=\"column-1\"><strong>ATOS <\/strong><\/td><td rowspan=\"2\" class=\"column-4\"><strong>BOSCH<\/strong><\/td><td rowspan=\"2\" class=\"column-5\"><strong>ACT<\/strong><\/td><td rowspan=\"2\" class=\"column-6\"><strong>VICKERS<\/strong><\/td>\n<\/tr>\n<tr class=\"row-3\">\n\t<td class=\"column-1\"><strong>TAB<\/strong><\/td><td colspan=\"2\" class=\"column-2\"><strong>C\u00f3digo do Modelo<\/strong><\/td>\n<\/tr>\n<tr class=\"row-4\">\n\t<td rowspan=\"5\" class=\"column-1\">D120<\/td><td rowspan=\"5\" class=\"column-2\">HM<\/td><td class=\"column-3\"><span style=\"color:#000000;\"><strong>011<\/strong><\/span><span style=\"color:#000000;\">\/50\/100\/210\/350<\/span><\/td><td class=\"column-4\">0 811 109 122\/123<\/td><td class=\"column-5\">ZDB6VP-4X\/50\/100\/200\/315<\/td><td class=\"column-6\">DGMC-3-PT\/P\/A\/B\/C\/G-W<\/td>\n<\/tr>\n<tr class=\"row-5\">\n\t<td class=\"column-3\"><span style=\"color:#000000;\"><strong>012<\/strong><\/span><span style=\"color:#000000;\">\/50\/100\/210\/350<\/span><\/td><td class=\"column-4\">-<\/td><td class=\"column-5\">ZDB6VC2-4X\/50\/100\/200\/315<\/td><td class=\"column-6\">DGMC2-3-AT*W-BT-*-W<\/td>\n<\/tr>\n<tr class=\"row-6\">\n\t<td class=\"column-3\"><span style=\"color:#000000;\"><strong>013<\/strong><\/span><span style=\"color:#000000;\">\/50\/100\/210\/350<\/span><\/td><td class=\"column-4\">-<\/td><td class=\"column-5\">ZDB6VA2-4X\/50\/100\/200\/315<\/td><td class=\"column-6\">DGMC-3-AT\/P\/A\/B\/C\/G-W<\/td>\n<\/tr>\n<tr class=\"row-7\">\n\t<td class=\"column-3\"><span style=\"color:#000000;\"><strong>014<\/strong><\/span><span style=\"color:#000000;\">\/50\/100\/210\/350<\/span><\/td><td class=\"column-4\">-<\/td><td class=\"column-5\">ZDB6VB2-4X\/50\/100\/200\/350<\/td><td class=\"column-6\">DGMC-3-BT\/P\/A\/B\/C\/G-W<\/td>\n<\/tr>\n<tr class=\"row-8\">\n\t<td class=\"column-3\"><span style=\"color:#000000;\"><strong>015<\/strong><\/span><span style=\"color:#000000;\">\/50\/100\/210\/350<\/span><\/td><td class=\"column-4\">0 811 109 023\/024<\/td><td class=\"column-5\">ZDB6VD2-4X\/50\/100\/200\/315<\/td><td class=\"column-6\">DGMC2-3-AB*W-BA*W<\/td>\n<\/tr>\n<tr class=\"row-9\">\n\t<td rowspan=\"5\" class=\"column-1\">D120<\/td><td rowspan=\"5\" class=\"column-2\">KM<\/td><td class=\"column-3\"><span style=\"color:#000000;\"><strong>011<\/strong><\/span><span style=\"color:#000000;\">\/50\/100\/210\/350<\/span><\/td><td class=\"column-4\">0 811 101 210\/211\/212<\/td><td class=\"column-5\">ZDB6VP2-4X\/50\/100\/200\/315<\/td><td class=\"column-6\">DGMC-5-PT\/A\/B\/F\/G-W<\/td>\n<\/tr>\n<tr class=\"row-10\">\n\t<td class=\"column-3\"><span style=\"color:#000000;\"><strong>012<\/strong><\/span><span style=\"color:#000000;\">\/50\/100\/210\/350<\/span><\/td><td class=\"column-4\">0 811 101 265\/266\/267<\/td><td class=\"column-5\">ZDB6VC2-4X\/50\/100\/200\/315<\/td><td class=\"column-6\">DGMC2-5-AT*W-BT*W<\/td>\n<\/tr>\n<tr class=\"row-11\">\n\t<td class=\"column-3\"><span style=\"color:#000000;\"><strong>013<\/strong><\/span><span style=\"color:#000000;\">\/50\/100\/210\/350<\/span><\/td><td class=\"column-4\">0 811 101 255\/256\/257<\/td><td class=\"column-5\">ZDB6VA2-4X\/50\/100\/200\/315<\/td><td class=\"column-6\">DGCM-5-AT\/A\/B\/F\/G-W<\/td>\n<\/tr>\n<tr class=\"row-12\">\n\t<td class=\"column-3\"><span style=\"color:#000000;\"><strong>014<\/strong><\/span><span style=\"color:#000000;\">\/50\/100\/210\/350<\/span><\/td><td class=\"column-4\">0 811 101 260\/261\/262<\/td><td class=\"column-5\">ZDB6VB2-4X\/50\/100\/200\/315<\/td><td class=\"column-6\">DGCM-5-BT\/A\/B\/F\/G-W<\/td>\n<\/tr>\n<tr class=\"row-13\">\n\t<td class=\"column-3\"><span style=\"color:#000000;\"><strong>015<\/strong><\/span><span style=\"color:#000000;\">\/50\/100\/210\/350<\/span><\/td><td class=\"column-4\">0 811 101 270\/271\/272<\/td><td class=\"column-5\">ZDB6VD2-4X\/50\/100\/200\/315<\/td><td class=\"column-6\">DGMC2-5-AB*W-BA*W<\/td>\n<\/tr>\n<tr class=\"row-14\">\n\t<td rowspan=\"5\" class=\"column-1\">D120<\/td><td rowspan=\"5\" class=\"column-2\">HMP<\/td><td class=\"column-3\"><span style=\"color:#000000;\"><strong>011<\/strong><\/span><span style=\"color:#000000;\">\/50\/100\/210\/350<\/span><\/td><td class=\"column-4\">0 811 109\/*\/131\/132\/133<\/td><td class=\"column-5\">-<\/td><td class=\"column-6\">-<\/td>\n<\/tr>\n<tr class=\"row-15\">\n\t<td class=\"column-3\"><span style=\"color:#000000;\"><strong>012<\/strong><\/span><span style=\"color:#000000;\">\/50\/100\/210\/350<\/span><\/td><td class=\"column-4\">0 811 109\/*\/143\/144\/145<\/td><td class=\"column-5\">-<\/td><td class=\"column-6\">-<\/td>\n<\/tr>\n<tr class=\"row-16\">\n\t<td class=\"column-3\"><span style=\"color:#000000;\"><strong>013<\/strong><\/span><span style=\"color:#000000;\">\/50\/100\/210\/350<\/span><\/td><td class=\"column-4\">0 811 109\/*\/135\/136\/137<\/td><td class=\"column-5\">-<\/td><td class=\"column-6\">-<\/td>\n<\/tr>\n<tr class=\"row-17\">\n\t<td class=\"column-3\"><span style=\"color:#000000;\"><strong>014<\/strong><\/span><span style=\"color:#000000;\">\/50\/100\/210\/350<\/span><\/td><td class=\"column-4\">0 811 109\/*\/139\/140\/141<\/td><td class=\"column-5\">-<\/td><td class=\"column-6\">-<\/td>\n<\/tr>\n<tr class=\"row-18\">\n\t<td class=\"column-3\"><span style=\"color:#000000;\"><strong>015<\/strong><\/span><span style=\"color:#000000;\">\/50\/100\/210\/350<\/span><\/td><td class=\"column-4\">0 811 109\/*\/147\/148\/149<\/td><td class=\"column-5\">-<\/td><td class=\"column-6\">-<\/td>\n<\/tr>\n<tr class=\"row-19\">\n\t<td class=\"column-1\"><\/td><td class=\"column-2\"><\/td><td class=\"column-3\"><\/td><td class=\"column-4\"><\/td><td class=\"column-5\"><\/td><td class=\"column-6\"><\/td>\n<\/tr>\n<\/tbody>\n<\/table>\n<!-- #tablepress-10 from cache -->\n","protected":false},"excerpt":{"rendered":"<p>A V\u00e1lvula Modular ATOS Limitadora de Press\u00e3o HM \/ HMP \/ KM tem duas fun\u00e7\u00f5es: limita a press\u00e3o de um circuito e protege o sistema contra sobrecarga.<\/p>\n","protected":false},"featured_media":6990,"template":"","meta":[],"product_brand":[],"product_cat":[74,58],"product_tag":[],"class_list":{"0":"post-3466","1":"product","2":"type-product","3":"status-publish","4":"has-post-thumbnail","6":"product_cat-modulares-reguladora-de-pressao-alivio","7":"product_cat-valvulas-modulares","9":"first","10":"instock","11":"virtual","12":"product-type-simple"},"yoast_head":"<!-- This site is optimized with the Yoast SEO plugin v27.5 - https:\/\/yoast.com\/product\/yoast-seo-wordpress\/ -->\n<title>V\u00e1lvula Modular Reguladora de Press\u00e3o tipo Al\u00edvio HM \/ HMP \/ KM - ACT Sistemas Hidr\u00e1ulicos<\/title>\n<meta name=\"description\" content=\"A V\u00e1lvula Modular ATOS Limitadora de Press\u00e3o HM \/ HMP \/ KM tem duas fun\u00e7\u00f5es: limita a press\u00e3o de um circuito e protege o sistema contra sobrecarga.\" \/>\n<meta name=\"robots\" content=\"index, follow, max-snippet:-1, max-image-preview:large, max-video-preview:-1\" \/>\n<link rel=\"canonical\" href=\"https:\/\/actbr.com.br\/es\/producto\/valvula-modular-reguladora-de-pressao-tipo-alivio-hm-hmp-km\/\" \/>\n<meta property=\"og:locale\" content=\"es_ES\" \/>\n<meta property=\"og:type\" content=\"article\" \/>\n<meta property=\"og:title\" content=\"V\u00e1lvula Modular Reguladora de Press\u00e3o tipo Al\u00edvio HM \/ HMP \/ KM - ACT Sistemas Hidr\u00e1ulicos\" \/>\n<meta property=\"og:description\" content=\"A V\u00e1lvula Modular ATOS Limitadora de Press\u00e3o HM \/ HMP \/ KM tem duas fun\u00e7\u00f5es: limita a press\u00e3o de um circuito e protege o sistema contra sobrecarga.\" \/>\n<meta property=\"og:url\" content=\"https:\/\/actbr.com.br\/es\/producto\/valvula-modular-reguladora-de-pressao-tipo-alivio-hm-hmp-km\/\" \/>\n<meta property=\"og:site_name\" content=\"ACT Sistemas Hidr\u00e1ulicos\" \/>\n<meta property=\"article:modified_time\" content=\"2023-10-19T16:59:00+00:00\" \/>\n<meta property=\"og:image\" content=\"https:\/\/actbr.com.br\/wp-content\/uploads\/2020\/09\/Valvula-Modular-ATOS-Limitadora-de-Pressao-HM-HMP-KM.jpg\" \/>\n\t<meta property=\"og:image:width\" content=\"600\" \/>\n\t<meta property=\"og:image:height\" content=\"450\" \/>\n\t<meta property=\"og:image:type\" content=\"image\/jpeg\" \/>\n<meta name=\"twitter:card\" content=\"summary_large_image\" \/>\n<meta name=\"twitter:label1\" content=\"Tiempo de lectura\" \/>\n\t<meta name=\"twitter:data1\" content=\"2 minutos\" \/>\n<script type=\"application\/ld+json\" class=\"yoast-schema-graph\">{\"@context\":\"https:\\\/\\\/schema.org\",\"@graph\":[{\"@type\":\"WebPage\",\"@id\":\"https:\\\/\\\/actbr.com.br\\\/es\\\/producto\\\/valvula-modular-reguladora-de-pressao-tipo-alivio-hm-hmp-km\\\/\",\"url\":\"https:\\\/\\\/actbr.com.br\\\/es\\\/producto\\\/valvula-modular-reguladora-de-pressao-tipo-alivio-hm-hmp-km\\\/\",\"name\":\"V\u00e1lvula Modular Reguladora de Press\u00e3o tipo Al\u00edvio HM \\\/ HMP \\\/ KM - ACT Sistemas Hidr\u00e1ulicos\",\"isPartOf\":{\"@id\":\"https:\\\/\\\/actbr.com.br\\\/es\\\/#website\"},\"primaryImageOfPage\":{\"@id\":\"https:\\\/\\\/actbr.com.br\\\/es\\\/producto\\\/valvula-modular-reguladora-de-pressao-tipo-alivio-hm-hmp-km\\\/#primaryimage\"},\"image\":{\"@id\":\"https:\\\/\\\/actbr.com.br\\\/es\\\/producto\\\/valvula-modular-reguladora-de-pressao-tipo-alivio-hm-hmp-km\\\/#primaryimage\"},\"thumbnailUrl\":\"https:\\\/\\\/actbr.com.br\\\/wp-content\\\/uploads\\\/2020\\\/09\\\/Valvula-Modular-ATOS-Limitadora-de-Pressao-HM-HMP-KM.jpg\",\"datePublished\":\"2020-09-29T15:39:28+00:00\",\"dateModified\":\"2023-10-19T16:59:00+00:00\",\"description\":\"A V\u00e1lvula Modular ATOS Limitadora de Press\u00e3o HM \\\/ HMP \\\/ KM tem duas fun\u00e7\u00f5es: limita a press\u00e3o de um circuito e protege o sistema contra sobrecarga.\",\"breadcrumb\":{\"@id\":\"https:\\\/\\\/actbr.com.br\\\/es\\\/producto\\\/valvula-modular-reguladora-de-pressao-tipo-alivio-hm-hmp-km\\\/#breadcrumb\"},\"inLanguage\":\"es\",\"potentialAction\":[{\"@type\":\"ReadAction\",\"target\":[\"https:\\\/\\\/actbr.com.br\\\/es\\\/producto\\\/valvula-modular-reguladora-de-pressao-tipo-alivio-hm-hmp-km\\\/\"]}]},{\"@type\":\"ImageObject\",\"inLanguage\":\"es\",\"@id\":\"https:\\\/\\\/actbr.com.br\\\/es\\\/producto\\\/valvula-modular-reguladora-de-pressao-tipo-alivio-hm-hmp-km\\\/#primaryimage\",\"url\":\"https:\\\/\\\/actbr.com.br\\\/wp-content\\\/uploads\\\/2020\\\/09\\\/Valvula-Modular-ATOS-Limitadora-de-Pressao-HM-HMP-KM.jpg\",\"contentUrl\":\"https:\\\/\\\/actbr.com.br\\\/wp-content\\\/uploads\\\/2020\\\/09\\\/Valvula-Modular-ATOS-Limitadora-de-Pressao-HM-HMP-KM.jpg\",\"width\":600,\"height\":450,\"caption\":\"V\u00e1lvula Limitadora de Press\u00e3o HM \\\/ HMP \\\/ KM\"},{\"@type\":\"BreadcrumbList\",\"@id\":\"https:\\\/\\\/actbr.com.br\\\/es\\\/producto\\\/valvula-modular-reguladora-de-pressao-tipo-alivio-hm-hmp-km\\\/#breadcrumb\",\"itemListElement\":[{\"@type\":\"ListItem\",\"position\":1,\"name\":\"Comenzar\",\"item\":\"https:\\\/\\\/actbr.com.br\\\/es\\\/\"},{\"@type\":\"ListItem\",\"position\":2,\"name\":\"Produtos\",\"item\":\"https:\\\/\\\/actbr.com.br\\\/produtos-act\\\/\"},{\"@type\":\"ListItem\",\"position\":3,\"name\":\"V\u00e1lvulas Modulares\",\"item\":\"https:\\\/\\\/actbr.com.br\\\/es\\\/categoria-produto\\\/valvulas-modulares\\\/\"},{\"@type\":\"ListItem\",\"position\":4,\"name\":\"Reguladora de Press\u00e3o - Al\u00edvio\",\"item\":\"https:\\\/\\\/actbr.com.br\\\/es\\\/categoria-produto\\\/valvulas-modulares\\\/modulares-reguladora-de-pressao-alivio\\\/\"},{\"@type\":\"ListItem\",\"position\":5,\"name\":\"V\u00e1lvula Modular Reguladora de Press\u00e3o tipo Al\u00edvio HM \\\/ HMP \\\/ KM\"}]},{\"@type\":\"WebSite\",\"@id\":\"https:\\\/\\\/actbr.com.br\\\/es\\\/#website\",\"url\":\"https:\\\/\\\/actbr.com.br\\\/es\\\/\",\"name\":\"ACT Sistemas Hidr\u00e1ulicos\",\"description\":\"Fabricaci\u00f3n y mantenimiento de componentes de aceite hidr\u00e1ulico\",\"publisher\":{\"@id\":\"https:\\\/\\\/actbr.com.br\\\/es\\\/#organization\"},\"potentialAction\":[{\"@type\":\"SearchAction\",\"target\":{\"@type\":\"EntryPoint\",\"urlTemplate\":\"https:\\\/\\\/actbr.com.br\\\/es\\\/?s={search_term_string}\"},\"query-input\":{\"@type\":\"PropertyValueSpecification\",\"valueRequired\":true,\"valueName\":\"search_term_string\"}}],\"inLanguage\":\"es\"},{\"@type\":\"Organization\",\"@id\":\"https:\\\/\\\/actbr.com.br\\\/es\\\/#organization\",\"name\":\"ACT Sistemas Hidr\u00e1ulicos\",\"url\":\"https:\\\/\\\/actbr.com.br\\\/es\\\/\",\"logo\":{\"@type\":\"ImageObject\",\"inLanguage\":\"es\",\"@id\":\"https:\\\/\\\/actbr.com.br\\\/es\\\/#\\\/schema\\\/logo\\\/image\\\/\",\"url\":\"https:\\\/\\\/actbr.com.br\\\/wp-content\\\/uploads\\\/2025\\\/02\\\/cropped-ACT_NEGATIVO-marca-dagua.png\",\"contentUrl\":\"https:\\\/\\\/actbr.com.br\\\/wp-content\\\/uploads\\\/2025\\\/02\\\/cropped-ACT_NEGATIVO-marca-dagua.png\",\"width\":240,\"height\":146,\"caption\":\"ACT Sistemas Hidr\u00e1ulicos\"},\"image\":{\"@id\":\"https:\\\/\\\/actbr.com.br\\\/es\\\/#\\\/schema\\\/logo\\\/image\\\/\"}}]}<\/script>\n<!-- \/ Yoast SEO plugin. -->","yoast_head_json":{"title":"V\u00e1lvula Modular Reguladora de Press\u00e3o tipo Al\u00edvio HM \/ HMP \/ KM - ACT Sistemas Hidr\u00e1ulicos","description":"A V\u00e1lvula Modular ATOS Limitadora de Press\u00e3o HM \/ HMP \/ KM tem duas fun\u00e7\u00f5es: limita a press\u00e3o de um circuito e protege o sistema contra sobrecarga.","robots":{"index":"index","follow":"follow","max-snippet":"max-snippet:-1","max-image-preview":"max-image-preview:large","max-video-preview":"max-video-preview:-1"},"canonical":"https:\/\/actbr.com.br\/es\/producto\/valvula-modular-reguladora-de-pressao-tipo-alivio-hm-hmp-km\/","og_locale":"es_ES","og_type":"article","og_title":"V\u00e1lvula Modular Reguladora de Press\u00e3o tipo Al\u00edvio HM \/ HMP \/ KM - ACT Sistemas Hidr\u00e1ulicos","og_description":"A V\u00e1lvula Modular ATOS Limitadora de Press\u00e3o HM \/ HMP \/ KM tem duas fun\u00e7\u00f5es: limita a press\u00e3o de um circuito e protege o sistema contra sobrecarga.","og_url":"https:\/\/actbr.com.br\/es\/producto\/valvula-modular-reguladora-de-pressao-tipo-alivio-hm-hmp-km\/","og_site_name":"ACT Sistemas Hidr\u00e1ulicos","article_modified_time":"2023-10-19T16:59:00+00:00","og_image":[{"width":600,"height":450,"url":"https:\/\/actbr.com.br\/wp-content\/uploads\/2020\/09\/Valvula-Modular-ATOS-Limitadora-de-Pressao-HM-HMP-KM.jpg","type":"image\/jpeg"}],"twitter_card":"summary_large_image","twitter_misc":{"Tiempo de lectura":"2 minutos"},"schema":{"@context":"https:\/\/schema.org","@graph":[{"@type":"WebPage","@id":"https:\/\/actbr.com.br\/es\/producto\/valvula-modular-reguladora-de-pressao-tipo-alivio-hm-hmp-km\/","url":"https:\/\/actbr.com.br\/es\/producto\/valvula-modular-reguladora-de-pressao-tipo-alivio-hm-hmp-km\/","name":"V\u00e1lvula Modular Reguladora de Press\u00e3o tipo Al\u00edvio HM \/ HMP \/ KM - ACT Sistemas Hidr\u00e1ulicos","isPartOf":{"@id":"https:\/\/actbr.com.br\/es\/#website"},"primaryImageOfPage":{"@id":"https:\/\/actbr.com.br\/es\/producto\/valvula-modular-reguladora-de-pressao-tipo-alivio-hm-hmp-km\/#primaryimage"},"image":{"@id":"https:\/\/actbr.com.br\/es\/producto\/valvula-modular-reguladora-de-pressao-tipo-alivio-hm-hmp-km\/#primaryimage"},"thumbnailUrl":"https:\/\/actbr.com.br\/wp-content\/uploads\/2020\/09\/Valvula-Modular-ATOS-Limitadora-de-Pressao-HM-HMP-KM.jpg","datePublished":"2020-09-29T15:39:28+00:00","dateModified":"2023-10-19T16:59:00+00:00","description":"A V\u00e1lvula Modular ATOS Limitadora de Press\u00e3o HM \/ HMP \/ KM tem duas fun\u00e7\u00f5es: limita a press\u00e3o de um circuito e protege o sistema contra sobrecarga.","breadcrumb":{"@id":"https:\/\/actbr.com.br\/es\/producto\/valvula-modular-reguladora-de-pressao-tipo-alivio-hm-hmp-km\/#breadcrumb"},"inLanguage":"es","potentialAction":[{"@type":"ReadAction","target":["https:\/\/actbr.com.br\/es\/producto\/valvula-modular-reguladora-de-pressao-tipo-alivio-hm-hmp-km\/"]}]},{"@type":"ImageObject","inLanguage":"es","@id":"https:\/\/actbr.com.br\/es\/producto\/valvula-modular-reguladora-de-pressao-tipo-alivio-hm-hmp-km\/#primaryimage","url":"https:\/\/actbr.com.br\/wp-content\/uploads\/2020\/09\/Valvula-Modular-ATOS-Limitadora-de-Pressao-HM-HMP-KM.jpg","contentUrl":"https:\/\/actbr.com.br\/wp-content\/uploads\/2020\/09\/Valvula-Modular-ATOS-Limitadora-de-Pressao-HM-HMP-KM.jpg","width":600,"height":450,"caption":"V\u00e1lvula Limitadora de Press\u00e3o HM \/ HMP \/ KM"},{"@type":"BreadcrumbList","@id":"https:\/\/actbr.com.br\/es\/producto\/valvula-modular-reguladora-de-pressao-tipo-alivio-hm-hmp-km\/#breadcrumb","itemListElement":[{"@type":"ListItem","position":1,"name":"Comenzar","item":"https:\/\/actbr.com.br\/es\/"},{"@type":"ListItem","position":2,"name":"Produtos","item":"https:\/\/actbr.com.br\/produtos-act\/"},{"@type":"ListItem","position":3,"name":"V\u00e1lvulas Modulares","item":"https:\/\/actbr.com.br\/es\/categoria-produto\/valvulas-modulares\/"},{"@type":"ListItem","position":4,"name":"Reguladora de Press\u00e3o - Al\u00edvio","item":"https:\/\/actbr.com.br\/es\/categoria-produto\/valvulas-modulares\/modulares-reguladora-de-pressao-alivio\/"},{"@type":"ListItem","position":5,"name":"V\u00e1lvula Modular Reguladora de Press\u00e3o tipo Al\u00edvio HM \/ HMP \/ KM"}]},{"@type":"WebSite","@id":"https:\/\/actbr.com.br\/es\/#website","url":"https:\/\/actbr.com.br\/es\/","name":"ACT Sistemas Hidr\u00e1ulicos","description":"Fabricaci\u00f3n y mantenimiento de componentes de aceite hidr\u00e1ulico","publisher":{"@id":"https:\/\/actbr.com.br\/es\/#organization"},"potentialAction":[{"@type":"SearchAction","target":{"@type":"EntryPoint","urlTemplate":"https:\/\/actbr.com.br\/es\/?s={search_term_string}"},"query-input":{"@type":"PropertyValueSpecification","valueRequired":true,"valueName":"search_term_string"}}],"inLanguage":"es"},{"@type":"Organization","@id":"https:\/\/actbr.com.br\/es\/#organization","name":"ACT Sistemas Hidr\u00e1ulicos","url":"https:\/\/actbr.com.br\/es\/","logo":{"@type":"ImageObject","inLanguage":"es","@id":"https:\/\/actbr.com.br\/es\/#\/schema\/logo\/image\/","url":"https:\/\/actbr.com.br\/wp-content\/uploads\/2025\/02\/cropped-ACT_NEGATIVO-marca-dagua.png","contentUrl":"https:\/\/actbr.com.br\/wp-content\/uploads\/2025\/02\/cropped-ACT_NEGATIVO-marca-dagua.png","width":240,"height":146,"caption":"ACT Sistemas Hidr\u00e1ulicos"},"image":{"@id":"https:\/\/actbr.com.br\/es\/#\/schema\/logo\/image\/"}}]}},"_links":{"self":[{"href":"https:\/\/actbr.com.br\/es\/wp-json\/wp\/v2\/product\/3466","targetHints":{"allow":["GET"]}}],"collection":[{"href":"https:\/\/actbr.com.br\/es\/wp-json\/wp\/v2\/product"}],"about":[{"href":"https:\/\/actbr.com.br\/es\/wp-json\/wp\/v2\/types\/product"}],"wp:featuredmedia":[{"embeddable":true,"href":"https:\/\/actbr.com.br\/es\/wp-json\/wp\/v2\/media\/6990"}],"wp:attachment":[{"href":"https:\/\/actbr.com.br\/es\/wp-json\/wp\/v2\/media?parent=3466"}],"wp:term":[{"taxonomy":"product_brand","embeddable":true,"href":"https:\/\/actbr.com.br\/es\/wp-json\/wp\/v2\/product_brand?post=3466"},{"taxonomy":"product_cat","embeddable":true,"href":"https:\/\/actbr.com.br\/es\/wp-json\/wp\/v2\/product_cat?post=3466"},{"taxonomy":"product_tag","embeddable":true,"href":"https:\/\/actbr.com.br\/es\/wp-json\/wp\/v2\/product_tag?post=3466"}],"curies":[{"name":"wp","href":"https:\/\/api.w.org\/{rel}","templated":true}]}}