{"id":3509,"date":"2020-09-29T12:40:50","date_gmt":"2020-09-29T15:40:50","guid":{"rendered":"https:\/\/actbr.com.br\/produto\/valvula-direcional-pilotada-monitorada-atos-dphi-fv-dphe-fv\/"},"modified":"2023-06-23T16:41:05","modified_gmt":"2023-06-23T19:41:05","slug":"dphi-fv-dphe-fv","status":"publish","type":"product","link":"https:\/\/actbr.com.br\/es\/producto\/dphi-fv-dphe-fv\/","title":{"rendered":"DPHI-FV DPHE-FV"},"content":{"rendered":"<div id=\"cke_pastebin\"><strong>V\u00e1lvula Direcional Pilotada Monitorada ATOS DPHI-FV DPHE-FV<\/strong><\/div>\n<div><\/div>\n<div>A V\u00e1lvula Direcional Pilotada Monitorada ATOS DPHI-FV DPHE-FV atende \u00e0 Norma NR-12 e eleva o n\u00edvel de seguran\u00e7a em m\u00e1quinas com alta classifica\u00e7\u00e3o de risco.<\/div>\n<div id=\"cke_pastebin\"><\/div>\n<div id=\"cke_pastebin\">A linha Atos de v\u00e1lvulas monitoradas s\u00e3o acionadas por solenoides, possuem sensores indutivos, al\u00e9m de fornecer a sua posi\u00e7\u00e3o atrav\u00e9s do deslocamento do embolo interno. Essa linha de v\u00e1lvulas pode ser aplicada em prensas, m\u00e1quinas operatrizes, injetoras ou qualquer outro equipamento que possua ou n\u00e3o classifica\u00e7\u00e3o elevada de risco. Nossos produtos atendem a todas as normas de seguran\u00e7a nacionais e internacionais (certificadas T\u00dcV).<\/div>\n<div><\/div>\n<div><\/div>\n<div><\/div>\n<div><strong>Como solicitar:<\/strong><\/div>\n<div style=\"margin: 0px; padding: 0px; color: #4f4f4f; font-family: 'Trebuchet MS', Arial, Helvetica, sans-serif; font-size: 12px;\"><span style=\"font-family: Arial;\">\u00a0<\/span><\/div>\n<div style=\"margin: 0px; padding: 0px; color: #4f4f4f; font-family: 'Trebuchet MS', Arial, Helvetica, sans-serif; font-size: 12px;\"><img decoding=\"async\" style=\"margin: 0px; padding: 0px; border: 0px; width: 600px; height: 623px;\" src=\"https:\/\/actbr.com.br\/wp-content\/uploads\/2020\/09\/dphi-fv-atex-nr12-atos.jpg\" alt=\"\" \/><img decoding=\"async\" style=\"margin: 0px; padding: 0px; border: 0px; width: 608px; height: 307px;\" src=\"https:\/\/actbr.com.br\/wp-content\/uploads\/2020\/09\/dphi-valvula-de-seguranca-atos.jpg\" alt=\"\" \/><\/div>\n<div style=\"margin: 0px; padding: 0px; color: #4f4f4f; font-family: 'Trebuchet MS', Arial, Helvetica, sans-serif; font-size: 12px;\"><span style=\"font-family: Arial;\">\u00a0<\/span><\/div>\n","protected":false},"excerpt":{"rendered":"<p>A V\u00e1lvula Direcional Pilotada Monitorada ATOS DPHI-FV DPHE-FV atende \u00e0 Norma NR-12 e eleva o n\u00edvel de seguran\u00e7a em m\u00e1quinas com alta classifica\u00e7\u00e3o de risco.<\/p>\n","protected":false},"featured_media":8203,"template":"","meta":[],"product_brand":[],"product_cat":[83,46],"product_tag":[],"class_list":{"0":"post-3509","1":"product","2":"type-product","3":"status-publish","4":"has-post-thumbnail","6":"product_cat-valvula-de-seguranca-nr-12","7":"product_cat-valvulas-direcionais","9":"first","10":"instock","11":"virtual","12":"product-type-simple"},"yoast_head":"<!-- This site is optimized with the Yoast SEO plugin v27.5 - https:\/\/yoast.com\/product\/yoast-seo-wordpress\/ -->\n<title>DPHI-FV DPHE-FV - ACT Sistemas Hidr\u00e1ulicos<\/title>\n<meta name=\"description\" content=\"A V\u00e1lvula Direcional Pilotada Monitorada ATOS DPHI-FV DPHE-FV atende \u00e0 Norma NR-12 e eleva o n\u00edvel de seguran\u00e7a em m\u00e1quinas com alta classifica\u00e7\u00e3o de risco.\" \/>\n<meta name=\"robots\" content=\"index, follow, max-snippet:-1, max-image-preview:large, max-video-preview:-1\" \/>\n<link rel=\"canonical\" href=\"https:\/\/actbr.com.br\/es\/producto\/dphi-fv-dphe-fv\/\" \/>\n<meta property=\"og:locale\" content=\"es_ES\" \/>\n<meta property=\"og:type\" content=\"article\" \/>\n<meta property=\"og:title\" content=\"DPHI-FV DPHE-FV - ACT Sistemas Hidr\u00e1ulicos\" \/>\n<meta property=\"og:description\" content=\"A V\u00e1lvula Direcional Pilotada Monitorada ATOS DPHI-FV DPHE-FV atende \u00e0 Norma NR-12 e eleva o n\u00edvel de seguran\u00e7a em m\u00e1quinas com alta classifica\u00e7\u00e3o de risco.\" \/>\n<meta property=\"og:url\" content=\"https:\/\/actbr.com.br\/es\/producto\/dphi-fv-dphe-fv\/\" \/>\n<meta property=\"og:site_name\" content=\"ACT Sistemas Hidr\u00e1ulicos\" \/>\n<meta property=\"article:modified_time\" content=\"2023-06-23T19:41:05+00:00\" \/>\n<meta property=\"og:image\" content=\"https:\/\/actbr.com.br\/wp-content\/uploads\/2020\/09\/Valvula-Direcional-Pilotada-Monitorada-ATOS-\u2013-DPHI-FV-DPHE-FV.jpg\" \/>\n\t<meta property=\"og:image:width\" content=\"615\" \/>\n\t<meta property=\"og:image:height\" content=\"311\" \/>\n\t<meta property=\"og:image:type\" content=\"image\/jpeg\" \/>\n<meta name=\"twitter:card\" content=\"summary_large_image\" \/>\n<meta name=\"twitter:label1\" content=\"Tiempo de lectura\" \/>\n\t<meta name=\"twitter:data1\" content=\"1 minuto\" \/>\n<script type=\"application\/ld+json\" class=\"yoast-schema-graph\">{\"@context\":\"https:\\\/\\\/schema.org\",\"@graph\":[{\"@type\":\"WebPage\",\"@id\":\"https:\\\/\\\/actbr.com.br\\\/es\\\/producto\\\/dphi-fv-dphe-fv\\\/\",\"url\":\"https:\\\/\\\/actbr.com.br\\\/es\\\/producto\\\/dphi-fv-dphe-fv\\\/\",\"name\":\"DPHI-FV DPHE-FV - ACT Sistemas Hidr\u00e1ulicos\",\"isPartOf\":{\"@id\":\"https:\\\/\\\/actbr.com.br\\\/es\\\/#website\"},\"primaryImageOfPage\":{\"@id\":\"https:\\\/\\\/actbr.com.br\\\/es\\\/producto\\\/dphi-fv-dphe-fv\\\/#primaryimage\"},\"image\":{\"@id\":\"https:\\\/\\\/actbr.com.br\\\/es\\\/producto\\\/dphi-fv-dphe-fv\\\/#primaryimage\"},\"thumbnailUrl\":\"https:\\\/\\\/actbr.com.br\\\/wp-content\\\/uploads\\\/2020\\\/09\\\/Valvula-Direcional-Pilotada-Monitorada-ATOS-\u2013-DPHI-FV-DPHE-FV.jpg\",\"datePublished\":\"2020-09-29T15:40:50+00:00\",\"dateModified\":\"2023-06-23T19:41:05+00:00\",\"description\":\"A V\u00e1lvula Direcional Pilotada Monitorada ATOS DPHI-FV DPHE-FV atende \u00e0 Norma NR-12 e eleva o n\u00edvel de seguran\u00e7a em m\u00e1quinas com alta classifica\u00e7\u00e3o de risco.\",\"breadcrumb\":{\"@id\":\"https:\\\/\\\/actbr.com.br\\\/es\\\/producto\\\/dphi-fv-dphe-fv\\\/#breadcrumb\"},\"inLanguage\":\"es\",\"potentialAction\":[{\"@type\":\"ReadAction\",\"target\":[\"https:\\\/\\\/actbr.com.br\\\/es\\\/producto\\\/dphi-fv-dphe-fv\\\/\"]}]},{\"@type\":\"ImageObject\",\"inLanguage\":\"es\",\"@id\":\"https:\\\/\\\/actbr.com.br\\\/es\\\/producto\\\/dphi-fv-dphe-fv\\\/#primaryimage\",\"url\":\"https:\\\/\\\/actbr.com.br\\\/wp-content\\\/uploads\\\/2020\\\/09\\\/Valvula-Direcional-Pilotada-Monitorada-ATOS-\u2013-DPHI-FV-DPHE-FV.jpg\",\"contentUrl\":\"https:\\\/\\\/actbr.com.br\\\/wp-content\\\/uploads\\\/2020\\\/09\\\/Valvula-Direcional-Pilotada-Monitorada-ATOS-\u2013-DPHI-FV-DPHE-FV.jpg\",\"width\":615,\"height\":311,\"caption\":\"V\u00e1lvula Direcional Pilotada Monitorada ATOS DPHI-FV DPHE-FV\"},{\"@type\":\"BreadcrumbList\",\"@id\":\"https:\\\/\\\/actbr.com.br\\\/es\\\/producto\\\/dphi-fv-dphe-fv\\\/#breadcrumb\",\"itemListElement\":[{\"@type\":\"ListItem\",\"position\":1,\"name\":\"Comenzar\",\"item\":\"https:\\\/\\\/actbr.com.br\\\/es\\\/\"},{\"@type\":\"ListItem\",\"position\":2,\"name\":\"Produtos\",\"item\":\"https:\\\/\\\/actbr.com.br\\\/produtos-act\\\/\"},{\"@type\":\"ListItem\",\"position\":3,\"name\":\"V\u00e1lvulas Direcionais\",\"item\":\"https:\\\/\\\/actbr.com.br\\\/es\\\/categoria-produto\\\/valvulas-direcionais\\\/\"},{\"@type\":\"ListItem\",\"position\":4,\"name\":\"V\u00e1lvula de Seguran\u00e7a (NR-12)\",\"item\":\"https:\\\/\\\/actbr.com.br\\\/es\\\/categoria-produto\\\/valvulas-direcionais\\\/valvula-de-seguranca-nr-12\\\/\"},{\"@type\":\"ListItem\",\"position\":5,\"name\":\"DPHI-FV DPHE-FV\"}]},{\"@type\":\"WebSite\",\"@id\":\"https:\\\/\\\/actbr.com.br\\\/es\\\/#website\",\"url\":\"https:\\\/\\\/actbr.com.br\\\/es\\\/\",\"name\":\"ACT Sistemas Hidr\u00e1ulicos\",\"description\":\"Fabricaci\u00f3n y mantenimiento de componentes de aceite hidr\u00e1ulico\",\"publisher\":{\"@id\":\"https:\\\/\\\/actbr.com.br\\\/es\\\/#organization\"},\"potentialAction\":[{\"@type\":\"SearchAction\",\"target\":{\"@type\":\"EntryPoint\",\"urlTemplate\":\"https:\\\/\\\/actbr.com.br\\\/es\\\/?s={search_term_string}\"},\"query-input\":{\"@type\":\"PropertyValueSpecification\",\"valueRequired\":true,\"valueName\":\"search_term_string\"}}],\"inLanguage\":\"es\"},{\"@type\":\"Organization\",\"@id\":\"https:\\\/\\\/actbr.com.br\\\/es\\\/#organization\",\"name\":\"ACT Sistemas Hidr\u00e1ulicos\",\"url\":\"https:\\\/\\\/actbr.com.br\\\/es\\\/\",\"logo\":{\"@type\":\"ImageObject\",\"inLanguage\":\"es\",\"@id\":\"https:\\\/\\\/actbr.com.br\\\/es\\\/#\\\/schema\\\/logo\\\/image\\\/\",\"url\":\"https:\\\/\\\/actbr.com.br\\\/wp-content\\\/uploads\\\/2025\\\/02\\\/cropped-ACT_NEGATIVO-marca-dagua.png\",\"contentUrl\":\"https:\\\/\\\/actbr.com.br\\\/wp-content\\\/uploads\\\/2025\\\/02\\\/cropped-ACT_NEGATIVO-marca-dagua.png\",\"width\":240,\"height\":146,\"caption\":\"ACT Sistemas Hidr\u00e1ulicos\"},\"image\":{\"@id\":\"https:\\\/\\\/actbr.com.br\\\/es\\\/#\\\/schema\\\/logo\\\/image\\\/\"}}]}<\/script>\n<!-- \/ Yoast SEO plugin. -->","yoast_head_json":{"title":"DPHI-FV DPHE-FV - ACT Sistemas Hidr\u00e1ulicos","description":"A V\u00e1lvula Direcional Pilotada Monitorada ATOS DPHI-FV DPHE-FV atende \u00e0 Norma NR-12 e eleva o n\u00edvel de seguran\u00e7a em m\u00e1quinas com alta classifica\u00e7\u00e3o de risco.","robots":{"index":"index","follow":"follow","max-snippet":"max-snippet:-1","max-image-preview":"max-image-preview:large","max-video-preview":"max-video-preview:-1"},"canonical":"https:\/\/actbr.com.br\/es\/producto\/dphi-fv-dphe-fv\/","og_locale":"es_ES","og_type":"article","og_title":"DPHI-FV DPHE-FV - ACT Sistemas Hidr\u00e1ulicos","og_description":"A V\u00e1lvula Direcional Pilotada Monitorada ATOS DPHI-FV DPHE-FV atende \u00e0 Norma NR-12 e eleva o n\u00edvel de seguran\u00e7a em m\u00e1quinas com alta classifica\u00e7\u00e3o de risco.","og_url":"https:\/\/actbr.com.br\/es\/producto\/dphi-fv-dphe-fv\/","og_site_name":"ACT Sistemas Hidr\u00e1ulicos","article_modified_time":"2023-06-23T19:41:05+00:00","og_image":[{"width":615,"height":311,"url":"https:\/\/actbr.com.br\/wp-content\/uploads\/2020\/09\/Valvula-Direcional-Pilotada-Monitorada-ATOS-\u2013-DPHI-FV-DPHE-FV.jpg","type":"image\/jpeg"}],"twitter_card":"summary_large_image","twitter_misc":{"Tiempo de lectura":"1 minuto"},"schema":{"@context":"https:\/\/schema.org","@graph":[{"@type":"WebPage","@id":"https:\/\/actbr.com.br\/es\/producto\/dphi-fv-dphe-fv\/","url":"https:\/\/actbr.com.br\/es\/producto\/dphi-fv-dphe-fv\/","name":"DPHI-FV DPHE-FV - ACT Sistemas Hidr\u00e1ulicos","isPartOf":{"@id":"https:\/\/actbr.com.br\/es\/#website"},"primaryImageOfPage":{"@id":"https:\/\/actbr.com.br\/es\/producto\/dphi-fv-dphe-fv\/#primaryimage"},"image":{"@id":"https:\/\/actbr.com.br\/es\/producto\/dphi-fv-dphe-fv\/#primaryimage"},"thumbnailUrl":"https:\/\/actbr.com.br\/wp-content\/uploads\/2020\/09\/Valvula-Direcional-Pilotada-Monitorada-ATOS-\u2013-DPHI-FV-DPHE-FV.jpg","datePublished":"2020-09-29T15:40:50+00:00","dateModified":"2023-06-23T19:41:05+00:00","description":"A V\u00e1lvula Direcional Pilotada Monitorada ATOS DPHI-FV DPHE-FV atende \u00e0 Norma NR-12 e eleva o n\u00edvel de seguran\u00e7a em m\u00e1quinas com alta classifica\u00e7\u00e3o de risco.","breadcrumb":{"@id":"https:\/\/actbr.com.br\/es\/producto\/dphi-fv-dphe-fv\/#breadcrumb"},"inLanguage":"es","potentialAction":[{"@type":"ReadAction","target":["https:\/\/actbr.com.br\/es\/producto\/dphi-fv-dphe-fv\/"]}]},{"@type":"ImageObject","inLanguage":"es","@id":"https:\/\/actbr.com.br\/es\/producto\/dphi-fv-dphe-fv\/#primaryimage","url":"https:\/\/actbr.com.br\/wp-content\/uploads\/2020\/09\/Valvula-Direcional-Pilotada-Monitorada-ATOS-\u2013-DPHI-FV-DPHE-FV.jpg","contentUrl":"https:\/\/actbr.com.br\/wp-content\/uploads\/2020\/09\/Valvula-Direcional-Pilotada-Monitorada-ATOS-\u2013-DPHI-FV-DPHE-FV.jpg","width":615,"height":311,"caption":"V\u00e1lvula Direcional Pilotada Monitorada ATOS DPHI-FV DPHE-FV"},{"@type":"BreadcrumbList","@id":"https:\/\/actbr.com.br\/es\/producto\/dphi-fv-dphe-fv\/#breadcrumb","itemListElement":[{"@type":"ListItem","position":1,"name":"Comenzar","item":"https:\/\/actbr.com.br\/es\/"},{"@type":"ListItem","position":2,"name":"Produtos","item":"https:\/\/actbr.com.br\/produtos-act\/"},{"@type":"ListItem","position":3,"name":"V\u00e1lvulas Direcionais","item":"https:\/\/actbr.com.br\/es\/categoria-produto\/valvulas-direcionais\/"},{"@type":"ListItem","position":4,"name":"V\u00e1lvula de Seguran\u00e7a (NR-12)","item":"https:\/\/actbr.com.br\/es\/categoria-produto\/valvulas-direcionais\/valvula-de-seguranca-nr-12\/"},{"@type":"ListItem","position":5,"name":"DPHI-FV DPHE-FV"}]},{"@type":"WebSite","@id":"https:\/\/actbr.com.br\/es\/#website","url":"https:\/\/actbr.com.br\/es\/","name":"ACT Sistemas Hidr\u00e1ulicos","description":"Fabricaci\u00f3n y mantenimiento de componentes de aceite hidr\u00e1ulico","publisher":{"@id":"https:\/\/actbr.com.br\/es\/#organization"},"potentialAction":[{"@type":"SearchAction","target":{"@type":"EntryPoint","urlTemplate":"https:\/\/actbr.com.br\/es\/?s={search_term_string}"},"query-input":{"@type":"PropertyValueSpecification","valueRequired":true,"valueName":"search_term_string"}}],"inLanguage":"es"},{"@type":"Organization","@id":"https:\/\/actbr.com.br\/es\/#organization","name":"ACT Sistemas Hidr\u00e1ulicos","url":"https:\/\/actbr.com.br\/es\/","logo":{"@type":"ImageObject","inLanguage":"es","@id":"https:\/\/actbr.com.br\/es\/#\/schema\/logo\/image\/","url":"https:\/\/actbr.com.br\/wp-content\/uploads\/2025\/02\/cropped-ACT_NEGATIVO-marca-dagua.png","contentUrl":"https:\/\/actbr.com.br\/wp-content\/uploads\/2025\/02\/cropped-ACT_NEGATIVO-marca-dagua.png","width":240,"height":146,"caption":"ACT Sistemas Hidr\u00e1ulicos"},"image":{"@id":"https:\/\/actbr.com.br\/es\/#\/schema\/logo\/image\/"}}]}},"_links":{"self":[{"href":"https:\/\/actbr.com.br\/es\/wp-json\/wp\/v2\/product\/3509","targetHints":{"allow":["GET"]}}],"collection":[{"href":"https:\/\/actbr.com.br\/es\/wp-json\/wp\/v2\/product"}],"about":[{"href":"https:\/\/actbr.com.br\/es\/wp-json\/wp\/v2\/types\/product"}],"wp:featuredmedia":[{"embeddable":true,"href":"https:\/\/actbr.com.br\/es\/wp-json\/wp\/v2\/media\/8203"}],"wp:attachment":[{"href":"https:\/\/actbr.com.br\/es\/wp-json\/wp\/v2\/media?parent=3509"}],"wp:term":[{"taxonomy":"product_brand","embeddable":true,"href":"https:\/\/actbr.com.br\/es\/wp-json\/wp\/v2\/product_brand?post=3509"},{"taxonomy":"product_cat","embeddable":true,"href":"https:\/\/actbr.com.br\/es\/wp-json\/wp\/v2\/product_cat?post=3509"},{"taxonomy":"product_tag","embeddable":true,"href":"https:\/\/actbr.com.br\/es\/wp-json\/wp\/v2\/product_tag?post=3509"}],"curies":[{"name":"wp","href":"https:\/\/api.w.org\/{rel}","templated":true}]}}