{"id":3528,"date":"2020-09-29T12:40:50","date_gmt":"2020-09-29T15:40:50","guid":{"rendered":"https:\/\/actbr.com.br\/produto\/valvulas-direcionais-proporcionais-atos-dhzo-dkzor-t-te\/"},"modified":"2023-06-29T08:05:39","modified_gmt":"2023-06-29T11:05:39","slug":"dhzo-dkzor-t-te","status":"publish","type":"product","link":"https:\/\/actbr.com.br\/es\/producto\/dhzo-dkzor-t-te\/","title":{"rendered":"DHZO-DKZOR T-TE"},"content":{"rendered":"<p><strong>V\u00e1lvula Direcional Proporcional ATOS \u2013 DHZO \/ DKZOR (T \u2013 TE)<\/strong><\/p>\n<p>A V\u00e1lvula DHZO-DKZOR T-TE, dispon\u00edvel nos modelos ATOS DHZO-A* e DKZOR-A*, \u00e9 uma v\u00e1lvula direcional proporcional, de opera\u00e7\u00e3o direta e com transdutor de posi\u00e7\u00e3o. Fornece controle direcional e de fluxo, atrav\u00e9s de um sinal de refer\u00eancia de um driver eletr\u00f4nico.<\/p>\n<p>\u00c9 conhecida pela sua versatilidade, melhor custo benef\u00edcio e grande campo de aplica\u00e7\u00e3o.<\/p>\n<p><strong>Como solicitar:<\/strong><\/p>\n<p><img decoding=\"async\" src=\"https:\/\/actbr.com.br\/wp-content\/uploads\/2020\/09\/dhzo-dkzor-te-atos.jpg\" alt=\"\" \/><\/p>\n<p><img decoding=\"async\" src=\"https:\/\/actbr.com.br\/wp-content\/uploads\/2020\/09\/te-dhzo-dkzor.jpg\" alt=\"\" \/><\/p>\n<p><strong>Modelos dispon\u00edveis:<\/strong><br \/>\nDHZO-TE-070;<br \/>\nDHZO-TE-071;<br \/>\nDHZO-TE-072;<br \/>\nDHZO-TE-073;<br \/>\nDHZO-TE-073 V9;<br \/>\nDHZO-TE-051;<br \/>\nDHZO-TE-053;<br \/>\nDHZO-TE-051\/B;<br \/>\nDHZO-TE-053\/B;<br \/>\nDHZO-TE-073 Q5;<br \/>\nDHZO-T-070;<br \/>\nDHZO-T-071;<br \/>\nDHZO-T-072;<br \/>\nDHZO-T-073;<br \/>\nDHZO-T-073 V9;<br \/>\nDHZO-T-051;<br \/>\nDHZO-T-053;<br \/>\nDHZO-T-051\/B;<br \/>\nDHZO-T-053\/B;<br \/>\nDHZO-T-073 Q5.<\/p>\n","protected":false},"excerpt":{"rendered":"<p>A V\u00e1lvula DHZO-DKZOR \u00e9 uma v\u00e1lvula direcional proporcional, que fornece controle direcional e de fluxo, atrav\u00e9s de um sinal de refer\u00eancia.<\/p>\n<p>&nbsp;<\/p>\n<p>&nbsp;<\/p>\n","protected":false},"featured_media":7100,"template":"","meta":[],"product_brand":[],"product_cat":[86,65],"product_tag":[],"class_list":{"0":"post-3528","1":"product","2":"type-product","3":"status-publish","4":"has-post-thumbnail","6":"product_cat-direcional","7":"product_cat-valvulas-proporcionais","9":"first","10":"instock","11":"virtual","12":"product-type-simple"},"yoast_head":"<!-- This site is optimized with the Yoast SEO plugin v27.2 - https:\/\/yoast.com\/product\/yoast-seo-wordpress\/ -->\n<title>DHZO-DKZOR T-TE - ACT Sistemas Hidr\u00e1ulicos<\/title>\n<meta name=\"description\" content=\"A V\u00e1lvula DHZO-DKZOR \u00e9 uma v\u00e1lvula direcional proporcional, que fornece controle direcional e de fluxo, atrav\u00e9s de um sinal de refer\u00eancia.\" \/>\n<meta name=\"robots\" content=\"index, follow, max-snippet:-1, max-image-preview:large, max-video-preview:-1\" \/>\n<link rel=\"canonical\" href=\"https:\/\/actbr.com.br\/es\/producto\/dhzo-dkzor-t-te\/\" \/>\n<meta property=\"og:locale\" content=\"es_ES\" \/>\n<meta property=\"og:type\" content=\"article\" \/>\n<meta property=\"og:title\" content=\"DHZO-DKZOR T-TE - ACT Sistemas Hidr\u00e1ulicos\" \/>\n<meta property=\"og:description\" content=\"A V\u00e1lvula DHZO-DKZOR \u00e9 uma v\u00e1lvula direcional proporcional, que fornece controle direcional e de fluxo, atrav\u00e9s de um sinal de refer\u00eancia.\" \/>\n<meta property=\"og:url\" content=\"https:\/\/actbr.com.br\/es\/producto\/dhzo-dkzor-t-te\/\" \/>\n<meta property=\"og:site_name\" content=\"ACT Sistemas Hidr\u00e1ulicos\" \/>\n<meta property=\"article:modified_time\" content=\"2023-06-29T11:05:39+00:00\" \/>\n<meta property=\"og:image\" content=\"https:\/\/actbr.com.br\/wp-content\/uploads\/2020\/09\/Valvulas-direcionais-proporcionais-ATOS-\u2013-DHZO-DKZOR-T-\u2013-TE.jpg\" \/>\n\t<meta property=\"og:image:width\" content=\"800\" \/>\n\t<meta property=\"og:image:height\" content=\"594\" \/>\n\t<meta property=\"og:image:type\" content=\"image\/jpeg\" \/>\n<meta name=\"twitter:card\" content=\"summary_large_image\" \/>\n<meta name=\"twitter:label1\" content=\"Tiempo de lectura\" \/>\n\t<meta name=\"twitter:data1\" content=\"1 minuto\" \/>\n<script type=\"application\/ld+json\" class=\"yoast-schema-graph\">{\"@context\":\"https:\/\/schema.org\",\"@graph\":[{\"@type\":\"WebPage\",\"@id\":\"https:\/\/actbr.com.br\/es\/producto\/dhzo-dkzor-t-te\/\",\"url\":\"https:\/\/actbr.com.br\/es\/producto\/dhzo-dkzor-t-te\/\",\"name\":\"DHZO-DKZOR T-TE - ACT Sistemas Hidr\u00e1ulicos\",\"isPartOf\":{\"@id\":\"https:\/\/actbr.com.br\/es\/#website\"},\"primaryImageOfPage\":{\"@id\":\"https:\/\/actbr.com.br\/es\/producto\/dhzo-dkzor-t-te\/#primaryimage\"},\"image\":{\"@id\":\"https:\/\/actbr.com.br\/es\/producto\/dhzo-dkzor-t-te\/#primaryimage\"},\"thumbnailUrl\":\"https:\/\/actbr.com.br\/wp-content\/uploads\/2020\/09\/Valvulas-direcionais-proporcionais-ATOS-\u2013-DHZO-DKZOR-T-\u2013-TE.jpg\",\"datePublished\":\"2020-09-29T15:40:50+00:00\",\"dateModified\":\"2023-06-29T11:05:39+00:00\",\"description\":\"A V\u00e1lvula DHZO-DKZOR \u00e9 uma v\u00e1lvula direcional proporcional, que fornece controle direcional e de fluxo, atrav\u00e9s de um sinal de refer\u00eancia.\",\"breadcrumb\":{\"@id\":\"https:\/\/actbr.com.br\/es\/producto\/dhzo-dkzor-t-te\/#breadcrumb\"},\"inLanguage\":\"es\",\"potentialAction\":[{\"@type\":\"ReadAction\",\"target\":[\"https:\/\/actbr.com.br\/es\/producto\/dhzo-dkzor-t-te\/\"]}]},{\"@type\":\"ImageObject\",\"inLanguage\":\"es\",\"@id\":\"https:\/\/actbr.com.br\/es\/producto\/dhzo-dkzor-t-te\/#primaryimage\",\"url\":\"https:\/\/actbr.com.br\/wp-content\/uploads\/2020\/09\/Valvulas-direcionais-proporcionais-ATOS-\u2013-DHZO-DKZOR-T-\u2013-TE.jpg\",\"contentUrl\":\"https:\/\/actbr.com.br\/wp-content\/uploads\/2020\/09\/Valvulas-direcionais-proporcionais-ATOS-\u2013-DHZO-DKZOR-T-\u2013-TE.jpg\",\"width\":800,\"height\":594,\"caption\":\"V\u00e1lvula Direcional Proporcional ATOS - DHZO \/ DKZOR (T - TE)\"},{\"@type\":\"BreadcrumbList\",\"@id\":\"https:\/\/actbr.com.br\/es\/producto\/dhzo-dkzor-t-te\/#breadcrumb\",\"itemListElement\":[{\"@type\":\"ListItem\",\"position\":1,\"name\":\"Comenzar\",\"item\":\"https:\/\/actbr.com.br\/es\/\"},{\"@type\":\"ListItem\",\"position\":2,\"name\":\"Produtos\",\"item\":\"https:\/\/actbr.com.br\/produtos-act\/\"},{\"@type\":\"ListItem\",\"position\":3,\"name\":\"V\u00e1lvulas Proporcionais\",\"item\":\"https:\/\/actbr.com.br\/es\/categoria-produto\/valvulas-proporcionais\/\"},{\"@type\":\"ListItem\",\"position\":4,\"name\":\"Proporcional Direcional\",\"item\":\"https:\/\/actbr.com.br\/es\/categoria-produto\/valvulas-proporcionais\/direcional\/\"},{\"@type\":\"ListItem\",\"position\":5,\"name\":\"DHZO-DKZOR T-TE\"}]},{\"@type\":\"WebSite\",\"@id\":\"https:\/\/actbr.com.br\/es\/#website\",\"url\":\"https:\/\/actbr.com.br\/es\/\",\"name\":\"ACT Sistemas Hidr\u00e1ulicos\",\"description\":\"Fabricaci\u00f3n y mantenimiento de componentes de aceite hidr\u00e1ulico\",\"publisher\":{\"@id\":\"https:\/\/actbr.com.br\/es\/#organization\"},\"potentialAction\":[{\"@type\":\"SearchAction\",\"target\":{\"@type\":\"EntryPoint\",\"urlTemplate\":\"https:\/\/actbr.com.br\/es\/?s={search_term_string}\"},\"query-input\":{\"@type\":\"PropertyValueSpecification\",\"valueRequired\":true,\"valueName\":\"search_term_string\"}}],\"inLanguage\":\"es\"},{\"@type\":\"Organization\",\"@id\":\"https:\/\/actbr.com.br\/es\/#organization\",\"name\":\"ACT Sistemas Hidr\u00e1ulicos\",\"url\":\"https:\/\/actbr.com.br\/es\/\",\"logo\":{\"@type\":\"ImageObject\",\"inLanguage\":\"es\",\"@id\":\"https:\/\/actbr.com.br\/es\/#\/schema\/logo\/image\/\",\"url\":\"https:\/\/actbr.com.br\/wp-content\/uploads\/2025\/02\/cropped-ACT_NEGATIVO-marca-dagua.png\",\"contentUrl\":\"https:\/\/actbr.com.br\/wp-content\/uploads\/2025\/02\/cropped-ACT_NEGATIVO-marca-dagua.png\",\"width\":240,\"height\":146,\"caption\":\"ACT Sistemas Hidr\u00e1ulicos\"},\"image\":{\"@id\":\"https:\/\/actbr.com.br\/es\/#\/schema\/logo\/image\/\"}}]}<\/script>\n<!-- \/ Yoast SEO plugin. -->","yoast_head_json":{"title":"DHZO-DKZOR T-TE - ACT Sistemas Hidr\u00e1ulicos","description":"A V\u00e1lvula DHZO-DKZOR \u00e9 uma v\u00e1lvula direcional proporcional, que fornece controle direcional e de fluxo, atrav\u00e9s de um sinal de refer\u00eancia.","robots":{"index":"index","follow":"follow","max-snippet":"max-snippet:-1","max-image-preview":"max-image-preview:large","max-video-preview":"max-video-preview:-1"},"canonical":"https:\/\/actbr.com.br\/es\/producto\/dhzo-dkzor-t-te\/","og_locale":"es_ES","og_type":"article","og_title":"DHZO-DKZOR T-TE - ACT Sistemas Hidr\u00e1ulicos","og_description":"A V\u00e1lvula DHZO-DKZOR \u00e9 uma v\u00e1lvula direcional proporcional, que fornece controle direcional e de fluxo, atrav\u00e9s de um sinal de refer\u00eancia.","og_url":"https:\/\/actbr.com.br\/es\/producto\/dhzo-dkzor-t-te\/","og_site_name":"ACT Sistemas Hidr\u00e1ulicos","article_modified_time":"2023-06-29T11:05:39+00:00","og_image":[{"width":800,"height":594,"url":"https:\/\/actbr.com.br\/wp-content\/uploads\/2020\/09\/Valvulas-direcionais-proporcionais-ATOS-\u2013-DHZO-DKZOR-T-\u2013-TE.jpg","type":"image\/jpeg"}],"twitter_card":"summary_large_image","twitter_misc":{"Tiempo de lectura":"1 minuto"},"schema":{"@context":"https:\/\/schema.org","@graph":[{"@type":"WebPage","@id":"https:\/\/actbr.com.br\/es\/producto\/dhzo-dkzor-t-te\/","url":"https:\/\/actbr.com.br\/es\/producto\/dhzo-dkzor-t-te\/","name":"DHZO-DKZOR T-TE - ACT Sistemas Hidr\u00e1ulicos","isPartOf":{"@id":"https:\/\/actbr.com.br\/es\/#website"},"primaryImageOfPage":{"@id":"https:\/\/actbr.com.br\/es\/producto\/dhzo-dkzor-t-te\/#primaryimage"},"image":{"@id":"https:\/\/actbr.com.br\/es\/producto\/dhzo-dkzor-t-te\/#primaryimage"},"thumbnailUrl":"https:\/\/actbr.com.br\/wp-content\/uploads\/2020\/09\/Valvulas-direcionais-proporcionais-ATOS-\u2013-DHZO-DKZOR-T-\u2013-TE.jpg","datePublished":"2020-09-29T15:40:50+00:00","dateModified":"2023-06-29T11:05:39+00:00","description":"A V\u00e1lvula DHZO-DKZOR \u00e9 uma v\u00e1lvula direcional proporcional, que fornece controle direcional e de fluxo, atrav\u00e9s de um sinal de refer\u00eancia.","breadcrumb":{"@id":"https:\/\/actbr.com.br\/es\/producto\/dhzo-dkzor-t-te\/#breadcrumb"},"inLanguage":"es","potentialAction":[{"@type":"ReadAction","target":["https:\/\/actbr.com.br\/es\/producto\/dhzo-dkzor-t-te\/"]}]},{"@type":"ImageObject","inLanguage":"es","@id":"https:\/\/actbr.com.br\/es\/producto\/dhzo-dkzor-t-te\/#primaryimage","url":"https:\/\/actbr.com.br\/wp-content\/uploads\/2020\/09\/Valvulas-direcionais-proporcionais-ATOS-\u2013-DHZO-DKZOR-T-\u2013-TE.jpg","contentUrl":"https:\/\/actbr.com.br\/wp-content\/uploads\/2020\/09\/Valvulas-direcionais-proporcionais-ATOS-\u2013-DHZO-DKZOR-T-\u2013-TE.jpg","width":800,"height":594,"caption":"V\u00e1lvula Direcional Proporcional ATOS - DHZO \/ DKZOR (T - TE)"},{"@type":"BreadcrumbList","@id":"https:\/\/actbr.com.br\/es\/producto\/dhzo-dkzor-t-te\/#breadcrumb","itemListElement":[{"@type":"ListItem","position":1,"name":"Comenzar","item":"https:\/\/actbr.com.br\/es\/"},{"@type":"ListItem","position":2,"name":"Produtos","item":"https:\/\/actbr.com.br\/produtos-act\/"},{"@type":"ListItem","position":3,"name":"V\u00e1lvulas Proporcionais","item":"https:\/\/actbr.com.br\/es\/categoria-produto\/valvulas-proporcionais\/"},{"@type":"ListItem","position":4,"name":"Proporcional Direcional","item":"https:\/\/actbr.com.br\/es\/categoria-produto\/valvulas-proporcionais\/direcional\/"},{"@type":"ListItem","position":5,"name":"DHZO-DKZOR T-TE"}]},{"@type":"WebSite","@id":"https:\/\/actbr.com.br\/es\/#website","url":"https:\/\/actbr.com.br\/es\/","name":"ACT Sistemas Hidr\u00e1ulicos","description":"Fabricaci\u00f3n y mantenimiento de componentes de aceite hidr\u00e1ulico","publisher":{"@id":"https:\/\/actbr.com.br\/es\/#organization"},"potentialAction":[{"@type":"SearchAction","target":{"@type":"EntryPoint","urlTemplate":"https:\/\/actbr.com.br\/es\/?s={search_term_string}"},"query-input":{"@type":"PropertyValueSpecification","valueRequired":true,"valueName":"search_term_string"}}],"inLanguage":"es"},{"@type":"Organization","@id":"https:\/\/actbr.com.br\/es\/#organization","name":"ACT Sistemas Hidr\u00e1ulicos","url":"https:\/\/actbr.com.br\/es\/","logo":{"@type":"ImageObject","inLanguage":"es","@id":"https:\/\/actbr.com.br\/es\/#\/schema\/logo\/image\/","url":"https:\/\/actbr.com.br\/wp-content\/uploads\/2025\/02\/cropped-ACT_NEGATIVO-marca-dagua.png","contentUrl":"https:\/\/actbr.com.br\/wp-content\/uploads\/2025\/02\/cropped-ACT_NEGATIVO-marca-dagua.png","width":240,"height":146,"caption":"ACT Sistemas Hidr\u00e1ulicos"},"image":{"@id":"https:\/\/actbr.com.br\/es\/#\/schema\/logo\/image\/"}}]}},"_links":{"self":[{"href":"https:\/\/actbr.com.br\/es\/wp-json\/wp\/v2\/product\/3528","targetHints":{"allow":["GET"]}}],"collection":[{"href":"https:\/\/actbr.com.br\/es\/wp-json\/wp\/v2\/product"}],"about":[{"href":"https:\/\/actbr.com.br\/es\/wp-json\/wp\/v2\/types\/product"}],"wp:featuredmedia":[{"embeddable":true,"href":"https:\/\/actbr.com.br\/es\/wp-json\/wp\/v2\/media\/7100"}],"wp:attachment":[{"href":"https:\/\/actbr.com.br\/es\/wp-json\/wp\/v2\/media?parent=3528"}],"wp:term":[{"taxonomy":"product_brand","embeddable":true,"href":"https:\/\/actbr.com.br\/es\/wp-json\/wp\/v2\/product_brand?post=3528"},{"taxonomy":"product_cat","embeddable":true,"href":"https:\/\/actbr.com.br\/es\/wp-json\/wp\/v2\/product_cat?post=3528"},{"taxonomy":"product_tag","embeddable":true,"href":"https:\/\/actbr.com.br\/es\/wp-json\/wp\/v2\/product_tag?post=3528"}],"curies":[{"name":"wp","href":"https:\/\/api.w.org\/{rel}","templated":true}]}}