{"id":3560,"date":"2020-09-29T12:40:50","date_gmt":"2020-09-29T15:40:50","guid":{"rendered":"https:\/\/actbr.com.br\/produto\/controladores-eletronicos-atos-e-mi-ac\/"},"modified":"2023-06-30T08:33:50","modified_gmt":"2023-06-30T11:33:50","slug":"controlador-eletronico-e-mi-ac","status":"publish","type":"product","link":"https:\/\/actbr.com.br\/es\/producto\/controlador-eletronico-e-mi-ac\/","title":{"rendered":"Controlador Eletr\u00f4nico E-MI-AC"},"content":{"rendered":"<div id=\"detalhes\">\n<p><strong>Controlador Eletr\u00f4nico ATOS \u2013 E-MI-AC<\/strong><\/p>\n<p>O Controlador Eletr\u00f4nico E-MI-AC \u00e9 constru\u00eddo sobre a norma DIN 43.650 plug-in. Utilizado em v\u00e1lvulas que n\u00e3o possuem transdutor de posi\u00e7\u00e3o. Sua fun\u00e7\u00e3o \u00e9 regular a posi\u00e7\u00e3o do \u00eambolo, o fluxo de \u00f3leo ou a press\u00e3o de trabalho, de acordo com um sinal de refer\u00eancia eletr\u00f4nico.<\/p>\n<p><strong>Como solicitar:<\/strong><\/p>\n<p><img decoding=\"async\" src=\"https:\/\/actbr.com.br\/wp-content\/uploads\/2020\/09\/como-solicitar-e-mi-ac-atos.jpg\" alt=\"\" \/><\/p>\n<\/div>\n<div id=\"relacionados\" style=\"margin: 0px; padding: 100px 0px 0px; float: left; width: 890px; color: #4f4f4f; font-family: 'Trebuchet MS', Arial, Helvetica, sans-serif; font-size: 12px;\"><\/div>\n","protected":false},"excerpt":{"rendered":"<p>O Controlador Eletr\u00f4nico E-MI-AC \u00e9 constru\u00eddo sobre a norma DIN 43.650 plug-in. Utilizado em v\u00e1lvulas que n\u00e3o possuem transdutor de posi\u00e7\u00e3o.<\/p>\n","protected":false},"featured_media":7525,"template":"","meta":[],"product_brand":[],"product_cat":[87,88],"product_tag":[],"class_list":{"0":"post-3560","1":"product","2":"type-product","3":"status-publish","4":"has-post-thumbnail","6":"product_cat-eletronica-proporcional","7":"product_cat-regulador-proporcional","9":"first","10":"instock","11":"virtual","12":"product-type-simple"},"yoast_head":"<!-- This site is optimized with the Yoast SEO plugin v27.5 - https:\/\/yoast.com\/product\/yoast-seo-wordpress\/ -->\n<title>Controlador Eletr\u00f4nico E-MI-AC - ACT Sistemas Hidr\u00e1ulicos<\/title>\n<meta name=\"description\" content=\"O Controlador Eletr\u00f4nico E-MI-AC \u00e9 constru\u00eddo sobre a norma DIN 43.650 plug-in. Utilizado em v\u00e1lvulas que n\u00e3o possuem transdutor de posi\u00e7\u00e3o.\" \/>\n<meta name=\"robots\" content=\"index, follow, max-snippet:-1, max-image-preview:large, max-video-preview:-1\" \/>\n<link rel=\"canonical\" href=\"https:\/\/actbr.com.br\/es\/producto\/controlador-eletronico-e-mi-ac\/\" \/>\n<meta property=\"og:locale\" content=\"es_ES\" \/>\n<meta property=\"og:type\" content=\"article\" \/>\n<meta property=\"og:title\" content=\"Controlador Eletr\u00f4nico E-MI-AC - ACT Sistemas Hidr\u00e1ulicos\" \/>\n<meta property=\"og:description\" content=\"O Controlador Eletr\u00f4nico E-MI-AC \u00e9 constru\u00eddo sobre a norma DIN 43.650 plug-in. Utilizado em v\u00e1lvulas que n\u00e3o possuem transdutor de posi\u00e7\u00e3o.\" \/>\n<meta property=\"og:url\" content=\"https:\/\/actbr.com.br\/es\/producto\/controlador-eletronico-e-mi-ac\/\" \/>\n<meta property=\"og:site_name\" content=\"ACT Sistemas Hidr\u00e1ulicos\" \/>\n<meta property=\"article:modified_time\" content=\"2023-06-30T11:33:50+00:00\" \/>\n<meta property=\"og:image\" content=\"https:\/\/actbr.com.br\/wp-content\/uploads\/2020\/09\/Controladores-eletronicos-ATOS-\u2013-E-MI-AC.jpg\" \/>\n\t<meta property=\"og:image:width\" content=\"1600\" \/>\n\t<meta property=\"og:image:height\" content=\"1200\" \/>\n\t<meta property=\"og:image:type\" content=\"image\/jpeg\" \/>\n<meta name=\"twitter:card\" content=\"summary_large_image\" \/>\n<meta name=\"twitter:label1\" content=\"Tiempo de lectura\" \/>\n\t<meta name=\"twitter:data1\" content=\"1 minuto\" \/>\n<script type=\"application\/ld+json\" class=\"yoast-schema-graph\">{\"@context\":\"https:\\\/\\\/schema.org\",\"@graph\":[{\"@type\":\"WebPage\",\"@id\":\"https:\\\/\\\/actbr.com.br\\\/es\\\/producto\\\/controlador-eletronico-e-mi-ac\\\/\",\"url\":\"https:\\\/\\\/actbr.com.br\\\/es\\\/producto\\\/controlador-eletronico-e-mi-ac\\\/\",\"name\":\"Controlador Eletr\u00f4nico E-MI-AC - ACT Sistemas Hidr\u00e1ulicos\",\"isPartOf\":{\"@id\":\"https:\\\/\\\/actbr.com.br\\\/es\\\/#website\"},\"primaryImageOfPage\":{\"@id\":\"https:\\\/\\\/actbr.com.br\\\/es\\\/producto\\\/controlador-eletronico-e-mi-ac\\\/#primaryimage\"},\"image\":{\"@id\":\"https:\\\/\\\/actbr.com.br\\\/es\\\/producto\\\/controlador-eletronico-e-mi-ac\\\/#primaryimage\"},\"thumbnailUrl\":\"https:\\\/\\\/actbr.com.br\\\/wp-content\\\/uploads\\\/2020\\\/09\\\/Controladores-eletronicos-ATOS-\u2013-E-MI-AC.jpg\",\"datePublished\":\"2020-09-29T15:40:50+00:00\",\"dateModified\":\"2023-06-30T11:33:50+00:00\",\"description\":\"O Controlador Eletr\u00f4nico E-MI-AC \u00e9 constru\u00eddo sobre a norma DIN 43.650 plug-in. Utilizado em v\u00e1lvulas que n\u00e3o possuem transdutor de posi\u00e7\u00e3o.\",\"breadcrumb\":{\"@id\":\"https:\\\/\\\/actbr.com.br\\\/es\\\/producto\\\/controlador-eletronico-e-mi-ac\\\/#breadcrumb\"},\"inLanguage\":\"es\",\"potentialAction\":[{\"@type\":\"ReadAction\",\"target\":[\"https:\\\/\\\/actbr.com.br\\\/es\\\/producto\\\/controlador-eletronico-e-mi-ac\\\/\"]}]},{\"@type\":\"ImageObject\",\"inLanguage\":\"es\",\"@id\":\"https:\\\/\\\/actbr.com.br\\\/es\\\/producto\\\/controlador-eletronico-e-mi-ac\\\/#primaryimage\",\"url\":\"https:\\\/\\\/actbr.com.br\\\/wp-content\\\/uploads\\\/2020\\\/09\\\/Controladores-eletronicos-ATOS-\u2013-E-MI-AC.jpg\",\"contentUrl\":\"https:\\\/\\\/actbr.com.br\\\/wp-content\\\/uploads\\\/2020\\\/09\\\/Controladores-eletronicos-ATOS-\u2013-E-MI-AC.jpg\",\"width\":1600,\"height\":1200,\"caption\":\"Controlador Eletr\u00f4nico ATOS - E-MI-AC\"},{\"@type\":\"BreadcrumbList\",\"@id\":\"https:\\\/\\\/actbr.com.br\\\/es\\\/producto\\\/controlador-eletronico-e-mi-ac\\\/#breadcrumb\",\"itemListElement\":[{\"@type\":\"ListItem\",\"position\":1,\"name\":\"Comenzar\",\"item\":\"https:\\\/\\\/actbr.com.br\\\/es\\\/\"},{\"@type\":\"ListItem\",\"position\":2,\"name\":\"Produtos\",\"item\":\"https:\\\/\\\/actbr.com.br\\\/produtos-act\\\/\"},{\"@type\":\"ListItem\",\"position\":3,\"name\":\"Eletr\u00f4nica Proporcional\",\"item\":\"https:\\\/\\\/actbr.com.br\\\/es\\\/categoria-produto\\\/eletronica-proporcional\\\/\"},{\"@type\":\"ListItem\",\"position\":4,\"name\":\"Regulador Proporcional\",\"item\":\"https:\\\/\\\/actbr.com.br\\\/es\\\/categoria-produto\\\/eletronica-proporcional\\\/regulador-proporcional\\\/\"},{\"@type\":\"ListItem\",\"position\":5,\"name\":\"Controlador Eletr\u00f4nico E-MI-AC\"}]},{\"@type\":\"WebSite\",\"@id\":\"https:\\\/\\\/actbr.com.br\\\/es\\\/#website\",\"url\":\"https:\\\/\\\/actbr.com.br\\\/es\\\/\",\"name\":\"ACT Sistemas Hidr\u00e1ulicos\",\"description\":\"Fabricaci\u00f3n y mantenimiento de componentes de aceite hidr\u00e1ulico\",\"publisher\":{\"@id\":\"https:\\\/\\\/actbr.com.br\\\/es\\\/#organization\"},\"potentialAction\":[{\"@type\":\"SearchAction\",\"target\":{\"@type\":\"EntryPoint\",\"urlTemplate\":\"https:\\\/\\\/actbr.com.br\\\/es\\\/?s={search_term_string}\"},\"query-input\":{\"@type\":\"PropertyValueSpecification\",\"valueRequired\":true,\"valueName\":\"search_term_string\"}}],\"inLanguage\":\"es\"},{\"@type\":\"Organization\",\"@id\":\"https:\\\/\\\/actbr.com.br\\\/es\\\/#organization\",\"name\":\"ACT Sistemas Hidr\u00e1ulicos\",\"url\":\"https:\\\/\\\/actbr.com.br\\\/es\\\/\",\"logo\":{\"@type\":\"ImageObject\",\"inLanguage\":\"es\",\"@id\":\"https:\\\/\\\/actbr.com.br\\\/es\\\/#\\\/schema\\\/logo\\\/image\\\/\",\"url\":\"https:\\\/\\\/actbr.com.br\\\/wp-content\\\/uploads\\\/2025\\\/02\\\/cropped-ACT_NEGATIVO-marca-dagua.png\",\"contentUrl\":\"https:\\\/\\\/actbr.com.br\\\/wp-content\\\/uploads\\\/2025\\\/02\\\/cropped-ACT_NEGATIVO-marca-dagua.png\",\"width\":240,\"height\":146,\"caption\":\"ACT Sistemas Hidr\u00e1ulicos\"},\"image\":{\"@id\":\"https:\\\/\\\/actbr.com.br\\\/es\\\/#\\\/schema\\\/logo\\\/image\\\/\"}}]}<\/script>\n<!-- \/ Yoast SEO plugin. -->","yoast_head_json":{"title":"Controlador Eletr\u00f4nico E-MI-AC - ACT Sistemas Hidr\u00e1ulicos","description":"O Controlador Eletr\u00f4nico E-MI-AC \u00e9 constru\u00eddo sobre a norma DIN 43.650 plug-in. Utilizado em v\u00e1lvulas que n\u00e3o possuem transdutor de posi\u00e7\u00e3o.","robots":{"index":"index","follow":"follow","max-snippet":"max-snippet:-1","max-image-preview":"max-image-preview:large","max-video-preview":"max-video-preview:-1"},"canonical":"https:\/\/actbr.com.br\/es\/producto\/controlador-eletronico-e-mi-ac\/","og_locale":"es_ES","og_type":"article","og_title":"Controlador Eletr\u00f4nico E-MI-AC - ACT Sistemas Hidr\u00e1ulicos","og_description":"O Controlador Eletr\u00f4nico E-MI-AC \u00e9 constru\u00eddo sobre a norma DIN 43.650 plug-in. Utilizado em v\u00e1lvulas que n\u00e3o possuem transdutor de posi\u00e7\u00e3o.","og_url":"https:\/\/actbr.com.br\/es\/producto\/controlador-eletronico-e-mi-ac\/","og_site_name":"ACT Sistemas Hidr\u00e1ulicos","article_modified_time":"2023-06-30T11:33:50+00:00","og_image":[{"width":1600,"height":1200,"url":"https:\/\/actbr.com.br\/wp-content\/uploads\/2020\/09\/Controladores-eletronicos-ATOS-\u2013-E-MI-AC.jpg","type":"image\/jpeg"}],"twitter_card":"summary_large_image","twitter_misc":{"Tiempo de lectura":"1 minuto"},"schema":{"@context":"https:\/\/schema.org","@graph":[{"@type":"WebPage","@id":"https:\/\/actbr.com.br\/es\/producto\/controlador-eletronico-e-mi-ac\/","url":"https:\/\/actbr.com.br\/es\/producto\/controlador-eletronico-e-mi-ac\/","name":"Controlador Eletr\u00f4nico E-MI-AC - ACT Sistemas Hidr\u00e1ulicos","isPartOf":{"@id":"https:\/\/actbr.com.br\/es\/#website"},"primaryImageOfPage":{"@id":"https:\/\/actbr.com.br\/es\/producto\/controlador-eletronico-e-mi-ac\/#primaryimage"},"image":{"@id":"https:\/\/actbr.com.br\/es\/producto\/controlador-eletronico-e-mi-ac\/#primaryimage"},"thumbnailUrl":"https:\/\/actbr.com.br\/wp-content\/uploads\/2020\/09\/Controladores-eletronicos-ATOS-\u2013-E-MI-AC.jpg","datePublished":"2020-09-29T15:40:50+00:00","dateModified":"2023-06-30T11:33:50+00:00","description":"O Controlador Eletr\u00f4nico E-MI-AC \u00e9 constru\u00eddo sobre a norma DIN 43.650 plug-in. Utilizado em v\u00e1lvulas que n\u00e3o possuem transdutor de posi\u00e7\u00e3o.","breadcrumb":{"@id":"https:\/\/actbr.com.br\/es\/producto\/controlador-eletronico-e-mi-ac\/#breadcrumb"},"inLanguage":"es","potentialAction":[{"@type":"ReadAction","target":["https:\/\/actbr.com.br\/es\/producto\/controlador-eletronico-e-mi-ac\/"]}]},{"@type":"ImageObject","inLanguage":"es","@id":"https:\/\/actbr.com.br\/es\/producto\/controlador-eletronico-e-mi-ac\/#primaryimage","url":"https:\/\/actbr.com.br\/wp-content\/uploads\/2020\/09\/Controladores-eletronicos-ATOS-\u2013-E-MI-AC.jpg","contentUrl":"https:\/\/actbr.com.br\/wp-content\/uploads\/2020\/09\/Controladores-eletronicos-ATOS-\u2013-E-MI-AC.jpg","width":1600,"height":1200,"caption":"Controlador Eletr\u00f4nico ATOS - E-MI-AC"},{"@type":"BreadcrumbList","@id":"https:\/\/actbr.com.br\/es\/producto\/controlador-eletronico-e-mi-ac\/#breadcrumb","itemListElement":[{"@type":"ListItem","position":1,"name":"Comenzar","item":"https:\/\/actbr.com.br\/es\/"},{"@type":"ListItem","position":2,"name":"Produtos","item":"https:\/\/actbr.com.br\/produtos-act\/"},{"@type":"ListItem","position":3,"name":"Eletr\u00f4nica Proporcional","item":"https:\/\/actbr.com.br\/es\/categoria-produto\/eletronica-proporcional\/"},{"@type":"ListItem","position":4,"name":"Regulador Proporcional","item":"https:\/\/actbr.com.br\/es\/categoria-produto\/eletronica-proporcional\/regulador-proporcional\/"},{"@type":"ListItem","position":5,"name":"Controlador Eletr\u00f4nico E-MI-AC"}]},{"@type":"WebSite","@id":"https:\/\/actbr.com.br\/es\/#website","url":"https:\/\/actbr.com.br\/es\/","name":"ACT Sistemas Hidr\u00e1ulicos","description":"Fabricaci\u00f3n y mantenimiento de componentes de aceite hidr\u00e1ulico","publisher":{"@id":"https:\/\/actbr.com.br\/es\/#organization"},"potentialAction":[{"@type":"SearchAction","target":{"@type":"EntryPoint","urlTemplate":"https:\/\/actbr.com.br\/es\/?s={search_term_string}"},"query-input":{"@type":"PropertyValueSpecification","valueRequired":true,"valueName":"search_term_string"}}],"inLanguage":"es"},{"@type":"Organization","@id":"https:\/\/actbr.com.br\/es\/#organization","name":"ACT Sistemas Hidr\u00e1ulicos","url":"https:\/\/actbr.com.br\/es\/","logo":{"@type":"ImageObject","inLanguage":"es","@id":"https:\/\/actbr.com.br\/es\/#\/schema\/logo\/image\/","url":"https:\/\/actbr.com.br\/wp-content\/uploads\/2025\/02\/cropped-ACT_NEGATIVO-marca-dagua.png","contentUrl":"https:\/\/actbr.com.br\/wp-content\/uploads\/2025\/02\/cropped-ACT_NEGATIVO-marca-dagua.png","width":240,"height":146,"caption":"ACT Sistemas Hidr\u00e1ulicos"},"image":{"@id":"https:\/\/actbr.com.br\/es\/#\/schema\/logo\/image\/"}}]}},"_links":{"self":[{"href":"https:\/\/actbr.com.br\/es\/wp-json\/wp\/v2\/product\/3560","targetHints":{"allow":["GET"]}}],"collection":[{"href":"https:\/\/actbr.com.br\/es\/wp-json\/wp\/v2\/product"}],"about":[{"href":"https:\/\/actbr.com.br\/es\/wp-json\/wp\/v2\/types\/product"}],"wp:featuredmedia":[{"embeddable":true,"href":"https:\/\/actbr.com.br\/es\/wp-json\/wp\/v2\/media\/7525"}],"wp:attachment":[{"href":"https:\/\/actbr.com.br\/es\/wp-json\/wp\/v2\/media?parent=3560"}],"wp:term":[{"taxonomy":"product_brand","embeddable":true,"href":"https:\/\/actbr.com.br\/es\/wp-json\/wp\/v2\/product_brand?post=3560"},{"taxonomy":"product_cat","embeddable":true,"href":"https:\/\/actbr.com.br\/es\/wp-json\/wp\/v2\/product_cat?post=3560"},{"taxonomy":"product_tag","embeddable":true,"href":"https:\/\/actbr.com.br\/es\/wp-json\/wp\/v2\/product_tag?post=3560"}],"curies":[{"name":"wp","href":"https:\/\/api.w.org\/{rel}","templated":true}]}}