{"id":3564,"date":"2020-09-29T12:40:50","date_gmt":"2020-09-29T15:40:50","guid":{"rendered":"https:\/\/actbr.com.br\/produto\/regulador-eletronico-eurocard-atos-e-me-ac\/"},"modified":"2023-06-28T15:04:15","modified_gmt":"2023-06-28T18:04:15","slug":"regulador-eletronico-e-me-ac","status":"publish","type":"product","link":"https:\/\/actbr.com.br\/es\/producto\/regulador-eletronico-e-me-ac\/","title":{"rendered":"Regulador Eletr\u00f4nico E-ME-AC"},"content":{"rendered":"<p><strong>Regulador Eletr\u00f4nico Eurocard ATOS \u2013 E-ME-AC<\/strong><\/p>\n<p>O Regulador Eletr\u00f4nico E-ME-AC controla a corrente para as v\u00e1lvulas proporcionais, sem a necessidade de press\u00e3o no transdutor de posi\u00e7\u00e3o, regulando a posi\u00e7\u00e3o do carretel, do fluxo ou da press\u00e3o.<\/p>\n<p>&nbsp;<\/p>\n<p><strong>Configura\u00e7\u00f5es dispon\u00edveis:<\/strong><br \/>\nE-ME-AC-01F;<br \/>\nE-ME-AC-01F\/RR;<br \/>\nE-ME-AC-01F\/-4;<br \/>\nE-ME-AC-01F\/RR-4;<br \/>\nE-ME-AC-01F\/4R-4;<br \/>\nE-ME-AC-01F\/I;<br \/>\nE-ME-AC-05F;<br \/>\nE-ME-AC-05F\/RR;<br \/>\nE-ME-AC-05F\/-4;<br \/>\nE-ME-AC-05F\/RR-4;<br \/>\nE-ME-AC-05F\/4R-4;<br \/>\nE-ME-AC-05F\/I.<\/p>\n","protected":false},"excerpt":{"rendered":"<p>O\u00a0Regulador Eletr\u00f4nico Eurocard ATOS \u2013 E-ME-AC controla a corrente para as v\u00e1lvulas proporcionais, sem a necessidade de press\u00e3o no transdutor de posi\u00e7\u00e3o, regulando a posi\u00e7\u00e3o do carretel, do fluxo ou da press\u00e3o.<\/p>\n","protected":false},"featured_media":7520,"template":"","meta":[],"product_brand":[],"product_cat":[89,87],"product_tag":[],"class_list":{"0":"post-3564","1":"product","2":"type-product","3":"status-publish","4":"has-post-thumbnail","6":"product_cat-cartela-proporcional","7":"product_cat-eletronica-proporcional","9":"first","10":"instock","11":"virtual","12":"product-type-simple"},"yoast_head":"<!-- This site is optimized with the Yoast SEO plugin v27.2 - https:\/\/yoast.com\/product\/yoast-seo-wordpress\/ -->\n<title>Regulador Eletr\u00f4nico E-ME-AC - ACT Sistemas Hidr\u00e1ulicos<\/title>\n<meta name=\"description\" content=\"O\u00a0Regulador Eletr\u00f4nico Eurocard ATOS - E-ME-AC controla a corrente para as v\u00e1lvulas proporcionais, regulando a posi\u00e7\u00e3o do carretel, do fluxo ou da press\u00e3o.\" \/>\n<meta name=\"robots\" content=\"index, follow, max-snippet:-1, max-image-preview:large, max-video-preview:-1\" \/>\n<link rel=\"canonical\" href=\"https:\/\/actbr.com.br\/es\/producto\/regulador-eletronico-e-me-ac\/\" \/>\n<meta property=\"og:locale\" content=\"es_ES\" \/>\n<meta property=\"og:type\" content=\"article\" \/>\n<meta property=\"og:title\" content=\"Regulador Eletr\u00f4nico E-ME-AC - ACT Sistemas Hidr\u00e1ulicos\" \/>\n<meta property=\"og:description\" content=\"O\u00a0Regulador Eletr\u00f4nico Eurocard ATOS - E-ME-AC controla a corrente para as v\u00e1lvulas proporcionais, regulando a posi\u00e7\u00e3o do carretel, do fluxo ou da press\u00e3o.\" \/>\n<meta property=\"og:url\" content=\"https:\/\/actbr.com.br\/es\/producto\/regulador-eletronico-e-me-ac\/\" \/>\n<meta property=\"og:site_name\" content=\"ACT Sistemas Hidr\u00e1ulicos\" \/>\n<meta property=\"article:modified_time\" content=\"2023-06-28T18:04:15+00:00\" \/>\n<meta property=\"og:image\" content=\"https:\/\/actbr.com.br\/wp-content\/uploads\/2020\/09\/Regulador-Eletronico-Eurocard-ATOS-\u2013-E-ME-AC.jpg\" \/>\n\t<meta property=\"og:image:width\" content=\"600\" \/>\n\t<meta property=\"og:image:height\" content=\"450\" \/>\n\t<meta property=\"og:image:type\" content=\"image\/jpeg\" \/>\n<meta name=\"twitter:card\" content=\"summary_large_image\" \/>\n<meta name=\"twitter:label1\" content=\"Tiempo de lectura\" \/>\n\t<meta name=\"twitter:data1\" content=\"1 minuto\" \/>\n<script type=\"application\/ld+json\" class=\"yoast-schema-graph\">{\"@context\":\"https:\/\/schema.org\",\"@graph\":[{\"@type\":\"WebPage\",\"@id\":\"https:\/\/actbr.com.br\/es\/producto\/regulador-eletronico-e-me-ac\/\",\"url\":\"https:\/\/actbr.com.br\/es\/producto\/regulador-eletronico-e-me-ac\/\",\"name\":\"Regulador Eletr\u00f4nico E-ME-AC - ACT Sistemas Hidr\u00e1ulicos\",\"isPartOf\":{\"@id\":\"https:\/\/actbr.com.br\/es\/#website\"},\"primaryImageOfPage\":{\"@id\":\"https:\/\/actbr.com.br\/es\/producto\/regulador-eletronico-e-me-ac\/#primaryimage\"},\"image\":{\"@id\":\"https:\/\/actbr.com.br\/es\/producto\/regulador-eletronico-e-me-ac\/#primaryimage\"},\"thumbnailUrl\":\"https:\/\/actbr.com.br\/wp-content\/uploads\/2020\/09\/Regulador-Eletronico-Eurocard-ATOS-\u2013-E-ME-AC.jpg\",\"datePublished\":\"2020-09-29T15:40:50+00:00\",\"dateModified\":\"2023-06-28T18:04:15+00:00\",\"description\":\"O\u00a0Regulador Eletr\u00f4nico Eurocard ATOS - E-ME-AC controla a corrente para as v\u00e1lvulas proporcionais, regulando a posi\u00e7\u00e3o do carretel, do fluxo ou da press\u00e3o.\",\"breadcrumb\":{\"@id\":\"https:\/\/actbr.com.br\/es\/producto\/regulador-eletronico-e-me-ac\/#breadcrumb\"},\"inLanguage\":\"es\",\"potentialAction\":[{\"@type\":\"ReadAction\",\"target\":[\"https:\/\/actbr.com.br\/es\/producto\/regulador-eletronico-e-me-ac\/\"]}]},{\"@type\":\"ImageObject\",\"inLanguage\":\"es\",\"@id\":\"https:\/\/actbr.com.br\/es\/producto\/regulador-eletronico-e-me-ac\/#primaryimage\",\"url\":\"https:\/\/actbr.com.br\/wp-content\/uploads\/2020\/09\/Regulador-Eletronico-Eurocard-ATOS-\u2013-E-ME-AC.jpg\",\"contentUrl\":\"https:\/\/actbr.com.br\/wp-content\/uploads\/2020\/09\/Regulador-Eletronico-Eurocard-ATOS-\u2013-E-ME-AC.jpg\",\"width\":600,\"height\":450,\"caption\":\"Regulador Eletr\u00f4nico Eurocard ATOS \u2013 E-ME-AC\"},{\"@type\":\"BreadcrumbList\",\"@id\":\"https:\/\/actbr.com.br\/es\/producto\/regulador-eletronico-e-me-ac\/#breadcrumb\",\"itemListElement\":[{\"@type\":\"ListItem\",\"position\":1,\"name\":\"Comenzar\",\"item\":\"https:\/\/actbr.com.br\/es\/\"},{\"@type\":\"ListItem\",\"position\":2,\"name\":\"Produtos\",\"item\":\"https:\/\/actbr.com.br\/produtos-act\/\"},{\"@type\":\"ListItem\",\"position\":3,\"name\":\"Eletr\u00f4nica Proporcional\",\"item\":\"https:\/\/actbr.com.br\/es\/categoria-produto\/eletronica-proporcional\/\"},{\"@type\":\"ListItem\",\"position\":4,\"name\":\"Cartela Proporcional\",\"item\":\"https:\/\/actbr.com.br\/es\/categoria-produto\/eletronica-proporcional\/cartela-proporcional\/\"},{\"@type\":\"ListItem\",\"position\":5,\"name\":\"Regulador Eletr\u00f4nico E-ME-AC\"}]},{\"@type\":\"WebSite\",\"@id\":\"https:\/\/actbr.com.br\/es\/#website\",\"url\":\"https:\/\/actbr.com.br\/es\/\",\"name\":\"ACT Sistemas Hidr\u00e1ulicos\",\"description\":\"Fabricaci\u00f3n y mantenimiento de componentes de aceite hidr\u00e1ulico\",\"publisher\":{\"@id\":\"https:\/\/actbr.com.br\/es\/#organization\"},\"potentialAction\":[{\"@type\":\"SearchAction\",\"target\":{\"@type\":\"EntryPoint\",\"urlTemplate\":\"https:\/\/actbr.com.br\/es\/?s={search_term_string}\"},\"query-input\":{\"@type\":\"PropertyValueSpecification\",\"valueRequired\":true,\"valueName\":\"search_term_string\"}}],\"inLanguage\":\"es\"},{\"@type\":\"Organization\",\"@id\":\"https:\/\/actbr.com.br\/es\/#organization\",\"name\":\"ACT Sistemas Hidr\u00e1ulicos\",\"url\":\"https:\/\/actbr.com.br\/es\/\",\"logo\":{\"@type\":\"ImageObject\",\"inLanguage\":\"es\",\"@id\":\"https:\/\/actbr.com.br\/es\/#\/schema\/logo\/image\/\",\"url\":\"https:\/\/actbr.com.br\/wp-content\/uploads\/2025\/02\/cropped-ACT_NEGATIVO-marca-dagua.png\",\"contentUrl\":\"https:\/\/actbr.com.br\/wp-content\/uploads\/2025\/02\/cropped-ACT_NEGATIVO-marca-dagua.png\",\"width\":240,\"height\":146,\"caption\":\"ACT Sistemas Hidr\u00e1ulicos\"},\"image\":{\"@id\":\"https:\/\/actbr.com.br\/es\/#\/schema\/logo\/image\/\"}}]}<\/script>\n<!-- \/ Yoast SEO plugin. -->","yoast_head_json":{"title":"Regulador Eletr\u00f4nico E-ME-AC - ACT Sistemas Hidr\u00e1ulicos","description":"O\u00a0Regulador Eletr\u00f4nico Eurocard ATOS - E-ME-AC controla a corrente para as v\u00e1lvulas proporcionais, regulando a posi\u00e7\u00e3o do carretel, do fluxo ou da press\u00e3o.","robots":{"index":"index","follow":"follow","max-snippet":"max-snippet:-1","max-image-preview":"max-image-preview:large","max-video-preview":"max-video-preview:-1"},"canonical":"https:\/\/actbr.com.br\/es\/producto\/regulador-eletronico-e-me-ac\/","og_locale":"es_ES","og_type":"article","og_title":"Regulador Eletr\u00f4nico E-ME-AC - ACT Sistemas Hidr\u00e1ulicos","og_description":"O\u00a0Regulador Eletr\u00f4nico Eurocard ATOS - E-ME-AC controla a corrente para as v\u00e1lvulas proporcionais, regulando a posi\u00e7\u00e3o do carretel, do fluxo ou da press\u00e3o.","og_url":"https:\/\/actbr.com.br\/es\/producto\/regulador-eletronico-e-me-ac\/","og_site_name":"ACT Sistemas Hidr\u00e1ulicos","article_modified_time":"2023-06-28T18:04:15+00:00","og_image":[{"width":600,"height":450,"url":"https:\/\/actbr.com.br\/wp-content\/uploads\/2020\/09\/Regulador-Eletronico-Eurocard-ATOS-\u2013-E-ME-AC.jpg","type":"image\/jpeg"}],"twitter_card":"summary_large_image","twitter_misc":{"Tiempo de lectura":"1 minuto"},"schema":{"@context":"https:\/\/schema.org","@graph":[{"@type":"WebPage","@id":"https:\/\/actbr.com.br\/es\/producto\/regulador-eletronico-e-me-ac\/","url":"https:\/\/actbr.com.br\/es\/producto\/regulador-eletronico-e-me-ac\/","name":"Regulador Eletr\u00f4nico E-ME-AC - ACT Sistemas Hidr\u00e1ulicos","isPartOf":{"@id":"https:\/\/actbr.com.br\/es\/#website"},"primaryImageOfPage":{"@id":"https:\/\/actbr.com.br\/es\/producto\/regulador-eletronico-e-me-ac\/#primaryimage"},"image":{"@id":"https:\/\/actbr.com.br\/es\/producto\/regulador-eletronico-e-me-ac\/#primaryimage"},"thumbnailUrl":"https:\/\/actbr.com.br\/wp-content\/uploads\/2020\/09\/Regulador-Eletronico-Eurocard-ATOS-\u2013-E-ME-AC.jpg","datePublished":"2020-09-29T15:40:50+00:00","dateModified":"2023-06-28T18:04:15+00:00","description":"O\u00a0Regulador Eletr\u00f4nico Eurocard ATOS - E-ME-AC controla a corrente para as v\u00e1lvulas proporcionais, regulando a posi\u00e7\u00e3o do carretel, do fluxo ou da press\u00e3o.","breadcrumb":{"@id":"https:\/\/actbr.com.br\/es\/producto\/regulador-eletronico-e-me-ac\/#breadcrumb"},"inLanguage":"es","potentialAction":[{"@type":"ReadAction","target":["https:\/\/actbr.com.br\/es\/producto\/regulador-eletronico-e-me-ac\/"]}]},{"@type":"ImageObject","inLanguage":"es","@id":"https:\/\/actbr.com.br\/es\/producto\/regulador-eletronico-e-me-ac\/#primaryimage","url":"https:\/\/actbr.com.br\/wp-content\/uploads\/2020\/09\/Regulador-Eletronico-Eurocard-ATOS-\u2013-E-ME-AC.jpg","contentUrl":"https:\/\/actbr.com.br\/wp-content\/uploads\/2020\/09\/Regulador-Eletronico-Eurocard-ATOS-\u2013-E-ME-AC.jpg","width":600,"height":450,"caption":"Regulador Eletr\u00f4nico Eurocard ATOS \u2013 E-ME-AC"},{"@type":"BreadcrumbList","@id":"https:\/\/actbr.com.br\/es\/producto\/regulador-eletronico-e-me-ac\/#breadcrumb","itemListElement":[{"@type":"ListItem","position":1,"name":"Comenzar","item":"https:\/\/actbr.com.br\/es\/"},{"@type":"ListItem","position":2,"name":"Produtos","item":"https:\/\/actbr.com.br\/produtos-act\/"},{"@type":"ListItem","position":3,"name":"Eletr\u00f4nica Proporcional","item":"https:\/\/actbr.com.br\/es\/categoria-produto\/eletronica-proporcional\/"},{"@type":"ListItem","position":4,"name":"Cartela Proporcional","item":"https:\/\/actbr.com.br\/es\/categoria-produto\/eletronica-proporcional\/cartela-proporcional\/"},{"@type":"ListItem","position":5,"name":"Regulador Eletr\u00f4nico E-ME-AC"}]},{"@type":"WebSite","@id":"https:\/\/actbr.com.br\/es\/#website","url":"https:\/\/actbr.com.br\/es\/","name":"ACT Sistemas Hidr\u00e1ulicos","description":"Fabricaci\u00f3n y mantenimiento de componentes de aceite hidr\u00e1ulico","publisher":{"@id":"https:\/\/actbr.com.br\/es\/#organization"},"potentialAction":[{"@type":"SearchAction","target":{"@type":"EntryPoint","urlTemplate":"https:\/\/actbr.com.br\/es\/?s={search_term_string}"},"query-input":{"@type":"PropertyValueSpecification","valueRequired":true,"valueName":"search_term_string"}}],"inLanguage":"es"},{"@type":"Organization","@id":"https:\/\/actbr.com.br\/es\/#organization","name":"ACT Sistemas Hidr\u00e1ulicos","url":"https:\/\/actbr.com.br\/es\/","logo":{"@type":"ImageObject","inLanguage":"es","@id":"https:\/\/actbr.com.br\/es\/#\/schema\/logo\/image\/","url":"https:\/\/actbr.com.br\/wp-content\/uploads\/2025\/02\/cropped-ACT_NEGATIVO-marca-dagua.png","contentUrl":"https:\/\/actbr.com.br\/wp-content\/uploads\/2025\/02\/cropped-ACT_NEGATIVO-marca-dagua.png","width":240,"height":146,"caption":"ACT Sistemas Hidr\u00e1ulicos"},"image":{"@id":"https:\/\/actbr.com.br\/es\/#\/schema\/logo\/image\/"}}]}},"_links":{"self":[{"href":"https:\/\/actbr.com.br\/es\/wp-json\/wp\/v2\/product\/3564","targetHints":{"allow":["GET"]}}],"collection":[{"href":"https:\/\/actbr.com.br\/es\/wp-json\/wp\/v2\/product"}],"about":[{"href":"https:\/\/actbr.com.br\/es\/wp-json\/wp\/v2\/types\/product"}],"wp:featuredmedia":[{"embeddable":true,"href":"https:\/\/actbr.com.br\/es\/wp-json\/wp\/v2\/media\/7520"}],"wp:attachment":[{"href":"https:\/\/actbr.com.br\/es\/wp-json\/wp\/v2\/media?parent=3564"}],"wp:term":[{"taxonomy":"product_brand","embeddable":true,"href":"https:\/\/actbr.com.br\/es\/wp-json\/wp\/v2\/product_brand?post=3564"},{"taxonomy":"product_cat","embeddable":true,"href":"https:\/\/actbr.com.br\/es\/wp-json\/wp\/v2\/product_cat?post=3564"},{"taxonomy":"product_tag","embeddable":true,"href":"https:\/\/actbr.com.br\/es\/wp-json\/wp\/v2\/product_tag?post=3564"}],"curies":[{"name":"wp","href":"https:\/\/api.w.org\/{rel}","templated":true}]}}