{"id":3571,"date":"2020-09-29T12:40:50","date_gmt":"2020-09-29T15:40:50","guid":{"rendered":"https:\/\/actbr.com.br\/produto\/filtros-duplos-mahle-duplex-pi-21\/"},"modified":"2023-10-06T16:40:57","modified_gmt":"2023-10-06T19:40:57","slug":"filtro-duplo-duplex-de-baixa-pressao-pi-21","status":"publish","type":"product","link":"https:\/\/actbr.com.br\/es\/producto\/filtro-duplo-duplex-de-baixa-pressao-pi-21\/","title":{"rendered":"Filtro duplo (duplex) de baixa press\u00e3o PI 21"},"content":{"rendered":"<div id=\"detalhes\">\n<p>Filtros Duplos Mahle (Duplex) \u2013 PI 21<\/p>\n<p>Os filtros de press\u00e3o duplex Mahle S\u00e9rie PI 21 s\u00e3o refer\u00eancia por sua alta estabilidade de performance e excelente capacidade de filtra\u00e7\u00e3o. Esses filtros operam continuamente (sem interrup\u00e7\u00e3o) e, quando algum dos elementos precisam ser substitu\u00eddos, muda se a posi\u00e7\u00e3o da alavanca de comando, direcionando o fluxo de \u00f3leo para o elemento \u00ablimpo\u00bb, sem parar o sistema.<\/p>\n<p><strong>Configura\u00e7\u00f5es dos filtros:<\/strong><\/p>\n<p><img decoding=\"async\" src=\"https:\/\/actbr.com.br\/wp-content\/uploads\/2020\/09\/duplex-mahle-nominalsize.jpg\" alt=\"\" \/><\/p>\n<p>Elementos filtrantes:<\/p>\n<p><img decoding=\"async\" src=\"https:\/\/actbr.com.br\/wp-content\/uploads\/2020\/09\/tamanho-nominal-duplex.jpg\" alt=\"\" \/><\/p>\n<p><img decoding=\"async\" src=\"https:\/\/actbr.com.br\/wp-content\/uploads\/2020\/09\/elementos-filtrantes.jpg\" alt=\"\" \/><\/p>\n<p><strong>Modelos fornecidos pela ACT:<\/strong><\/p>\n<p>Filtro Duplo 77966724 PI 2105-046;<br \/>\nFiltro Duplo 77966732 PI 2105-047;<br \/>\nFiltro Duplo 77810211 PI 2105-057;<br \/>\nFiltro Duplo 77810229 PI 2105-058;<br \/>\nFiltro Duplo 77810237 PI 2105-068;<br \/>\nFiltro Duplo 77810245 PI 2105-069;<br \/>\nFiltro Duplo 77966757 PI 2108-047;<br \/>\nFiltro Duplo 77810252 PI 2108-057;<br \/>\nFiltro Duplo 77810260 PI 2108-058;<br \/>\nFiltro Duplo 77810278 PI 2108-068;<br \/>\nFiltro Duplo 77810286 PI 2108-069;<br \/>\nFiltro Duplo 79352113 PI 2111-046;<br \/>\nFiltro Duplo 78204083 PI 2111-057;<br \/>\nFiltro Duplo 78204091 PI 2111-058;<br \/>\nFiltro Duplo 78204109 PI 2111-068;<br \/>\nFiltro Duplo 78204117 PI 2111-069;<br \/>\nFiltro Duplo 77966765 PI 2115-046;<br \/>\nFiltro Duplo 77966773 PI 2115-047;<br \/>\nFiltro Duplo 77774573 PI 2115-057;<br \/>\nFiltro Duplo 77774565 PI 2115-058;<br \/>\nFiltro Duplo 77774557 PI 2115-068;<br \/>\nFiltro Duplo 77774540 PI 2115-069;<br \/>\nFiltro Duplo 78262990 PI 2130-013;<br \/>\nFiltro Duplo 77966781 PI 2130-046;<br \/>\nFiltro Duplo 77966799 PI 2130-047;<br \/>\nFiltro Duplo 77774532 PI 2130-057;<br \/>\nFiltro Duplo 77774524 PI 2130-058;<br \/>\nFiltro Duplo 77774516 PI 2130-068;<br \/>\nFiltro Duplo 77774508 PI 2130-069;<br \/>\nFiltro Duplo 77967938 PI 2130-069 FPM;<br \/>\nFiltro Duplo 77966815 PI 2145-047;<br \/>\nFiltro Duplo 77774490 PI 2145-057;<br \/>\nFiltro Duplo 77774482 PI 2145-058;<br \/>\nFiltro Duplo 77774474 PI 2145-068;<br \/>\nFiltro Duplo 77774466 PI 2145-069;<br \/>\nFiltro Duplo 70574769 PI 2160-057;<br \/>\nFiltro Duplo 70574768 PI 2160-058;<br \/>\nFiltro Duplo 70574767 PI 2160-068;<br \/>\nFiltro Duplo 70574766 PI 2160-069;<br \/>\nFiltro Duplo 79328261 PI 21004-057<br \/>\nFiltro Duplo 78304263 PI 21004-058;<br \/>\nFiltro Duplo 79328279 PI 21004-068;<br \/>\nFiltro Duplo 79328287 PI 21004-069;<br \/>\nFiltro Duplo 79715905 PI 21006-057;<br \/>\nFiltro Duplo 78304271 PI 21006-058;<br \/>\nFiltro Duplo 79715913 PI 21006-068;<br \/>\nFiltro Duplo 79715921 PI 21006-069;<br \/>\nFiltro Duplo 78204125 PI 21010-057;<br \/>\nFiltro Duplo 78204133 PI 21010-058;<br \/>\nFiltro Duplo 78204141 PI 21010-068;<br \/>\nFiltro Duplo 78204158 PI 21010-069;<br \/>\nFiltro Duplo 79715939 PI 21016-057;<br \/>\nFiltro Duplo 79715947 PI 21016-058;<br \/>\nFiltro Duplo 79715954 PI 21016-068;<br \/>\nFiltro Duplo 79715962 PI 21016-069;<br \/>\nFiltro Duplo 79328295 PI 21025-057;<br \/>\nFiltro Duplo 79328303 PI 21025-058;<br \/>\nFiltro Duplo 79328311 PI 21025-068;<br \/>\nFiltro Duplo 79328329 PI 21025-069;<br \/>\nFiltro Duplo 79715970 PI 21040-057;<br \/>\nFiltro Duplo 79715988 PI 21040-058;<br \/>\nFiltro Duplo 79715996 PI 21040-068;<br \/>\nFiltro Duplo 79716002 PI 21040-069;<br \/>\nFiltro Duplo 77965411 PI 21063-057;<br \/>\nFiltro Duplo 77974819 PI 21063-058;<br \/>\nFiltro Duplo 77965429 PI 21063-068;<br \/>\nFiltro Duplo 77969124 PI 21063-069;<br \/>\nFiltro Duplo 77965445 PI 21100-057;<br \/>\nFiltro Duplo 77974801 PI 21100-058;<br \/>\nFiltro Duplo 77965452 PI 21100-068;<br \/>\nFiltro Duplo 77965460 PI 21100-069;<br \/>\nFiltro Duplo 70316221 PI 211063-057;<br \/>\nFiltro Duplo 70316222 PI 211063-068;<br \/>\nFiltro Duplo 70316223 PI 211063-069;<br \/>\nFiltro Duplo 70316224 PI 211100-057;<br \/>\nFiltro Duplo 70316226 PI 211100-058;<br \/>\nFiltro Duplo 70316228 PI 211100-069;<br \/>\nFiltro Duplo 77916539 PI 3705-010;<br \/>\nFiltro Duplo 77966690 PI 3705-011;<br \/>\nFiltro Duplo 77810294 PI 3705-012;<br \/>\nFiltro Duplo 77810302 PI 3705-013;<br \/>\nFiltro Duplo 77810310 PI 3705-014;<br \/>\nFiltro Duplo 77810328 PI 3705-015;<br \/>\nFiltro Duplo 77916547 PI 3708-010;<br \/>\nFiltro Duplo 77966708 PI 3708-011;<br \/>\nFiltro Duplo 77810336 PI 3708-012;<br \/>\nFiltro Duplo 77810344 PI 3708-013;<br \/>\nFiltro Duplo 77810351 PI 3708-014;<br \/>\nFiltro Duplo 77810369 PI 3708-015;<br \/>\nFiltro Duplo 77916554 PI 3711-010;<br \/>\nFiltro Duplo 77810377 PI 3711-012;<br \/>\nFiltro Duplo 77810385 PI 3711-013;<br \/>\nFiltro Duplo 77810393 PI 3711-014;<br \/>\nFiltro Duplo 77810401 PI 3711-015;<br \/>\nFiltro Duplo 77814577 PI 3715-010;<br \/>\nFiltro Duplo 77814585 PI 3715-011;<br \/>\nFiltro Duplo 77810419 PI 3715-012;<br \/>\nFiltro Duplo 77810427 PI 3715-013;<br \/>\nFiltro Duplo 77810435 PI 3715-014;<br \/>\nFiltro Duplo 77810443 PI 3715-015;<br \/>\nFiltro Duplo 77814593 PI 3730-010;<br \/>\nFiltro Duplo 77814601 PI 3730-011;<br \/>\nFiltro Duplo 77810450 PI 3730-012;<br \/>\nFiltro Duplo 77810468 PI 3730-013;<br \/>\nFiltro Duplo 77810476 PI 3730-014;<br \/>\nFiltro Duplo 77810484 PI 3730-015;<br \/>\nFiltro Duplo 77814619 PI 3745-010;<br \/>\nFiltro Duplo 77814627 PI 3745-011;<br \/>\nFiltro Duplo 77810492 PI 3745-012;<br \/>\nFiltro Duplo 77814403 PI 3745-013;<br \/>\nFiltro Duplo 77814411 PI 3745-014;<br \/>\nFiltro Duplo 77814429 PI 3745-015;<br \/>\nFiltro Duplo 79765710 PI 37004-010;<br \/>\nFiltro Duplo 79767344 PI 37004-011;<br \/>\nFiltro Duplo 78208290 PI 37004-012;<br \/>\nFiltro Duplo 78259889 PI 37004-013;<br \/>\nFiltro Duplo 78208316 PI 37004-014;<br \/>\nFiltro Duplo 78208324 PI 37004-015;<br \/>\nFiltro Duplo 78309932 PI 37006-010;<br \/>\nFiltro Duplo 78208340 PI 37006-012;<br \/>\nFiltro Duplo 78259897 PI 37006-013;<br \/>\nFiltro Duplo 78208365 PI 37006-014;<br \/>\nFiltro Duplo 78208373 PI 37006-015;<br \/>\nFiltro Duplo 79713025 PI 37010-010;<br \/>\nFiltro Duplo 79715368 PI 37010-011;<br \/>\nFiltro Duplo 78208399 PI 37010-012;<br \/>\nFiltro Duplo 78259905 PI 37010-013;<br \/>\nFiltro Duplo 78208415 PI 37010-014;<br \/>\nFiltro Duplo 78208423 PI 37010-015;<br \/>\nFiltro Duplo 79343229 PI 37016-010;<br \/>\nFiltro Duplo 78208449 PI 37016-012;<br \/>\nFiltro Duplo 78259913 PI 37016-013;<br \/>\nFiltro Duplo 78208472 PI 37016-015;<br \/>\nFiltro Duplo 79366030 PI 37025-010;<br \/>\nFiltro Duplo 78208498 PI 37025-012;<br \/>\nFiltro Duplo 78259921 PI 37025-013;<br \/>\nFiltro Duplo 78208514 PI 37025-014;<br \/>\nFiltro Duplo 78259863 PI 37025-015;<br \/>\nFiltro Duplo 79705849 PI 37040-010;<br \/>\nFiltro Duplo 76114359 PI 37040-011;<br \/>\nFiltro Duplo 78259939 PI 37040-013 FL;<br \/>\nFiltro Duplo 78208555 PI 37040-014 FL;<br \/>\nFiltro Duplo 78208563 PI 37040-015 FL.<\/p>\n<p>&nbsp;<\/p>\n<\/div>\n<div id=\"relacionados\" style=\"margin: 0px; padding: 100px 0px 0px; float: left; width: 890px; color: #4f4f4f; font-family: 'Trebuchet MS', Arial, Helvetica, sans-serif; font-size: 12px;\"><\/div>\n","protected":false},"excerpt":{"rendered":"<p>Os filtros duplex s\u00e3o recomendados para equipamento de uso cont\u00ednuo, pois permitem a manuten\u00e7\u00e3o com o sistema em opera\u00e7\u00e3o.<\/p>\n","protected":false},"featured_media":6473,"template":"","meta":[],"product_brand":[],"product_cat":[90,67],"product_tag":[],"class_list":{"0":"post-3571","1":"product","2":"type-product","3":"status-publish","4":"has-post-thumbnail","6":"product_cat-filtro-duplo-baixa-pressao","7":"product_cat-filtros-e-elementos-filtrante","9":"first","10":"instock","11":"virtual","12":"product-type-simple"},"yoast_head":"<!-- This site is optimized with the Yoast SEO plugin v27.5 - https:\/\/yoast.com\/product\/yoast-seo-wordpress\/ -->\n<title>Filtro duplo (duplex) de baixa press\u00e3o PI 21 - ACT Sistemas Hidr\u00e1ulicos<\/title>\n<meta name=\"description\" content=\"Os filtros duplex s\u00e3o recomendados para equipamento de uso cont\u00ednuo, pois permitem a manuten\u00e7\u00e3o com o sistema em opera\u00e7\u00e3o.\" \/>\n<meta name=\"robots\" content=\"index, follow, max-snippet:-1, max-image-preview:large, max-video-preview:-1\" \/>\n<link rel=\"canonical\" href=\"https:\/\/actbr.com.br\/es\/producto\/filtro-duplo-duplex-de-baixa-pressao-pi-21\/\" \/>\n<meta property=\"og:locale\" content=\"es_ES\" \/>\n<meta property=\"og:type\" content=\"article\" \/>\n<meta property=\"og:title\" content=\"Filtro duplo (duplex) de baixa press\u00e3o PI 21 - ACT Sistemas Hidr\u00e1ulicos\" \/>\n<meta property=\"og:description\" content=\"Os filtros duplex s\u00e3o recomendados para equipamento de uso cont\u00ednuo, pois permitem a manuten\u00e7\u00e3o com o sistema em opera\u00e7\u00e3o.\" \/>\n<meta property=\"og:url\" content=\"https:\/\/actbr.com.br\/es\/producto\/filtro-duplo-duplex-de-baixa-pressao-pi-21\/\" \/>\n<meta property=\"og:site_name\" content=\"ACT Sistemas Hidr\u00e1ulicos\" \/>\n<meta property=\"article:modified_time\" content=\"2023-10-06T19:40:57+00:00\" \/>\n<meta property=\"og:image\" content=\"https:\/\/actbr.com.br\/wp-content\/uploads\/2020\/09\/filtros-duplex-mahle-1.jpg\" \/>\n\t<meta property=\"og:image:width\" content=\"500\" \/>\n\t<meta property=\"og:image:height\" content=\"500\" \/>\n\t<meta property=\"og:image:type\" content=\"image\/jpeg\" \/>\n<meta name=\"twitter:card\" content=\"summary_large_image\" \/>\n<meta name=\"twitter:label1\" content=\"Tiempo de lectura\" \/>\n\t<meta name=\"twitter:data1\" content=\"5 minutos\" \/>\n<script type=\"application\/ld+json\" class=\"yoast-schema-graph\">{\"@context\":\"https:\\\/\\\/schema.org\",\"@graph\":[{\"@type\":\"WebPage\",\"@id\":\"https:\\\/\\\/actbr.com.br\\\/es\\\/producto\\\/filtro-duplo-duplex-de-baixa-pressao-pi-21\\\/\",\"url\":\"https:\\\/\\\/actbr.com.br\\\/es\\\/producto\\\/filtro-duplo-duplex-de-baixa-pressao-pi-21\\\/\",\"name\":\"Filtro duplo (duplex) de baixa press\u00e3o PI 21 - ACT Sistemas Hidr\u00e1ulicos\",\"isPartOf\":{\"@id\":\"https:\\\/\\\/actbr.com.br\\\/es\\\/#website\"},\"primaryImageOfPage\":{\"@id\":\"https:\\\/\\\/actbr.com.br\\\/es\\\/producto\\\/filtro-duplo-duplex-de-baixa-pressao-pi-21\\\/#primaryimage\"},\"image\":{\"@id\":\"https:\\\/\\\/actbr.com.br\\\/es\\\/producto\\\/filtro-duplo-duplex-de-baixa-pressao-pi-21\\\/#primaryimage\"},\"thumbnailUrl\":\"https:\\\/\\\/actbr.com.br\\\/wp-content\\\/uploads\\\/2020\\\/09\\\/filtros-duplex-mahle-1.jpg\",\"datePublished\":\"2020-09-29T15:40:50+00:00\",\"dateModified\":\"2023-10-06T19:40:57+00:00\",\"description\":\"Os filtros duplex s\u00e3o recomendados para equipamento de uso cont\u00ednuo, pois permitem a manuten\u00e7\u00e3o com o sistema em opera\u00e7\u00e3o.\",\"breadcrumb\":{\"@id\":\"https:\\\/\\\/actbr.com.br\\\/es\\\/producto\\\/filtro-duplo-duplex-de-baixa-pressao-pi-21\\\/#breadcrumb\"},\"inLanguage\":\"es\",\"potentialAction\":[{\"@type\":\"ReadAction\",\"target\":[\"https:\\\/\\\/actbr.com.br\\\/es\\\/producto\\\/filtro-duplo-duplex-de-baixa-pressao-pi-21\\\/\"]}]},{\"@type\":\"ImageObject\",\"inLanguage\":\"es\",\"@id\":\"https:\\\/\\\/actbr.com.br\\\/es\\\/producto\\\/filtro-duplo-duplex-de-baixa-pressao-pi-21\\\/#primaryimage\",\"url\":\"https:\\\/\\\/actbr.com.br\\\/wp-content\\\/uploads\\\/2020\\\/09\\\/filtros-duplex-mahle-1.jpg\",\"contentUrl\":\"https:\\\/\\\/actbr.com.br\\\/wp-content\\\/uploads\\\/2020\\\/09\\\/filtros-duplex-mahle-1.jpg\",\"width\":500,\"height\":500,\"caption\":\"filtros-duplex-mahle\"},{\"@type\":\"BreadcrumbList\",\"@id\":\"https:\\\/\\\/actbr.com.br\\\/es\\\/producto\\\/filtro-duplo-duplex-de-baixa-pressao-pi-21\\\/#breadcrumb\",\"itemListElement\":[{\"@type\":\"ListItem\",\"position\":1,\"name\":\"Comenzar\",\"item\":\"https:\\\/\\\/actbr.com.br\\\/es\\\/\"},{\"@type\":\"ListItem\",\"position\":2,\"name\":\"Produtos\",\"item\":\"https:\\\/\\\/actbr.com.br\\\/produtos-act\\\/\"},{\"@type\":\"ListItem\",\"position\":3,\"name\":\"Filtros e Elementos Filtrante\",\"item\":\"https:\\\/\\\/actbr.com.br\\\/es\\\/categoria-produto\\\/filtros-e-elementos-filtrante\\\/\"},{\"@type\":\"ListItem\",\"position\":4,\"name\":\"Filtro Duplo (Baixa Press\u00e3o)\",\"item\":\"https:\\\/\\\/actbr.com.br\\\/es\\\/categoria-produto\\\/filtros-e-elementos-filtrante\\\/filtro-duplo-baixa-pressao\\\/\"},{\"@type\":\"ListItem\",\"position\":5,\"name\":\"Filtro duplo (duplex) de baixa press\u00e3o PI 21\"}]},{\"@type\":\"WebSite\",\"@id\":\"https:\\\/\\\/actbr.com.br\\\/es\\\/#website\",\"url\":\"https:\\\/\\\/actbr.com.br\\\/es\\\/\",\"name\":\"ACT Sistemas Hidr\u00e1ulicos\",\"description\":\"Fabricaci\u00f3n y mantenimiento de componentes de aceite hidr\u00e1ulico\",\"publisher\":{\"@id\":\"https:\\\/\\\/actbr.com.br\\\/es\\\/#organization\"},\"potentialAction\":[{\"@type\":\"SearchAction\",\"target\":{\"@type\":\"EntryPoint\",\"urlTemplate\":\"https:\\\/\\\/actbr.com.br\\\/es\\\/?s={search_term_string}\"},\"query-input\":{\"@type\":\"PropertyValueSpecification\",\"valueRequired\":true,\"valueName\":\"search_term_string\"}}],\"inLanguage\":\"es\"},{\"@type\":\"Organization\",\"@id\":\"https:\\\/\\\/actbr.com.br\\\/es\\\/#organization\",\"name\":\"ACT Sistemas Hidr\u00e1ulicos\",\"url\":\"https:\\\/\\\/actbr.com.br\\\/es\\\/\",\"logo\":{\"@type\":\"ImageObject\",\"inLanguage\":\"es\",\"@id\":\"https:\\\/\\\/actbr.com.br\\\/es\\\/#\\\/schema\\\/logo\\\/image\\\/\",\"url\":\"https:\\\/\\\/actbr.com.br\\\/wp-content\\\/uploads\\\/2025\\\/02\\\/cropped-ACT_NEGATIVO-marca-dagua.png\",\"contentUrl\":\"https:\\\/\\\/actbr.com.br\\\/wp-content\\\/uploads\\\/2025\\\/02\\\/cropped-ACT_NEGATIVO-marca-dagua.png\",\"width\":240,\"height\":146,\"caption\":\"ACT Sistemas Hidr\u00e1ulicos\"},\"image\":{\"@id\":\"https:\\\/\\\/actbr.com.br\\\/es\\\/#\\\/schema\\\/logo\\\/image\\\/\"}}]}<\/script>\n<!-- \/ Yoast SEO plugin. -->","yoast_head_json":{"title":"Filtro duplo (duplex) de baixa press\u00e3o PI 21 - ACT Sistemas Hidr\u00e1ulicos","description":"Os filtros duplex s\u00e3o recomendados para equipamento de uso cont\u00ednuo, pois permitem a manuten\u00e7\u00e3o com o sistema em opera\u00e7\u00e3o.","robots":{"index":"index","follow":"follow","max-snippet":"max-snippet:-1","max-image-preview":"max-image-preview:large","max-video-preview":"max-video-preview:-1"},"canonical":"https:\/\/actbr.com.br\/es\/producto\/filtro-duplo-duplex-de-baixa-pressao-pi-21\/","og_locale":"es_ES","og_type":"article","og_title":"Filtro duplo (duplex) de baixa press\u00e3o PI 21 - ACT Sistemas Hidr\u00e1ulicos","og_description":"Os filtros duplex s\u00e3o recomendados para equipamento de uso cont\u00ednuo, pois permitem a manuten\u00e7\u00e3o com o sistema em opera\u00e7\u00e3o.","og_url":"https:\/\/actbr.com.br\/es\/producto\/filtro-duplo-duplex-de-baixa-pressao-pi-21\/","og_site_name":"ACT Sistemas Hidr\u00e1ulicos","article_modified_time":"2023-10-06T19:40:57+00:00","og_image":[{"width":500,"height":500,"url":"https:\/\/actbr.com.br\/wp-content\/uploads\/2020\/09\/filtros-duplex-mahle-1.jpg","type":"image\/jpeg"}],"twitter_card":"summary_large_image","twitter_misc":{"Tiempo de lectura":"5 minutos"},"schema":{"@context":"https:\/\/schema.org","@graph":[{"@type":"WebPage","@id":"https:\/\/actbr.com.br\/es\/producto\/filtro-duplo-duplex-de-baixa-pressao-pi-21\/","url":"https:\/\/actbr.com.br\/es\/producto\/filtro-duplo-duplex-de-baixa-pressao-pi-21\/","name":"Filtro duplo (duplex) de baixa press\u00e3o PI 21 - ACT Sistemas Hidr\u00e1ulicos","isPartOf":{"@id":"https:\/\/actbr.com.br\/es\/#website"},"primaryImageOfPage":{"@id":"https:\/\/actbr.com.br\/es\/producto\/filtro-duplo-duplex-de-baixa-pressao-pi-21\/#primaryimage"},"image":{"@id":"https:\/\/actbr.com.br\/es\/producto\/filtro-duplo-duplex-de-baixa-pressao-pi-21\/#primaryimage"},"thumbnailUrl":"https:\/\/actbr.com.br\/wp-content\/uploads\/2020\/09\/filtros-duplex-mahle-1.jpg","datePublished":"2020-09-29T15:40:50+00:00","dateModified":"2023-10-06T19:40:57+00:00","description":"Os filtros duplex s\u00e3o recomendados para equipamento de uso cont\u00ednuo, pois permitem a manuten\u00e7\u00e3o com o sistema em opera\u00e7\u00e3o.","breadcrumb":{"@id":"https:\/\/actbr.com.br\/es\/producto\/filtro-duplo-duplex-de-baixa-pressao-pi-21\/#breadcrumb"},"inLanguage":"es","potentialAction":[{"@type":"ReadAction","target":["https:\/\/actbr.com.br\/es\/producto\/filtro-duplo-duplex-de-baixa-pressao-pi-21\/"]}]},{"@type":"ImageObject","inLanguage":"es","@id":"https:\/\/actbr.com.br\/es\/producto\/filtro-duplo-duplex-de-baixa-pressao-pi-21\/#primaryimage","url":"https:\/\/actbr.com.br\/wp-content\/uploads\/2020\/09\/filtros-duplex-mahle-1.jpg","contentUrl":"https:\/\/actbr.com.br\/wp-content\/uploads\/2020\/09\/filtros-duplex-mahle-1.jpg","width":500,"height":500,"caption":"filtros-duplex-mahle"},{"@type":"BreadcrumbList","@id":"https:\/\/actbr.com.br\/es\/producto\/filtro-duplo-duplex-de-baixa-pressao-pi-21\/#breadcrumb","itemListElement":[{"@type":"ListItem","position":1,"name":"Comenzar","item":"https:\/\/actbr.com.br\/es\/"},{"@type":"ListItem","position":2,"name":"Produtos","item":"https:\/\/actbr.com.br\/produtos-act\/"},{"@type":"ListItem","position":3,"name":"Filtros e Elementos Filtrante","item":"https:\/\/actbr.com.br\/es\/categoria-produto\/filtros-e-elementos-filtrante\/"},{"@type":"ListItem","position":4,"name":"Filtro Duplo (Baixa Press\u00e3o)","item":"https:\/\/actbr.com.br\/es\/categoria-produto\/filtros-e-elementos-filtrante\/filtro-duplo-baixa-pressao\/"},{"@type":"ListItem","position":5,"name":"Filtro duplo (duplex) de baixa press\u00e3o PI 21"}]},{"@type":"WebSite","@id":"https:\/\/actbr.com.br\/es\/#website","url":"https:\/\/actbr.com.br\/es\/","name":"ACT Sistemas Hidr\u00e1ulicos","description":"Fabricaci\u00f3n y mantenimiento de componentes de aceite hidr\u00e1ulico","publisher":{"@id":"https:\/\/actbr.com.br\/es\/#organization"},"potentialAction":[{"@type":"SearchAction","target":{"@type":"EntryPoint","urlTemplate":"https:\/\/actbr.com.br\/es\/?s={search_term_string}"},"query-input":{"@type":"PropertyValueSpecification","valueRequired":true,"valueName":"search_term_string"}}],"inLanguage":"es"},{"@type":"Organization","@id":"https:\/\/actbr.com.br\/es\/#organization","name":"ACT Sistemas Hidr\u00e1ulicos","url":"https:\/\/actbr.com.br\/es\/","logo":{"@type":"ImageObject","inLanguage":"es","@id":"https:\/\/actbr.com.br\/es\/#\/schema\/logo\/image\/","url":"https:\/\/actbr.com.br\/wp-content\/uploads\/2025\/02\/cropped-ACT_NEGATIVO-marca-dagua.png","contentUrl":"https:\/\/actbr.com.br\/wp-content\/uploads\/2025\/02\/cropped-ACT_NEGATIVO-marca-dagua.png","width":240,"height":146,"caption":"ACT Sistemas Hidr\u00e1ulicos"},"image":{"@id":"https:\/\/actbr.com.br\/es\/#\/schema\/logo\/image\/"}}]}},"_links":{"self":[{"href":"https:\/\/actbr.com.br\/es\/wp-json\/wp\/v2\/product\/3571","targetHints":{"allow":["GET"]}}],"collection":[{"href":"https:\/\/actbr.com.br\/es\/wp-json\/wp\/v2\/product"}],"about":[{"href":"https:\/\/actbr.com.br\/es\/wp-json\/wp\/v2\/types\/product"}],"wp:featuredmedia":[{"embeddable":true,"href":"https:\/\/actbr.com.br\/es\/wp-json\/wp\/v2\/media\/6473"}],"wp:attachment":[{"href":"https:\/\/actbr.com.br\/es\/wp-json\/wp\/v2\/media?parent=3571"}],"wp:term":[{"taxonomy":"product_brand","embeddable":true,"href":"https:\/\/actbr.com.br\/es\/wp-json\/wp\/v2\/product_brand?post=3571"},{"taxonomy":"product_cat","embeddable":true,"href":"https:\/\/actbr.com.br\/es\/wp-json\/wp\/v2\/product_cat?post=3571"},{"taxonomy":"product_tag","embeddable":true,"href":"https:\/\/actbr.com.br\/es\/wp-json\/wp\/v2\/product_tag?post=3571"}],"curies":[{"name":"wp","href":"https:\/\/api.w.org\/{rel}","templated":true}]}}