{"id":3601,"date":"2020-09-29T12:42:14","date_gmt":"2020-09-29T15:42:14","guid":{"rendered":"https:\/\/actbr.com.br\/produto\/conector-eletrico-transparente-com-retificador-e-led-onda-completa-tipo-ponte-formato-a\/"},"modified":"2023-06-29T14:14:08","modified_gmt":"2023-06-29T17:14:08","slug":"conector-onda-completa-formato-a","status":"publish","type":"product","link":"https:\/\/actbr.com.br\/es\/producto\/conector-onda-completa-formato-a\/","title":{"rendered":"Conector Onda Completa Formato \u201cA\u201d"},"content":{"rendered":"<div id=\"detalhes\">\n<p><strong>Conector Onda Completa Formato \u201cA\u201d<\/strong><\/p>\n<p>Conector el\u00e9trico transparente com Retificador e LED (onda completa \u2013 tipo ponte)<\/p>\n<p>O Conector Onda Completa Formato \u201cA\u201d \u00e9 um conector padr\u00e3o de tamanho 30 (18mm) utilizado em todas as v\u00e1lvulas constru\u00eddas sobre a norma ISO 4401.<\/p>\n<p>\u00c9 um conector padr\u00e3o de tamanho 30 (18mm) com tampa remov\u00edvel, constru\u00eddo em poliamida com fibra de vidro (PA = FV) e grau de prote\u00e7\u00e3o IP 65.<\/p>\n<p>Retificador tipo ponte\u00a0com circuito de prote\u00e7\u00e3o (varistor) e indicador de fun\u00e7\u00e3o (LED).<\/p>\n<p><strong>Informa\u00e7\u00f5es gerais:<\/strong><\/p>\n<p><strong>Temperatura ambiente:<\/strong><br \/>\nVers\u00e3o Standard (conector preto): -20 a 100\u00baC<br \/>\nGrau de prote\u00e7\u00e3o de acordo com a DIN 40050: IP65<\/p>\n<p><strong>M\u00e1xima corrente de opera\u00e7\u00e3o:<\/strong><br \/>\nVers\u00e3o com LED: 2A, 10A<br \/>\nCorrente consumida pelo LED: Aproximadamente 10mA<br \/>\nN\u00famero de terminais: 2 + terra<br \/>\nEntrada para cabo: CM 18<\/p>\n<p><strong>Di\u00e2metro do cabo:<\/strong><br \/>\nVers\u00e3o Standard : 6 a 18 mm<br \/>\nConectores: Por parafuso e flanges<br \/>\nCapacidade M\u00e1x. de aperto: 1,5 mm2<\/p>\n<p><strong>Padr\u00e3o do conector:<\/strong> EN 175301-803-A (DIN 43650-A)<\/p>\n<p><strong>Dimens\u00f5es:<\/strong><\/p>\n<p><img decoding=\"async\" src=\"https:\/\/actbr.com.br\/wp-content\/uploads\/2020\/09\/dimensoes-conector-tipo-ponte-retificador.jpg\" alt=\"\" \/><\/p>\n<p>Circuito el\u00e9trico para conector com Retificador e LED (onda completa \u2013 tipo ponte):<\/p>\n<p><img decoding=\"async\" src=\"https:\/\/actbr.com.br\/wp-content\/uploads\/2020\/09\/esquema-retificador-tipo-ponte.jpg\" alt=\"\" \/><\/p>\n<\/div>\n<div id=\"relacionados\" style=\"margin: 0px; padding: 100px 0px 0px; float: left; width: 890px; color: #4f4f4f; font-family: 'Trebuchet MS', Arial, Helvetica, sans-serif; font-size: 12px;\"><\/div>\n","protected":false},"excerpt":{"rendered":"<p>O Conector Onda Completa Formato \u201cA\u201d \u00e9 um conector padr\u00e3o de tamanho 30 (18mm) utilizado em todas as v\u00e1lvulas constru\u00eddas sobre a norma ISO 4401.<\/p>\n","protected":false},"featured_media":7362,"template":"","meta":[],"product_brand":[],"product_cat":[37,95],"product_tag":[],"class_list":{"0":"post-3601","1":"product","2":"type-product","3":"status-publish","4":"has-post-thumbnail","6":"product_cat-avulsos","7":"product_cat-conector-com-retificador","9":"first","10":"instock","11":"virtual","12":"product-type-simple"},"yoast_head":"<!-- This site is optimized with the Yoast SEO plugin v27.2 - https:\/\/yoast.com\/product\/yoast-seo-wordpress\/ -->\n<title>Conector Onda Completa Formato \u201cA\u201d - ACT Sistemas Hidr\u00e1ulicos<\/title>\n<meta name=\"description\" content=\"O Conector Onda Completa Formato \u201cA\u201d \u00e9 um conector padr\u00e3o de tamanho 30 (18mm) utilizado em todas as v\u00e1lvulas constru\u00eddas sobre a norma ISO 4401.\" \/>\n<meta name=\"robots\" content=\"index, follow, max-snippet:-1, max-image-preview:large, max-video-preview:-1\" \/>\n<link rel=\"canonical\" href=\"https:\/\/actbr.com.br\/es\/producto\/conector-onda-completa-formato-a\/\" \/>\n<meta property=\"og:locale\" content=\"es_ES\" \/>\n<meta property=\"og:type\" content=\"article\" \/>\n<meta property=\"og:title\" content=\"Conector Onda Completa Formato \u201cA\u201d - ACT Sistemas Hidr\u00e1ulicos\" \/>\n<meta property=\"og:description\" content=\"O Conector Onda Completa Formato \u201cA\u201d \u00e9 um conector padr\u00e3o de tamanho 30 (18mm) utilizado em todas as v\u00e1lvulas constru\u00eddas sobre a norma ISO 4401.\" \/>\n<meta property=\"og:url\" content=\"https:\/\/actbr.com.br\/es\/producto\/conector-onda-completa-formato-a\/\" \/>\n<meta property=\"og:site_name\" content=\"ACT Sistemas Hidr\u00e1ulicos\" \/>\n<meta property=\"article:modified_time\" content=\"2023-06-29T17:14:08+00:00\" \/>\n<meta property=\"og:image\" content=\"https:\/\/actbr.com.br\/wp-content\/uploads\/2020\/09\/Conector-eletrico-transparente-com-Retificador-e-LED-onda-completa-\u2013-tipo-ponte-\u2013-Formato-A.jpg\" \/>\n\t<meta property=\"og:image:width\" content=\"600\" \/>\n\t<meta property=\"og:image:height\" content=\"406\" \/>\n\t<meta property=\"og:image:type\" content=\"image\/jpeg\" \/>\n<meta name=\"twitter:card\" content=\"summary_large_image\" \/>\n<meta name=\"twitter:label1\" content=\"Tiempo de lectura\" \/>\n\t<meta name=\"twitter:data1\" content=\"2 minutos\" \/>\n<script type=\"application\/ld+json\" class=\"yoast-schema-graph\">{\"@context\":\"https:\/\/schema.org\",\"@graph\":[{\"@type\":\"WebPage\",\"@id\":\"https:\/\/actbr.com.br\/es\/producto\/conector-onda-completa-formato-a\/\",\"url\":\"https:\/\/actbr.com.br\/es\/producto\/conector-onda-completa-formato-a\/\",\"name\":\"Conector Onda Completa Formato \u201cA\u201d - ACT Sistemas Hidr\u00e1ulicos\",\"isPartOf\":{\"@id\":\"https:\/\/actbr.com.br\/es\/#website\"},\"primaryImageOfPage\":{\"@id\":\"https:\/\/actbr.com.br\/es\/producto\/conector-onda-completa-formato-a\/#primaryimage\"},\"image\":{\"@id\":\"https:\/\/actbr.com.br\/es\/producto\/conector-onda-completa-formato-a\/#primaryimage\"},\"thumbnailUrl\":\"https:\/\/actbr.com.br\/wp-content\/uploads\/2020\/09\/Conector-eletrico-transparente-com-Retificador-e-LED-onda-completa-\u2013-tipo-ponte-\u2013-Formato-A.jpg\",\"datePublished\":\"2020-09-29T15:42:14+00:00\",\"dateModified\":\"2023-06-29T17:14:08+00:00\",\"description\":\"O Conector Onda Completa Formato \u201cA\u201d \u00e9 um conector padr\u00e3o de tamanho 30 (18mm) utilizado em todas as v\u00e1lvulas constru\u00eddas sobre a norma ISO 4401.\",\"breadcrumb\":{\"@id\":\"https:\/\/actbr.com.br\/es\/producto\/conector-onda-completa-formato-a\/#breadcrumb\"},\"inLanguage\":\"es\",\"potentialAction\":[{\"@type\":\"ReadAction\",\"target\":[\"https:\/\/actbr.com.br\/es\/producto\/conector-onda-completa-formato-a\/\"]}]},{\"@type\":\"ImageObject\",\"inLanguage\":\"es\",\"@id\":\"https:\/\/actbr.com.br\/es\/producto\/conector-onda-completa-formato-a\/#primaryimage\",\"url\":\"https:\/\/actbr.com.br\/wp-content\/uploads\/2020\/09\/Conector-eletrico-transparente-com-Retificador-e-LED-onda-completa-\u2013-tipo-ponte-\u2013-Formato-A.jpg\",\"contentUrl\":\"https:\/\/actbr.com.br\/wp-content\/uploads\/2020\/09\/Conector-eletrico-transparente-com-Retificador-e-LED-onda-completa-\u2013-tipo-ponte-\u2013-Formato-A.jpg\",\"width\":600,\"height\":406,\"caption\":\"Conector Onda Completa Formato \u201cA\u201d\"},{\"@type\":\"BreadcrumbList\",\"@id\":\"https:\/\/actbr.com.br\/es\/producto\/conector-onda-completa-formato-a\/#breadcrumb\",\"itemListElement\":[{\"@type\":\"ListItem\",\"position\":1,\"name\":\"Comenzar\",\"item\":\"https:\/\/actbr.com.br\/es\/\"},{\"@type\":\"ListItem\",\"position\":2,\"name\":\"Produtos\",\"item\":\"https:\/\/actbr.com.br\/produtos-act\/\"},{\"@type\":\"ListItem\",\"position\":3,\"name\":\"Avulsos\",\"item\":\"https:\/\/actbr.com.br\/es\/categoria-produto\/avulsos\/\"},{\"@type\":\"ListItem\",\"position\":4,\"name\":\"Conector - Com retificador\",\"item\":\"https:\/\/actbr.com.br\/es\/categoria-produto\/avulsos\/conector-com-retificador\/\"},{\"@type\":\"ListItem\",\"position\":5,\"name\":\"Conector Onda Completa Formato \u201cA\u201d\"}]},{\"@type\":\"WebSite\",\"@id\":\"https:\/\/actbr.com.br\/es\/#website\",\"url\":\"https:\/\/actbr.com.br\/es\/\",\"name\":\"ACT Sistemas Hidr\u00e1ulicos\",\"description\":\"Fabricaci\u00f3n y mantenimiento de componentes de aceite hidr\u00e1ulico\",\"publisher\":{\"@id\":\"https:\/\/actbr.com.br\/es\/#organization\"},\"potentialAction\":[{\"@type\":\"SearchAction\",\"target\":{\"@type\":\"EntryPoint\",\"urlTemplate\":\"https:\/\/actbr.com.br\/es\/?s={search_term_string}\"},\"query-input\":{\"@type\":\"PropertyValueSpecification\",\"valueRequired\":true,\"valueName\":\"search_term_string\"}}],\"inLanguage\":\"es\"},{\"@type\":\"Organization\",\"@id\":\"https:\/\/actbr.com.br\/es\/#organization\",\"name\":\"ACT Sistemas Hidr\u00e1ulicos\",\"url\":\"https:\/\/actbr.com.br\/es\/\",\"logo\":{\"@type\":\"ImageObject\",\"inLanguage\":\"es\",\"@id\":\"https:\/\/actbr.com.br\/es\/#\/schema\/logo\/image\/\",\"url\":\"https:\/\/actbr.com.br\/wp-content\/uploads\/2025\/02\/cropped-ACT_NEGATIVO-marca-dagua.png\",\"contentUrl\":\"https:\/\/actbr.com.br\/wp-content\/uploads\/2025\/02\/cropped-ACT_NEGATIVO-marca-dagua.png\",\"width\":240,\"height\":146,\"caption\":\"ACT Sistemas Hidr\u00e1ulicos\"},\"image\":{\"@id\":\"https:\/\/actbr.com.br\/es\/#\/schema\/logo\/image\/\"}}]}<\/script>\n<!-- \/ Yoast SEO plugin. -->","yoast_head_json":{"title":"Conector Onda Completa Formato \u201cA\u201d - ACT Sistemas Hidr\u00e1ulicos","description":"O Conector Onda Completa Formato \u201cA\u201d \u00e9 um conector padr\u00e3o de tamanho 30 (18mm) utilizado em todas as v\u00e1lvulas constru\u00eddas sobre a norma ISO 4401.","robots":{"index":"index","follow":"follow","max-snippet":"max-snippet:-1","max-image-preview":"max-image-preview:large","max-video-preview":"max-video-preview:-1"},"canonical":"https:\/\/actbr.com.br\/es\/producto\/conector-onda-completa-formato-a\/","og_locale":"es_ES","og_type":"article","og_title":"Conector Onda Completa Formato \u201cA\u201d - ACT Sistemas Hidr\u00e1ulicos","og_description":"O Conector Onda Completa Formato \u201cA\u201d \u00e9 um conector padr\u00e3o de tamanho 30 (18mm) utilizado em todas as v\u00e1lvulas constru\u00eddas sobre a norma ISO 4401.","og_url":"https:\/\/actbr.com.br\/es\/producto\/conector-onda-completa-formato-a\/","og_site_name":"ACT Sistemas Hidr\u00e1ulicos","article_modified_time":"2023-06-29T17:14:08+00:00","og_image":[{"width":600,"height":406,"url":"https:\/\/actbr.com.br\/wp-content\/uploads\/2020\/09\/Conector-eletrico-transparente-com-Retificador-e-LED-onda-completa-\u2013-tipo-ponte-\u2013-Formato-A.jpg","type":"image\/jpeg"}],"twitter_card":"summary_large_image","twitter_misc":{"Tiempo de lectura":"2 minutos"},"schema":{"@context":"https:\/\/schema.org","@graph":[{"@type":"WebPage","@id":"https:\/\/actbr.com.br\/es\/producto\/conector-onda-completa-formato-a\/","url":"https:\/\/actbr.com.br\/es\/producto\/conector-onda-completa-formato-a\/","name":"Conector Onda Completa Formato \u201cA\u201d - ACT Sistemas Hidr\u00e1ulicos","isPartOf":{"@id":"https:\/\/actbr.com.br\/es\/#website"},"primaryImageOfPage":{"@id":"https:\/\/actbr.com.br\/es\/producto\/conector-onda-completa-formato-a\/#primaryimage"},"image":{"@id":"https:\/\/actbr.com.br\/es\/producto\/conector-onda-completa-formato-a\/#primaryimage"},"thumbnailUrl":"https:\/\/actbr.com.br\/wp-content\/uploads\/2020\/09\/Conector-eletrico-transparente-com-Retificador-e-LED-onda-completa-\u2013-tipo-ponte-\u2013-Formato-A.jpg","datePublished":"2020-09-29T15:42:14+00:00","dateModified":"2023-06-29T17:14:08+00:00","description":"O Conector Onda Completa Formato \u201cA\u201d \u00e9 um conector padr\u00e3o de tamanho 30 (18mm) utilizado em todas as v\u00e1lvulas constru\u00eddas sobre a norma ISO 4401.","breadcrumb":{"@id":"https:\/\/actbr.com.br\/es\/producto\/conector-onda-completa-formato-a\/#breadcrumb"},"inLanguage":"es","potentialAction":[{"@type":"ReadAction","target":["https:\/\/actbr.com.br\/es\/producto\/conector-onda-completa-formato-a\/"]}]},{"@type":"ImageObject","inLanguage":"es","@id":"https:\/\/actbr.com.br\/es\/producto\/conector-onda-completa-formato-a\/#primaryimage","url":"https:\/\/actbr.com.br\/wp-content\/uploads\/2020\/09\/Conector-eletrico-transparente-com-Retificador-e-LED-onda-completa-\u2013-tipo-ponte-\u2013-Formato-A.jpg","contentUrl":"https:\/\/actbr.com.br\/wp-content\/uploads\/2020\/09\/Conector-eletrico-transparente-com-Retificador-e-LED-onda-completa-\u2013-tipo-ponte-\u2013-Formato-A.jpg","width":600,"height":406,"caption":"Conector Onda Completa Formato \u201cA\u201d"},{"@type":"BreadcrumbList","@id":"https:\/\/actbr.com.br\/es\/producto\/conector-onda-completa-formato-a\/#breadcrumb","itemListElement":[{"@type":"ListItem","position":1,"name":"Comenzar","item":"https:\/\/actbr.com.br\/es\/"},{"@type":"ListItem","position":2,"name":"Produtos","item":"https:\/\/actbr.com.br\/produtos-act\/"},{"@type":"ListItem","position":3,"name":"Avulsos","item":"https:\/\/actbr.com.br\/es\/categoria-produto\/avulsos\/"},{"@type":"ListItem","position":4,"name":"Conector - Com retificador","item":"https:\/\/actbr.com.br\/es\/categoria-produto\/avulsos\/conector-com-retificador\/"},{"@type":"ListItem","position":5,"name":"Conector Onda Completa Formato \u201cA\u201d"}]},{"@type":"WebSite","@id":"https:\/\/actbr.com.br\/es\/#website","url":"https:\/\/actbr.com.br\/es\/","name":"ACT Sistemas Hidr\u00e1ulicos","description":"Fabricaci\u00f3n y mantenimiento de componentes de aceite hidr\u00e1ulico","publisher":{"@id":"https:\/\/actbr.com.br\/es\/#organization"},"potentialAction":[{"@type":"SearchAction","target":{"@type":"EntryPoint","urlTemplate":"https:\/\/actbr.com.br\/es\/?s={search_term_string}"},"query-input":{"@type":"PropertyValueSpecification","valueRequired":true,"valueName":"search_term_string"}}],"inLanguage":"es"},{"@type":"Organization","@id":"https:\/\/actbr.com.br\/es\/#organization","name":"ACT Sistemas Hidr\u00e1ulicos","url":"https:\/\/actbr.com.br\/es\/","logo":{"@type":"ImageObject","inLanguage":"es","@id":"https:\/\/actbr.com.br\/es\/#\/schema\/logo\/image\/","url":"https:\/\/actbr.com.br\/wp-content\/uploads\/2025\/02\/cropped-ACT_NEGATIVO-marca-dagua.png","contentUrl":"https:\/\/actbr.com.br\/wp-content\/uploads\/2025\/02\/cropped-ACT_NEGATIVO-marca-dagua.png","width":240,"height":146,"caption":"ACT Sistemas Hidr\u00e1ulicos"},"image":{"@id":"https:\/\/actbr.com.br\/es\/#\/schema\/logo\/image\/"}}]}},"_links":{"self":[{"href":"https:\/\/actbr.com.br\/es\/wp-json\/wp\/v2\/product\/3601","targetHints":{"allow":["GET"]}}],"collection":[{"href":"https:\/\/actbr.com.br\/es\/wp-json\/wp\/v2\/product"}],"about":[{"href":"https:\/\/actbr.com.br\/es\/wp-json\/wp\/v2\/types\/product"}],"wp:featuredmedia":[{"embeddable":true,"href":"https:\/\/actbr.com.br\/es\/wp-json\/wp\/v2\/media\/7362"}],"wp:attachment":[{"href":"https:\/\/actbr.com.br\/es\/wp-json\/wp\/v2\/media?parent=3601"}],"wp:term":[{"taxonomy":"product_brand","embeddable":true,"href":"https:\/\/actbr.com.br\/es\/wp-json\/wp\/v2\/product_brand?post=3601"},{"taxonomy":"product_cat","embeddable":true,"href":"https:\/\/actbr.com.br\/es\/wp-json\/wp\/v2\/product_cat?post=3601"},{"taxonomy":"product_tag","embeddable":true,"href":"https:\/\/actbr.com.br\/es\/wp-json\/wp\/v2\/product_tag?post=3601"}],"curies":[{"name":"wp","href":"https:\/\/api.w.org\/{rel}","templated":true}]}}