{"id":3611,"date":"2020-09-29T12:42:14","date_gmt":"2020-09-29T15:42:14","guid":{"rendered":"https:\/\/actbr.com.br\/produto\/conector-eletrico-din-43650-transparente-com-led-formato-a\/"},"modified":"2023-06-29T14:50:43","modified_gmt":"2023-06-29T17:50:43","slug":"conector-transparente-com-led-din-a","status":"publish","type":"product","link":"https:\/\/actbr.com.br\/es\/producto\/conector-transparente-com-led-din-a\/","title":{"rendered":"Conector Transparente LED DIN A"},"content":{"rendered":"<div id=\"detalhes\">\n<p><strong>Conector Transparente com LED DIN A<\/strong><\/p>\n<p>O Conector Transparente LED DIN A \u00e9 um conector el\u00e9trico padr\u00e3o DIN 43650-A, utilizado em todas as v\u00e1lvulas constru\u00eddas sobre a norma ISO 4401.<\/p>\n<p>\u00c9 um conector padr\u00e3o, transparente, com led, no formato \u201cA\u201d, com tamanho 30 (18mm) com tampa remov\u00edvel, constru\u00eddo em poliamida com fibra de vidro (PA = FV), grau de prote\u00e7\u00e3o IP 65.<\/p>\n<p><strong>Informa\u00e7\u00f5es gerais:<\/strong><br \/>\nTemperatura ambiente;<br \/>\nVers\u00e3o Standard (conector transparente): -20 a 100\u00baC;<br \/>\nGrau de prote\u00e7\u00e3o de acordo com a DIN 40050: IP6;<br \/>\nM\u00e1xima corrente de opera\u00e7\u00e3o:;<br \/>\nVers\u00e3o com LED: 2A, 10A;<br \/>\nCorrente consumida pelo LED: Aproximadamente 10mA;<br \/>\nN\u00famero de terminais: 2 + terra;<br \/>\nEntrada para cabo: CM 18;<br \/>\nDi\u00e2metro do cabo (vers\u00e3o standard): 6 a 18 mm;<br \/>\nConectores: Por parafuso e flanges;<br \/>\nCapacidade m\u00e1x. de aperto: 1,5 mm\u00b2;<br \/>\nPadr\u00e3o do conector: EN 175301-803-A (DIN 43650-A).<\/p>\n<p><strong>Dimens\u00f5es:<\/strong><\/p>\n<p><img decoding=\"async\" src=\"https:\/\/actbr.com.br\/wp-content\/uploads\/2020\/09\/conector-eletrico-para-eletrovalvula-rexroth-atos-parker.jpg\" alt=\"\" \/><\/p>\n<p>Circuito el\u00e9trico para conector com LED:<\/p>\n<p><img decoding=\"async\" src=\"https:\/\/actbr.com.br\/wp-content\/uploads\/2020\/09\/conector-com-led-dc.jpg\" alt=\"\" \/><\/p>\n<\/div>\n<div id=\"relacionados\" style=\"margin: 0px; padding: 100px 0px 0px; float: left; width: 890px; color: #4f4f4f; font-family: 'Trebuchet MS', Arial, Helvetica, sans-serif; font-size: 12px;\"><\/div>\n","protected":false},"excerpt":{"rendered":"<p>O Conector Transparente LED DIN A \u00e9 um conector el\u00e9trico padr\u00e3o DIN 43650-A, utilizado em todas as v\u00e1lvulas constru\u00eddas sobre a norma ISO 4401.<\/p>\n","protected":false},"featured_media":7368,"template":"","meta":[],"product_brand":[],"product_cat":[37,94],"product_tag":[],"class_list":{"0":"post-3611","1":"product","2":"type-product","3":"status-publish","4":"has-post-thumbnail","6":"product_cat-avulsos","7":"product_cat-conector-din-a","9":"first","10":"instock","11":"featured","12":"virtual","13":"product-type-simple"},"yoast_head":"<!-- This site is optimized with the Yoast SEO plugin v27.5 - https:\/\/yoast.com\/product\/yoast-seo-wordpress\/ -->\n<title>Conector Transparente LED DIN A - ACT Sistemas Hidr\u00e1ulicos<\/title>\n<meta name=\"description\" content=\"O Conector Transparente LED DIN A \u00e9 um conector el\u00e9trico padr\u00e3o DIN 43650-A, utilizado em todas as v\u00e1lvulas constru\u00eddas sobre a norma ISO 4401.\" \/>\n<meta name=\"robots\" content=\"index, follow, max-snippet:-1, max-image-preview:large, max-video-preview:-1\" \/>\n<link rel=\"canonical\" href=\"https:\/\/actbr.com.br\/es\/producto\/conector-transparente-com-led-din-a\/\" \/>\n<meta property=\"og:locale\" content=\"es_ES\" \/>\n<meta property=\"og:type\" content=\"article\" \/>\n<meta property=\"og:title\" content=\"Conector Transparente LED DIN A - ACT Sistemas Hidr\u00e1ulicos\" \/>\n<meta property=\"og:description\" content=\"O Conector Transparente LED DIN A \u00e9 um conector el\u00e9trico padr\u00e3o DIN 43650-A, utilizado em todas as v\u00e1lvulas constru\u00eddas sobre a norma ISO 4401.\" \/>\n<meta property=\"og:url\" content=\"https:\/\/actbr.com.br\/es\/producto\/conector-transparente-com-led-din-a\/\" \/>\n<meta property=\"og:site_name\" content=\"ACT Sistemas Hidr\u00e1ulicos\" \/>\n<meta property=\"article:modified_time\" content=\"2023-06-29T17:50:43+00:00\" \/>\n<meta property=\"og:image\" content=\"https:\/\/actbr.com.br\/wp-content\/uploads\/2020\/09\/Conector-eletrico-DIN-43650-Transparente-com-LED-\u2013-Formato-A.jpg\" \/>\n\t<meta property=\"og:image:width\" content=\"600\" \/>\n\t<meta property=\"og:image:height\" content=\"406\" \/>\n\t<meta property=\"og:image:type\" content=\"image\/jpeg\" \/>\n<meta name=\"twitter:card\" content=\"summary_large_image\" \/>\n<meta name=\"twitter:label1\" content=\"Tiempo de lectura\" \/>\n\t<meta name=\"twitter:data1\" content=\"2 minutos\" \/>\n<script type=\"application\/ld+json\" class=\"yoast-schema-graph\">{\"@context\":\"https:\\\/\\\/schema.org\",\"@graph\":[{\"@type\":\"WebPage\",\"@id\":\"https:\\\/\\\/actbr.com.br\\\/es\\\/producto\\\/conector-transparente-com-led-din-a\\\/\",\"url\":\"https:\\\/\\\/actbr.com.br\\\/es\\\/producto\\\/conector-transparente-com-led-din-a\\\/\",\"name\":\"Conector Transparente LED DIN A - ACT Sistemas Hidr\u00e1ulicos\",\"isPartOf\":{\"@id\":\"https:\\\/\\\/actbr.com.br\\\/es\\\/#website\"},\"primaryImageOfPage\":{\"@id\":\"https:\\\/\\\/actbr.com.br\\\/es\\\/producto\\\/conector-transparente-com-led-din-a\\\/#primaryimage\"},\"image\":{\"@id\":\"https:\\\/\\\/actbr.com.br\\\/es\\\/producto\\\/conector-transparente-com-led-din-a\\\/#primaryimage\"},\"thumbnailUrl\":\"https:\\\/\\\/actbr.com.br\\\/wp-content\\\/uploads\\\/2020\\\/09\\\/Conector-eletrico-DIN-43650-Transparente-com-LED-\u2013-Formato-A.jpg\",\"datePublished\":\"2020-09-29T15:42:14+00:00\",\"dateModified\":\"2023-06-29T17:50:43+00:00\",\"description\":\"O Conector Transparente LED DIN A \u00e9 um conector el\u00e9trico padr\u00e3o DIN 43650-A, utilizado em todas as v\u00e1lvulas constru\u00eddas sobre a norma ISO 4401.\",\"breadcrumb\":{\"@id\":\"https:\\\/\\\/actbr.com.br\\\/es\\\/producto\\\/conector-transparente-com-led-din-a\\\/#breadcrumb\"},\"inLanguage\":\"es\",\"potentialAction\":[{\"@type\":\"ReadAction\",\"target\":[\"https:\\\/\\\/actbr.com.br\\\/es\\\/producto\\\/conector-transparente-com-led-din-a\\\/\"]}]},{\"@type\":\"ImageObject\",\"inLanguage\":\"es\",\"@id\":\"https:\\\/\\\/actbr.com.br\\\/es\\\/producto\\\/conector-transparente-com-led-din-a\\\/#primaryimage\",\"url\":\"https:\\\/\\\/actbr.com.br\\\/wp-content\\\/uploads\\\/2020\\\/09\\\/Conector-eletrico-DIN-43650-Transparente-com-LED-\u2013-Formato-A.jpg\",\"contentUrl\":\"https:\\\/\\\/actbr.com.br\\\/wp-content\\\/uploads\\\/2020\\\/09\\\/Conector-eletrico-DIN-43650-Transparente-com-LED-\u2013-Formato-A.jpg\",\"width\":600,\"height\":406,\"caption\":\"Conector Transparente com LED DIN A\"},{\"@type\":\"BreadcrumbList\",\"@id\":\"https:\\\/\\\/actbr.com.br\\\/es\\\/producto\\\/conector-transparente-com-led-din-a\\\/#breadcrumb\",\"itemListElement\":[{\"@type\":\"ListItem\",\"position\":1,\"name\":\"Comenzar\",\"item\":\"https:\\\/\\\/actbr.com.br\\\/es\\\/\"},{\"@type\":\"ListItem\",\"position\":2,\"name\":\"Produtos\",\"item\":\"https:\\\/\\\/actbr.com.br\\\/produtos-act\\\/\"},{\"@type\":\"ListItem\",\"position\":3,\"name\":\"Avulsos\",\"item\":\"https:\\\/\\\/actbr.com.br\\\/es\\\/categoria-produto\\\/avulsos\\\/\"},{\"@type\":\"ListItem\",\"position\":4,\"name\":\"Conector - DIN A\",\"item\":\"https:\\\/\\\/actbr.com.br\\\/es\\\/categoria-produto\\\/avulsos\\\/conector-din-a\\\/\"},{\"@type\":\"ListItem\",\"position\":5,\"name\":\"Conector Transparente LED DIN A\"}]},{\"@type\":\"WebSite\",\"@id\":\"https:\\\/\\\/actbr.com.br\\\/es\\\/#website\",\"url\":\"https:\\\/\\\/actbr.com.br\\\/es\\\/\",\"name\":\"ACT Sistemas Hidr\u00e1ulicos\",\"description\":\"Fabricaci\u00f3n y mantenimiento de componentes de aceite hidr\u00e1ulico\",\"publisher\":{\"@id\":\"https:\\\/\\\/actbr.com.br\\\/es\\\/#organization\"},\"potentialAction\":[{\"@type\":\"SearchAction\",\"target\":{\"@type\":\"EntryPoint\",\"urlTemplate\":\"https:\\\/\\\/actbr.com.br\\\/es\\\/?s={search_term_string}\"},\"query-input\":{\"@type\":\"PropertyValueSpecification\",\"valueRequired\":true,\"valueName\":\"search_term_string\"}}],\"inLanguage\":\"es\"},{\"@type\":\"Organization\",\"@id\":\"https:\\\/\\\/actbr.com.br\\\/es\\\/#organization\",\"name\":\"ACT Sistemas Hidr\u00e1ulicos\",\"url\":\"https:\\\/\\\/actbr.com.br\\\/es\\\/\",\"logo\":{\"@type\":\"ImageObject\",\"inLanguage\":\"es\",\"@id\":\"https:\\\/\\\/actbr.com.br\\\/es\\\/#\\\/schema\\\/logo\\\/image\\\/\",\"url\":\"https:\\\/\\\/actbr.com.br\\\/wp-content\\\/uploads\\\/2025\\\/02\\\/cropped-ACT_NEGATIVO-marca-dagua.png\",\"contentUrl\":\"https:\\\/\\\/actbr.com.br\\\/wp-content\\\/uploads\\\/2025\\\/02\\\/cropped-ACT_NEGATIVO-marca-dagua.png\",\"width\":240,\"height\":146,\"caption\":\"ACT Sistemas Hidr\u00e1ulicos\"},\"image\":{\"@id\":\"https:\\\/\\\/actbr.com.br\\\/es\\\/#\\\/schema\\\/logo\\\/image\\\/\"}}]}<\/script>\n<!-- \/ Yoast SEO plugin. -->","yoast_head_json":{"title":"Conector Transparente LED DIN A - ACT Sistemas Hidr\u00e1ulicos","description":"O Conector Transparente LED DIN A \u00e9 um conector el\u00e9trico padr\u00e3o DIN 43650-A, utilizado em todas as v\u00e1lvulas constru\u00eddas sobre a norma ISO 4401.","robots":{"index":"index","follow":"follow","max-snippet":"max-snippet:-1","max-image-preview":"max-image-preview:large","max-video-preview":"max-video-preview:-1"},"canonical":"https:\/\/actbr.com.br\/es\/producto\/conector-transparente-com-led-din-a\/","og_locale":"es_ES","og_type":"article","og_title":"Conector Transparente LED DIN A - ACT Sistemas Hidr\u00e1ulicos","og_description":"O Conector Transparente LED DIN A \u00e9 um conector el\u00e9trico padr\u00e3o DIN 43650-A, utilizado em todas as v\u00e1lvulas constru\u00eddas sobre a norma ISO 4401.","og_url":"https:\/\/actbr.com.br\/es\/producto\/conector-transparente-com-led-din-a\/","og_site_name":"ACT Sistemas Hidr\u00e1ulicos","article_modified_time":"2023-06-29T17:50:43+00:00","og_image":[{"width":600,"height":406,"url":"https:\/\/actbr.com.br\/wp-content\/uploads\/2020\/09\/Conector-eletrico-DIN-43650-Transparente-com-LED-\u2013-Formato-A.jpg","type":"image\/jpeg"}],"twitter_card":"summary_large_image","twitter_misc":{"Tiempo de lectura":"2 minutos"},"schema":{"@context":"https:\/\/schema.org","@graph":[{"@type":"WebPage","@id":"https:\/\/actbr.com.br\/es\/producto\/conector-transparente-com-led-din-a\/","url":"https:\/\/actbr.com.br\/es\/producto\/conector-transparente-com-led-din-a\/","name":"Conector Transparente LED DIN A - ACT Sistemas Hidr\u00e1ulicos","isPartOf":{"@id":"https:\/\/actbr.com.br\/es\/#website"},"primaryImageOfPage":{"@id":"https:\/\/actbr.com.br\/es\/producto\/conector-transparente-com-led-din-a\/#primaryimage"},"image":{"@id":"https:\/\/actbr.com.br\/es\/producto\/conector-transparente-com-led-din-a\/#primaryimage"},"thumbnailUrl":"https:\/\/actbr.com.br\/wp-content\/uploads\/2020\/09\/Conector-eletrico-DIN-43650-Transparente-com-LED-\u2013-Formato-A.jpg","datePublished":"2020-09-29T15:42:14+00:00","dateModified":"2023-06-29T17:50:43+00:00","description":"O Conector Transparente LED DIN A \u00e9 um conector el\u00e9trico padr\u00e3o DIN 43650-A, utilizado em todas as v\u00e1lvulas constru\u00eddas sobre a norma ISO 4401.","breadcrumb":{"@id":"https:\/\/actbr.com.br\/es\/producto\/conector-transparente-com-led-din-a\/#breadcrumb"},"inLanguage":"es","potentialAction":[{"@type":"ReadAction","target":["https:\/\/actbr.com.br\/es\/producto\/conector-transparente-com-led-din-a\/"]}]},{"@type":"ImageObject","inLanguage":"es","@id":"https:\/\/actbr.com.br\/es\/producto\/conector-transparente-com-led-din-a\/#primaryimage","url":"https:\/\/actbr.com.br\/wp-content\/uploads\/2020\/09\/Conector-eletrico-DIN-43650-Transparente-com-LED-\u2013-Formato-A.jpg","contentUrl":"https:\/\/actbr.com.br\/wp-content\/uploads\/2020\/09\/Conector-eletrico-DIN-43650-Transparente-com-LED-\u2013-Formato-A.jpg","width":600,"height":406,"caption":"Conector Transparente com LED DIN A"},{"@type":"BreadcrumbList","@id":"https:\/\/actbr.com.br\/es\/producto\/conector-transparente-com-led-din-a\/#breadcrumb","itemListElement":[{"@type":"ListItem","position":1,"name":"Comenzar","item":"https:\/\/actbr.com.br\/es\/"},{"@type":"ListItem","position":2,"name":"Produtos","item":"https:\/\/actbr.com.br\/produtos-act\/"},{"@type":"ListItem","position":3,"name":"Avulsos","item":"https:\/\/actbr.com.br\/es\/categoria-produto\/avulsos\/"},{"@type":"ListItem","position":4,"name":"Conector - DIN A","item":"https:\/\/actbr.com.br\/es\/categoria-produto\/avulsos\/conector-din-a\/"},{"@type":"ListItem","position":5,"name":"Conector Transparente LED DIN A"}]},{"@type":"WebSite","@id":"https:\/\/actbr.com.br\/es\/#website","url":"https:\/\/actbr.com.br\/es\/","name":"ACT Sistemas Hidr\u00e1ulicos","description":"Fabricaci\u00f3n y mantenimiento de componentes de aceite hidr\u00e1ulico","publisher":{"@id":"https:\/\/actbr.com.br\/es\/#organization"},"potentialAction":[{"@type":"SearchAction","target":{"@type":"EntryPoint","urlTemplate":"https:\/\/actbr.com.br\/es\/?s={search_term_string}"},"query-input":{"@type":"PropertyValueSpecification","valueRequired":true,"valueName":"search_term_string"}}],"inLanguage":"es"},{"@type":"Organization","@id":"https:\/\/actbr.com.br\/es\/#organization","name":"ACT Sistemas Hidr\u00e1ulicos","url":"https:\/\/actbr.com.br\/es\/","logo":{"@type":"ImageObject","inLanguage":"es","@id":"https:\/\/actbr.com.br\/es\/#\/schema\/logo\/image\/","url":"https:\/\/actbr.com.br\/wp-content\/uploads\/2025\/02\/cropped-ACT_NEGATIVO-marca-dagua.png","contentUrl":"https:\/\/actbr.com.br\/wp-content\/uploads\/2025\/02\/cropped-ACT_NEGATIVO-marca-dagua.png","width":240,"height":146,"caption":"ACT Sistemas Hidr\u00e1ulicos"},"image":{"@id":"https:\/\/actbr.com.br\/es\/#\/schema\/logo\/image\/"}}]}},"_links":{"self":[{"href":"https:\/\/actbr.com.br\/es\/wp-json\/wp\/v2\/product\/3611","targetHints":{"allow":["GET"]}}],"collection":[{"href":"https:\/\/actbr.com.br\/es\/wp-json\/wp\/v2\/product"}],"about":[{"href":"https:\/\/actbr.com.br\/es\/wp-json\/wp\/v2\/types\/product"}],"wp:featuredmedia":[{"embeddable":true,"href":"https:\/\/actbr.com.br\/es\/wp-json\/wp\/v2\/media\/7368"}],"wp:attachment":[{"href":"https:\/\/actbr.com.br\/es\/wp-json\/wp\/v2\/media?parent=3611"}],"wp:term":[{"taxonomy":"product_brand","embeddable":true,"href":"https:\/\/actbr.com.br\/es\/wp-json\/wp\/v2\/product_brand?post=3611"},{"taxonomy":"product_cat","embeddable":true,"href":"https:\/\/actbr.com.br\/es\/wp-json\/wp\/v2\/product_cat?post=3611"},{"taxonomy":"product_tag","embeddable":true,"href":"https:\/\/actbr.com.br\/es\/wp-json\/wp\/v2\/product_tag?post=3611"}],"curies":[{"name":"wp","href":"https:\/\/api.w.org\/{rel}","templated":true}]}}