{"id":3615,"date":"2020-09-29T12:42:14","date_gmt":"2020-09-29T15:42:14","guid":{"rendered":"https:\/\/actbr.com.br\/produto\/bobina-coil-24vdc-d13-din-hydraforce-6306024\/"},"modified":"2023-07-04T09:22:13","modified_gmt":"2023-07-04T12:22:13","slug":"coil-24vdc-d13-din-hydraforce","status":"publish","type":"product","link":"https:\/\/actbr.com.br\/es\/producto\/coil-24vdc-d13-din-hydraforce\/","title":{"rendered":"COIL-24VDC-D13-DIN Hydraforce"},"content":{"rendered":"<div id=\"detalhes\">\n<p>Constru\u00edda sobre padr\u00e3o DIN a Bobina ACT COIL-24VDC-D13-DIN Hydraforce atende aos principais fabricantes de v\u00e1lvulas hidr\u00e1ulicas, tais como: ATOS, REXROTH, EATON, PARKER e YUKEN.<\/p>\n<p><strong>Informa\u00e7\u00f5es t\u00e9cnicas:<\/strong><br \/>\nTipo de tens\u00e3o: Corrente cont\u00ednua (24 DC);<br \/>\nToler\u00e2ncia de tens\u00e3o (tens\u00e3o nominal): + ou \u2013 10%;<br \/>\nPot\u00eancia absorvida: 18W;<br \/>\nTempo de acionamento: Uso cont\u00ednuo;<br \/>\nTempo de comuta\u00e7\u00e3o: Liga 20 a 48 ms \/ desliga 8 a 4 ms;<br \/>\nFrequ\u00eancia de liga\u00e7\u00f5es: at\u00e9 15.000 lig\/h;<br \/>\nTipo de prote\u00e7\u00e3o: IP 65;<br \/>\nTemperatura de opera\u00e7\u00e3o: -20\u00baC a + 50\u00baC;<br \/>\nTipo de conector: DIN 43650 ISO4400;<br \/>\nClasse de isola\u00e7\u00e3o: \u00abH\u00bb;<br \/>\nDi\u00e2metro do furo: 13mm (13 mil\u00edmetros).<\/p>\n<p><strong>Dimens\u00f5es f\u00edsicas:<\/strong><br \/>\n<img decoding=\"async\" src=\"https:\/\/actbr.com.br\/wp-content\/uploads\/2020\/09\/dimensoe-6306024-hydraforcde.jpg\" alt=\"\" \/><br \/>\n<strong>Tabela de equival\u00eancia:<\/strong><\/p>\n<table style=\"height: 401px;\" border=\"1\" width=\"733\" cellspacing=\"0\" cellpadding=\"0\">\n<colgroup>\n<col \/>\n<col \/>\n<col \/>\n<col \/>\n<col \/><\/colgroup>\n<tbody>\n<tr>\n<td height=\"20\"><strong>ACT<\/strong><\/td>\n<td><strong>HYDRAFORCE<\/strong><\/td>\n<td><strong>PARKER<\/strong><\/td>\n<td><strong>BUCHER<\/strong><\/td>\n<td><strong>COMATROL<\/strong><\/td>\n<\/tr>\n<tr>\n<td height=\"20\">COIL-12VDC-D13-DIN<\/td>\n<td>6306012<\/td>\n<td>\u2014-<\/td>\n<td>\u2014-<\/td>\n<td>M13-12D-20W-DN<\/td>\n<\/tr>\n<tr>\n<td height=\"20\">COIL-24VDC-D13-DIN<\/td>\n<td>6306024<\/td>\n<td>\u2014-<\/td>\n<td>\u2014-<\/td>\n<td>M13-24D-20W-DN<\/td>\n<\/tr>\n<tr>\n<td height=\"20\">COIL-24RAC-D13-DIN<\/td>\n<td>6316024<\/td>\n<td>\u2014-<\/td>\n<td>\u2014-<\/td>\n<td>\u2014-<\/td>\n<\/tr>\n<tr>\n<td height=\"20\">COIL-115RAC-D13-DIN<\/td>\n<td>6316115<\/td>\n<td>\u2014-<\/td>\n<td>\u2014-<\/td>\n<td>M13-110A-18.5W-DN<\/td>\n<\/tr>\n<tr>\n<td height=\"20\">COIL-220RAC-D13-DIN<\/td>\n<td>6316230<\/td>\n<td>\u2014-<\/td>\n<td>\u2014-<\/td>\n<td>M13-220A-17W-DN<\/td>\n<\/tr>\n<tr>\n<td height=\"20\">COIL-12VDC-D16-DIN<\/td>\n<td>6356012<\/td>\n<td>CAS012D<\/td>\n<td>MAG-SP-D36 12D 17W<\/td>\n<td>M16-12D-26W-DN<\/td>\n<\/tr>\n<tr>\n<td height=\"20\">COIL-24VDC-D16-DIN<\/td>\n<td>6356024<\/td>\n<td>CAS024D<\/td>\n<td>MAG-SP-D36 24D 17W<\/td>\n<td>M16-24D-26W-DN<\/td>\n<\/tr>\n<tr>\n<td height=\"20\">COIL-24RAC-D16-DIN<\/td>\n<td>6366024<\/td>\n<td>\u2014-<\/td>\n<td>\u2014-<\/td>\n<td>\u2014-<\/td>\n<\/tr>\n<tr>\n<td height=\"20\">COIL-11ARAC-D16-DIN<\/td>\n<td>6366115<\/td>\n<td>CAS115D<\/td>\n<td>MAG-SP-D36 115A 17VA<\/td>\n<td>M16-110A-22W-DN<\/td>\n<\/tr>\n<tr>\n<td height=\"20\">COIL-220RAC-D16-DIN<\/td>\n<td>6366230<\/td>\n<td>CAS230D<\/td>\n<td>MAG-SP-D36 220A 17VA<\/td>\n<td>M16-220A-20W-DN<\/td>\n<\/tr>\n<\/tbody>\n<\/table>\n<\/div>\n<div id=\"relacionados\" style=\"margin: 0px; padding: 100px 0px 0px; float: left; width: 890px; color: #4f4f4f; font-family: 'Trebuchet MS', Arial, Helvetica, sans-serif; font-size: 12px;\"><\/div>\n","protected":false},"excerpt":{"rendered":"<div>Constru\u00edda sobre padr\u00e3o DIN a Bobina ACT COIL-24VDC-D13-DIN Hydraforce atende aos principais fabricantes de v\u00e1lvulas hidr\u00e1ulicas, tais como: ATOS, REXROTH, EATON, PARKER e YUKEN.<\/div>\n<div class=\"product_meta\"><\/div>\n","protected":false},"featured_media":7349,"template":"","meta":[],"product_brand":[],"product_cat":[37,38],"product_tag":[],"class_list":{"0":"post-3615","1":"product","2":"type-product","3":"status-publish","4":"has-post-thumbnail","6":"product_cat-avulsos","7":"product_cat-bobina-padrao-parker","9":"first","10":"instock","11":"virtual","12":"product-type-simple"},"yoast_head":"<!-- This site is optimized with the Yoast SEO plugin v27.2 - https:\/\/yoast.com\/product\/yoast-seo-wordpress\/ -->\n<title>COIL-24VDC-D13-DIN Hydraforce - ACT Sistemas Hidr\u00e1ulicos<\/title>\n<meta name=\"description\" content=\"Constru\u00edda sobre padr\u00e3o DIN a Bobina ACT COIL-24VDC-D13-DIN Hydraforce atende aos principais fabricantes de v\u00e1lvulas hidr\u00e1ulicas.\" \/>\n<meta name=\"robots\" content=\"index, follow, max-snippet:-1, max-image-preview:large, max-video-preview:-1\" \/>\n<link rel=\"canonical\" href=\"https:\/\/actbr.com.br\/es\/producto\/coil-24vdc-d13-din-hydraforce\/\" \/>\n<meta property=\"og:locale\" content=\"es_ES\" \/>\n<meta property=\"og:type\" content=\"article\" \/>\n<meta property=\"og:title\" content=\"COIL-24VDC-D13-DIN Hydraforce - ACT Sistemas Hidr\u00e1ulicos\" \/>\n<meta property=\"og:description\" content=\"Constru\u00edda sobre padr\u00e3o DIN a Bobina ACT COIL-24VDC-D13-DIN Hydraforce atende aos principais fabricantes de v\u00e1lvulas hidr\u00e1ulicas.\" \/>\n<meta property=\"og:url\" content=\"https:\/\/actbr.com.br\/es\/producto\/coil-24vdc-d13-din-hydraforce\/\" \/>\n<meta property=\"og:site_name\" content=\"ACT Sistemas Hidr\u00e1ulicos\" \/>\n<meta property=\"article:modified_time\" content=\"2023-07-04T12:22:13+00:00\" \/>\n<meta property=\"og:image\" content=\"https:\/\/actbr.com.br\/wp-content\/uploads\/2020\/09\/Bobina-COIL-24VDC-D13-DIN-Hydraforce-6306024.jpg\" \/>\n\t<meta property=\"og:image:width\" content=\"700\" \/>\n\t<meta property=\"og:image:height\" content=\"525\" \/>\n\t<meta property=\"og:image:type\" content=\"image\/jpeg\" \/>\n<meta name=\"twitter:card\" content=\"summary_large_image\" \/>\n<meta name=\"twitter:label1\" content=\"Tiempo de lectura\" \/>\n\t<meta name=\"twitter:data1\" content=\"2 minutos\" \/>\n<script type=\"application\/ld+json\" class=\"yoast-schema-graph\">{\"@context\":\"https:\/\/schema.org\",\"@graph\":[{\"@type\":\"WebPage\",\"@id\":\"https:\/\/actbr.com.br\/es\/producto\/coil-24vdc-d13-din-hydraforce\/\",\"url\":\"https:\/\/actbr.com.br\/es\/producto\/coil-24vdc-d13-din-hydraforce\/\",\"name\":\"COIL-24VDC-D13-DIN Hydraforce - ACT Sistemas Hidr\u00e1ulicos\",\"isPartOf\":{\"@id\":\"https:\/\/actbr.com.br\/es\/#website\"},\"primaryImageOfPage\":{\"@id\":\"https:\/\/actbr.com.br\/es\/producto\/coil-24vdc-d13-din-hydraforce\/#primaryimage\"},\"image\":{\"@id\":\"https:\/\/actbr.com.br\/es\/producto\/coil-24vdc-d13-din-hydraforce\/#primaryimage\"},\"thumbnailUrl\":\"https:\/\/actbr.com.br\/wp-content\/uploads\/2020\/09\/Bobina-COIL-24VDC-D13-DIN-Hydraforce-6306024.jpg\",\"datePublished\":\"2020-09-29T15:42:14+00:00\",\"dateModified\":\"2023-07-04T12:22:13+00:00\",\"description\":\"Constru\u00edda sobre padr\u00e3o DIN a Bobina ACT COIL-24VDC-D13-DIN Hydraforce atende aos principais fabricantes de v\u00e1lvulas hidr\u00e1ulicas.\",\"breadcrumb\":{\"@id\":\"https:\/\/actbr.com.br\/es\/producto\/coil-24vdc-d13-din-hydraforce\/#breadcrumb\"},\"inLanguage\":\"es\",\"potentialAction\":[{\"@type\":\"ReadAction\",\"target\":[\"https:\/\/actbr.com.br\/es\/producto\/coil-24vdc-d13-din-hydraforce\/\"]}]},{\"@type\":\"ImageObject\",\"inLanguage\":\"es\",\"@id\":\"https:\/\/actbr.com.br\/es\/producto\/coil-24vdc-d13-din-hydraforce\/#primaryimage\",\"url\":\"https:\/\/actbr.com.br\/wp-content\/uploads\/2020\/09\/Bobina-COIL-24VDC-D13-DIN-Hydraforce-6306024.jpg\",\"contentUrl\":\"https:\/\/actbr.com.br\/wp-content\/uploads\/2020\/09\/Bobina-COIL-24VDC-D13-DIN-Hydraforce-6306024.jpg\",\"width\":700,\"height\":525,\"caption\":\"COIL-24VDC-D13-DIN Hydraforce\"},{\"@type\":\"BreadcrumbList\",\"@id\":\"https:\/\/actbr.com.br\/es\/producto\/coil-24vdc-d13-din-hydraforce\/#breadcrumb\",\"itemListElement\":[{\"@type\":\"ListItem\",\"position\":1,\"name\":\"Comenzar\",\"item\":\"https:\/\/actbr.com.br\/es\/\"},{\"@type\":\"ListItem\",\"position\":2,\"name\":\"Produtos\",\"item\":\"https:\/\/actbr.com.br\/produtos-act\/\"},{\"@type\":\"ListItem\",\"position\":3,\"name\":\"Avulsos\",\"item\":\"https:\/\/actbr.com.br\/es\/categoria-produto\/avulsos\/\"},{\"@type\":\"ListItem\",\"position\":4,\"name\":\"Bobina - Padr\u00e3o Parker\",\"item\":\"https:\/\/actbr.com.br\/es\/categoria-produto\/avulsos\/bobina-padrao-parker\/\"},{\"@type\":\"ListItem\",\"position\":5,\"name\":\"COIL-24VDC-D13-DIN Hydraforce\"}]},{\"@type\":\"WebSite\",\"@id\":\"https:\/\/actbr.com.br\/es\/#website\",\"url\":\"https:\/\/actbr.com.br\/es\/\",\"name\":\"ACT Sistemas Hidr\u00e1ulicos\",\"description\":\"Fabricaci\u00f3n y mantenimiento de componentes de aceite hidr\u00e1ulico\",\"publisher\":{\"@id\":\"https:\/\/actbr.com.br\/es\/#organization\"},\"potentialAction\":[{\"@type\":\"SearchAction\",\"target\":{\"@type\":\"EntryPoint\",\"urlTemplate\":\"https:\/\/actbr.com.br\/es\/?s={search_term_string}\"},\"query-input\":{\"@type\":\"PropertyValueSpecification\",\"valueRequired\":true,\"valueName\":\"search_term_string\"}}],\"inLanguage\":\"es\"},{\"@type\":\"Organization\",\"@id\":\"https:\/\/actbr.com.br\/es\/#organization\",\"name\":\"ACT Sistemas Hidr\u00e1ulicos\",\"url\":\"https:\/\/actbr.com.br\/es\/\",\"logo\":{\"@type\":\"ImageObject\",\"inLanguage\":\"es\",\"@id\":\"https:\/\/actbr.com.br\/es\/#\/schema\/logo\/image\/\",\"url\":\"https:\/\/actbr.com.br\/wp-content\/uploads\/2025\/02\/cropped-ACT_NEGATIVO-marca-dagua.png\",\"contentUrl\":\"https:\/\/actbr.com.br\/wp-content\/uploads\/2025\/02\/cropped-ACT_NEGATIVO-marca-dagua.png\",\"width\":240,\"height\":146,\"caption\":\"ACT Sistemas Hidr\u00e1ulicos\"},\"image\":{\"@id\":\"https:\/\/actbr.com.br\/es\/#\/schema\/logo\/image\/\"}}]}<\/script>\n<!-- \/ Yoast SEO plugin. -->","yoast_head_json":{"title":"COIL-24VDC-D13-DIN Hydraforce - ACT Sistemas Hidr\u00e1ulicos","description":"Constru\u00edda sobre padr\u00e3o DIN a Bobina ACT COIL-24VDC-D13-DIN Hydraforce atende aos principais fabricantes de v\u00e1lvulas hidr\u00e1ulicas.","robots":{"index":"index","follow":"follow","max-snippet":"max-snippet:-1","max-image-preview":"max-image-preview:large","max-video-preview":"max-video-preview:-1"},"canonical":"https:\/\/actbr.com.br\/es\/producto\/coil-24vdc-d13-din-hydraforce\/","og_locale":"es_ES","og_type":"article","og_title":"COIL-24VDC-D13-DIN Hydraforce - ACT Sistemas Hidr\u00e1ulicos","og_description":"Constru\u00edda sobre padr\u00e3o DIN a Bobina ACT COIL-24VDC-D13-DIN Hydraforce atende aos principais fabricantes de v\u00e1lvulas hidr\u00e1ulicas.","og_url":"https:\/\/actbr.com.br\/es\/producto\/coil-24vdc-d13-din-hydraforce\/","og_site_name":"ACT Sistemas Hidr\u00e1ulicos","article_modified_time":"2023-07-04T12:22:13+00:00","og_image":[{"width":700,"height":525,"url":"https:\/\/actbr.com.br\/wp-content\/uploads\/2020\/09\/Bobina-COIL-24VDC-D13-DIN-Hydraforce-6306024.jpg","type":"image\/jpeg"}],"twitter_card":"summary_large_image","twitter_misc":{"Tiempo de lectura":"2 minutos"},"schema":{"@context":"https:\/\/schema.org","@graph":[{"@type":"WebPage","@id":"https:\/\/actbr.com.br\/es\/producto\/coil-24vdc-d13-din-hydraforce\/","url":"https:\/\/actbr.com.br\/es\/producto\/coil-24vdc-d13-din-hydraforce\/","name":"COIL-24VDC-D13-DIN Hydraforce - ACT Sistemas Hidr\u00e1ulicos","isPartOf":{"@id":"https:\/\/actbr.com.br\/es\/#website"},"primaryImageOfPage":{"@id":"https:\/\/actbr.com.br\/es\/producto\/coil-24vdc-d13-din-hydraforce\/#primaryimage"},"image":{"@id":"https:\/\/actbr.com.br\/es\/producto\/coil-24vdc-d13-din-hydraforce\/#primaryimage"},"thumbnailUrl":"https:\/\/actbr.com.br\/wp-content\/uploads\/2020\/09\/Bobina-COIL-24VDC-D13-DIN-Hydraforce-6306024.jpg","datePublished":"2020-09-29T15:42:14+00:00","dateModified":"2023-07-04T12:22:13+00:00","description":"Constru\u00edda sobre padr\u00e3o DIN a Bobina ACT COIL-24VDC-D13-DIN Hydraforce atende aos principais fabricantes de v\u00e1lvulas hidr\u00e1ulicas.","breadcrumb":{"@id":"https:\/\/actbr.com.br\/es\/producto\/coil-24vdc-d13-din-hydraforce\/#breadcrumb"},"inLanguage":"es","potentialAction":[{"@type":"ReadAction","target":["https:\/\/actbr.com.br\/es\/producto\/coil-24vdc-d13-din-hydraforce\/"]}]},{"@type":"ImageObject","inLanguage":"es","@id":"https:\/\/actbr.com.br\/es\/producto\/coil-24vdc-d13-din-hydraforce\/#primaryimage","url":"https:\/\/actbr.com.br\/wp-content\/uploads\/2020\/09\/Bobina-COIL-24VDC-D13-DIN-Hydraforce-6306024.jpg","contentUrl":"https:\/\/actbr.com.br\/wp-content\/uploads\/2020\/09\/Bobina-COIL-24VDC-D13-DIN-Hydraforce-6306024.jpg","width":700,"height":525,"caption":"COIL-24VDC-D13-DIN Hydraforce"},{"@type":"BreadcrumbList","@id":"https:\/\/actbr.com.br\/es\/producto\/coil-24vdc-d13-din-hydraforce\/#breadcrumb","itemListElement":[{"@type":"ListItem","position":1,"name":"Comenzar","item":"https:\/\/actbr.com.br\/es\/"},{"@type":"ListItem","position":2,"name":"Produtos","item":"https:\/\/actbr.com.br\/produtos-act\/"},{"@type":"ListItem","position":3,"name":"Avulsos","item":"https:\/\/actbr.com.br\/es\/categoria-produto\/avulsos\/"},{"@type":"ListItem","position":4,"name":"Bobina - Padr\u00e3o Parker","item":"https:\/\/actbr.com.br\/es\/categoria-produto\/avulsos\/bobina-padrao-parker\/"},{"@type":"ListItem","position":5,"name":"COIL-24VDC-D13-DIN Hydraforce"}]},{"@type":"WebSite","@id":"https:\/\/actbr.com.br\/es\/#website","url":"https:\/\/actbr.com.br\/es\/","name":"ACT Sistemas Hidr\u00e1ulicos","description":"Fabricaci\u00f3n y mantenimiento de componentes de aceite hidr\u00e1ulico","publisher":{"@id":"https:\/\/actbr.com.br\/es\/#organization"},"potentialAction":[{"@type":"SearchAction","target":{"@type":"EntryPoint","urlTemplate":"https:\/\/actbr.com.br\/es\/?s={search_term_string}"},"query-input":{"@type":"PropertyValueSpecification","valueRequired":true,"valueName":"search_term_string"}}],"inLanguage":"es"},{"@type":"Organization","@id":"https:\/\/actbr.com.br\/es\/#organization","name":"ACT Sistemas Hidr\u00e1ulicos","url":"https:\/\/actbr.com.br\/es\/","logo":{"@type":"ImageObject","inLanguage":"es","@id":"https:\/\/actbr.com.br\/es\/#\/schema\/logo\/image\/","url":"https:\/\/actbr.com.br\/wp-content\/uploads\/2025\/02\/cropped-ACT_NEGATIVO-marca-dagua.png","contentUrl":"https:\/\/actbr.com.br\/wp-content\/uploads\/2025\/02\/cropped-ACT_NEGATIVO-marca-dagua.png","width":240,"height":146,"caption":"ACT Sistemas Hidr\u00e1ulicos"},"image":{"@id":"https:\/\/actbr.com.br\/es\/#\/schema\/logo\/image\/"}}]}},"_links":{"self":[{"href":"https:\/\/actbr.com.br\/es\/wp-json\/wp\/v2\/product\/3615","targetHints":{"allow":["GET"]}}],"collection":[{"href":"https:\/\/actbr.com.br\/es\/wp-json\/wp\/v2\/product"}],"about":[{"href":"https:\/\/actbr.com.br\/es\/wp-json\/wp\/v2\/types\/product"}],"wp:featuredmedia":[{"embeddable":true,"href":"https:\/\/actbr.com.br\/es\/wp-json\/wp\/v2\/media\/7349"}],"wp:attachment":[{"href":"https:\/\/actbr.com.br\/es\/wp-json\/wp\/v2\/media?parent=3615"}],"wp:term":[{"taxonomy":"product_brand","embeddable":true,"href":"https:\/\/actbr.com.br\/es\/wp-json\/wp\/v2\/product_brand?post=3615"},{"taxonomy":"product_cat","embeddable":true,"href":"https:\/\/actbr.com.br\/es\/wp-json\/wp\/v2\/product_cat?post=3615"},{"taxonomy":"product_tag","embeddable":true,"href":"https:\/\/actbr.com.br\/es\/wp-json\/wp\/v2\/product_tag?post=3615"}],"curies":[{"name":"wp","href":"https:\/\/api.w.org\/{rel}","templated":true}]}}