{"id":3620,"date":"2020-09-29T12:42:14","date_gmt":"2020-09-29T15:42:14","guid":{"rendered":"https:\/\/actbr.com.br\/produto\/valvula-reguladora-de-vazao-mtcv-02-a-k-estranguladora\/"},"modified":"2023-10-19T09:20:03","modified_gmt":"2023-10-19T12:20:03","slug":"valvula-modular-reguladora-de-vazao-mtcv-02-a-k","status":"publish","type":"product","link":"https:\/\/actbr.com.br\/es\/producto\/valvula-modular-reguladora-de-vazao-mtcv-02-a-k\/","title":{"rendered":"V\u00e1lvula Modular Reguladora de Vaz\u00e3o MTCV-02-A-K"},"content":{"rendered":"<p>V\u00e1lvula Reguladora de Vaz\u00e3o MTCV-02-A-K (Estranguladora)<\/p>\n<p>A V\u00e1lvula Reguladora de Vaz\u00e3o MTCV-02-A-K (Estranguladora) \u00e9 uma v\u00e1lvula redutora de vaz\u00e3o, com retorno livre (modular tipo \u00absanduiche\u00bb).<\/p>\n<p>Ela destina-se a limita\u00e7\u00e3o da vaz\u00e3o do sistema \u00f3leo hidr\u00e1ulico da linha onde est\u00e1 instalada. Duas v\u00e1lvulas estranguladoras com retorno livre montadas simetricamente entre si, limitam vaz\u00f5es num sentido e permitem retorno livre no sentido inverso.<\/p>\n<p>No estrangulamento de entrada o fluido passa atrav\u00e9s do p\u00f3rtico e se dirige ao ponto de redu\u00e7\u00e3o de vaz\u00e3o, o qual \u00e9 formado pela sede da v\u00e1lvula e o \u00eambolo estrangulador. O \u00eambolo \u00e9 ajust\u00e1vel atrav\u00e9s do parafuso lateral, de modo axial e permite assim o ajuste do ponto de estrangulamento.<\/p>\n<p><strong>Caracter\u00edsticas:<\/strong><br \/>\nTamanho: TN6;<br \/>\nControle na sa\u00edda:<br \/>\nSuperf\u00edcie de montagem: ISO 4401 e CETOP-RD 121 H;<br \/>\nAtua com vaz\u00f5es de at\u00e9 35 litros por minuto;<br \/>\nTrabalha com press\u00f5es de at\u00e9 315 bar;<br \/>\nRecomendada para a faixa de viscosidade: 10 mm\u00b2\/s at\u00e9 500 mm\u00b2\/s;<br \/>\nMateriais de veda\u00e7\u00e3o: NBR;<br \/>\n100% compat\u00edvel com os principais fabricantes;<br \/>\nPeso: 1,2 kg;<br \/>\nClasse de pureza conforme c\u00f3digo ISO: Grau de contamina\u00e7\u00e3o m\u00e1ximo admiss\u00edvel do fluido hidr\u00e1ulico;<br \/>\nconforme ISO 4406 (C) classe 20\/18\/153);<br \/>\nRedu\u00e7\u00e3o de vaz\u00e3o na(s) linha(s): A.<\/p>\n\n<table id=\"tablepress-8\" class=\"tablepress tablepress-id-8 tbody-has-connected-cells\">\n<thead>\n<tr class=\"row-1\">\n\t<th colspan=\"6\" class=\"column-1\"><strong>V\u00e1lvulas Modulares<\/strong><\/th><td class=\"column-7\"><\/td>\n<\/tr>\n<\/thead>\n<tbody class=\"row-striping row-hover\">\n<tr class=\"row-2\">\n\t<td colspan=\"3\" class=\"column-1\"><strong>ATOS<\/strong><\/td><td rowspan=\"2\" class=\"column-4\"><strong>BOSCH<\/strong><\/td><td rowspan=\"2\" class=\"column-5\"><strong>ACT<\/strong><\/td><td rowspan=\"2\" class=\"column-6\"><strong>VICKERS<\/strong><\/td><td class=\"column-7\"><\/td>\n<\/tr>\n<tr class=\"row-3\">\n\t<td class=\"column-1\"><strong>TAB<\/strong><\/td><td colspan=\"2\" class=\"column-2\"><strong>C\u00d3DIGO DO MODELO<\/strong><\/td><td class=\"column-7\"><\/td>\n<\/tr>\n<tr class=\"row-4\">\n\t<td rowspan=\"6\" class=\"column-1\">D160<\/td><td rowspan=\"6\" class=\"column-2\">HQ<\/td><td class=\"column-3\">012(\/U)<\/td><td class=\"column-4\">0 811 324 015<\/td><td class=\"column-5\">Z2FS6-2-4X\/2Q(\/1Q)<\/td><td class=\"column-6\">DGMFN-3Y-A2W-B2W<\/td><td class=\"column-7\"><\/td>\n<\/tr>\n<tr class=\"row-5\">\n\t<td class=\"column-3\">013(\/U)<\/td><td class=\"column-4\">-<\/td><td class=\"column-5\">Z2FS6A2-4X\/2Q(\/1Q)<\/td><td class=\"column-6\">DGMFN-3-Y-A2W<\/td><td class=\"column-7\"><\/td>\n<\/tr>\n<tr class=\"row-6\">\n\t<td class=\"column-3\">014(\/U)<\/td><td class=\"column-4\">-<\/td><td class=\"column-5\">Z2FS6B2-4X\/2Q(\/1Q)<\/td><td class=\"column-6\">DGMFN-3Y-B2W<\/td><td class=\"column-7\"><\/td>\n<\/tr>\n<tr class=\"row-7\">\n\t<td class=\"column-3\">022(\/U)<\/td><td class=\"column-4\">0 811 324 016<\/td><td class=\"column-5\">Z2FS6-2-4X\/2Q(\/1Q)<\/td><td class=\"column-6\">DGMFN-3-X-A2W-B2W<\/td><td class=\"column-7\"><\/td>\n<\/tr>\n<tr class=\"row-8\">\n\t<td class=\"column-3\">023(\/U)<\/td><td class=\"column-4\">1 811 324 017<\/td><td class=\"column-5\">Z2FS6A2-4X\/2Q(\/1Q)<\/td><td class=\"column-6\">DGMFN-3-X-A2W<\/td><td class=\"column-7\"><\/td>\n<\/tr>\n<tr class=\"row-9\">\n\t<td class=\"column-3\">024(\/U)<\/td><td class=\"column-4\">-<\/td><td class=\"column-5\">Z2FS6B2-4X\/2Q(\/1Q)<\/td><td class=\"column-6\">DGMFN-3-X-B2W<\/td><td class=\"column-7\"><\/td>\n<\/tr>\n<tr class=\"row-10\">\n\t<td rowspan=\"6\" class=\"column-1\">D160<\/td><td rowspan=\"6\" class=\"column-2\">KQ<\/td><td class=\"column-3\">012<\/td><td class=\"column-4\">0 811 320 025<\/td><td class=\"column-5\">Z2FS10-5-3X<\/td><td class=\"column-6\">DGMFN-5-Y-A2W-B2W<\/td><td class=\"column-7\"><\/td>\n<\/tr>\n<tr class=\"row-11\">\n\t<td class=\"column-3\">013<\/td><td class=\"column-4\">-<\/td><td class=\"column-5\">Z2FS10A-5-3X\/S2<\/td><td class=\"column-6\">DGMFN-5-X-A2W-B2W<\/td><td class=\"column-7\"><\/td>\n<\/tr>\n<tr class=\"row-12\">\n\t<td class=\"column-3\">014<\/td><td class=\"column-4\">-<\/td><td class=\"column-5\">Z2FS10B5-3X\/S2<\/td><td class=\"column-6\">DGMFN-5-Y-A2W<\/td><td class=\"column-7\"><\/td>\n<\/tr>\n<tr class=\"row-13\">\n\t<td class=\"column-3\">022<\/td><td class=\"column-4\">0 811 320 025<\/td><td class=\"column-5\">Z2FS10B5-3X<\/td><td class=\"column-6\">DGMFN-5-Y-B2W<\/td><td class=\"column-7\"><\/td>\n<\/tr>\n<tr class=\"row-14\">\n\t<td class=\"column-3\">023<\/td><td class=\"column-4\">-<\/td><td class=\"column-5\">Z2FS10A5-3X\/S<\/td><td class=\"column-6\">DGMFN-5-X-A2W<\/td><td class=\"column-7\"><\/td>\n<\/tr>\n<tr class=\"row-15\">\n\t<td class=\"column-3\">024<\/td><td class=\"column-4\">-<\/td><td class=\"column-5\">Z2FS10B5-3X\/S<\/td><td class=\"column-6\">DGMFN-5-X-B2W<\/td><td class=\"column-7\"><\/td>\n<\/tr>\n<tr class=\"row-16\">\n\t<td rowspan=\"4\" class=\"column-1\">D160<\/td><td rowspan=\"4\" class=\"column-2\">JPQ<\/td><td class=\"column-3\">212<\/td><td class=\"column-4\">0 811 321 050<\/td><td class=\"column-5\">Z2FS16-3X\/S2<\/td><td class=\"column-6\">DGMFN-7-Y-A2H-B2H<\/td><td class=\"column-7\"><\/td>\n<\/tr>\n<tr class=\"row-17\">\n\t<td class=\"column-3\">213<\/td><td class=\"column-4\">-<\/td><td class=\"column-5\">-<\/td><td class=\"column-6\">DGMFN-7-Y-A2H<\/td><td class=\"column-7\"><\/td>\n<\/tr>\n<tr class=\"row-18\">\n\t<td class=\"column-3\">214<\/td><td class=\"column-4\">-<\/td><td class=\"column-5\">-<\/td><td class=\"column-6\">DGMFN-7-Y-B2H<\/td><td class=\"column-7\"><\/td>\n<\/tr>\n<tr class=\"row-19\">\n\t<td class=\"column-3\">222<\/td><td class=\"column-4\">-<\/td><td class=\"column-5\">Z2FS16-3X\/S<\/td><td class=\"column-6\">-<\/td><td class=\"column-7\"><\/td>\n<\/tr>\n<\/tbody>\n<\/table>\n<!-- #tablepress-8 from cache -->\n","protected":false},"excerpt":{"rendered":"<p>A V\u00e1lvula Reguladora de Vaz\u00e3o MTCV-02-A-K (Estranguladora) \u00e9 uma v\u00e1lvula redutora de vaz\u00e3o, com retorno livre (modular tipo \u00absanduiche\u00bb).<\/p>\n","protected":false},"featured_media":6938,"template":"","meta":[],"product_brand":[],"product_cat":[75,58],"product_tag":[],"class_list":{"0":"post-3620","1":"product","2":"type-product","3":"status-publish","4":"has-post-thumbnail","6":"product_cat-reguladora-de-vazao","7":"product_cat-valvulas-modulares","9":"first","10":"instock","11":"virtual","12":"product-type-simple"},"yoast_head":"<!-- This site is optimized with the Yoast SEO plugin v27.2 - https:\/\/yoast.com\/product\/yoast-seo-wordpress\/ -->\n<title>V\u00e1lvula Modular Reguladora de Vaz\u00e3o MTCV-02-A-K - ACT Sistemas Hidr\u00e1ulicos<\/title>\n<meta name=\"description\" content=\"A V\u00e1lvula Reguladora de Vaz\u00e3o MTCV-02-A-K (Estranguladora) \u00e9 uma v\u00e1lvula redutora de vaz\u00e3o, com retorno livre (modular tipo &quot;sanduiche&quot;).\" \/>\n<meta name=\"robots\" content=\"index, follow, max-snippet:-1, max-image-preview:large, max-video-preview:-1\" \/>\n<link rel=\"canonical\" href=\"https:\/\/actbr.com.br\/es\/producto\/valvula-modular-reguladora-de-vazao-mtcv-02-a-k\/\" \/>\n<meta property=\"og:locale\" content=\"es_ES\" \/>\n<meta property=\"og:type\" content=\"article\" \/>\n<meta property=\"og:title\" content=\"V\u00e1lvula Modular Reguladora de Vaz\u00e3o MTCV-02-A-K - ACT Sistemas Hidr\u00e1ulicos\" \/>\n<meta property=\"og:description\" content=\"A V\u00e1lvula Reguladora de Vaz\u00e3o MTCV-02-A-K (Estranguladora) \u00e9 uma v\u00e1lvula redutora de vaz\u00e3o, com retorno livre (modular tipo &quot;sanduiche&quot;).\" \/>\n<meta property=\"og:url\" content=\"https:\/\/actbr.com.br\/es\/producto\/valvula-modular-reguladora-de-vazao-mtcv-02-a-k\/\" \/>\n<meta property=\"og:site_name\" content=\"ACT Sistemas Hidr\u00e1ulicos\" \/>\n<meta property=\"article:modified_time\" content=\"2023-10-19T12:20:03+00:00\" \/>\n<meta property=\"og:image\" content=\"https:\/\/actbr.com.br\/wp-content\/uploads\/2020\/09\/Valvula-reguladora-de-vazao-MTCV-02-A-K-Estranguladora.png\" \/>\n\t<meta property=\"og:image:width\" content=\"589\" \/>\n\t<meta property=\"og:image:height\" content=\"312\" \/>\n\t<meta property=\"og:image:type\" content=\"image\/png\" \/>\n<meta name=\"twitter:card\" content=\"summary_large_image\" \/>\n<meta name=\"twitter:label1\" content=\"Tiempo de lectura\" \/>\n\t<meta name=\"twitter:data1\" content=\"2 minutos\" \/>\n<script type=\"application\/ld+json\" class=\"yoast-schema-graph\">{\"@context\":\"https:\/\/schema.org\",\"@graph\":[{\"@type\":\"WebPage\",\"@id\":\"https:\/\/actbr.com.br\/es\/producto\/valvula-modular-reguladora-de-vazao-mtcv-02-a-k\/\",\"url\":\"https:\/\/actbr.com.br\/es\/producto\/valvula-modular-reguladora-de-vazao-mtcv-02-a-k\/\",\"name\":\"V\u00e1lvula Modular Reguladora de Vaz\u00e3o MTCV-02-A-K - ACT Sistemas Hidr\u00e1ulicos\",\"isPartOf\":{\"@id\":\"https:\/\/actbr.com.br\/es\/#website\"},\"primaryImageOfPage\":{\"@id\":\"https:\/\/actbr.com.br\/es\/producto\/valvula-modular-reguladora-de-vazao-mtcv-02-a-k\/#primaryimage\"},\"image\":{\"@id\":\"https:\/\/actbr.com.br\/es\/producto\/valvula-modular-reguladora-de-vazao-mtcv-02-a-k\/#primaryimage\"},\"thumbnailUrl\":\"https:\/\/actbr.com.br\/wp-content\/uploads\/2020\/09\/Valvula-reguladora-de-vazao-MTCV-02-A-K-Estranguladora.png\",\"datePublished\":\"2020-09-29T15:42:14+00:00\",\"dateModified\":\"2023-10-19T12:20:03+00:00\",\"description\":\"A V\u00e1lvula Reguladora de Vaz\u00e3o MTCV-02-A-K (Estranguladora) \u00e9 uma v\u00e1lvula redutora de vaz\u00e3o, com retorno livre (modular tipo \\\"sanduiche\\\").\",\"breadcrumb\":{\"@id\":\"https:\/\/actbr.com.br\/es\/producto\/valvula-modular-reguladora-de-vazao-mtcv-02-a-k\/#breadcrumb\"},\"inLanguage\":\"es\",\"potentialAction\":[{\"@type\":\"ReadAction\",\"target\":[\"https:\/\/actbr.com.br\/es\/producto\/valvula-modular-reguladora-de-vazao-mtcv-02-a-k\/\"]}]},{\"@type\":\"ImageObject\",\"inLanguage\":\"es\",\"@id\":\"https:\/\/actbr.com.br\/es\/producto\/valvula-modular-reguladora-de-vazao-mtcv-02-a-k\/#primaryimage\",\"url\":\"https:\/\/actbr.com.br\/wp-content\/uploads\/2020\/09\/Valvula-reguladora-de-vazao-MTCV-02-A-K-Estranguladora.png\",\"contentUrl\":\"https:\/\/actbr.com.br\/wp-content\/uploads\/2020\/09\/Valvula-reguladora-de-vazao-MTCV-02-A-K-Estranguladora.png\",\"width\":589,\"height\":312,\"caption\":\"V\u00e1lvula Reguladora de Vaz\u00e3o MTCV-02-A-K (Estranguladora)\"},{\"@type\":\"BreadcrumbList\",\"@id\":\"https:\/\/actbr.com.br\/es\/producto\/valvula-modular-reguladora-de-vazao-mtcv-02-a-k\/#breadcrumb\",\"itemListElement\":[{\"@type\":\"ListItem\",\"position\":1,\"name\":\"Comenzar\",\"item\":\"https:\/\/actbr.com.br\/es\/\"},{\"@type\":\"ListItem\",\"position\":2,\"name\":\"Produtos\",\"item\":\"https:\/\/actbr.com.br\/produtos-act\/\"},{\"@type\":\"ListItem\",\"position\":3,\"name\":\"V\u00e1lvulas Modulares\",\"item\":\"https:\/\/actbr.com.br\/es\/categoria-produto\/valvulas-modulares\/\"},{\"@type\":\"ListItem\",\"position\":4,\"name\":\"Reguladora de Vaz\u00e3o\",\"item\":\"https:\/\/actbr.com.br\/es\/categoria-produto\/valvulas-modulares\/reguladora-de-vazao\/\"},{\"@type\":\"ListItem\",\"position\":5,\"name\":\"V\u00e1lvula Modular Reguladora de Vaz\u00e3o MTCV-02-A-K\"}]},{\"@type\":\"WebSite\",\"@id\":\"https:\/\/actbr.com.br\/es\/#website\",\"url\":\"https:\/\/actbr.com.br\/es\/\",\"name\":\"ACT Sistemas Hidr\u00e1ulicos\",\"description\":\"Fabricaci\u00f3n y mantenimiento de componentes de aceite hidr\u00e1ulico\",\"publisher\":{\"@id\":\"https:\/\/actbr.com.br\/es\/#organization\"},\"potentialAction\":[{\"@type\":\"SearchAction\",\"target\":{\"@type\":\"EntryPoint\",\"urlTemplate\":\"https:\/\/actbr.com.br\/es\/?s={search_term_string}\"},\"query-input\":{\"@type\":\"PropertyValueSpecification\",\"valueRequired\":true,\"valueName\":\"search_term_string\"}}],\"inLanguage\":\"es\"},{\"@type\":\"Organization\",\"@id\":\"https:\/\/actbr.com.br\/es\/#organization\",\"name\":\"ACT Sistemas Hidr\u00e1ulicos\",\"url\":\"https:\/\/actbr.com.br\/es\/\",\"logo\":{\"@type\":\"ImageObject\",\"inLanguage\":\"es\",\"@id\":\"https:\/\/actbr.com.br\/es\/#\/schema\/logo\/image\/\",\"url\":\"https:\/\/actbr.com.br\/wp-content\/uploads\/2025\/02\/cropped-ACT_NEGATIVO-marca-dagua.png\",\"contentUrl\":\"https:\/\/actbr.com.br\/wp-content\/uploads\/2025\/02\/cropped-ACT_NEGATIVO-marca-dagua.png\",\"width\":240,\"height\":146,\"caption\":\"ACT Sistemas Hidr\u00e1ulicos\"},\"image\":{\"@id\":\"https:\/\/actbr.com.br\/es\/#\/schema\/logo\/image\/\"}}]}<\/script>\n<!-- \/ Yoast SEO plugin. -->","yoast_head_json":{"title":"V\u00e1lvula Modular Reguladora de Vaz\u00e3o MTCV-02-A-K - ACT Sistemas Hidr\u00e1ulicos","description":"A V\u00e1lvula Reguladora de Vaz\u00e3o MTCV-02-A-K (Estranguladora) \u00e9 uma v\u00e1lvula redutora de vaz\u00e3o, com retorno livre (modular tipo \"sanduiche\").","robots":{"index":"index","follow":"follow","max-snippet":"max-snippet:-1","max-image-preview":"max-image-preview:large","max-video-preview":"max-video-preview:-1"},"canonical":"https:\/\/actbr.com.br\/es\/producto\/valvula-modular-reguladora-de-vazao-mtcv-02-a-k\/","og_locale":"es_ES","og_type":"article","og_title":"V\u00e1lvula Modular Reguladora de Vaz\u00e3o MTCV-02-A-K - ACT Sistemas Hidr\u00e1ulicos","og_description":"A V\u00e1lvula Reguladora de Vaz\u00e3o MTCV-02-A-K (Estranguladora) \u00e9 uma v\u00e1lvula redutora de vaz\u00e3o, com retorno livre (modular tipo \"sanduiche\").","og_url":"https:\/\/actbr.com.br\/es\/producto\/valvula-modular-reguladora-de-vazao-mtcv-02-a-k\/","og_site_name":"ACT Sistemas Hidr\u00e1ulicos","article_modified_time":"2023-10-19T12:20:03+00:00","og_image":[{"width":589,"height":312,"url":"https:\/\/actbr.com.br\/wp-content\/uploads\/2020\/09\/Valvula-reguladora-de-vazao-MTCV-02-A-K-Estranguladora.png","type":"image\/png"}],"twitter_card":"summary_large_image","twitter_misc":{"Tiempo de lectura":"2 minutos"},"schema":{"@context":"https:\/\/schema.org","@graph":[{"@type":"WebPage","@id":"https:\/\/actbr.com.br\/es\/producto\/valvula-modular-reguladora-de-vazao-mtcv-02-a-k\/","url":"https:\/\/actbr.com.br\/es\/producto\/valvula-modular-reguladora-de-vazao-mtcv-02-a-k\/","name":"V\u00e1lvula Modular Reguladora de Vaz\u00e3o MTCV-02-A-K - ACT Sistemas Hidr\u00e1ulicos","isPartOf":{"@id":"https:\/\/actbr.com.br\/es\/#website"},"primaryImageOfPage":{"@id":"https:\/\/actbr.com.br\/es\/producto\/valvula-modular-reguladora-de-vazao-mtcv-02-a-k\/#primaryimage"},"image":{"@id":"https:\/\/actbr.com.br\/es\/producto\/valvula-modular-reguladora-de-vazao-mtcv-02-a-k\/#primaryimage"},"thumbnailUrl":"https:\/\/actbr.com.br\/wp-content\/uploads\/2020\/09\/Valvula-reguladora-de-vazao-MTCV-02-A-K-Estranguladora.png","datePublished":"2020-09-29T15:42:14+00:00","dateModified":"2023-10-19T12:20:03+00:00","description":"A V\u00e1lvula Reguladora de Vaz\u00e3o MTCV-02-A-K (Estranguladora) \u00e9 uma v\u00e1lvula redutora de vaz\u00e3o, com retorno livre (modular tipo \"sanduiche\").","breadcrumb":{"@id":"https:\/\/actbr.com.br\/es\/producto\/valvula-modular-reguladora-de-vazao-mtcv-02-a-k\/#breadcrumb"},"inLanguage":"es","potentialAction":[{"@type":"ReadAction","target":["https:\/\/actbr.com.br\/es\/producto\/valvula-modular-reguladora-de-vazao-mtcv-02-a-k\/"]}]},{"@type":"ImageObject","inLanguage":"es","@id":"https:\/\/actbr.com.br\/es\/producto\/valvula-modular-reguladora-de-vazao-mtcv-02-a-k\/#primaryimage","url":"https:\/\/actbr.com.br\/wp-content\/uploads\/2020\/09\/Valvula-reguladora-de-vazao-MTCV-02-A-K-Estranguladora.png","contentUrl":"https:\/\/actbr.com.br\/wp-content\/uploads\/2020\/09\/Valvula-reguladora-de-vazao-MTCV-02-A-K-Estranguladora.png","width":589,"height":312,"caption":"V\u00e1lvula Reguladora de Vaz\u00e3o MTCV-02-A-K (Estranguladora)"},{"@type":"BreadcrumbList","@id":"https:\/\/actbr.com.br\/es\/producto\/valvula-modular-reguladora-de-vazao-mtcv-02-a-k\/#breadcrumb","itemListElement":[{"@type":"ListItem","position":1,"name":"Comenzar","item":"https:\/\/actbr.com.br\/es\/"},{"@type":"ListItem","position":2,"name":"Produtos","item":"https:\/\/actbr.com.br\/produtos-act\/"},{"@type":"ListItem","position":3,"name":"V\u00e1lvulas Modulares","item":"https:\/\/actbr.com.br\/es\/categoria-produto\/valvulas-modulares\/"},{"@type":"ListItem","position":4,"name":"Reguladora de Vaz\u00e3o","item":"https:\/\/actbr.com.br\/es\/categoria-produto\/valvulas-modulares\/reguladora-de-vazao\/"},{"@type":"ListItem","position":5,"name":"V\u00e1lvula Modular Reguladora de Vaz\u00e3o MTCV-02-A-K"}]},{"@type":"WebSite","@id":"https:\/\/actbr.com.br\/es\/#website","url":"https:\/\/actbr.com.br\/es\/","name":"ACT Sistemas Hidr\u00e1ulicos","description":"Fabricaci\u00f3n y mantenimiento de componentes de aceite hidr\u00e1ulico","publisher":{"@id":"https:\/\/actbr.com.br\/es\/#organization"},"potentialAction":[{"@type":"SearchAction","target":{"@type":"EntryPoint","urlTemplate":"https:\/\/actbr.com.br\/es\/?s={search_term_string}"},"query-input":{"@type":"PropertyValueSpecification","valueRequired":true,"valueName":"search_term_string"}}],"inLanguage":"es"},{"@type":"Organization","@id":"https:\/\/actbr.com.br\/es\/#organization","name":"ACT Sistemas Hidr\u00e1ulicos","url":"https:\/\/actbr.com.br\/es\/","logo":{"@type":"ImageObject","inLanguage":"es","@id":"https:\/\/actbr.com.br\/es\/#\/schema\/logo\/image\/","url":"https:\/\/actbr.com.br\/wp-content\/uploads\/2025\/02\/cropped-ACT_NEGATIVO-marca-dagua.png","contentUrl":"https:\/\/actbr.com.br\/wp-content\/uploads\/2025\/02\/cropped-ACT_NEGATIVO-marca-dagua.png","width":240,"height":146,"caption":"ACT Sistemas Hidr\u00e1ulicos"},"image":{"@id":"https:\/\/actbr.com.br\/es\/#\/schema\/logo\/image\/"}}]}},"_links":{"self":[{"href":"https:\/\/actbr.com.br\/es\/wp-json\/wp\/v2\/product\/3620","targetHints":{"allow":["GET"]}}],"collection":[{"href":"https:\/\/actbr.com.br\/es\/wp-json\/wp\/v2\/product"}],"about":[{"href":"https:\/\/actbr.com.br\/es\/wp-json\/wp\/v2\/types\/product"}],"wp:featuredmedia":[{"embeddable":true,"href":"https:\/\/actbr.com.br\/es\/wp-json\/wp\/v2\/media\/6938"}],"wp:attachment":[{"href":"https:\/\/actbr.com.br\/es\/wp-json\/wp\/v2\/media?parent=3620"}],"wp:term":[{"taxonomy":"product_brand","embeddable":true,"href":"https:\/\/actbr.com.br\/es\/wp-json\/wp\/v2\/product_brand?post=3620"},{"taxonomy":"product_cat","embeddable":true,"href":"https:\/\/actbr.com.br\/es\/wp-json\/wp\/v2\/product_cat?post=3620"},{"taxonomy":"product_tag","embeddable":true,"href":"https:\/\/actbr.com.br\/es\/wp-json\/wp\/v2\/product_tag?post=3620"}],"curies":[{"name":"wp","href":"https:\/\/api.w.org\/{rel}","templated":true}]}}