{"id":3684,"date":"2020-09-29T12:43:14","date_gmt":"2020-09-29T15:43:14","guid":{"rendered":"https:\/\/actbr.com.br\/produto\/elemento-filtrante-pi-3130-ps10-smx10-mahle\/"},"modified":"2023-10-16T13:33:07","modified_gmt":"2023-10-16T16:33:07","slug":"elementos-filtrantes-filtration-group-pi-3130-ps10-smx10","status":"publish","type":"product","link":"https:\/\/actbr.com.br\/es\/producto\/elementos-filtrantes-filtration-group-pi-3130-ps10-smx10\/","title":{"rendered":"Elementos Filtrantes Filtration Group PI 3130 PS10 (SMX10)"},"content":{"rendered":"<p><strong>Elemento Filtrante PI 3130 PS10 (SMX10) Mahle<\/strong><\/p>\n<p>Filtro de profundidade composto de v\u00e1rias camadas de fibra de vidro alinhadas com precis\u00e3o umas \u00e0s outras (estrutura progressiva), para a filtra\u00e7\u00e3o de fluidos hidr\u00e1ulicos e lubrificantes, fluidos de baixa inflamabilidade, combust\u00edveis e fluidos sint\u00e9ticos. Possui reten\u00e7\u00e3o de sujidade muito alta e ao mesmo tempo uma resist\u00eancia de fluxo muito baixa.<\/p>\n<p>Elementos filtrantes impedem a contamina\u00e7\u00e3o do sistema hidr\u00e1ulico ao filtrar as impurezas geradas pelo sistema.<\/p>\n<p>&nbsp;<\/p>\n<p><strong>Caracter\u00edsticas:<br \/>\n<\/strong>Grau de filtra\u00e7\u00e3o: 10 \u00b5m;<br \/>\nPress\u00e3o de trabalho de at\u00e9 20 bar;<br \/>\nSuperf\u00edcie de filtragem de 4620 cm3 ;<br \/>\nRecomendado para vaz\u00f5es de at\u00e9 300 litros por minuto;<\/p>\n<p>&nbsp;<\/p>\n<p><strong>Dimens\u00f5es f\u00edsicas:<\/strong><\/p>\n<p><img decoding=\"async\" src=\"https:\/\/actbr.com.br\/wp-content\/uploads\/2020\/09\/pi-3130ps10-pi3130smx10-dimensoes.jpg\" alt=\"\" \/><\/p>\n<p>Os filtros e elementos filtrantes MAHLE s\u00e3o fabricados e\/ou testados em conformidade com as seguintes normas internacionais:<\/p>\n<p>DIN ISO 2941 \u2013 Elementos filtrantes para sistemas hidr\u00e1ulicos e tecnologia de fluidos, teste de colapso e ensaio de resist\u00eancia \u00e0 press\u00e3o interna;<br \/>\nDIN ISO 2942 -Elementos filtrantes para sistemas hidr\u00e1ulicos e tecnologia de fluidos, comprova\u00e7\u00e3o de perfeita qualidade de fabrica;<br \/>\nDIN ISO 2943 Elementos filtrantes para tecnologia de fluidos, comprova\u00e7\u00e3o de compatibilidade com flu\u00eddo de press\u00e3o;<br \/>\nDIN ISO 3723 Elementos filtrantes para sistemas hidr\u00e1ulicos e tecnologia de fluidos, processo de teste de carga m\u00e1xima;<br \/>\nDIN ISO 3724 Elementos filtrantes para tecnologia de fluidos, comprova\u00e7\u00e3o das propriedades de fadiga de caudal;<br \/>\nISO 3968 Avalia\u00e7\u00e3o de caracter\u00edsticas de fluxo e queda de press\u00e3o em filtros de alta pot\u00eancia para flu\u00eddo hidr\u00e1ulico;<br \/>\nISO 10771.1 Teste de fadiga de press\u00e3o com envelopes contendo metal em aplica\u00e7\u00f5es de flu\u00eddo hidr\u00e1ulico;<br \/>\nISO 16889 M\u00e9todo Multipass para avalia\u00e7\u00e3o da performance de filtra\u00e7\u00e3o em um elemento filtrante de filtros de alta pot\u00eancia para flu\u00eddo hidr\u00e1ulico.<\/p>\n<p>Carca\u00e7as (filtros) compat\u00edveis com o elemento filtrante Elemento Filtrante PI 3130 PS10 (SMX10) Mahle:<\/p>\n<p>PI 2130-057 \u2013 Com v\u00e1lvula bypass e indicador visual de satura\u00e7\u00e3o;<br \/>\nPI 2130-058 \u2013 Com v\u00e1lvula bypass e indicador el\u00e9trico de satura\u00e7\u00e3o;<br \/>\nPI 2130-068 \u2013 Com indicador visual de satura\u00e7\u00e3o;<br \/>\nPI 2130-069 \u2013 Com indicador el\u00e9trico de satura\u00e7\u00e3o;<br \/>\nPI 4230-010 \u2013 Com indicador visual de satura\u00e7\u00e3o;<br \/>\nPI 4230-011 \u2013 Com indicador el\u00e9trico de satura\u00e7\u00e3o e v\u00e1lvula bypass;<br \/>\nPI 4230-012 \u2013 Com v\u00e1lvula bypass e indicador visual de satura\u00e7\u00e3o;<br \/>\nPI 4230-013 \u2013 Com v\u00e1lvula bypass e indicador el\u00e9trico de satura\u00e7\u00e3o;<br \/>\nPI 4230-014 \u2013 Com indicador visual de satura\u00e7\u00e3o;<br \/>\nPI 4230-015 \u2013 Com indicador el\u00e9trico de satura\u00e7\u00e3o;<br \/>\nPI 3430-012 \u2013 Com v\u00e1lvula bypass e indicador visual de satura\u00e7\u00e3o;<br \/>\nPI 3430-013 \u2013 Com v\u00e1lvula bypass e indicador el\u00e9trico de satura\u00e7\u00e3o;<br \/>\nPI 3430-014 \u2013 Com indicador visual de satura\u00e7\u00e3o;<br \/>\nPI 3430-015 \u2013 Com indicador el\u00e9trico de satura\u00e7\u00e3o;<br \/>\nPI 2030-060 \u2013 Sem opcionais;<br \/>\nPI 2030-056 \u2013 Com v\u00e1lvula bypass;<br \/>\nPI 2030-057 \u2013 Com v\u00e1lvula bypass e indicador visual de satura\u00e7\u00e3o;<br \/>\nPI 2030-058 \u2013 Com v\u00e1lvula bypass e indicador el\u00e9trico de satura\u00e7\u00e3o;<br \/>\nPI 2030-068 \u2013 Com indicador visual de satura\u00e7\u00e3o;<br \/>\nPI 2030-069 \u2013 Com indicador el\u00e9trico de satura\u00e7\u00e3o.<\/p>\n<p>Elemento Mahle ECOPARTS equivalente: M0030 DN2010 (76900716)<\/p>\n","protected":false},"excerpt":{"rendered":"<p>Filtro de profundidade composto de v\u00e1rias camadas de fibra de vidro alinhadas com precis\u00e3o umas \u00e0s outras (estrutura progressiva), para a filtra\u00e7\u00e3o de fluidos hidr\u00e1ulicos e lubrificantes, fluidos de baixa inflamabilidade, combust\u00edveis e fluidos sint\u00e9ticos. Possui reten\u00e7\u00e3o de sujidade muito alta e ao mesmo tempo uma resist\u00eancia de fluxo muito baixa.<\/p>\n","protected":false},"featured_media":7470,"template":"","meta":[],"product_brand":[],"product_cat":[68,67],"product_tag":[],"class_list":{"0":"post-3684","1":"product","2":"type-product","3":"status-publish","4":"has-post-thumbnail","6":"product_cat-filtration-group","7":"product_cat-filtros-e-elementos-filtrante","9":"first","10":"instock","11":"virtual","12":"product-type-simple"},"yoast_head":"<!-- This site is optimized with the Yoast SEO plugin v27.2 - https:\/\/yoast.com\/product\/yoast-seo-wordpress\/ -->\n<title>Elementos Filtrantes Filtration Group PI 3130 PS10 (SMX10) - ACT Sistemas Hidr\u00e1ulicos<\/title>\n<meta name=\"description\" content=\"Filtro de profundidade composto de v\u00e1rias camadas de fibra de vidro alinhadas com precis\u00e3o umas \u00e0s outras, para a filtra\u00e7\u00e3o de fluidos hidr\u00e1ulicos.\" \/>\n<meta name=\"robots\" content=\"index, follow, max-snippet:-1, max-image-preview:large, max-video-preview:-1\" \/>\n<link rel=\"canonical\" href=\"https:\/\/actbr.com.br\/es\/producto\/elementos-filtrantes-filtration-group-pi-3130-ps10-smx10\/\" \/>\n<meta property=\"og:locale\" content=\"es_ES\" \/>\n<meta property=\"og:type\" content=\"article\" \/>\n<meta property=\"og:title\" content=\"Elementos Filtrantes Filtration Group PI 3130 PS10 (SMX10) - ACT Sistemas Hidr\u00e1ulicos\" \/>\n<meta property=\"og:description\" content=\"Filtro de profundidade composto de v\u00e1rias camadas de fibra de vidro alinhadas com precis\u00e3o umas \u00e0s outras, para a filtra\u00e7\u00e3o de fluidos hidr\u00e1ulicos.\" \/>\n<meta property=\"og:url\" content=\"https:\/\/actbr.com.br\/es\/producto\/elementos-filtrantes-filtration-group-pi-3130-ps10-smx10\/\" \/>\n<meta property=\"og:site_name\" content=\"ACT Sistemas Hidr\u00e1ulicos\" \/>\n<meta property=\"article:modified_time\" content=\"2023-10-16T16:33:07+00:00\" \/>\n<meta property=\"og:image\" content=\"https:\/\/actbr.com.br\/wp-content\/uploads\/2020\/09\/Elemento-Filtrante-PI-3130-PS10-SMX10-Mahle.jpg\" \/>\n\t<meta property=\"og:image:width\" content=\"600\" \/>\n\t<meta property=\"og:image:height\" content=\"600\" \/>\n\t<meta property=\"og:image:type\" content=\"image\/jpeg\" \/>\n<meta name=\"twitter:card\" content=\"summary_large_image\" \/>\n<meta name=\"twitter:label1\" content=\"Tiempo de lectura\" \/>\n\t<meta name=\"twitter:data1\" content=\"3 minutos\" \/>\n<script type=\"application\/ld+json\" class=\"yoast-schema-graph\">{\"@context\":\"https:\/\/schema.org\",\"@graph\":[{\"@type\":\"WebPage\",\"@id\":\"https:\/\/actbr.com.br\/es\/producto\/elementos-filtrantes-filtration-group-pi-3130-ps10-smx10\/\",\"url\":\"https:\/\/actbr.com.br\/es\/producto\/elementos-filtrantes-filtration-group-pi-3130-ps10-smx10\/\",\"name\":\"Elementos Filtrantes Filtration Group PI 3130 PS10 (SMX10) - ACT Sistemas Hidr\u00e1ulicos\",\"isPartOf\":{\"@id\":\"https:\/\/actbr.com.br\/es\/#website\"},\"primaryImageOfPage\":{\"@id\":\"https:\/\/actbr.com.br\/es\/producto\/elementos-filtrantes-filtration-group-pi-3130-ps10-smx10\/#primaryimage\"},\"image\":{\"@id\":\"https:\/\/actbr.com.br\/es\/producto\/elementos-filtrantes-filtration-group-pi-3130-ps10-smx10\/#primaryimage\"},\"thumbnailUrl\":\"https:\/\/actbr.com.br\/wp-content\/uploads\/2020\/09\/Elemento-Filtrante-PI-3130-PS10-SMX10-Mahle.jpg\",\"datePublished\":\"2020-09-29T15:43:14+00:00\",\"dateModified\":\"2023-10-16T16:33:07+00:00\",\"description\":\"Filtro de profundidade composto de v\u00e1rias camadas de fibra de vidro alinhadas com precis\u00e3o umas \u00e0s outras, para a filtra\u00e7\u00e3o de fluidos hidr\u00e1ulicos.\",\"breadcrumb\":{\"@id\":\"https:\/\/actbr.com.br\/es\/producto\/elementos-filtrantes-filtration-group-pi-3130-ps10-smx10\/#breadcrumb\"},\"inLanguage\":\"es\",\"potentialAction\":[{\"@type\":\"ReadAction\",\"target\":[\"https:\/\/actbr.com.br\/es\/producto\/elementos-filtrantes-filtration-group-pi-3130-ps10-smx10\/\"]}]},{\"@type\":\"ImageObject\",\"inLanguage\":\"es\",\"@id\":\"https:\/\/actbr.com.br\/es\/producto\/elementos-filtrantes-filtration-group-pi-3130-ps10-smx10\/#primaryimage\",\"url\":\"https:\/\/actbr.com.br\/wp-content\/uploads\/2020\/09\/Elemento-Filtrante-PI-3130-PS10-SMX10-Mahle.jpg\",\"contentUrl\":\"https:\/\/actbr.com.br\/wp-content\/uploads\/2020\/09\/Elemento-Filtrante-PI-3130-PS10-SMX10-Mahle.jpg\",\"width\":600,\"height\":600,\"caption\":\"Elemento Filtrante PI 3130 PS10 (SMX10) Mahle\"},{\"@type\":\"BreadcrumbList\",\"@id\":\"https:\/\/actbr.com.br\/es\/producto\/elementos-filtrantes-filtration-group-pi-3130-ps10-smx10\/#breadcrumb\",\"itemListElement\":[{\"@type\":\"ListItem\",\"position\":1,\"name\":\"Comenzar\",\"item\":\"https:\/\/actbr.com.br\/es\/\"},{\"@type\":\"ListItem\",\"position\":2,\"name\":\"Produtos\",\"item\":\"https:\/\/actbr.com.br\/produtos-act\/\"},{\"@type\":\"ListItem\",\"position\":3,\"name\":\"Filtros e Elementos Filtrante\",\"item\":\"https:\/\/actbr.com.br\/es\/categoria-produto\/filtros-e-elementos-filtrante\/\"},{\"@type\":\"ListItem\",\"position\":4,\"name\":\"Filtration Group\",\"item\":\"https:\/\/actbr.com.br\/es\/categoria-produto\/filtros-e-elementos-filtrante\/filtration-group\/\"},{\"@type\":\"ListItem\",\"position\":5,\"name\":\"Elementos Filtrantes Filtration Group PI 3130 PS10 (SMX10)\"}]},{\"@type\":\"WebSite\",\"@id\":\"https:\/\/actbr.com.br\/es\/#website\",\"url\":\"https:\/\/actbr.com.br\/es\/\",\"name\":\"ACT Sistemas Hidr\u00e1ulicos\",\"description\":\"Fabricaci\u00f3n y mantenimiento de componentes de aceite hidr\u00e1ulico\",\"publisher\":{\"@id\":\"https:\/\/actbr.com.br\/es\/#organization\"},\"potentialAction\":[{\"@type\":\"SearchAction\",\"target\":{\"@type\":\"EntryPoint\",\"urlTemplate\":\"https:\/\/actbr.com.br\/es\/?s={search_term_string}\"},\"query-input\":{\"@type\":\"PropertyValueSpecification\",\"valueRequired\":true,\"valueName\":\"search_term_string\"}}],\"inLanguage\":\"es\"},{\"@type\":\"Organization\",\"@id\":\"https:\/\/actbr.com.br\/es\/#organization\",\"name\":\"ACT Sistemas Hidr\u00e1ulicos\",\"url\":\"https:\/\/actbr.com.br\/es\/\",\"logo\":{\"@type\":\"ImageObject\",\"inLanguage\":\"es\",\"@id\":\"https:\/\/actbr.com.br\/es\/#\/schema\/logo\/image\/\",\"url\":\"https:\/\/actbr.com.br\/wp-content\/uploads\/2025\/02\/cropped-ACT_NEGATIVO-marca-dagua.png\",\"contentUrl\":\"https:\/\/actbr.com.br\/wp-content\/uploads\/2025\/02\/cropped-ACT_NEGATIVO-marca-dagua.png\",\"width\":240,\"height\":146,\"caption\":\"ACT Sistemas Hidr\u00e1ulicos\"},\"image\":{\"@id\":\"https:\/\/actbr.com.br\/es\/#\/schema\/logo\/image\/\"}}]}<\/script>\n<!-- \/ Yoast SEO plugin. -->","yoast_head_json":{"title":"Elementos Filtrantes Filtration Group PI 3130 PS10 (SMX10) - ACT Sistemas Hidr\u00e1ulicos","description":"Filtro de profundidade composto de v\u00e1rias camadas de fibra de vidro alinhadas com precis\u00e3o umas \u00e0s outras, para a filtra\u00e7\u00e3o de fluidos hidr\u00e1ulicos.","robots":{"index":"index","follow":"follow","max-snippet":"max-snippet:-1","max-image-preview":"max-image-preview:large","max-video-preview":"max-video-preview:-1"},"canonical":"https:\/\/actbr.com.br\/es\/producto\/elementos-filtrantes-filtration-group-pi-3130-ps10-smx10\/","og_locale":"es_ES","og_type":"article","og_title":"Elementos Filtrantes Filtration Group PI 3130 PS10 (SMX10) - ACT Sistemas Hidr\u00e1ulicos","og_description":"Filtro de profundidade composto de v\u00e1rias camadas de fibra de vidro alinhadas com precis\u00e3o umas \u00e0s outras, para a filtra\u00e7\u00e3o de fluidos hidr\u00e1ulicos.","og_url":"https:\/\/actbr.com.br\/es\/producto\/elementos-filtrantes-filtration-group-pi-3130-ps10-smx10\/","og_site_name":"ACT Sistemas Hidr\u00e1ulicos","article_modified_time":"2023-10-16T16:33:07+00:00","og_image":[{"width":600,"height":600,"url":"https:\/\/actbr.com.br\/wp-content\/uploads\/2020\/09\/Elemento-Filtrante-PI-3130-PS10-SMX10-Mahle.jpg","type":"image\/jpeg"}],"twitter_card":"summary_large_image","twitter_misc":{"Tiempo de lectura":"3 minutos"},"schema":{"@context":"https:\/\/schema.org","@graph":[{"@type":"WebPage","@id":"https:\/\/actbr.com.br\/es\/producto\/elementos-filtrantes-filtration-group-pi-3130-ps10-smx10\/","url":"https:\/\/actbr.com.br\/es\/producto\/elementos-filtrantes-filtration-group-pi-3130-ps10-smx10\/","name":"Elementos Filtrantes Filtration Group PI 3130 PS10 (SMX10) - ACT Sistemas Hidr\u00e1ulicos","isPartOf":{"@id":"https:\/\/actbr.com.br\/es\/#website"},"primaryImageOfPage":{"@id":"https:\/\/actbr.com.br\/es\/producto\/elementos-filtrantes-filtration-group-pi-3130-ps10-smx10\/#primaryimage"},"image":{"@id":"https:\/\/actbr.com.br\/es\/producto\/elementos-filtrantes-filtration-group-pi-3130-ps10-smx10\/#primaryimage"},"thumbnailUrl":"https:\/\/actbr.com.br\/wp-content\/uploads\/2020\/09\/Elemento-Filtrante-PI-3130-PS10-SMX10-Mahle.jpg","datePublished":"2020-09-29T15:43:14+00:00","dateModified":"2023-10-16T16:33:07+00:00","description":"Filtro de profundidade composto de v\u00e1rias camadas de fibra de vidro alinhadas com precis\u00e3o umas \u00e0s outras, para a filtra\u00e7\u00e3o de fluidos hidr\u00e1ulicos.","breadcrumb":{"@id":"https:\/\/actbr.com.br\/es\/producto\/elementos-filtrantes-filtration-group-pi-3130-ps10-smx10\/#breadcrumb"},"inLanguage":"es","potentialAction":[{"@type":"ReadAction","target":["https:\/\/actbr.com.br\/es\/producto\/elementos-filtrantes-filtration-group-pi-3130-ps10-smx10\/"]}]},{"@type":"ImageObject","inLanguage":"es","@id":"https:\/\/actbr.com.br\/es\/producto\/elementos-filtrantes-filtration-group-pi-3130-ps10-smx10\/#primaryimage","url":"https:\/\/actbr.com.br\/wp-content\/uploads\/2020\/09\/Elemento-Filtrante-PI-3130-PS10-SMX10-Mahle.jpg","contentUrl":"https:\/\/actbr.com.br\/wp-content\/uploads\/2020\/09\/Elemento-Filtrante-PI-3130-PS10-SMX10-Mahle.jpg","width":600,"height":600,"caption":"Elemento Filtrante PI 3130 PS10 (SMX10) Mahle"},{"@type":"BreadcrumbList","@id":"https:\/\/actbr.com.br\/es\/producto\/elementos-filtrantes-filtration-group-pi-3130-ps10-smx10\/#breadcrumb","itemListElement":[{"@type":"ListItem","position":1,"name":"Comenzar","item":"https:\/\/actbr.com.br\/es\/"},{"@type":"ListItem","position":2,"name":"Produtos","item":"https:\/\/actbr.com.br\/produtos-act\/"},{"@type":"ListItem","position":3,"name":"Filtros e Elementos Filtrante","item":"https:\/\/actbr.com.br\/es\/categoria-produto\/filtros-e-elementos-filtrante\/"},{"@type":"ListItem","position":4,"name":"Filtration Group","item":"https:\/\/actbr.com.br\/es\/categoria-produto\/filtros-e-elementos-filtrante\/filtration-group\/"},{"@type":"ListItem","position":5,"name":"Elementos Filtrantes Filtration Group PI 3130 PS10 (SMX10)"}]},{"@type":"WebSite","@id":"https:\/\/actbr.com.br\/es\/#website","url":"https:\/\/actbr.com.br\/es\/","name":"ACT Sistemas Hidr\u00e1ulicos","description":"Fabricaci\u00f3n y mantenimiento de componentes de aceite hidr\u00e1ulico","publisher":{"@id":"https:\/\/actbr.com.br\/es\/#organization"},"potentialAction":[{"@type":"SearchAction","target":{"@type":"EntryPoint","urlTemplate":"https:\/\/actbr.com.br\/es\/?s={search_term_string}"},"query-input":{"@type":"PropertyValueSpecification","valueRequired":true,"valueName":"search_term_string"}}],"inLanguage":"es"},{"@type":"Organization","@id":"https:\/\/actbr.com.br\/es\/#organization","name":"ACT Sistemas Hidr\u00e1ulicos","url":"https:\/\/actbr.com.br\/es\/","logo":{"@type":"ImageObject","inLanguage":"es","@id":"https:\/\/actbr.com.br\/es\/#\/schema\/logo\/image\/","url":"https:\/\/actbr.com.br\/wp-content\/uploads\/2025\/02\/cropped-ACT_NEGATIVO-marca-dagua.png","contentUrl":"https:\/\/actbr.com.br\/wp-content\/uploads\/2025\/02\/cropped-ACT_NEGATIVO-marca-dagua.png","width":240,"height":146,"caption":"ACT Sistemas Hidr\u00e1ulicos"},"image":{"@id":"https:\/\/actbr.com.br\/es\/#\/schema\/logo\/image\/"}}]}},"_links":{"self":[{"href":"https:\/\/actbr.com.br\/es\/wp-json\/wp\/v2\/product\/3684","targetHints":{"allow":["GET"]}}],"collection":[{"href":"https:\/\/actbr.com.br\/es\/wp-json\/wp\/v2\/product"}],"about":[{"href":"https:\/\/actbr.com.br\/es\/wp-json\/wp\/v2\/types\/product"}],"wp:featuredmedia":[{"embeddable":true,"href":"https:\/\/actbr.com.br\/es\/wp-json\/wp\/v2\/media\/7470"}],"wp:attachment":[{"href":"https:\/\/actbr.com.br\/es\/wp-json\/wp\/v2\/media?parent=3684"}],"wp:term":[{"taxonomy":"product_brand","embeddable":true,"href":"https:\/\/actbr.com.br\/es\/wp-json\/wp\/v2\/product_brand?post=3684"},{"taxonomy":"product_cat","embeddable":true,"href":"https:\/\/actbr.com.br\/es\/wp-json\/wp\/v2\/product_cat?post=3684"},{"taxonomy":"product_tag","embeddable":true,"href":"https:\/\/actbr.com.br\/es\/wp-json\/wp\/v2\/product_tag?post=3684"}],"curies":[{"name":"wp","href":"https:\/\/api.w.org\/{rel}","templated":true}]}}