{"id":3731,"date":"2020-09-29T12:43:59","date_gmt":"2020-09-29T15:43:59","guid":{"rendered":"https:\/\/actbr.com.br\/produto\/n-0063-dn-2-016-mahle-0063dn016bnhc\/"},"modified":"2023-10-06T16:46:26","modified_gmt":"2023-10-06T19:46:26","slug":"elementos-filtrantes-normalizados-n-0063-dn-2-016","status":"publish","type":"product","link":"https:\/\/actbr.com.br\/es\/producto\/elementos-filtrantes-normalizados-n-0063-dn-2-016\/","title":{"rendered":"Elementos Filtrantes Normalizados (DIN) N 0063 DN 2 016"},"content":{"rendered":"<p><strong>N 0063 DN 2 016 MAHLE (0063DN016BNHC)<\/strong><\/p>\n<p>O Filtro de Profundidade N 0063 DN 2 016 MAHLE (0063DN016BNHC) \u00e9 composto de v\u00e1rias camadas de fibra de vidro alinhadas com precis\u00e3o umas \u00e0s outras (estrutura progressiva), para a filtra\u00e7\u00e3o de flu\u00eddos hidr\u00e1ulicos e lubrificantes, flu\u00eddos de baixa inflamabilidade, combust\u00edveis e flu\u00eddos sint\u00e9ticos.<\/p>\n<p><strong>Caracter\u00edsticas:<\/strong><br \/>\nGrau de filtra\u00e7\u00e3o: 16 \u00b5m;<br \/>\nPress\u00e3o m\u00e1x.: 20 bar;<br \/>\nSuperf\u00edcie de filtragem de 835 cm3 ;<br \/>\nRecomendado para vaz\u00f5es de at\u00e9 63 litros por minuto;<br \/>\nPossui reten\u00e7\u00e3o de sujidade muito alta e ao mesmo tempo uma resist\u00eancia de fluxo muito baixa.<br \/>\nVeda\u00e7\u00f5es: NBR.<\/p>\n<p><strong>Elementos filtrantes compat\u00edveis:<\/strong><br \/>\n0063DN016BNHC;<br \/>\n0063DN016BN2HC;<br \/>\n0063DN016BN3HC;<br \/>\n0063DN016BN4HC;<br \/>\nN0063DN2016CN.<\/p>\n<p><strong>Filtros que \u00abaceitam\u00bb o elemento filtrante:<\/strong><br \/>\nPI 20006-060;<br \/>\nPI 20006-056;<br \/>\nPI 20006-057;<br \/>\nPI 20006-058;<br \/>\nPI 20006-068;<br \/>\nPI 20006-069;<br \/>\nPI 21006-057;<br \/>\nPI 21006-058;<br \/>\nPI 21006-068;<br \/>\nPI 21006-069;<br \/>\nPI 40006-010;<br \/>\nPI 40006-011;<br \/>\nPI 40006-012;<br \/>\nPI 40006-013;<br \/>\nPI 40006-014;<br \/>\nPI 40006-015.<\/p>\n","protected":false},"excerpt":{"rendered":"<p>O Filtro de Profundidade N 0063 DN 2 016 MAHLE (0063DN016BNHC) \u00e9 composto de v\u00e1rias camadas de fibra de vidro alinhadas com precis\u00e3o umas \u00e0s outras (estrutura progressiva), para a filtra\u00e7\u00e3o de flu\u00eddos hidr\u00e1ulicos e lubrificantes, flu\u00eddos de baixa inflamabilidade, combust\u00edveis e flu\u00eddos sint\u00e9ticos.<\/p>\n","protected":false},"featured_media":7590,"template":"","meta":[],"product_brand":[],"product_cat":[67,98],"product_tag":[],"class_list":{"0":"post-3731","1":"product","2":"type-product","3":"status-publish","4":"has-post-thumbnail","6":"product_cat-filtros-e-elementos-filtrante","7":"product_cat-normalizado-din","9":"first","10":"instock","11":"virtual","12":"product-type-simple"},"yoast_head":"<!-- This site is optimized with the Yoast SEO plugin v27.2 - https:\/\/yoast.com\/product\/yoast-seo-wordpress\/ -->\n<title>Elementos Filtrantes Normalizados (DIN) N 0063 DN 2 016 - ACT Sistemas Hidr\u00e1ulicos<\/title>\n<meta name=\"description\" content=\"O Filtro de Profundidade N 0063 DN 2 016 MAHLE (0063DN016BNHC) \u00e9 composto por camadas de fibra de vidro alinhadas, para a filtra\u00e7\u00e3o de flu\u00eddos hidr\u00e1ulicos.\" \/>\n<meta name=\"robots\" content=\"index, follow, max-snippet:-1, max-image-preview:large, max-video-preview:-1\" \/>\n<link rel=\"canonical\" href=\"https:\/\/actbr.com.br\/es\/producto\/elementos-filtrantes-normalizados-n-0063-dn-2-016\/\" \/>\n<meta property=\"og:locale\" content=\"es_ES\" \/>\n<meta property=\"og:type\" content=\"article\" \/>\n<meta property=\"og:title\" content=\"Elementos Filtrantes Normalizados (DIN) N 0063 DN 2 016 - ACT Sistemas Hidr\u00e1ulicos\" \/>\n<meta property=\"og:description\" content=\"O Filtro de Profundidade N 0063 DN 2 016 MAHLE (0063DN016BNHC) \u00e9 composto por camadas de fibra de vidro alinhadas, para a filtra\u00e7\u00e3o de flu\u00eddos hidr\u00e1ulicos.\" \/>\n<meta property=\"og:url\" content=\"https:\/\/actbr.com.br\/es\/producto\/elementos-filtrantes-normalizados-n-0063-dn-2-016\/\" \/>\n<meta property=\"og:site_name\" content=\"ACT Sistemas Hidr\u00e1ulicos\" \/>\n<meta property=\"article:modified_time\" content=\"2023-10-06T19:46:26+00:00\" \/>\n<meta property=\"og:image\" content=\"https:\/\/actbr.com.br\/wp-content\/uploads\/2020\/09\/N-0063-DN.jpg\" \/>\n\t<meta property=\"og:image:width\" content=\"600\" \/>\n\t<meta property=\"og:image:height\" content=\"399\" \/>\n\t<meta property=\"og:image:type\" content=\"image\/jpeg\" \/>\n<meta name=\"twitter:card\" content=\"summary_large_image\" \/>\n<meta name=\"twitter:label1\" content=\"Tiempo de lectura\" \/>\n\t<meta name=\"twitter:data1\" content=\"1 minuto\" \/>\n<script type=\"application\/ld+json\" class=\"yoast-schema-graph\">{\"@context\":\"https:\/\/schema.org\",\"@graph\":[{\"@type\":\"WebPage\",\"@id\":\"https:\/\/actbr.com.br\/es\/producto\/elementos-filtrantes-normalizados-n-0063-dn-2-016\/\",\"url\":\"https:\/\/actbr.com.br\/es\/producto\/elementos-filtrantes-normalizados-n-0063-dn-2-016\/\",\"name\":\"Elementos Filtrantes Normalizados (DIN) N 0063 DN 2 016 - ACT Sistemas Hidr\u00e1ulicos\",\"isPartOf\":{\"@id\":\"https:\/\/actbr.com.br\/es\/#website\"},\"primaryImageOfPage\":{\"@id\":\"https:\/\/actbr.com.br\/es\/producto\/elementos-filtrantes-normalizados-n-0063-dn-2-016\/#primaryimage\"},\"image\":{\"@id\":\"https:\/\/actbr.com.br\/es\/producto\/elementos-filtrantes-normalizados-n-0063-dn-2-016\/#primaryimage\"},\"thumbnailUrl\":\"https:\/\/actbr.com.br\/wp-content\/uploads\/2020\/09\/N-0063-DN.jpg\",\"datePublished\":\"2020-09-29T15:43:59+00:00\",\"dateModified\":\"2023-10-06T19:46:26+00:00\",\"description\":\"O Filtro de Profundidade N 0063 DN 2 016 MAHLE (0063DN016BNHC) \u00e9 composto por camadas de fibra de vidro alinhadas, para a filtra\u00e7\u00e3o de flu\u00eddos hidr\u00e1ulicos.\",\"breadcrumb\":{\"@id\":\"https:\/\/actbr.com.br\/es\/producto\/elementos-filtrantes-normalizados-n-0063-dn-2-016\/#breadcrumb\"},\"inLanguage\":\"es\",\"potentialAction\":[{\"@type\":\"ReadAction\",\"target\":[\"https:\/\/actbr.com.br\/es\/producto\/elementos-filtrantes-normalizados-n-0063-dn-2-016\/\"]}]},{\"@type\":\"ImageObject\",\"inLanguage\":\"es\",\"@id\":\"https:\/\/actbr.com.br\/es\/producto\/elementos-filtrantes-normalizados-n-0063-dn-2-016\/#primaryimage\",\"url\":\"https:\/\/actbr.com.br\/wp-content\/uploads\/2020\/09\/N-0063-DN.jpg\",\"contentUrl\":\"https:\/\/actbr.com.br\/wp-content\/uploads\/2020\/09\/N-0063-DN.jpg\",\"width\":600,\"height\":399,\"caption\":\"N 0063 DN\"},{\"@type\":\"BreadcrumbList\",\"@id\":\"https:\/\/actbr.com.br\/es\/producto\/elementos-filtrantes-normalizados-n-0063-dn-2-016\/#breadcrumb\",\"itemListElement\":[{\"@type\":\"ListItem\",\"position\":1,\"name\":\"Comenzar\",\"item\":\"https:\/\/actbr.com.br\/es\/\"},{\"@type\":\"ListItem\",\"position\":2,\"name\":\"Produtos\",\"item\":\"https:\/\/actbr.com.br\/produtos-act\/\"},{\"@type\":\"ListItem\",\"position\":3,\"name\":\"Filtros e Elementos Filtrante\",\"item\":\"https:\/\/actbr.com.br\/es\/categoria-produto\/filtros-e-elementos-filtrante\/\"},{\"@type\":\"ListItem\",\"position\":4,\"name\":\"Normalizado (DIN)\",\"item\":\"https:\/\/actbr.com.br\/es\/categoria-produto\/filtros-e-elementos-filtrante\/normalizado-din\/\"},{\"@type\":\"ListItem\",\"position\":5,\"name\":\"Elementos Filtrantes Normalizados (DIN) N 0063 DN 2 016\"}]},{\"@type\":\"WebSite\",\"@id\":\"https:\/\/actbr.com.br\/es\/#website\",\"url\":\"https:\/\/actbr.com.br\/es\/\",\"name\":\"ACT Sistemas Hidr\u00e1ulicos\",\"description\":\"Fabricaci\u00f3n y mantenimiento de componentes de aceite hidr\u00e1ulico\",\"publisher\":{\"@id\":\"https:\/\/actbr.com.br\/es\/#organization\"},\"potentialAction\":[{\"@type\":\"SearchAction\",\"target\":{\"@type\":\"EntryPoint\",\"urlTemplate\":\"https:\/\/actbr.com.br\/es\/?s={search_term_string}\"},\"query-input\":{\"@type\":\"PropertyValueSpecification\",\"valueRequired\":true,\"valueName\":\"search_term_string\"}}],\"inLanguage\":\"es\"},{\"@type\":\"Organization\",\"@id\":\"https:\/\/actbr.com.br\/es\/#organization\",\"name\":\"ACT Sistemas Hidr\u00e1ulicos\",\"url\":\"https:\/\/actbr.com.br\/es\/\",\"logo\":{\"@type\":\"ImageObject\",\"inLanguage\":\"es\",\"@id\":\"https:\/\/actbr.com.br\/es\/#\/schema\/logo\/image\/\",\"url\":\"https:\/\/actbr.com.br\/wp-content\/uploads\/2025\/02\/cropped-ACT_NEGATIVO-marca-dagua.png\",\"contentUrl\":\"https:\/\/actbr.com.br\/wp-content\/uploads\/2025\/02\/cropped-ACT_NEGATIVO-marca-dagua.png\",\"width\":240,\"height\":146,\"caption\":\"ACT Sistemas Hidr\u00e1ulicos\"},\"image\":{\"@id\":\"https:\/\/actbr.com.br\/es\/#\/schema\/logo\/image\/\"}}]}<\/script>\n<!-- \/ Yoast SEO plugin. -->","yoast_head_json":{"title":"Elementos Filtrantes Normalizados (DIN) N 0063 DN 2 016 - ACT Sistemas Hidr\u00e1ulicos","description":"O Filtro de Profundidade N 0063 DN 2 016 MAHLE (0063DN016BNHC) \u00e9 composto por camadas de fibra de vidro alinhadas, para a filtra\u00e7\u00e3o de flu\u00eddos hidr\u00e1ulicos.","robots":{"index":"index","follow":"follow","max-snippet":"max-snippet:-1","max-image-preview":"max-image-preview:large","max-video-preview":"max-video-preview:-1"},"canonical":"https:\/\/actbr.com.br\/es\/producto\/elementos-filtrantes-normalizados-n-0063-dn-2-016\/","og_locale":"es_ES","og_type":"article","og_title":"Elementos Filtrantes Normalizados (DIN) N 0063 DN 2 016 - ACT Sistemas Hidr\u00e1ulicos","og_description":"O Filtro de Profundidade N 0063 DN 2 016 MAHLE (0063DN016BNHC) \u00e9 composto por camadas de fibra de vidro alinhadas, para a filtra\u00e7\u00e3o de flu\u00eddos hidr\u00e1ulicos.","og_url":"https:\/\/actbr.com.br\/es\/producto\/elementos-filtrantes-normalizados-n-0063-dn-2-016\/","og_site_name":"ACT Sistemas Hidr\u00e1ulicos","article_modified_time":"2023-10-06T19:46:26+00:00","og_image":[{"width":600,"height":399,"url":"https:\/\/actbr.com.br\/wp-content\/uploads\/2020\/09\/N-0063-DN.jpg","type":"image\/jpeg"}],"twitter_card":"summary_large_image","twitter_misc":{"Tiempo de lectura":"1 minuto"},"schema":{"@context":"https:\/\/schema.org","@graph":[{"@type":"WebPage","@id":"https:\/\/actbr.com.br\/es\/producto\/elementos-filtrantes-normalizados-n-0063-dn-2-016\/","url":"https:\/\/actbr.com.br\/es\/producto\/elementos-filtrantes-normalizados-n-0063-dn-2-016\/","name":"Elementos Filtrantes Normalizados (DIN) N 0063 DN 2 016 - ACT Sistemas Hidr\u00e1ulicos","isPartOf":{"@id":"https:\/\/actbr.com.br\/es\/#website"},"primaryImageOfPage":{"@id":"https:\/\/actbr.com.br\/es\/producto\/elementos-filtrantes-normalizados-n-0063-dn-2-016\/#primaryimage"},"image":{"@id":"https:\/\/actbr.com.br\/es\/producto\/elementos-filtrantes-normalizados-n-0063-dn-2-016\/#primaryimage"},"thumbnailUrl":"https:\/\/actbr.com.br\/wp-content\/uploads\/2020\/09\/N-0063-DN.jpg","datePublished":"2020-09-29T15:43:59+00:00","dateModified":"2023-10-06T19:46:26+00:00","description":"O Filtro de Profundidade N 0063 DN 2 016 MAHLE (0063DN016BNHC) \u00e9 composto por camadas de fibra de vidro alinhadas, para a filtra\u00e7\u00e3o de flu\u00eddos hidr\u00e1ulicos.","breadcrumb":{"@id":"https:\/\/actbr.com.br\/es\/producto\/elementos-filtrantes-normalizados-n-0063-dn-2-016\/#breadcrumb"},"inLanguage":"es","potentialAction":[{"@type":"ReadAction","target":["https:\/\/actbr.com.br\/es\/producto\/elementos-filtrantes-normalizados-n-0063-dn-2-016\/"]}]},{"@type":"ImageObject","inLanguage":"es","@id":"https:\/\/actbr.com.br\/es\/producto\/elementos-filtrantes-normalizados-n-0063-dn-2-016\/#primaryimage","url":"https:\/\/actbr.com.br\/wp-content\/uploads\/2020\/09\/N-0063-DN.jpg","contentUrl":"https:\/\/actbr.com.br\/wp-content\/uploads\/2020\/09\/N-0063-DN.jpg","width":600,"height":399,"caption":"N 0063 DN"},{"@type":"BreadcrumbList","@id":"https:\/\/actbr.com.br\/es\/producto\/elementos-filtrantes-normalizados-n-0063-dn-2-016\/#breadcrumb","itemListElement":[{"@type":"ListItem","position":1,"name":"Comenzar","item":"https:\/\/actbr.com.br\/es\/"},{"@type":"ListItem","position":2,"name":"Produtos","item":"https:\/\/actbr.com.br\/produtos-act\/"},{"@type":"ListItem","position":3,"name":"Filtros e Elementos Filtrante","item":"https:\/\/actbr.com.br\/es\/categoria-produto\/filtros-e-elementos-filtrante\/"},{"@type":"ListItem","position":4,"name":"Normalizado (DIN)","item":"https:\/\/actbr.com.br\/es\/categoria-produto\/filtros-e-elementos-filtrante\/normalizado-din\/"},{"@type":"ListItem","position":5,"name":"Elementos Filtrantes Normalizados (DIN) N 0063 DN 2 016"}]},{"@type":"WebSite","@id":"https:\/\/actbr.com.br\/es\/#website","url":"https:\/\/actbr.com.br\/es\/","name":"ACT Sistemas Hidr\u00e1ulicos","description":"Fabricaci\u00f3n y mantenimiento de componentes de aceite hidr\u00e1ulico","publisher":{"@id":"https:\/\/actbr.com.br\/es\/#organization"},"potentialAction":[{"@type":"SearchAction","target":{"@type":"EntryPoint","urlTemplate":"https:\/\/actbr.com.br\/es\/?s={search_term_string}"},"query-input":{"@type":"PropertyValueSpecification","valueRequired":true,"valueName":"search_term_string"}}],"inLanguage":"es"},{"@type":"Organization","@id":"https:\/\/actbr.com.br\/es\/#organization","name":"ACT Sistemas Hidr\u00e1ulicos","url":"https:\/\/actbr.com.br\/es\/","logo":{"@type":"ImageObject","inLanguage":"es","@id":"https:\/\/actbr.com.br\/es\/#\/schema\/logo\/image\/","url":"https:\/\/actbr.com.br\/wp-content\/uploads\/2025\/02\/cropped-ACT_NEGATIVO-marca-dagua.png","contentUrl":"https:\/\/actbr.com.br\/wp-content\/uploads\/2025\/02\/cropped-ACT_NEGATIVO-marca-dagua.png","width":240,"height":146,"caption":"ACT Sistemas Hidr\u00e1ulicos"},"image":{"@id":"https:\/\/actbr.com.br\/es\/#\/schema\/logo\/image\/"}}]}},"_links":{"self":[{"href":"https:\/\/actbr.com.br\/es\/wp-json\/wp\/v2\/product\/3731","targetHints":{"allow":["GET"]}}],"collection":[{"href":"https:\/\/actbr.com.br\/es\/wp-json\/wp\/v2\/product"}],"about":[{"href":"https:\/\/actbr.com.br\/es\/wp-json\/wp\/v2\/types\/product"}],"wp:featuredmedia":[{"embeddable":true,"href":"https:\/\/actbr.com.br\/es\/wp-json\/wp\/v2\/media\/7590"}],"wp:attachment":[{"href":"https:\/\/actbr.com.br\/es\/wp-json\/wp\/v2\/media?parent=3731"}],"wp:term":[{"taxonomy":"product_brand","embeddable":true,"href":"https:\/\/actbr.com.br\/es\/wp-json\/wp\/v2\/product_brand?post=3731"},{"taxonomy":"product_cat","embeddable":true,"href":"https:\/\/actbr.com.br\/es\/wp-json\/wp\/v2\/product_cat?post=3731"},{"taxonomy":"product_tag","embeddable":true,"href":"https:\/\/actbr.com.br\/es\/wp-json\/wp\/v2\/product_tag?post=3731"}],"curies":[{"name":"wp","href":"https:\/\/api.w.org\/{rel}","templated":true}]}}