{"id":3751,"date":"2020-09-29T12:43:59","date_gmt":"2020-09-29T15:43:59","guid":{"rendered":"https:\/\/actbr.com.br\/produto\/filtros-de-succao-fg\/"},"modified":"2023-06-27T17:38:30","modified_gmt":"2023-06-27T20:38:30","slug":"filtros-de-succao-fg","status":"publish","type":"product","link":"https:\/\/actbr.com.br\/es\/producto\/filtros-de-succao-fg\/","title":{"rendered":"Filtro de Suc\u00e7\u00e3o FG"},"content":{"rendered":"<div id=\"cke_pastebin\">\n<p><strong>Filtro de Suc\u00e7\u00e3o FG (Mahle)<\/strong><\/p>\n<p>Localizado antes da conex\u00e3o de entrada da bomba, o Filtro de Suc\u00e7\u00e3o FG (Mahle) \u00e9 usado como prote\u00e7\u00e3o prim\u00e1ria contra a contamina\u00e7\u00e3o do fluido.<\/p>\n<p>Alguns podem ser de tela\/celulose submersos no fluido, outros podem ser montados externamente. Normalmente os elementos s\u00e3o de micragem alta para n\u00e3o provocar perda de carga na suc\u00e7\u00e3o da bomba e a consequente cavita\u00e7\u00e3o da mesma.<\/p>\n<p>Configura\u00e7\u00e3o dos filtros de suc\u00e7\u00e3o Mahle:<br \/>\n<img decoding=\"async\" src=\"https:\/\/actbr.com.br\/wp-content\/uploads\/2020\/09\/configuracao-filtro-succao-mahle.jpg\" alt=\"\" \/><\/p>\n<p>Dimens\u00f5es:<\/p>\n<p><img decoding=\"async\" src=\"https:\/\/actbr.com.br\/wp-content\/uploads\/2020\/09\/dimensoes-filtro-de-succao.jpg\" alt=\"\" \/><\/p>\n<p>Filtros de suc\u00e7\u00e3o Mahle:<\/p>\n<p>Filtro de Suc\u00e7\u00e3o 77661598 PI 1710\/ 1;<br \/>\nFiltro de Suc\u00e7\u00e3o 77661606 PI 1710\/ 2;<br \/>\nFiltro de Suc\u00e7\u00e3o 77661614 PI 1710\/ 3;<br \/>\nFiltro de Suc\u00e7\u00e3o 77661622 PI 1710\/ 4;<br \/>\nFiltro de Suc\u00e7\u00e3o 77661630 PI 1710\/ 5;<br \/>\nFiltro de Suc\u00e7\u00e3o 77661648 PI 1710\/ 6;<br \/>\nFiltro de Suc\u00e7\u00e3o 77661655 PI 1710\/ 7;<br \/>\nFiltro de Suc\u00e7\u00e3o 77661663 PI 1710\/ 8;<br \/>\nFiltro de Suc\u00e7\u00e3o 77661697 PI 1710\/ 51;<br \/>\nFiltro de Suc\u00e7\u00e3o 77661705 PI 1710\/ 52;<br \/>\nFiltro de Suc\u00e7\u00e3o 77661689 PI 1710\/ 71;<br \/>\nFiltro de Suc\u00e7\u00e3o 77661713 PI 1710\/ 81;<br \/>\nFiltro de Suc\u00e7\u00e3o 77774847 PI 1607-165;<br \/>\nFiltro de Suc\u00e7\u00e3o 77774854 PI 1607-166;<br \/>\nFiltro de Suc\u00e7\u00e3o 77774714 PI 1607-170;<br \/>\nFiltro de Suc\u00e7\u00e3o 77774821 PI 1615-165;<br \/>\nFiltro de Suc\u00e7\u00e3o 77774839 PI 1615-166;<br \/>\nFiltro de Suc\u00e7\u00e3o 77774706 PI 1615-170;<br \/>\nFiltro de Suc\u00e7\u00e3o 77774805 PI 1615-365;<br \/>\nFiltro de Suc\u00e7\u00e3o 77774813 PI 1615-366;<br \/>\nFiltro de Suc\u00e7\u00e3o 77774730 PI 1615-370;<br \/>\nFiltro de Suc\u00e7\u00e3o 77774797 PI 1615-466;<br \/>\nFiltro de Suc\u00e7\u00e3o 77774722 PI 1615-470;<br \/>\nFiltro de Suc\u00e7\u00e3o 77874498 PI 1620-365;<br \/>\nFiltro de Suc\u00e7\u00e3o 77874480 PI 1620-366;<br \/>\nFiltro de Suc\u00e7\u00e3o 77874506 PI 1620-370;<\/p>\n<\/div>\n","protected":false},"excerpt":{"rendered":"<p>Localizado antes da conex\u00e3o de entrada da bomba, o Filtro de Suc\u00e7\u00e3o FG (Mahle) \u00e9 usado como prote\u00e7\u00e3o prim\u00e1ria contra a contamina\u00e7\u00e3o do fluido.<\/p>\n<p>&nbsp;<\/p>\n","protected":false},"featured_media":6293,"template":"","meta":[],"product_brand":[],"product_cat":[99,67],"product_tag":[],"class_list":{"0":"post-3751","1":"product","2":"type-product","3":"status-publish","4":"has-post-thumbnail","6":"product_cat-filtro-de-succao","7":"product_cat-filtros-e-elementos-filtrante","9":"first","10":"instock","11":"virtual","12":"product-type-simple"},"yoast_head":"<!-- This site is optimized with the Yoast SEO plugin v27.2 - https:\/\/yoast.com\/product\/yoast-seo-wordpress\/ -->\n<title>Filtro de Suc\u00e7\u00e3o FG - ACT Sistemas Hidr\u00e1ulicos<\/title>\n<meta name=\"description\" content=\"Localizado antes da conex\u00e3o de entrada da bomba, o Filtro de Suc\u00e7\u00e3o FG (Mahle) \u00e9 usado como prote\u00e7\u00e3o prim\u00e1ria contra a contamina\u00e7\u00e3o do fluido.\" \/>\n<meta name=\"robots\" content=\"index, follow, max-snippet:-1, max-image-preview:large, max-video-preview:-1\" \/>\n<link rel=\"canonical\" href=\"https:\/\/actbr.com.br\/es\/producto\/filtros-de-succao-fg\/\" \/>\n<meta property=\"og:locale\" content=\"es_ES\" \/>\n<meta property=\"og:type\" content=\"article\" \/>\n<meta property=\"og:title\" content=\"Filtro de Suc\u00e7\u00e3o FG - ACT Sistemas Hidr\u00e1ulicos\" \/>\n<meta property=\"og:description\" content=\"Localizado antes da conex\u00e3o de entrada da bomba, o Filtro de Suc\u00e7\u00e3o FG (Mahle) \u00e9 usado como prote\u00e7\u00e3o prim\u00e1ria contra a contamina\u00e7\u00e3o do fluido.\" \/>\n<meta property=\"og:url\" content=\"https:\/\/actbr.com.br\/es\/producto\/filtros-de-succao-fg\/\" \/>\n<meta property=\"og:site_name\" content=\"ACT Sistemas Hidr\u00e1ulicos\" \/>\n<meta property=\"article:modified_time\" content=\"2023-06-27T20:38:30+00:00\" \/>\n<meta property=\"og:image\" content=\"https:\/\/actbr.com.br\/wp-content\/uploads\/2021\/11\/filtro-de-succao-mahle.jpg\" \/>\n\t<meta property=\"og:image:width\" content=\"400\" \/>\n\t<meta property=\"og:image:height\" content=\"480\" \/>\n\t<meta property=\"og:image:type\" content=\"image\/jpeg\" \/>\n<meta name=\"twitter:card\" content=\"summary_large_image\" \/>\n<meta name=\"twitter:label1\" content=\"Tiempo de lectura\" \/>\n\t<meta name=\"twitter:data1\" content=\"2 minutos\" \/>\n<script type=\"application\/ld+json\" class=\"yoast-schema-graph\">{\"@context\":\"https:\/\/schema.org\",\"@graph\":[{\"@type\":\"WebPage\",\"@id\":\"https:\/\/actbr.com.br\/es\/producto\/filtros-de-succao-fg\/\",\"url\":\"https:\/\/actbr.com.br\/es\/producto\/filtros-de-succao-fg\/\",\"name\":\"Filtro de Suc\u00e7\u00e3o FG - ACT Sistemas Hidr\u00e1ulicos\",\"isPartOf\":{\"@id\":\"https:\/\/actbr.com.br\/es\/#website\"},\"primaryImageOfPage\":{\"@id\":\"https:\/\/actbr.com.br\/es\/producto\/filtros-de-succao-fg\/#primaryimage\"},\"image\":{\"@id\":\"https:\/\/actbr.com.br\/es\/producto\/filtros-de-succao-fg\/#primaryimage\"},\"thumbnailUrl\":\"https:\/\/actbr.com.br\/wp-content\/uploads\/2021\/11\/filtro-de-succao-mahle.jpg\",\"datePublished\":\"2020-09-29T15:43:59+00:00\",\"dateModified\":\"2023-06-27T20:38:30+00:00\",\"description\":\"Localizado antes da conex\u00e3o de entrada da bomba, o Filtro de Suc\u00e7\u00e3o FG (Mahle) \u00e9 usado como prote\u00e7\u00e3o prim\u00e1ria contra a contamina\u00e7\u00e3o do fluido.\",\"breadcrumb\":{\"@id\":\"https:\/\/actbr.com.br\/es\/producto\/filtros-de-succao-fg\/#breadcrumb\"},\"inLanguage\":\"es\",\"potentialAction\":[{\"@type\":\"ReadAction\",\"target\":[\"https:\/\/actbr.com.br\/es\/producto\/filtros-de-succao-fg\/\"]}]},{\"@type\":\"ImageObject\",\"inLanguage\":\"es\",\"@id\":\"https:\/\/actbr.com.br\/es\/producto\/filtros-de-succao-fg\/#primaryimage\",\"url\":\"https:\/\/actbr.com.br\/wp-content\/uploads\/2021\/11\/filtro-de-succao-mahle.jpg\",\"contentUrl\":\"https:\/\/actbr.com.br\/wp-content\/uploads\/2021\/11\/filtro-de-succao-mahle.jpg\",\"width\":400,\"height\":480},{\"@type\":\"BreadcrumbList\",\"@id\":\"https:\/\/actbr.com.br\/es\/producto\/filtros-de-succao-fg\/#breadcrumb\",\"itemListElement\":[{\"@type\":\"ListItem\",\"position\":1,\"name\":\"Comenzar\",\"item\":\"https:\/\/actbr.com.br\/es\/\"},{\"@type\":\"ListItem\",\"position\":2,\"name\":\"Produtos\",\"item\":\"https:\/\/actbr.com.br\/produtos-act\/\"},{\"@type\":\"ListItem\",\"position\":3,\"name\":\"Filtros e Elementos Filtrante\",\"item\":\"https:\/\/actbr.com.br\/es\/categoria-produto\/filtros-e-elementos-filtrante\/\"},{\"@type\":\"ListItem\",\"position\":4,\"name\":\"Filtro de Suc\u00e7\u00e3o\",\"item\":\"https:\/\/actbr.com.br\/es\/categoria-produto\/filtros-e-elementos-filtrante\/filtro-de-succao\/\"},{\"@type\":\"ListItem\",\"position\":5,\"name\":\"Filtro de Suc\u00e7\u00e3o FG\"}]},{\"@type\":\"WebSite\",\"@id\":\"https:\/\/actbr.com.br\/es\/#website\",\"url\":\"https:\/\/actbr.com.br\/es\/\",\"name\":\"ACT Sistemas Hidr\u00e1ulicos\",\"description\":\"Fabricaci\u00f3n y mantenimiento de componentes de aceite hidr\u00e1ulico\",\"publisher\":{\"@id\":\"https:\/\/actbr.com.br\/es\/#organization\"},\"potentialAction\":[{\"@type\":\"SearchAction\",\"target\":{\"@type\":\"EntryPoint\",\"urlTemplate\":\"https:\/\/actbr.com.br\/es\/?s={search_term_string}\"},\"query-input\":{\"@type\":\"PropertyValueSpecification\",\"valueRequired\":true,\"valueName\":\"search_term_string\"}}],\"inLanguage\":\"es\"},{\"@type\":\"Organization\",\"@id\":\"https:\/\/actbr.com.br\/es\/#organization\",\"name\":\"ACT Sistemas Hidr\u00e1ulicos\",\"url\":\"https:\/\/actbr.com.br\/es\/\",\"logo\":{\"@type\":\"ImageObject\",\"inLanguage\":\"es\",\"@id\":\"https:\/\/actbr.com.br\/es\/#\/schema\/logo\/image\/\",\"url\":\"https:\/\/actbr.com.br\/wp-content\/uploads\/2025\/02\/cropped-ACT_NEGATIVO-marca-dagua.png\",\"contentUrl\":\"https:\/\/actbr.com.br\/wp-content\/uploads\/2025\/02\/cropped-ACT_NEGATIVO-marca-dagua.png\",\"width\":240,\"height\":146,\"caption\":\"ACT Sistemas Hidr\u00e1ulicos\"},\"image\":{\"@id\":\"https:\/\/actbr.com.br\/es\/#\/schema\/logo\/image\/\"}}]}<\/script>\n<!-- \/ Yoast SEO plugin. -->","yoast_head_json":{"title":"Filtro de Suc\u00e7\u00e3o FG - ACT Sistemas Hidr\u00e1ulicos","description":"Localizado antes da conex\u00e3o de entrada da bomba, o Filtro de Suc\u00e7\u00e3o FG (Mahle) \u00e9 usado como prote\u00e7\u00e3o prim\u00e1ria contra a contamina\u00e7\u00e3o do fluido.","robots":{"index":"index","follow":"follow","max-snippet":"max-snippet:-1","max-image-preview":"max-image-preview:large","max-video-preview":"max-video-preview:-1"},"canonical":"https:\/\/actbr.com.br\/es\/producto\/filtros-de-succao-fg\/","og_locale":"es_ES","og_type":"article","og_title":"Filtro de Suc\u00e7\u00e3o FG - ACT Sistemas Hidr\u00e1ulicos","og_description":"Localizado antes da conex\u00e3o de entrada da bomba, o Filtro de Suc\u00e7\u00e3o FG (Mahle) \u00e9 usado como prote\u00e7\u00e3o prim\u00e1ria contra a contamina\u00e7\u00e3o do fluido.","og_url":"https:\/\/actbr.com.br\/es\/producto\/filtros-de-succao-fg\/","og_site_name":"ACT Sistemas Hidr\u00e1ulicos","article_modified_time":"2023-06-27T20:38:30+00:00","og_image":[{"width":400,"height":480,"url":"https:\/\/actbr.com.br\/wp-content\/uploads\/2021\/11\/filtro-de-succao-mahle.jpg","type":"image\/jpeg"}],"twitter_card":"summary_large_image","twitter_misc":{"Tiempo de lectura":"2 minutos"},"schema":{"@context":"https:\/\/schema.org","@graph":[{"@type":"WebPage","@id":"https:\/\/actbr.com.br\/es\/producto\/filtros-de-succao-fg\/","url":"https:\/\/actbr.com.br\/es\/producto\/filtros-de-succao-fg\/","name":"Filtro de Suc\u00e7\u00e3o FG - ACT Sistemas Hidr\u00e1ulicos","isPartOf":{"@id":"https:\/\/actbr.com.br\/es\/#website"},"primaryImageOfPage":{"@id":"https:\/\/actbr.com.br\/es\/producto\/filtros-de-succao-fg\/#primaryimage"},"image":{"@id":"https:\/\/actbr.com.br\/es\/producto\/filtros-de-succao-fg\/#primaryimage"},"thumbnailUrl":"https:\/\/actbr.com.br\/wp-content\/uploads\/2021\/11\/filtro-de-succao-mahle.jpg","datePublished":"2020-09-29T15:43:59+00:00","dateModified":"2023-06-27T20:38:30+00:00","description":"Localizado antes da conex\u00e3o de entrada da bomba, o Filtro de Suc\u00e7\u00e3o FG (Mahle) \u00e9 usado como prote\u00e7\u00e3o prim\u00e1ria contra a contamina\u00e7\u00e3o do fluido.","breadcrumb":{"@id":"https:\/\/actbr.com.br\/es\/producto\/filtros-de-succao-fg\/#breadcrumb"},"inLanguage":"es","potentialAction":[{"@type":"ReadAction","target":["https:\/\/actbr.com.br\/es\/producto\/filtros-de-succao-fg\/"]}]},{"@type":"ImageObject","inLanguage":"es","@id":"https:\/\/actbr.com.br\/es\/producto\/filtros-de-succao-fg\/#primaryimage","url":"https:\/\/actbr.com.br\/wp-content\/uploads\/2021\/11\/filtro-de-succao-mahle.jpg","contentUrl":"https:\/\/actbr.com.br\/wp-content\/uploads\/2021\/11\/filtro-de-succao-mahle.jpg","width":400,"height":480},{"@type":"BreadcrumbList","@id":"https:\/\/actbr.com.br\/es\/producto\/filtros-de-succao-fg\/#breadcrumb","itemListElement":[{"@type":"ListItem","position":1,"name":"Comenzar","item":"https:\/\/actbr.com.br\/es\/"},{"@type":"ListItem","position":2,"name":"Produtos","item":"https:\/\/actbr.com.br\/produtos-act\/"},{"@type":"ListItem","position":3,"name":"Filtros e Elementos Filtrante","item":"https:\/\/actbr.com.br\/es\/categoria-produto\/filtros-e-elementos-filtrante\/"},{"@type":"ListItem","position":4,"name":"Filtro de Suc\u00e7\u00e3o","item":"https:\/\/actbr.com.br\/es\/categoria-produto\/filtros-e-elementos-filtrante\/filtro-de-succao\/"},{"@type":"ListItem","position":5,"name":"Filtro de Suc\u00e7\u00e3o FG"}]},{"@type":"WebSite","@id":"https:\/\/actbr.com.br\/es\/#website","url":"https:\/\/actbr.com.br\/es\/","name":"ACT Sistemas Hidr\u00e1ulicos","description":"Fabricaci\u00f3n y mantenimiento de componentes de aceite hidr\u00e1ulico","publisher":{"@id":"https:\/\/actbr.com.br\/es\/#organization"},"potentialAction":[{"@type":"SearchAction","target":{"@type":"EntryPoint","urlTemplate":"https:\/\/actbr.com.br\/es\/?s={search_term_string}"},"query-input":{"@type":"PropertyValueSpecification","valueRequired":true,"valueName":"search_term_string"}}],"inLanguage":"es"},{"@type":"Organization","@id":"https:\/\/actbr.com.br\/es\/#organization","name":"ACT Sistemas Hidr\u00e1ulicos","url":"https:\/\/actbr.com.br\/es\/","logo":{"@type":"ImageObject","inLanguage":"es","@id":"https:\/\/actbr.com.br\/es\/#\/schema\/logo\/image\/","url":"https:\/\/actbr.com.br\/wp-content\/uploads\/2025\/02\/cropped-ACT_NEGATIVO-marca-dagua.png","contentUrl":"https:\/\/actbr.com.br\/wp-content\/uploads\/2025\/02\/cropped-ACT_NEGATIVO-marca-dagua.png","width":240,"height":146,"caption":"ACT Sistemas Hidr\u00e1ulicos"},"image":{"@id":"https:\/\/actbr.com.br\/es\/#\/schema\/logo\/image\/"}}]}},"_links":{"self":[{"href":"https:\/\/actbr.com.br\/es\/wp-json\/wp\/v2\/product\/3751","targetHints":{"allow":["GET"]}}],"collection":[{"href":"https:\/\/actbr.com.br\/es\/wp-json\/wp\/v2\/product"}],"about":[{"href":"https:\/\/actbr.com.br\/es\/wp-json\/wp\/v2\/types\/product"}],"wp:featuredmedia":[{"embeddable":true,"href":"https:\/\/actbr.com.br\/es\/wp-json\/wp\/v2\/media\/6293"}],"wp:attachment":[{"href":"https:\/\/actbr.com.br\/es\/wp-json\/wp\/v2\/media?parent=3751"}],"wp:term":[{"taxonomy":"product_brand","embeddable":true,"href":"https:\/\/actbr.com.br\/es\/wp-json\/wp\/v2\/product_brand?post=3751"},{"taxonomy":"product_cat","embeddable":true,"href":"https:\/\/actbr.com.br\/es\/wp-json\/wp\/v2\/product_cat?post=3751"},{"taxonomy":"product_tag","embeddable":true,"href":"https:\/\/actbr.com.br\/es\/wp-json\/wp\/v2\/product_tag?post=3751"}],"curies":[{"name":"wp","href":"https:\/\/api.w.org\/{rel}","templated":true}]}}