{"id":3757,"date":"2020-09-29T12:44:44","date_gmt":"2020-09-29T15:44:44","guid":{"rendered":"https:\/\/actbr.com.br\/produto\/filtro-de-pressao-alta-pressao-fg\/"},"modified":"2023-06-14T15:46:08","modified_gmt":"2023-06-14T18:46:08","slug":"filtro-de-pressao-alta-pressao-fg","status":"publish","type":"product","link":"https:\/\/actbr.com.br\/es\/producto\/filtro-de-pressao-alta-pressao-fg\/","title":{"rendered":"Filtro de Press\u00e3o (Alta press\u00e3o) FG"},"content":{"rendered":"<p>Filtro de Press\u00e3o (Alta press\u00e3o) FG<\/p>\n<p>Os filtros de alta press\u00e3o da Mahle s\u00e3o apropriados para uma press\u00e3o de trabalho superior a 1450 PSI (100 bar). A principal fun\u00e7\u00e3o dos Filtros de Press\u00e3o \u00e9 proteger sistemas complexos, ou componentes cr\u00edticos, de part\u00edculas que possam causar danos ou mal funcionamento a v\u00e1lvulas ou a motores hidr\u00e1ulicos. Os meios filtrantes, contribuem efetivamente no controle do N\u00edvel de Contamina\u00e7\u00e3o (ISO4406) dos sistemas hidr\u00e1ulicos e de lubrifica\u00e7\u00e3o.<\/p>\n<p>Aplica\u00e7\u00f5es: Serras mec\u00e2nicas; equipamentos de suporte no solo para avi\u00f5es; m\u00e1quinas pavimentadoras de asfalto; ventiladores hidr\u00e1ulicos de propuls\u00e3o; circuitos de dire\u00e7\u00e3o hidr\u00e1ulica; caminh\u00f5es de lixo; caminh\u00f5es de cimento; prote\u00e7\u00e3o de servo controle; equipamentos de corte de \u00e1rvores.<\/p>\n<h1 style=\"text-align: center;\"><span style=\"color: #ff0000;\"><a style=\"color: #ff0000;\" href=\"https:\/\/actbr.com.br\/produto\/bobina-atos-sp-coe\/\" target=\"_blank\" rel=\"noopener\">FALE CONOSCO<\/a><\/span><\/h1>\n<p><strong>Configura\u00e7\u00f5es:<\/strong><\/p>\n<p><img decoding=\"async\" src=\"https:\/\/actbr.com.br\/wp-content\/uploads\/2020\/09\/configuracao-filtro-alta-pressao-mahle.jpg\" alt=\"\" \/><\/p>\n<p>Elementos filtrantes para filtro de alta press\u00e3o:<\/p>\n<p><img decoding=\"async\" src=\"https:\/\/actbr.com.br\/wp-content\/uploads\/2020\/09\/elemento-alta-pressao-conf.jpg\" alt=\"\" \/><\/p>\n<p>&nbsp;<\/p>\n<p>Listagem dos filtros de press\u00e3o Mahle distribu\u00eddos pela ACT Sistemas Hidr\u00e1ulicos:<br \/>\nFiltro de Press\u00e3o 77937626 PI 41006-014;<br \/>\nFiltro de Press\u00e3o 77937634 PI 41006-015;<br \/>\nFiltro de Press\u00e3o 77937642 PI 41006-046;<br \/>\nFiltro de Press\u00e3o 77666357 PI 4205-010;<br \/>\nFiltro de Press\u00e3o 77967714 PI 4205-010 FL;<br \/>\nFiltro de Press\u00e3o 77666365 PI 4205-011;<br \/>\nFiltro de Press\u00e3o 77967722 PI 4205-011 FL;<br \/>\nFiltro de Press\u00e3o 77666373 PI 4205-012;<br \/>\nFiltro de Press\u00e3o 77967730 PI 4205-012 FL;<br \/>\nFiltro de Press\u00e3o 77666381 PI 4205-013;<br \/>\nFiltro de Press\u00e3o 77967748 PI 4205-013 FL;<br \/>\nFiltro de Press\u00e3o 77666399 PI 4205-014;<br \/>\nFiltro de Press\u00e3o 77967755 PI 4205-014 FL;<br \/>\nFiltro de Press\u00e3o 77666415 PI 4205-015;<br \/>\nFiltro de Press\u00e3o 77967763 PI 4205-015 FL;<br \/>\nFiltro de Press\u00e3o 77666423 PI 4208-010;<br \/>\nFiltro de Press\u00e3o 77967771 PI 4208-010 FL;<br \/>\nFiltro de Press\u00e3o 77666431 PI 4208-011;<br \/>\nFiltro de Press\u00e3o 77967789 PI 4208-011 FL;<br \/>\nFiltro de Press\u00e3o 77666449 PI 4208-012;<br \/>\nFiltro de Press\u00e3o 77967797 PI 4208-012 FL;<br \/>\nFiltro de Press\u00e3o 77666456 PI 4208-013;<br \/>\nFiltro de Press\u00e3o 77967805 PI 4208-013 FL;<br \/>\nFiltro de Press\u00e3o 77666464 PI 4208-014;<br \/>\nFiltro de Press\u00e3o 77967813 PI 4208-014 FL;<br \/>\nFiltro de Press\u00e3o 77666472 PI 4208-015;<br \/>\nFiltro de Press\u00e3o 77967821 PI 4208-015 FL;<br \/>\nFiltro de Press\u00e3o 77666480 PI 4211-010;<br \/>\nFiltro de Press\u00e3o 77666498 PI 4211-011;<br \/>\nFiltro de Press\u00e3o 77967847 PI 4211-011 FL;<br \/>\nFiltro de Press\u00e3o 77666506 PI 4211-012;<br \/>\nFiltro de Press\u00e3o 77967854 PI 4211-012 FL;<br \/>\nFiltro de Press\u00e3o 77666514 PI 4211-013;<br \/>\nFiltro de Press\u00e3o 77967862 PI 4211-013 FL;<br \/>\nFiltro de Press\u00e3o 77666522 PI 4211-014;<br \/>\nFiltro de Press\u00e3o 77967870 PI 4211-014 FL;<br \/>\nFiltro de Press\u00e3o 77666530 PI 4211-015;<br \/>\nFiltro de Press\u00e3o 77967888 PI 4211-015 FL;<br \/>\nFiltro de Press\u00e3o 77666548 PI 4215-010;<br \/>\nFiltro de Press\u00e3o 77978596 PI 4215-010 FL;<br \/>\nFiltro de Press\u00e3o 77666555 PI 4215-011;<br \/>\nFiltro de Press\u00e3o 77978604 PI 4215-011 FL;<br \/>\nFiltro de Press\u00e3o 77666563 PI 4215-012;<br \/>\nFiltro de Press\u00e3o 77978612 PI 4215-012 FL;<br \/>\nFiltro de Press\u00e3o 77666571 PI 4215-013;<br \/>\nFiltro de Press\u00e3o 77978620 PI 4215-013 FL;<br \/>\nFiltro de Press\u00e3o 77666589 PI 4215-014;<br \/>\nFiltro de Press\u00e3o 77978638 PI 4215-014 FL;<br \/>\nFiltro de Press\u00e3o 77666597 PI 4215-015;<br \/>\nFiltro de Press\u00e3o 77978646 PI 4215-015 FL;<br \/>\nFiltro de Press\u00e3o 77666613 PI 4230-010;<br \/>\nFiltro de Press\u00e3o 77978653 PI 4230-010 FL;<br \/>\nFiltro de Press\u00e3o 77666621 PI 4230-011;<br \/>\nFiltro de Press\u00e3o 77978661 PI 4230-011 FL;<br \/>\nFiltro de Press\u00e3o 77666639 PI 4230-012;<br \/>\nFiltro de Press\u00e3o 77978679 PI 4230-012 FL;<br \/>\nFiltro de Press\u00e3o 77666647 PI 4230-013;<br \/>\nFiltro de Press\u00e3o 77978687 PI 4230-013 FL;<br \/>\nFiltro de Press\u00e3o 77666654 PI 4230-014;<br \/>\nFiltro de Press\u00e3o 77978695 PI 4230-014 FL;<br \/>\nFiltro de Press\u00e3o 77666662 PI 4230-015;<br \/>\nFiltro de Press\u00e3o 77964505 PI 4230-015 FL;<br \/>\nFiltro de Press\u00e3o 77666688 PI 4245-010;<br \/>\nFiltro de Press\u00e3o 77978703 PI 4245-010 FL;<br \/>\nFiltro de Press\u00e3o 77666696 PI 4245-011;<br \/>\nFiltro de Press\u00e3o 77978711 PI 4245-011 FL;<br \/>\nFiltro de Press\u00e3o 77666704 PI 4245-012;<br \/>\nFiltro de Press\u00e3o 77978729 PI 4245-012 FL;<br \/>\nFiltro de Press\u00e3o 77666712 PI 4245-013;<br \/>\nFiltro de Press\u00e3o 77978737 PI 4245-013 FL;<br \/>\nFiltro de Press\u00e3o 77666720 PI 4245-014;<br \/>\nFiltro de Press\u00e3o 77978745 PI 4245-014 FL;<br \/>\nFiltro de Press\u00e3o 77666746 PI 4245-015;<br \/>\nFiltro de Press\u00e3o 77978752 PI 4245-015 FL;<br \/>\nFiltro de Press\u00e3o 77666753 PI 4301-010;<br \/>\nFiltro de Press\u00e3o 77666761 PI 4301-011;<br \/>\nFiltro de Press\u00e3o 77666779 PI 4301-012;<br \/>\nFiltro de Press\u00e3o 77666787 PI 4301-013;<br \/>\nFiltro de Press\u00e3o 77666795 PI 4301-014;<br \/>\nFiltro de Press\u00e3o 77666803 PI 4301-015;<br \/>\nFiltro de Press\u00e3o 78207201 PI 40004-010;<br \/>\nFiltro de Press\u00e3o 78207219 PI 40004-011;<br \/>\nFiltro de Press\u00e3o 78207227 PI 40004-012;<br \/>\nFiltro de Press\u00e3o 78304156 PI 40004-013;<br \/>\nFiltro de Press\u00e3o 78207243 PI 40004-014;<br \/>\nFiltro de Press\u00e3o 77978463 PI 40004-015;<br \/>\nFiltro de Press\u00e3o 78207268 PI 40006-010;<br \/>\nFiltro de Press\u00e3o 78207276 PI 40006-011;<br \/>\nFiltro de Press\u00e3o 78207284 PI 40006-012;<br \/>\nFiltro de Press\u00e3o 78304164 PI 40006-013<br \/>\nFiltro de Press\u00e3o 78207300 PI 40006-014;<br \/>\nFiltro de Press\u00e3o 77978455 PI 40006-015;<br \/>\nFiltro de Press\u00e3o 78207326 PI 40010-010;<br \/>\nFiltro de Press\u00e3o 78207334 PI 40010-011;<br \/>\nFiltro de Press\u00e3o 78207342 PI 40010-012;<br \/>\nFiltro de Press\u00e3o 78304172 PI 40010-013;<br \/>\nFiltro de Press\u00e3o 78207367 PI 40010-014;<br \/>\nFiltro de Press\u00e3o 77978448 PI 40010-015;<br \/>\nFiltro de Press\u00e3o 78207383 PI 40016-010;<br \/>\nFiltro de Press\u00e3o 78207391 PI 40016-011;<br \/>\nFiltro de Press\u00e3o 78207409 PI 40016-012;<br \/>\nFiltro de Press\u00e3o 78304107 PI 40016-013;<br \/>\nFiltro de Press\u00e3o 78207425 PI 40016-014;<br \/>\nFiltro de Press\u00e3o 78207433 PI 40016-015;<br \/>\nFiltro de Press\u00e3o 78207458 PI 40025-010;<br \/>\nFiltro de Press\u00e3o 78207466 PI 40025-011;<br \/>\nFiltro de Press\u00e3o 78207474 PI 40025-012;<br \/>\nFiltro de Press\u00e3o 78304115 PI 40025-013;<br \/>\nFiltro de Press\u00e3o 78207490 PI 40025-014;<br \/>\nFiltro de Press\u00e3o 78207813 PI 40025-015;<br \/>\nFiltro de Press\u00e3o 78207821 PI 40040-010 FL;<br \/>\nFiltro de Press\u00e3o 78207839 PI 40040-011 FL;<br \/>\nFiltro de Press\u00e3o 78207847 PI 40040-012 FL;<br \/>\nFiltro de Press\u00e3o 78304123 PI 40040-013 FL;<br \/>\nFiltro de Press\u00e3o 78207862 PI 40040-014 FL;<br \/>\nFiltro de Press\u00e3o 78207870 PI 40040-015 FL.<\/p>\n","protected":false},"excerpt":{"rendered":"<p>O filtros de press\u00e3o tem a fun\u00e7\u00e3o de proteger sistemas complexos de part\u00edculas que possam causar danos ou mal funcionamento a v\u00e1lvulas ou a motores hidr\u00e1ulicos.<\/p>\n","protected":false},"featured_media":7543,"template":"","meta":[],"product_brand":[],"product_cat":[100,67],"product_tag":[],"class_list":{"0":"post-3757","1":"product","2":"type-product","3":"status-publish","4":"has-post-thumbnail","6":"product_cat-filtro-simples-alta-pressao","7":"product_cat-filtros-e-elementos-filtrante","9":"first","10":"instock","11":"virtual","12":"product-type-simple"},"yoast_head":"<!-- This site is optimized with the Yoast SEO plugin v27.5 - https:\/\/yoast.com\/product\/yoast-seo-wordpress\/ -->\n<title>Filtro de Press\u00e3o (Alta press\u00e3o) FG - ACT Sistemas Hidr\u00e1ulicos<\/title>\n<meta name=\"description\" content=\"O filtros de press\u00e3o tem a fun\u00e7\u00e3o de proteger sistemas complexos de part\u00edculas que possam causar danos ou mal funcionamento a v\u00e1lvulas ou a motores hidr\u00e1ulicos.\" \/>\n<meta name=\"robots\" content=\"index, follow, max-snippet:-1, max-image-preview:large, max-video-preview:-1\" \/>\n<link rel=\"canonical\" href=\"https:\/\/actbr.com.br\/es\/producto\/filtro-de-pressao-alta-pressao-fg\/\" \/>\n<meta property=\"og:locale\" content=\"es_ES\" \/>\n<meta property=\"og:type\" content=\"article\" \/>\n<meta property=\"og:title\" content=\"Filtro de Press\u00e3o (Alta press\u00e3o) FG - ACT Sistemas Hidr\u00e1ulicos\" \/>\n<meta property=\"og:description\" content=\"O filtros de press\u00e3o tem a fun\u00e7\u00e3o de proteger sistemas complexos de part\u00edculas que possam causar danos ou mal funcionamento a v\u00e1lvulas ou a motores hidr\u00e1ulicos.\" \/>\n<meta property=\"og:url\" content=\"https:\/\/actbr.com.br\/es\/producto\/filtro-de-pressao-alta-pressao-fg\/\" \/>\n<meta property=\"og:site_name\" content=\"ACT Sistemas Hidr\u00e1ulicos\" \/>\n<meta property=\"article:modified_time\" content=\"2023-06-14T18:46:08+00:00\" \/>\n<meta property=\"og:image\" content=\"https:\/\/actbr.com.br\/wp-content\/uploads\/2020\/09\/Filtro-de-Pressao-Alta-pressao-FG.jpg\" \/>\n\t<meta property=\"og:image:width\" content=\"834\" \/>\n\t<meta property=\"og:image:height\" content=\"651\" \/>\n\t<meta property=\"og:image:type\" content=\"image\/jpeg\" \/>\n<meta name=\"twitter:card\" content=\"summary_large_image\" \/>\n<meta name=\"twitter:label1\" content=\"Tiempo de lectura\" \/>\n\t<meta name=\"twitter:data1\" content=\"6 minutos\" \/>\n<script type=\"application\/ld+json\" class=\"yoast-schema-graph\">{\"@context\":\"https:\\\/\\\/schema.org\",\"@graph\":[{\"@type\":\"WebPage\",\"@id\":\"https:\\\/\\\/actbr.com.br\\\/es\\\/producto\\\/filtro-de-pressao-alta-pressao-fg\\\/\",\"url\":\"https:\\\/\\\/actbr.com.br\\\/es\\\/producto\\\/filtro-de-pressao-alta-pressao-fg\\\/\",\"name\":\"Filtro de Press\u00e3o (Alta press\u00e3o) FG - ACT Sistemas Hidr\u00e1ulicos\",\"isPartOf\":{\"@id\":\"https:\\\/\\\/actbr.com.br\\\/es\\\/#website\"},\"primaryImageOfPage\":{\"@id\":\"https:\\\/\\\/actbr.com.br\\\/es\\\/producto\\\/filtro-de-pressao-alta-pressao-fg\\\/#primaryimage\"},\"image\":{\"@id\":\"https:\\\/\\\/actbr.com.br\\\/es\\\/producto\\\/filtro-de-pressao-alta-pressao-fg\\\/#primaryimage\"},\"thumbnailUrl\":\"https:\\\/\\\/actbr.com.br\\\/wp-content\\\/uploads\\\/2020\\\/09\\\/Filtro-de-Pressao-Alta-pressao-FG.jpg\",\"datePublished\":\"2020-09-29T15:44:44+00:00\",\"dateModified\":\"2023-06-14T18:46:08+00:00\",\"description\":\"O filtros de press\u00e3o tem a fun\u00e7\u00e3o de proteger sistemas complexos de part\u00edculas que possam causar danos ou mal funcionamento a v\u00e1lvulas ou a motores hidr\u00e1ulicos.\",\"breadcrumb\":{\"@id\":\"https:\\\/\\\/actbr.com.br\\\/es\\\/producto\\\/filtro-de-pressao-alta-pressao-fg\\\/#breadcrumb\"},\"inLanguage\":\"es\",\"potentialAction\":[{\"@type\":\"ReadAction\",\"target\":[\"https:\\\/\\\/actbr.com.br\\\/es\\\/producto\\\/filtro-de-pressao-alta-pressao-fg\\\/\"]}]},{\"@type\":\"ImageObject\",\"inLanguage\":\"es\",\"@id\":\"https:\\\/\\\/actbr.com.br\\\/es\\\/producto\\\/filtro-de-pressao-alta-pressao-fg\\\/#primaryimage\",\"url\":\"https:\\\/\\\/actbr.com.br\\\/wp-content\\\/uploads\\\/2020\\\/09\\\/Filtro-de-Pressao-Alta-pressao-FG.jpg\",\"contentUrl\":\"https:\\\/\\\/actbr.com.br\\\/wp-content\\\/uploads\\\/2020\\\/09\\\/Filtro-de-Pressao-Alta-pressao-FG.jpg\",\"width\":834,\"height\":651,\"caption\":\"Filtro de Press\u00e3o (Alta press\u00e3o) FG\"},{\"@type\":\"BreadcrumbList\",\"@id\":\"https:\\\/\\\/actbr.com.br\\\/es\\\/producto\\\/filtro-de-pressao-alta-pressao-fg\\\/#breadcrumb\",\"itemListElement\":[{\"@type\":\"ListItem\",\"position\":1,\"name\":\"Comenzar\",\"item\":\"https:\\\/\\\/actbr.com.br\\\/es\\\/\"},{\"@type\":\"ListItem\",\"position\":2,\"name\":\"Produtos\",\"item\":\"https:\\\/\\\/actbr.com.br\\\/produtos-act\\\/\"},{\"@type\":\"ListItem\",\"position\":3,\"name\":\"Filtros e Elementos Filtrante\",\"item\":\"https:\\\/\\\/actbr.com.br\\\/es\\\/categoria-produto\\\/filtros-e-elementos-filtrante\\\/\"},{\"@type\":\"ListItem\",\"position\":4,\"name\":\"Filtro Simples (Alta Press\u00e3o)\",\"item\":\"https:\\\/\\\/actbr.com.br\\\/es\\\/categoria-produto\\\/filtros-e-elementos-filtrante\\\/filtro-simples-alta-pressao\\\/\"},{\"@type\":\"ListItem\",\"position\":5,\"name\":\"Filtro de Press\u00e3o (Alta press\u00e3o) FG\"}]},{\"@type\":\"WebSite\",\"@id\":\"https:\\\/\\\/actbr.com.br\\\/es\\\/#website\",\"url\":\"https:\\\/\\\/actbr.com.br\\\/es\\\/\",\"name\":\"ACT Sistemas Hidr\u00e1ulicos\",\"description\":\"Fabricaci\u00f3n y mantenimiento de componentes de aceite hidr\u00e1ulico\",\"publisher\":{\"@id\":\"https:\\\/\\\/actbr.com.br\\\/es\\\/#organization\"},\"potentialAction\":[{\"@type\":\"SearchAction\",\"target\":{\"@type\":\"EntryPoint\",\"urlTemplate\":\"https:\\\/\\\/actbr.com.br\\\/es\\\/?s={search_term_string}\"},\"query-input\":{\"@type\":\"PropertyValueSpecification\",\"valueRequired\":true,\"valueName\":\"search_term_string\"}}],\"inLanguage\":\"es\"},{\"@type\":\"Organization\",\"@id\":\"https:\\\/\\\/actbr.com.br\\\/es\\\/#organization\",\"name\":\"ACT Sistemas Hidr\u00e1ulicos\",\"url\":\"https:\\\/\\\/actbr.com.br\\\/es\\\/\",\"logo\":{\"@type\":\"ImageObject\",\"inLanguage\":\"es\",\"@id\":\"https:\\\/\\\/actbr.com.br\\\/es\\\/#\\\/schema\\\/logo\\\/image\\\/\",\"url\":\"https:\\\/\\\/actbr.com.br\\\/wp-content\\\/uploads\\\/2025\\\/02\\\/cropped-ACT_NEGATIVO-marca-dagua.png\",\"contentUrl\":\"https:\\\/\\\/actbr.com.br\\\/wp-content\\\/uploads\\\/2025\\\/02\\\/cropped-ACT_NEGATIVO-marca-dagua.png\",\"width\":240,\"height\":146,\"caption\":\"ACT Sistemas Hidr\u00e1ulicos\"},\"image\":{\"@id\":\"https:\\\/\\\/actbr.com.br\\\/es\\\/#\\\/schema\\\/logo\\\/image\\\/\"}}]}<\/script>\n<!-- \/ Yoast SEO plugin. -->","yoast_head_json":{"title":"Filtro de Press\u00e3o (Alta press\u00e3o) FG - ACT Sistemas Hidr\u00e1ulicos","description":"O filtros de press\u00e3o tem a fun\u00e7\u00e3o de proteger sistemas complexos de part\u00edculas que possam causar danos ou mal funcionamento a v\u00e1lvulas ou a motores hidr\u00e1ulicos.","robots":{"index":"index","follow":"follow","max-snippet":"max-snippet:-1","max-image-preview":"max-image-preview:large","max-video-preview":"max-video-preview:-1"},"canonical":"https:\/\/actbr.com.br\/es\/producto\/filtro-de-pressao-alta-pressao-fg\/","og_locale":"es_ES","og_type":"article","og_title":"Filtro de Press\u00e3o (Alta press\u00e3o) FG - ACT Sistemas Hidr\u00e1ulicos","og_description":"O filtros de press\u00e3o tem a fun\u00e7\u00e3o de proteger sistemas complexos de part\u00edculas que possam causar danos ou mal funcionamento a v\u00e1lvulas ou a motores hidr\u00e1ulicos.","og_url":"https:\/\/actbr.com.br\/es\/producto\/filtro-de-pressao-alta-pressao-fg\/","og_site_name":"ACT Sistemas Hidr\u00e1ulicos","article_modified_time":"2023-06-14T18:46:08+00:00","og_image":[{"width":834,"height":651,"url":"https:\/\/actbr.com.br\/wp-content\/uploads\/2020\/09\/Filtro-de-Pressao-Alta-pressao-FG.jpg","type":"image\/jpeg"}],"twitter_card":"summary_large_image","twitter_misc":{"Tiempo de lectura":"6 minutos"},"schema":{"@context":"https:\/\/schema.org","@graph":[{"@type":"WebPage","@id":"https:\/\/actbr.com.br\/es\/producto\/filtro-de-pressao-alta-pressao-fg\/","url":"https:\/\/actbr.com.br\/es\/producto\/filtro-de-pressao-alta-pressao-fg\/","name":"Filtro de Press\u00e3o (Alta press\u00e3o) FG - ACT Sistemas Hidr\u00e1ulicos","isPartOf":{"@id":"https:\/\/actbr.com.br\/es\/#website"},"primaryImageOfPage":{"@id":"https:\/\/actbr.com.br\/es\/producto\/filtro-de-pressao-alta-pressao-fg\/#primaryimage"},"image":{"@id":"https:\/\/actbr.com.br\/es\/producto\/filtro-de-pressao-alta-pressao-fg\/#primaryimage"},"thumbnailUrl":"https:\/\/actbr.com.br\/wp-content\/uploads\/2020\/09\/Filtro-de-Pressao-Alta-pressao-FG.jpg","datePublished":"2020-09-29T15:44:44+00:00","dateModified":"2023-06-14T18:46:08+00:00","description":"O filtros de press\u00e3o tem a fun\u00e7\u00e3o de proteger sistemas complexos de part\u00edculas que possam causar danos ou mal funcionamento a v\u00e1lvulas ou a motores hidr\u00e1ulicos.","breadcrumb":{"@id":"https:\/\/actbr.com.br\/es\/producto\/filtro-de-pressao-alta-pressao-fg\/#breadcrumb"},"inLanguage":"es","potentialAction":[{"@type":"ReadAction","target":["https:\/\/actbr.com.br\/es\/producto\/filtro-de-pressao-alta-pressao-fg\/"]}]},{"@type":"ImageObject","inLanguage":"es","@id":"https:\/\/actbr.com.br\/es\/producto\/filtro-de-pressao-alta-pressao-fg\/#primaryimage","url":"https:\/\/actbr.com.br\/wp-content\/uploads\/2020\/09\/Filtro-de-Pressao-Alta-pressao-FG.jpg","contentUrl":"https:\/\/actbr.com.br\/wp-content\/uploads\/2020\/09\/Filtro-de-Pressao-Alta-pressao-FG.jpg","width":834,"height":651,"caption":"Filtro de Press\u00e3o (Alta press\u00e3o) FG"},{"@type":"BreadcrumbList","@id":"https:\/\/actbr.com.br\/es\/producto\/filtro-de-pressao-alta-pressao-fg\/#breadcrumb","itemListElement":[{"@type":"ListItem","position":1,"name":"Comenzar","item":"https:\/\/actbr.com.br\/es\/"},{"@type":"ListItem","position":2,"name":"Produtos","item":"https:\/\/actbr.com.br\/produtos-act\/"},{"@type":"ListItem","position":3,"name":"Filtros e Elementos Filtrante","item":"https:\/\/actbr.com.br\/es\/categoria-produto\/filtros-e-elementos-filtrante\/"},{"@type":"ListItem","position":4,"name":"Filtro Simples (Alta Press\u00e3o)","item":"https:\/\/actbr.com.br\/es\/categoria-produto\/filtros-e-elementos-filtrante\/filtro-simples-alta-pressao\/"},{"@type":"ListItem","position":5,"name":"Filtro de Press\u00e3o (Alta press\u00e3o) FG"}]},{"@type":"WebSite","@id":"https:\/\/actbr.com.br\/es\/#website","url":"https:\/\/actbr.com.br\/es\/","name":"ACT Sistemas Hidr\u00e1ulicos","description":"Fabricaci\u00f3n y mantenimiento de componentes de aceite hidr\u00e1ulico","publisher":{"@id":"https:\/\/actbr.com.br\/es\/#organization"},"potentialAction":[{"@type":"SearchAction","target":{"@type":"EntryPoint","urlTemplate":"https:\/\/actbr.com.br\/es\/?s={search_term_string}"},"query-input":{"@type":"PropertyValueSpecification","valueRequired":true,"valueName":"search_term_string"}}],"inLanguage":"es"},{"@type":"Organization","@id":"https:\/\/actbr.com.br\/es\/#organization","name":"ACT Sistemas Hidr\u00e1ulicos","url":"https:\/\/actbr.com.br\/es\/","logo":{"@type":"ImageObject","inLanguage":"es","@id":"https:\/\/actbr.com.br\/es\/#\/schema\/logo\/image\/","url":"https:\/\/actbr.com.br\/wp-content\/uploads\/2025\/02\/cropped-ACT_NEGATIVO-marca-dagua.png","contentUrl":"https:\/\/actbr.com.br\/wp-content\/uploads\/2025\/02\/cropped-ACT_NEGATIVO-marca-dagua.png","width":240,"height":146,"caption":"ACT Sistemas Hidr\u00e1ulicos"},"image":{"@id":"https:\/\/actbr.com.br\/es\/#\/schema\/logo\/image\/"}}]}},"_links":{"self":[{"href":"https:\/\/actbr.com.br\/es\/wp-json\/wp\/v2\/product\/3757","targetHints":{"allow":["GET"]}}],"collection":[{"href":"https:\/\/actbr.com.br\/es\/wp-json\/wp\/v2\/product"}],"about":[{"href":"https:\/\/actbr.com.br\/es\/wp-json\/wp\/v2\/types\/product"}],"wp:featuredmedia":[{"embeddable":true,"href":"https:\/\/actbr.com.br\/es\/wp-json\/wp\/v2\/media\/7543"}],"wp:attachment":[{"href":"https:\/\/actbr.com.br\/es\/wp-json\/wp\/v2\/media?parent=3757"}],"wp:term":[{"taxonomy":"product_brand","embeddable":true,"href":"https:\/\/actbr.com.br\/es\/wp-json\/wp\/v2\/product_brand?post=3757"},{"taxonomy":"product_cat","embeddable":true,"href":"https:\/\/actbr.com.br\/es\/wp-json\/wp\/v2\/product_cat?post=3757"},{"taxonomy":"product_tag","embeddable":true,"href":"https:\/\/actbr.com.br\/es\/wp-json\/wp\/v2\/product_tag?post=3757"}],"curies":[{"name":"wp","href":"https:\/\/api.w.org\/{rel}","templated":true}]}}