{"id":3762,"date":"2020-09-29T12:44:44","date_gmt":"2020-09-29T15:44:44","guid":{"rendered":"https:\/\/actbr.com.br\/produto\/elementos-filtrantes-mahle-em-equipamentos-industriais\/"},"modified":"2023-06-30T08:36:38","modified_gmt":"2023-06-30T11:36:38","slug":"mahle-equipamentos-industriais","status":"publish","type":"product","link":"https:\/\/actbr.com.br\/es\/producto\/mahle-equipamentos-industriais\/","title":{"rendered":"Mahle \u2013 Equipamentos Industriais"},"content":{"rendered":"<p><strong>Elementos Filtrantes MAHLE \u2013 Equipamentos Industriais<\/strong><\/p>\n<p>Os Elementos Filtrantes Mahle \u2013 Equipamentos Industriais impedem a contamina\u00e7\u00e3o do sistema hidr\u00e1ulico ao filtrar as impurezas geradas pelo sistema.<\/p>\n<p>Com o objetivo de facilitar a identifica\u00e7\u00e3o de filtros e elementos filtrantes Mahle em equipamentos industriais, esta se\u00e7\u00e3o apresenta uma listagem com produtos que utilizam nossa tecnologia industrial:<\/p>\n<p>DMG Spare Parts GmbH\u00a0 76300354\u00a0 PIS \u00a0 3155\/2,2 \u00a0M12x<br \/>\nDMG Spare Parts GmbH\u00a0 77425549\u00a0 SAMMELKARTON \/ CARTO<br \/>\nDMG Spare Parts GmbH\u00a0 77587777\u00a0 SAMMELKARTON \/ CARTO<br \/>\nDMG Spare Parts GmbH\u00a0 77587967\u00a0 SAMMELKARTON 410X410<br \/>\nDMG Spare Parts GmbH\u00a0 77587983\u00a0 \u00a0SAMMELKARTON \/ CART<br \/>\nDMG Spare Parts GmbH\u00a0 77588007\u00a0 WELLKARTON \/ CARTON<br \/>\nDMG Spare Parts GmbH\u00a0 77588601\u00a0 SAMMELKARTON \/ CARTO<br \/>\nDMG Spare Parts GmbH\u00a0 77668510\u00a0 PI \u00a0 \u00a08630 DRG 200<br \/>\nDMG Spare Parts GmbH\u00a0 77676695\u00a0 GEHAEUSE Z PI 200\/21<br \/>\nDMG Spare Parts GmbH\u00a0 77680952\u00a0 PI \u00a0 \u00a08230 DRG \u00a025<br \/>\nDMG Spare Parts GmbH\u00a0 77681067\u00a0 PI \u00a0 \u00a08505 DRG 100<br \/>\nDMG Spare Parts GmbH\u00a0 77689078\u00a0 PI \u00a0 \u00a08530 DRG 100<br \/>\nDMG Spare Parts GmbH\u00a0 77774508\u00a0 PI \u00a0 \u00a02130-069<br \/>\nDMG Spare Parts GmbH\u00a0 77962244\u00a0 PI 24004 RN PS 16<br \/>\nDMG Spare Parts GmbH\u00a0 78274813\u00a0 PI \u00a0 \u00a03745-069<br \/>\nDMG Spare Parts GmbH\u00a0 78305021\u00a0 D-SATZ PI 2115-2145<br \/>\nDMG Spare Parts GmbH\u00a0 79761230\u00a0 D-SATZ PI 2115-2145<br \/>\nDMG Spare Parts GmbH\u00a0 70349049\u00a0 AF7132-1691-00001\/H2<br \/>\nDMG Spare Parts GmbH\u00a0 71121516\u00a0 AF \u00a0 \u00a06014-005 F.AF6<br \/>\nDMG Spare Parts GmbH\u00a0 77934391\u00a0 SAMMELKARTON \/ CARTO<br \/>\nENGEL AUSTRIA GmbH\u00a0 70325144\u00a0 PI \u00a0 \u00a03115 SMX \u00a010 E<br \/>\nENGEL AUSTRIA GmbH\u00a0 70325148\u00a0 PI \u00a0 \u00a03130 SMX \u00a010 E<br \/>\nENGEL AUSTRIA GmbH\u00a0 70325156\u00a0 PI \u00a0 \u00a03111 SMX \u00a010 E<br \/>\nENGEL AUSTRIA GmbH\u00a0 70515879\u00a0 OC 981 S0322<br \/>\nENGEL AUSTRIA GmbH\u00a0 76163232\u00a0 PI2015-058 ENGEL 020<br \/>\nENGEL AUSTRIA GmbH\u00a0 76163240\u00a0 PI2030-058 ENGEL 024<br \/>\nENGEL AUSTRIA GmbH\u00a0 76182232\u00a0 PI \u00a0 23040\/21-058<br \/>\nENGEL AUSTRIA GmbH\u00a0 76304695\u00a0 D-SATZ PI 2015-2045<br \/>\nENGEL AUSTRIA GmbH\u00a0 77478829\u00a0 HC 60 D0150<br \/>\nENGEL AUSTRIA GmbH\u00a0 77504194\u00a0 HC__0034__-00 \u00a0D0150<br \/>\nENGEL AUSTRIA GmbH\u00a0 77536550\u00a0 NACHRUESTSATZ EL.OBE<br \/>\nENGEL AUSTRIA GmbH\u00a0 77544851\u00a0 D-SATZ PI 4205-4211<br \/>\nENGEL AUSTRIA GmbH\u00a0 77544885\u00a0 D-SATZ PI 4215-4245<br \/>\nENGEL AUSTRIA GmbH\u00a0 77565484\u00a0 O-RING 105,0X3,00 NB<br \/>\nENGEL AUSTRIA GmbH\u00a0 77575590\u00a0 PI \u00a0 \u00a00123 MIC<br \/>\nENGEL AUSTRIA GmbH\u00a0 77575657\u00a0 PI \u00a0 \u00a00121 MIC<br \/>\nENGEL AUSTRIA GmbH\u00a0 77575806\u00a0 PI \u00a0 \u00a00102 MIC<br \/>\nENGEL AUSTRIA GmbH\u00a0 77643331\u00a0 HC__0018__-00 \u00a0D0150<br \/>\nENGEL AUSTRIA GmbH\u00a0 77643398\u00a0 HC__0028__-00 \u00a0D0150<br \/>\nENGEL AUSTRIA GmbH\u00a0 77643844\u00a0 HC__0035__-00 \u00a0D0150<br \/>\nENGEL AUSTRIA GmbH\u00a0 77661598\u00a0 PI \u00a0 \u00a01710\/ \u00a01<br \/>\nENGEL AUSTRIA GmbH\u00a0 77661606\u00a0 PI \u00a0 \u00a01710\/ \u00a02<br \/>\nENGEL AUSTRIA GmbH\u00a0 77665136\u00a0 PI \u00a0 \u00a02005-058<br \/>\nENGEL AUSTRIA GmbH\u00a0 77665995\u00a0 PI \u00a0 \u00a02210-058<br \/>\nENGEL AUSTRIA GmbH\u00a0 77666563\u00a0 PI \u00a0 \u00a04215-012<br \/>\nENGEL AUSTRIA GmbH\u00a0 77666571\u00a0 PI \u00a0 \u00a04215-013<br \/>\nENGEL AUSTRIA GmbH\u00a0 77666712\u00a0 PI \u00a0 \u00a04245-013<br \/>\nENGEL AUSTRIA GmbH\u00a0 77669864\u00a0 PIS \u00a0 3092\/5,0 EL.<br \/>\nENGEL AUSTRIA GmbH\u00a0 77669872\u00a0 PIS \u00a0 3092\/8,0 EL.<br \/>\nENGEL AUSTRIA GmbH\u00a0 77669948\u00a0 PIS \u00a0 3097\/2,2 EL.<br \/>\nENGEL AUSTRIA GmbH\u00a0 77680101\u00a0 PI \u00a0 \u00a01115 MIC \u00a010<br \/>\nENGEL AUSTRIA GmbH\u00a0 77680127\u00a0 PI \u00a0 \u00a01145 MIC \u00a010<br \/>\nENGEL AUSTRIA GmbH\u00a0 77680168\u00a0 PI \u00a0 \u00a02115 PS \u00a03<br \/>\nENGEL AUSTRIA GmbH\u00a0 77680176\u00a0 PI \u00a0 \u00a02130 PS 3<br \/>\nENGEL AUSTRIA GmbH\u00a0 77680192\u00a0 PI \u00a0 \u00a02205 PS VST<br \/>\nENGEL AUSTRIA GmbH\u00a0 77680325\u00a0 PI \u00a0 \u00a03105 PS 10<br \/>\nENGEL AUSTRIA GmbH\u00a0 77680341\u00a0 PI \u00a0 \u00a03108 PS 10<br \/>\nENGEL AUSTRIA GmbH\u00a0 77680374\u00a0 PI \u00a0 \u00a03145 PS 10<br \/>\nENGEL AUSTRIA GmbH\u00a0 77680382\u00a0 PI \u00a0 \u00a03205 PS VST 10<br \/>\nENGEL AUSTRIA GmbH\u00a0 77680440\u00a0 PI \u00a0 \u00a04105 PS \u00a025<br \/>\nENGEL AUSTRIA GmbH\u00a0 77680952\u00a0 PI \u00a0 \u00a08230 DRG \u00a025<br \/>\nENGEL AUSTRIA GmbH\u00a0 77681042\u00a0 PI \u00a0 \u00a08430 DRG \u00a060<br \/>\nENGEL AUSTRIA GmbH\u00a0 77681059\u00a0 PI \u00a0 \u00a08445 DRG \u00a060<br \/>\nENGEL AUSTRIA GmbH\u00a0 77687726\u00a0 852 516 MIC \u00a0 2-er G<br \/>\nENGEL AUSTRIA GmbH\u00a0 77687767\u00a0 852 519 MIC \u00a0 3-ER G<br \/>\nENGEL AUSTRIA GmbH\u00a0 77689276\u00a0 PI \u00a0 \u00a09505 DRG VST 1<br \/>\nENGEL AUSTRIA GmbH\u00a0 77718802\u00a0 PI \u00a0 \u00a08330 DRG \u00a040<br \/>\nENGEL AUSTRIA GmbH\u00a0 77728165\u00a0 PI \u00a0 \u00a00126 MIC<br \/>\nENGEL AUSTRIA GmbH\u00a0 77728173\u00a0 PI \u00a0 \u00a00126 SM-L<br \/>\nENGEL AUSTRIA GmbH\u00a0 77728223\u00a0 PI \u00a0 \u00a00125 MIC<br \/>\nENGEL AUSTRIA GmbH\u00a0 77734767\u00a0 PI \u00a0 \u00a00112 MIC<br \/>\nENGEL AUSTRIA GmbH\u00a0 77734791\u00a0 PI \u00a0 \u00a00113 MIC<br \/>\nENGEL AUSTRIA GmbH\u00a0 77749328\u00a0 PI \u00a0 \u00a00152 MIC<br \/>\nENGEL AUSTRIA GmbH\u00a0 77749336\u00a0 PI \u00a0 \u00a00152 SM-L<br \/>\nENGEL AUSTRIA GmbH\u00a0 77760309\u00a0 D-SATZ PIS 3097\/98<br \/>\nENGEL AUSTRIA GmbH\u00a0 77777642\u00a0 PI \u00a0 \u00a04230-013\/G1 1\/<br \/>\nENGEL AUSTRIA GmbH\u00a0 77809080\u00a0 PIS \u00a0 3098\/1,25MECH.<br \/>\nENGEL AUSTRIA GmbH\u00a0 77821044\u00a0 PI \u00a0 \u00a00126 MIC \/SCHL<br \/>\nENGEL AUSTRIA GmbH\u00a0 77850381\u00a0 D-SATZ PI 3405-3411<br \/>\nENGEL AUSTRIA GmbH\u00a0 77874357\u00a0 PI \u00a0 \u00a03405-015<br \/>\nENGEL AUSTRIA GmbH\u00a0 77921976\u00a0 PI \u00a0 \u00a03430-013<br \/>\nENGEL AUSTRIA GmbH\u00a0 77924004\u00a0 PI 23004 RN PS 10<br \/>\nENGEL AUSTRIA GmbH\u00a0 77924046\u00a0 PI 23010 RN PS 10<br \/>\nENGEL AUSTRIA GmbH\u00a0 77924145\u00a0 PI 23016 RN PS \u00a010<br \/>\nENGEL AUSTRIA GmbH\u00a0 77936206\u00a0 D-SATZ PI 3415-3445<br \/>\nENGEL AUSTRIA GmbH\u00a0 77955099\u00a0 PI \u00a0 \u00a05115 PS 6<br \/>\nENGEL AUSTRIA GmbH\u00a0 77955107\u00a0 PI \u00a0 \u00a05130 PS 6<br \/>\nENGEL AUSTRIA GmbH\u00a0 77955115\u00a0 PI \u00a0 \u00a05145 PS 6<br \/>\nENGEL AUSTRIA GmbH\u00a0 78216079\u00a0 PI 71004 DN PS VST 3<br \/>\nENGEL AUSTRIA GmbH\u00a0 78236648\u00a0 PIS \u00a0 3097\/3,5 EL.<br \/>\nENGEL AUSTRIA GmbH\u00a0 78250631\u00a0 PI3411-013<br \/>\nENGEL AUSTRIA GmbH\u00a0 78268625\u00a0 PI \u00a0 \u00a01030 KS MIC \u00a02<br \/>\nENGEL AUSTRIA GmbH\u00a0 78272486\u00a0 PI2045-058<br \/>\nENGEL AUSTRIA GmbH\u00a0 78714750\u00a0 HC__0066__-00 \u00a0D0150<br \/>\nENGEL AUSTRIA GmbH\u00a0 79774688\u00a0 PI2214-133<br \/>\nENGEL AUSTRIA GmbH\u00a0 79774704\u00a0 PI2728-133 ENGEL<br \/>\nENGEL AUSTRIA GmbH\u00a0 90100305\u00a0 Fluid allgemein<br \/>\nENGEL AUSTRIA GmbH\u00a0 70552991\u00a0 AF11247-2221-31020\/G<br \/>\nENGEL AUSTRIA GmbH\u00a0 77999923\u00a0 P 9600 D13N 2 006<br \/>\nENGEL strjirenska sp\u00a0 \u00a0 \u00a0 \u00a0\u00a077728165\u00a0 PI \u00a0 \u00a00126 MIC<br \/>\nENGEL strjirenska sp\u00a0 \u00a0 \u00a0 \u00a0\u00a077728223\u00a0 PI \u00a0 \u00a00125 MIC<br \/>\nENGEL strjirenska sp\u00a0 \u00a0 \u00a0 \u00a0\u00a077728231\u00a0 PI \u00a0 \u00a00125 SM-L<br \/>\nENGEL strjirenska sp\u00a0 \u00a0 \u00a0 \u00a0\u00a077749328\u00a0 PI \u00a0 \u00a00152 MIC<br \/>\nENGEL strjirenska sp\u00a0 \u00a0 \u00a0 \u00a0\u00a077749336\u00a0 PI \u00a0 \u00a00152 SM-L<br \/>\nENGEL strjirenska sp\u00a0 \u00a0 \u00a0 \u00a0\u00a077908122\u00a0 D-SATZ PI 0125\/PI 01<br \/>\nHELLER Services GmbH\u00a0 77550213\u00a0 D-SATZ PI 2005-2011<br \/>\nHELLER Services GmbH\u00a0 77680135\u00a0 PI \u00a0 \u00a02105 PS 3<br \/>\nHELLER Services GmbH\u00a0 77680325\u00a0 PI \u00a0 \u00a03105 PS 10<br \/>\nHELLER Services GmbH\u00a0 77680382\u00a0 PI \u00a0 \u00a03205 PS VST 10<br \/>\nHELLER Services GmbH\u00a0 77681026\u00a0 PI \u00a0 \u00a08411 DRG \u00a060<br \/>\nHELLER Services GmbH\u00a0 77681059\u00a0 PI \u00a0 \u00a08445 DRG \u00a060<br \/>\nHELLER Services GmbH\u00a0 77687197\u00a0 852 444 SMX \u00a010 NBR<br \/>\nHELLER Services GmbH\u00a0 77760309\u00a0 D-SATZ PIS 3097\/98<br \/>\nHELLER Services GmbH\u00a0 77765498\u00a0 PI \u00a0 \u00a00140 MOL<br \/>\nHELLER Services GmbH\u00a0 77924020\u00a0 PI 23006 RN PS 10<br \/>\nHELLER Services GmbH\u00a0 77924046\u00a0 PI 23010 RN PS 10<br \/>\nHELLER Services GmbH\u00a0 77924160\u00a0 PI 23025 RN PS \u00a010<br \/>\nHELLER Services GmbH\u00a0 77925571\u00a0 PI 23004 DN PS 10<br \/>\nHELLER Services GmbH\u00a0 77925597\u00a0 PI 23010 DN PS 10<br \/>\nHELLER Services GmbH\u00a0 77925605\u00a0 PI 23016 DN PS \u00a010<br \/>\nHELLER Services GmbH\u00a0 77999709\u00a0 D-SATZ PI 50004-10 N<br \/>\nHELLER Services GmbH\u00a0 78216079\u00a0 PI 71004 DN PS VST 3<br \/>\nHELLER Services GmbH\u00a0 78227134\u00a0 852 889 DRG VST \u00a060<br \/>\nHELLER Services GmbH\u00a0 78260929\u00a0 PI 21004 DN PS 3<br \/>\nHELLER Services GmbH\u00a0 78268625\u00a0 PI \u00a0 \u00a01030 KS MIC \u00a02<br \/>\nHELLER Services GmbH\u00a0 78329690\u00a0 PI3745-015\/PIS 3102<br \/>\nHELLER Services GmbH\u00a0 78383689\u00a0 PIS \u00a0 3123\/2,2 O 2SP<br \/>\nHELLER Services GmbH\u00a0 78383804\u00a0 D-SATZ PI 40004-4001<br \/>\nHELLER Services GmbH\u00a0 79328485\u00a0 D-SATZ PI 20004-2001<br \/>\nHELLER Services GmbH\u00a0 79357617\u00a0 D-SATZ PI 20016-2004<\/p>\n<p>&nbsp;<\/p>\n","protected":false},"excerpt":{"rendered":"<p>Os Elementos Filtrantes Mahle \u2013 Equipamentos Industriais impedem a contamina\u00e7\u00e3o do sistema hidr\u00e1ulico ao filtrar as impurezas geradas pelo sistema.<\/p>\n","protected":false},"featured_media":7457,"template":"","meta":[],"product_brand":[],"product_cat":[68,67],"product_tag":[],"class_list":{"0":"post-3762","1":"product","2":"type-product","3":"status-publish","4":"has-post-thumbnail","6":"product_cat-filtration-group","7":"product_cat-filtros-e-elementos-filtrante","9":"first","10":"instock","11":"virtual","12":"product-type-simple"},"yoast_head":"<!-- This site is optimized with the Yoast SEO plugin v27.5 - https:\/\/yoast.com\/product\/yoast-seo-wordpress\/ -->\n<title>Mahle - Equipamentos Industriais - ACT Sistemas Hidr\u00e1ulicos<\/title>\n<meta name=\"description\" content=\"Os Elementos Filtrantes Mahle - Equipamentos Industriais impedem a contamina\u00e7\u00e3o do sistema hidr\u00e1ulico ao filtrar as impurezas geradas pelo sistema.\" \/>\n<meta name=\"robots\" content=\"index, follow, max-snippet:-1, max-image-preview:large, max-video-preview:-1\" \/>\n<link rel=\"canonical\" href=\"https:\/\/actbr.com.br\/es\/producto\/mahle-equipamentos-industriais\/\" \/>\n<meta property=\"og:locale\" content=\"es_ES\" \/>\n<meta property=\"og:type\" content=\"article\" \/>\n<meta property=\"og:title\" content=\"Mahle - Equipamentos Industriais - ACT Sistemas Hidr\u00e1ulicos\" \/>\n<meta property=\"og:description\" content=\"Os Elementos Filtrantes Mahle - Equipamentos Industriais impedem a contamina\u00e7\u00e3o do sistema hidr\u00e1ulico ao filtrar as impurezas geradas pelo sistema.\" \/>\n<meta property=\"og:url\" content=\"https:\/\/actbr.com.br\/es\/producto\/mahle-equipamentos-industriais\/\" \/>\n<meta property=\"og:site_name\" content=\"ACT Sistemas Hidr\u00e1ulicos\" \/>\n<meta property=\"article:modified_time\" content=\"2023-06-30T11:36:38+00:00\" \/>\n<meta property=\"og:image\" content=\"https:\/\/actbr.com.br\/wp-content\/uploads\/2020\/09\/Elementos-filtrantes-MAHLE-em-equipamentos-industriais.jpg\" \/>\n\t<meta property=\"og:image:width\" content=\"600\" \/>\n\t<meta property=\"og:image:height\" content=\"397\" \/>\n\t<meta property=\"og:image:type\" content=\"image\/jpeg\" \/>\n<meta name=\"twitter:card\" content=\"summary_large_image\" \/>\n<meta name=\"twitter:label1\" content=\"Tiempo de lectura\" \/>\n\t<meta name=\"twitter:data1\" content=\"6 minutos\" \/>\n<script type=\"application\/ld+json\" class=\"yoast-schema-graph\">{\"@context\":\"https:\\\/\\\/schema.org\",\"@graph\":[{\"@type\":\"WebPage\",\"@id\":\"https:\\\/\\\/actbr.com.br\\\/es\\\/producto\\\/mahle-equipamentos-industriais\\\/\",\"url\":\"https:\\\/\\\/actbr.com.br\\\/es\\\/producto\\\/mahle-equipamentos-industriais\\\/\",\"name\":\"Mahle - Equipamentos Industriais - ACT Sistemas Hidr\u00e1ulicos\",\"isPartOf\":{\"@id\":\"https:\\\/\\\/actbr.com.br\\\/es\\\/#website\"},\"primaryImageOfPage\":{\"@id\":\"https:\\\/\\\/actbr.com.br\\\/es\\\/producto\\\/mahle-equipamentos-industriais\\\/#primaryimage\"},\"image\":{\"@id\":\"https:\\\/\\\/actbr.com.br\\\/es\\\/producto\\\/mahle-equipamentos-industriais\\\/#primaryimage\"},\"thumbnailUrl\":\"https:\\\/\\\/actbr.com.br\\\/wp-content\\\/uploads\\\/2020\\\/09\\\/Elementos-filtrantes-MAHLE-em-equipamentos-industriais.jpg\",\"datePublished\":\"2020-09-29T15:44:44+00:00\",\"dateModified\":\"2023-06-30T11:36:38+00:00\",\"description\":\"Os Elementos Filtrantes Mahle - Equipamentos Industriais impedem a contamina\u00e7\u00e3o do sistema hidr\u00e1ulico ao filtrar as impurezas geradas pelo sistema.\",\"breadcrumb\":{\"@id\":\"https:\\\/\\\/actbr.com.br\\\/es\\\/producto\\\/mahle-equipamentos-industriais\\\/#breadcrumb\"},\"inLanguage\":\"es\",\"potentialAction\":[{\"@type\":\"ReadAction\",\"target\":[\"https:\\\/\\\/actbr.com.br\\\/es\\\/producto\\\/mahle-equipamentos-industriais\\\/\"]}]},{\"@type\":\"ImageObject\",\"inLanguage\":\"es\",\"@id\":\"https:\\\/\\\/actbr.com.br\\\/es\\\/producto\\\/mahle-equipamentos-industriais\\\/#primaryimage\",\"url\":\"https:\\\/\\\/actbr.com.br\\\/wp-content\\\/uploads\\\/2020\\\/09\\\/Elementos-filtrantes-MAHLE-em-equipamentos-industriais.jpg\",\"contentUrl\":\"https:\\\/\\\/actbr.com.br\\\/wp-content\\\/uploads\\\/2020\\\/09\\\/Elementos-filtrantes-MAHLE-em-equipamentos-industriais.jpg\",\"width\":600,\"height\":397,\"caption\":\"Elementos Filtrantes MAHLE - Equipamentos Industriais\"},{\"@type\":\"BreadcrumbList\",\"@id\":\"https:\\\/\\\/actbr.com.br\\\/es\\\/producto\\\/mahle-equipamentos-industriais\\\/#breadcrumb\",\"itemListElement\":[{\"@type\":\"ListItem\",\"position\":1,\"name\":\"Comenzar\",\"item\":\"https:\\\/\\\/actbr.com.br\\\/es\\\/\"},{\"@type\":\"ListItem\",\"position\":2,\"name\":\"Produtos\",\"item\":\"https:\\\/\\\/actbr.com.br\\\/produtos-act\\\/\"},{\"@type\":\"ListItem\",\"position\":3,\"name\":\"Filtros e Elementos Filtrante\",\"item\":\"https:\\\/\\\/actbr.com.br\\\/es\\\/categoria-produto\\\/filtros-e-elementos-filtrante\\\/\"},{\"@type\":\"ListItem\",\"position\":4,\"name\":\"Filtration Group\",\"item\":\"https:\\\/\\\/actbr.com.br\\\/es\\\/categoria-produto\\\/filtros-e-elementos-filtrante\\\/filtration-group\\\/\"},{\"@type\":\"ListItem\",\"position\":5,\"name\":\"Mahle &#8211; Equipamentos Industriais\"}]},{\"@type\":\"WebSite\",\"@id\":\"https:\\\/\\\/actbr.com.br\\\/es\\\/#website\",\"url\":\"https:\\\/\\\/actbr.com.br\\\/es\\\/\",\"name\":\"ACT Sistemas Hidr\u00e1ulicos\",\"description\":\"Fabricaci\u00f3n y mantenimiento de componentes de aceite hidr\u00e1ulico\",\"publisher\":{\"@id\":\"https:\\\/\\\/actbr.com.br\\\/es\\\/#organization\"},\"potentialAction\":[{\"@type\":\"SearchAction\",\"target\":{\"@type\":\"EntryPoint\",\"urlTemplate\":\"https:\\\/\\\/actbr.com.br\\\/es\\\/?s={search_term_string}\"},\"query-input\":{\"@type\":\"PropertyValueSpecification\",\"valueRequired\":true,\"valueName\":\"search_term_string\"}}],\"inLanguage\":\"es\"},{\"@type\":\"Organization\",\"@id\":\"https:\\\/\\\/actbr.com.br\\\/es\\\/#organization\",\"name\":\"ACT Sistemas Hidr\u00e1ulicos\",\"url\":\"https:\\\/\\\/actbr.com.br\\\/es\\\/\",\"logo\":{\"@type\":\"ImageObject\",\"inLanguage\":\"es\",\"@id\":\"https:\\\/\\\/actbr.com.br\\\/es\\\/#\\\/schema\\\/logo\\\/image\\\/\",\"url\":\"https:\\\/\\\/actbr.com.br\\\/wp-content\\\/uploads\\\/2025\\\/02\\\/cropped-ACT_NEGATIVO-marca-dagua.png\",\"contentUrl\":\"https:\\\/\\\/actbr.com.br\\\/wp-content\\\/uploads\\\/2025\\\/02\\\/cropped-ACT_NEGATIVO-marca-dagua.png\",\"width\":240,\"height\":146,\"caption\":\"ACT Sistemas Hidr\u00e1ulicos\"},\"image\":{\"@id\":\"https:\\\/\\\/actbr.com.br\\\/es\\\/#\\\/schema\\\/logo\\\/image\\\/\"}}]}<\/script>\n<!-- \/ Yoast SEO plugin. -->","yoast_head_json":{"title":"Mahle - Equipamentos Industriais - ACT Sistemas Hidr\u00e1ulicos","description":"Os Elementos Filtrantes Mahle - Equipamentos Industriais impedem a contamina\u00e7\u00e3o do sistema hidr\u00e1ulico ao filtrar as impurezas geradas pelo sistema.","robots":{"index":"index","follow":"follow","max-snippet":"max-snippet:-1","max-image-preview":"max-image-preview:large","max-video-preview":"max-video-preview:-1"},"canonical":"https:\/\/actbr.com.br\/es\/producto\/mahle-equipamentos-industriais\/","og_locale":"es_ES","og_type":"article","og_title":"Mahle - Equipamentos Industriais - ACT Sistemas Hidr\u00e1ulicos","og_description":"Os Elementos Filtrantes Mahle - Equipamentos Industriais impedem a contamina\u00e7\u00e3o do sistema hidr\u00e1ulico ao filtrar as impurezas geradas pelo sistema.","og_url":"https:\/\/actbr.com.br\/es\/producto\/mahle-equipamentos-industriais\/","og_site_name":"ACT Sistemas Hidr\u00e1ulicos","article_modified_time":"2023-06-30T11:36:38+00:00","og_image":[{"width":600,"height":397,"url":"https:\/\/actbr.com.br\/wp-content\/uploads\/2020\/09\/Elementos-filtrantes-MAHLE-em-equipamentos-industriais.jpg","type":"image\/jpeg"}],"twitter_card":"summary_large_image","twitter_misc":{"Tiempo de lectura":"6 minutos"},"schema":{"@context":"https:\/\/schema.org","@graph":[{"@type":"WebPage","@id":"https:\/\/actbr.com.br\/es\/producto\/mahle-equipamentos-industriais\/","url":"https:\/\/actbr.com.br\/es\/producto\/mahle-equipamentos-industriais\/","name":"Mahle - Equipamentos Industriais - ACT Sistemas Hidr\u00e1ulicos","isPartOf":{"@id":"https:\/\/actbr.com.br\/es\/#website"},"primaryImageOfPage":{"@id":"https:\/\/actbr.com.br\/es\/producto\/mahle-equipamentos-industriais\/#primaryimage"},"image":{"@id":"https:\/\/actbr.com.br\/es\/producto\/mahle-equipamentos-industriais\/#primaryimage"},"thumbnailUrl":"https:\/\/actbr.com.br\/wp-content\/uploads\/2020\/09\/Elementos-filtrantes-MAHLE-em-equipamentos-industriais.jpg","datePublished":"2020-09-29T15:44:44+00:00","dateModified":"2023-06-30T11:36:38+00:00","description":"Os Elementos Filtrantes Mahle - Equipamentos Industriais impedem a contamina\u00e7\u00e3o do sistema hidr\u00e1ulico ao filtrar as impurezas geradas pelo sistema.","breadcrumb":{"@id":"https:\/\/actbr.com.br\/es\/producto\/mahle-equipamentos-industriais\/#breadcrumb"},"inLanguage":"es","potentialAction":[{"@type":"ReadAction","target":["https:\/\/actbr.com.br\/es\/producto\/mahle-equipamentos-industriais\/"]}]},{"@type":"ImageObject","inLanguage":"es","@id":"https:\/\/actbr.com.br\/es\/producto\/mahle-equipamentos-industriais\/#primaryimage","url":"https:\/\/actbr.com.br\/wp-content\/uploads\/2020\/09\/Elementos-filtrantes-MAHLE-em-equipamentos-industriais.jpg","contentUrl":"https:\/\/actbr.com.br\/wp-content\/uploads\/2020\/09\/Elementos-filtrantes-MAHLE-em-equipamentos-industriais.jpg","width":600,"height":397,"caption":"Elementos Filtrantes MAHLE - Equipamentos Industriais"},{"@type":"BreadcrumbList","@id":"https:\/\/actbr.com.br\/es\/producto\/mahle-equipamentos-industriais\/#breadcrumb","itemListElement":[{"@type":"ListItem","position":1,"name":"Comenzar","item":"https:\/\/actbr.com.br\/es\/"},{"@type":"ListItem","position":2,"name":"Produtos","item":"https:\/\/actbr.com.br\/produtos-act\/"},{"@type":"ListItem","position":3,"name":"Filtros e Elementos Filtrante","item":"https:\/\/actbr.com.br\/es\/categoria-produto\/filtros-e-elementos-filtrante\/"},{"@type":"ListItem","position":4,"name":"Filtration Group","item":"https:\/\/actbr.com.br\/es\/categoria-produto\/filtros-e-elementos-filtrante\/filtration-group\/"},{"@type":"ListItem","position":5,"name":"Mahle &#8211; Equipamentos Industriais"}]},{"@type":"WebSite","@id":"https:\/\/actbr.com.br\/es\/#website","url":"https:\/\/actbr.com.br\/es\/","name":"ACT Sistemas Hidr\u00e1ulicos","description":"Fabricaci\u00f3n y mantenimiento de componentes de aceite hidr\u00e1ulico","publisher":{"@id":"https:\/\/actbr.com.br\/es\/#organization"},"potentialAction":[{"@type":"SearchAction","target":{"@type":"EntryPoint","urlTemplate":"https:\/\/actbr.com.br\/es\/?s={search_term_string}"},"query-input":{"@type":"PropertyValueSpecification","valueRequired":true,"valueName":"search_term_string"}}],"inLanguage":"es"},{"@type":"Organization","@id":"https:\/\/actbr.com.br\/es\/#organization","name":"ACT Sistemas Hidr\u00e1ulicos","url":"https:\/\/actbr.com.br\/es\/","logo":{"@type":"ImageObject","inLanguage":"es","@id":"https:\/\/actbr.com.br\/es\/#\/schema\/logo\/image\/","url":"https:\/\/actbr.com.br\/wp-content\/uploads\/2025\/02\/cropped-ACT_NEGATIVO-marca-dagua.png","contentUrl":"https:\/\/actbr.com.br\/wp-content\/uploads\/2025\/02\/cropped-ACT_NEGATIVO-marca-dagua.png","width":240,"height":146,"caption":"ACT Sistemas Hidr\u00e1ulicos"},"image":{"@id":"https:\/\/actbr.com.br\/es\/#\/schema\/logo\/image\/"}}]}},"_links":{"self":[{"href":"https:\/\/actbr.com.br\/es\/wp-json\/wp\/v2\/product\/3762","targetHints":{"allow":["GET"]}}],"collection":[{"href":"https:\/\/actbr.com.br\/es\/wp-json\/wp\/v2\/product"}],"about":[{"href":"https:\/\/actbr.com.br\/es\/wp-json\/wp\/v2\/types\/product"}],"wp:featuredmedia":[{"embeddable":true,"href":"https:\/\/actbr.com.br\/es\/wp-json\/wp\/v2\/media\/7457"}],"wp:attachment":[{"href":"https:\/\/actbr.com.br\/es\/wp-json\/wp\/v2\/media?parent=3762"}],"wp:term":[{"taxonomy":"product_brand","embeddable":true,"href":"https:\/\/actbr.com.br\/es\/wp-json\/wp\/v2\/product_brand?post=3762"},{"taxonomy":"product_cat","embeddable":true,"href":"https:\/\/actbr.com.br\/es\/wp-json\/wp\/v2\/product_cat?post=3762"},{"taxonomy":"product_tag","embeddable":true,"href":"https:\/\/actbr.com.br\/es\/wp-json\/wp\/v2\/product_tag?post=3762"}],"curies":[{"name":"wp","href":"https:\/\/api.w.org\/{rel}","templated":true}]}}