{"id":3805,"date":"2020-09-29T12:44:44","date_gmt":"2020-09-29T15:44:44","guid":{"rendered":"https:\/\/actbr.com.br\/produto\/carro-de-filtros-act-carrinho-de-filtragem\/"},"modified":"2023-06-28T16:00:09","modified_gmt":"2023-06-28T19:00:09","slug":"carro-de-filtros-act","status":"publish","type":"product","link":"https:\/\/actbr.com.br\/es\/producto\/carro-de-filtros-act\/","title":{"rendered":"Carro de Filtros ACT"},"content":{"rendered":"<div id=\"detalhes\">\n<p><strong>Carro de Filtros ACT (Carrinho de Filtragem)<\/strong><\/p>\n<p>O fluido sempre deve ser limpo antes de ser utilizado. Mesmo que o fluido seja \u00abnovo\u00bb, n\u00e3o significa que esteja adequado ao uso ou dentro dos requisitos de contamina\u00e7\u00e3o de um sistema espec\u00edfico. O Carro de Filtros ACT oferece o modo ideal para a pr\u00e9 filtragem e transfer\u00eancia de fluidos para reservat\u00f3rios ou para efetuar a limpeza de sistemas existentes.<\/p>\n<p>O Carro de Filtros ACT (Carrinho de Filtragem) utiliza dois filtros de alta capacidade de reten\u00e7\u00e3o de impurezas (INCLUSIVE \u00c1GUA, BORRA E ABRASIVOS) para aumentar a vida \u00fatil do sistema. O filtro do primeiro est\u00e1gio (entrada) captura as part\u00edculas maiores, enquanto o filtro do segundo est\u00e1gio (sa\u00edda) controla as part\u00edculas mais finas e\/ou remove a \u00e1gua. O uso da unidade de filtra\u00e7\u00e3o da ACT, \u00e9 a forma mais econ\u00f4mica para proteger o seu sistema dos danos e preju\u00edzos a uma produ\u00e7\u00e3o parada, que podem ser causados pela contamina\u00e7\u00e3o.<\/p>\n<p>IMPORTANTE: \u00e9 poss\u00edvel usar o sistema port\u00e1til de filtragem com sua m\u00e1quina TRABALHANDO, ou seja, \u00a0sem interromper sua produ\u00e7\u00e3o.<\/p>\n<p><strong>Aplica\u00e7\u00f5es das Unidades port\u00e1teis de Filtragem da ACT:<\/strong><br \/>\nFiltragem de fluidos antes de sua coloca\u00e7\u00e3o em servi\u00e7o;<br \/>\nRemo\u00e7\u00e3o de \u00e1gua do sistema;<br \/>\nComplementa\u00e7\u00e3o de sistemas de filtragem j\u00e1 existentes;<br \/>\nCondicionamento de fluido que j\u00e1 est\u00e1 sendo utilizado;<br \/>\nTransfer\u00eancia de flu\u00eddos para outros recipientes.<\/p>\n<p><img decoding=\"async\" src=\"https:\/\/actbr.com.br\/wp-content\/uploads\/2020\/09\/carro-de-filtros-act.jpg\" alt=\"\" \/><\/p>\n<p>&nbsp;<\/p>\n<table border=\"0\" width=\"768\" cellspacing=\"0\" cellpadding=\"0\">\n<tbody>\n<tr>\n<td nowrap=\"nowrap\">Caracter\u00edsticas<\/td>\n<td nowrap=\"nowrap\">Vantagens<\/td>\n<td nowrap=\"nowrap\">Benef\u00edcios<\/td>\n<\/tr>\n<tr>\n<td nowrap=\"nowrap\">Dois elementos<\/td>\n<td nowrap=\"nowrap\">Prote\u00e7\u00e3o da bomba<\/td>\n<td nowrap=\"nowrap\">Economia na reposi\u00e7\u00e3o<\/td>\n<\/tr>\n<tr>\n<td nowrap=\"nowrap\">Variedade de elementos<\/td>\n<td nowrap=\"nowrap\">Flu\u00eddos com n\u00edvel de limpeza desejado<\/td>\n<td nowrap=\"nowrap\">F\u00e1cil manuten\u00e7\u00e3o<\/td>\n<\/tr>\n<tr>\n<td nowrap=\"nowrap\">Elementos para remo\u00e7\u00e3o de \u00e1gua<\/td>\n<td nowrap=\"nowrap\">Remove a \u00ab\u00e1gua livre\u00bb do sistema<\/td>\n<td nowrap=\"nowrap\">Retira sujeira e \u00e1gua no mesmo processo<\/td>\n<\/tr>\n<tr>\n<td nowrap=\"nowrap\">Estrutura para servi\u00e7o pesado<\/td>\n<td nowrap=\"nowrap\">Resistente e dur\u00e1vel<\/td>\n<td nowrap=\"nowrap\">Constru\u00eddo para durar<\/td>\n<\/tr>\n<tr>\n<td nowrap=\"nowrap\">Disponibilidade de vaz\u00f5es<\/td>\n<td nowrap=\"nowrap\">De f\u00e1cil transporte<\/td>\n<td nowrap=\"nowrap\">Operado por uma pessoa<\/td>\n<\/tr>\n<tr>\n<td nowrap=\"nowrap\">Baixo peso e port\u00e1til<\/td>\n<td nowrap=\"nowrap\">Trabalhos com diferentes viscosidades<\/td>\n<td nowrap=\"nowrap\">Adaptado \u00e0s suas necessidades<\/td>\n<\/tr>\n<\/tbody>\n<\/table>\n<p>&nbsp;<\/p>\n<p>Dimens\u00f5es do carro de filtragem:<br \/>\n<img decoding=\"async\" src=\"https:\/\/actbr.com.br\/wp-content\/uploads\/2020\/09\/dimensoes-carrinho.jpg\" alt=\"\" \/><\/p>\n<\/div>\n<div id=\"relacionados\" style=\"margin: 0px; padding: 100px 0px 0px; float: left; width: 890px; color: #4f4f4f; font-family: 'Trebuchet MS', Arial, Helvetica, sans-serif; font-size: 12px;\"><\/div>\n","protected":false},"excerpt":{"rendered":"<p>O Carro de Filtros ACT oferece o modo ideal para a pr\u00e9 filtragem e transfer\u00eancia de fluidos para reservat\u00f3rios ou na limpeza de sistemas existentes.<\/p>\n","protected":false},"featured_media":7671,"template":"","meta":[],"product_brand":[],"product_cat":[106,44],"product_tag":[],"class_list":{"0":"post-3805","1":"product","2":"type-product","3":"status-publish","4":"has-post-thumbnail","6":"product_cat-carrinho-de-filtragem","7":"product_cat-unidades-hidraulica","9":"first","10":"instock","11":"virtual","12":"product-type-simple"},"yoast_head":"<!-- This site is optimized with the Yoast SEO plugin v27.2 - https:\/\/yoast.com\/product\/yoast-seo-wordpress\/ -->\n<title>Carro de Filtros ACT - ACT Sistemas Hidr\u00e1ulicos<\/title>\n<meta name=\"description\" content=\"O Carro de Filtros ACT oferece o modo ideal para a pr\u00e9 filtragem e transfer\u00eancia de fluidos para reservat\u00f3rios ou na limpeza de sistemas existentes.\" \/>\n<meta name=\"robots\" content=\"index, follow, max-snippet:-1, max-image-preview:large, max-video-preview:-1\" \/>\n<link rel=\"canonical\" href=\"https:\/\/actbr.com.br\/es\/producto\/carro-de-filtros-act\/\" \/>\n<meta property=\"og:locale\" content=\"es_ES\" \/>\n<meta property=\"og:type\" content=\"article\" \/>\n<meta property=\"og:title\" content=\"Carro de Filtros ACT - ACT Sistemas Hidr\u00e1ulicos\" \/>\n<meta property=\"og:description\" content=\"O Carro de Filtros ACT oferece o modo ideal para a pr\u00e9 filtragem e transfer\u00eancia de fluidos para reservat\u00f3rios ou na limpeza de sistemas existentes.\" \/>\n<meta property=\"og:url\" content=\"https:\/\/actbr.com.br\/es\/producto\/carro-de-filtros-act\/\" \/>\n<meta property=\"og:site_name\" content=\"ACT Sistemas Hidr\u00e1ulicos\" \/>\n<meta property=\"article:modified_time\" content=\"2023-06-28T19:00:09+00:00\" \/>\n<meta property=\"og:image\" content=\"https:\/\/actbr.com.br\/wp-content\/uploads\/2020\/09\/Carro-de-filtros-ACT-Carrinho-de-Filtragem.jpg\" \/>\n\t<meta property=\"og:image:width\" content=\"543\" \/>\n\t<meta property=\"og:image:height\" content=\"598\" \/>\n\t<meta property=\"og:image:type\" content=\"image\/jpeg\" \/>\n<meta name=\"twitter:card\" content=\"summary_large_image\" \/>\n<meta name=\"twitter:label1\" content=\"Tiempo de lectura\" \/>\n\t<meta name=\"twitter:data1\" content=\"3 minutos\" \/>\n<script type=\"application\/ld+json\" class=\"yoast-schema-graph\">{\"@context\":\"https:\/\/schema.org\",\"@graph\":[{\"@type\":\"WebPage\",\"@id\":\"https:\/\/actbr.com.br\/es\/producto\/carro-de-filtros-act\/\",\"url\":\"https:\/\/actbr.com.br\/es\/producto\/carro-de-filtros-act\/\",\"name\":\"Carro de Filtros ACT - ACT Sistemas Hidr\u00e1ulicos\",\"isPartOf\":{\"@id\":\"https:\/\/actbr.com.br\/es\/#website\"},\"primaryImageOfPage\":{\"@id\":\"https:\/\/actbr.com.br\/es\/producto\/carro-de-filtros-act\/#primaryimage\"},\"image\":{\"@id\":\"https:\/\/actbr.com.br\/es\/producto\/carro-de-filtros-act\/#primaryimage\"},\"thumbnailUrl\":\"https:\/\/actbr.com.br\/wp-content\/uploads\/2020\/09\/Carro-de-filtros-ACT-Carrinho-de-Filtragem.jpg\",\"datePublished\":\"2020-09-29T15:44:44+00:00\",\"dateModified\":\"2023-06-28T19:00:09+00:00\",\"description\":\"O Carro de Filtros ACT oferece o modo ideal para a pr\u00e9 filtragem e transfer\u00eancia de fluidos para reservat\u00f3rios ou na limpeza de sistemas existentes.\",\"breadcrumb\":{\"@id\":\"https:\/\/actbr.com.br\/es\/producto\/carro-de-filtros-act\/#breadcrumb\"},\"inLanguage\":\"es\",\"potentialAction\":[{\"@type\":\"ReadAction\",\"target\":[\"https:\/\/actbr.com.br\/es\/producto\/carro-de-filtros-act\/\"]}]},{\"@type\":\"ImageObject\",\"inLanguage\":\"es\",\"@id\":\"https:\/\/actbr.com.br\/es\/producto\/carro-de-filtros-act\/#primaryimage\",\"url\":\"https:\/\/actbr.com.br\/wp-content\/uploads\/2020\/09\/Carro-de-filtros-ACT-Carrinho-de-Filtragem.jpg\",\"contentUrl\":\"https:\/\/actbr.com.br\/wp-content\/uploads\/2020\/09\/Carro-de-filtros-ACT-Carrinho-de-Filtragem.jpg\",\"width\":543,\"height\":598,\"caption\":\"Carro de filtros ACT (Carrinho de Filtragem)\"},{\"@type\":\"BreadcrumbList\",\"@id\":\"https:\/\/actbr.com.br\/es\/producto\/carro-de-filtros-act\/#breadcrumb\",\"itemListElement\":[{\"@type\":\"ListItem\",\"position\":1,\"name\":\"Comenzar\",\"item\":\"https:\/\/actbr.com.br\/es\/\"},{\"@type\":\"ListItem\",\"position\":2,\"name\":\"Produtos\",\"item\":\"https:\/\/actbr.com.br\/produtos-act\/\"},{\"@type\":\"ListItem\",\"position\":3,\"name\":\"Unidades hidr\u00e1ulica\",\"item\":\"https:\/\/actbr.com.br\/es\/categoria-produto\/unidades-hidraulica\/\"},{\"@type\":\"ListItem\",\"position\":4,\"name\":\"Carrinho de Filtragem\",\"item\":\"https:\/\/actbr.com.br\/es\/categoria-produto\/unidades-hidraulica\/carrinho-de-filtragem\/\"},{\"@type\":\"ListItem\",\"position\":5,\"name\":\"Carro de Filtros ACT\"}]},{\"@type\":\"WebSite\",\"@id\":\"https:\/\/actbr.com.br\/es\/#website\",\"url\":\"https:\/\/actbr.com.br\/es\/\",\"name\":\"ACT Sistemas Hidr\u00e1ulicos\",\"description\":\"Fabricaci\u00f3n y mantenimiento de componentes de aceite hidr\u00e1ulico\",\"publisher\":{\"@id\":\"https:\/\/actbr.com.br\/es\/#organization\"},\"potentialAction\":[{\"@type\":\"SearchAction\",\"target\":{\"@type\":\"EntryPoint\",\"urlTemplate\":\"https:\/\/actbr.com.br\/es\/?s={search_term_string}\"},\"query-input\":{\"@type\":\"PropertyValueSpecification\",\"valueRequired\":true,\"valueName\":\"search_term_string\"}}],\"inLanguage\":\"es\"},{\"@type\":\"Organization\",\"@id\":\"https:\/\/actbr.com.br\/es\/#organization\",\"name\":\"ACT Sistemas Hidr\u00e1ulicos\",\"url\":\"https:\/\/actbr.com.br\/es\/\",\"logo\":{\"@type\":\"ImageObject\",\"inLanguage\":\"es\",\"@id\":\"https:\/\/actbr.com.br\/es\/#\/schema\/logo\/image\/\",\"url\":\"https:\/\/actbr.com.br\/wp-content\/uploads\/2025\/02\/cropped-ACT_NEGATIVO-marca-dagua.png\",\"contentUrl\":\"https:\/\/actbr.com.br\/wp-content\/uploads\/2025\/02\/cropped-ACT_NEGATIVO-marca-dagua.png\",\"width\":240,\"height\":146,\"caption\":\"ACT Sistemas Hidr\u00e1ulicos\"},\"image\":{\"@id\":\"https:\/\/actbr.com.br\/es\/#\/schema\/logo\/image\/\"}}]}<\/script>\n<!-- \/ Yoast SEO plugin. -->","yoast_head_json":{"title":"Carro de Filtros ACT - ACT Sistemas Hidr\u00e1ulicos","description":"O Carro de Filtros ACT oferece o modo ideal para a pr\u00e9 filtragem e transfer\u00eancia de fluidos para reservat\u00f3rios ou na limpeza de sistemas existentes.","robots":{"index":"index","follow":"follow","max-snippet":"max-snippet:-1","max-image-preview":"max-image-preview:large","max-video-preview":"max-video-preview:-1"},"canonical":"https:\/\/actbr.com.br\/es\/producto\/carro-de-filtros-act\/","og_locale":"es_ES","og_type":"article","og_title":"Carro de Filtros ACT - ACT Sistemas Hidr\u00e1ulicos","og_description":"O Carro de Filtros ACT oferece o modo ideal para a pr\u00e9 filtragem e transfer\u00eancia de fluidos para reservat\u00f3rios ou na limpeza de sistemas existentes.","og_url":"https:\/\/actbr.com.br\/es\/producto\/carro-de-filtros-act\/","og_site_name":"ACT Sistemas Hidr\u00e1ulicos","article_modified_time":"2023-06-28T19:00:09+00:00","og_image":[{"width":543,"height":598,"url":"https:\/\/actbr.com.br\/wp-content\/uploads\/2020\/09\/Carro-de-filtros-ACT-Carrinho-de-Filtragem.jpg","type":"image\/jpeg"}],"twitter_card":"summary_large_image","twitter_misc":{"Tiempo de lectura":"3 minutos"},"schema":{"@context":"https:\/\/schema.org","@graph":[{"@type":"WebPage","@id":"https:\/\/actbr.com.br\/es\/producto\/carro-de-filtros-act\/","url":"https:\/\/actbr.com.br\/es\/producto\/carro-de-filtros-act\/","name":"Carro de Filtros ACT - ACT Sistemas Hidr\u00e1ulicos","isPartOf":{"@id":"https:\/\/actbr.com.br\/es\/#website"},"primaryImageOfPage":{"@id":"https:\/\/actbr.com.br\/es\/producto\/carro-de-filtros-act\/#primaryimage"},"image":{"@id":"https:\/\/actbr.com.br\/es\/producto\/carro-de-filtros-act\/#primaryimage"},"thumbnailUrl":"https:\/\/actbr.com.br\/wp-content\/uploads\/2020\/09\/Carro-de-filtros-ACT-Carrinho-de-Filtragem.jpg","datePublished":"2020-09-29T15:44:44+00:00","dateModified":"2023-06-28T19:00:09+00:00","description":"O Carro de Filtros ACT oferece o modo ideal para a pr\u00e9 filtragem e transfer\u00eancia de fluidos para reservat\u00f3rios ou na limpeza de sistemas existentes.","breadcrumb":{"@id":"https:\/\/actbr.com.br\/es\/producto\/carro-de-filtros-act\/#breadcrumb"},"inLanguage":"es","potentialAction":[{"@type":"ReadAction","target":["https:\/\/actbr.com.br\/es\/producto\/carro-de-filtros-act\/"]}]},{"@type":"ImageObject","inLanguage":"es","@id":"https:\/\/actbr.com.br\/es\/producto\/carro-de-filtros-act\/#primaryimage","url":"https:\/\/actbr.com.br\/wp-content\/uploads\/2020\/09\/Carro-de-filtros-ACT-Carrinho-de-Filtragem.jpg","contentUrl":"https:\/\/actbr.com.br\/wp-content\/uploads\/2020\/09\/Carro-de-filtros-ACT-Carrinho-de-Filtragem.jpg","width":543,"height":598,"caption":"Carro de filtros ACT (Carrinho de Filtragem)"},{"@type":"BreadcrumbList","@id":"https:\/\/actbr.com.br\/es\/producto\/carro-de-filtros-act\/#breadcrumb","itemListElement":[{"@type":"ListItem","position":1,"name":"Comenzar","item":"https:\/\/actbr.com.br\/es\/"},{"@type":"ListItem","position":2,"name":"Produtos","item":"https:\/\/actbr.com.br\/produtos-act\/"},{"@type":"ListItem","position":3,"name":"Unidades hidr\u00e1ulica","item":"https:\/\/actbr.com.br\/es\/categoria-produto\/unidades-hidraulica\/"},{"@type":"ListItem","position":4,"name":"Carrinho de Filtragem","item":"https:\/\/actbr.com.br\/es\/categoria-produto\/unidades-hidraulica\/carrinho-de-filtragem\/"},{"@type":"ListItem","position":5,"name":"Carro de Filtros ACT"}]},{"@type":"WebSite","@id":"https:\/\/actbr.com.br\/es\/#website","url":"https:\/\/actbr.com.br\/es\/","name":"ACT Sistemas Hidr\u00e1ulicos","description":"Fabricaci\u00f3n y mantenimiento de componentes de aceite hidr\u00e1ulico","publisher":{"@id":"https:\/\/actbr.com.br\/es\/#organization"},"potentialAction":[{"@type":"SearchAction","target":{"@type":"EntryPoint","urlTemplate":"https:\/\/actbr.com.br\/es\/?s={search_term_string}"},"query-input":{"@type":"PropertyValueSpecification","valueRequired":true,"valueName":"search_term_string"}}],"inLanguage":"es"},{"@type":"Organization","@id":"https:\/\/actbr.com.br\/es\/#organization","name":"ACT Sistemas Hidr\u00e1ulicos","url":"https:\/\/actbr.com.br\/es\/","logo":{"@type":"ImageObject","inLanguage":"es","@id":"https:\/\/actbr.com.br\/es\/#\/schema\/logo\/image\/","url":"https:\/\/actbr.com.br\/wp-content\/uploads\/2025\/02\/cropped-ACT_NEGATIVO-marca-dagua.png","contentUrl":"https:\/\/actbr.com.br\/wp-content\/uploads\/2025\/02\/cropped-ACT_NEGATIVO-marca-dagua.png","width":240,"height":146,"caption":"ACT Sistemas Hidr\u00e1ulicos"},"image":{"@id":"https:\/\/actbr.com.br\/es\/#\/schema\/logo\/image\/"}}]}},"_links":{"self":[{"href":"https:\/\/actbr.com.br\/es\/wp-json\/wp\/v2\/product\/3805","targetHints":{"allow":["GET"]}}],"collection":[{"href":"https:\/\/actbr.com.br\/es\/wp-json\/wp\/v2\/product"}],"about":[{"href":"https:\/\/actbr.com.br\/es\/wp-json\/wp\/v2\/types\/product"}],"wp:featuredmedia":[{"embeddable":true,"href":"https:\/\/actbr.com.br\/es\/wp-json\/wp\/v2\/media\/7671"}],"wp:attachment":[{"href":"https:\/\/actbr.com.br\/es\/wp-json\/wp\/v2\/media?parent=3805"}],"wp:term":[{"taxonomy":"product_brand","embeddable":true,"href":"https:\/\/actbr.com.br\/es\/wp-json\/wp\/v2\/product_brand?post=3805"},{"taxonomy":"product_cat","embeddable":true,"href":"https:\/\/actbr.com.br\/es\/wp-json\/wp\/v2\/product_cat?post=3805"},{"taxonomy":"product_tag","embeddable":true,"href":"https:\/\/actbr.com.br\/es\/wp-json\/wp\/v2\/product_tag?post=3805"}],"curies":[{"name":"wp","href":"https:\/\/api.w.org\/{rel}","templated":true}]}}