{"id":3818,"date":"2020-09-29T12:44:44","date_gmt":"2020-09-29T15:44:44","guid":{"rendered":"https:\/\/actbr.com.br\/produto\/bloco-de-seguranca-hidraulico-para-prensas-tipo-n-nr-12\/"},"modified":"2023-12-14T14:02:18","modified_gmt":"2023-12-14T17:02:18","slug":"bloco-de-seguranca-hidraulico-para-prensas-tipo-n","status":"publish","type":"product","link":"https:\/\/actbr.com.br\/es\/producto\/bloco-de-seguranca-hidraulico-para-prensas-tipo-n\/","title":{"rendered":"Bloco de Seguran\u00e7a (Hidr\u00e1ulico) para Prensas tipo N \u2013 NR-12 Categoria 4"},"content":{"rendered":"<p>Bloco de Seguran\u00e7a (Hidr\u00e1ulico) para Prensas tipo N \u2013 NR-12 Categoria 4<\/p>\n<p>O Bloco de Seguran\u00e7a para Prensas \u2013 NR-12 Categoria 4 \u00e9 desenvolvido pela ACT para a adequa\u00e7\u00e3o de prensas hidr\u00e1ulicas \u00e0 NR-12. Desenvolvemos e projetamos os Blocos de Seguran\u00e7a (Bloco em Projetos Personalizados), para a implementa\u00e7\u00e3o da NR 12 em equipamentos com hidr\u00e1ulica existente.<\/p>\n<p>Nosso bloco de seguran\u00e7a para prensas hidr\u00e1ulicas do tipo \u201cN\u201d se aplica para para a adequa\u00e7\u00e3o de equipamentos cuja hidr\u00e1ulica j\u00e1 existe e que ainda n\u00e3o seguem as normas de seguran\u00e7a (NR-12).<\/p>\n<p>Prensas hidr\u00e1ulicas s\u00e3o m\u00e1quinas respons\u00e1veis pela conforma\u00e7\u00e3o, corte e dobra de pe\u00e7as met\u00e1licas e n\u00e3o met\u00e1licas. O sistema hidr\u00e1ulico controla os cilindros hidr\u00e1ulicos que executam a conforma\u00e7\u00e3o.<\/p>\n<p>Devido \u00e0s caracter\u00edsticas operacionais a prensa hidr\u00e1ulica pode requerer o uso de rigorosos sistemas de seguran\u00e7a para o seu acionamento e movimenta\u00e7\u00e3o do martelo, acoplado ao cilindro hidr\u00e1ulico.<\/p>\n<p>Conforme a norma NBR 14153 e a norma europeia EN 954, por meio de uma an\u00e1lise de risco, as prensas hidr\u00e1ulicas podem exigir o uso de sistemas de seguran\u00e7a categoria 4,<\/p>\n<p>O Esquema hidr\u00e1ulico atual \u00e9 examinado por nossos engenheiros, e em seguida recomendamos as adequa\u00e7\u00f5es necess\u00e1rias para atender plenamente e satisfatoriamente a norma NR-12 em todas as quest\u00f5es hidr\u00e1ulicas no sistema atual.<\/p>\n<p>A norma NR-12 estabelece as medidas de preven\u00e7\u00e3o que devem ser adotadas na instala\u00e7\u00e3o, opera\u00e7\u00e3o e manuten\u00e7\u00e3o de m\u00e1quinas e equipamentos, com o objetivo de evitar acidentes de trabalho. A NR-12 tem a sua exist\u00eancia jur\u00eddica assegurada, nos artigos 184 e 186 da Consolida\u00e7\u00e3o das Leis do Trabalho.<\/p>\n<p>O bloco desenvolvido pela ACT comp\u00f5e de um circuito hidr\u00e1ulico redundante por meio de duas v\u00e1lvulas direcionais com monitoramento. Indicado para adequa\u00e7\u00e3o de sistemas hidr\u00e1ulicos existentes, onde existe a necessidade de instalar um circuito hidr\u00e1ulico categoria 4 (NBR 14153).O movimento do cilindro do martelo somente \u00e9 poss\u00edvel mediante ao acionamento do bloco.<\/p>\n<p>Para toda reforma e adequa\u00e7\u00e3o deve ser emitido a Anota\u00e7\u00e3o de Responsabilidade T\u00e9cnica (ART) por Engenheiro respons\u00e1vel junto a CREA (A ACT fornece a ART do bloco de seguran\u00e7a).<\/p>\n<p>A adequa\u00e7\u00e3o de uma prensa hidr\u00e1ulica n\u00e3o se limita apenas a instala\u00e7\u00e3o de bloco hidr\u00e1ulico de seguran\u00e7a.A adequa\u00e7\u00e3o plena e completa envolve o uso de uma s\u00e9rie de dispositivos, componentes de seguran\u00e7a, prote\u00e7\u00f5es, etc, cujo as recomenda\u00e7\u00f5es t\u00e9cnicas podem ser encontradas nas normativas de refer\u00eancia, sendo obrigat\u00f3rio seguir a diretivas da NR 12.<\/p>\n<p><img fetchpriority=\"high\" decoding=\"async\" class=\"alignnone wp-image-10740\" src=\"https:\/\/actbr.com.br\/wp-content\/uploads\/2020\/09\/Design-sem-nome-8-300x169.jpg\" alt=\"\" width=\"936\" height=\"527\" srcset=\"https:\/\/actbr.com.br\/wp-content\/uploads\/2020\/09\/Design-sem-nome-8-300x169.jpg 300w, https:\/\/actbr.com.br\/wp-content\/uploads\/2020\/09\/Design-sem-nome-8-1024x576.jpg 1024w, https:\/\/actbr.com.br\/wp-content\/uploads\/2020\/09\/Design-sem-nome-8-768x432.jpg 768w, https:\/\/actbr.com.br\/wp-content\/uploads\/2020\/09\/Design-sem-nome-8-1536x864.jpg 1536w, https:\/\/actbr.com.br\/wp-content\/uploads\/2020\/09\/Design-sem-nome-8-800x450.jpg 800w, https:\/\/actbr.com.br\/wp-content\/uploads\/2020\/09\/Design-sem-nome-8-600x338.jpg 600w, https:\/\/actbr.com.br\/wp-content\/uploads\/2020\/09\/Design-sem-nome-8.jpg 1920w\" sizes=\"(max-width: 936px) 100vw, 936px\" \/><\/p>\n<p>M\u00e1quinas j\u00e1 adequadas \u00e0 Norma regulamentadora (NR-12) pelo nosso corpo t\u00e9cnico:<\/p>\n<p>Prensa hidr\u00e1ulica;<br \/>\nPrensa Viradeira;<br \/>\nCalandra hidr\u00e1ulica;<br \/>\nCalandra;<br \/>\nTrefiladora;<br \/>\nDobradeira Hidr\u00e1ulica;<br \/>\nEnroladeira;<br \/>\nM\u00e1quinas CNC;<br \/>\nInjetoras;<br \/>\nExtrusoras e etc.<\/p>\n<p>Refer\u00eancias normativas utilizadas para nossos projetos:<\/p>\n<p>NR 12 \u2013 Seguran\u00e7a em m\u00e1quinas e equipamentos;<br \/>\nNBR 14153 \u2013 Partes de sistemas de comando relacionados \u00e0 seguran\u00e7a \u2013 Princ\u00edpios gerais para projeto;<br \/>\nNBR 14009 \u2013 Seguran\u00e7a de m\u00e1quinas \u2013 Princ\u00edpios para aprecia\u00e7\u00e3o de riscos;<br \/>\nISO 12100 \u2013 Safety machinery;<br \/>\nISO 13849-1 \u2013 Safety of machinery;<br \/>\nNBR NM 213-2 \u2013 Seguran\u00e7a em m\u00e1quinas;<br \/>\nEN954-1 \u2013 Safety of machinery, safety parts of control systems;<br \/>\nEN693 \u2013 Hydraulic Presses \u2013 Safety;<br \/>\nIEC EN 60204-1 \u2013 Electrical equipament of machines;<br \/>\nISO 4413 \u2013 Hydraulic fluid power.<\/p>\n","protected":false},"excerpt":{"rendered":"<p>Os Bloco de Seguran\u00e7a para Prensas \u2013 NR-12, desenvolvido pela ACT, foi&nbsp;desenvolvidos para a adequa\u00e7\u00e3o de prensas hidr\u00e1ulicas \u00e0 NR-12.<\/p>\n<p>&nbsp;<\/p>\n<p style=\"text-align: center;\"><a class=\"fasc-button fasc-size-medium fasc-type-flat fasc-rounded-medium\" style=\"background-color: #003668; color: #ffffff;\" target=\"_blank\" rel=\"noopener\" href=\"https:\/\/actbr.com.br\/wp-content\/uploads\/2020\/09\/TUV-IT-23-MAC-378.pdf\">Certificado 1&nbsp;<\/a> <a class=\"fasc-button fasc-size-medium fasc-type-flat fasc-rounded-medium\" style=\"background-color: #003668; color: #ffffff;\" target=\"_blank\" rel=\"noopener\" href=\"https:\/\/actbr.com.br\/wp-content\/uploads\/2020\/09\/CR23.pdf\">Certificado 2<\/a><\/p>\n","protected":false},"featured_media":10730,"template":"","meta":[],"product_brand":[],"product_cat":[109,108],"product_tag":[],"class_list":{"0":"post-3818","1":"product","2":"type-product","3":"status-publish","4":"has-post-thumbnail","6":"product_cat-bloco-de-seguranca-nr-12","7":"product_cat-blocos-manifold","9":"first","10":"instock","11":"virtual","12":"product-type-simple"},"yoast_head":"<!-- This site is optimized with the Yoast SEO plugin v27.2 - https:\/\/yoast.com\/product\/yoast-seo-wordpress\/ -->\n<title>Bloco de Seguran\u00e7a (Hidr\u00e1ulico) para Prensas tipo N \u2013 NR-12 Categoria 4 - ACT Sistemas Hidr\u00e1ulicos<\/title>\n<meta name=\"description\" content=\"Os Bloco de Seguran\u00e7a para Prensas - NR-12, desenvolvido pela ACT, foi\u00a0desenvolvidos para a adequa\u00e7\u00e3o de prensas hidr\u00e1ulicas \u00e0 NR-12.\" \/>\n<meta name=\"robots\" content=\"index, follow, max-snippet:-1, max-image-preview:large, max-video-preview:-1\" \/>\n<link rel=\"canonical\" href=\"https:\/\/actbr.com.br\/es\/producto\/bloco-de-seguranca-hidraulico-para-prensas-tipo-n\/\" \/>\n<meta property=\"og:locale\" content=\"es_ES\" \/>\n<meta property=\"og:type\" content=\"article\" \/>\n<meta property=\"og:title\" content=\"Bloco de Seguran\u00e7a (Hidr\u00e1ulico) para Prensas tipo N \u2013 NR-12 Categoria 4 - ACT Sistemas Hidr\u00e1ulicos\" \/>\n<meta property=\"og:description\" content=\"Os Bloco de Seguran\u00e7a para Prensas - NR-12, desenvolvido pela ACT, foi\u00a0desenvolvidos para a adequa\u00e7\u00e3o de prensas hidr\u00e1ulicas \u00e0 NR-12.\" \/>\n<meta property=\"og:url\" content=\"https:\/\/actbr.com.br\/es\/producto\/bloco-de-seguranca-hidraulico-para-prensas-tipo-n\/\" \/>\n<meta property=\"og:site_name\" content=\"ACT Sistemas Hidr\u00e1ulicos\" \/>\n<meta property=\"article:modified_time\" content=\"2023-12-14T17:02:18+00:00\" \/>\n<meta property=\"og:image\" content=\"https:\/\/actbr.com.br\/wp-content\/uploads\/2020\/09\/bloco-de-seguranca.jpg\" \/>\n\t<meta property=\"og:image:width\" content=\"1080\" \/>\n\t<meta property=\"og:image:height\" content=\"1080\" \/>\n\t<meta property=\"og:image:type\" content=\"image\/jpeg\" \/>\n<meta name=\"twitter:card\" content=\"summary_large_image\" \/>\n<meta name=\"twitter:label1\" content=\"Tiempo de lectura\" \/>\n\t<meta name=\"twitter:data1\" content=\"3 minutos\" \/>\n<script type=\"application\/ld+json\" class=\"yoast-schema-graph\">{\"@context\":\"https:\/\/schema.org\",\"@graph\":[{\"@type\":\"WebPage\",\"@id\":\"https:\/\/actbr.com.br\/es\/producto\/bloco-de-seguranca-hidraulico-para-prensas-tipo-n\/\",\"url\":\"https:\/\/actbr.com.br\/es\/producto\/bloco-de-seguranca-hidraulico-para-prensas-tipo-n\/\",\"name\":\"Bloco de Seguran\u00e7a (Hidr\u00e1ulico) para Prensas tipo N \u2013 NR-12 Categoria 4 - ACT Sistemas Hidr\u00e1ulicos\",\"isPartOf\":{\"@id\":\"https:\/\/actbr.com.br\/es\/#website\"},\"primaryImageOfPage\":{\"@id\":\"https:\/\/actbr.com.br\/es\/producto\/bloco-de-seguranca-hidraulico-para-prensas-tipo-n\/#primaryimage\"},\"image\":{\"@id\":\"https:\/\/actbr.com.br\/es\/producto\/bloco-de-seguranca-hidraulico-para-prensas-tipo-n\/#primaryimage\"},\"thumbnailUrl\":\"https:\/\/actbr.com.br\/wp-content\/uploads\/2020\/09\/bloco-de-seguranca.jpg\",\"datePublished\":\"2020-09-29T15:44:44+00:00\",\"dateModified\":\"2023-12-14T17:02:18+00:00\",\"description\":\"Os Bloco de Seguran\u00e7a para Prensas - NR-12, desenvolvido pela ACT, foi\u00a0desenvolvidos para a adequa\u00e7\u00e3o de prensas hidr\u00e1ulicas \u00e0 NR-12.\",\"breadcrumb\":{\"@id\":\"https:\/\/actbr.com.br\/es\/producto\/bloco-de-seguranca-hidraulico-para-prensas-tipo-n\/#breadcrumb\"},\"inLanguage\":\"es\",\"potentialAction\":[{\"@type\":\"ReadAction\",\"target\":[\"https:\/\/actbr.com.br\/es\/producto\/bloco-de-seguranca-hidraulico-para-prensas-tipo-n\/\"]}]},{\"@type\":\"ImageObject\",\"inLanguage\":\"es\",\"@id\":\"https:\/\/actbr.com.br\/es\/producto\/bloco-de-seguranca-hidraulico-para-prensas-tipo-n\/#primaryimage\",\"url\":\"https:\/\/actbr.com.br\/wp-content\/uploads\/2020\/09\/bloco-de-seguranca.jpg\",\"contentUrl\":\"https:\/\/actbr.com.br\/wp-content\/uploads\/2020\/09\/bloco-de-seguranca.jpg\",\"width\":1080,\"height\":1080},{\"@type\":\"BreadcrumbList\",\"@id\":\"https:\/\/actbr.com.br\/es\/producto\/bloco-de-seguranca-hidraulico-para-prensas-tipo-n\/#breadcrumb\",\"itemListElement\":[{\"@type\":\"ListItem\",\"position\":1,\"name\":\"Comenzar\",\"item\":\"https:\/\/actbr.com.br\/es\/\"},{\"@type\":\"ListItem\",\"position\":2,\"name\":\"Produtos\",\"item\":\"https:\/\/actbr.com.br\/produtos-act\/\"},{\"@type\":\"ListItem\",\"position\":3,\"name\":\"Blocos Manifold\",\"item\":\"https:\/\/actbr.com.br\/es\/categoria-produto\/blocos-manifold\/\"},{\"@type\":\"ListItem\",\"position\":4,\"name\":\"Bloco de Seguran\u00e7a - NR-12\",\"item\":\"https:\/\/actbr.com.br\/es\/categoria-produto\/blocos-manifold\/bloco-de-seguranca-nr-12\/\"},{\"@type\":\"ListItem\",\"position\":5,\"name\":\"Bloco de Seguran\u00e7a (Hidr\u00e1ulico) para Prensas tipo N \u2013 NR-12 Categoria 4\"}]},{\"@type\":\"WebSite\",\"@id\":\"https:\/\/actbr.com.br\/es\/#website\",\"url\":\"https:\/\/actbr.com.br\/es\/\",\"name\":\"ACT Sistemas Hidr\u00e1ulicos\",\"description\":\"Fabricaci\u00f3n y mantenimiento de componentes de aceite hidr\u00e1ulico\",\"publisher\":{\"@id\":\"https:\/\/actbr.com.br\/es\/#organization\"},\"potentialAction\":[{\"@type\":\"SearchAction\",\"target\":{\"@type\":\"EntryPoint\",\"urlTemplate\":\"https:\/\/actbr.com.br\/es\/?s={search_term_string}\"},\"query-input\":{\"@type\":\"PropertyValueSpecification\",\"valueRequired\":true,\"valueName\":\"search_term_string\"}}],\"inLanguage\":\"es\"},{\"@type\":\"Organization\",\"@id\":\"https:\/\/actbr.com.br\/es\/#organization\",\"name\":\"ACT Sistemas Hidr\u00e1ulicos\",\"url\":\"https:\/\/actbr.com.br\/es\/\",\"logo\":{\"@type\":\"ImageObject\",\"inLanguage\":\"es\",\"@id\":\"https:\/\/actbr.com.br\/es\/#\/schema\/logo\/image\/\",\"url\":\"https:\/\/actbr.com.br\/wp-content\/uploads\/2025\/02\/cropped-ACT_NEGATIVO-marca-dagua.png\",\"contentUrl\":\"https:\/\/actbr.com.br\/wp-content\/uploads\/2025\/02\/cropped-ACT_NEGATIVO-marca-dagua.png\",\"width\":240,\"height\":146,\"caption\":\"ACT Sistemas Hidr\u00e1ulicos\"},\"image\":{\"@id\":\"https:\/\/actbr.com.br\/es\/#\/schema\/logo\/image\/\"}}]}<\/script>\n<!-- \/ Yoast SEO plugin. -->","yoast_head_json":{"title":"Bloco de Seguran\u00e7a (Hidr\u00e1ulico) para Prensas tipo N \u2013 NR-12 Categoria 4 - ACT Sistemas Hidr\u00e1ulicos","description":"Os Bloco de Seguran\u00e7a para Prensas - NR-12, desenvolvido pela ACT, foi\u00a0desenvolvidos para a adequa\u00e7\u00e3o de prensas hidr\u00e1ulicas \u00e0 NR-12.","robots":{"index":"index","follow":"follow","max-snippet":"max-snippet:-1","max-image-preview":"max-image-preview:large","max-video-preview":"max-video-preview:-1"},"canonical":"https:\/\/actbr.com.br\/es\/producto\/bloco-de-seguranca-hidraulico-para-prensas-tipo-n\/","og_locale":"es_ES","og_type":"article","og_title":"Bloco de Seguran\u00e7a (Hidr\u00e1ulico) para Prensas tipo N \u2013 NR-12 Categoria 4 - ACT Sistemas Hidr\u00e1ulicos","og_description":"Os Bloco de Seguran\u00e7a para Prensas - NR-12, desenvolvido pela ACT, foi\u00a0desenvolvidos para a adequa\u00e7\u00e3o de prensas hidr\u00e1ulicas \u00e0 NR-12.","og_url":"https:\/\/actbr.com.br\/es\/producto\/bloco-de-seguranca-hidraulico-para-prensas-tipo-n\/","og_site_name":"ACT Sistemas Hidr\u00e1ulicos","article_modified_time":"2023-12-14T17:02:18+00:00","og_image":[{"width":1080,"height":1080,"url":"https:\/\/actbr.com.br\/wp-content\/uploads\/2020\/09\/bloco-de-seguranca.jpg","type":"image\/jpeg"}],"twitter_card":"summary_large_image","twitter_misc":{"Tiempo de lectura":"3 minutos"},"schema":{"@context":"https:\/\/schema.org","@graph":[{"@type":"WebPage","@id":"https:\/\/actbr.com.br\/es\/producto\/bloco-de-seguranca-hidraulico-para-prensas-tipo-n\/","url":"https:\/\/actbr.com.br\/es\/producto\/bloco-de-seguranca-hidraulico-para-prensas-tipo-n\/","name":"Bloco de Seguran\u00e7a (Hidr\u00e1ulico) para Prensas tipo N \u2013 NR-12 Categoria 4 - ACT Sistemas Hidr\u00e1ulicos","isPartOf":{"@id":"https:\/\/actbr.com.br\/es\/#website"},"primaryImageOfPage":{"@id":"https:\/\/actbr.com.br\/es\/producto\/bloco-de-seguranca-hidraulico-para-prensas-tipo-n\/#primaryimage"},"image":{"@id":"https:\/\/actbr.com.br\/es\/producto\/bloco-de-seguranca-hidraulico-para-prensas-tipo-n\/#primaryimage"},"thumbnailUrl":"https:\/\/actbr.com.br\/wp-content\/uploads\/2020\/09\/bloco-de-seguranca.jpg","datePublished":"2020-09-29T15:44:44+00:00","dateModified":"2023-12-14T17:02:18+00:00","description":"Os Bloco de Seguran\u00e7a para Prensas - NR-12, desenvolvido pela ACT, foi\u00a0desenvolvidos para a adequa\u00e7\u00e3o de prensas hidr\u00e1ulicas \u00e0 NR-12.","breadcrumb":{"@id":"https:\/\/actbr.com.br\/es\/producto\/bloco-de-seguranca-hidraulico-para-prensas-tipo-n\/#breadcrumb"},"inLanguage":"es","potentialAction":[{"@type":"ReadAction","target":["https:\/\/actbr.com.br\/es\/producto\/bloco-de-seguranca-hidraulico-para-prensas-tipo-n\/"]}]},{"@type":"ImageObject","inLanguage":"es","@id":"https:\/\/actbr.com.br\/es\/producto\/bloco-de-seguranca-hidraulico-para-prensas-tipo-n\/#primaryimage","url":"https:\/\/actbr.com.br\/wp-content\/uploads\/2020\/09\/bloco-de-seguranca.jpg","contentUrl":"https:\/\/actbr.com.br\/wp-content\/uploads\/2020\/09\/bloco-de-seguranca.jpg","width":1080,"height":1080},{"@type":"BreadcrumbList","@id":"https:\/\/actbr.com.br\/es\/producto\/bloco-de-seguranca-hidraulico-para-prensas-tipo-n\/#breadcrumb","itemListElement":[{"@type":"ListItem","position":1,"name":"Comenzar","item":"https:\/\/actbr.com.br\/es\/"},{"@type":"ListItem","position":2,"name":"Produtos","item":"https:\/\/actbr.com.br\/produtos-act\/"},{"@type":"ListItem","position":3,"name":"Blocos Manifold","item":"https:\/\/actbr.com.br\/es\/categoria-produto\/blocos-manifold\/"},{"@type":"ListItem","position":4,"name":"Bloco de Seguran\u00e7a - NR-12","item":"https:\/\/actbr.com.br\/es\/categoria-produto\/blocos-manifold\/bloco-de-seguranca-nr-12\/"},{"@type":"ListItem","position":5,"name":"Bloco de Seguran\u00e7a (Hidr\u00e1ulico) para Prensas tipo N \u2013 NR-12 Categoria 4"}]},{"@type":"WebSite","@id":"https:\/\/actbr.com.br\/es\/#website","url":"https:\/\/actbr.com.br\/es\/","name":"ACT Sistemas Hidr\u00e1ulicos","description":"Fabricaci\u00f3n y mantenimiento de componentes de aceite hidr\u00e1ulico","publisher":{"@id":"https:\/\/actbr.com.br\/es\/#organization"},"potentialAction":[{"@type":"SearchAction","target":{"@type":"EntryPoint","urlTemplate":"https:\/\/actbr.com.br\/es\/?s={search_term_string}"},"query-input":{"@type":"PropertyValueSpecification","valueRequired":true,"valueName":"search_term_string"}}],"inLanguage":"es"},{"@type":"Organization","@id":"https:\/\/actbr.com.br\/es\/#organization","name":"ACT Sistemas Hidr\u00e1ulicos","url":"https:\/\/actbr.com.br\/es\/","logo":{"@type":"ImageObject","inLanguage":"es","@id":"https:\/\/actbr.com.br\/es\/#\/schema\/logo\/image\/","url":"https:\/\/actbr.com.br\/wp-content\/uploads\/2025\/02\/cropped-ACT_NEGATIVO-marca-dagua.png","contentUrl":"https:\/\/actbr.com.br\/wp-content\/uploads\/2025\/02\/cropped-ACT_NEGATIVO-marca-dagua.png","width":240,"height":146,"caption":"ACT Sistemas Hidr\u00e1ulicos"},"image":{"@id":"https:\/\/actbr.com.br\/es\/#\/schema\/logo\/image\/"}}]}},"_links":{"self":[{"href":"https:\/\/actbr.com.br\/es\/wp-json\/wp\/v2\/product\/3818","targetHints":{"allow":["GET"]}}],"collection":[{"href":"https:\/\/actbr.com.br\/es\/wp-json\/wp\/v2\/product"}],"about":[{"href":"https:\/\/actbr.com.br\/es\/wp-json\/wp\/v2\/types\/product"}],"wp:featuredmedia":[{"embeddable":true,"href":"https:\/\/actbr.com.br\/es\/wp-json\/wp\/v2\/media\/10730"}],"wp:attachment":[{"href":"https:\/\/actbr.com.br\/es\/wp-json\/wp\/v2\/media?parent=3818"}],"wp:term":[{"taxonomy":"product_brand","embeddable":true,"href":"https:\/\/actbr.com.br\/es\/wp-json\/wp\/v2\/product_brand?post=3818"},{"taxonomy":"product_cat","embeddable":true,"href":"https:\/\/actbr.com.br\/es\/wp-json\/wp\/v2\/product_cat?post=3818"},{"taxonomy":"product_tag","embeddable":true,"href":"https:\/\/actbr.com.br\/es\/wp-json\/wp\/v2\/product_tag?post=3818"}],"curies":[{"name":"wp","href":"https:\/\/api.w.org\/{rel}","templated":true}]}}