{"id":3833,"date":"2020-09-29T12:44:44","date_gmt":"2020-09-29T15:44:44","guid":{"rendered":"https:\/\/actbr.com.br\/produto\/bloco-manifold-com-valvulas-para-prensa\/"},"modified":"2023-06-28T12:14:39","modified_gmt":"2023-06-28T15:14:39","slug":"bloco-manifold-para-prensa","status":"publish","type":"product","link":"https:\/\/actbr.com.br\/es\/producto\/bloco-manifold-para-prensa\/","title":{"rendered":"Bloco Manifold para Prensa"},"content":{"rendered":"<p><strong>Bloco Manifold com V\u00e1lvulas para Prensa<\/strong><\/p>\n<p>O Bloco Manifold para Prensa, fabricado pela ACT, serve para qualquer tipo de sistema hidr\u00e1ulico e m\u00e1quina, em conformidade com a NR-12.<\/p>\n<p>Estamos habilitados a seguir a Norma NR-12, que trata da seguran\u00e7a da opera\u00e7\u00e3o das m\u00e1quinas e determina regras espec\u00edficas para os fabricantes de prensas.<\/p>\n<p>O Bloco Manifold serve para conduzir e distribuir o fluido hidr\u00e1ulico entre os diversos componentes do sistema.<\/p>\n<p>Como este dispositivo permite a substitui\u00e7\u00e3o de tubos, mangueiras e conex\u00f5es, \u00e9 chamado de \u00abcircuito impresso\u00bb de hidr\u00e1ulica.<\/p>\n","protected":false},"excerpt":{"rendered":"<p>O Bloco Manifold com V\u00e1lvulas para Prensa, fabricado pela ACT, serve para qualquer tipo de sistema hidr\u00e1ulico e m\u00e1quina, em conformidade com a NR-12.<\/p>\n","protected":false},"featured_media":7374,"template":"","meta":[],"product_brand":[],"product_cat":[111,108],"product_tag":[],"class_list":{"0":"post-3833","1":"product","2":"type-product","3":"status-publish","4":"has-post-thumbnail","6":"product_cat-bloco-especial","7":"product_cat-blocos-manifold","9":"first","10":"instock","11":"virtual","12":"product-type-simple"},"yoast_head":"<!-- This site is optimized with the Yoast SEO plugin v27.5 - https:\/\/yoast.com\/product\/yoast-seo-wordpress\/ -->\n<title>Bloco Manifold para Prensa - ACT Sistemas Hidr\u00e1ulicos<\/title>\n<meta name=\"description\" content=\"O Bloco Manifold com V\u00e1lvulas para Prensa, fabricado pela ACT, serve para qualquer tipo de sistema hidr\u00e1ulico e m\u00e1quina, em conformidade com a NR-12.\" \/>\n<meta name=\"robots\" content=\"index, follow, max-snippet:-1, max-image-preview:large, max-video-preview:-1\" \/>\n<link rel=\"canonical\" href=\"https:\/\/actbr.com.br\/es\/producto\/bloco-manifold-para-prensa\/\" \/>\n<meta property=\"og:locale\" content=\"es_ES\" \/>\n<meta property=\"og:type\" content=\"article\" \/>\n<meta property=\"og:title\" content=\"Bloco Manifold para Prensa - ACT Sistemas Hidr\u00e1ulicos\" \/>\n<meta property=\"og:description\" content=\"O Bloco Manifold com V\u00e1lvulas para Prensa, fabricado pela ACT, serve para qualquer tipo de sistema hidr\u00e1ulico e m\u00e1quina, em conformidade com a NR-12.\" \/>\n<meta property=\"og:url\" content=\"https:\/\/actbr.com.br\/es\/producto\/bloco-manifold-para-prensa\/\" \/>\n<meta property=\"og:site_name\" content=\"ACT Sistemas Hidr\u00e1ulicos\" \/>\n<meta property=\"article:modified_time\" content=\"2023-06-28T15:14:39+00:00\" \/>\n<meta property=\"og:image\" content=\"https:\/\/actbr.com.br\/wp-content\/uploads\/2020\/09\/Bloco-Manifold-com-Valvulas-para-Prensa.jpg\" \/>\n\t<meta property=\"og:image:width\" content=\"300\" \/>\n\t<meta property=\"og:image:height\" content=\"314\" \/>\n\t<meta property=\"og:image:type\" content=\"image\/jpeg\" \/>\n<meta name=\"twitter:card\" content=\"summary_large_image\" \/>\n<meta name=\"twitter:label1\" content=\"Tiempo de lectura\" \/>\n\t<meta name=\"twitter:data1\" content=\"1 minuto\" \/>\n<script type=\"application\/ld+json\" class=\"yoast-schema-graph\">{\"@context\":\"https:\\\/\\\/schema.org\",\"@graph\":[{\"@type\":\"WebPage\",\"@id\":\"https:\\\/\\\/actbr.com.br\\\/es\\\/producto\\\/bloco-manifold-para-prensa\\\/\",\"url\":\"https:\\\/\\\/actbr.com.br\\\/es\\\/producto\\\/bloco-manifold-para-prensa\\\/\",\"name\":\"Bloco Manifold para Prensa - ACT Sistemas Hidr\u00e1ulicos\",\"isPartOf\":{\"@id\":\"https:\\\/\\\/actbr.com.br\\\/es\\\/#website\"},\"primaryImageOfPage\":{\"@id\":\"https:\\\/\\\/actbr.com.br\\\/es\\\/producto\\\/bloco-manifold-para-prensa\\\/#primaryimage\"},\"image\":{\"@id\":\"https:\\\/\\\/actbr.com.br\\\/es\\\/producto\\\/bloco-manifold-para-prensa\\\/#primaryimage\"},\"thumbnailUrl\":\"https:\\\/\\\/actbr.com.br\\\/wp-content\\\/uploads\\\/2020\\\/09\\\/Bloco-Manifold-com-Valvulas-para-Prensa.jpg\",\"datePublished\":\"2020-09-29T15:44:44+00:00\",\"dateModified\":\"2023-06-28T15:14:39+00:00\",\"description\":\"O Bloco Manifold com V\u00e1lvulas para Prensa, fabricado pela ACT, serve para qualquer tipo de sistema hidr\u00e1ulico e m\u00e1quina, em conformidade com a NR-12.\",\"breadcrumb\":{\"@id\":\"https:\\\/\\\/actbr.com.br\\\/es\\\/producto\\\/bloco-manifold-para-prensa\\\/#breadcrumb\"},\"inLanguage\":\"es\",\"potentialAction\":[{\"@type\":\"ReadAction\",\"target\":[\"https:\\\/\\\/actbr.com.br\\\/es\\\/producto\\\/bloco-manifold-para-prensa\\\/\"]}]},{\"@type\":\"ImageObject\",\"inLanguage\":\"es\",\"@id\":\"https:\\\/\\\/actbr.com.br\\\/es\\\/producto\\\/bloco-manifold-para-prensa\\\/#primaryimage\",\"url\":\"https:\\\/\\\/actbr.com.br\\\/wp-content\\\/uploads\\\/2020\\\/09\\\/Bloco-Manifold-com-Valvulas-para-Prensa.jpg\",\"contentUrl\":\"https:\\\/\\\/actbr.com.br\\\/wp-content\\\/uploads\\\/2020\\\/09\\\/Bloco-Manifold-com-Valvulas-para-Prensa.jpg\",\"width\":300,\"height\":314,\"caption\":\"Bloco Manifold com V\u00e1lvulas para Prensa\"},{\"@type\":\"BreadcrumbList\",\"@id\":\"https:\\\/\\\/actbr.com.br\\\/es\\\/producto\\\/bloco-manifold-para-prensa\\\/#breadcrumb\",\"itemListElement\":[{\"@type\":\"ListItem\",\"position\":1,\"name\":\"Comenzar\",\"item\":\"https:\\\/\\\/actbr.com.br\\\/es\\\/\"},{\"@type\":\"ListItem\",\"position\":2,\"name\":\"Produtos\",\"item\":\"https:\\\/\\\/actbr.com.br\\\/produtos-act\\\/\"},{\"@type\":\"ListItem\",\"position\":3,\"name\":\"Blocos Manifold\",\"item\":\"https:\\\/\\\/actbr.com.br\\\/es\\\/categoria-produto\\\/blocos-manifold\\\/\"},{\"@type\":\"ListItem\",\"position\":4,\"name\":\"Bloco Especial\",\"item\":\"https:\\\/\\\/actbr.com.br\\\/es\\\/categoria-produto\\\/blocos-manifold\\\/bloco-especial\\\/\"},{\"@type\":\"ListItem\",\"position\":5,\"name\":\"Bloco Manifold para Prensa\"}]},{\"@type\":\"WebSite\",\"@id\":\"https:\\\/\\\/actbr.com.br\\\/es\\\/#website\",\"url\":\"https:\\\/\\\/actbr.com.br\\\/es\\\/\",\"name\":\"ACT Sistemas Hidr\u00e1ulicos\",\"description\":\"Fabricaci\u00f3n y mantenimiento de componentes de aceite hidr\u00e1ulico\",\"publisher\":{\"@id\":\"https:\\\/\\\/actbr.com.br\\\/es\\\/#organization\"},\"potentialAction\":[{\"@type\":\"SearchAction\",\"target\":{\"@type\":\"EntryPoint\",\"urlTemplate\":\"https:\\\/\\\/actbr.com.br\\\/es\\\/?s={search_term_string}\"},\"query-input\":{\"@type\":\"PropertyValueSpecification\",\"valueRequired\":true,\"valueName\":\"search_term_string\"}}],\"inLanguage\":\"es\"},{\"@type\":\"Organization\",\"@id\":\"https:\\\/\\\/actbr.com.br\\\/es\\\/#organization\",\"name\":\"ACT Sistemas Hidr\u00e1ulicos\",\"url\":\"https:\\\/\\\/actbr.com.br\\\/es\\\/\",\"logo\":{\"@type\":\"ImageObject\",\"inLanguage\":\"es\",\"@id\":\"https:\\\/\\\/actbr.com.br\\\/es\\\/#\\\/schema\\\/logo\\\/image\\\/\",\"url\":\"https:\\\/\\\/actbr.com.br\\\/wp-content\\\/uploads\\\/2025\\\/02\\\/cropped-ACT_NEGATIVO-marca-dagua.png\",\"contentUrl\":\"https:\\\/\\\/actbr.com.br\\\/wp-content\\\/uploads\\\/2025\\\/02\\\/cropped-ACT_NEGATIVO-marca-dagua.png\",\"width\":240,\"height\":146,\"caption\":\"ACT Sistemas Hidr\u00e1ulicos\"},\"image\":{\"@id\":\"https:\\\/\\\/actbr.com.br\\\/es\\\/#\\\/schema\\\/logo\\\/image\\\/\"}}]}<\/script>\n<!-- \/ Yoast SEO plugin. -->","yoast_head_json":{"title":"Bloco Manifold para Prensa - ACT Sistemas Hidr\u00e1ulicos","description":"O Bloco Manifold com V\u00e1lvulas para Prensa, fabricado pela ACT, serve para qualquer tipo de sistema hidr\u00e1ulico e m\u00e1quina, em conformidade com a NR-12.","robots":{"index":"index","follow":"follow","max-snippet":"max-snippet:-1","max-image-preview":"max-image-preview:large","max-video-preview":"max-video-preview:-1"},"canonical":"https:\/\/actbr.com.br\/es\/producto\/bloco-manifold-para-prensa\/","og_locale":"es_ES","og_type":"article","og_title":"Bloco Manifold para Prensa - ACT Sistemas Hidr\u00e1ulicos","og_description":"O Bloco Manifold com V\u00e1lvulas para Prensa, fabricado pela ACT, serve para qualquer tipo de sistema hidr\u00e1ulico e m\u00e1quina, em conformidade com a NR-12.","og_url":"https:\/\/actbr.com.br\/es\/producto\/bloco-manifold-para-prensa\/","og_site_name":"ACT Sistemas Hidr\u00e1ulicos","article_modified_time":"2023-06-28T15:14:39+00:00","og_image":[{"width":300,"height":314,"url":"https:\/\/actbr.com.br\/wp-content\/uploads\/2020\/09\/Bloco-Manifold-com-Valvulas-para-Prensa.jpg","type":"image\/jpeg"}],"twitter_card":"summary_large_image","twitter_misc":{"Tiempo de lectura":"1 minuto"},"schema":{"@context":"https:\/\/schema.org","@graph":[{"@type":"WebPage","@id":"https:\/\/actbr.com.br\/es\/producto\/bloco-manifold-para-prensa\/","url":"https:\/\/actbr.com.br\/es\/producto\/bloco-manifold-para-prensa\/","name":"Bloco Manifold para Prensa - ACT Sistemas Hidr\u00e1ulicos","isPartOf":{"@id":"https:\/\/actbr.com.br\/es\/#website"},"primaryImageOfPage":{"@id":"https:\/\/actbr.com.br\/es\/producto\/bloco-manifold-para-prensa\/#primaryimage"},"image":{"@id":"https:\/\/actbr.com.br\/es\/producto\/bloco-manifold-para-prensa\/#primaryimage"},"thumbnailUrl":"https:\/\/actbr.com.br\/wp-content\/uploads\/2020\/09\/Bloco-Manifold-com-Valvulas-para-Prensa.jpg","datePublished":"2020-09-29T15:44:44+00:00","dateModified":"2023-06-28T15:14:39+00:00","description":"O Bloco Manifold com V\u00e1lvulas para Prensa, fabricado pela ACT, serve para qualquer tipo de sistema hidr\u00e1ulico e m\u00e1quina, em conformidade com a NR-12.","breadcrumb":{"@id":"https:\/\/actbr.com.br\/es\/producto\/bloco-manifold-para-prensa\/#breadcrumb"},"inLanguage":"es","potentialAction":[{"@type":"ReadAction","target":["https:\/\/actbr.com.br\/es\/producto\/bloco-manifold-para-prensa\/"]}]},{"@type":"ImageObject","inLanguage":"es","@id":"https:\/\/actbr.com.br\/es\/producto\/bloco-manifold-para-prensa\/#primaryimage","url":"https:\/\/actbr.com.br\/wp-content\/uploads\/2020\/09\/Bloco-Manifold-com-Valvulas-para-Prensa.jpg","contentUrl":"https:\/\/actbr.com.br\/wp-content\/uploads\/2020\/09\/Bloco-Manifold-com-Valvulas-para-Prensa.jpg","width":300,"height":314,"caption":"Bloco Manifold com V\u00e1lvulas para Prensa"},{"@type":"BreadcrumbList","@id":"https:\/\/actbr.com.br\/es\/producto\/bloco-manifold-para-prensa\/#breadcrumb","itemListElement":[{"@type":"ListItem","position":1,"name":"Comenzar","item":"https:\/\/actbr.com.br\/es\/"},{"@type":"ListItem","position":2,"name":"Produtos","item":"https:\/\/actbr.com.br\/produtos-act\/"},{"@type":"ListItem","position":3,"name":"Blocos Manifold","item":"https:\/\/actbr.com.br\/es\/categoria-produto\/blocos-manifold\/"},{"@type":"ListItem","position":4,"name":"Bloco Especial","item":"https:\/\/actbr.com.br\/es\/categoria-produto\/blocos-manifold\/bloco-especial\/"},{"@type":"ListItem","position":5,"name":"Bloco Manifold para Prensa"}]},{"@type":"WebSite","@id":"https:\/\/actbr.com.br\/es\/#website","url":"https:\/\/actbr.com.br\/es\/","name":"ACT Sistemas Hidr\u00e1ulicos","description":"Fabricaci\u00f3n y mantenimiento de componentes de aceite hidr\u00e1ulico","publisher":{"@id":"https:\/\/actbr.com.br\/es\/#organization"},"potentialAction":[{"@type":"SearchAction","target":{"@type":"EntryPoint","urlTemplate":"https:\/\/actbr.com.br\/es\/?s={search_term_string}"},"query-input":{"@type":"PropertyValueSpecification","valueRequired":true,"valueName":"search_term_string"}}],"inLanguage":"es"},{"@type":"Organization","@id":"https:\/\/actbr.com.br\/es\/#organization","name":"ACT Sistemas Hidr\u00e1ulicos","url":"https:\/\/actbr.com.br\/es\/","logo":{"@type":"ImageObject","inLanguage":"es","@id":"https:\/\/actbr.com.br\/es\/#\/schema\/logo\/image\/","url":"https:\/\/actbr.com.br\/wp-content\/uploads\/2025\/02\/cropped-ACT_NEGATIVO-marca-dagua.png","contentUrl":"https:\/\/actbr.com.br\/wp-content\/uploads\/2025\/02\/cropped-ACT_NEGATIVO-marca-dagua.png","width":240,"height":146,"caption":"ACT Sistemas Hidr\u00e1ulicos"},"image":{"@id":"https:\/\/actbr.com.br\/es\/#\/schema\/logo\/image\/"}}]}},"_links":{"self":[{"href":"https:\/\/actbr.com.br\/es\/wp-json\/wp\/v2\/product\/3833","targetHints":{"allow":["GET"]}}],"collection":[{"href":"https:\/\/actbr.com.br\/es\/wp-json\/wp\/v2\/product"}],"about":[{"href":"https:\/\/actbr.com.br\/es\/wp-json\/wp\/v2\/types\/product"}],"wp:featuredmedia":[{"embeddable":true,"href":"https:\/\/actbr.com.br\/es\/wp-json\/wp\/v2\/media\/7374"}],"wp:attachment":[{"href":"https:\/\/actbr.com.br\/es\/wp-json\/wp\/v2\/media?parent=3833"}],"wp:term":[{"taxonomy":"product_brand","embeddable":true,"href":"https:\/\/actbr.com.br\/es\/wp-json\/wp\/v2\/product_brand?post=3833"},{"taxonomy":"product_cat","embeddable":true,"href":"https:\/\/actbr.com.br\/es\/wp-json\/wp\/v2\/product_cat?post=3833"},{"taxonomy":"product_tag","embeddable":true,"href":"https:\/\/actbr.com.br\/es\/wp-json\/wp\/v2\/product_tag?post=3833"}],"curies":[{"name":"wp","href":"https:\/\/api.w.org\/{rel}","templated":true}]}}