{"id":3854,"date":"2020-09-29T12:46:01","date_gmt":"2020-09-29T15:46:01","guid":{"rendered":"https:\/\/actbr.com.br\/produto\/pressostato-ajustavel-fox-f4\/"},"modified":"2023-06-15T17:26:36","modified_gmt":"2023-06-15T20:26:36","slug":"pressostato-ajustavel-fox-f4","status":"publish","type":"product","link":"https:\/\/actbr.com.br\/es\/producto\/pressostato-ajustavel-fox-f4\/","title":{"rendered":"Pressostato Ajust\u00e1vel FOX F4"},"content":{"rendered":"<p><strong>Pressostato Ajust\u00e1vel FOX F4<\/strong><\/p>\n<p>O Pressostato Ajust\u00e1vel FOX F4 permite comuta\u00e7\u00e3o de um micro interruptor para determinado valor de press\u00e3o, pr\u00e9-configur\u00e1vel pelo usu\u00e1rio, por interm\u00e9dio do parafuso central (protegido pela tampa de prote\u00e7\u00e3o).<\/p>\n<p>A regulagem em \u00abP3\u00bb ocorre atrav\u00e9s de uma chave sextavada de 2mm, girando no sentido hor\u00e1rio, o ponto de press\u00e3o de interven\u00e7\u00e3o aumenta (Ser\u00e1 necess\u00e1rio uma maior press\u00e3o para realizar a comuta\u00e7\u00e3o do pressostato), girando no sentido anti-hor\u00e1rio, o ponto de interven\u00e7\u00e3o diminui (Ser\u00e1 necess\u00e1rio uma menor press\u00e3o para realizar a comuta\u00e7\u00e3o do pressostato).<\/p>\n<p><strong>Caracter\u00edsticas t\u00e9cnicas:<\/strong><br \/>\nCorpo: 24 mm hexagonal em a\u00e7o galvanizado trivalente;<br \/>\nMontagem: em todas as posi\u00e7\u00f5es;<br \/>\nTemperatura de funcionamento: de \u2013 25\u00b0C a + 85\u00b0C;<br \/>\nFrequ\u00eancia de comuta\u00e7\u00e3o: 90 ciclos \/ min;<br \/>\nPonto de opera\u00e7\u00e3o: ajust\u00e1vel com parafuso interno;<br \/>\nPrecis\u00e3o de interven\u00e7\u00e3o: \u00b1 4% do F.S. a 20\u00b0C;<br \/>\nValor de histerese fixa: execu\u00e7\u00f5es de membrana ~ 10% do F.S.; execu\u00e7\u00f5es de pist\u00e3o ~ 15% do F.S.; execu\u00e7\u00f5es de pist\u00e3o Y ~ 25% de F.S.;<br \/>\nPeso: 0,05 kg;<br \/>\nVida Mec\u00e2nica: 106 ciclos a 70 bar (1000 psi) a 20 \u00b0 C.<\/p>\n<p>&nbsp;<\/p>\n<p><strong>Simbologia:<\/strong><\/p>\n<p><img decoding=\"async\" src=\"https:\/\/actbr.com.br\/wp-content\/uploads\/2020\/09\/simbologia-pressostato-fox.jpg\" alt=\"\" \/><\/p>\n<p><strong>Recursos el\u00e9tricos:<\/strong><br \/>\nCarga m\u00e1xima: 0,5 Amp a 250 Volts AC;<br \/>\nInterc\u00e2mbio de contatos: (Comum, NA e NC);<br \/>\nConex\u00e3o el\u00e9trica: de acordo com as normas DIN 43650 para M2 e M3;<br \/>\nProte\u00e7\u00e3o el\u00e9trica de acordo: com DIN40050:<br \/>\nIP65 para execu\u00e7\u00e3o M2 \/ M3;<br \/>\nIP54 para execu\u00e7\u00e3o P3 \/ P1.<\/p>\n<p><strong>Dispon\u00edvel:<\/strong><br \/>\nF4_X com pe\u00e7as em A\u00e7o Inoxid\u00e1vel;<br \/>\nF4_L corpo em lat\u00e3o;<br \/>\nWF4: interruptor de v\u00e1cuo com faixa de regulagem de -0,15 a -0,8 bar;<br \/>\nNota: Certifica\u00e7\u00e3o ATEX apenas para execu\u00e7\u00f5es M2 d M3.<\/p>\n","protected":false},"excerpt":{"rendered":"<p>O Pressostato Ajust\u00e1vel FOX F4 permite comuta\u00e7\u00e3o de um micro interruptor para determinado valor de press\u00e3o, pr\u00e9-configur\u00e1vel pelo usu\u00e1rio.<\/p>\n","protected":false},"featured_media":7624,"template":"","meta":[],"product_brand":[],"product_cat":[63,64],"product_tag":[],"class_list":{"0":"post-3854","1":"product","2":"type-product","3":"status-publish","4":"has-post-thumbnail","6":"product_cat-instrumentacao","7":"product_cat-pressao","9":"first","10":"instock","11":"virtual","12":"product-type-simple"},"yoast_head":"<!-- This site is optimized with the Yoast SEO plugin v27.5 - https:\/\/yoast.com\/product\/yoast-seo-wordpress\/ -->\n<title>Pressostato Ajust\u00e1vel FOX F4 - ACT Sistemas Hidr\u00e1ulicos<\/title>\n<meta name=\"description\" content=\"O Pressostato Ajust\u00e1vel FOX F4 permite comuta\u00e7\u00e3o de um micro interruptor para determinado valor de press\u00e3o, pr\u00e9-configur\u00e1vel pelo usu\u00e1rio.\" \/>\n<meta name=\"robots\" content=\"index, follow, max-snippet:-1, max-image-preview:large, max-video-preview:-1\" \/>\n<link rel=\"canonical\" href=\"https:\/\/actbr.com.br\/es\/producto\/pressostato-ajustavel-fox-f4\/\" \/>\n<meta property=\"og:locale\" content=\"es_ES\" \/>\n<meta property=\"og:type\" content=\"article\" \/>\n<meta property=\"og:title\" content=\"Pressostato Ajust\u00e1vel FOX F4 - ACT Sistemas Hidr\u00e1ulicos\" \/>\n<meta property=\"og:description\" content=\"O Pressostato Ajust\u00e1vel FOX F4 permite comuta\u00e7\u00e3o de um micro interruptor para determinado valor de press\u00e3o, pr\u00e9-configur\u00e1vel pelo usu\u00e1rio.\" \/>\n<meta property=\"og:url\" content=\"https:\/\/actbr.com.br\/es\/producto\/pressostato-ajustavel-fox-f4\/\" \/>\n<meta property=\"og:site_name\" content=\"ACT Sistemas Hidr\u00e1ulicos\" \/>\n<meta property=\"article:modified_time\" content=\"2023-06-15T20:26:36+00:00\" \/>\n<meta property=\"og:image\" content=\"https:\/\/actbr.com.br\/wp-content\/uploads\/2020\/09\/Pressostato-Ajustavel-FOX-\u2013-F4.jpg\" \/>\n\t<meta property=\"og:image:width\" content=\"444\" \/>\n\t<meta property=\"og:image:height\" content=\"296\" \/>\n\t<meta property=\"og:image:type\" content=\"image\/jpeg\" \/>\n<meta name=\"twitter:card\" content=\"summary_large_image\" \/>\n<meta name=\"twitter:label1\" content=\"Tiempo de lectura\" \/>\n\t<meta name=\"twitter:data1\" content=\"2 minutos\" \/>\n<script type=\"application\/ld+json\" class=\"yoast-schema-graph\">{\"@context\":\"https:\\\/\\\/schema.org\",\"@graph\":[{\"@type\":\"WebPage\",\"@id\":\"https:\\\/\\\/actbr.com.br\\\/es\\\/producto\\\/pressostato-ajustavel-fox-f4\\\/\",\"url\":\"https:\\\/\\\/actbr.com.br\\\/es\\\/producto\\\/pressostato-ajustavel-fox-f4\\\/\",\"name\":\"Pressostato Ajust\u00e1vel FOX F4 - ACT Sistemas Hidr\u00e1ulicos\",\"isPartOf\":{\"@id\":\"https:\\\/\\\/actbr.com.br\\\/es\\\/#website\"},\"primaryImageOfPage\":{\"@id\":\"https:\\\/\\\/actbr.com.br\\\/es\\\/producto\\\/pressostato-ajustavel-fox-f4\\\/#primaryimage\"},\"image\":{\"@id\":\"https:\\\/\\\/actbr.com.br\\\/es\\\/producto\\\/pressostato-ajustavel-fox-f4\\\/#primaryimage\"},\"thumbnailUrl\":\"https:\\\/\\\/actbr.com.br\\\/wp-content\\\/uploads\\\/2020\\\/09\\\/Pressostato-Ajustavel-FOX-\u2013-F4.jpg\",\"datePublished\":\"2020-09-29T15:46:01+00:00\",\"dateModified\":\"2023-06-15T20:26:36+00:00\",\"description\":\"O Pressostato Ajust\u00e1vel FOX F4 permite comuta\u00e7\u00e3o de um micro interruptor para determinado valor de press\u00e3o, pr\u00e9-configur\u00e1vel pelo usu\u00e1rio.\",\"breadcrumb\":{\"@id\":\"https:\\\/\\\/actbr.com.br\\\/es\\\/producto\\\/pressostato-ajustavel-fox-f4\\\/#breadcrumb\"},\"inLanguage\":\"es\",\"potentialAction\":[{\"@type\":\"ReadAction\",\"target\":[\"https:\\\/\\\/actbr.com.br\\\/es\\\/producto\\\/pressostato-ajustavel-fox-f4\\\/\"]}]},{\"@type\":\"ImageObject\",\"inLanguage\":\"es\",\"@id\":\"https:\\\/\\\/actbr.com.br\\\/es\\\/producto\\\/pressostato-ajustavel-fox-f4\\\/#primaryimage\",\"url\":\"https:\\\/\\\/actbr.com.br\\\/wp-content\\\/uploads\\\/2020\\\/09\\\/Pressostato-Ajustavel-FOX-\u2013-F4.jpg\",\"contentUrl\":\"https:\\\/\\\/actbr.com.br\\\/wp-content\\\/uploads\\\/2020\\\/09\\\/Pressostato-Ajustavel-FOX-\u2013-F4.jpg\",\"width\":444,\"height\":296,\"caption\":\"Pressostato Ajust\u00e1vel FOX \u2013 F4\"},{\"@type\":\"BreadcrumbList\",\"@id\":\"https:\\\/\\\/actbr.com.br\\\/es\\\/producto\\\/pressostato-ajustavel-fox-f4\\\/#breadcrumb\",\"itemListElement\":[{\"@type\":\"ListItem\",\"position\":1,\"name\":\"Comenzar\",\"item\":\"https:\\\/\\\/actbr.com.br\\\/es\\\/\"},{\"@type\":\"ListItem\",\"position\":2,\"name\":\"Produtos\",\"item\":\"https:\\\/\\\/actbr.com.br\\\/produtos-act\\\/\"},{\"@type\":\"ListItem\",\"position\":3,\"name\":\"Instrumenta\u00e7\u00e3o\",\"item\":\"https:\\\/\\\/actbr.com.br\\\/es\\\/categoria-produto\\\/instrumentacao\\\/\"},{\"@type\":\"ListItem\",\"position\":4,\"name\":\"Press\u00e3o\",\"item\":\"https:\\\/\\\/actbr.com.br\\\/es\\\/categoria-produto\\\/instrumentacao\\\/pressao\\\/\"},{\"@type\":\"ListItem\",\"position\":5,\"name\":\"Pressostato Ajust\u00e1vel FOX F4\"}]},{\"@type\":\"WebSite\",\"@id\":\"https:\\\/\\\/actbr.com.br\\\/es\\\/#website\",\"url\":\"https:\\\/\\\/actbr.com.br\\\/es\\\/\",\"name\":\"ACT Sistemas Hidr\u00e1ulicos\",\"description\":\"Fabricaci\u00f3n y mantenimiento de componentes de aceite hidr\u00e1ulico\",\"publisher\":{\"@id\":\"https:\\\/\\\/actbr.com.br\\\/es\\\/#organization\"},\"potentialAction\":[{\"@type\":\"SearchAction\",\"target\":{\"@type\":\"EntryPoint\",\"urlTemplate\":\"https:\\\/\\\/actbr.com.br\\\/es\\\/?s={search_term_string}\"},\"query-input\":{\"@type\":\"PropertyValueSpecification\",\"valueRequired\":true,\"valueName\":\"search_term_string\"}}],\"inLanguage\":\"es\"},{\"@type\":\"Organization\",\"@id\":\"https:\\\/\\\/actbr.com.br\\\/es\\\/#organization\",\"name\":\"ACT Sistemas Hidr\u00e1ulicos\",\"url\":\"https:\\\/\\\/actbr.com.br\\\/es\\\/\",\"logo\":{\"@type\":\"ImageObject\",\"inLanguage\":\"es\",\"@id\":\"https:\\\/\\\/actbr.com.br\\\/es\\\/#\\\/schema\\\/logo\\\/image\\\/\",\"url\":\"https:\\\/\\\/actbr.com.br\\\/wp-content\\\/uploads\\\/2025\\\/02\\\/cropped-ACT_NEGATIVO-marca-dagua.png\",\"contentUrl\":\"https:\\\/\\\/actbr.com.br\\\/wp-content\\\/uploads\\\/2025\\\/02\\\/cropped-ACT_NEGATIVO-marca-dagua.png\",\"width\":240,\"height\":146,\"caption\":\"ACT Sistemas Hidr\u00e1ulicos\"},\"image\":{\"@id\":\"https:\\\/\\\/actbr.com.br\\\/es\\\/#\\\/schema\\\/logo\\\/image\\\/\"}}]}<\/script>\n<!-- \/ Yoast SEO plugin. -->","yoast_head_json":{"title":"Pressostato Ajust\u00e1vel FOX F4 - ACT Sistemas Hidr\u00e1ulicos","description":"O Pressostato Ajust\u00e1vel FOX F4 permite comuta\u00e7\u00e3o de um micro interruptor para determinado valor de press\u00e3o, pr\u00e9-configur\u00e1vel pelo usu\u00e1rio.","robots":{"index":"index","follow":"follow","max-snippet":"max-snippet:-1","max-image-preview":"max-image-preview:large","max-video-preview":"max-video-preview:-1"},"canonical":"https:\/\/actbr.com.br\/es\/producto\/pressostato-ajustavel-fox-f4\/","og_locale":"es_ES","og_type":"article","og_title":"Pressostato Ajust\u00e1vel FOX F4 - ACT Sistemas Hidr\u00e1ulicos","og_description":"O Pressostato Ajust\u00e1vel FOX F4 permite comuta\u00e7\u00e3o de um micro interruptor para determinado valor de press\u00e3o, pr\u00e9-configur\u00e1vel pelo usu\u00e1rio.","og_url":"https:\/\/actbr.com.br\/es\/producto\/pressostato-ajustavel-fox-f4\/","og_site_name":"ACT Sistemas Hidr\u00e1ulicos","article_modified_time":"2023-06-15T20:26:36+00:00","og_image":[{"width":444,"height":296,"url":"https:\/\/actbr.com.br\/wp-content\/uploads\/2020\/09\/Pressostato-Ajustavel-FOX-\u2013-F4.jpg","type":"image\/jpeg"}],"twitter_card":"summary_large_image","twitter_misc":{"Tiempo de lectura":"2 minutos"},"schema":{"@context":"https:\/\/schema.org","@graph":[{"@type":"WebPage","@id":"https:\/\/actbr.com.br\/es\/producto\/pressostato-ajustavel-fox-f4\/","url":"https:\/\/actbr.com.br\/es\/producto\/pressostato-ajustavel-fox-f4\/","name":"Pressostato Ajust\u00e1vel FOX F4 - ACT Sistemas Hidr\u00e1ulicos","isPartOf":{"@id":"https:\/\/actbr.com.br\/es\/#website"},"primaryImageOfPage":{"@id":"https:\/\/actbr.com.br\/es\/producto\/pressostato-ajustavel-fox-f4\/#primaryimage"},"image":{"@id":"https:\/\/actbr.com.br\/es\/producto\/pressostato-ajustavel-fox-f4\/#primaryimage"},"thumbnailUrl":"https:\/\/actbr.com.br\/wp-content\/uploads\/2020\/09\/Pressostato-Ajustavel-FOX-\u2013-F4.jpg","datePublished":"2020-09-29T15:46:01+00:00","dateModified":"2023-06-15T20:26:36+00:00","description":"O Pressostato Ajust\u00e1vel FOX F4 permite comuta\u00e7\u00e3o de um micro interruptor para determinado valor de press\u00e3o, pr\u00e9-configur\u00e1vel pelo usu\u00e1rio.","breadcrumb":{"@id":"https:\/\/actbr.com.br\/es\/producto\/pressostato-ajustavel-fox-f4\/#breadcrumb"},"inLanguage":"es","potentialAction":[{"@type":"ReadAction","target":["https:\/\/actbr.com.br\/es\/producto\/pressostato-ajustavel-fox-f4\/"]}]},{"@type":"ImageObject","inLanguage":"es","@id":"https:\/\/actbr.com.br\/es\/producto\/pressostato-ajustavel-fox-f4\/#primaryimage","url":"https:\/\/actbr.com.br\/wp-content\/uploads\/2020\/09\/Pressostato-Ajustavel-FOX-\u2013-F4.jpg","contentUrl":"https:\/\/actbr.com.br\/wp-content\/uploads\/2020\/09\/Pressostato-Ajustavel-FOX-\u2013-F4.jpg","width":444,"height":296,"caption":"Pressostato Ajust\u00e1vel FOX \u2013 F4"},{"@type":"BreadcrumbList","@id":"https:\/\/actbr.com.br\/es\/producto\/pressostato-ajustavel-fox-f4\/#breadcrumb","itemListElement":[{"@type":"ListItem","position":1,"name":"Comenzar","item":"https:\/\/actbr.com.br\/es\/"},{"@type":"ListItem","position":2,"name":"Produtos","item":"https:\/\/actbr.com.br\/produtos-act\/"},{"@type":"ListItem","position":3,"name":"Instrumenta\u00e7\u00e3o","item":"https:\/\/actbr.com.br\/es\/categoria-produto\/instrumentacao\/"},{"@type":"ListItem","position":4,"name":"Press\u00e3o","item":"https:\/\/actbr.com.br\/es\/categoria-produto\/instrumentacao\/pressao\/"},{"@type":"ListItem","position":5,"name":"Pressostato Ajust\u00e1vel FOX F4"}]},{"@type":"WebSite","@id":"https:\/\/actbr.com.br\/es\/#website","url":"https:\/\/actbr.com.br\/es\/","name":"ACT Sistemas Hidr\u00e1ulicos","description":"Fabricaci\u00f3n y mantenimiento de componentes de aceite hidr\u00e1ulico","publisher":{"@id":"https:\/\/actbr.com.br\/es\/#organization"},"potentialAction":[{"@type":"SearchAction","target":{"@type":"EntryPoint","urlTemplate":"https:\/\/actbr.com.br\/es\/?s={search_term_string}"},"query-input":{"@type":"PropertyValueSpecification","valueRequired":true,"valueName":"search_term_string"}}],"inLanguage":"es"},{"@type":"Organization","@id":"https:\/\/actbr.com.br\/es\/#organization","name":"ACT Sistemas Hidr\u00e1ulicos","url":"https:\/\/actbr.com.br\/es\/","logo":{"@type":"ImageObject","inLanguage":"es","@id":"https:\/\/actbr.com.br\/es\/#\/schema\/logo\/image\/","url":"https:\/\/actbr.com.br\/wp-content\/uploads\/2025\/02\/cropped-ACT_NEGATIVO-marca-dagua.png","contentUrl":"https:\/\/actbr.com.br\/wp-content\/uploads\/2025\/02\/cropped-ACT_NEGATIVO-marca-dagua.png","width":240,"height":146,"caption":"ACT Sistemas Hidr\u00e1ulicos"},"image":{"@id":"https:\/\/actbr.com.br\/es\/#\/schema\/logo\/image\/"}}]}},"_links":{"self":[{"href":"https:\/\/actbr.com.br\/es\/wp-json\/wp\/v2\/product\/3854","targetHints":{"allow":["GET"]}}],"collection":[{"href":"https:\/\/actbr.com.br\/es\/wp-json\/wp\/v2\/product"}],"about":[{"href":"https:\/\/actbr.com.br\/es\/wp-json\/wp\/v2\/types\/product"}],"wp:featuredmedia":[{"embeddable":true,"href":"https:\/\/actbr.com.br\/es\/wp-json\/wp\/v2\/media\/7624"}],"wp:attachment":[{"href":"https:\/\/actbr.com.br\/es\/wp-json\/wp\/v2\/media?parent=3854"}],"wp:term":[{"taxonomy":"product_brand","embeddable":true,"href":"https:\/\/actbr.com.br\/es\/wp-json\/wp\/v2\/product_brand?post=3854"},{"taxonomy":"product_cat","embeddable":true,"href":"https:\/\/actbr.com.br\/es\/wp-json\/wp\/v2\/product_cat?post=3854"},{"taxonomy":"product_tag","embeddable":true,"href":"https:\/\/actbr.com.br\/es\/wp-json\/wp\/v2\/product_tag?post=3854"}],"curies":[{"name":"wp","href":"https:\/\/api.w.org\/{rel}","templated":true}]}}