{"id":3868,"date":"2020-09-29T12:46:01","date_gmt":"2020-09-29T15:46:01","guid":{"rendered":"https:\/\/actbr.com.br\/produto\/filtro-de-retorno-filtration-group-mahle-pi-50006-ng-63\/"},"modified":"2023-10-16T13:36:37","modified_gmt":"2023-10-16T16:36:37","slug":"filtro-de-retorno-filtration-group-pi-50006-056-pi-13006-rn-mic-10-nbr","status":"publish","type":"product","link":"https:\/\/actbr.com.br\/es\/producto\/filtro-de-retorno-filtration-group-pi-50006-056-pi-13006-rn-mic-10-nbr\/","title":{"rendered":"Filtro de Retorno Filtration Group PI 50006-056 + PI 13006 RN Mic 10 NBR"},"content":{"rendered":"<p>PI 50006-056 + PI 13006 RN Mic 10 NBR<\/p>\n<p>Com design compacto, os filtros de retorno PI 50006 s\u00e3o instalados na parte superior do tanque.\u00a0Com projeto de fluxo ideal, sua queda de press\u00e3o \u00e9 m\u00ednima.<\/p>\n<p>Possuem disponibilidade com vers\u00f5es de indicador de satura\u00e7\u00e3o visual \/ el\u00e9trica \/ eletr\u00f4nica.<\/p>\n<p>Os Filtros de retorno PI 50006 possuem conex\u00f5es roscadas BSP (conex\u00f5es NPT e SAE mediante consulta).<\/p>\n<p>Os filtros de retorno, possuem qualidade e s\u00e3o f\u00e1ceis de reparar; podem ser montados com elementos MIC (Celulose) e PS (Fibra de vidro), elementos estes possuem classifica\u00e7\u00e3o Beta de acordo\u00a0com a ISO 16889.<\/p>\n<p>&nbsp;<\/p>\n<p><strong>Caracter\u00edsticas:<\/strong><br \/>\nModelo: instala\u00e7\u00e3o da parte superior do tanque;<br \/>\nPress\u00e3o nominal: 10 bar (140 psi);<br \/>\nPress\u00e3o de teste: 13 bar (180 psi);<br \/>\nFaixa de temperatura: -10\u00b0C a + 80\u00b0C\u00a0(outras faixas de temperatura sob consulta);<br \/>\nConfigura\u00e7\u00e3o de desvio: 3,5 bar \u00b1 10%;<br \/>\nMaterial da cabe\u00e7a do filtro: GD Al;<br \/>\nCarca\u00e7a do filtro: pl\u00e1stico;<br \/>\nMaterial de veda\u00e7\u00e3o: pl\u00e1stico;<br \/>\nVaz\u00e3o Nominal: 63 LPM.<\/p>\n","protected":false},"excerpt":{"rendered":"<p>Com design compacto, os filtros de retorno PI 50006 s\u00e3o instalados na parte superior do tanque.\u00a0Com projeto de fluxo ideal, sua queda de press\u00e3o \u00e9 m\u00ednima.<\/p>\n","protected":false},"featured_media":7528,"template":"","meta":[],"product_brand":[],"product_cat":[116,67],"product_tag":[],"class_list":{"0":"post-3868","1":"product","2":"type-product","3":"status-publish","4":"has-post-thumbnail","6":"product_cat-filtro-de-retorno","7":"product_cat-filtros-e-elementos-filtrante","9":"first","10":"instock","11":"virtual","12":"product-type-simple"},"yoast_head":"<!-- This site is optimized with the Yoast SEO plugin v27.2 - https:\/\/yoast.com\/product\/yoast-seo-wordpress\/ -->\n<title>Filtro de Retorno Filtration Group PI 50006-056 + PI 13006 RN Mic 10 NBR - ACT Sistemas Hidr\u00e1ulicos<\/title>\n<meta name=\"description\" content=\"Com design compacto, os filtros de retorno PI 50006 s\u00e3o instalados na parte superior do tanque.\u00a0Com projeto de fluxo ideal, sua queda de press\u00e3o \u00e9 m\u00ednima.\" \/>\n<meta name=\"robots\" content=\"index, follow, max-snippet:-1, max-image-preview:large, max-video-preview:-1\" \/>\n<link rel=\"canonical\" href=\"https:\/\/actbr.com.br\/es\/producto\/filtro-de-retorno-filtration-group-pi-50006-056-pi-13006-rn-mic-10-nbr\/\" \/>\n<meta property=\"og:locale\" content=\"es_ES\" \/>\n<meta property=\"og:type\" content=\"article\" \/>\n<meta property=\"og:title\" content=\"Filtro de Retorno Filtration Group PI 50006-056 + PI 13006 RN Mic 10 NBR - ACT Sistemas Hidr\u00e1ulicos\" \/>\n<meta property=\"og:description\" content=\"Com design compacto, os filtros de retorno PI 50006 s\u00e3o instalados na parte superior do tanque.\u00a0Com projeto de fluxo ideal, sua queda de press\u00e3o \u00e9 m\u00ednima.\" \/>\n<meta property=\"og:url\" content=\"https:\/\/actbr.com.br\/es\/producto\/filtro-de-retorno-filtration-group-pi-50006-056-pi-13006-rn-mic-10-nbr\/\" \/>\n<meta property=\"og:site_name\" content=\"ACT Sistemas Hidr\u00e1ulicos\" \/>\n<meta property=\"article:modified_time\" content=\"2023-10-16T16:36:37+00:00\" \/>\n<meta property=\"og:image\" content=\"https:\/\/actbr.com.br\/wp-content\/uploads\/2020\/09\/Filtro-de-Retorno-PI.jpg\" \/>\n\t<meta property=\"og:image:width\" content=\"600\" \/>\n\t<meta property=\"og:image:height\" content=\"600\" \/>\n\t<meta property=\"og:image:type\" content=\"image\/jpeg\" \/>\n<meta name=\"twitter:card\" content=\"summary_large_image\" \/>\n<meta name=\"twitter:label1\" content=\"Tiempo de lectura\" \/>\n\t<meta name=\"twitter:data1\" content=\"1 minuto\" \/>\n<script type=\"application\/ld+json\" class=\"yoast-schema-graph\">{\"@context\":\"https:\/\/schema.org\",\"@graph\":[{\"@type\":\"WebPage\",\"@id\":\"https:\/\/actbr.com.br\/es\/producto\/filtro-de-retorno-filtration-group-pi-50006-056-pi-13006-rn-mic-10-nbr\/\",\"url\":\"https:\/\/actbr.com.br\/es\/producto\/filtro-de-retorno-filtration-group-pi-50006-056-pi-13006-rn-mic-10-nbr\/\",\"name\":\"Filtro de Retorno Filtration Group PI 50006-056 + PI 13006 RN Mic 10 NBR - ACT Sistemas Hidr\u00e1ulicos\",\"isPartOf\":{\"@id\":\"https:\/\/actbr.com.br\/es\/#website\"},\"primaryImageOfPage\":{\"@id\":\"https:\/\/actbr.com.br\/es\/producto\/filtro-de-retorno-filtration-group-pi-50006-056-pi-13006-rn-mic-10-nbr\/#primaryimage\"},\"image\":{\"@id\":\"https:\/\/actbr.com.br\/es\/producto\/filtro-de-retorno-filtration-group-pi-50006-056-pi-13006-rn-mic-10-nbr\/#primaryimage\"},\"thumbnailUrl\":\"https:\/\/actbr.com.br\/wp-content\/uploads\/2020\/09\/Filtro-de-Retorno-PI.jpg\",\"datePublished\":\"2020-09-29T15:46:01+00:00\",\"dateModified\":\"2023-10-16T16:36:37+00:00\",\"description\":\"Com design compacto, os filtros de retorno PI 50006 s\u00e3o instalados na parte superior do tanque.\u00a0Com projeto de fluxo ideal, sua queda de press\u00e3o \u00e9 m\u00ednima.\",\"breadcrumb\":{\"@id\":\"https:\/\/actbr.com.br\/es\/producto\/filtro-de-retorno-filtration-group-pi-50006-056-pi-13006-rn-mic-10-nbr\/#breadcrumb\"},\"inLanguage\":\"es\",\"potentialAction\":[{\"@type\":\"ReadAction\",\"target\":[\"https:\/\/actbr.com.br\/es\/producto\/filtro-de-retorno-filtration-group-pi-50006-056-pi-13006-rn-mic-10-nbr\/\"]}]},{\"@type\":\"ImageObject\",\"inLanguage\":\"es\",\"@id\":\"https:\/\/actbr.com.br\/es\/producto\/filtro-de-retorno-filtration-group-pi-50006-056-pi-13006-rn-mic-10-nbr\/#primaryimage\",\"url\":\"https:\/\/actbr.com.br\/wp-content\/uploads\/2020\/09\/Filtro-de-Retorno-PI.jpg\",\"contentUrl\":\"https:\/\/actbr.com.br\/wp-content\/uploads\/2020\/09\/Filtro-de-Retorno-PI.jpg\",\"width\":600,\"height\":600,\"caption\":\"Filtro de Retorno PI\"},{\"@type\":\"BreadcrumbList\",\"@id\":\"https:\/\/actbr.com.br\/es\/producto\/filtro-de-retorno-filtration-group-pi-50006-056-pi-13006-rn-mic-10-nbr\/#breadcrumb\",\"itemListElement\":[{\"@type\":\"ListItem\",\"position\":1,\"name\":\"Comenzar\",\"item\":\"https:\/\/actbr.com.br\/es\/\"},{\"@type\":\"ListItem\",\"position\":2,\"name\":\"Produtos\",\"item\":\"https:\/\/actbr.com.br\/produtos-act\/\"},{\"@type\":\"ListItem\",\"position\":3,\"name\":\"Filtros e Elementos Filtrante\",\"item\":\"https:\/\/actbr.com.br\/es\/categoria-produto\/filtros-e-elementos-filtrante\/\"},{\"@type\":\"ListItem\",\"position\":4,\"name\":\"Filtro de Retorno\",\"item\":\"https:\/\/actbr.com.br\/es\/categoria-produto\/filtros-e-elementos-filtrante\/filtro-de-retorno\/\"},{\"@type\":\"ListItem\",\"position\":5,\"name\":\"Filtro de Retorno Filtration Group PI 50006-056 + PI 13006 RN Mic 10 NBR\"}]},{\"@type\":\"WebSite\",\"@id\":\"https:\/\/actbr.com.br\/es\/#website\",\"url\":\"https:\/\/actbr.com.br\/es\/\",\"name\":\"ACT Sistemas Hidr\u00e1ulicos\",\"description\":\"Fabricaci\u00f3n y mantenimiento de componentes de aceite hidr\u00e1ulico\",\"publisher\":{\"@id\":\"https:\/\/actbr.com.br\/es\/#organization\"},\"potentialAction\":[{\"@type\":\"SearchAction\",\"target\":{\"@type\":\"EntryPoint\",\"urlTemplate\":\"https:\/\/actbr.com.br\/es\/?s={search_term_string}\"},\"query-input\":{\"@type\":\"PropertyValueSpecification\",\"valueRequired\":true,\"valueName\":\"search_term_string\"}}],\"inLanguage\":\"es\"},{\"@type\":\"Organization\",\"@id\":\"https:\/\/actbr.com.br\/es\/#organization\",\"name\":\"ACT Sistemas Hidr\u00e1ulicos\",\"url\":\"https:\/\/actbr.com.br\/es\/\",\"logo\":{\"@type\":\"ImageObject\",\"inLanguage\":\"es\",\"@id\":\"https:\/\/actbr.com.br\/es\/#\/schema\/logo\/image\/\",\"url\":\"https:\/\/actbr.com.br\/wp-content\/uploads\/2025\/02\/cropped-ACT_NEGATIVO-marca-dagua.png\",\"contentUrl\":\"https:\/\/actbr.com.br\/wp-content\/uploads\/2025\/02\/cropped-ACT_NEGATIVO-marca-dagua.png\",\"width\":240,\"height\":146,\"caption\":\"ACT Sistemas Hidr\u00e1ulicos\"},\"image\":{\"@id\":\"https:\/\/actbr.com.br\/es\/#\/schema\/logo\/image\/\"}}]}<\/script>\n<!-- \/ Yoast SEO plugin. -->","yoast_head_json":{"title":"Filtro de Retorno Filtration Group PI 50006-056 + PI 13006 RN Mic 10 NBR - ACT Sistemas Hidr\u00e1ulicos","description":"Com design compacto, os filtros de retorno PI 50006 s\u00e3o instalados na parte superior do tanque.\u00a0Com projeto de fluxo ideal, sua queda de press\u00e3o \u00e9 m\u00ednima.","robots":{"index":"index","follow":"follow","max-snippet":"max-snippet:-1","max-image-preview":"max-image-preview:large","max-video-preview":"max-video-preview:-1"},"canonical":"https:\/\/actbr.com.br\/es\/producto\/filtro-de-retorno-filtration-group-pi-50006-056-pi-13006-rn-mic-10-nbr\/","og_locale":"es_ES","og_type":"article","og_title":"Filtro de Retorno Filtration Group PI 50006-056 + PI 13006 RN Mic 10 NBR - ACT Sistemas Hidr\u00e1ulicos","og_description":"Com design compacto, os filtros de retorno PI 50006 s\u00e3o instalados na parte superior do tanque.\u00a0Com projeto de fluxo ideal, sua queda de press\u00e3o \u00e9 m\u00ednima.","og_url":"https:\/\/actbr.com.br\/es\/producto\/filtro-de-retorno-filtration-group-pi-50006-056-pi-13006-rn-mic-10-nbr\/","og_site_name":"ACT Sistemas Hidr\u00e1ulicos","article_modified_time":"2023-10-16T16:36:37+00:00","og_image":[{"width":600,"height":600,"url":"https:\/\/actbr.com.br\/wp-content\/uploads\/2020\/09\/Filtro-de-Retorno-PI.jpg","type":"image\/jpeg"}],"twitter_card":"summary_large_image","twitter_misc":{"Tiempo de lectura":"1 minuto"},"schema":{"@context":"https:\/\/schema.org","@graph":[{"@type":"WebPage","@id":"https:\/\/actbr.com.br\/es\/producto\/filtro-de-retorno-filtration-group-pi-50006-056-pi-13006-rn-mic-10-nbr\/","url":"https:\/\/actbr.com.br\/es\/producto\/filtro-de-retorno-filtration-group-pi-50006-056-pi-13006-rn-mic-10-nbr\/","name":"Filtro de Retorno Filtration Group PI 50006-056 + PI 13006 RN Mic 10 NBR - ACT Sistemas Hidr\u00e1ulicos","isPartOf":{"@id":"https:\/\/actbr.com.br\/es\/#website"},"primaryImageOfPage":{"@id":"https:\/\/actbr.com.br\/es\/producto\/filtro-de-retorno-filtration-group-pi-50006-056-pi-13006-rn-mic-10-nbr\/#primaryimage"},"image":{"@id":"https:\/\/actbr.com.br\/es\/producto\/filtro-de-retorno-filtration-group-pi-50006-056-pi-13006-rn-mic-10-nbr\/#primaryimage"},"thumbnailUrl":"https:\/\/actbr.com.br\/wp-content\/uploads\/2020\/09\/Filtro-de-Retorno-PI.jpg","datePublished":"2020-09-29T15:46:01+00:00","dateModified":"2023-10-16T16:36:37+00:00","description":"Com design compacto, os filtros de retorno PI 50006 s\u00e3o instalados na parte superior do tanque.\u00a0Com projeto de fluxo ideal, sua queda de press\u00e3o \u00e9 m\u00ednima.","breadcrumb":{"@id":"https:\/\/actbr.com.br\/es\/producto\/filtro-de-retorno-filtration-group-pi-50006-056-pi-13006-rn-mic-10-nbr\/#breadcrumb"},"inLanguage":"es","potentialAction":[{"@type":"ReadAction","target":["https:\/\/actbr.com.br\/es\/producto\/filtro-de-retorno-filtration-group-pi-50006-056-pi-13006-rn-mic-10-nbr\/"]}]},{"@type":"ImageObject","inLanguage":"es","@id":"https:\/\/actbr.com.br\/es\/producto\/filtro-de-retorno-filtration-group-pi-50006-056-pi-13006-rn-mic-10-nbr\/#primaryimage","url":"https:\/\/actbr.com.br\/wp-content\/uploads\/2020\/09\/Filtro-de-Retorno-PI.jpg","contentUrl":"https:\/\/actbr.com.br\/wp-content\/uploads\/2020\/09\/Filtro-de-Retorno-PI.jpg","width":600,"height":600,"caption":"Filtro de Retorno PI"},{"@type":"BreadcrumbList","@id":"https:\/\/actbr.com.br\/es\/producto\/filtro-de-retorno-filtration-group-pi-50006-056-pi-13006-rn-mic-10-nbr\/#breadcrumb","itemListElement":[{"@type":"ListItem","position":1,"name":"Comenzar","item":"https:\/\/actbr.com.br\/es\/"},{"@type":"ListItem","position":2,"name":"Produtos","item":"https:\/\/actbr.com.br\/produtos-act\/"},{"@type":"ListItem","position":3,"name":"Filtros e Elementos Filtrante","item":"https:\/\/actbr.com.br\/es\/categoria-produto\/filtros-e-elementos-filtrante\/"},{"@type":"ListItem","position":4,"name":"Filtro de Retorno","item":"https:\/\/actbr.com.br\/es\/categoria-produto\/filtros-e-elementos-filtrante\/filtro-de-retorno\/"},{"@type":"ListItem","position":5,"name":"Filtro de Retorno Filtration Group PI 50006-056 + PI 13006 RN Mic 10 NBR"}]},{"@type":"WebSite","@id":"https:\/\/actbr.com.br\/es\/#website","url":"https:\/\/actbr.com.br\/es\/","name":"ACT Sistemas Hidr\u00e1ulicos","description":"Fabricaci\u00f3n y mantenimiento de componentes de aceite hidr\u00e1ulico","publisher":{"@id":"https:\/\/actbr.com.br\/es\/#organization"},"potentialAction":[{"@type":"SearchAction","target":{"@type":"EntryPoint","urlTemplate":"https:\/\/actbr.com.br\/es\/?s={search_term_string}"},"query-input":{"@type":"PropertyValueSpecification","valueRequired":true,"valueName":"search_term_string"}}],"inLanguage":"es"},{"@type":"Organization","@id":"https:\/\/actbr.com.br\/es\/#organization","name":"ACT Sistemas Hidr\u00e1ulicos","url":"https:\/\/actbr.com.br\/es\/","logo":{"@type":"ImageObject","inLanguage":"es","@id":"https:\/\/actbr.com.br\/es\/#\/schema\/logo\/image\/","url":"https:\/\/actbr.com.br\/wp-content\/uploads\/2025\/02\/cropped-ACT_NEGATIVO-marca-dagua.png","contentUrl":"https:\/\/actbr.com.br\/wp-content\/uploads\/2025\/02\/cropped-ACT_NEGATIVO-marca-dagua.png","width":240,"height":146,"caption":"ACT Sistemas Hidr\u00e1ulicos"},"image":{"@id":"https:\/\/actbr.com.br\/es\/#\/schema\/logo\/image\/"}}]}},"_links":{"self":[{"href":"https:\/\/actbr.com.br\/es\/wp-json\/wp\/v2\/product\/3868","targetHints":{"allow":["GET"]}}],"collection":[{"href":"https:\/\/actbr.com.br\/es\/wp-json\/wp\/v2\/product"}],"about":[{"href":"https:\/\/actbr.com.br\/es\/wp-json\/wp\/v2\/types\/product"}],"wp:featuredmedia":[{"embeddable":true,"href":"https:\/\/actbr.com.br\/es\/wp-json\/wp\/v2\/media\/7528"}],"wp:attachment":[{"href":"https:\/\/actbr.com.br\/es\/wp-json\/wp\/v2\/media?parent=3868"}],"wp:term":[{"taxonomy":"product_brand","embeddable":true,"href":"https:\/\/actbr.com.br\/es\/wp-json\/wp\/v2\/product_brand?post=3868"},{"taxonomy":"product_cat","embeddable":true,"href":"https:\/\/actbr.com.br\/es\/wp-json\/wp\/v2\/product_cat?post=3868"},{"taxonomy":"product_tag","embeddable":true,"href":"https:\/\/actbr.com.br\/es\/wp-json\/wp\/v2\/product_tag?post=3868"}],"curies":[{"name":"wp","href":"https:\/\/api.w.org\/{rel}","templated":true}]}}