{"id":3870,"date":"2020-09-29T12:46:01","date_gmt":"2020-09-29T15:46:01","guid":{"rendered":"https:\/\/actbr.com.br\/produto\/transdutor-de-temperatura-tf4-tm4-tm6-ts4\/"},"modified":"2023-10-31T16:25:50","modified_gmt":"2023-10-31T19:25:50","slug":"transdutor-de-temperatura-tf4-tm4-tm6-ts4","status":"publish","type":"product","link":"https:\/\/actbr.com.br\/es\/producto\/transdutor-de-temperatura-tf4-tm4-tm6-ts4\/","title":{"rendered":"Transdutor de Temperatura TF4 \/ TM4 \/ TM6 \/ TS4"},"content":{"rendered":"<p><strong>Transdutor de Temperatura TF4 \/ TM4 \/ TM6 \/ TS4<\/strong><\/p>\n<p><strong>Caracter\u00edsticas:<\/strong><br \/>\nTemperatura de opera\u00e7\u00e3o: -20 \u00b0 C\u00a0 + 120 \u00b0 C;<br \/>\nValor de histerese fixo: TS4: ~ 6 \u00b0 C do valor ajustado; TF4 \u2013 TM4 \u2013 TM6: ~ 12 \u00b0 C do valor ajustado;<br \/>\nPrecis\u00e3o de disparo: \u00b1 3, 5 \u00b0 C;<br \/>\nGradiente de temperatura m\u00e1xima: 1 \u00b0 C \/ min;<br \/>\nPeso: TF4: 0,06 kg \/ TS4: 0,08 kg \/ TM4: 0,07 kg \/ TM6: 0,17 kg;<br \/>\nCorpo: em lat\u00e3o hexagonal CH24, 27 ou 30, dependendo do tipo.<\/p>\n<p><strong>Caracter\u00edsticas el\u00e9tricas:<\/strong><br \/>\nProte\u00e7\u00e3o el\u00e9trica de acordo com Normas CEI EN 60529: IP00 para TF4 vers\u00e3o padr\u00e3o; IP54 para TF4 com tampa protetora P1; IP65 para TM4, TM6 e TS4;<br \/>\nConex\u00e3o el\u00e9trica TF4: conex\u00e3o r\u00e1pida de 6,3 x 0,8 mm;<br \/>\nConex\u00e3o el\u00e9trica TM4 \/ 6-TS4: conforme DIN43650, M3\u00a0(conector rotativo de 60 \u00b0 no TM4);<br \/>\nCarga m\u00e1xima nos contatos TF4 \u2013 TM4 \/ 6: CA = 125V \u2013 15A \/ 220V \u2013 10A \u2014\u2013 CC = 12V \u2013 10A \/ 24V \u2013 5A;<br \/>\nM\u00e1ximo carga nos contatos TS4: CA = 125V \u2013 3A \/ 30V \u2013 3A.<\/p>\n<p><strong>Dispon\u00edvel:<\/strong><br \/>\nConex\u00f5es el\u00e9tricas especiais (DT04, DT062S WPC, etc &#8230;);<br \/>\nValores histereses especiais;<br \/>\nCU-TR para o mercado russo;<br \/>\nDiferentes valores de ajuste de temperatura;<br \/>\nTM4 \/ 6 ATEX = II 3G Ex nc IIB T6 Gc IP65.<\/p>\n","protected":false},"excerpt":{"rendered":"<p>Consulte as configura\u00e7\u00f5es do Transdutor de Temperatura no modelos TF4, TM4, TM6 e TS4.<\/p>\n","protected":false},"featured_media":7653,"template":"","meta":[],"product_brand":[],"product_cat":[63,117],"product_tag":[],"class_list":{"0":"post-3870","1":"product","2":"type-product","3":"status-publish","4":"has-post-thumbnail","6":"product_cat-instrumentacao","7":"product_cat-temperatura","9":"first","10":"instock","11":"virtual","12":"product-type-simple"},"yoast_head":"<!-- This site is optimized with the Yoast SEO plugin v27.2 - https:\/\/yoast.com\/product\/yoast-seo-wordpress\/ -->\n<title>Transdutor de Temperatura TF4 \/ TM4 \/ TM6 \/ TS4 - ACT Sistemas Hidr\u00e1ulicos<\/title>\n<meta name=\"description\" content=\"Consulte as configura\u00e7\u00f5es do Transdutor de Temperatura no modelos TF4, TM4, TM6 e TS4.\" \/>\n<meta name=\"robots\" content=\"index, follow, max-snippet:-1, max-image-preview:large, max-video-preview:-1\" \/>\n<link rel=\"canonical\" href=\"https:\/\/actbr.com.br\/es\/producto\/transdutor-de-temperatura-tf4-tm4-tm6-ts4\/\" \/>\n<meta property=\"og:locale\" content=\"es_ES\" \/>\n<meta property=\"og:type\" content=\"article\" \/>\n<meta property=\"og:title\" content=\"Transdutor de Temperatura TF4 \/ TM4 \/ TM6 \/ TS4 - ACT Sistemas Hidr\u00e1ulicos\" \/>\n<meta property=\"og:description\" content=\"Consulte as configura\u00e7\u00f5es do Transdutor de Temperatura no modelos TF4, TM4, TM6 e TS4.\" \/>\n<meta property=\"og:url\" content=\"https:\/\/actbr.com.br\/es\/producto\/transdutor-de-temperatura-tf4-tm4-tm6-ts4\/\" \/>\n<meta property=\"og:site_name\" content=\"ACT Sistemas Hidr\u00e1ulicos\" \/>\n<meta property=\"article:modified_time\" content=\"2023-10-31T19:25:50+00:00\" \/>\n<meta property=\"og:image\" content=\"https:\/\/actbr.com.br\/wp-content\/uploads\/2020\/09\/Transdutor-de-temperatura-\u2013-TF4_TM4_TM6_TS4.jpg\" \/>\n\t<meta property=\"og:image:width\" content=\"600\" \/>\n\t<meta property=\"og:image:height\" content=\"400\" \/>\n\t<meta property=\"og:image:type\" content=\"image\/jpeg\" \/>\n<meta name=\"twitter:card\" content=\"summary_large_image\" \/>\n<meta name=\"twitter:label1\" content=\"Tiempo de lectura\" \/>\n\t<meta name=\"twitter:data1\" content=\"2 minutos\" \/>\n<script type=\"application\/ld+json\" class=\"yoast-schema-graph\">{\"@context\":\"https:\/\/schema.org\",\"@graph\":[{\"@type\":\"WebPage\",\"@id\":\"https:\/\/actbr.com.br\/es\/producto\/transdutor-de-temperatura-tf4-tm4-tm6-ts4\/\",\"url\":\"https:\/\/actbr.com.br\/es\/producto\/transdutor-de-temperatura-tf4-tm4-tm6-ts4\/\",\"name\":\"Transdutor de Temperatura TF4 \/ TM4 \/ TM6 \/ TS4 - ACT Sistemas Hidr\u00e1ulicos\",\"isPartOf\":{\"@id\":\"https:\/\/actbr.com.br\/es\/#website\"},\"primaryImageOfPage\":{\"@id\":\"https:\/\/actbr.com.br\/es\/producto\/transdutor-de-temperatura-tf4-tm4-tm6-ts4\/#primaryimage\"},\"image\":{\"@id\":\"https:\/\/actbr.com.br\/es\/producto\/transdutor-de-temperatura-tf4-tm4-tm6-ts4\/#primaryimage\"},\"thumbnailUrl\":\"https:\/\/actbr.com.br\/wp-content\/uploads\/2020\/09\/Transdutor-de-temperatura-\u2013-TF4_TM4_TM6_TS4.jpg\",\"datePublished\":\"2020-09-29T15:46:01+00:00\",\"dateModified\":\"2023-10-31T19:25:50+00:00\",\"description\":\"Consulte as configura\u00e7\u00f5es do Transdutor de Temperatura no modelos TF4, TM4, TM6 e TS4.\",\"breadcrumb\":{\"@id\":\"https:\/\/actbr.com.br\/es\/producto\/transdutor-de-temperatura-tf4-tm4-tm6-ts4\/#breadcrumb\"},\"inLanguage\":\"es\",\"potentialAction\":[{\"@type\":\"ReadAction\",\"target\":[\"https:\/\/actbr.com.br\/es\/producto\/transdutor-de-temperatura-tf4-tm4-tm6-ts4\/\"]}]},{\"@type\":\"ImageObject\",\"inLanguage\":\"es\",\"@id\":\"https:\/\/actbr.com.br\/es\/producto\/transdutor-de-temperatura-tf4-tm4-tm6-ts4\/#primaryimage\",\"url\":\"https:\/\/actbr.com.br\/wp-content\/uploads\/2020\/09\/Transdutor-de-temperatura-\u2013-TF4_TM4_TM6_TS4.jpg\",\"contentUrl\":\"https:\/\/actbr.com.br\/wp-content\/uploads\/2020\/09\/Transdutor-de-temperatura-\u2013-TF4_TM4_TM6_TS4.jpg\",\"width\":600,\"height\":400,\"caption\":\"Transdutor de temperatura \u2013 TF4_TM4_TM6_TS4\"},{\"@type\":\"BreadcrumbList\",\"@id\":\"https:\/\/actbr.com.br\/es\/producto\/transdutor-de-temperatura-tf4-tm4-tm6-ts4\/#breadcrumb\",\"itemListElement\":[{\"@type\":\"ListItem\",\"position\":1,\"name\":\"Comenzar\",\"item\":\"https:\/\/actbr.com.br\/es\/\"},{\"@type\":\"ListItem\",\"position\":2,\"name\":\"Produtos\",\"item\":\"https:\/\/actbr.com.br\/produtos-act\/\"},{\"@type\":\"ListItem\",\"position\":3,\"name\":\"Instrumenta\u00e7\u00e3o\",\"item\":\"https:\/\/actbr.com.br\/es\/categoria-produto\/instrumentacao\/\"},{\"@type\":\"ListItem\",\"position\":4,\"name\":\"Temperatura\",\"item\":\"https:\/\/actbr.com.br\/es\/categoria-produto\/instrumentacao\/temperatura\/\"},{\"@type\":\"ListItem\",\"position\":5,\"name\":\"Transdutor de Temperatura TF4 \/ TM4 \/ TM6 \/ TS4\"}]},{\"@type\":\"WebSite\",\"@id\":\"https:\/\/actbr.com.br\/es\/#website\",\"url\":\"https:\/\/actbr.com.br\/es\/\",\"name\":\"ACT Sistemas Hidr\u00e1ulicos\",\"description\":\"Fabricaci\u00f3n y mantenimiento de componentes de aceite hidr\u00e1ulico\",\"publisher\":{\"@id\":\"https:\/\/actbr.com.br\/es\/#organization\"},\"potentialAction\":[{\"@type\":\"SearchAction\",\"target\":{\"@type\":\"EntryPoint\",\"urlTemplate\":\"https:\/\/actbr.com.br\/es\/?s={search_term_string}\"},\"query-input\":{\"@type\":\"PropertyValueSpecification\",\"valueRequired\":true,\"valueName\":\"search_term_string\"}}],\"inLanguage\":\"es\"},{\"@type\":\"Organization\",\"@id\":\"https:\/\/actbr.com.br\/es\/#organization\",\"name\":\"ACT Sistemas Hidr\u00e1ulicos\",\"url\":\"https:\/\/actbr.com.br\/es\/\",\"logo\":{\"@type\":\"ImageObject\",\"inLanguage\":\"es\",\"@id\":\"https:\/\/actbr.com.br\/es\/#\/schema\/logo\/image\/\",\"url\":\"https:\/\/actbr.com.br\/wp-content\/uploads\/2025\/02\/cropped-ACT_NEGATIVO-marca-dagua.png\",\"contentUrl\":\"https:\/\/actbr.com.br\/wp-content\/uploads\/2025\/02\/cropped-ACT_NEGATIVO-marca-dagua.png\",\"width\":240,\"height\":146,\"caption\":\"ACT Sistemas Hidr\u00e1ulicos\"},\"image\":{\"@id\":\"https:\/\/actbr.com.br\/es\/#\/schema\/logo\/image\/\"}}]}<\/script>\n<!-- \/ Yoast SEO plugin. -->","yoast_head_json":{"title":"Transdutor de Temperatura TF4 \/ TM4 \/ TM6 \/ TS4 - ACT Sistemas Hidr\u00e1ulicos","description":"Consulte as configura\u00e7\u00f5es do Transdutor de Temperatura no modelos TF4, TM4, TM6 e TS4.","robots":{"index":"index","follow":"follow","max-snippet":"max-snippet:-1","max-image-preview":"max-image-preview:large","max-video-preview":"max-video-preview:-1"},"canonical":"https:\/\/actbr.com.br\/es\/producto\/transdutor-de-temperatura-tf4-tm4-tm6-ts4\/","og_locale":"es_ES","og_type":"article","og_title":"Transdutor de Temperatura TF4 \/ TM4 \/ TM6 \/ TS4 - ACT Sistemas Hidr\u00e1ulicos","og_description":"Consulte as configura\u00e7\u00f5es do Transdutor de Temperatura no modelos TF4, TM4, TM6 e TS4.","og_url":"https:\/\/actbr.com.br\/es\/producto\/transdutor-de-temperatura-tf4-tm4-tm6-ts4\/","og_site_name":"ACT Sistemas Hidr\u00e1ulicos","article_modified_time":"2023-10-31T19:25:50+00:00","og_image":[{"width":600,"height":400,"url":"https:\/\/actbr.com.br\/wp-content\/uploads\/2020\/09\/Transdutor-de-temperatura-\u2013-TF4_TM4_TM6_TS4.jpg","type":"image\/jpeg"}],"twitter_card":"summary_large_image","twitter_misc":{"Tiempo de lectura":"2 minutos"},"schema":{"@context":"https:\/\/schema.org","@graph":[{"@type":"WebPage","@id":"https:\/\/actbr.com.br\/es\/producto\/transdutor-de-temperatura-tf4-tm4-tm6-ts4\/","url":"https:\/\/actbr.com.br\/es\/producto\/transdutor-de-temperatura-tf4-tm4-tm6-ts4\/","name":"Transdutor de Temperatura TF4 \/ TM4 \/ TM6 \/ TS4 - ACT Sistemas Hidr\u00e1ulicos","isPartOf":{"@id":"https:\/\/actbr.com.br\/es\/#website"},"primaryImageOfPage":{"@id":"https:\/\/actbr.com.br\/es\/producto\/transdutor-de-temperatura-tf4-tm4-tm6-ts4\/#primaryimage"},"image":{"@id":"https:\/\/actbr.com.br\/es\/producto\/transdutor-de-temperatura-tf4-tm4-tm6-ts4\/#primaryimage"},"thumbnailUrl":"https:\/\/actbr.com.br\/wp-content\/uploads\/2020\/09\/Transdutor-de-temperatura-\u2013-TF4_TM4_TM6_TS4.jpg","datePublished":"2020-09-29T15:46:01+00:00","dateModified":"2023-10-31T19:25:50+00:00","description":"Consulte as configura\u00e7\u00f5es do Transdutor de Temperatura no modelos TF4, TM4, TM6 e TS4.","breadcrumb":{"@id":"https:\/\/actbr.com.br\/es\/producto\/transdutor-de-temperatura-tf4-tm4-tm6-ts4\/#breadcrumb"},"inLanguage":"es","potentialAction":[{"@type":"ReadAction","target":["https:\/\/actbr.com.br\/es\/producto\/transdutor-de-temperatura-tf4-tm4-tm6-ts4\/"]}]},{"@type":"ImageObject","inLanguage":"es","@id":"https:\/\/actbr.com.br\/es\/producto\/transdutor-de-temperatura-tf4-tm4-tm6-ts4\/#primaryimage","url":"https:\/\/actbr.com.br\/wp-content\/uploads\/2020\/09\/Transdutor-de-temperatura-\u2013-TF4_TM4_TM6_TS4.jpg","contentUrl":"https:\/\/actbr.com.br\/wp-content\/uploads\/2020\/09\/Transdutor-de-temperatura-\u2013-TF4_TM4_TM6_TS4.jpg","width":600,"height":400,"caption":"Transdutor de temperatura \u2013 TF4_TM4_TM6_TS4"},{"@type":"BreadcrumbList","@id":"https:\/\/actbr.com.br\/es\/producto\/transdutor-de-temperatura-tf4-tm4-tm6-ts4\/#breadcrumb","itemListElement":[{"@type":"ListItem","position":1,"name":"Comenzar","item":"https:\/\/actbr.com.br\/es\/"},{"@type":"ListItem","position":2,"name":"Produtos","item":"https:\/\/actbr.com.br\/produtos-act\/"},{"@type":"ListItem","position":3,"name":"Instrumenta\u00e7\u00e3o","item":"https:\/\/actbr.com.br\/es\/categoria-produto\/instrumentacao\/"},{"@type":"ListItem","position":4,"name":"Temperatura","item":"https:\/\/actbr.com.br\/es\/categoria-produto\/instrumentacao\/temperatura\/"},{"@type":"ListItem","position":5,"name":"Transdutor de Temperatura TF4 \/ TM4 \/ TM6 \/ TS4"}]},{"@type":"WebSite","@id":"https:\/\/actbr.com.br\/es\/#website","url":"https:\/\/actbr.com.br\/es\/","name":"ACT Sistemas Hidr\u00e1ulicos","description":"Fabricaci\u00f3n y mantenimiento de componentes de aceite hidr\u00e1ulico","publisher":{"@id":"https:\/\/actbr.com.br\/es\/#organization"},"potentialAction":[{"@type":"SearchAction","target":{"@type":"EntryPoint","urlTemplate":"https:\/\/actbr.com.br\/es\/?s={search_term_string}"},"query-input":{"@type":"PropertyValueSpecification","valueRequired":true,"valueName":"search_term_string"}}],"inLanguage":"es"},{"@type":"Organization","@id":"https:\/\/actbr.com.br\/es\/#organization","name":"ACT Sistemas Hidr\u00e1ulicos","url":"https:\/\/actbr.com.br\/es\/","logo":{"@type":"ImageObject","inLanguage":"es","@id":"https:\/\/actbr.com.br\/es\/#\/schema\/logo\/image\/","url":"https:\/\/actbr.com.br\/wp-content\/uploads\/2025\/02\/cropped-ACT_NEGATIVO-marca-dagua.png","contentUrl":"https:\/\/actbr.com.br\/wp-content\/uploads\/2025\/02\/cropped-ACT_NEGATIVO-marca-dagua.png","width":240,"height":146,"caption":"ACT Sistemas Hidr\u00e1ulicos"},"image":{"@id":"https:\/\/actbr.com.br\/es\/#\/schema\/logo\/image\/"}}]}},"_links":{"self":[{"href":"https:\/\/actbr.com.br\/es\/wp-json\/wp\/v2\/product\/3870","targetHints":{"allow":["GET"]}}],"collection":[{"href":"https:\/\/actbr.com.br\/es\/wp-json\/wp\/v2\/product"}],"about":[{"href":"https:\/\/actbr.com.br\/es\/wp-json\/wp\/v2\/types\/product"}],"wp:featuredmedia":[{"embeddable":true,"href":"https:\/\/actbr.com.br\/es\/wp-json\/wp\/v2\/media\/7653"}],"wp:attachment":[{"href":"https:\/\/actbr.com.br\/es\/wp-json\/wp\/v2\/media?parent=3870"}],"wp:term":[{"taxonomy":"product_brand","embeddable":true,"href":"https:\/\/actbr.com.br\/es\/wp-json\/wp\/v2\/product_brand?post=3870"},{"taxonomy":"product_cat","embeddable":true,"href":"https:\/\/actbr.com.br\/es\/wp-json\/wp\/v2\/product_cat?post=3870"},{"taxonomy":"product_tag","embeddable":true,"href":"https:\/\/actbr.com.br\/es\/wp-json\/wp\/v2\/product_tag?post=3870"}],"curies":[{"name":"wp","href":"https:\/\/api.w.org\/{rel}","templated":true}]}}