{"id":3908,"date":"2020-09-29T12:46:40","date_gmt":"2020-09-29T15:46:40","guid":{"rendered":"https:\/\/actbr.com.br\/produto\/filtro-de-succao-filtration-group-mahle-pi-1710-51-drg-100-77661697\/"},"modified":"2023-10-16T13:40:39","modified_gmt":"2023-10-16T16:40:39","slug":"filtro-de-succao-filtration-group-pi-1710-51-drg-100-77661697","status":"publish","type":"product","link":"https:\/\/actbr.com.br\/es\/producto\/filtro-de-succao-filtration-group-pi-1710-51-drg-100-77661697\/","title":{"rendered":"Filtro de Suc\u00e7\u00e3o Filtration Group PI 1710\/51\/DRG 100 (77661697)"},"content":{"rendered":"<p><strong>Filtro de Suc\u00e7\u00e3o Filtration Group (Mahle) \u2013 PI 1710\/51\/DRG 100 (77661697)<\/strong><\/p>\n<p>O Filtro de Suc\u00e7\u00e3o Filtration Group (Mahle) \u2013 PI 1710\/51\/DRG 100 (77661697) protege a bomba de contamina\u00e7\u00e3o do fluido.<\/p>\n<p>\u00c9 instalado antes da conex\u00e3o de entrada da bomba. Alguns podem ser de tela\/celulose submersos no fluido enquanto outros podem ser montados externamente. Normalmente os elementos s\u00e3o de micragem alta para n\u00e3o provocar perda de carga na suc\u00e7\u00e3o da bomba e a consequente cavita\u00e7\u00e3o da mesma. Por esse motivo, s\u00e3o usados como prote\u00e7\u00e3o prim\u00e1ria contra a contamina\u00e7\u00e3o.<\/p>\n<p><strong>Caracter\u00edsticas:<\/strong><br \/>\nRosca: G 1\u2033;<br \/>\nTamanho Nominal: 60 Lpm;<br \/>\nSem bypass;<br \/>\nPart number \u2013 77661697;<br \/>\nMeio filtrante: DRG 100 (100 Microns);<br \/>\nSuperf\u00edcie de Filtragem: 510 cm\u00b2;<br \/>\nFluidos Compat\u00edveis: HLP.<\/p>\n","protected":false},"excerpt":{"rendered":"<p>O Filtro de Suc\u00e7\u00e3o Filtration Group (Mahle) \u2013 PI 1710\/51\/DRG 100 (77661697) protege a bomba de contamina\u00e7\u00e3o do fluido.<\/p>\n","protected":false},"featured_media":7558,"template":"","meta":[],"product_brand":[],"product_cat":[99,67],"product_tag":[],"class_list":{"0":"post-3908","1":"product","2":"type-product","3":"status-publish","4":"has-post-thumbnail","6":"product_cat-filtro-de-succao","7":"product_cat-filtros-e-elementos-filtrante","9":"first","10":"instock","11":"virtual","12":"product-type-simple"},"yoast_head":"<!-- This site is optimized with the Yoast SEO plugin v27.2 - https:\/\/yoast.com\/product\/yoast-seo-wordpress\/ -->\n<title>Filtro de Suc\u00e7\u00e3o Filtration Group PI 1710\/51\/DRG 100 (77661697) - ACT Sistemas Hidr\u00e1ulicos<\/title>\n<meta name=\"description\" content=\"O Filtro de Suc\u00e7\u00e3o Filtration Group (Mahle) - PI 1710\/51\/DRG 100 (77661697) protege a bomba de contamina\u00e7\u00e3o do fluido.\" \/>\n<meta name=\"robots\" content=\"index, follow, max-snippet:-1, max-image-preview:large, max-video-preview:-1\" \/>\n<link rel=\"canonical\" href=\"https:\/\/actbr.com.br\/es\/producto\/filtro-de-succao-filtration-group-pi-1710-51-drg-100-77661697\/\" \/>\n<meta property=\"og:locale\" content=\"es_ES\" \/>\n<meta property=\"og:type\" content=\"article\" \/>\n<meta property=\"og:title\" content=\"Filtro de Suc\u00e7\u00e3o Filtration Group PI 1710\/51\/DRG 100 (77661697) - ACT Sistemas Hidr\u00e1ulicos\" \/>\n<meta property=\"og:description\" content=\"O Filtro de Suc\u00e7\u00e3o Filtration Group (Mahle) - PI 1710\/51\/DRG 100 (77661697) protege a bomba de contamina\u00e7\u00e3o do fluido.\" \/>\n<meta property=\"og:url\" content=\"https:\/\/actbr.com.br\/es\/producto\/filtro-de-succao-filtration-group-pi-1710-51-drg-100-77661697\/\" \/>\n<meta property=\"og:site_name\" content=\"ACT Sistemas Hidr\u00e1ulicos\" \/>\n<meta property=\"article:modified_time\" content=\"2023-10-16T16:40:39+00:00\" \/>\n<meta property=\"og:image\" content=\"https:\/\/actbr.com.br\/wp-content\/uploads\/2020\/09\/Filtro-de-Succao.jpg\" \/>\n\t<meta property=\"og:image:width\" content=\"600\" \/>\n\t<meta property=\"og:image:height\" content=\"600\" \/>\n\t<meta property=\"og:image:type\" content=\"image\/jpeg\" \/>\n<meta name=\"twitter:card\" content=\"summary_large_image\" \/>\n<meta name=\"twitter:label1\" content=\"Tiempo de lectura\" \/>\n\t<meta name=\"twitter:data1\" content=\"1 minuto\" \/>\n<script type=\"application\/ld+json\" class=\"yoast-schema-graph\">{\"@context\":\"https:\/\/schema.org\",\"@graph\":[{\"@type\":\"WebPage\",\"@id\":\"https:\/\/actbr.com.br\/es\/producto\/filtro-de-succao-filtration-group-pi-1710-51-drg-100-77661697\/\",\"url\":\"https:\/\/actbr.com.br\/es\/producto\/filtro-de-succao-filtration-group-pi-1710-51-drg-100-77661697\/\",\"name\":\"Filtro de Suc\u00e7\u00e3o Filtration Group PI 1710\/51\/DRG 100 (77661697) - ACT Sistemas Hidr\u00e1ulicos\",\"isPartOf\":{\"@id\":\"https:\/\/actbr.com.br\/es\/#website\"},\"primaryImageOfPage\":{\"@id\":\"https:\/\/actbr.com.br\/es\/producto\/filtro-de-succao-filtration-group-pi-1710-51-drg-100-77661697\/#primaryimage\"},\"image\":{\"@id\":\"https:\/\/actbr.com.br\/es\/producto\/filtro-de-succao-filtration-group-pi-1710-51-drg-100-77661697\/#primaryimage\"},\"thumbnailUrl\":\"https:\/\/actbr.com.br\/wp-content\/uploads\/2020\/09\/Filtro-de-Succao.jpg\",\"datePublished\":\"2020-09-29T15:46:40+00:00\",\"dateModified\":\"2023-10-16T16:40:39+00:00\",\"description\":\"O Filtro de Suc\u00e7\u00e3o Filtration Group (Mahle) - PI 1710\/51\/DRG 100 (77661697) protege a bomba de contamina\u00e7\u00e3o do fluido.\",\"breadcrumb\":{\"@id\":\"https:\/\/actbr.com.br\/es\/producto\/filtro-de-succao-filtration-group-pi-1710-51-drg-100-77661697\/#breadcrumb\"},\"inLanguage\":\"es\",\"potentialAction\":[{\"@type\":\"ReadAction\",\"target\":[\"https:\/\/actbr.com.br\/es\/producto\/filtro-de-succao-filtration-group-pi-1710-51-drg-100-77661697\/\"]}]},{\"@type\":\"ImageObject\",\"inLanguage\":\"es\",\"@id\":\"https:\/\/actbr.com.br\/es\/producto\/filtro-de-succao-filtration-group-pi-1710-51-drg-100-77661697\/#primaryimage\",\"url\":\"https:\/\/actbr.com.br\/wp-content\/uploads\/2020\/09\/Filtro-de-Succao.jpg\",\"contentUrl\":\"https:\/\/actbr.com.br\/wp-content\/uploads\/2020\/09\/Filtro-de-Succao.jpg\",\"width\":600,\"height\":600,\"caption\":\"Filtro de Suc\u00e7\u00e3o\"},{\"@type\":\"BreadcrumbList\",\"@id\":\"https:\/\/actbr.com.br\/es\/producto\/filtro-de-succao-filtration-group-pi-1710-51-drg-100-77661697\/#breadcrumb\",\"itemListElement\":[{\"@type\":\"ListItem\",\"position\":1,\"name\":\"Comenzar\",\"item\":\"https:\/\/actbr.com.br\/es\/\"},{\"@type\":\"ListItem\",\"position\":2,\"name\":\"Produtos\",\"item\":\"https:\/\/actbr.com.br\/produtos-act\/\"},{\"@type\":\"ListItem\",\"position\":3,\"name\":\"Filtros e Elementos Filtrante\",\"item\":\"https:\/\/actbr.com.br\/es\/categoria-produto\/filtros-e-elementos-filtrante\/\"},{\"@type\":\"ListItem\",\"position\":4,\"name\":\"Filtro de Suc\u00e7\u00e3o\",\"item\":\"https:\/\/actbr.com.br\/es\/categoria-produto\/filtros-e-elementos-filtrante\/filtro-de-succao\/\"},{\"@type\":\"ListItem\",\"position\":5,\"name\":\"Filtro de Suc\u00e7\u00e3o Filtration Group PI 1710\/51\/DRG 100 (77661697)\"}]},{\"@type\":\"WebSite\",\"@id\":\"https:\/\/actbr.com.br\/es\/#website\",\"url\":\"https:\/\/actbr.com.br\/es\/\",\"name\":\"ACT Sistemas Hidr\u00e1ulicos\",\"description\":\"Fabricaci\u00f3n y mantenimiento de componentes de aceite hidr\u00e1ulico\",\"publisher\":{\"@id\":\"https:\/\/actbr.com.br\/es\/#organization\"},\"potentialAction\":[{\"@type\":\"SearchAction\",\"target\":{\"@type\":\"EntryPoint\",\"urlTemplate\":\"https:\/\/actbr.com.br\/es\/?s={search_term_string}\"},\"query-input\":{\"@type\":\"PropertyValueSpecification\",\"valueRequired\":true,\"valueName\":\"search_term_string\"}}],\"inLanguage\":\"es\"},{\"@type\":\"Organization\",\"@id\":\"https:\/\/actbr.com.br\/es\/#organization\",\"name\":\"ACT Sistemas Hidr\u00e1ulicos\",\"url\":\"https:\/\/actbr.com.br\/es\/\",\"logo\":{\"@type\":\"ImageObject\",\"inLanguage\":\"es\",\"@id\":\"https:\/\/actbr.com.br\/es\/#\/schema\/logo\/image\/\",\"url\":\"https:\/\/actbr.com.br\/wp-content\/uploads\/2025\/02\/cropped-ACT_NEGATIVO-marca-dagua.png\",\"contentUrl\":\"https:\/\/actbr.com.br\/wp-content\/uploads\/2025\/02\/cropped-ACT_NEGATIVO-marca-dagua.png\",\"width\":240,\"height\":146,\"caption\":\"ACT Sistemas Hidr\u00e1ulicos\"},\"image\":{\"@id\":\"https:\/\/actbr.com.br\/es\/#\/schema\/logo\/image\/\"}}]}<\/script>\n<!-- \/ Yoast SEO plugin. -->","yoast_head_json":{"title":"Filtro de Suc\u00e7\u00e3o Filtration Group PI 1710\/51\/DRG 100 (77661697) - ACT Sistemas Hidr\u00e1ulicos","description":"O Filtro de Suc\u00e7\u00e3o Filtration Group (Mahle) - PI 1710\/51\/DRG 100 (77661697) protege a bomba de contamina\u00e7\u00e3o do fluido.","robots":{"index":"index","follow":"follow","max-snippet":"max-snippet:-1","max-image-preview":"max-image-preview:large","max-video-preview":"max-video-preview:-1"},"canonical":"https:\/\/actbr.com.br\/es\/producto\/filtro-de-succao-filtration-group-pi-1710-51-drg-100-77661697\/","og_locale":"es_ES","og_type":"article","og_title":"Filtro de Suc\u00e7\u00e3o Filtration Group PI 1710\/51\/DRG 100 (77661697) - ACT Sistemas Hidr\u00e1ulicos","og_description":"O Filtro de Suc\u00e7\u00e3o Filtration Group (Mahle) - PI 1710\/51\/DRG 100 (77661697) protege a bomba de contamina\u00e7\u00e3o do fluido.","og_url":"https:\/\/actbr.com.br\/es\/producto\/filtro-de-succao-filtration-group-pi-1710-51-drg-100-77661697\/","og_site_name":"ACT Sistemas Hidr\u00e1ulicos","article_modified_time":"2023-10-16T16:40:39+00:00","og_image":[{"width":600,"height":600,"url":"https:\/\/actbr.com.br\/wp-content\/uploads\/2020\/09\/Filtro-de-Succao.jpg","type":"image\/jpeg"}],"twitter_card":"summary_large_image","twitter_misc":{"Tiempo de lectura":"1 minuto"},"schema":{"@context":"https:\/\/schema.org","@graph":[{"@type":"WebPage","@id":"https:\/\/actbr.com.br\/es\/producto\/filtro-de-succao-filtration-group-pi-1710-51-drg-100-77661697\/","url":"https:\/\/actbr.com.br\/es\/producto\/filtro-de-succao-filtration-group-pi-1710-51-drg-100-77661697\/","name":"Filtro de Suc\u00e7\u00e3o Filtration Group PI 1710\/51\/DRG 100 (77661697) - ACT Sistemas Hidr\u00e1ulicos","isPartOf":{"@id":"https:\/\/actbr.com.br\/es\/#website"},"primaryImageOfPage":{"@id":"https:\/\/actbr.com.br\/es\/producto\/filtro-de-succao-filtration-group-pi-1710-51-drg-100-77661697\/#primaryimage"},"image":{"@id":"https:\/\/actbr.com.br\/es\/producto\/filtro-de-succao-filtration-group-pi-1710-51-drg-100-77661697\/#primaryimage"},"thumbnailUrl":"https:\/\/actbr.com.br\/wp-content\/uploads\/2020\/09\/Filtro-de-Succao.jpg","datePublished":"2020-09-29T15:46:40+00:00","dateModified":"2023-10-16T16:40:39+00:00","description":"O Filtro de Suc\u00e7\u00e3o Filtration Group (Mahle) - PI 1710\/51\/DRG 100 (77661697) protege a bomba de contamina\u00e7\u00e3o do fluido.","breadcrumb":{"@id":"https:\/\/actbr.com.br\/es\/producto\/filtro-de-succao-filtration-group-pi-1710-51-drg-100-77661697\/#breadcrumb"},"inLanguage":"es","potentialAction":[{"@type":"ReadAction","target":["https:\/\/actbr.com.br\/es\/producto\/filtro-de-succao-filtration-group-pi-1710-51-drg-100-77661697\/"]}]},{"@type":"ImageObject","inLanguage":"es","@id":"https:\/\/actbr.com.br\/es\/producto\/filtro-de-succao-filtration-group-pi-1710-51-drg-100-77661697\/#primaryimage","url":"https:\/\/actbr.com.br\/wp-content\/uploads\/2020\/09\/Filtro-de-Succao.jpg","contentUrl":"https:\/\/actbr.com.br\/wp-content\/uploads\/2020\/09\/Filtro-de-Succao.jpg","width":600,"height":600,"caption":"Filtro de Suc\u00e7\u00e3o"},{"@type":"BreadcrumbList","@id":"https:\/\/actbr.com.br\/es\/producto\/filtro-de-succao-filtration-group-pi-1710-51-drg-100-77661697\/#breadcrumb","itemListElement":[{"@type":"ListItem","position":1,"name":"Comenzar","item":"https:\/\/actbr.com.br\/es\/"},{"@type":"ListItem","position":2,"name":"Produtos","item":"https:\/\/actbr.com.br\/produtos-act\/"},{"@type":"ListItem","position":3,"name":"Filtros e Elementos Filtrante","item":"https:\/\/actbr.com.br\/es\/categoria-produto\/filtros-e-elementos-filtrante\/"},{"@type":"ListItem","position":4,"name":"Filtro de Suc\u00e7\u00e3o","item":"https:\/\/actbr.com.br\/es\/categoria-produto\/filtros-e-elementos-filtrante\/filtro-de-succao\/"},{"@type":"ListItem","position":5,"name":"Filtro de Suc\u00e7\u00e3o Filtration Group PI 1710\/51\/DRG 100 (77661697)"}]},{"@type":"WebSite","@id":"https:\/\/actbr.com.br\/es\/#website","url":"https:\/\/actbr.com.br\/es\/","name":"ACT Sistemas Hidr\u00e1ulicos","description":"Fabricaci\u00f3n y mantenimiento de componentes de aceite hidr\u00e1ulico","publisher":{"@id":"https:\/\/actbr.com.br\/es\/#organization"},"potentialAction":[{"@type":"SearchAction","target":{"@type":"EntryPoint","urlTemplate":"https:\/\/actbr.com.br\/es\/?s={search_term_string}"},"query-input":{"@type":"PropertyValueSpecification","valueRequired":true,"valueName":"search_term_string"}}],"inLanguage":"es"},{"@type":"Organization","@id":"https:\/\/actbr.com.br\/es\/#organization","name":"ACT Sistemas Hidr\u00e1ulicos","url":"https:\/\/actbr.com.br\/es\/","logo":{"@type":"ImageObject","inLanguage":"es","@id":"https:\/\/actbr.com.br\/es\/#\/schema\/logo\/image\/","url":"https:\/\/actbr.com.br\/wp-content\/uploads\/2025\/02\/cropped-ACT_NEGATIVO-marca-dagua.png","contentUrl":"https:\/\/actbr.com.br\/wp-content\/uploads\/2025\/02\/cropped-ACT_NEGATIVO-marca-dagua.png","width":240,"height":146,"caption":"ACT Sistemas Hidr\u00e1ulicos"},"image":{"@id":"https:\/\/actbr.com.br\/es\/#\/schema\/logo\/image\/"}}]}},"_links":{"self":[{"href":"https:\/\/actbr.com.br\/es\/wp-json\/wp\/v2\/product\/3908","targetHints":{"allow":["GET"]}}],"collection":[{"href":"https:\/\/actbr.com.br\/es\/wp-json\/wp\/v2\/product"}],"about":[{"href":"https:\/\/actbr.com.br\/es\/wp-json\/wp\/v2\/types\/product"}],"wp:featuredmedia":[{"embeddable":true,"href":"https:\/\/actbr.com.br\/es\/wp-json\/wp\/v2\/media\/7558"}],"wp:attachment":[{"href":"https:\/\/actbr.com.br\/es\/wp-json\/wp\/v2\/media?parent=3908"}],"wp:term":[{"taxonomy":"product_brand","embeddable":true,"href":"https:\/\/actbr.com.br\/es\/wp-json\/wp\/v2\/product_brand?post=3908"},{"taxonomy":"product_cat","embeddable":true,"href":"https:\/\/actbr.com.br\/es\/wp-json\/wp\/v2\/product_cat?post=3908"},{"taxonomy":"product_tag","embeddable":true,"href":"https:\/\/actbr.com.br\/es\/wp-json\/wp\/v2\/product_tag?post=3908"}],"curies":[{"name":"wp","href":"https:\/\/api.w.org\/{rel}","templated":true}]}}