{"id":3927,"date":"2020-09-29T12:46:40","date_gmt":"2020-09-29T15:46:40","guid":{"rendered":"https:\/\/actbr.com.br\/produto\/medidor-de-vazao-tipo-engrenagem-vc-kracht\/"},"modified":"2023-10-31T16:19:12","modified_gmt":"2023-10-31T19:19:12","slug":"medidor-de-vazao-de-engrenagem-vc-kracht","status":"publish","type":"product","link":"https:\/\/actbr.com.br\/es\/producto\/medidor-de-vazao-de-engrenagem-vc-kracht\/","title":{"rendered":"Medidor de Vaz\u00e3o de Engrenagem VC (Kracht)"},"content":{"rendered":"<p><strong>Medidor de Vaz\u00e3o Tipo Engrenagem \u2013 S\u00e9rie VC (Kracht)<\/strong><\/p>\n<p>Funcionam a partir do princ\u00edpio de motor de engrenagens, as engrenagens n\u00e3o chegam a se tocar, o movimento \u00e9 captado por sensores localizados na tampa do medidor. \u00a0Entre o compartimento do sensor e a c\u00e2mara de medi\u00e7\u00e3o existe um separador n\u00e3o magn\u00e9tico resistente \u00e0 press\u00e3o. Quando o mecanismo registra o deslocamento referente a um dente da engrenagem, o sensor emite um sinal correspondente. \u00a0O sinal recebido por um amplificador em onda \u00abquadrada\u00bb por meio da compara\u00e7\u00e3o de dois canais \u00e9 convertido em contagem volum\u00e9trica, permitindo uma melhor resolu\u00e7\u00e3o de vaz\u00e3o, al\u00e9m de reconhecer o sentido do fluxo.<\/p>\n<p>Princ\u00edpio de funcionamento:<br \/>\n<img decoding=\"async\" src=\"https:\/\/actbr.com.br\/wp-content\/uploads\/2020\/09\/funcionamento-vca-kracht.jpg\" alt=\"\" \/><\/p>\n<p>Como solicitar seu modelo:<\/p>\n<p><img decoding=\"async\" src=\"https:\/\/actbr.com.br\/wp-content\/uploads\/2020\/09\/codigos-medidores-de-vazao-kracht-vc.jpg\" alt=\"\" \/><\/p>\n<p>Configura\u00e7\u00f5es dispon\u00edveis:<\/p>\n<p>VC 0,025 F1 PS P.0133600001 0,008\u00a0 2 l\/min \/ 400 bar<br \/>\nVC 0,025 E1 PS P.0133600002 0,008\u00a0 2 l\/min \/ 400 bar<br \/>\nVC 0,025 P1 PS P.0133600003 0,008\u00a0 2 l\/min \/ 400 bar<br \/>\nVC 0,025 F5 RS P.0148380001 0,02\u00a0 2 l\/min \/ 400 bar<br \/>\nVC 0,025 E5 RS P.0148380002 0,02\u00a0 2 l\/min \/ 400 bar<br \/>\nVC 0,025 P5 RS P.0148380003 0,02\u00a0 2 l\/min \/ 400 bar<br \/>\nVC 0,025 F5 PS P.0148390001 0,02\u00a0 2 l\/min \/ 400 bar<br \/>\nVC 0,025 E5 PS P.0148390002 0,02\u00a0 2 l\/min \/ 400 bar<br \/>\nVC 0,025 P5 PS P.0148390003 0,02\u00a0 2 l\/min \/ 400 bar<br \/>\nVC 0,025 F6 RS P.0146890001 0,008\u00a0 2 l\/min \/ 400 bar<br \/>\nVC 0,025 E6 RS P.0146890002 0,008\u00a0 2 l\/min \/ 400 bar<br \/>\nVC 0,025 P6 RS P.0146890003 0,008\u00a0 2 l\/min \/ 400 bar<br \/>\nVC 0,025 F6 PS P.0146900001 0,008\u00a0 2 l\/min \/ 400 bar<br \/>\nVC 0,025 E6 PS P.0146900002 0,008\u00a0 2 l\/min \/ 400 bar<br \/>\nVC 0,025 P6 PS P.0146900003 0,008\u00a0 2 l\/min \/ 400 bar<br \/>\nVC 0,025 F7 PS P.0144580001 0,008\u00a0 2 l\/min \/ 400 bar<br \/>\nVC 0,025 P7 PS P.0144580003 0,008\u00a0 2 l\/min \/ 400 bar<br \/>\nVC 0,025 F8 RS P.0146960001 0,008\u00a0 2 l\/min \/ 400 bar<br \/>\nVC 0,025 P8 RS P.0146960003 0,008\u00a0 2 l\/min \/ 400 bar<br \/>\nVC 0,025 F8 PS P.0146930001 0,008\u00a0 2 l\/min \/ 400 bar<br \/>\nVC 0,025 P8 PS P.0146930003 0,008\u00a0 2 l\/min \/ 400 bar<br \/>\nVC 0,04 F1 PS P.0140790001 0,02\u00a0 4 l\/min \/ 400 bar<br \/>\nVC 0,04 E1 PS P.0140790002 0,02\u00a0 4 l\/min \/ 400 bar<br \/>\nVC 0,04 P1 PS P.0140790003 0,02\u00a0 4 l\/min \/ 400 bar<br \/>\nVC 0,04 F6 RS P.0155890001 0,02\u00a0 4 l\/min \/ 400 bar<br \/>\nVC 0,04 E6 RS P.0155890002 0,02\u00a0 4 l\/min \/ 400 bar<br \/>\nVC 0,04 P6 RS P.0155890003 0,02\u00a0 4 l\/min \/ 400 bar<br \/>\nVC 0,04 F6 PS P.0163930001 0,02\u00a0 4 l\/min \/ 400 bar<br \/>\nVC 0,04 P6 PS P.0163930003 0,02\u00a0 4 l\/min \/ 400 bar<br \/>\nVC 0,04 F7 PS 0,02\u00a0 4 l\/min \/ 400 bar<br \/>\nVC 0,04 P7 PS 0,02\u00a0 4 l\/min \/ 400 bar<br \/>\nVC 0,04 F8 RS P.0155250001 0,02\u00a0 4 l\/min \/ 400 bar<br \/>\nVC 0,04 P8 RS P.0155250003 0,02\u00a0 4 l\/min \/ 400 bar<br \/>\nVC 0,04 F8 PS P.0160290001 0,02\u00a0 4 l\/min \/ 400 bar<br \/>\nVC 0,04 P8 PS P.0160290003 0,02\u00a0 4 l\/min \/ 400 bar<br \/>\nVC 0,1 F1 PS P.0157920001 0,04\u00a0 8 l\/min \/ 400 bar<br \/>\nVC 0,1 E1 PS P.0157920002 0,04\u00a0 8 l\/min \/ 400 bar<br \/>\nVC 0,1 P1 PS P.0157920003 0,04\u00a0 8 l\/min \/ 400 bar<br \/>\nVC 0,1 F4 PS P.0175460001 0,04\u00a0 8 l\/min \/ 400 bar<br \/>\nVC 0,1 F6 RS P.0164040001 0,04\u00a0 8 l\/min \/ 400 bar<br \/>\nVC 0,1 E6 RS P.0164040002 0,04\u00a0 8 l\/min \/ 400 bar<br \/>\nVC 0,1 P6 RS P.0164040003 0,04\u00a0 8 l\/min \/ 400 bar<br \/>\nVC 0,1 F6 PS P.0164030001 0,04\u00a0 8 l\/min \/ 400 bar<br \/>\nVC 0,1 E6 PS P.0164030002 0,04\u00a0 8 l\/min \/ 400 bar<br \/>\nVC 0,1 P6 PS P.0164030003 0,04\u00a0 8 l\/min \/ 400 bar<br \/>\nVC 0,1 F7 PS P.0186880001 0,04\u00a0 8 l\/min \/ 400 bar<br \/>\nVC 0,2 F1 PS P.0127690001 0,16\u00a0 16 l\/min \/ 400 bar<br \/>\nVC 0,2 E1 PS P.0127690002 0,16\u00a0 16 l\/min \/ 400 bar<br \/>\nVC 0,2 P1 PS P.0127690003 0,16\u00a0 16 l\/min \/ 400 bar<br \/>\nVC 0,2 F2 PS P.0128080001 0,16\u00a0 16 l\/min \/ 400 bar<br \/>\nVC 0,2 E2 PS P.0128080002 0,16\u00a0 16 l\/min \/ 400 bar<br \/>\nVC 0,2 P2 PS P.0128080003 0,16\u00a0 16 l\/min \/ 400 bar<br \/>\nVC 0,2 F4 PS P.0128090001 0,16\u00a0 16 l\/min \/ 400 bar<br \/>\nVC 0,2 E4 PS P.0128090002 0,16\u00a0 16 l\/min \/ 400 bar<br \/>\nVC 0,2 P4 PS P.0128090003 0,16\u00a0 16 l\/min \/ 400 bar<br \/>\nVC 0,2 F5 RS P.0138530001 0,16\u00a0 16 l\/min \/ 400 bar<br \/>\nVC 0,2 P5 RS P.0138530003 0,16\u00a0 16 l\/min \/ 400 bar<br \/>\nVC 0,2 F5 PS P.0143520001 0,16\u00a0 16 l\/min \/ 400 bar<br \/>\nVC 0,2 P5 PS P.0143520003 0,16\u00a0 16 l\/min \/ 400 bar<br \/>\nVC 0,2 F6 RS P.0147700001 0,16\u00a0 16 l\/min \/ 400 bar<br \/>\nVC 0,2 E6 RS P.0147700002 0,16\u00a0 16 l\/min \/ 400 bar<br \/>\nVC 0,2 P6 RS P.0147700003 0,16\u00a0 16 l\/min \/ 400 bar<br \/>\nVC 0,2 F6 PS P.0147730001 0,16\u00a0 16 l\/min \/ 400 bar<br \/>\nVC 0,2 E6 PS P.0147730002 0,16\u00a0 16 l\/min \/ 400 bar<br \/>\nVC 0,2 P6 PS P.0147730003 0,16\u00a0 16 l\/min \/ 400 bar<br \/>\nVC 0,2 F7 PS P.0152700001 0,16\u00a0 16 l\/min \/ 400 bar<br \/>\nVC 0,2 P7 PS P.0152700003 0,16\u00a0 16 l\/min \/ 400 bar<br \/>\nVC 0,2 F8 RS P.0151900001 0,16\u00a0 16 l\/min \/ 400 bar<br \/>\nVC 0,2 P8 RS P.0151900003 0,16\u00a0 16 l\/min \/ 400 bar<br \/>\nVC 0,2 F8 PS P.0152100001 0,16\u00a0 16 l\/min \/ 400 bar<br \/>\nVC 0,2 P8 PS P.0152100003 0,16\u00a0 16 l\/min \/ 400 bar<br \/>\nVC 0,4 F1 PS P.0143540001 0,2\u00a0 40 l\/min \/ 400 bar<br \/>\nVC 0,4 E1 PS P.0143540002 0,2\u00a0 40 l\/min \/ 400 bar<br \/>\nVC 0,4 P1 PS P.0143540003 0,2\u00a0 40 l\/min \/ 400 bar<br \/>\nVC 0,4 F4 PS P.0143080001 0,2\u00a0 30 l\/min \/ 400 bar<br \/>\nVC 0,4 E4 PS P.0143080002 0,2\u00a0 30 l\/min \/ 400 bar<br \/>\nVC 0,4 P4 PS P.0143080003 0,2\u00a0 30 l\/min \/ 400 bar<br \/>\nVC 1 F1 PS P.0127740001 0,4\u00a0 80 l\/min \/ 400 bar<br \/>\nVC 1 E1 PS P.0127740002 0,4\u00a0 80 l\/min \/ 400 bar<br \/>\nVC 1 P1 PS P.0127740003 0,4\u00a0 80 l\/min \/ 400 bar<br \/>\nVC 1 F2 PS P.0128060001 0,4\u00a0 80 l\/min \/ 400 bar<br \/>\nVC 1 E2 PS P.0128060002 0,4\u00a0 80 l\/min \/ 400 bar<br \/>\nVC 1 P2 PS P.0128060003 0,4\u00a0 80 l\/min \/ 400 bar<br \/>\nVC 1 F3 PS P.0128490001 0,6\u00a0 40 l\/min \/ 400 bar<br \/>\nVC 1 F3 RS P.0129580001 0,6\u00a0 40 l\/min \/ 400 bar<br \/>\nVC 1 F4 PS P.0128070001 0,3\u00a0 60 l\/min \/ 400 bar<br \/>\nVC 1 P4 PS P.0128070003 0,3\u00a0 60 l\/min \/ 400 bar<br \/>\nVC 1 F5 RS P.0138870001 0,3\u00a0 60 l\/min \/ 400 bar<br \/>\nVC 1 P5 RS P.0138870003 0,3\u00a0 60 l\/min \/ 400 bar<br \/>\nVC 1 F5 PS P.0142850001 0,3\u00a0 60 l\/min \/ 400 bar<br \/>\nVC 1 P5 PS P.0142850003 0,3\u00a0 60 l\/min \/ 400 bar<br \/>\nVC 1 F6 RS P.0147450001 0,4\u00a0 80 l\/min \/ 400 bar<br \/>\nVC 1 E6 RS P.0147450002 0,4\u00a0 80 l\/min \/ 400 bar<br \/>\nVC 1 P6 RS P.0147450003 0,4\u00a0 80 l\/min \/ 400 bar<br \/>\nVC 1 F6 PS P.0147470001 0,4\u00a0 80 l\/min \/ 400 bar<br \/>\nVC 1 E6 PS P.0147470002 0,4\u00a0 80 l\/min \/ 400 bar<br \/>\nVC 1 P6 PS P.0147470003 0,4\u00a0 80 l\/min \/ 400 bar<br \/>\nVC 1 E7 PS P.0173650002 0,4\u00a0 80 l\/min \/ 400 bar<br \/>\nVC 1 F7 PS 0,4\u00a0 80 l\/min \/ 400 bar<br \/>\nVC 1 P7 PS 0,4\u00a0 80 l\/min \/ 400 bar<br \/>\nVC 1 F8 RS P.0147460001 0,4\u00a0 80 l\/min \/ 400 bar<br \/>\nVC 1 P8 RS P.0147460003 0,4\u00a0 80 l\/min \/ 400 bar<br \/>\nVC 1 F8 PS P.0147480001 0,4\u00a0 80 l\/min \/ 400 bar<br \/>\nVC 1 P8 PS P.0147480003 0,4\u00a0 80 l\/min \/ 400 bar<br \/>\nVC 3 F1 PS P.0143150001 0,6\u00a0 160 l\/min \/ 315 bar<br \/>\nVC 3 E1 PS P.0143150002 0,6\u00a0 160 l\/min \/ 315 bar<br \/>\nVC 3 P1 PS P.0143150003 0,6\u00a0 160 l\/min \/ 315 bar<br \/>\nVC 3 F1 PS\/79 P.0150820001 0,6\u00a0 160 l\/min \/ 400 bar<br \/>\nVC 3 F4 PS P.0131880001 0,6\u00a0 100 l\/min \/ 315 bar<br \/>\nVC 3 P4 PS P.0131880003 0,6\u00a0 100 l\/min \/ 315 bar<br \/>\nVC 3 F5 RS P.0144500001 0,6\u00a0 100 l\/min \/ 315 bar<br \/>\nVC 3 P5 RS P.0144500003 0,6\u00a0 100 l\/min \/ 315 bar<br \/>\nVC 3 F5 PS P.0144510001 0,6\u00a0 100 l\/min \/ 315 bar<br \/>\nVC 3 P5 PS P.0144510003 0,6\u00a0 100 l\/min \/ 315 bar<br \/>\nVC 3 F6 RS P.0149380001 0,6\u00a0 160 l\/min \/ 315 bar<br \/>\nVC 3 P6 RS P.0149380003 0,6\u00a0 160 l\/min \/ 315 bar<br \/>\nVC 3 F6 PS P.0149370001 0,6\u00a0 160 l\/min \/ 315 bar<br \/>\nVC 3 P6 PS P.0149370003 0,6\u00a0 160 l\/min \/ 315 bar<br \/>\nVC 5 F1 PS P.0128100001 1\u00a0 250 l\/min \/ 315 bar<br \/>\nVC 5 E1 PS P.0128100002 1\u00a0 250 l\/min \/ 315 bar<br \/>\nVC 5 P1 PS P.0128100003 1\u00a0 250 l\/min \/ 315 bar<br \/>\nVC 5 F1 PS\/79 P.0149580001 1\u00a0 250 l\/min \/ 400 bar<br \/>\nVC 5 F2 PS P.0130520001 1\u00a0 250 l\/min \/ 315 bar<br \/>\nVC 5 E2 PS P.0130520002 1\u00a0 250 l\/min \/ 315 bar<br \/>\nVC 5 P2 PS P.0130520003 1\u00a0 250 l\/min \/ 315 bar<br \/>\nVC 5 F3 PS P.0131860001 1,2\u00a0 80 l\/min \/ 315 bar<br \/>\nVC 5 F4 PS P.0131870001 1\u00a0 160 l\/min \/ 315 bar<br \/>\nVC 5 P4 PS P.0131870003 1\u00a0 160 l\/min \/ 315 bar<br \/>\nVC 5 F5 RS P.0144520001 1\u00a0 160 l\/min \/ 315 bar<br \/>\nVC 5 P5 RS P.0144520003 1\u00a0 160 l\/min \/ 315 bar<br \/>\nVC 5 F5 PS P.0144530001 1\u00a0 160 l\/min \/ 315 bar<br \/>\nVC 5 P5 PS P.0144530003 1\u00a0 160 l\/min \/ 315 bar<br \/>\nVC 5 F6 RS P.0149360001 1\u00a0 250 l\/min \/ 315 bar<br \/>\nVC 5 P6 RS P.0149360003 1\u00a0 250 l\/min \/ 315 bar<br \/>\nVC 5 F6 PS P.0149350001 1\u00a0 250 l\/min \/ 315 bar<br \/>\nVC 5 P6 PS P.0149350003 1\u00a0 250 l\/min \/ 315 bar<br \/>\nVC 5 F1 RS\/165 P.0190350001 1\u00a0 160 l\/min \/ 80 bar<br \/>\nVC 10 BK P2S 71 P.0154200001 3\u00a0 315 l\/min \/ 210 bar<br \/>\nVC 10 CK P2S 71 P.0154200002 3\u00a0 315 l\/min \/ 210 bar<br \/>\nVC 10 DK P2S 71 P.0154200003 3\u00a0 315 l\/min \/ 210 bar<br \/>\nVC 10 BP P2S 71 P.0154200004 3\u00a0 315 l\/min \/ 210 bar<br \/>\nVC 12 F1 PS P.0166340001 2\u00a0 600 l\/min \/ 400 bar<br \/>\nVC 12 E1 PS P.0166340002 2\u00a0 600 l\/min \/ 400 bar<br \/>\nVC 12 P1 PS P.0166340003 2\u00a0 600 l\/min \/ 400 bar<br \/>\nVC 16 F1 PS P.0166320001 3\u00a0 700 l\/min \/ 400 bar<br \/>\nVC 16 E1 PS P.0166320002 3\u00a0 700 l\/min \/ 400 bar<br \/>\nVC 16 P1 PS P.0166320003 3\u00a0 700 l\/min \/ 400 bar<\/p>\n","protected":false},"excerpt":{"rendered":"<div>Encontre aqui as configura\u00e7\u00f5es dispon\u00edveis para solicitar o Medidor de Fluxo KRACHT \u2013 S\u00e9rie VC.<\/div>\n<div class=\"product_meta\"><\/div>\n","protected":false},"featured_media":7610,"template":"","meta":[],"product_brand":[],"product_cat":[63,118],"product_tag":[],"class_list":{"0":"post-3927","1":"product","2":"type-product","3":"status-publish","4":"has-post-thumbnail","6":"product_cat-instrumentacao","7":"product_cat-medidor-de-vazao","9":"first","10":"instock","11":"virtual","12":"product-type-simple"},"yoast_head":"<!-- This site is optimized with the Yoast SEO plugin v27.2 - https:\/\/yoast.com\/product\/yoast-seo-wordpress\/ -->\n<title>Medidor de Vaz\u00e3o de Engrenagem VC (Kracht) - ACT Sistemas Hidr\u00e1ulicos<\/title>\n<meta name=\"description\" content=\"Encontre aqui as configura\u00e7\u00f5es dispon\u00edveis para solicitar o Medidor de Fluxo KRACHT \u2013 S\u00e9rie VC.\" \/>\n<meta name=\"robots\" content=\"index, follow, max-snippet:-1, max-image-preview:large, max-video-preview:-1\" \/>\n<link rel=\"canonical\" href=\"https:\/\/actbr.com.br\/es\/producto\/medidor-de-vazao-de-engrenagem-vc-kracht\/\" \/>\n<meta property=\"og:locale\" content=\"es_ES\" \/>\n<meta property=\"og:type\" content=\"article\" \/>\n<meta property=\"og:title\" content=\"Medidor de Vaz\u00e3o de Engrenagem VC (Kracht) - ACT Sistemas Hidr\u00e1ulicos\" \/>\n<meta property=\"og:description\" content=\"Encontre aqui as configura\u00e7\u00f5es dispon\u00edveis para solicitar o Medidor de Fluxo KRACHT \u2013 S\u00e9rie VC.\" \/>\n<meta property=\"og:url\" content=\"https:\/\/actbr.com.br\/es\/producto\/medidor-de-vazao-de-engrenagem-vc-kracht\/\" \/>\n<meta property=\"og:site_name\" content=\"ACT Sistemas Hidr\u00e1ulicos\" \/>\n<meta property=\"article:modified_time\" content=\"2023-10-31T19:19:12+00:00\" \/>\n<meta property=\"og:image\" content=\"https:\/\/actbr.com.br\/wp-content\/uploads\/2020\/09\/Medidor-de-vazao-tipo-engrenagem-\u2013-VC-Kracht.jpg\" \/>\n\t<meta property=\"og:image:width\" content=\"500\" \/>\n\t<meta property=\"og:image:height\" content=\"345\" \/>\n\t<meta property=\"og:image:type\" content=\"image\/jpeg\" \/>\n<meta name=\"twitter:card\" content=\"summary_large_image\" \/>\n<meta name=\"twitter:label1\" content=\"Tiempo de lectura\" \/>\n\t<meta name=\"twitter:data1\" content=\"10 minutos\" \/>\n<script type=\"application\/ld+json\" class=\"yoast-schema-graph\">{\"@context\":\"https:\/\/schema.org\",\"@graph\":[{\"@type\":\"WebPage\",\"@id\":\"https:\/\/actbr.com.br\/es\/producto\/medidor-de-vazao-de-engrenagem-vc-kracht\/\",\"url\":\"https:\/\/actbr.com.br\/es\/producto\/medidor-de-vazao-de-engrenagem-vc-kracht\/\",\"name\":\"Medidor de Vaz\u00e3o de Engrenagem VC (Kracht) - ACT Sistemas Hidr\u00e1ulicos\",\"isPartOf\":{\"@id\":\"https:\/\/actbr.com.br\/es\/#website\"},\"primaryImageOfPage\":{\"@id\":\"https:\/\/actbr.com.br\/es\/producto\/medidor-de-vazao-de-engrenagem-vc-kracht\/#primaryimage\"},\"image\":{\"@id\":\"https:\/\/actbr.com.br\/es\/producto\/medidor-de-vazao-de-engrenagem-vc-kracht\/#primaryimage\"},\"thumbnailUrl\":\"https:\/\/actbr.com.br\/wp-content\/uploads\/2020\/09\/Medidor-de-vazao-tipo-engrenagem-\u2013-VC-Kracht.jpg\",\"datePublished\":\"2020-09-29T15:46:40+00:00\",\"dateModified\":\"2023-10-31T19:19:12+00:00\",\"description\":\"Encontre aqui as configura\u00e7\u00f5es dispon\u00edveis para solicitar o Medidor de Fluxo KRACHT \u2013 S\u00e9rie VC.\",\"breadcrumb\":{\"@id\":\"https:\/\/actbr.com.br\/es\/producto\/medidor-de-vazao-de-engrenagem-vc-kracht\/#breadcrumb\"},\"inLanguage\":\"es\",\"potentialAction\":[{\"@type\":\"ReadAction\",\"target\":[\"https:\/\/actbr.com.br\/es\/producto\/medidor-de-vazao-de-engrenagem-vc-kracht\/\"]}]},{\"@type\":\"ImageObject\",\"inLanguage\":\"es\",\"@id\":\"https:\/\/actbr.com.br\/es\/producto\/medidor-de-vazao-de-engrenagem-vc-kracht\/#primaryimage\",\"url\":\"https:\/\/actbr.com.br\/wp-content\/uploads\/2020\/09\/Medidor-de-vazao-tipo-engrenagem-\u2013-VC-Kracht.jpg\",\"contentUrl\":\"https:\/\/actbr.com.br\/wp-content\/uploads\/2020\/09\/Medidor-de-vazao-tipo-engrenagem-\u2013-VC-Kracht.jpg\",\"width\":500,\"height\":345,\"caption\":\"Medidor de vaz\u00e3o tipo engrenagem \u2013 VC (Kracht)\"},{\"@type\":\"BreadcrumbList\",\"@id\":\"https:\/\/actbr.com.br\/es\/producto\/medidor-de-vazao-de-engrenagem-vc-kracht\/#breadcrumb\",\"itemListElement\":[{\"@type\":\"ListItem\",\"position\":1,\"name\":\"Comenzar\",\"item\":\"https:\/\/actbr.com.br\/es\/\"},{\"@type\":\"ListItem\",\"position\":2,\"name\":\"Produtos\",\"item\":\"https:\/\/actbr.com.br\/produtos-act\/\"},{\"@type\":\"ListItem\",\"position\":3,\"name\":\"Instrumenta\u00e7\u00e3o\",\"item\":\"https:\/\/actbr.com.br\/es\/categoria-produto\/instrumentacao\/\"},{\"@type\":\"ListItem\",\"position\":4,\"name\":\"Medidor de vaz\u00e3o\",\"item\":\"https:\/\/actbr.com.br\/es\/categoria-produto\/instrumentacao\/medidor-de-vazao\/\"},{\"@type\":\"ListItem\",\"position\":5,\"name\":\"Medidor de Vaz\u00e3o de Engrenagem VC (Kracht)\"}]},{\"@type\":\"WebSite\",\"@id\":\"https:\/\/actbr.com.br\/es\/#website\",\"url\":\"https:\/\/actbr.com.br\/es\/\",\"name\":\"ACT Sistemas Hidr\u00e1ulicos\",\"description\":\"Fabricaci\u00f3n y mantenimiento de componentes de aceite hidr\u00e1ulico\",\"publisher\":{\"@id\":\"https:\/\/actbr.com.br\/es\/#organization\"},\"potentialAction\":[{\"@type\":\"SearchAction\",\"target\":{\"@type\":\"EntryPoint\",\"urlTemplate\":\"https:\/\/actbr.com.br\/es\/?s={search_term_string}\"},\"query-input\":{\"@type\":\"PropertyValueSpecification\",\"valueRequired\":true,\"valueName\":\"search_term_string\"}}],\"inLanguage\":\"es\"},{\"@type\":\"Organization\",\"@id\":\"https:\/\/actbr.com.br\/es\/#organization\",\"name\":\"ACT Sistemas Hidr\u00e1ulicos\",\"url\":\"https:\/\/actbr.com.br\/es\/\",\"logo\":{\"@type\":\"ImageObject\",\"inLanguage\":\"es\",\"@id\":\"https:\/\/actbr.com.br\/es\/#\/schema\/logo\/image\/\",\"url\":\"https:\/\/actbr.com.br\/wp-content\/uploads\/2025\/02\/cropped-ACT_NEGATIVO-marca-dagua.png\",\"contentUrl\":\"https:\/\/actbr.com.br\/wp-content\/uploads\/2025\/02\/cropped-ACT_NEGATIVO-marca-dagua.png\",\"width\":240,\"height\":146,\"caption\":\"ACT Sistemas Hidr\u00e1ulicos\"},\"image\":{\"@id\":\"https:\/\/actbr.com.br\/es\/#\/schema\/logo\/image\/\"}}]}<\/script>\n<!-- \/ Yoast SEO plugin. -->","yoast_head_json":{"title":"Medidor de Vaz\u00e3o de Engrenagem VC (Kracht) - ACT Sistemas Hidr\u00e1ulicos","description":"Encontre aqui as configura\u00e7\u00f5es dispon\u00edveis para solicitar o Medidor de Fluxo KRACHT \u2013 S\u00e9rie VC.","robots":{"index":"index","follow":"follow","max-snippet":"max-snippet:-1","max-image-preview":"max-image-preview:large","max-video-preview":"max-video-preview:-1"},"canonical":"https:\/\/actbr.com.br\/es\/producto\/medidor-de-vazao-de-engrenagem-vc-kracht\/","og_locale":"es_ES","og_type":"article","og_title":"Medidor de Vaz\u00e3o de Engrenagem VC (Kracht) - ACT Sistemas Hidr\u00e1ulicos","og_description":"Encontre aqui as configura\u00e7\u00f5es dispon\u00edveis para solicitar o Medidor de Fluxo KRACHT \u2013 S\u00e9rie VC.","og_url":"https:\/\/actbr.com.br\/es\/producto\/medidor-de-vazao-de-engrenagem-vc-kracht\/","og_site_name":"ACT Sistemas Hidr\u00e1ulicos","article_modified_time":"2023-10-31T19:19:12+00:00","og_image":[{"width":500,"height":345,"url":"https:\/\/actbr.com.br\/wp-content\/uploads\/2020\/09\/Medidor-de-vazao-tipo-engrenagem-\u2013-VC-Kracht.jpg","type":"image\/jpeg"}],"twitter_card":"summary_large_image","twitter_misc":{"Tiempo de lectura":"10 minutos"},"schema":{"@context":"https:\/\/schema.org","@graph":[{"@type":"WebPage","@id":"https:\/\/actbr.com.br\/es\/producto\/medidor-de-vazao-de-engrenagem-vc-kracht\/","url":"https:\/\/actbr.com.br\/es\/producto\/medidor-de-vazao-de-engrenagem-vc-kracht\/","name":"Medidor de Vaz\u00e3o de Engrenagem VC (Kracht) - ACT Sistemas Hidr\u00e1ulicos","isPartOf":{"@id":"https:\/\/actbr.com.br\/es\/#website"},"primaryImageOfPage":{"@id":"https:\/\/actbr.com.br\/es\/producto\/medidor-de-vazao-de-engrenagem-vc-kracht\/#primaryimage"},"image":{"@id":"https:\/\/actbr.com.br\/es\/producto\/medidor-de-vazao-de-engrenagem-vc-kracht\/#primaryimage"},"thumbnailUrl":"https:\/\/actbr.com.br\/wp-content\/uploads\/2020\/09\/Medidor-de-vazao-tipo-engrenagem-\u2013-VC-Kracht.jpg","datePublished":"2020-09-29T15:46:40+00:00","dateModified":"2023-10-31T19:19:12+00:00","description":"Encontre aqui as configura\u00e7\u00f5es dispon\u00edveis para solicitar o Medidor de Fluxo KRACHT \u2013 S\u00e9rie VC.","breadcrumb":{"@id":"https:\/\/actbr.com.br\/es\/producto\/medidor-de-vazao-de-engrenagem-vc-kracht\/#breadcrumb"},"inLanguage":"es","potentialAction":[{"@type":"ReadAction","target":["https:\/\/actbr.com.br\/es\/producto\/medidor-de-vazao-de-engrenagem-vc-kracht\/"]}]},{"@type":"ImageObject","inLanguage":"es","@id":"https:\/\/actbr.com.br\/es\/producto\/medidor-de-vazao-de-engrenagem-vc-kracht\/#primaryimage","url":"https:\/\/actbr.com.br\/wp-content\/uploads\/2020\/09\/Medidor-de-vazao-tipo-engrenagem-\u2013-VC-Kracht.jpg","contentUrl":"https:\/\/actbr.com.br\/wp-content\/uploads\/2020\/09\/Medidor-de-vazao-tipo-engrenagem-\u2013-VC-Kracht.jpg","width":500,"height":345,"caption":"Medidor de vaz\u00e3o tipo engrenagem \u2013 VC (Kracht)"},{"@type":"BreadcrumbList","@id":"https:\/\/actbr.com.br\/es\/producto\/medidor-de-vazao-de-engrenagem-vc-kracht\/#breadcrumb","itemListElement":[{"@type":"ListItem","position":1,"name":"Comenzar","item":"https:\/\/actbr.com.br\/es\/"},{"@type":"ListItem","position":2,"name":"Produtos","item":"https:\/\/actbr.com.br\/produtos-act\/"},{"@type":"ListItem","position":3,"name":"Instrumenta\u00e7\u00e3o","item":"https:\/\/actbr.com.br\/es\/categoria-produto\/instrumentacao\/"},{"@type":"ListItem","position":4,"name":"Medidor de vaz\u00e3o","item":"https:\/\/actbr.com.br\/es\/categoria-produto\/instrumentacao\/medidor-de-vazao\/"},{"@type":"ListItem","position":5,"name":"Medidor de Vaz\u00e3o de Engrenagem VC (Kracht)"}]},{"@type":"WebSite","@id":"https:\/\/actbr.com.br\/es\/#website","url":"https:\/\/actbr.com.br\/es\/","name":"ACT Sistemas Hidr\u00e1ulicos","description":"Fabricaci\u00f3n y mantenimiento de componentes de aceite hidr\u00e1ulico","publisher":{"@id":"https:\/\/actbr.com.br\/es\/#organization"},"potentialAction":[{"@type":"SearchAction","target":{"@type":"EntryPoint","urlTemplate":"https:\/\/actbr.com.br\/es\/?s={search_term_string}"},"query-input":{"@type":"PropertyValueSpecification","valueRequired":true,"valueName":"search_term_string"}}],"inLanguage":"es"},{"@type":"Organization","@id":"https:\/\/actbr.com.br\/es\/#organization","name":"ACT Sistemas Hidr\u00e1ulicos","url":"https:\/\/actbr.com.br\/es\/","logo":{"@type":"ImageObject","inLanguage":"es","@id":"https:\/\/actbr.com.br\/es\/#\/schema\/logo\/image\/","url":"https:\/\/actbr.com.br\/wp-content\/uploads\/2025\/02\/cropped-ACT_NEGATIVO-marca-dagua.png","contentUrl":"https:\/\/actbr.com.br\/wp-content\/uploads\/2025\/02\/cropped-ACT_NEGATIVO-marca-dagua.png","width":240,"height":146,"caption":"ACT Sistemas Hidr\u00e1ulicos"},"image":{"@id":"https:\/\/actbr.com.br\/es\/#\/schema\/logo\/image\/"}}]}},"_links":{"self":[{"href":"https:\/\/actbr.com.br\/es\/wp-json\/wp\/v2\/product\/3927","targetHints":{"allow":["GET"]}}],"collection":[{"href":"https:\/\/actbr.com.br\/es\/wp-json\/wp\/v2\/product"}],"about":[{"href":"https:\/\/actbr.com.br\/es\/wp-json\/wp\/v2\/types\/product"}],"wp:featuredmedia":[{"embeddable":true,"href":"https:\/\/actbr.com.br\/es\/wp-json\/wp\/v2\/media\/7610"}],"wp:attachment":[{"href":"https:\/\/actbr.com.br\/es\/wp-json\/wp\/v2\/media?parent=3927"}],"wp:term":[{"taxonomy":"product_brand","embeddable":true,"href":"https:\/\/actbr.com.br\/es\/wp-json\/wp\/v2\/product_brand?post=3927"},{"taxonomy":"product_cat","embeddable":true,"href":"https:\/\/actbr.com.br\/es\/wp-json\/wp\/v2\/product_cat?post=3927"},{"taxonomy":"product_tag","embeddable":true,"href":"https:\/\/actbr.com.br\/es\/wp-json\/wp\/v2\/product_tag?post=3927"}],"curies":[{"name":"wp","href":"https:\/\/api.w.org\/{rel}","templated":true}]}}