{"id":3939,"date":"2020-09-29T12:46:40","date_gmt":"2020-09-29T15:46:40","guid":{"rendered":"https:\/\/actbr.com.br\/produto\/valvula-de-alivio-de-pressao-spv-spvf-kracht\/"},"modified":"2023-10-06T16:35:21","modified_gmt":"2023-10-06T19:35:21","slug":"valvula-reguladora-de-pressao-tipo-alivio-em-linha-spv-spvf","status":"publish","type":"product","link":"https:\/\/actbr.com.br\/es\/producto\/valvula-reguladora-de-pressao-tipo-alivio-em-linha-spv-spvf\/","title":{"rendered":"V\u00e1lvula Reguladora de press\u00e3o tipo al\u00edvio em linha SPV SPVF"},"content":{"rendered":"<p><strong>V\u00e1lvula de Al\u00edvio de Press\u00e3o SPV SPVF KRACHT<\/strong><\/p>\n<p>A V\u00e1lvula de Al\u00edvio de Press\u00e3o SPV SPVF da KRACHT \u00e9 adequada para aplica\u00e7\u00f5es hidr\u00e1ulicas (oleodutos), protegendo todos os componentes do sistema.<\/p>\n<p>Dispon\u00edveis nos tamanhos NG10, NG20, NG25, NG32, NG40, NG50, NG80 e atende as respectivas vaz\u00f5es: 40, 90, 90, 450, 450, 550 e 800 litros por minuto, atuando numa janela de press\u00e3o entre: 0,5 a 30 bar.<\/p>\n<p>Como solicitar:<br \/>\n<img decoding=\"async\" src=\"https:\/\/actbr.com.br\/wp-content\/uploads\/2020\/09\/spv-alivio-valvula-kracht.jpg\" alt=\"\" \/><br \/>\n<img decoding=\"async\" src=\"https:\/\/actbr.com.br\/wp-content\/uploads\/2020\/09\/spvf-alivio-kracht.jpg\" alt=\"\" \/><\/p>\n<p>Caracter\u00edsticas t\u00e9cnicas:<\/p>\n<p><img decoding=\"async\" src=\"https:\/\/actbr.com.br\/wp-content\/uploads\/2020\/09\/caracteristicas-spv-spvf-kracht.jpg\" alt=\"\" \/><\/p>\n<p>Modelos standard:<br \/>\nSPV M 10 A 1G<br \/>\nSPV M 10 B 1G<br \/>\nSPV M 10 C 1G<br \/>\nSPV M 10 D 1G<br \/>\nSPV M 10 E 1G<br \/>\nSPV M 10 F 1G<br \/>\nSPV M 10 K 1G<br \/>\nSPVF M 20 A 2F<br \/>\nSPVF M 20 B 2F<br \/>\nSPVF M 20 C 2F<br \/>\nSPVF M 20 D 2F<br \/>\nSPVF M 20 E 2F<br \/>\nSPVF M 20 F 2F<br \/>\nSPVF M 20 K 2F<br \/>\nSPVF M 25 A 2F<br \/>\nSPVF M 25 B 2F<br \/>\nSPVF M 25 C 2F<br \/>\nSPVF M 25 D 2F<br \/>\nSPVF M 25 E 2F<br \/>\nSPVF M 25 F 2F<br \/>\nSPVF M 25 K 2F<br \/>\nSPVF M 32 A 2F<br \/>\nSPVF M 32 B 2F<br \/>\nSPVF M 32 C 2F<br \/>\nSPVF M 32 D 2F<br \/>\nSPVF M 32 E 2F<br \/>\nSPVF M 32 F 2F<br \/>\nSPVF M 32 K 2F<br \/>\nSPVF M 40 A 2F<br \/>\nSPVF M 40 B 2F<br \/>\nSPVF M 40 C 2F<br \/>\nSPVF M 40 D 2F<br \/>\nSPVF M 40 E 2F<br \/>\nSPVF M 40 F 2F<br \/>\nSPVF M 40 K 2F<br \/>\nSPVF M 50 A 2F<br \/>\nSPVF M 50 B 2F<br \/>\nSPVF M 50 C 2F<br \/>\nSPVF M 50 D 2F<br \/>\nSPVF M 50 E 2F<br \/>\nSPVF M 50 F 2F<br \/>\nSPVF M 50 K 2F<br \/>\nSPVF M 80 A 2F<br \/>\nSPVF M 80 B 2F<br \/>\nSPVF M 80 C 2F<br \/>\nSPVF M 80 D 2F<br \/>\nSPVF M 80 E 2F<br \/>\nSPVF M 80 F 2F<br \/>\nSPVF M 20 K 1G<br \/>\nSPVF M 20 A 1G<br \/>\nSPVF M 20 B 1G<br \/>\nSPVF M 20 C 1G<br \/>\nSPVF M 20 D 1G<br \/>\nSPVF M 20 E 1G<br \/>\nSPVF M 20 F 1G<br \/>\nSPVF M 20 K 1G<br \/>\nSPVF M 25 A 1G<br \/>\nSPVF M 25 B 1G<br \/>\nSPVF M 25 C 1G<br \/>\nSPVF M 25 D 1G<br \/>\nSPVF M 25 E 1G<br \/>\nSPVF M 25 F 1G<br \/>\nSPVF M 25 K 1G<br \/>\nSPVF M 32 A 1G<br \/>\nSPVF M 32 B 1G<br \/>\nSPVF M 32 C 1G<br \/>\nSPVF M 32 D 1G<br \/>\nSPVF M 32 E 1G<br \/>\nSPVF M 32 F 1G<br \/>\nSPVF M 32 K 1G<br \/>\nSPVF M 40 A 1G<br \/>\nSPVF M 40 B 1G<br \/>\nSPVF M 40 C 1G<br \/>\nSPVF M 40 D 1G<br \/>\nSPVF M 40 E 1G<br \/>\nSPVF M 40 F 1G<br \/>\nSPVF M 40 K 1G<br \/>\nSPVF M 50 A 1G<br \/>\nSPVF M 50 B 1G<br \/>\nSPVF M 50 C 1G<br \/>\nSPVF M 50 D 1G<br \/>\nSPVF M 50 E 1G<br \/>\nSPVF M 50 F 1G<br \/>\nSPVF M 50 K 1G<br \/>\nSPVF M 80 A 1G<br \/>\nSPVF M 80 B 1G<br \/>\nSPVF M 80 C 1G<br \/>\nSPVF M 80 D 1G<br \/>\nSPVF M 80 E 1G<br \/>\nSPVF M 80 F 1G<br \/>\nSPVF M 20 K 1G<\/p>\n","protected":false},"excerpt":{"rendered":"<p>A V\u00e1lvula de Al\u00edvio de Press\u00e3o SPV SPVF da KRACHT \u00e9 adequada para aplica\u00e7\u00f5es hidr\u00e1ulicas (oleodutos), protegendo todos os componentes do sistema.<\/p>\n<p>&nbsp;<\/p>\n","protected":false},"featured_media":8356,"template":"","meta":[],"product_brand":[],"product_cat":[51,50],"product_tag":[],"class_list":{"0":"post-3939","1":"product","2":"type-product","3":"status-publish","4":"has-post-thumbnail","6":"product_cat-linha-reguladora-de-pressao-alivio","7":"product_cat-valvulas-em-linha","9":"first","10":"instock","11":"virtual","12":"product-type-simple"},"yoast_head":"<!-- This site is optimized with the Yoast SEO plugin v27.2 - https:\/\/yoast.com\/product\/yoast-seo-wordpress\/ -->\n<title>V\u00e1lvula Reguladora de press\u00e3o tipo al\u00edvio em linha SPV SPVF - ACT Sistemas Hidr\u00e1ulicos<\/title>\n<meta name=\"description\" content=\"A V\u00e1lvula de Al\u00edvio de Press\u00e3o SPV SPVF da KRACHT \u00e9 adequada para aplica\u00e7\u00f5es hidr\u00e1ulicas (oleodutos), protegendo todos os componentes do sistema.\" \/>\n<meta name=\"robots\" content=\"index, follow, max-snippet:-1, max-image-preview:large, max-video-preview:-1\" \/>\n<link rel=\"canonical\" href=\"https:\/\/actbr.com.br\/es\/producto\/valvula-reguladora-de-pressao-tipo-alivio-em-linha-spv-spvf\/\" \/>\n<meta property=\"og:locale\" content=\"es_ES\" \/>\n<meta property=\"og:type\" content=\"article\" \/>\n<meta property=\"og:title\" content=\"V\u00e1lvula Reguladora de press\u00e3o tipo al\u00edvio em linha SPV SPVF - ACT Sistemas Hidr\u00e1ulicos\" \/>\n<meta property=\"og:description\" content=\"A V\u00e1lvula de Al\u00edvio de Press\u00e3o SPV SPVF da KRACHT \u00e9 adequada para aplica\u00e7\u00f5es hidr\u00e1ulicas (oleodutos), protegendo todos os componentes do sistema.\" \/>\n<meta property=\"og:url\" content=\"https:\/\/actbr.com.br\/es\/producto\/valvula-reguladora-de-pressao-tipo-alivio-em-linha-spv-spvf\/\" \/>\n<meta property=\"og:site_name\" content=\"ACT Sistemas Hidr\u00e1ulicos\" \/>\n<meta property=\"article:modified_time\" content=\"2023-10-06T19:35:21+00:00\" \/>\n<meta property=\"og:image\" content=\"https:\/\/actbr.com.br\/wp-content\/uploads\/2020\/09\/SPV.jpg\" \/>\n\t<meta property=\"og:image:width\" content=\"329\" \/>\n\t<meta property=\"og:image:height\" content=\"700\" \/>\n\t<meta property=\"og:image:type\" content=\"image\/jpeg\" \/>\n<meta name=\"twitter:card\" content=\"summary_large_image\" \/>\n<meta name=\"twitter:label1\" content=\"Tiempo de lectura\" \/>\n\t<meta name=\"twitter:data1\" content=\"4 minutos\" \/>\n<script type=\"application\/ld+json\" class=\"yoast-schema-graph\">{\"@context\":\"https:\/\/schema.org\",\"@graph\":[{\"@type\":\"WebPage\",\"@id\":\"https:\/\/actbr.com.br\/es\/producto\/valvula-reguladora-de-pressao-tipo-alivio-em-linha-spv-spvf\/\",\"url\":\"https:\/\/actbr.com.br\/es\/producto\/valvula-reguladora-de-pressao-tipo-alivio-em-linha-spv-spvf\/\",\"name\":\"V\u00e1lvula Reguladora de press\u00e3o tipo al\u00edvio em linha SPV SPVF - ACT Sistemas Hidr\u00e1ulicos\",\"isPartOf\":{\"@id\":\"https:\/\/actbr.com.br\/es\/#website\"},\"primaryImageOfPage\":{\"@id\":\"https:\/\/actbr.com.br\/es\/producto\/valvula-reguladora-de-pressao-tipo-alivio-em-linha-spv-spvf\/#primaryimage\"},\"image\":{\"@id\":\"https:\/\/actbr.com.br\/es\/producto\/valvula-reguladora-de-pressao-tipo-alivio-em-linha-spv-spvf\/#primaryimage\"},\"thumbnailUrl\":\"https:\/\/actbr.com.br\/wp-content\/uploads\/2020\/09\/SPV.jpg\",\"datePublished\":\"2020-09-29T15:46:40+00:00\",\"dateModified\":\"2023-10-06T19:35:21+00:00\",\"description\":\"A V\u00e1lvula de Al\u00edvio de Press\u00e3o SPV SPVF da KRACHT \u00e9 adequada para aplica\u00e7\u00f5es hidr\u00e1ulicas (oleodutos), protegendo todos os componentes do sistema.\",\"breadcrumb\":{\"@id\":\"https:\/\/actbr.com.br\/es\/producto\/valvula-reguladora-de-pressao-tipo-alivio-em-linha-spv-spvf\/#breadcrumb\"},\"inLanguage\":\"es\",\"potentialAction\":[{\"@type\":\"ReadAction\",\"target\":[\"https:\/\/actbr.com.br\/es\/producto\/valvula-reguladora-de-pressao-tipo-alivio-em-linha-spv-spvf\/\"]}]},{\"@type\":\"ImageObject\",\"inLanguage\":\"es\",\"@id\":\"https:\/\/actbr.com.br\/es\/producto\/valvula-reguladora-de-pressao-tipo-alivio-em-linha-spv-spvf\/#primaryimage\",\"url\":\"https:\/\/actbr.com.br\/wp-content\/uploads\/2020\/09\/SPV.jpg\",\"contentUrl\":\"https:\/\/actbr.com.br\/wp-content\/uploads\/2020\/09\/SPV.jpg\",\"width\":329,\"height\":700,\"caption\":\"V\u00e1lvula de Al\u00edvio de Press\u00e3o SPV SPVF KRACHT\"},{\"@type\":\"BreadcrumbList\",\"@id\":\"https:\/\/actbr.com.br\/es\/producto\/valvula-reguladora-de-pressao-tipo-alivio-em-linha-spv-spvf\/#breadcrumb\",\"itemListElement\":[{\"@type\":\"ListItem\",\"position\":1,\"name\":\"Comenzar\",\"item\":\"https:\/\/actbr.com.br\/es\/\"},{\"@type\":\"ListItem\",\"position\":2,\"name\":\"Produtos\",\"item\":\"https:\/\/actbr.com.br\/produtos-act\/\"},{\"@type\":\"ListItem\",\"position\":3,\"name\":\"V\u00e1lvulas em Linha\",\"item\":\"https:\/\/actbr.com.br\/es\/categoria-produto\/valvulas-em-linha\/\"},{\"@type\":\"ListItem\",\"position\":4,\"name\":\"Reguladora de Press\u00e3o - Al\u00edvio\",\"item\":\"https:\/\/actbr.com.br\/es\/categoria-produto\/valvulas-em-linha\/linha-reguladora-de-pressao-alivio\/\"},{\"@type\":\"ListItem\",\"position\":5,\"name\":\"V\u00e1lvula Reguladora de press\u00e3o tipo al\u00edvio em linha SPV SPVF\"}]},{\"@type\":\"WebSite\",\"@id\":\"https:\/\/actbr.com.br\/es\/#website\",\"url\":\"https:\/\/actbr.com.br\/es\/\",\"name\":\"ACT Sistemas Hidr\u00e1ulicos\",\"description\":\"Fabricaci\u00f3n y mantenimiento de componentes de aceite hidr\u00e1ulico\",\"publisher\":{\"@id\":\"https:\/\/actbr.com.br\/es\/#organization\"},\"potentialAction\":[{\"@type\":\"SearchAction\",\"target\":{\"@type\":\"EntryPoint\",\"urlTemplate\":\"https:\/\/actbr.com.br\/es\/?s={search_term_string}\"},\"query-input\":{\"@type\":\"PropertyValueSpecification\",\"valueRequired\":true,\"valueName\":\"search_term_string\"}}],\"inLanguage\":\"es\"},{\"@type\":\"Organization\",\"@id\":\"https:\/\/actbr.com.br\/es\/#organization\",\"name\":\"ACT Sistemas Hidr\u00e1ulicos\",\"url\":\"https:\/\/actbr.com.br\/es\/\",\"logo\":{\"@type\":\"ImageObject\",\"inLanguage\":\"es\",\"@id\":\"https:\/\/actbr.com.br\/es\/#\/schema\/logo\/image\/\",\"url\":\"https:\/\/actbr.com.br\/wp-content\/uploads\/2025\/02\/cropped-ACT_NEGATIVO-marca-dagua.png\",\"contentUrl\":\"https:\/\/actbr.com.br\/wp-content\/uploads\/2025\/02\/cropped-ACT_NEGATIVO-marca-dagua.png\",\"width\":240,\"height\":146,\"caption\":\"ACT Sistemas Hidr\u00e1ulicos\"},\"image\":{\"@id\":\"https:\/\/actbr.com.br\/es\/#\/schema\/logo\/image\/\"}}]}<\/script>\n<!-- \/ Yoast SEO plugin. -->","yoast_head_json":{"title":"V\u00e1lvula Reguladora de press\u00e3o tipo al\u00edvio em linha SPV SPVF - ACT Sistemas Hidr\u00e1ulicos","description":"A V\u00e1lvula de Al\u00edvio de Press\u00e3o SPV SPVF da KRACHT \u00e9 adequada para aplica\u00e7\u00f5es hidr\u00e1ulicas (oleodutos), protegendo todos os componentes do sistema.","robots":{"index":"index","follow":"follow","max-snippet":"max-snippet:-1","max-image-preview":"max-image-preview:large","max-video-preview":"max-video-preview:-1"},"canonical":"https:\/\/actbr.com.br\/es\/producto\/valvula-reguladora-de-pressao-tipo-alivio-em-linha-spv-spvf\/","og_locale":"es_ES","og_type":"article","og_title":"V\u00e1lvula Reguladora de press\u00e3o tipo al\u00edvio em linha SPV SPVF - ACT Sistemas Hidr\u00e1ulicos","og_description":"A V\u00e1lvula de Al\u00edvio de Press\u00e3o SPV SPVF da KRACHT \u00e9 adequada para aplica\u00e7\u00f5es hidr\u00e1ulicas (oleodutos), protegendo todos os componentes do sistema.","og_url":"https:\/\/actbr.com.br\/es\/producto\/valvula-reguladora-de-pressao-tipo-alivio-em-linha-spv-spvf\/","og_site_name":"ACT Sistemas Hidr\u00e1ulicos","article_modified_time":"2023-10-06T19:35:21+00:00","og_image":[{"width":329,"height":700,"url":"https:\/\/actbr.com.br\/wp-content\/uploads\/2020\/09\/SPV.jpg","type":"image\/jpeg"}],"twitter_card":"summary_large_image","twitter_misc":{"Tiempo de lectura":"4 minutos"},"schema":{"@context":"https:\/\/schema.org","@graph":[{"@type":"WebPage","@id":"https:\/\/actbr.com.br\/es\/producto\/valvula-reguladora-de-pressao-tipo-alivio-em-linha-spv-spvf\/","url":"https:\/\/actbr.com.br\/es\/producto\/valvula-reguladora-de-pressao-tipo-alivio-em-linha-spv-spvf\/","name":"V\u00e1lvula Reguladora de press\u00e3o tipo al\u00edvio em linha SPV SPVF - ACT Sistemas Hidr\u00e1ulicos","isPartOf":{"@id":"https:\/\/actbr.com.br\/es\/#website"},"primaryImageOfPage":{"@id":"https:\/\/actbr.com.br\/es\/producto\/valvula-reguladora-de-pressao-tipo-alivio-em-linha-spv-spvf\/#primaryimage"},"image":{"@id":"https:\/\/actbr.com.br\/es\/producto\/valvula-reguladora-de-pressao-tipo-alivio-em-linha-spv-spvf\/#primaryimage"},"thumbnailUrl":"https:\/\/actbr.com.br\/wp-content\/uploads\/2020\/09\/SPV.jpg","datePublished":"2020-09-29T15:46:40+00:00","dateModified":"2023-10-06T19:35:21+00:00","description":"A V\u00e1lvula de Al\u00edvio de Press\u00e3o SPV SPVF da KRACHT \u00e9 adequada para aplica\u00e7\u00f5es hidr\u00e1ulicas (oleodutos), protegendo todos os componentes do sistema.","breadcrumb":{"@id":"https:\/\/actbr.com.br\/es\/producto\/valvula-reguladora-de-pressao-tipo-alivio-em-linha-spv-spvf\/#breadcrumb"},"inLanguage":"es","potentialAction":[{"@type":"ReadAction","target":["https:\/\/actbr.com.br\/es\/producto\/valvula-reguladora-de-pressao-tipo-alivio-em-linha-spv-spvf\/"]}]},{"@type":"ImageObject","inLanguage":"es","@id":"https:\/\/actbr.com.br\/es\/producto\/valvula-reguladora-de-pressao-tipo-alivio-em-linha-spv-spvf\/#primaryimage","url":"https:\/\/actbr.com.br\/wp-content\/uploads\/2020\/09\/SPV.jpg","contentUrl":"https:\/\/actbr.com.br\/wp-content\/uploads\/2020\/09\/SPV.jpg","width":329,"height":700,"caption":"V\u00e1lvula de Al\u00edvio de Press\u00e3o SPV SPVF KRACHT"},{"@type":"BreadcrumbList","@id":"https:\/\/actbr.com.br\/es\/producto\/valvula-reguladora-de-pressao-tipo-alivio-em-linha-spv-spvf\/#breadcrumb","itemListElement":[{"@type":"ListItem","position":1,"name":"Comenzar","item":"https:\/\/actbr.com.br\/es\/"},{"@type":"ListItem","position":2,"name":"Produtos","item":"https:\/\/actbr.com.br\/produtos-act\/"},{"@type":"ListItem","position":3,"name":"V\u00e1lvulas em Linha","item":"https:\/\/actbr.com.br\/es\/categoria-produto\/valvulas-em-linha\/"},{"@type":"ListItem","position":4,"name":"Reguladora de Press\u00e3o - Al\u00edvio","item":"https:\/\/actbr.com.br\/es\/categoria-produto\/valvulas-em-linha\/linha-reguladora-de-pressao-alivio\/"},{"@type":"ListItem","position":5,"name":"V\u00e1lvula Reguladora de press\u00e3o tipo al\u00edvio em linha SPV SPVF"}]},{"@type":"WebSite","@id":"https:\/\/actbr.com.br\/es\/#website","url":"https:\/\/actbr.com.br\/es\/","name":"ACT Sistemas Hidr\u00e1ulicos","description":"Fabricaci\u00f3n y mantenimiento de componentes de aceite hidr\u00e1ulico","publisher":{"@id":"https:\/\/actbr.com.br\/es\/#organization"},"potentialAction":[{"@type":"SearchAction","target":{"@type":"EntryPoint","urlTemplate":"https:\/\/actbr.com.br\/es\/?s={search_term_string}"},"query-input":{"@type":"PropertyValueSpecification","valueRequired":true,"valueName":"search_term_string"}}],"inLanguage":"es"},{"@type":"Organization","@id":"https:\/\/actbr.com.br\/es\/#organization","name":"ACT Sistemas Hidr\u00e1ulicos","url":"https:\/\/actbr.com.br\/es\/","logo":{"@type":"ImageObject","inLanguage":"es","@id":"https:\/\/actbr.com.br\/es\/#\/schema\/logo\/image\/","url":"https:\/\/actbr.com.br\/wp-content\/uploads\/2025\/02\/cropped-ACT_NEGATIVO-marca-dagua.png","contentUrl":"https:\/\/actbr.com.br\/wp-content\/uploads\/2025\/02\/cropped-ACT_NEGATIVO-marca-dagua.png","width":240,"height":146,"caption":"ACT Sistemas Hidr\u00e1ulicos"},"image":{"@id":"https:\/\/actbr.com.br\/es\/#\/schema\/logo\/image\/"}}]}},"_links":{"self":[{"href":"https:\/\/actbr.com.br\/es\/wp-json\/wp\/v2\/product\/3939","targetHints":{"allow":["GET"]}}],"collection":[{"href":"https:\/\/actbr.com.br\/es\/wp-json\/wp\/v2\/product"}],"about":[{"href":"https:\/\/actbr.com.br\/es\/wp-json\/wp\/v2\/types\/product"}],"wp:featuredmedia":[{"embeddable":true,"href":"https:\/\/actbr.com.br\/es\/wp-json\/wp\/v2\/media\/8356"}],"wp:attachment":[{"href":"https:\/\/actbr.com.br\/es\/wp-json\/wp\/v2\/media?parent=3939"}],"wp:term":[{"taxonomy":"product_brand","embeddable":true,"href":"https:\/\/actbr.com.br\/es\/wp-json\/wp\/v2\/product_brand?post=3939"},{"taxonomy":"product_cat","embeddable":true,"href":"https:\/\/actbr.com.br\/es\/wp-json\/wp\/v2\/product_cat?post=3939"},{"taxonomy":"product_tag","embeddable":true,"href":"https:\/\/actbr.com.br\/es\/wp-json\/wp\/v2\/product_tag?post=3939"}],"curies":[{"name":"wp","href":"https:\/\/api.w.org\/{rel}","templated":true}]}}