{"id":4021,"date":"2020-09-29T12:48:13","date_gmt":"2020-09-29T15:48:13","guid":{"rendered":"https:\/\/actbr.com.br\/produto\/conjunto-rotativo-para-bomba-de-palhetas-padrao-pfe-sc-pfe-52090-atos\/"},"modified":"2023-06-29T10:57:54","modified_gmt":"2023-06-29T13:57:54","slug":"conjunto-rotativo-sc-pfe-52090","status":"publish","type":"product","link":"https:\/\/actbr.com.br\/es\/producto\/conjunto-rotativo-sc-pfe-52090\/","title":{"rendered":"Conjunto Rotativo SC-PFE-52090"},"content":{"rendered":"<p><strong>Conjunto Rotativo SC-PFE-52090 ATOS<\/strong><\/p>\n<p>Conjunto rotativo para reposi\u00e7\u00e3o de bombas de palhetas de deslocamento fixo para bombas padr\u00e3o ATOS.\u00a0Os conjuntos s\u00e3o montados com extrema precis\u00e3o, proporcionando baixo n\u00edvel de ru\u00eddo e s\u00e3o projetados para elevado desempenho e durabilidade.<\/p>\n<p>Dispon\u00edveis nas s\u00e9ries PFE-31 \/ PFE-32 \/ PFE-41 \/ PFE-42 \/ PFE-51 \/ PFE-52.<\/p>\n<p>O projeto conta com mecanismo de auto compensa\u00e7\u00e3o de desgastes e folgas das palhetas, proporcionando ao sistema \u00f3tima efici\u00eancia volum\u00e9trica durante a vida \u00fatil (estabilidade volum\u00e9trica).<\/p>\n<p>Composi\u00e7\u00e3o do kit: estator, parafuso, palheta, placa lateral de press\u00e3o e veda\u00e7\u00e3o<\/p>\n<p>Refer\u00eancia SC-PFE52090 (Para bomba PFE-52090)<br \/>\nPeso bruto 7,4 kg<br \/>\nPeso l\u00edquido 7,4 kg<br \/>\nDeslocamento 90 cm3<br \/>\nCompat\u00edvel com PFE51 e PFE52<br \/>\nPress\u00e3o m\u00e1x. 250 bar<\/p>\n<div><\/div>\n","protected":false},"excerpt":{"rendered":"<p>Conjunto rotativo para reposi\u00e7\u00e3o de bombas de palhetas de deslocamento fixo para bombas padr\u00e3o ATOS.\u00a0Os conjuntos s\u00e3o montados com extrema precis\u00e3o, proporcionando baixo n\u00edvel de ru\u00eddo e s\u00e3o projetados para elevado desempenho e durabilidade.<\/p>\n","protected":false},"featured_media":7382,"template":"","meta":[],"product_brand":[],"product_cat":[119,28],"product_tag":[],"class_list":{"0":"post-4021","1":"product","2":"type-product","3":"status-publish","4":"has-post-thumbnail","6":"product_cat-bombas-de-palhetas","7":"product_cat-bombas-hidraulicas","9":"first","10":"instock","11":"virtual","12":"product-type-simple"},"yoast_head":"<!-- This site is optimized with the Yoast SEO plugin v27.2 - https:\/\/yoast.com\/product\/yoast-seo-wordpress\/ -->\n<title>Conjunto Rotativo SC-PFE-52090 - ACT Sistemas Hidr\u00e1ulicos<\/title>\n<meta name=\"description\" content=\"Os conjuntos s\u00e3o montados com extrema precis\u00e3o, proporcionando baixo n\u00edvel de ru\u00eddo e s\u00e3o projetados para elevado desempenho e durabilidade.\" \/>\n<meta name=\"robots\" content=\"index, follow, max-snippet:-1, max-image-preview:large, max-video-preview:-1\" \/>\n<link rel=\"canonical\" href=\"https:\/\/actbr.com.br\/es\/producto\/conjunto-rotativo-sc-pfe-52090\/\" \/>\n<meta property=\"og:locale\" content=\"es_ES\" \/>\n<meta property=\"og:type\" content=\"article\" \/>\n<meta property=\"og:title\" content=\"Conjunto Rotativo SC-PFE-52090 - ACT Sistemas Hidr\u00e1ulicos\" \/>\n<meta property=\"og:description\" content=\"Os conjuntos s\u00e3o montados com extrema precis\u00e3o, proporcionando baixo n\u00edvel de ru\u00eddo e s\u00e3o projetados para elevado desempenho e durabilidade.\" \/>\n<meta property=\"og:url\" content=\"https:\/\/actbr.com.br\/es\/producto\/conjunto-rotativo-sc-pfe-52090\/\" \/>\n<meta property=\"og:site_name\" content=\"ACT Sistemas Hidr\u00e1ulicos\" \/>\n<meta property=\"article:modified_time\" content=\"2023-06-29T13:57:54+00:00\" \/>\n<meta property=\"og:image\" content=\"https:\/\/actbr.com.br\/wp-content\/uploads\/2020\/09\/Conjunto-rotativo-para-bomba-de-palhetas-padrao-PFE.jpg\" \/>\n\t<meta property=\"og:image:width\" content=\"536\" \/>\n\t<meta property=\"og:image:height\" content=\"473\" \/>\n\t<meta property=\"og:image:type\" content=\"image\/jpeg\" \/>\n<meta name=\"twitter:card\" content=\"summary_large_image\" \/>\n<meta name=\"twitter:label1\" content=\"Tiempo de lectura\" \/>\n\t<meta name=\"twitter:data1\" content=\"1 minuto\" \/>\n<script type=\"application\/ld+json\" class=\"yoast-schema-graph\">{\"@context\":\"https:\/\/schema.org\",\"@graph\":[{\"@type\":\"WebPage\",\"@id\":\"https:\/\/actbr.com.br\/es\/producto\/conjunto-rotativo-sc-pfe-52090\/\",\"url\":\"https:\/\/actbr.com.br\/es\/producto\/conjunto-rotativo-sc-pfe-52090\/\",\"name\":\"Conjunto Rotativo SC-PFE-52090 - ACT Sistemas Hidr\u00e1ulicos\",\"isPartOf\":{\"@id\":\"https:\/\/actbr.com.br\/es\/#website\"},\"primaryImageOfPage\":{\"@id\":\"https:\/\/actbr.com.br\/es\/producto\/conjunto-rotativo-sc-pfe-52090\/#primaryimage\"},\"image\":{\"@id\":\"https:\/\/actbr.com.br\/es\/producto\/conjunto-rotativo-sc-pfe-52090\/#primaryimage\"},\"thumbnailUrl\":\"https:\/\/actbr.com.br\/wp-content\/uploads\/2020\/09\/Conjunto-rotativo-para-bomba-de-palhetas-padrao-PFE.jpg\",\"datePublished\":\"2020-09-29T15:48:13+00:00\",\"dateModified\":\"2023-06-29T13:57:54+00:00\",\"description\":\"Os conjuntos s\u00e3o montados com extrema precis\u00e3o, proporcionando baixo n\u00edvel de ru\u00eddo e s\u00e3o projetados para elevado desempenho e durabilidade.\",\"breadcrumb\":{\"@id\":\"https:\/\/actbr.com.br\/es\/producto\/conjunto-rotativo-sc-pfe-52090\/#breadcrumb\"},\"inLanguage\":\"es\",\"potentialAction\":[{\"@type\":\"ReadAction\",\"target\":[\"https:\/\/actbr.com.br\/es\/producto\/conjunto-rotativo-sc-pfe-52090\/\"]}]},{\"@type\":\"ImageObject\",\"inLanguage\":\"es\",\"@id\":\"https:\/\/actbr.com.br\/es\/producto\/conjunto-rotativo-sc-pfe-52090\/#primaryimage\",\"url\":\"https:\/\/actbr.com.br\/wp-content\/uploads\/2020\/09\/Conjunto-rotativo-para-bomba-de-palhetas-padrao-PFE.jpg\",\"contentUrl\":\"https:\/\/actbr.com.br\/wp-content\/uploads\/2020\/09\/Conjunto-rotativo-para-bomba-de-palhetas-padrao-PFE.jpg\",\"width\":536,\"height\":473,\"caption\":\"Conjunto rotativo para bomba de palhetas padr\u00e3o PFE\"},{\"@type\":\"BreadcrumbList\",\"@id\":\"https:\/\/actbr.com.br\/es\/producto\/conjunto-rotativo-sc-pfe-52090\/#breadcrumb\",\"itemListElement\":[{\"@type\":\"ListItem\",\"position\":1,\"name\":\"Comenzar\",\"item\":\"https:\/\/actbr.com.br\/es\/\"},{\"@type\":\"ListItem\",\"position\":2,\"name\":\"Produtos\",\"item\":\"https:\/\/actbr.com.br\/produtos-act\/\"},{\"@type\":\"ListItem\",\"position\":3,\"name\":\"Bombas Hidr\u00e1ulicas\",\"item\":\"https:\/\/actbr.com.br\/es\/categoria-produto\/bombas-hidraulicas\/\"},{\"@type\":\"ListItem\",\"position\":4,\"name\":\"Bombas de Palhetas\",\"item\":\"https:\/\/actbr.com.br\/es\/categoria-produto\/bombas-hidraulicas\/bombas-de-palhetas\/\"},{\"@type\":\"ListItem\",\"position\":5,\"name\":\"Conjunto Rotativo SC-PFE-52090\"}]},{\"@type\":\"WebSite\",\"@id\":\"https:\/\/actbr.com.br\/es\/#website\",\"url\":\"https:\/\/actbr.com.br\/es\/\",\"name\":\"ACT Sistemas Hidr\u00e1ulicos\",\"description\":\"Fabricaci\u00f3n y mantenimiento de componentes de aceite hidr\u00e1ulico\",\"publisher\":{\"@id\":\"https:\/\/actbr.com.br\/es\/#organization\"},\"potentialAction\":[{\"@type\":\"SearchAction\",\"target\":{\"@type\":\"EntryPoint\",\"urlTemplate\":\"https:\/\/actbr.com.br\/es\/?s={search_term_string}\"},\"query-input\":{\"@type\":\"PropertyValueSpecification\",\"valueRequired\":true,\"valueName\":\"search_term_string\"}}],\"inLanguage\":\"es\"},{\"@type\":\"Organization\",\"@id\":\"https:\/\/actbr.com.br\/es\/#organization\",\"name\":\"ACT Sistemas Hidr\u00e1ulicos\",\"url\":\"https:\/\/actbr.com.br\/es\/\",\"logo\":{\"@type\":\"ImageObject\",\"inLanguage\":\"es\",\"@id\":\"https:\/\/actbr.com.br\/es\/#\/schema\/logo\/image\/\",\"url\":\"https:\/\/actbr.com.br\/wp-content\/uploads\/2025\/02\/cropped-ACT_NEGATIVO-marca-dagua.png\",\"contentUrl\":\"https:\/\/actbr.com.br\/wp-content\/uploads\/2025\/02\/cropped-ACT_NEGATIVO-marca-dagua.png\",\"width\":240,\"height\":146,\"caption\":\"ACT Sistemas Hidr\u00e1ulicos\"},\"image\":{\"@id\":\"https:\/\/actbr.com.br\/es\/#\/schema\/logo\/image\/\"}}]}<\/script>\n<!-- \/ Yoast SEO plugin. -->","yoast_head_json":{"title":"Conjunto Rotativo SC-PFE-52090 - ACT Sistemas Hidr\u00e1ulicos","description":"Os conjuntos s\u00e3o montados com extrema precis\u00e3o, proporcionando baixo n\u00edvel de ru\u00eddo e s\u00e3o projetados para elevado desempenho e durabilidade.","robots":{"index":"index","follow":"follow","max-snippet":"max-snippet:-1","max-image-preview":"max-image-preview:large","max-video-preview":"max-video-preview:-1"},"canonical":"https:\/\/actbr.com.br\/es\/producto\/conjunto-rotativo-sc-pfe-52090\/","og_locale":"es_ES","og_type":"article","og_title":"Conjunto Rotativo SC-PFE-52090 - ACT Sistemas Hidr\u00e1ulicos","og_description":"Os conjuntos s\u00e3o montados com extrema precis\u00e3o, proporcionando baixo n\u00edvel de ru\u00eddo e s\u00e3o projetados para elevado desempenho e durabilidade.","og_url":"https:\/\/actbr.com.br\/es\/producto\/conjunto-rotativo-sc-pfe-52090\/","og_site_name":"ACT Sistemas Hidr\u00e1ulicos","article_modified_time":"2023-06-29T13:57:54+00:00","og_image":[{"width":536,"height":473,"url":"https:\/\/actbr.com.br\/wp-content\/uploads\/2020\/09\/Conjunto-rotativo-para-bomba-de-palhetas-padrao-PFE.jpg","type":"image\/jpeg"}],"twitter_card":"summary_large_image","twitter_misc":{"Tiempo de lectura":"1 minuto"},"schema":{"@context":"https:\/\/schema.org","@graph":[{"@type":"WebPage","@id":"https:\/\/actbr.com.br\/es\/producto\/conjunto-rotativo-sc-pfe-52090\/","url":"https:\/\/actbr.com.br\/es\/producto\/conjunto-rotativo-sc-pfe-52090\/","name":"Conjunto Rotativo SC-PFE-52090 - ACT Sistemas Hidr\u00e1ulicos","isPartOf":{"@id":"https:\/\/actbr.com.br\/es\/#website"},"primaryImageOfPage":{"@id":"https:\/\/actbr.com.br\/es\/producto\/conjunto-rotativo-sc-pfe-52090\/#primaryimage"},"image":{"@id":"https:\/\/actbr.com.br\/es\/producto\/conjunto-rotativo-sc-pfe-52090\/#primaryimage"},"thumbnailUrl":"https:\/\/actbr.com.br\/wp-content\/uploads\/2020\/09\/Conjunto-rotativo-para-bomba-de-palhetas-padrao-PFE.jpg","datePublished":"2020-09-29T15:48:13+00:00","dateModified":"2023-06-29T13:57:54+00:00","description":"Os conjuntos s\u00e3o montados com extrema precis\u00e3o, proporcionando baixo n\u00edvel de ru\u00eddo e s\u00e3o projetados para elevado desempenho e durabilidade.","breadcrumb":{"@id":"https:\/\/actbr.com.br\/es\/producto\/conjunto-rotativo-sc-pfe-52090\/#breadcrumb"},"inLanguage":"es","potentialAction":[{"@type":"ReadAction","target":["https:\/\/actbr.com.br\/es\/producto\/conjunto-rotativo-sc-pfe-52090\/"]}]},{"@type":"ImageObject","inLanguage":"es","@id":"https:\/\/actbr.com.br\/es\/producto\/conjunto-rotativo-sc-pfe-52090\/#primaryimage","url":"https:\/\/actbr.com.br\/wp-content\/uploads\/2020\/09\/Conjunto-rotativo-para-bomba-de-palhetas-padrao-PFE.jpg","contentUrl":"https:\/\/actbr.com.br\/wp-content\/uploads\/2020\/09\/Conjunto-rotativo-para-bomba-de-palhetas-padrao-PFE.jpg","width":536,"height":473,"caption":"Conjunto rotativo para bomba de palhetas padr\u00e3o PFE"},{"@type":"BreadcrumbList","@id":"https:\/\/actbr.com.br\/es\/producto\/conjunto-rotativo-sc-pfe-52090\/#breadcrumb","itemListElement":[{"@type":"ListItem","position":1,"name":"Comenzar","item":"https:\/\/actbr.com.br\/es\/"},{"@type":"ListItem","position":2,"name":"Produtos","item":"https:\/\/actbr.com.br\/produtos-act\/"},{"@type":"ListItem","position":3,"name":"Bombas Hidr\u00e1ulicas","item":"https:\/\/actbr.com.br\/es\/categoria-produto\/bombas-hidraulicas\/"},{"@type":"ListItem","position":4,"name":"Bombas de Palhetas","item":"https:\/\/actbr.com.br\/es\/categoria-produto\/bombas-hidraulicas\/bombas-de-palhetas\/"},{"@type":"ListItem","position":5,"name":"Conjunto Rotativo SC-PFE-52090"}]},{"@type":"WebSite","@id":"https:\/\/actbr.com.br\/es\/#website","url":"https:\/\/actbr.com.br\/es\/","name":"ACT Sistemas Hidr\u00e1ulicos","description":"Fabricaci\u00f3n y mantenimiento de componentes de aceite hidr\u00e1ulico","publisher":{"@id":"https:\/\/actbr.com.br\/es\/#organization"},"potentialAction":[{"@type":"SearchAction","target":{"@type":"EntryPoint","urlTemplate":"https:\/\/actbr.com.br\/es\/?s={search_term_string}"},"query-input":{"@type":"PropertyValueSpecification","valueRequired":true,"valueName":"search_term_string"}}],"inLanguage":"es"},{"@type":"Organization","@id":"https:\/\/actbr.com.br\/es\/#organization","name":"ACT Sistemas Hidr\u00e1ulicos","url":"https:\/\/actbr.com.br\/es\/","logo":{"@type":"ImageObject","inLanguage":"es","@id":"https:\/\/actbr.com.br\/es\/#\/schema\/logo\/image\/","url":"https:\/\/actbr.com.br\/wp-content\/uploads\/2025\/02\/cropped-ACT_NEGATIVO-marca-dagua.png","contentUrl":"https:\/\/actbr.com.br\/wp-content\/uploads\/2025\/02\/cropped-ACT_NEGATIVO-marca-dagua.png","width":240,"height":146,"caption":"ACT Sistemas Hidr\u00e1ulicos"},"image":{"@id":"https:\/\/actbr.com.br\/es\/#\/schema\/logo\/image\/"}}]}},"_links":{"self":[{"href":"https:\/\/actbr.com.br\/es\/wp-json\/wp\/v2\/product\/4021","targetHints":{"allow":["GET"]}}],"collection":[{"href":"https:\/\/actbr.com.br\/es\/wp-json\/wp\/v2\/product"}],"about":[{"href":"https:\/\/actbr.com.br\/es\/wp-json\/wp\/v2\/types\/product"}],"wp:featuredmedia":[{"embeddable":true,"href":"https:\/\/actbr.com.br\/es\/wp-json\/wp\/v2\/media\/7382"}],"wp:attachment":[{"href":"https:\/\/actbr.com.br\/es\/wp-json\/wp\/v2\/media?parent=4021"}],"wp:term":[{"taxonomy":"product_brand","embeddable":true,"href":"https:\/\/actbr.com.br\/es\/wp-json\/wp\/v2\/product_brand?post=4021"},{"taxonomy":"product_cat","embeddable":true,"href":"https:\/\/actbr.com.br\/es\/wp-json\/wp\/v2\/product_cat?post=4021"},{"taxonomy":"product_tag","embeddable":true,"href":"https:\/\/actbr.com.br\/es\/wp-json\/wp\/v2\/product_tag?post=4021"}],"curies":[{"name":"wp","href":"https:\/\/api.w.org\/{rel}","templated":true}]}}