{"id":4037,"date":"2020-09-29T12:48:13","date_gmt":"2020-09-29T15:48:13","guid":{"rendered":"https:\/\/actbr.com.br\/produto\/kf-0-1-s10k-p0a-0dl1-100-bomba-de-engrenagens\/"},"modified":"2023-10-05T08:18:19","modified_gmt":"2023-10-05T11:18:19","slug":"kf-0-1-s10k-p0a-0dl1-100","status":"publish","type":"product","link":"https:\/\/actbr.com.br\/es\/producto\/kf-0-1-s10k-p0a-0dl1-100\/","title":{"rendered":"KF 0\/1 S10K P0A 0DL1\/100"},"content":{"rendered":"<p>KF 0\/1 S10K P0A 0DL1\/100 (Bomba de Engrenagens)<\/p>\n<p>As bombas de engrenagens KRACHT se distinguem especialmente por sua ampla janela de trabalho e configura\u00e7\u00e3o de montagem que atende as mais exigentes aplica\u00e7\u00f5es e requisitos de sistemas complexos.<\/p>\n<p><strong>Caracter\u00edsticas do produto:<br \/>\n<\/strong>Peso l\u00edquido: 2,3 kg<\/p>\n<p><strong>Materiais:<\/strong><br \/>\nCarca\u00e7a: ferro fundido cinza EN-GJL 250;<br \/>\nTampa: Ferro fundido cinza EN-GJL 250;<br \/>\nTampa da flange: Ferro fundido cinza EN-GJL 250;<br \/>\nEngrenagens: A\u00e7o;<br \/>\nO-rings: NBR;<br \/>\nVeda\u00e7\u00e3o do eixo: Veda\u00e7\u00e3o radial simples tipo l\u00e1bio NBR;<br \/>\nRolamento: Rolamentos de mancais m\u00faltiplos P10.<\/p>\n<p><strong>Informa\u00e7\u00f5es do produto:<br \/>\n<\/strong>Deslocamento geom\u00e9trico: 1,00 cm\u00b3 \/ r;<br \/>\nSentido de rota\u00e7\u00e3o: sentido hor\u00e1rio (visto na extremidade do eixo);<br \/>\nTipo de fixa\u00e7\u00e3o: Flange KF 0 \/ &#8230;;<br \/>\nRolamento externo: n\u00e3o;<br \/>\nTipo de conex\u00e3o do tubo: Conex\u00e3o roscada G 3\/8 \u00ab;<br \/>\nPonta do eixo: cil\u00edndrica \u00f8 10mm;<br \/>\nv\u00e1lvula integrada: n\u00e3o.<\/p>\n<p><strong>Dados espec\u00edficos:<\/strong><br \/>\nPress\u00e3o operacional (lado de suc\u00e7\u00e3o): -0,4 &#8230; + 2 bar;<br \/>\nm\u00e1x. press\u00e3o de opera\u00e7\u00e3o (lado da press\u00e3o): 120 bar;<br \/>\n(dependendo da viscosidade, velocidade e pot\u00eancia);<br \/>\nTemperatura do fluido: -20\u00b0C &#8230; + 90\u00b0C;<br \/>\nTemperatura ambiente: -20\u00b0C &#8230; + 60\u00b0C;<br \/>\nViscosidade m\u00ednima: 1,4 mm\u00b2\/s (m\u00e1x. 3 bar); 6 mm\u00b2\/s (m\u00e1x. 12 bar); 12 mm\u00b2\/s (press\u00e3o operacional m\u00e1xima);<br \/>\nViscosidade m\u00e1xima: dependendo das condi\u00e7\u00f5es de suc\u00e7\u00e3o, velocidade e pot\u00eancia;<br \/>\nFaixa de velocidade: 200 &#8230; 3600 rpm (dependendo da press\u00e3o, viscosidade e pot\u00eancia);<br \/>\nMarca\u00e7\u00e3o ATEX: exec do produto. n\u00e3o corresponde \u00e0 diretiva ATEX.<\/p>\n","protected":false},"excerpt":{"rendered":"<p>As bombas de engrenagens KRACHT se distinguem especialmente por sua ampla janela de trabalho e configura\u00e7\u00e3o de montagem que atende as mais exigentes aplica\u00e7\u00f5es e requisitos de sistemas complexos.<\/p>\n","protected":false},"featured_media":7411,"template":"","meta":[],"product_brand":[],"product_cat":[29,28],"product_tag":[],"class_list":{"0":"post-4037","1":"product","2":"type-product","3":"status-publish","4":"has-post-thumbnail","6":"product_cat-engrenagens","7":"product_cat-bombas-hidraulicas","9":"first","10":"instock","11":"virtual","12":"product-type-simple"},"yoast_head":"<!-- This site is optimized with the Yoast SEO plugin v27.2 - https:\/\/yoast.com\/product\/yoast-seo-wordpress\/ -->\n<title>KF 0\/1 S10K P0A 0DL1\/100 - ACT Sistemas Hidr\u00e1ulicos<\/title>\n<meta name=\"description\" content=\"As bombas de engrenagens KRACHT se distinguem por sua ampla janela de trabalho e configura\u00e7\u00e3o de montagem, que atende a diferentes aplica\u00e7\u00f5es e requisitos.\" \/>\n<meta name=\"robots\" content=\"index, follow, max-snippet:-1, max-image-preview:large, max-video-preview:-1\" \/>\n<link rel=\"canonical\" href=\"https:\/\/actbr.com.br\/es\/producto\/kf-0-1-s10k-p0a-0dl1-100\/\" \/>\n<meta property=\"og:locale\" content=\"es_ES\" \/>\n<meta property=\"og:type\" content=\"article\" \/>\n<meta property=\"og:title\" content=\"KF 0\/1 S10K P0A 0DL1\/100 - ACT Sistemas Hidr\u00e1ulicos\" \/>\n<meta property=\"og:description\" content=\"As bombas de engrenagens KRACHT se distinguem por sua ampla janela de trabalho e configura\u00e7\u00e3o de montagem, que atende a diferentes aplica\u00e7\u00f5es e requisitos.\" \/>\n<meta property=\"og:url\" content=\"https:\/\/actbr.com.br\/es\/producto\/kf-0-1-s10k-p0a-0dl1-100\/\" \/>\n<meta property=\"og:site_name\" content=\"ACT Sistemas Hidr\u00e1ulicos\" \/>\n<meta property=\"article:modified_time\" content=\"2023-10-05T11:18:19+00:00\" \/>\n<meta property=\"og:image\" content=\"https:\/\/actbr.com.br\/wp-content\/uploads\/2020\/09\/KF-0-1-S10K-P0A-0DL1-100-Bomba-de-Engrenagens.jpg\" \/>\n\t<meta property=\"og:image:width\" content=\"1500\" \/>\n\t<meta property=\"og:image:height\" content=\"1500\" \/>\n\t<meta property=\"og:image:type\" content=\"image\/jpeg\" \/>\n<meta name=\"twitter:card\" content=\"summary_large_image\" \/>\n<meta name=\"twitter:label1\" content=\"Tiempo de lectura\" \/>\n\t<meta name=\"twitter:data1\" content=\"2 minutos\" \/>\n<script type=\"application\/ld+json\" class=\"yoast-schema-graph\">{\"@context\":\"https:\/\/schema.org\",\"@graph\":[{\"@type\":\"WebPage\",\"@id\":\"https:\/\/actbr.com.br\/es\/producto\/kf-0-1-s10k-p0a-0dl1-100\/\",\"url\":\"https:\/\/actbr.com.br\/es\/producto\/kf-0-1-s10k-p0a-0dl1-100\/\",\"name\":\"KF 0\/1 S10K P0A 0DL1\/100 - ACT Sistemas Hidr\u00e1ulicos\",\"isPartOf\":{\"@id\":\"https:\/\/actbr.com.br\/es\/#website\"},\"primaryImageOfPage\":{\"@id\":\"https:\/\/actbr.com.br\/es\/producto\/kf-0-1-s10k-p0a-0dl1-100\/#primaryimage\"},\"image\":{\"@id\":\"https:\/\/actbr.com.br\/es\/producto\/kf-0-1-s10k-p0a-0dl1-100\/#primaryimage\"},\"thumbnailUrl\":\"https:\/\/actbr.com.br\/wp-content\/uploads\/2020\/09\/KF-0-1-S10K-P0A-0DL1-100-Bomba-de-Engrenagens.jpg\",\"datePublished\":\"2020-09-29T15:48:13+00:00\",\"dateModified\":\"2023-10-05T11:18:19+00:00\",\"description\":\"As bombas de engrenagens KRACHT se distinguem por sua ampla janela de trabalho e configura\u00e7\u00e3o de montagem, que atende a diferentes aplica\u00e7\u00f5es e requisitos.\",\"breadcrumb\":{\"@id\":\"https:\/\/actbr.com.br\/es\/producto\/kf-0-1-s10k-p0a-0dl1-100\/#breadcrumb\"},\"inLanguage\":\"es\",\"potentialAction\":[{\"@type\":\"ReadAction\",\"target\":[\"https:\/\/actbr.com.br\/es\/producto\/kf-0-1-s10k-p0a-0dl1-100\/\"]}]},{\"@type\":\"ImageObject\",\"inLanguage\":\"es\",\"@id\":\"https:\/\/actbr.com.br\/es\/producto\/kf-0-1-s10k-p0a-0dl1-100\/#primaryimage\",\"url\":\"https:\/\/actbr.com.br\/wp-content\/uploads\/2020\/09\/KF-0-1-S10K-P0A-0DL1-100-Bomba-de-Engrenagens.jpg\",\"contentUrl\":\"https:\/\/actbr.com.br\/wp-content\/uploads\/2020\/09\/KF-0-1-S10K-P0A-0DL1-100-Bomba-de-Engrenagens.jpg\",\"width\":1500,\"height\":1500,\"caption\":\"KF 0-1 S10K P0A 0DL1-100 (Bomba de Engrenagens)\"},{\"@type\":\"BreadcrumbList\",\"@id\":\"https:\/\/actbr.com.br\/es\/producto\/kf-0-1-s10k-p0a-0dl1-100\/#breadcrumb\",\"itemListElement\":[{\"@type\":\"ListItem\",\"position\":1,\"name\":\"Comenzar\",\"item\":\"https:\/\/actbr.com.br\/es\/\"},{\"@type\":\"ListItem\",\"position\":2,\"name\":\"Produtos\",\"item\":\"https:\/\/actbr.com.br\/produtos-act\/\"},{\"@type\":\"ListItem\",\"position\":3,\"name\":\"Bombas Hidr\u00e1ulicas\",\"item\":\"https:\/\/actbr.com.br\/es\/categoria-produto\/bombas-hidraulicas\/\"},{\"@type\":\"ListItem\",\"position\":4,\"name\":\"KF 0\/1 S10K P0A 0DL1\/100\"}]},{\"@type\":\"WebSite\",\"@id\":\"https:\/\/actbr.com.br\/es\/#website\",\"url\":\"https:\/\/actbr.com.br\/es\/\",\"name\":\"ACT Sistemas Hidr\u00e1ulicos\",\"description\":\"Fabricaci\u00f3n y mantenimiento de componentes de aceite hidr\u00e1ulico\",\"publisher\":{\"@id\":\"https:\/\/actbr.com.br\/es\/#organization\"},\"potentialAction\":[{\"@type\":\"SearchAction\",\"target\":{\"@type\":\"EntryPoint\",\"urlTemplate\":\"https:\/\/actbr.com.br\/es\/?s={search_term_string}\"},\"query-input\":{\"@type\":\"PropertyValueSpecification\",\"valueRequired\":true,\"valueName\":\"search_term_string\"}}],\"inLanguage\":\"es\"},{\"@type\":\"Organization\",\"@id\":\"https:\/\/actbr.com.br\/es\/#organization\",\"name\":\"ACT Sistemas Hidr\u00e1ulicos\",\"url\":\"https:\/\/actbr.com.br\/es\/\",\"logo\":{\"@type\":\"ImageObject\",\"inLanguage\":\"es\",\"@id\":\"https:\/\/actbr.com.br\/es\/#\/schema\/logo\/image\/\",\"url\":\"https:\/\/actbr.com.br\/wp-content\/uploads\/2025\/02\/cropped-ACT_NEGATIVO-marca-dagua.png\",\"contentUrl\":\"https:\/\/actbr.com.br\/wp-content\/uploads\/2025\/02\/cropped-ACT_NEGATIVO-marca-dagua.png\",\"width\":240,\"height\":146,\"caption\":\"ACT Sistemas Hidr\u00e1ulicos\"},\"image\":{\"@id\":\"https:\/\/actbr.com.br\/es\/#\/schema\/logo\/image\/\"}}]}<\/script>\n<!-- \/ Yoast SEO plugin. -->","yoast_head_json":{"title":"KF 0\/1 S10K P0A 0DL1\/100 - ACT Sistemas Hidr\u00e1ulicos","description":"As bombas de engrenagens KRACHT se distinguem por sua ampla janela de trabalho e configura\u00e7\u00e3o de montagem, que atende a diferentes aplica\u00e7\u00f5es e requisitos.","robots":{"index":"index","follow":"follow","max-snippet":"max-snippet:-1","max-image-preview":"max-image-preview:large","max-video-preview":"max-video-preview:-1"},"canonical":"https:\/\/actbr.com.br\/es\/producto\/kf-0-1-s10k-p0a-0dl1-100\/","og_locale":"es_ES","og_type":"article","og_title":"KF 0\/1 S10K P0A 0DL1\/100 - ACT Sistemas Hidr\u00e1ulicos","og_description":"As bombas de engrenagens KRACHT se distinguem por sua ampla janela de trabalho e configura\u00e7\u00e3o de montagem, que atende a diferentes aplica\u00e7\u00f5es e requisitos.","og_url":"https:\/\/actbr.com.br\/es\/producto\/kf-0-1-s10k-p0a-0dl1-100\/","og_site_name":"ACT Sistemas Hidr\u00e1ulicos","article_modified_time":"2023-10-05T11:18:19+00:00","og_image":[{"width":1500,"height":1500,"url":"https:\/\/actbr.com.br\/wp-content\/uploads\/2020\/09\/KF-0-1-S10K-P0A-0DL1-100-Bomba-de-Engrenagens.jpg","type":"image\/jpeg"}],"twitter_card":"summary_large_image","twitter_misc":{"Tiempo de lectura":"2 minutos"},"schema":{"@context":"https:\/\/schema.org","@graph":[{"@type":"WebPage","@id":"https:\/\/actbr.com.br\/es\/producto\/kf-0-1-s10k-p0a-0dl1-100\/","url":"https:\/\/actbr.com.br\/es\/producto\/kf-0-1-s10k-p0a-0dl1-100\/","name":"KF 0\/1 S10K P0A 0DL1\/100 - ACT Sistemas Hidr\u00e1ulicos","isPartOf":{"@id":"https:\/\/actbr.com.br\/es\/#website"},"primaryImageOfPage":{"@id":"https:\/\/actbr.com.br\/es\/producto\/kf-0-1-s10k-p0a-0dl1-100\/#primaryimage"},"image":{"@id":"https:\/\/actbr.com.br\/es\/producto\/kf-0-1-s10k-p0a-0dl1-100\/#primaryimage"},"thumbnailUrl":"https:\/\/actbr.com.br\/wp-content\/uploads\/2020\/09\/KF-0-1-S10K-P0A-0DL1-100-Bomba-de-Engrenagens.jpg","datePublished":"2020-09-29T15:48:13+00:00","dateModified":"2023-10-05T11:18:19+00:00","description":"As bombas de engrenagens KRACHT se distinguem por sua ampla janela de trabalho e configura\u00e7\u00e3o de montagem, que atende a diferentes aplica\u00e7\u00f5es e requisitos.","breadcrumb":{"@id":"https:\/\/actbr.com.br\/es\/producto\/kf-0-1-s10k-p0a-0dl1-100\/#breadcrumb"},"inLanguage":"es","potentialAction":[{"@type":"ReadAction","target":["https:\/\/actbr.com.br\/es\/producto\/kf-0-1-s10k-p0a-0dl1-100\/"]}]},{"@type":"ImageObject","inLanguage":"es","@id":"https:\/\/actbr.com.br\/es\/producto\/kf-0-1-s10k-p0a-0dl1-100\/#primaryimage","url":"https:\/\/actbr.com.br\/wp-content\/uploads\/2020\/09\/KF-0-1-S10K-P0A-0DL1-100-Bomba-de-Engrenagens.jpg","contentUrl":"https:\/\/actbr.com.br\/wp-content\/uploads\/2020\/09\/KF-0-1-S10K-P0A-0DL1-100-Bomba-de-Engrenagens.jpg","width":1500,"height":1500,"caption":"KF 0-1 S10K P0A 0DL1-100 (Bomba de Engrenagens)"},{"@type":"BreadcrumbList","@id":"https:\/\/actbr.com.br\/es\/producto\/kf-0-1-s10k-p0a-0dl1-100\/#breadcrumb","itemListElement":[{"@type":"ListItem","position":1,"name":"Comenzar","item":"https:\/\/actbr.com.br\/es\/"},{"@type":"ListItem","position":2,"name":"Produtos","item":"https:\/\/actbr.com.br\/produtos-act\/"},{"@type":"ListItem","position":3,"name":"Bombas Hidr\u00e1ulicas","item":"https:\/\/actbr.com.br\/es\/categoria-produto\/bombas-hidraulicas\/"},{"@type":"ListItem","position":4,"name":"KF 0\/1 S10K P0A 0DL1\/100"}]},{"@type":"WebSite","@id":"https:\/\/actbr.com.br\/es\/#website","url":"https:\/\/actbr.com.br\/es\/","name":"ACT Sistemas Hidr\u00e1ulicos","description":"Fabricaci\u00f3n y mantenimiento de componentes de aceite hidr\u00e1ulico","publisher":{"@id":"https:\/\/actbr.com.br\/es\/#organization"},"potentialAction":[{"@type":"SearchAction","target":{"@type":"EntryPoint","urlTemplate":"https:\/\/actbr.com.br\/es\/?s={search_term_string}"},"query-input":{"@type":"PropertyValueSpecification","valueRequired":true,"valueName":"search_term_string"}}],"inLanguage":"es"},{"@type":"Organization","@id":"https:\/\/actbr.com.br\/es\/#organization","name":"ACT Sistemas Hidr\u00e1ulicos","url":"https:\/\/actbr.com.br\/es\/","logo":{"@type":"ImageObject","inLanguage":"es","@id":"https:\/\/actbr.com.br\/es\/#\/schema\/logo\/image\/","url":"https:\/\/actbr.com.br\/wp-content\/uploads\/2025\/02\/cropped-ACT_NEGATIVO-marca-dagua.png","contentUrl":"https:\/\/actbr.com.br\/wp-content\/uploads\/2025\/02\/cropped-ACT_NEGATIVO-marca-dagua.png","width":240,"height":146,"caption":"ACT Sistemas Hidr\u00e1ulicos"},"image":{"@id":"https:\/\/actbr.com.br\/es\/#\/schema\/logo\/image\/"}}]}},"_links":{"self":[{"href":"https:\/\/actbr.com.br\/es\/wp-json\/wp\/v2\/product\/4037","targetHints":{"allow":["GET"]}}],"collection":[{"href":"https:\/\/actbr.com.br\/es\/wp-json\/wp\/v2\/product"}],"about":[{"href":"https:\/\/actbr.com.br\/es\/wp-json\/wp\/v2\/types\/product"}],"wp:featuredmedia":[{"embeddable":true,"href":"https:\/\/actbr.com.br\/es\/wp-json\/wp\/v2\/media\/7411"}],"wp:attachment":[{"href":"https:\/\/actbr.com.br\/es\/wp-json\/wp\/v2\/media?parent=4037"}],"wp:term":[{"taxonomy":"product_brand","embeddable":true,"href":"https:\/\/actbr.com.br\/es\/wp-json\/wp\/v2\/product_brand?post=4037"},{"taxonomy":"product_cat","embeddable":true,"href":"https:\/\/actbr.com.br\/es\/wp-json\/wp\/v2\/product_cat?post=4037"},{"taxonomy":"product_tag","embeddable":true,"href":"https:\/\/actbr.com.br\/es\/wp-json\/wp\/v2\/product_tag?post=4037"}],"curies":[{"name":"wp","href":"https:\/\/api.w.org\/{rel}","templated":true}]}}