{"id":4045,"date":"2020-09-29T12:48:13","date_gmt":"2020-09-29T15:48:13","guid":{"rendered":"https:\/\/actbr.com.br\/produto\/valvula-de-retencao-lcv-10-b\/"},"modified":"2023-06-28T18:09:43","modified_gmt":"2023-06-28T21:09:43","slug":"lcv-10-b","status":"publish","type":"product","link":"https:\/\/actbr.com.br\/es\/producto\/lcv-10-b\/","title":{"rendered":"LCV-10-B"},"content":{"rendered":"<p><strong>V\u00e1lvula de Reten\u00e7\u00e3o LCV-10-B<\/strong><\/p>\n<p>A V\u00e1lvula de Reten\u00e7\u00e3o Hidr\u00e1ulica Tipo Cartucho LCV-10-B permite a passagem de fluxo de 1 para 2, bloqueando o fluxo de \u00f3leo na dire\u00e7\u00e3o oposta (de 2 para 1).<\/p>\n<p><strong>Informa\u00e7\u00f5es t\u00e9cnicas:\u00a0<\/strong><br \/>\nPress\u00e3o de opera\u00e7\u00e3o: 240 bar;<br \/>\nPress\u00e3o m\u00e1xima: 350 bar<br \/>\nVazamento interno: 0,10 ml \/ minuto (2 gotas \/ minuto) m\u00e1ximo a 240 bar;<br \/>\nTemperatura de opera\u00e7\u00e3o: -40 a 100\u00baC (com veda\u00e7\u00f5es Buna N) e -26 a 204\u00baC (com veda\u00e7\u00f5es em Viton);<br \/>\nFluidos: Minerais ou sint\u00e9ticos com propriedades lubrificantes em viscosidades de 7.4 a 420 cSt;<br \/>\nCavidade: 08-2 (VC08-2);<br \/>\nFerramenta de cavidade: CT08-2XX;<br \/>\nV\u00e1lvula tipo: Esfera (Ball);<br \/>\nVaz\u00e3o m\u00e1xima: 76 litros por minuto.<\/p>\n<p><strong>Abertura da mola (Crack):<\/strong><br \/>\n0.34 = 0,34 bar<br \/>\n1.0 = 1,0 bar<br \/>\n2.1 = 2,1 bar<br \/>\n2.8 = 2,8 bar<br \/>\n4.8 = 4,8 bar<br \/>\n6.9 = 6,9 bar<br \/>\n13.6 = 13,6 bar<br \/>\n20.4 = 20,4 bar<\/p>\n<p><span style=\"font-family: Arial;\"><span style=\"font-family: Arial;\">\u00a0<\/span><\/span><\/p>\n<h6><span style=\"font-family: Arial;\">\u00a0<\/span><\/h6>\n","protected":false},"excerpt":{"rendered":"<p>A V\u00e1lvula de Reten\u00e7\u00e3o Hidr\u00e1ulica Tipo Cartucho LCV-10-B permite a passagem de fluxo de 1 para 2, bloqueando o fluxo de \u00f3leo na dire\u00e7\u00e3o oposta (de 2 para 1).<\/p>\n","protected":false},"featured_media":6850,"template":"","meta":[],"product_brand":[],"product_cat":[33,32],"product_tag":[],"class_list":{"0":"post-4045","1":"product","2":"type-product","3":"status-publish","4":"has-post-thumbnail","6":"product_cat-retencao-simples","7":"product_cat-valvulas-insertaveis","9":"first","10":"instock","11":"virtual","12":"product-type-simple"},"yoast_head":"<!-- This site is optimized with the Yoast SEO plugin v27.5 - https:\/\/yoast.com\/product\/yoast-seo-wordpress\/ -->\n<title>LCV-10-B - ACT Sistemas Hidr\u00e1ulicos<\/title>\n<meta name=\"description\" content=\"A V\u00e1lvula de Reten\u00e7\u00e3o Tipo Cartucho LCV-10-B permite a passagem de fluxo de 1 para 2, bloqueando o fluxo de \u00f3leo na dire\u00e7\u00e3o oposta (de 2 para 1).\" \/>\n<meta name=\"robots\" content=\"index, follow, max-snippet:-1, max-image-preview:large, max-video-preview:-1\" \/>\n<link rel=\"canonical\" href=\"https:\/\/actbr.com.br\/es\/producto\/lcv-10-b\/\" \/>\n<meta property=\"og:locale\" content=\"es_ES\" \/>\n<meta property=\"og:type\" content=\"article\" \/>\n<meta property=\"og:title\" content=\"LCV-10-B - ACT Sistemas Hidr\u00e1ulicos\" \/>\n<meta property=\"og:description\" content=\"A V\u00e1lvula de Reten\u00e7\u00e3o Tipo Cartucho LCV-10-B permite a passagem de fluxo de 1 para 2, bloqueando o fluxo de \u00f3leo na dire\u00e7\u00e3o oposta (de 2 para 1).\" \/>\n<meta property=\"og:url\" content=\"https:\/\/actbr.com.br\/es\/producto\/lcv-10-b\/\" \/>\n<meta property=\"og:site_name\" content=\"ACT Sistemas Hidr\u00e1ulicos\" \/>\n<meta property=\"article:modified_time\" content=\"2023-06-28T21:09:43+00:00\" \/>\n<meta property=\"og:image\" content=\"https:\/\/actbr.com.br\/wp-content\/uploads\/2020\/09\/Valvula-de-Retencao-LCV-10-B.jpg\" \/>\n\t<meta property=\"og:image:width\" content=\"596\" \/>\n\t<meta property=\"og:image:height\" content=\"530\" \/>\n\t<meta property=\"og:image:type\" content=\"image\/jpeg\" \/>\n<meta name=\"twitter:card\" content=\"summary_large_image\" \/>\n<meta name=\"twitter:label1\" content=\"Tiempo de lectura\" \/>\n\t<meta name=\"twitter:data1\" content=\"1 minuto\" \/>\n<script type=\"application\/ld+json\" class=\"yoast-schema-graph\">{\"@context\":\"https:\\\/\\\/schema.org\",\"@graph\":[{\"@type\":\"WebPage\",\"@id\":\"https:\\\/\\\/actbr.com.br\\\/es\\\/producto\\\/lcv-10-b\\\/\",\"url\":\"https:\\\/\\\/actbr.com.br\\\/es\\\/producto\\\/lcv-10-b\\\/\",\"name\":\"LCV-10-B - ACT Sistemas Hidr\u00e1ulicos\",\"isPartOf\":{\"@id\":\"https:\\\/\\\/actbr.com.br\\\/es\\\/#website\"},\"primaryImageOfPage\":{\"@id\":\"https:\\\/\\\/actbr.com.br\\\/es\\\/producto\\\/lcv-10-b\\\/#primaryimage\"},\"image\":{\"@id\":\"https:\\\/\\\/actbr.com.br\\\/es\\\/producto\\\/lcv-10-b\\\/#primaryimage\"},\"thumbnailUrl\":\"https:\\\/\\\/actbr.com.br\\\/wp-content\\\/uploads\\\/2020\\\/09\\\/Valvula-de-Retencao-LCV-10-B.jpg\",\"datePublished\":\"2020-09-29T15:48:13+00:00\",\"dateModified\":\"2023-06-28T21:09:43+00:00\",\"description\":\"A V\u00e1lvula de Reten\u00e7\u00e3o Tipo Cartucho LCV-10-B permite a passagem de fluxo de 1 para 2, bloqueando o fluxo de \u00f3leo na dire\u00e7\u00e3o oposta (de 2 para 1).\",\"breadcrumb\":{\"@id\":\"https:\\\/\\\/actbr.com.br\\\/es\\\/producto\\\/lcv-10-b\\\/#breadcrumb\"},\"inLanguage\":\"es\",\"potentialAction\":[{\"@type\":\"ReadAction\",\"target\":[\"https:\\\/\\\/actbr.com.br\\\/es\\\/producto\\\/lcv-10-b\\\/\"]}]},{\"@type\":\"ImageObject\",\"inLanguage\":\"es\",\"@id\":\"https:\\\/\\\/actbr.com.br\\\/es\\\/producto\\\/lcv-10-b\\\/#primaryimage\",\"url\":\"https:\\\/\\\/actbr.com.br\\\/wp-content\\\/uploads\\\/2020\\\/09\\\/Valvula-de-Retencao-LCV-10-B.jpg\",\"contentUrl\":\"https:\\\/\\\/actbr.com.br\\\/wp-content\\\/uploads\\\/2020\\\/09\\\/Valvula-de-Retencao-LCV-10-B.jpg\",\"width\":596,\"height\":530},{\"@type\":\"BreadcrumbList\",\"@id\":\"https:\\\/\\\/actbr.com.br\\\/es\\\/producto\\\/lcv-10-b\\\/#breadcrumb\",\"itemListElement\":[{\"@type\":\"ListItem\",\"position\":1,\"name\":\"Comenzar\",\"item\":\"https:\\\/\\\/actbr.com.br\\\/es\\\/\"},{\"@type\":\"ListItem\",\"position\":2,\"name\":\"Produtos\",\"item\":\"https:\\\/\\\/actbr.com.br\\\/produtos-act\\\/\"},{\"@type\":\"ListItem\",\"position\":3,\"name\":\"V\u00e1lvulas Insert\u00e1veis\",\"item\":\"https:\\\/\\\/actbr.com.br\\\/es\\\/categoria-produto\\\/valvulas-insertaveis\\\/\"},{\"@type\":\"ListItem\",\"position\":4,\"name\":\"Reten\u00e7\u00e3o Simples\",\"item\":\"https:\\\/\\\/actbr.com.br\\\/es\\\/categoria-produto\\\/valvulas-insertaveis\\\/retencao-simples\\\/\"},{\"@type\":\"ListItem\",\"position\":5,\"name\":\"LCV-10-B\"}]},{\"@type\":\"WebSite\",\"@id\":\"https:\\\/\\\/actbr.com.br\\\/es\\\/#website\",\"url\":\"https:\\\/\\\/actbr.com.br\\\/es\\\/\",\"name\":\"ACT Sistemas Hidr\u00e1ulicos\",\"description\":\"Fabricaci\u00f3n y mantenimiento de componentes de aceite hidr\u00e1ulico\",\"publisher\":{\"@id\":\"https:\\\/\\\/actbr.com.br\\\/es\\\/#organization\"},\"potentialAction\":[{\"@type\":\"SearchAction\",\"target\":{\"@type\":\"EntryPoint\",\"urlTemplate\":\"https:\\\/\\\/actbr.com.br\\\/es\\\/?s={search_term_string}\"},\"query-input\":{\"@type\":\"PropertyValueSpecification\",\"valueRequired\":true,\"valueName\":\"search_term_string\"}}],\"inLanguage\":\"es\"},{\"@type\":\"Organization\",\"@id\":\"https:\\\/\\\/actbr.com.br\\\/es\\\/#organization\",\"name\":\"ACT Sistemas Hidr\u00e1ulicos\",\"url\":\"https:\\\/\\\/actbr.com.br\\\/es\\\/\",\"logo\":{\"@type\":\"ImageObject\",\"inLanguage\":\"es\",\"@id\":\"https:\\\/\\\/actbr.com.br\\\/es\\\/#\\\/schema\\\/logo\\\/image\\\/\",\"url\":\"https:\\\/\\\/actbr.com.br\\\/wp-content\\\/uploads\\\/2025\\\/02\\\/cropped-ACT_NEGATIVO-marca-dagua.png\",\"contentUrl\":\"https:\\\/\\\/actbr.com.br\\\/wp-content\\\/uploads\\\/2025\\\/02\\\/cropped-ACT_NEGATIVO-marca-dagua.png\",\"width\":240,\"height\":146,\"caption\":\"ACT Sistemas Hidr\u00e1ulicos\"},\"image\":{\"@id\":\"https:\\\/\\\/actbr.com.br\\\/es\\\/#\\\/schema\\\/logo\\\/image\\\/\"}}]}<\/script>\n<!-- \/ Yoast SEO plugin. -->","yoast_head_json":{"title":"LCV-10-B - ACT Sistemas Hidr\u00e1ulicos","description":"A V\u00e1lvula de Reten\u00e7\u00e3o Tipo Cartucho LCV-10-B permite a passagem de fluxo de 1 para 2, bloqueando o fluxo de \u00f3leo na dire\u00e7\u00e3o oposta (de 2 para 1).","robots":{"index":"index","follow":"follow","max-snippet":"max-snippet:-1","max-image-preview":"max-image-preview:large","max-video-preview":"max-video-preview:-1"},"canonical":"https:\/\/actbr.com.br\/es\/producto\/lcv-10-b\/","og_locale":"es_ES","og_type":"article","og_title":"LCV-10-B - ACT Sistemas Hidr\u00e1ulicos","og_description":"A V\u00e1lvula de Reten\u00e7\u00e3o Tipo Cartucho LCV-10-B permite a passagem de fluxo de 1 para 2, bloqueando o fluxo de \u00f3leo na dire\u00e7\u00e3o oposta (de 2 para 1).","og_url":"https:\/\/actbr.com.br\/es\/producto\/lcv-10-b\/","og_site_name":"ACT Sistemas Hidr\u00e1ulicos","article_modified_time":"2023-06-28T21:09:43+00:00","og_image":[{"width":596,"height":530,"url":"https:\/\/actbr.com.br\/wp-content\/uploads\/2020\/09\/Valvula-de-Retencao-LCV-10-B.jpg","type":"image\/jpeg"}],"twitter_card":"summary_large_image","twitter_misc":{"Tiempo de lectura":"1 minuto"},"schema":{"@context":"https:\/\/schema.org","@graph":[{"@type":"WebPage","@id":"https:\/\/actbr.com.br\/es\/producto\/lcv-10-b\/","url":"https:\/\/actbr.com.br\/es\/producto\/lcv-10-b\/","name":"LCV-10-B - ACT Sistemas Hidr\u00e1ulicos","isPartOf":{"@id":"https:\/\/actbr.com.br\/es\/#website"},"primaryImageOfPage":{"@id":"https:\/\/actbr.com.br\/es\/producto\/lcv-10-b\/#primaryimage"},"image":{"@id":"https:\/\/actbr.com.br\/es\/producto\/lcv-10-b\/#primaryimage"},"thumbnailUrl":"https:\/\/actbr.com.br\/wp-content\/uploads\/2020\/09\/Valvula-de-Retencao-LCV-10-B.jpg","datePublished":"2020-09-29T15:48:13+00:00","dateModified":"2023-06-28T21:09:43+00:00","description":"A V\u00e1lvula de Reten\u00e7\u00e3o Tipo Cartucho LCV-10-B permite a passagem de fluxo de 1 para 2, bloqueando o fluxo de \u00f3leo na dire\u00e7\u00e3o oposta (de 2 para 1).","breadcrumb":{"@id":"https:\/\/actbr.com.br\/es\/producto\/lcv-10-b\/#breadcrumb"},"inLanguage":"es","potentialAction":[{"@type":"ReadAction","target":["https:\/\/actbr.com.br\/es\/producto\/lcv-10-b\/"]}]},{"@type":"ImageObject","inLanguage":"es","@id":"https:\/\/actbr.com.br\/es\/producto\/lcv-10-b\/#primaryimage","url":"https:\/\/actbr.com.br\/wp-content\/uploads\/2020\/09\/Valvula-de-Retencao-LCV-10-B.jpg","contentUrl":"https:\/\/actbr.com.br\/wp-content\/uploads\/2020\/09\/Valvula-de-Retencao-LCV-10-B.jpg","width":596,"height":530},{"@type":"BreadcrumbList","@id":"https:\/\/actbr.com.br\/es\/producto\/lcv-10-b\/#breadcrumb","itemListElement":[{"@type":"ListItem","position":1,"name":"Comenzar","item":"https:\/\/actbr.com.br\/es\/"},{"@type":"ListItem","position":2,"name":"Produtos","item":"https:\/\/actbr.com.br\/produtos-act\/"},{"@type":"ListItem","position":3,"name":"V\u00e1lvulas Insert\u00e1veis","item":"https:\/\/actbr.com.br\/es\/categoria-produto\/valvulas-insertaveis\/"},{"@type":"ListItem","position":4,"name":"Reten\u00e7\u00e3o Simples","item":"https:\/\/actbr.com.br\/es\/categoria-produto\/valvulas-insertaveis\/retencao-simples\/"},{"@type":"ListItem","position":5,"name":"LCV-10-B"}]},{"@type":"WebSite","@id":"https:\/\/actbr.com.br\/es\/#website","url":"https:\/\/actbr.com.br\/es\/","name":"ACT Sistemas Hidr\u00e1ulicos","description":"Fabricaci\u00f3n y mantenimiento de componentes de aceite hidr\u00e1ulico","publisher":{"@id":"https:\/\/actbr.com.br\/es\/#organization"},"potentialAction":[{"@type":"SearchAction","target":{"@type":"EntryPoint","urlTemplate":"https:\/\/actbr.com.br\/es\/?s={search_term_string}"},"query-input":{"@type":"PropertyValueSpecification","valueRequired":true,"valueName":"search_term_string"}}],"inLanguage":"es"},{"@type":"Organization","@id":"https:\/\/actbr.com.br\/es\/#organization","name":"ACT Sistemas Hidr\u00e1ulicos","url":"https:\/\/actbr.com.br\/es\/","logo":{"@type":"ImageObject","inLanguage":"es","@id":"https:\/\/actbr.com.br\/es\/#\/schema\/logo\/image\/","url":"https:\/\/actbr.com.br\/wp-content\/uploads\/2025\/02\/cropped-ACT_NEGATIVO-marca-dagua.png","contentUrl":"https:\/\/actbr.com.br\/wp-content\/uploads\/2025\/02\/cropped-ACT_NEGATIVO-marca-dagua.png","width":240,"height":146,"caption":"ACT Sistemas Hidr\u00e1ulicos"},"image":{"@id":"https:\/\/actbr.com.br\/es\/#\/schema\/logo\/image\/"}}]}},"_links":{"self":[{"href":"https:\/\/actbr.com.br\/es\/wp-json\/wp\/v2\/product\/4045","targetHints":{"allow":["GET"]}}],"collection":[{"href":"https:\/\/actbr.com.br\/es\/wp-json\/wp\/v2\/product"}],"about":[{"href":"https:\/\/actbr.com.br\/es\/wp-json\/wp\/v2\/types\/product"}],"wp:featuredmedia":[{"embeddable":true,"href":"https:\/\/actbr.com.br\/es\/wp-json\/wp\/v2\/media\/6850"}],"wp:attachment":[{"href":"https:\/\/actbr.com.br\/es\/wp-json\/wp\/v2\/media?parent=4045"}],"wp:term":[{"taxonomy":"product_brand","embeddable":true,"href":"https:\/\/actbr.com.br\/es\/wp-json\/wp\/v2\/product_brand?post=4045"},{"taxonomy":"product_cat","embeddable":true,"href":"https:\/\/actbr.com.br\/es\/wp-json\/wp\/v2\/product_cat?post=4045"},{"taxonomy":"product_tag","embeddable":true,"href":"https:\/\/actbr.com.br\/es\/wp-json\/wp\/v2\/product_tag?post=4045"}],"curies":[{"name":"wp","href":"https:\/\/api.w.org\/{rel}","templated":true}]}}