{"id":4078,"date":"2020-09-29T12:48:47","date_gmt":"2020-09-29T15:48:47","guid":{"rendered":"https:\/\/actbr.com.br\/produto\/base-para-conector-eletrico-formato-a\/"},"modified":"2023-06-29T14:06:42","modified_gmt":"2023-06-29T17:06:42","slug":"base-para-conector-a-2p-t","status":"publish","type":"product","link":"https:\/\/actbr.com.br\/es\/producto\/base-para-conector-a-2p-t\/","title":{"rendered":"Base para Conector A-2P-T"},"content":{"rendered":"<p><strong>Base para Conector A-2P-T<\/strong><\/p>\n<p>Base para Conector El\u00e9trico Formato A-2P-Terra<\/p>\n<p>A Base para Conector A-2P-T \u00e9 uma base para conectores el\u00e9tricos com 2 terminais mais pino para fio terra. Dispon\u00edvel na cor preta, segue o padr\u00e3o EN 175301-803-A (DIN 43650-A).<\/p>\n<p><strong>Caracter\u00edsticas:<\/strong><\/p>\n<p>Modelo do produto: BCON-P-2-2P+T;<br \/>\nN\u00famero de terminais: 2 + Terra;<br \/>\nFixa\u00e7\u00e3o: Parafuso central (0.4Nm);<br \/>\nClasse de prote\u00e7\u00e3o:\u00a0IP65;<br \/>\nVida mec\u00e2nica: 50 ciclos de acoplamento;<br \/>\nFonte de alimenta\u00e7\u00e3o: DC e AC;<br \/>\nTens\u00e3o nominal: 0 ~ 380V;<br \/>\nCorrente nominal (40\u00b0C): 2A, 10A;<br \/>\nCor: Preto;<br \/>\nMaterial do soquete:\u00a0PA;<br \/>\nPadr\u00e3o: EN 175301-803-A (DIN 43650-A).<\/p>\n","protected":false},"excerpt":{"rendered":"<p>A Base para Conector A-2P-T \u00e9 uma base para conectores el\u00e9tricos com 2 terminais mais pino para fio terra. Dispon\u00edvel na cor preta.<\/p>\n<p>&nbsp;<\/p>\n<p>&nbsp;<\/p>\n","protected":false},"featured_media":8369,"template":"","meta":[],"product_brand":[],"product_cat":[37,121],"product_tag":[],"class_list":{"0":"post-4078","1":"product","2":"type-product","3":"status-publish","4":"has-post-thumbnail","6":"product_cat-avulsos","7":"product_cat-base-para-conector-eletrico","9":"first","10":"instock","11":"virtual","12":"product-type-simple"},"yoast_head":"<!-- This site is optimized with the Yoast SEO plugin v27.5 - https:\/\/yoast.com\/product\/yoast-seo-wordpress\/ -->\n<title>Base para Conector A-2P-T - ACT Sistemas Hidr\u00e1ulicos<\/title>\n<meta name=\"description\" content=\"A Base para Conector A-2P-T \u00e9 uma base para conectores el\u00e9tricos com 2 terminais mais pino para fio terra. Dispon\u00edvel na cor preta.\" \/>\n<meta name=\"robots\" content=\"index, follow, max-snippet:-1, max-image-preview:large, max-video-preview:-1\" \/>\n<link rel=\"canonical\" href=\"https:\/\/actbr.com.br\/es\/producto\/base-para-conector-a-2p-t\/\" \/>\n<meta property=\"og:locale\" content=\"es_ES\" \/>\n<meta property=\"og:type\" content=\"article\" \/>\n<meta property=\"og:title\" content=\"Base para Conector A-2P-T - ACT Sistemas Hidr\u00e1ulicos\" \/>\n<meta property=\"og:description\" content=\"A Base para Conector A-2P-T \u00e9 uma base para conectores el\u00e9tricos com 2 terminais mais pino para fio terra. Dispon\u00edvel na cor preta.\" \/>\n<meta property=\"og:url\" content=\"https:\/\/actbr.com.br\/es\/producto\/base-para-conector-a-2p-t\/\" \/>\n<meta property=\"og:site_name\" content=\"ACT Sistemas Hidr\u00e1ulicos\" \/>\n<meta property=\"article:modified_time\" content=\"2023-06-29T17:06:42+00:00\" \/>\n<meta property=\"og:image\" content=\"https:\/\/actbr.com.br\/wp-content\/uploads\/2020\/09\/Base-para-conector-eletrico-Formato-A-\u2013-2P-T.jpg\" \/>\n\t<meta property=\"og:image:width\" content=\"600\" \/>\n\t<meta property=\"og:image:height\" content=\"406\" \/>\n\t<meta property=\"og:image:type\" content=\"image\/jpeg\" \/>\n<meta name=\"twitter:card\" content=\"summary_large_image\" \/>\n<meta name=\"twitter:label1\" content=\"Tiempo de lectura\" \/>\n\t<meta name=\"twitter:data1\" content=\"1 minuto\" \/>\n<script type=\"application\/ld+json\" class=\"yoast-schema-graph\">{\"@context\":\"https:\\\/\\\/schema.org\",\"@graph\":[{\"@type\":\"WebPage\",\"@id\":\"https:\\\/\\\/actbr.com.br\\\/es\\\/producto\\\/base-para-conector-a-2p-t\\\/\",\"url\":\"https:\\\/\\\/actbr.com.br\\\/es\\\/producto\\\/base-para-conector-a-2p-t\\\/\",\"name\":\"Base para Conector A-2P-T - ACT Sistemas Hidr\u00e1ulicos\",\"isPartOf\":{\"@id\":\"https:\\\/\\\/actbr.com.br\\\/es\\\/#website\"},\"primaryImageOfPage\":{\"@id\":\"https:\\\/\\\/actbr.com.br\\\/es\\\/producto\\\/base-para-conector-a-2p-t\\\/#primaryimage\"},\"image\":{\"@id\":\"https:\\\/\\\/actbr.com.br\\\/es\\\/producto\\\/base-para-conector-a-2p-t\\\/#primaryimage\"},\"thumbnailUrl\":\"https:\\\/\\\/actbr.com.br\\\/wp-content\\\/uploads\\\/2020\\\/09\\\/Base-para-conector-eletrico-Formato-A-\u2013-2P-T.jpg\",\"datePublished\":\"2020-09-29T15:48:47+00:00\",\"dateModified\":\"2023-06-29T17:06:42+00:00\",\"description\":\"A Base para Conector A-2P-T \u00e9 uma base para conectores el\u00e9tricos com 2 terminais mais pino para fio terra. Dispon\u00edvel na cor preta.\",\"breadcrumb\":{\"@id\":\"https:\\\/\\\/actbr.com.br\\\/es\\\/producto\\\/base-para-conector-a-2p-t\\\/#breadcrumb\"},\"inLanguage\":\"es\",\"potentialAction\":[{\"@type\":\"ReadAction\",\"target\":[\"https:\\\/\\\/actbr.com.br\\\/es\\\/producto\\\/base-para-conector-a-2p-t\\\/\"]}]},{\"@type\":\"ImageObject\",\"inLanguage\":\"es\",\"@id\":\"https:\\\/\\\/actbr.com.br\\\/es\\\/producto\\\/base-para-conector-a-2p-t\\\/#primaryimage\",\"url\":\"https:\\\/\\\/actbr.com.br\\\/wp-content\\\/uploads\\\/2020\\\/09\\\/Base-para-conector-eletrico-Formato-A-\u2013-2P-T.jpg\",\"contentUrl\":\"https:\\\/\\\/actbr.com.br\\\/wp-content\\\/uploads\\\/2020\\\/09\\\/Base-para-conector-eletrico-Formato-A-\u2013-2P-T.jpg\",\"width\":600,\"height\":406,\"caption\":\"Base para Conector A-2P-T\"},{\"@type\":\"BreadcrumbList\",\"@id\":\"https:\\\/\\\/actbr.com.br\\\/es\\\/producto\\\/base-para-conector-a-2p-t\\\/#breadcrumb\",\"itemListElement\":[{\"@type\":\"ListItem\",\"position\":1,\"name\":\"Comenzar\",\"item\":\"https:\\\/\\\/actbr.com.br\\\/es\\\/\"},{\"@type\":\"ListItem\",\"position\":2,\"name\":\"Produtos\",\"item\":\"https:\\\/\\\/actbr.com.br\\\/produtos-act\\\/\"},{\"@type\":\"ListItem\",\"position\":3,\"name\":\"Avulsos\",\"item\":\"https:\\\/\\\/actbr.com.br\\\/es\\\/categoria-produto\\\/avulsos\\\/\"},{\"@type\":\"ListItem\",\"position\":4,\"name\":\"Base para conector el\u00e9trico\",\"item\":\"https:\\\/\\\/actbr.com.br\\\/es\\\/categoria-produto\\\/avulsos\\\/base-para-conector-eletrico\\\/\"},{\"@type\":\"ListItem\",\"position\":5,\"name\":\"Base para Conector A-2P-T\"}]},{\"@type\":\"WebSite\",\"@id\":\"https:\\\/\\\/actbr.com.br\\\/es\\\/#website\",\"url\":\"https:\\\/\\\/actbr.com.br\\\/es\\\/\",\"name\":\"ACT Sistemas Hidr\u00e1ulicos\",\"description\":\"Fabricaci\u00f3n y mantenimiento de componentes de aceite hidr\u00e1ulico\",\"publisher\":{\"@id\":\"https:\\\/\\\/actbr.com.br\\\/es\\\/#organization\"},\"potentialAction\":[{\"@type\":\"SearchAction\",\"target\":{\"@type\":\"EntryPoint\",\"urlTemplate\":\"https:\\\/\\\/actbr.com.br\\\/es\\\/?s={search_term_string}\"},\"query-input\":{\"@type\":\"PropertyValueSpecification\",\"valueRequired\":true,\"valueName\":\"search_term_string\"}}],\"inLanguage\":\"es\"},{\"@type\":\"Organization\",\"@id\":\"https:\\\/\\\/actbr.com.br\\\/es\\\/#organization\",\"name\":\"ACT Sistemas Hidr\u00e1ulicos\",\"url\":\"https:\\\/\\\/actbr.com.br\\\/es\\\/\",\"logo\":{\"@type\":\"ImageObject\",\"inLanguage\":\"es\",\"@id\":\"https:\\\/\\\/actbr.com.br\\\/es\\\/#\\\/schema\\\/logo\\\/image\\\/\",\"url\":\"https:\\\/\\\/actbr.com.br\\\/wp-content\\\/uploads\\\/2025\\\/02\\\/cropped-ACT_NEGATIVO-marca-dagua.png\",\"contentUrl\":\"https:\\\/\\\/actbr.com.br\\\/wp-content\\\/uploads\\\/2025\\\/02\\\/cropped-ACT_NEGATIVO-marca-dagua.png\",\"width\":240,\"height\":146,\"caption\":\"ACT Sistemas Hidr\u00e1ulicos\"},\"image\":{\"@id\":\"https:\\\/\\\/actbr.com.br\\\/es\\\/#\\\/schema\\\/logo\\\/image\\\/\"}}]}<\/script>\n<!-- \/ Yoast SEO plugin. -->","yoast_head_json":{"title":"Base para Conector A-2P-T - ACT Sistemas Hidr\u00e1ulicos","description":"A Base para Conector A-2P-T \u00e9 uma base para conectores el\u00e9tricos com 2 terminais mais pino para fio terra. Dispon\u00edvel na cor preta.","robots":{"index":"index","follow":"follow","max-snippet":"max-snippet:-1","max-image-preview":"max-image-preview:large","max-video-preview":"max-video-preview:-1"},"canonical":"https:\/\/actbr.com.br\/es\/producto\/base-para-conector-a-2p-t\/","og_locale":"es_ES","og_type":"article","og_title":"Base para Conector A-2P-T - ACT Sistemas Hidr\u00e1ulicos","og_description":"A Base para Conector A-2P-T \u00e9 uma base para conectores el\u00e9tricos com 2 terminais mais pino para fio terra. Dispon\u00edvel na cor preta.","og_url":"https:\/\/actbr.com.br\/es\/producto\/base-para-conector-a-2p-t\/","og_site_name":"ACT Sistemas Hidr\u00e1ulicos","article_modified_time":"2023-06-29T17:06:42+00:00","og_image":[{"width":600,"height":406,"url":"https:\/\/actbr.com.br\/wp-content\/uploads\/2020\/09\/Base-para-conector-eletrico-Formato-A-\u2013-2P-T.jpg","type":"image\/jpeg"}],"twitter_card":"summary_large_image","twitter_misc":{"Tiempo de lectura":"1 minuto"},"schema":{"@context":"https:\/\/schema.org","@graph":[{"@type":"WebPage","@id":"https:\/\/actbr.com.br\/es\/producto\/base-para-conector-a-2p-t\/","url":"https:\/\/actbr.com.br\/es\/producto\/base-para-conector-a-2p-t\/","name":"Base para Conector A-2P-T - ACT Sistemas Hidr\u00e1ulicos","isPartOf":{"@id":"https:\/\/actbr.com.br\/es\/#website"},"primaryImageOfPage":{"@id":"https:\/\/actbr.com.br\/es\/producto\/base-para-conector-a-2p-t\/#primaryimage"},"image":{"@id":"https:\/\/actbr.com.br\/es\/producto\/base-para-conector-a-2p-t\/#primaryimage"},"thumbnailUrl":"https:\/\/actbr.com.br\/wp-content\/uploads\/2020\/09\/Base-para-conector-eletrico-Formato-A-\u2013-2P-T.jpg","datePublished":"2020-09-29T15:48:47+00:00","dateModified":"2023-06-29T17:06:42+00:00","description":"A Base para Conector A-2P-T \u00e9 uma base para conectores el\u00e9tricos com 2 terminais mais pino para fio terra. Dispon\u00edvel na cor preta.","breadcrumb":{"@id":"https:\/\/actbr.com.br\/es\/producto\/base-para-conector-a-2p-t\/#breadcrumb"},"inLanguage":"es","potentialAction":[{"@type":"ReadAction","target":["https:\/\/actbr.com.br\/es\/producto\/base-para-conector-a-2p-t\/"]}]},{"@type":"ImageObject","inLanguage":"es","@id":"https:\/\/actbr.com.br\/es\/producto\/base-para-conector-a-2p-t\/#primaryimage","url":"https:\/\/actbr.com.br\/wp-content\/uploads\/2020\/09\/Base-para-conector-eletrico-Formato-A-\u2013-2P-T.jpg","contentUrl":"https:\/\/actbr.com.br\/wp-content\/uploads\/2020\/09\/Base-para-conector-eletrico-Formato-A-\u2013-2P-T.jpg","width":600,"height":406,"caption":"Base para Conector A-2P-T"},{"@type":"BreadcrumbList","@id":"https:\/\/actbr.com.br\/es\/producto\/base-para-conector-a-2p-t\/#breadcrumb","itemListElement":[{"@type":"ListItem","position":1,"name":"Comenzar","item":"https:\/\/actbr.com.br\/es\/"},{"@type":"ListItem","position":2,"name":"Produtos","item":"https:\/\/actbr.com.br\/produtos-act\/"},{"@type":"ListItem","position":3,"name":"Avulsos","item":"https:\/\/actbr.com.br\/es\/categoria-produto\/avulsos\/"},{"@type":"ListItem","position":4,"name":"Base para conector el\u00e9trico","item":"https:\/\/actbr.com.br\/es\/categoria-produto\/avulsos\/base-para-conector-eletrico\/"},{"@type":"ListItem","position":5,"name":"Base para Conector A-2P-T"}]},{"@type":"WebSite","@id":"https:\/\/actbr.com.br\/es\/#website","url":"https:\/\/actbr.com.br\/es\/","name":"ACT Sistemas Hidr\u00e1ulicos","description":"Fabricaci\u00f3n y mantenimiento de componentes de aceite hidr\u00e1ulico","publisher":{"@id":"https:\/\/actbr.com.br\/es\/#organization"},"potentialAction":[{"@type":"SearchAction","target":{"@type":"EntryPoint","urlTemplate":"https:\/\/actbr.com.br\/es\/?s={search_term_string}"},"query-input":{"@type":"PropertyValueSpecification","valueRequired":true,"valueName":"search_term_string"}}],"inLanguage":"es"},{"@type":"Organization","@id":"https:\/\/actbr.com.br\/es\/#organization","name":"ACT Sistemas Hidr\u00e1ulicos","url":"https:\/\/actbr.com.br\/es\/","logo":{"@type":"ImageObject","inLanguage":"es","@id":"https:\/\/actbr.com.br\/es\/#\/schema\/logo\/image\/","url":"https:\/\/actbr.com.br\/wp-content\/uploads\/2025\/02\/cropped-ACT_NEGATIVO-marca-dagua.png","contentUrl":"https:\/\/actbr.com.br\/wp-content\/uploads\/2025\/02\/cropped-ACT_NEGATIVO-marca-dagua.png","width":240,"height":146,"caption":"ACT Sistemas Hidr\u00e1ulicos"},"image":{"@id":"https:\/\/actbr.com.br\/es\/#\/schema\/logo\/image\/"}}]}},"_links":{"self":[{"href":"https:\/\/actbr.com.br\/es\/wp-json\/wp\/v2\/product\/4078","targetHints":{"allow":["GET"]}}],"collection":[{"href":"https:\/\/actbr.com.br\/es\/wp-json\/wp\/v2\/product"}],"about":[{"href":"https:\/\/actbr.com.br\/es\/wp-json\/wp\/v2\/types\/product"}],"wp:featuredmedia":[{"embeddable":true,"href":"https:\/\/actbr.com.br\/es\/wp-json\/wp\/v2\/media\/8369"}],"wp:attachment":[{"href":"https:\/\/actbr.com.br\/es\/wp-json\/wp\/v2\/media?parent=4078"}],"wp:term":[{"taxonomy":"product_brand","embeddable":true,"href":"https:\/\/actbr.com.br\/es\/wp-json\/wp\/v2\/product_brand?post=4078"},{"taxonomy":"product_cat","embeddable":true,"href":"https:\/\/actbr.com.br\/es\/wp-json\/wp\/v2\/product_cat?post=4078"},{"taxonomy":"product_tag","embeddable":true,"href":"https:\/\/actbr.com.br\/es\/wp-json\/wp\/v2\/product_tag?post=4078"}],"curies":[{"name":"wp","href":"https:\/\/api.w.org\/{rel}","templated":true}]}}